{"id":7352,"date":"2022-02-26T15:30:06","date_gmt":"2022-02-26T15:30:06","guid":{"rendered":"https:\/\/iberoid-shop.com\/?post_type=product&#038;p=7352"},"modified":"2024-12-05T21:37:30","modified_gmt":"2024-12-05T21:37:30","slug":"pack3-norditropin-nordiflex-45iu-15-mg-pen","status":"publish","type":"product","link":"https:\/\/iberoid-shop.com\/it\/product\/pack3-norditropin-nordiflex-45iu-15-mg-pen\/","title":{"rendered":"PACK3-NORDITROPIN 45IU(15MG)"},"content":{"rendered":"<p><strong>NORDITROPIN 45IU (15MG) HGH\u00a0 NORDIFLEX PENNA<\/strong><\/p>\n<p>La norditropina \u00e8 una forma di ormone della crescita umano. L&#8217;HGH \u00e8 importante per la crescita di ossa e muscoli ed \u00e8 usato per trattare l&#8217;insufficienza della crescita nei bambini e negli adulti privi di HGH naturale e in quelli con insufficienza renale cronica, sindrome di Noonan, sindrome di Turner, sindrome di Prader-Willi, bassa statura alla nascita con nessuna crescita di recupero e altre cause. La somatropina \u00e8 anche usata per prevenire una grave perdita di peso nelle persone con AIDS o per trattare la sindrome dell&#8217;intestino corto.<\/p>\n<p><strong>Dosaggio di norditropina;<\/strong><\/p>\n<p>Il dosaggio di HGH per gli adulti dipende da quali obiettivi verranno utilizzati. Per bruciare i grassi, il dosaggio dovrebbe essere di 2-3 UI al giorno, per la costruzione muscolare e bruciare i grassi 4-10 UI al giorno. Per il massimo beneficio, HGH pu\u00f2 essere combinato con Testosterone.<\/p>\n<p><strong>Vantaggi di Norditropin;<\/strong><\/p>\n<ul>\n<li>\nNorditropin aiuta ad aumentare il processo di rigenerazione cellulare nel corpo. Le nuove cellule sono gli elementi costitutivi della vita e, in questo caso, sono necessarie per aiutare.<\/li>\n<li>Mantenere l&#8217;integrit\u00e0 dei sistemi muscolari e scheletrici del corpo.<\/li>\n<li>Norditropin aiuta anche a rafforzare il sistema immunitario rendendo il corpo meno suscettibile a raffreddori e virus.<\/li>\n<li>Le prestazioni sessuali, una maggiore resistenza e livelli di energia pi\u00f9 elevati sono ulteriori vantaggi di Norditropin per gli adulti.<\/li>\n<li>Un aumento del rischio di demenza e morbo di Alzheimer \u00e8 possibile nei casi di declino dell&#8217;ormone della crescita umano.<\/li>\n<li>La maggior parte delle persone segnala cambiamenti positivi nell&#8217;umore e nelle prospettive entro tre settimane dall&#8217;inizio delle iniezioni di Norditropin.<\/li>\n<li>Promuove la crescita muscolare<\/li>\n<li>Azione anti-catabolica &#8211; inibisce la disgregazione muscolare<\/li>\n<li>Riduce il grasso corporeo<\/li>\n<li>Regola il consumo di energia<\/li>\n<li>Accelera la guarigione delle ferite<\/li>\n<\/ul>\n<p><\/p>","protected":false},"excerpt":{"rendered":"<p>NORDITROPIN 45IU (15MG) HGH\u00a0 NORDIFLEX PENNA La norditropina \u00e8 una forma di ormone della crescita umano. L&#8217;HGH \u00e8 importante per<\/p>\n","protected":false},"featured_media":7353,"comment_status":"open","ping_status":"closed","template":"","meta":[],"product_brand":[],"product_cat":[76,3474],"product_tag":[],"class_list":{"0":"post-7352","1":"product","2":"type-product","3":"status-publish","4":"has-post-thumbnail","6":"product_cat-hgh_peptido","7":"product_cat-packs","9":"first","10":"outofstock","11":"sale","12":"shipping-taxable","13":"purchasable","14":"product-type-simple"},"yoast_head":"<!-- This site is optimized with the Yoast SEO Premium plugin v24.4 (Yoast SEO v27.3) - https:\/\/yoast.com\/product\/yoast-seo-premium-wordpress\/ -->\n<title>PACK3-NORDITROPIN 45IU(15MG) - Steroidi in linea<\/title>\n<meta name=\"robots\" content=\"index, follow, max-snippet:-1, max-image-preview:large, max-video-preview:-1\" \/>\n<link rel=\"canonical\" href=\"https:\/\/iberoid-shop.com\/it\/product\/pack3-norditropin-nordiflex-45iu-15-mg-pen\/\" \/>\n<meta property=\"og:locale\" content=\"it_IT\" \/>\n<meta property=\"og:type\" content=\"article\" \/>\n<meta property=\"og:title\" content=\"PACK3-NORDITROPIN 45IU(15MG)\" \/>\n<meta property=\"og:description\" content=\"NORDITROPIN 45IU (15MG) HGH\u00a0 NORDIFLEX PENNA La norditropina \u00e8 una forma di ormone della crescita umano. L&#8217;HGH \u00e8 importante per\" \/>\n<meta property=\"og:url\" content=\"https:\/\/iberoid-shop.com\/it\/product\/pack3-norditropin-nordiflex-45iu-15-mg-pen\/\" \/>\n<meta property=\"og:site_name\" content=\"Steroidi in linea\" \/>\n<meta property=\"article:modified_time\" content=\"2024-12-05T21:37:30+00:00\" \/>\n<meta property=\"og:image\" content=\"https:\/\/iberoid-shop.com\/wp-content\/uploads\/2022\/02\/nordi15-1.webp\" \/>\n\t<meta property=\"og:image:width\" content=\"1023\" \/>\n\t<meta property=\"og:image:height\" content=\"768\" \/>\n\t<meta property=\"og:image:type\" content=\"image\/webp\" \/>\n<meta name=\"twitter:card\" content=\"summary_large_image\" \/>\n<meta name=\"twitter:label1\" content=\"Prezzo\" \/>\n\t<meta name=\"twitter:data1\" content=\"&euro;350.00\" \/>\n\t<meta name=\"twitter:label2\" content=\"Disponibilit\u00e0\" \/>\n\t<meta name=\"twitter:data2\" content=\"Esaurito\" \/>\n<script type=\"application\/ld+json\" class=\"yoast-schema-graph\">{\"@context\":\"https:\\\/\\\/schema.org\",\"@graph\":[{\"@type\":\"WebPage\",\"@id\":\"https:\\\/\\\/iberoid-shop.com\\\/it\\\/product\\\/pack3-norditropin-nordiflex-45iu-15-mg-pen\\\/\",\"url\":\"https:\\\/\\\/iberoid-shop.com\\\/it\\\/product\\\/pack3-norditropin-nordiflex-45iu-15-mg-pen\\\/\",\"name\":\"PACK3-NORDITROPIN 45IU(15MG) - Steroidi in linea\",\"isPartOf\":{\"@id\":\"https:\\\/\\\/iberoid-shop.com\\\/it\\\/#website\"},\"primaryImageOfPage\":{\"@id\":\"https:\\\/\\\/iberoid-shop.com\\\/it\\\/product\\\/pack3-norditropin-nordiflex-45iu-15-mg-pen\\\/#primaryimage\"},\"image\":{\"@id\":\"https:\\\/\\\/iberoid-shop.com\\\/it\\\/product\\\/pack3-norditropin-nordiflex-45iu-15-mg-pen\\\/#primaryimage\"},\"thumbnailUrl\":\"https:\\\/\\\/iberoid-shop.com\\\/wp-content\\\/uploads\\\/2022\\\/02\\\/nordi15-1.webp\",\"datePublished\":\"2022-02-26T15:30:06+00:00\",\"dateModified\":\"2024-12-05T21:37:30+00:00\",\"breadcrumb\":{\"@id\":\"https:\\\/\\\/iberoid-shop.com\\\/it\\\/product\\\/pack3-norditropin-nordiflex-45iu-15-mg-pen\\\/#breadcrumb\"},\"inLanguage\":\"it-IT\",\"potentialAction\":[{\"@type\":\"ReadAction\",\"target\":[[\"https:\\\/\\\/iberoid-shop.com\\\/it\\\/product\\\/pack3-norditropin-nordiflex-45iu-15-mg-pen\\\/\"]]}]},{\"@type\":\"ImageObject\",\"inLanguage\":\"it-IT\",\"@id\":\"https:\\\/\\\/iberoid-shop.com\\\/it\\\/product\\\/pack3-norditropin-nordiflex-45iu-15-mg-pen\\\/#primaryimage\",\"url\":\"https:\\\/\\\/iberoid-shop.com\\\/wp-content\\\/uploads\\\/2022\\\/02\\\/nordi15-1.webp\",\"contentUrl\":\"https:\\\/\\\/iberoid-shop.com\\\/wp-content\\\/uploads\\\/2022\\\/02\\\/nordi15-1.webp\",\"width\":1023,\"height\":768},{\"@type\":\"BreadcrumbList\",\"@id\":\"https:\\\/\\\/iberoid-shop.com\\\/it\\\/product\\\/pack3-norditropin-nordiflex-45iu-15-mg-pen\\\/#breadcrumb\",\"itemListElement\":[{\"@type\":\"ListItem\",\"position\":1,\"name\":\"Portada\",\"item\":\"https:\\\/\\\/iberoid-shop.com\\\/it\\\/\"},{\"@type\":\"ListItem\",\"position\":2,\"name\":\"Negozio\",\"item\":\"https:\\\/\\\/iberoid-shop.com\\\/it\\\/shop\\\/\"},{\"@type\":\"ListItem\",\"position\":3,\"name\":\"PACK3-NORDITROPIN 45IU(15MG)\"}]},{\"@type\":\"WebSite\",\"@id\":\"https:\\\/\\\/iberoid-shop.com\\\/it\\\/#website\",\"url\":\"https:\\\/\\\/iberoid-shop.com\\\/it\\\/\",\"name\":\"Steroidi in linea\",\"description\":\"Acquista steroidi online oggi in Spagna e Portogallo. Abbiamo il miglior servizio clienti del settore e prodotti di altissima qualit\u00e0\",\"potentialAction\":[{\"@type\":\"SearchAction\",\"target\":{\"@type\":\"EntryPoint\",\"urlTemplate\":\"https:\\\/\\\/iberoid-shop.com\\\/it\\\/?s={search_term_string}\"},\"query-input\":{\"@type\":\"PropertyValueSpecification\",\"valueRequired\":true,\"valueName\":\"search_term_string\"}}],\"inLanguage\":\"it-IT\"}]}<\/script>\n<meta property=\"product:price:amount\" content=\"350.00\" \/>\n<meta property=\"product:price:currency\" content=\"EUR\" \/>\n<meta property=\"og:availability\" content=\"out of stock\" \/>\n<meta property=\"product:availability\" content=\"out of stock\" \/>\n<meta property=\"product:condition\" content=\"new\" \/>\n<!-- \/ Yoast SEO Premium plugin. -->","yoast_head_json":{"title":"PACK3-NORDITROPIN 45IU(15MG) - Steroidi in linea","robots":{"index":"index","follow":"follow","max-snippet":"max-snippet:-1","max-image-preview":"max-image-preview:large","max-video-preview":"max-video-preview:-1"},"canonical":"https:\/\/iberoid-shop.com\/it\/product\/pack3-norditropin-nordiflex-45iu-15-mg-pen\/","og_locale":"it_IT","og_type":"article","og_title":"PACK3-NORDITROPIN 45IU(15MG)","og_description":"NORDITROPIN 45IU (15MG) HGH\u00a0 NORDIFLEX PENNA La norditropina \u00e8 una forma di ormone della crescita umano. L&#8217;HGH \u00e8 importante per","og_url":"https:\/\/iberoid-shop.com\/it\/product\/pack3-norditropin-nordiflex-45iu-15-mg-pen\/","og_site_name":"Steroidi in linea","article_modified_time":"2024-12-05T21:37:30+00:00","og_image":[{"width":1023,"height":768,"url":"https:\/\/iberoid-shop.com\/wp-content\/uploads\/2022\/02\/nordi15-1.webp","type":"image\/webp"}],"twitter_card":"summary_large_image","twitter_misc":{"Prezzo":"&euro;350.00","Disponibilit\u00e0":"Esaurito"},"schema":{"@context":"https:\/\/schema.org","@graph":[{"@type":"WebPage","@id":"https:\/\/iberoid-shop.com\/it\/product\/pack3-norditropin-nordiflex-45iu-15-mg-pen\/","url":"https:\/\/iberoid-shop.com\/it\/product\/pack3-norditropin-nordiflex-45iu-15-mg-pen\/","name":"PACK3-NORDITROPIN 45IU(15MG) - Steroidi in linea","isPartOf":{"@id":"https:\/\/iberoid-shop.com\/it\/#website"},"primaryImageOfPage":{"@id":"https:\/\/iberoid-shop.com\/it\/product\/pack3-norditropin-nordiflex-45iu-15-mg-pen\/#primaryimage"},"image":{"@id":"https:\/\/iberoid-shop.com\/it\/product\/pack3-norditropin-nordiflex-45iu-15-mg-pen\/#primaryimage"},"thumbnailUrl":"https:\/\/iberoid-shop.com\/wp-content\/uploads\/2022\/02\/nordi15-1.webp","datePublished":"2022-02-26T15:30:06+00:00","dateModified":"2024-12-05T21:37:30+00:00","breadcrumb":{"@id":"https:\/\/iberoid-shop.com\/it\/product\/pack3-norditropin-nordiflex-45iu-15-mg-pen\/#breadcrumb"},"inLanguage":"it-IT","potentialAction":[{"@type":"ReadAction","target":[["https:\/\/iberoid-shop.com\/it\/product\/pack3-norditropin-nordiflex-45iu-15-mg-pen\/"]]}]},{"@type":"ImageObject","inLanguage":"it-IT","@id":"https:\/\/iberoid-shop.com\/it\/product\/pack3-norditropin-nordiflex-45iu-15-mg-pen\/#primaryimage","url":"https:\/\/iberoid-shop.com\/wp-content\/uploads\/2022\/02\/nordi15-1.webp","contentUrl":"https:\/\/iberoid-shop.com\/wp-content\/uploads\/2022\/02\/nordi15-1.webp","width":1023,"height":768},{"@type":"BreadcrumbList","@id":"https:\/\/iberoid-shop.com\/it\/product\/pack3-norditropin-nordiflex-45iu-15-mg-pen\/#breadcrumb","itemListElement":[{"@type":"ListItem","position":1,"name":"Portada","item":"https:\/\/iberoid-shop.com\/it\/"},{"@type":"ListItem","position":2,"name":"Negozio","item":"https:\/\/iberoid-shop.com\/it\/shop\/"},{"@type":"ListItem","position":3,"name":"PACK3-NORDITROPIN 45IU(15MG)"}]},{"@type":"WebSite","@id":"https:\/\/iberoid-shop.com\/it\/#website","url":"https:\/\/iberoid-shop.com\/it\/","name":"Steroidi in linea","description":"Acquista steroidi online oggi in Spagna e Portogallo. Abbiamo il miglior servizio clienti del settore e prodotti di altissima qualit\u00e0","potentialAction":[{"@type":"SearchAction","target":{"@type":"EntryPoint","urlTemplate":"https:\/\/iberoid-shop.com\/it\/?s={search_term_string}"},"query-input":{"@type":"PropertyValueSpecification","valueRequired":true,"valueName":"search_term_string"}}],"inLanguage":"it-IT"}]},"product_price_amount":"350.00","product_price_currency":"EUR","og_availability":"out of stock","product_availability":"out of stock","product_condition":"new"},"_links":{"self":[{"href":"https:\/\/iberoid-shop.com\/it\/wp-json\/wp\/v2\/product\/7352","targetHints":{"allow":["GET"]}}],"collection":[{"href":"https:\/\/iberoid-shop.com\/it\/wp-json\/wp\/v2\/product"}],"about":[{"href":"https:\/\/iberoid-shop.com\/it\/wp-json\/wp\/v2\/types\/product"}],"replies":[{"embeddable":true,"href":"https:\/\/iberoid-shop.com\/it\/wp-json\/wp\/v2\/comments?post=7352"}],"wp:featuredmedia":[{"embeddable":true,"href":"https:\/\/iberoid-shop.com\/it\/wp-json\/wp\/v2\/media\/7353"}],"wp:attachment":[{"href":"https:\/\/iberoid-shop.com\/it\/wp-json\/wp\/v2\/media?parent=7352"}],"wp:term":[{"taxonomy":"product_brand","embeddable":true,"href":"https:\/\/iberoid-shop.com\/it\/wp-json\/wp\/v2\/product_brand?post=7352"},{"taxonomy":"product_cat","embeddable":true,"href":"https:\/\/iberoid-shop.com\/it\/wp-json\/wp\/v2\/product_cat?post=7352"},{"taxonomy":"product_tag","embeddable":true,"href":"https:\/\/iberoid-shop.com\/it\/wp-json\/wp\/v2\/product_tag?post=7352"}],"curies":[{"name":"wp","href":"https:\/\/api.w.org\/{rel}","templated":true}]}}