{"id":7241,"date":"2022-01-31T21:30:49","date_gmt":"2022-01-31T21:30:49","guid":{"rendered":"https:\/\/iberoid-shop.com\/?post_type=product&#038;p=7241"},"modified":"2024-11-07T13:11:44","modified_gmt":"2024-11-07T13:11:44","slug":"pack3-dianoged-dianabol-epf-euro-prime","status":"publish","type":"product","link":"https:\/\/iberoid-shop.com\/it\/product\/pack3-dianoged-dianabol-epf-euro-prime\/","title":{"rendered":"DIANABOL\/DIANOGED EPF- 3 pack x 100 tabletas"},"content":{"rendered":"<p>Dianoged \u00e8 un potente steroide anabolizzante e androgeno, un preparato di methandienone sviluppato per la somministrazione orale. \u00c8 caratterizzato da un&#8217;azione rapida e forte. Negli sport di ferro, Dianoged 10mg di EPF viene utilizzato principalmente nei corsi di forza e allenamento di massa, solitamente in combinazione con altri farmaci sportivi: dal propionato di testosterone al trenbolone esagidrobenzilcarbonato. Il principio attivo del preparato, lo steroide methandienone, \u00e8 noto da tempo agli atleti di tutto il mondo. Profilo steroideo: indice anabolico &#8211; 200% di testosterone; indice androgeno &#8211; 50% di testosterone; emivita &#8211; meno di un giorno; aromatizzazione (conversione in estrogeni) &#8211; s\u00ec, moderata; soppressione della funzione HPTA (riduzione della produzione di testosterone) &#8211; s\u00ec, moderata; epatotossicit\u00e0 (tossicit\u00e0 per il fegato) &#8211; s\u00ec, moderata.<\/p>","protected":false},"excerpt":{"rendered":"<p>Dianoged \u00e8 un potente steroide anabolizzante e androgeno, un preparato di methandienone sviluppato per la somministrazione orale. \u00c8 caratterizzato da<\/p>\n","protected":false},"featured_media":7242,"comment_status":"open","ping_status":"closed","template":"","meta":[],"product_brand":[],"product_cat":[73,3474],"product_tag":[],"class_list":{"0":"post-7241","1":"product","2":"type-product","3":"status-publish","4":"has-post-thumbnail","6":"product_cat-ssteroides_orales","7":"product_cat-packs","9":"first","10":"outofstock","11":"sale","12":"shipping-taxable","13":"purchasable","14":"product-type-simple"},"yoast_head":"<!-- This site is optimized with the Yoast SEO Premium plugin v24.4 (Yoast SEO v27.0) - https:\/\/yoast.com\/product\/yoast-seo-premium-wordpress\/ -->\n<title>DIANABOL\/DIANOGED EPF- 3 pack x 100 tabletas - Steroidi in linea<\/title>\n<meta name=\"robots\" content=\"index, follow, max-snippet:-1, max-image-preview:large, max-video-preview:-1\" \/>\n<link rel=\"canonical\" href=\"https:\/\/iberoid-shop.com\/it\/product\/pack3-dianoged-dianabol-epf-euro-prime\/\" \/>\n<meta property=\"og:locale\" content=\"it_IT\" \/>\n<meta property=\"og:type\" content=\"article\" \/>\n<meta property=\"og:title\" content=\"DIANABOL\/DIANOGED EPF- 3 pack x 100 tabletas\" \/>\n<meta property=\"og:description\" content=\"Dianoged \u00e8 un potente steroide anabolizzante e androgeno, un preparato di methandienone sviluppato per la somministrazione orale. \u00c8 caratterizzato da\" \/>\n<meta property=\"og:url\" content=\"https:\/\/iberoid-shop.com\/it\/product\/pack3-dianoged-dianabol-epf-euro-prime\/\" \/>\n<meta property=\"og:site_name\" content=\"Steroidi in linea\" \/>\n<meta property=\"article:modified_time\" content=\"2024-11-07T13:11:44+00:00\" \/>\n<meta property=\"og:image\" content=\"https:\/\/iberoid-shop.com\/wp-content\/uploads\/2022\/01\/3-diana-epf.jpg?v=1695573410\" \/>\n\t<meta property=\"og:image:width\" content=\"960\" \/>\n\t<meta property=\"og:image:height\" content=\"1280\" \/>\n\t<meta property=\"og:image:type\" content=\"image\/jpeg\" \/>\n<meta name=\"twitter:card\" content=\"summary_large_image\" \/>\n<meta name=\"twitter:label1\" content=\"Prezzo\" \/>\n\t<meta name=\"twitter:data1\" content=\"&euro;55.00\" \/>\n\t<meta name=\"twitter:label2\" content=\"Disponibilit\u00e0\" \/>\n\t<meta name=\"twitter:data2\" content=\"Esaurito\" \/>\n<script type=\"application\/ld+json\" class=\"yoast-schema-graph\">{\"@context\":\"https:\/\/schema.org\",\"@graph\":[{\"@type\":\"WebPage\",\"@id\":\"https:\/\/iberoid-shop.com\/it\/product\/pack3-dianoged-dianabol-epf-euro-prime\/\",\"url\":\"https:\/\/iberoid-shop.com\/it\/product\/pack3-dianoged-dianabol-epf-euro-prime\/\",\"name\":\"DIANABOL\/DIANOGED EPF- 3 pack x 100 tabletas - Steroidi in linea\",\"isPartOf\":{\"@id\":\"https:\/\/iberoid-shop.com\/it\/#website\"},\"primaryImageOfPage\":{\"@id\":\"https:\/\/iberoid-shop.com\/it\/product\/pack3-dianoged-dianabol-epf-euro-prime\/#primaryimage\"},\"image\":{\"@id\":\"https:\/\/iberoid-shop.com\/it\/product\/pack3-dianoged-dianabol-epf-euro-prime\/#primaryimage\"},\"thumbnailUrl\":\"https:\/\/iberoid-shop.com\/wp-content\/uploads\/2022\/01\/3-diana-epf.jpg?v=1695573410\",\"datePublished\":\"2022-01-31T21:30:49+00:00\",\"dateModified\":\"2024-11-07T13:11:44+00:00\",\"breadcrumb\":{\"@id\":\"https:\/\/iberoid-shop.com\/it\/product\/pack3-dianoged-dianabol-epf-euro-prime\/#breadcrumb\"},\"inLanguage\":\"it-IT\",\"potentialAction\":[{\"@type\":\"ReadAction\",\"target\":[[\"https:\/\/iberoid-shop.com\/it\/product\/pack3-dianoged-dianabol-epf-euro-prime\/\"]]}]},{\"@type\":\"ImageObject\",\"inLanguage\":\"it-IT\",\"@id\":\"https:\/\/iberoid-shop.com\/it\/product\/pack3-dianoged-dianabol-epf-euro-prime\/#primaryimage\",\"url\":\"https:\/\/iberoid-shop.com\/wp-content\/uploads\/2022\/01\/3-diana-epf.jpg?v=1695573410\",\"contentUrl\":\"https:\/\/iberoid-shop.com\/wp-content\/uploads\/2022\/01\/3-diana-epf.jpg?v=1695573410\",\"width\":960,\"height\":1280},{\"@type\":\"BreadcrumbList\",\"@id\":\"https:\/\/iberoid-shop.com\/it\/product\/pack3-dianoged-dianabol-epf-euro-prime\/#breadcrumb\",\"itemListElement\":[{\"@type\":\"ListItem\",\"position\":1,\"name\":\"Portada\",\"item\":\"https:\/\/iberoid-shop.com\/it\/\"},{\"@type\":\"ListItem\",\"position\":2,\"name\":\"Negozio\",\"item\":\"https:\/\/iberoid-shop.com\/it\/shop\/\"},{\"@type\":\"ListItem\",\"position\":3,\"name\":\"DIANABOL\/DIANOGED EPF- 3 pack x 100 tabletas\"}]},{\"@type\":\"WebSite\",\"@id\":\"https:\/\/iberoid-shop.com\/it\/#website\",\"url\":\"https:\/\/iberoid-shop.com\/it\/\",\"name\":\"Steroidi in linea\",\"description\":\"Acquista steroidi online oggi in Spagna e Portogallo. Abbiamo il miglior servizio clienti del settore e prodotti di altissima qualit\u00e0\",\"potentialAction\":[{\"@type\":\"SearchAction\",\"target\":{\"@type\":\"EntryPoint\",\"urlTemplate\":\"https:\/\/iberoid-shop.com\/it\/?s={search_term_string}\"},\"query-input\":{\"@type\":\"PropertyValueSpecification\",\"valueRequired\":true,\"valueName\":\"search_term_string\"}}],\"inLanguage\":\"it-IT\"}]}<\/script>\n<meta property=\"product:brand\" content=\"Euro Prime Pharmaceuticals (EPF)\" \/>\n<meta property=\"product:price:amount\" content=\"55.00\" \/>\n<meta property=\"product:price:currency\" content=\"EUR\" \/>\n<meta property=\"og:availability\" content=\"out of stock\" \/>\n<meta property=\"product:availability\" content=\"out of stock\" \/>\n<meta property=\"product:condition\" content=\"new\" \/>\n<!-- \/ Yoast SEO Premium plugin. -->","yoast_head_json":{"title":"DIANABOL\/DIANOGED EPF- 3 pack x 100 tabletas - Steroidi in linea","robots":{"index":"index","follow":"follow","max-snippet":"max-snippet:-1","max-image-preview":"max-image-preview:large","max-video-preview":"max-video-preview:-1"},"canonical":"https:\/\/iberoid-shop.com\/it\/product\/pack3-dianoged-dianabol-epf-euro-prime\/","og_locale":"it_IT","og_type":"article","og_title":"DIANABOL\/DIANOGED EPF- 3 pack x 100 tabletas","og_description":"Dianoged \u00e8 un potente steroide anabolizzante e androgeno, un preparato di methandienone sviluppato per la somministrazione orale. \u00c8 caratterizzato da","og_url":"https:\/\/iberoid-shop.com\/it\/product\/pack3-dianoged-dianabol-epf-euro-prime\/","og_site_name":"Steroidi in linea","article_modified_time":"2024-11-07T13:11:44+00:00","og_image":[{"width":960,"height":1280,"url":"https:\/\/iberoid-shop.com\/wp-content\/uploads\/2022\/01\/3-diana-epf.jpg?v=1695573410","type":"image\/jpeg"}],"twitter_card":"summary_large_image","twitter_misc":{"Prezzo":"&euro;55.00","Disponibilit\u00e0":"Esaurito"},"schema":{"@context":"https:\/\/schema.org","@graph":[{"@type":"WebPage","@id":"https:\/\/iberoid-shop.com\/it\/product\/pack3-dianoged-dianabol-epf-euro-prime\/","url":"https:\/\/iberoid-shop.com\/it\/product\/pack3-dianoged-dianabol-epf-euro-prime\/","name":"DIANABOL\/DIANOGED EPF- 3 pack x 100 tabletas - Steroidi in linea","isPartOf":{"@id":"https:\/\/iberoid-shop.com\/it\/#website"},"primaryImageOfPage":{"@id":"https:\/\/iberoid-shop.com\/it\/product\/pack3-dianoged-dianabol-epf-euro-prime\/#primaryimage"},"image":{"@id":"https:\/\/iberoid-shop.com\/it\/product\/pack3-dianoged-dianabol-epf-euro-prime\/#primaryimage"},"thumbnailUrl":"https:\/\/iberoid-shop.com\/wp-content\/uploads\/2022\/01\/3-diana-epf.jpg?v=1695573410","datePublished":"2022-01-31T21:30:49+00:00","dateModified":"2024-11-07T13:11:44+00:00","breadcrumb":{"@id":"https:\/\/iberoid-shop.com\/it\/product\/pack3-dianoged-dianabol-epf-euro-prime\/#breadcrumb"},"inLanguage":"it-IT","potentialAction":[{"@type":"ReadAction","target":[["https:\/\/iberoid-shop.com\/it\/product\/pack3-dianoged-dianabol-epf-euro-prime\/"]]}]},{"@type":"ImageObject","inLanguage":"it-IT","@id":"https:\/\/iberoid-shop.com\/it\/product\/pack3-dianoged-dianabol-epf-euro-prime\/#primaryimage","url":"https:\/\/iberoid-shop.com\/wp-content\/uploads\/2022\/01\/3-diana-epf.jpg?v=1695573410","contentUrl":"https:\/\/iberoid-shop.com\/wp-content\/uploads\/2022\/01\/3-diana-epf.jpg?v=1695573410","width":960,"height":1280},{"@type":"BreadcrumbList","@id":"https:\/\/iberoid-shop.com\/it\/product\/pack3-dianoged-dianabol-epf-euro-prime\/#breadcrumb","itemListElement":[{"@type":"ListItem","position":1,"name":"Portada","item":"https:\/\/iberoid-shop.com\/it\/"},{"@type":"ListItem","position":2,"name":"Negozio","item":"https:\/\/iberoid-shop.com\/it\/shop\/"},{"@type":"ListItem","position":3,"name":"DIANABOL\/DIANOGED EPF- 3 pack x 100 tabletas"}]},{"@type":"WebSite","@id":"https:\/\/iberoid-shop.com\/it\/#website","url":"https:\/\/iberoid-shop.com\/it\/","name":"Steroidi in linea","description":"Acquista steroidi online oggi in Spagna e Portogallo. Abbiamo il miglior servizio clienti del settore e prodotti di altissima qualit\u00e0","potentialAction":[{"@type":"SearchAction","target":{"@type":"EntryPoint","urlTemplate":"https:\/\/iberoid-shop.com\/it\/?s={search_term_string}"},"query-input":{"@type":"PropertyValueSpecification","valueRequired":true,"valueName":"search_term_string"}}],"inLanguage":"it-IT"}]},"product_brand":"Euro Prime Pharmaceuticals (EPF)","product_price_amount":"55.00","product_price_currency":"EUR","og_availability":"out of stock","product_availability":"out of stock","product_condition":"new"},"_links":{"self":[{"href":"https:\/\/iberoid-shop.com\/it\/wp-json\/wp\/v2\/product\/7241","targetHints":{"allow":["GET"]}}],"collection":[{"href":"https:\/\/iberoid-shop.com\/it\/wp-json\/wp\/v2\/product"}],"about":[{"href":"https:\/\/iberoid-shop.com\/it\/wp-json\/wp\/v2\/types\/product"}],"replies":[{"embeddable":true,"href":"https:\/\/iberoid-shop.com\/it\/wp-json\/wp\/v2\/comments?post=7241"}],"wp:featuredmedia":[{"embeddable":true,"href":"https:\/\/iberoid-shop.com\/it\/wp-json\/wp\/v2\/media\/7242"}],"wp:attachment":[{"href":"https:\/\/iberoid-shop.com\/it\/wp-json\/wp\/v2\/media?parent=7241"}],"wp:term":[{"taxonomy":"product_brand","embeddable":true,"href":"https:\/\/iberoid-shop.com\/it\/wp-json\/wp\/v2\/product_brand?post=7241"},{"taxonomy":"product_cat","embeddable":true,"href":"https:\/\/iberoid-shop.com\/it\/wp-json\/wp\/v2\/product_cat?post=7241"},{"taxonomy":"product_tag","embeddable":true,"href":"https:\/\/iberoid-shop.com\/it\/wp-json\/wp\/v2\/product_tag?post=7241"}],"curies":[{"name":"wp","href":"https:\/\/api.w.org\/{rel}","templated":true}]}}