{"id":7239,"date":"2022-01-31T21:23:12","date_gmt":"2022-01-31T21:23:12","guid":{"rendered":"https:\/\/iberoid-shop.com\/?post_type=product&#038;p=7239"},"modified":"2024-05-12T16:55:28","modified_gmt":"2024-05-12T16:55:28","slug":"pack3-nandrolone-decanoate-19ml-golden-dragon-ltd","status":"publish","type":"product","link":"https:\/\/iberoid-shop.com\/it\/product\/pack3-nandrolone-decanoate-19ml-golden-dragon-ltd\/","title":{"rendered":"NANDROLONE DECANOATE- 10ML &#8211; 3 pack"},"content":{"rendered":"<p>Il nandrolone (tutte le forme) \u00e8 uno steroide androgeno anabolizzante 19-nortestosterone (19-nor). La distinzione 19-nor rileva un cambiamento strutturale nell&#8217;ormone testosterone, in particolare l&#8217;ormone testosterone privo dell&#8217;atomo di carbonio in 19a posizione. \u00c8 questa leggera alterazione che ci d\u00e0 il nandrolone; Testosterone, rimuovi il 19\u00b0 carbonio e nasce un nuovo steroide.<\/p>\n<p>Il nandrolone ha una valutazione anabolica leggermente superiore al testosterone, ma possiede una valutazione androgenica molto pi\u00f9 bassa. La sua valutazione androgenica \u00e8 di appena 37 con la valutazione del testosterone di 100. La diminuzione della valutazione androgenica \u00e8 dovuta alla capacit\u00e0 del nandrolone di ridursi a diidronandrolone (DHN) piuttosto che a diidrotestosterone (DHT). Questo rende il nandrolone uno degli steroidi anabolizzanti pi\u00f9 ben tollerati per gli uomini adulti. Il nandrolone possiede pochissima attivit\u00e0 estrogenica con un tasso di aromatasi di solo il 20% di quello del testosterone. \u00c8 classificato come un progestinico attivo e questo giocher\u00e0 in potenziali effetti collaterali, ma nella maggior parte dei casi sono controllabili.<\/p>\n<p>Il nandrolone \u00e8 uno steroide anabolizzante efficace e potente per numerosi motivi con numerosi benefici funzionali diretti. Le funzioni primarie dell&#8217;ormone nandrolone includono ma non sono limitate a quanto segue:<br \/>\n\u2013 Migliora la sintesi proteica<br \/>\n\u2013 Inibire gli ormoni glucocorticoidi<br \/>\n\u2013 Promuovere la produzione avanzata di IGF-1<br \/>\n\u2013 Aumenta la ritenzione di azoto<br \/>\n\u2013 Aumento della conta dei globuli rossi<br \/>\n\u2013 Aumenta la sintesi del collagene<br \/>\n\u2013 Migliora il contenuto di minerali ossei<\/p>\n<p>Gli effetti del nandrolone, i primi cinque elencati sono condivisi da molti steroidi anabolizzanti. Tuttavia, l&#8217;aumento della ritenzione di azoto \u00e8 molto maggiore con questo steroide rispetto alla maggior parte. Questo \u00e8 importante poich\u00e9 tutto il tessuto muscolare \u00e8 composto per il 16% da azoto. Potrebbe non sembrare cos\u00ec importante, ma la ritenzione crea anabolismo e la mancanza di ritenzione ci fa entrare in uno stato catabolico. Quindi ci rimangono i tratti minerali del collagene e delle ossa e sono questi due tratti che separano veramente il nandrolone dal resto del branco. Sono questi due tratti che consentono al nandrolone di promuovere un sollievo articolare e persino un sollievo dal dolore nei tendini e nei legamenti doloranti in una certa misura. Il fattore di recupero che questo promuove \u00e8 davvero straordinario ed \u00e8 uno dei motivi e spesso l&#8217;unico motivo per cui alcuni atleti usano lo steroide.<\/p>\n<p>Le funzioni e le caratteristiche del nandrolone sono anche ben apprezzate negli ambienti medici poich\u00e9 l&#8217;ormone ha mostrato benefici positivi in \u200b\u200bmolte aree di trattamento. L&#8217;ormone nandrolone \u00e8 adatto per il trattamento di malattie da deperimento muscolare, affaticamento e debolezza geriatrica. \u00c8 anche un eccellente combattente dell&#8217;anemia. Il nandrolone \u00e8 stato utilizzato con successo per combattere alcune forme di cancro al seno, alterando la vita delle vittime di ustioni e pu\u00f2 persino curare e fornire sollievo dalle ulcere. I benefici medici continuano poich\u00e9 \u00e8 stato dimostrato che il nandrolone ha un impatto positivo sul trattamento del ritardo dello sviluppo nei bambini e del nanismo. Tuttavia, mentre \u00e8 efficace in tutte queste aree in cui si \u00e8 distinto fortemente \u00e8 nel trattamento dell&#8217;osteoporosi.<\/p>","protected":false},"excerpt":{"rendered":"<p>Il nandrolone (tutte le forme) \u00e8 uno steroide androgeno anabolizzante 19-nortestosterone (19-nor). La distinzione 19-nor rileva un cambiamento strutturale nell&#8217;ormone<\/p>\n","protected":false},"featured_media":6576,"comment_status":"open","ping_status":"closed","template":"","meta":[],"product_brand":[],"product_cat":[69,3474],"product_tag":[],"class_list":{"0":"post-7239","1":"product","2":"type-product","3":"status-publish","4":"has-post-thumbnail","6":"product_cat-esteroides_inyectables","7":"product_cat-packs","9":"first","10":"outofstock","11":"sale","12":"shipping-taxable","13":"purchasable","14":"product-type-simple"},"yoast_head":"<!-- This site is optimized with the Yoast SEO Premium plugin v24.4 (Yoast SEO v27.0) - https:\/\/yoast.com\/product\/yoast-seo-premium-wordpress\/ -->\n<title>NANDROLONE DECANOATE- 10ML - 3 pack - Steroidi in linea<\/title>\n<meta name=\"robots\" content=\"index, follow, max-snippet:-1, max-image-preview:large, max-video-preview:-1\" \/>\n<link rel=\"canonical\" href=\"https:\/\/iberoid-shop.com\/it\/product\/pack3-nandrolone-decanoate-19ml-golden-dragon-ltd\/\" \/>\n<meta property=\"og:locale\" content=\"it_IT\" \/>\n<meta property=\"og:type\" content=\"article\" \/>\n<meta property=\"og:title\" content=\"NANDROLONE DECANOATE- 10ML - 3 pack\" \/>\n<meta property=\"og:description\" content=\"Il nandrolone (tutte le forme) \u00e8 uno steroide androgeno anabolizzante 19-nortestosterone (19-nor). La distinzione 19-nor rileva un cambiamento strutturale nell&#8217;ormone\" \/>\n<meta property=\"og:url\" content=\"https:\/\/iberoid-shop.com\/it\/product\/pack3-nandrolone-decanoate-19ml-golden-dragon-ltd\/\" \/>\n<meta property=\"og:site_name\" content=\"Steroidi in linea\" \/>\n<meta property=\"article:modified_time\" content=\"2024-05-12T16:55:28+00:00\" \/>\n<meta property=\"og:image\" content=\"https:\/\/iberoid-shop.com\/wp-content\/uploads\/2021\/08\/nandroged.jpg?v=1699082603\" \/>\n\t<meta property=\"og:image:width\" content=\"500\" \/>\n\t<meta property=\"og:image:height\" content=\"500\" \/>\n\t<meta property=\"og:image:type\" content=\"image\/jpeg\" \/>\n<meta name=\"twitter:card\" content=\"summary_large_image\" \/>\n<meta name=\"twitter:label1\" content=\"Prezzo\" \/>\n\t<meta name=\"twitter:data1\" content=\"&euro;75.00\" \/>\n\t<meta name=\"twitter:label2\" content=\"Disponibilit\u00e0\" \/>\n\t<meta name=\"twitter:data2\" content=\"Esaurito\" \/>\n<script type=\"application\/ld+json\" class=\"yoast-schema-graph\">{\"@context\":\"https:\/\/schema.org\",\"@graph\":[{\"@type\":\"WebPage\",\"@id\":\"https:\/\/iberoid-shop.com\/it\/product\/pack3-nandrolone-decanoate-19ml-golden-dragon-ltd\/\",\"url\":\"https:\/\/iberoid-shop.com\/it\/product\/pack3-nandrolone-decanoate-19ml-golden-dragon-ltd\/\",\"name\":\"NANDROLONE DECANOATE- 10ML - 3 pack - Steroidi in linea\",\"isPartOf\":{\"@id\":\"https:\/\/iberoid-shop.com\/it\/#website\"},\"primaryImageOfPage\":{\"@id\":\"https:\/\/iberoid-shop.com\/it\/product\/pack3-nandrolone-decanoate-19ml-golden-dragon-ltd\/#primaryimage\"},\"image\":{\"@id\":\"https:\/\/iberoid-shop.com\/it\/product\/pack3-nandrolone-decanoate-19ml-golden-dragon-ltd\/#primaryimage\"},\"thumbnailUrl\":\"https:\/\/iberoid-shop.com\/wp-content\/uploads\/2021\/08\/nandroged.jpg?v=1699082603\",\"datePublished\":\"2022-01-31T21:23:12+00:00\",\"dateModified\":\"2024-05-12T16:55:28+00:00\",\"breadcrumb\":{\"@id\":\"https:\/\/iberoid-shop.com\/it\/product\/pack3-nandrolone-decanoate-19ml-golden-dragon-ltd\/#breadcrumb\"},\"inLanguage\":\"it-IT\",\"potentialAction\":[{\"@type\":\"ReadAction\",\"target\":[[\"https:\/\/iberoid-shop.com\/it\/product\/pack3-nandrolone-decanoate-19ml-golden-dragon-ltd\/\"]]}]},{\"@type\":\"ImageObject\",\"inLanguage\":\"it-IT\",\"@id\":\"https:\/\/iberoid-shop.com\/it\/product\/pack3-nandrolone-decanoate-19ml-golden-dragon-ltd\/#primaryimage\",\"url\":\"https:\/\/iberoid-shop.com\/wp-content\/uploads\/2021\/08\/nandroged.jpg?v=1699082603\",\"contentUrl\":\"https:\/\/iberoid-shop.com\/wp-content\/uploads\/2021\/08\/nandroged.jpg?v=1699082603\",\"width\":500,\"height\":500},{\"@type\":\"BreadcrumbList\",\"@id\":\"https:\/\/iberoid-shop.com\/it\/product\/pack3-nandrolone-decanoate-19ml-golden-dragon-ltd\/#breadcrumb\",\"itemListElement\":[{\"@type\":\"ListItem\",\"position\":1,\"name\":\"Portada\",\"item\":\"https:\/\/iberoid-shop.com\/it\/\"},{\"@type\":\"ListItem\",\"position\":2,\"name\":\"Negozio\",\"item\":\"https:\/\/iberoid-shop.com\/it\/shop\/\"},{\"@type\":\"ListItem\",\"position\":3,\"name\":\"NANDROLONE DECANOATE- 10ML &#8211; 3 pack\"}]},{\"@type\":\"WebSite\",\"@id\":\"https:\/\/iberoid-shop.com\/it\/#website\",\"url\":\"https:\/\/iberoid-shop.com\/it\/\",\"name\":\"Steroidi in linea\",\"description\":\"Acquista steroidi online oggi in Spagna e Portogallo. Abbiamo il miglior servizio clienti del settore e prodotti di altissima qualit\u00e0\",\"potentialAction\":[{\"@type\":\"SearchAction\",\"target\":{\"@type\":\"EntryPoint\",\"urlTemplate\":\"https:\/\/iberoid-shop.com\/it\/?s={search_term_string}\"},\"query-input\":{\"@type\":\"PropertyValueSpecification\",\"valueRequired\":true,\"valueName\":\"search_term_string\"}}],\"inLanguage\":\"it-IT\"}]}<\/script>\n<meta property=\"product:brand\" content=\"Golden Dragon\" \/>\n<meta property=\"product:price:amount\" content=\"75.00\" \/>\n<meta property=\"product:price:currency\" content=\"EUR\" \/>\n<meta property=\"og:availability\" content=\"out of stock\" \/>\n<meta property=\"product:availability\" content=\"out of stock\" \/>\n<meta property=\"product:condition\" content=\"new\" \/>\n<!-- \/ Yoast SEO Premium plugin. -->","yoast_head_json":{"title":"NANDROLONE DECANOATE- 10ML - 3 pack - Steroidi in linea","robots":{"index":"index","follow":"follow","max-snippet":"max-snippet:-1","max-image-preview":"max-image-preview:large","max-video-preview":"max-video-preview:-1"},"canonical":"https:\/\/iberoid-shop.com\/it\/product\/pack3-nandrolone-decanoate-19ml-golden-dragon-ltd\/","og_locale":"it_IT","og_type":"article","og_title":"NANDROLONE DECANOATE- 10ML - 3 pack","og_description":"Il nandrolone (tutte le forme) \u00e8 uno steroide androgeno anabolizzante 19-nortestosterone (19-nor). La distinzione 19-nor rileva un cambiamento strutturale nell&#8217;ormone","og_url":"https:\/\/iberoid-shop.com\/it\/product\/pack3-nandrolone-decanoate-19ml-golden-dragon-ltd\/","og_site_name":"Steroidi in linea","article_modified_time":"2024-05-12T16:55:28+00:00","og_image":[{"width":500,"height":500,"url":"https:\/\/iberoid-shop.com\/wp-content\/uploads\/2021\/08\/nandroged.jpg?v=1699082603","type":"image\/jpeg"}],"twitter_card":"summary_large_image","twitter_misc":{"Prezzo":"&euro;75.00","Disponibilit\u00e0":"Esaurito"},"schema":{"@context":"https:\/\/schema.org","@graph":[{"@type":"WebPage","@id":"https:\/\/iberoid-shop.com\/it\/product\/pack3-nandrolone-decanoate-19ml-golden-dragon-ltd\/","url":"https:\/\/iberoid-shop.com\/it\/product\/pack3-nandrolone-decanoate-19ml-golden-dragon-ltd\/","name":"NANDROLONE DECANOATE- 10ML - 3 pack - Steroidi in linea","isPartOf":{"@id":"https:\/\/iberoid-shop.com\/it\/#website"},"primaryImageOfPage":{"@id":"https:\/\/iberoid-shop.com\/it\/product\/pack3-nandrolone-decanoate-19ml-golden-dragon-ltd\/#primaryimage"},"image":{"@id":"https:\/\/iberoid-shop.com\/it\/product\/pack3-nandrolone-decanoate-19ml-golden-dragon-ltd\/#primaryimage"},"thumbnailUrl":"https:\/\/iberoid-shop.com\/wp-content\/uploads\/2021\/08\/nandroged.jpg?v=1699082603","datePublished":"2022-01-31T21:23:12+00:00","dateModified":"2024-05-12T16:55:28+00:00","breadcrumb":{"@id":"https:\/\/iberoid-shop.com\/it\/product\/pack3-nandrolone-decanoate-19ml-golden-dragon-ltd\/#breadcrumb"},"inLanguage":"it-IT","potentialAction":[{"@type":"ReadAction","target":[["https:\/\/iberoid-shop.com\/it\/product\/pack3-nandrolone-decanoate-19ml-golden-dragon-ltd\/"]]}]},{"@type":"ImageObject","inLanguage":"it-IT","@id":"https:\/\/iberoid-shop.com\/it\/product\/pack3-nandrolone-decanoate-19ml-golden-dragon-ltd\/#primaryimage","url":"https:\/\/iberoid-shop.com\/wp-content\/uploads\/2021\/08\/nandroged.jpg?v=1699082603","contentUrl":"https:\/\/iberoid-shop.com\/wp-content\/uploads\/2021\/08\/nandroged.jpg?v=1699082603","width":500,"height":500},{"@type":"BreadcrumbList","@id":"https:\/\/iberoid-shop.com\/it\/product\/pack3-nandrolone-decanoate-19ml-golden-dragon-ltd\/#breadcrumb","itemListElement":[{"@type":"ListItem","position":1,"name":"Portada","item":"https:\/\/iberoid-shop.com\/it\/"},{"@type":"ListItem","position":2,"name":"Negozio","item":"https:\/\/iberoid-shop.com\/it\/shop\/"},{"@type":"ListItem","position":3,"name":"NANDROLONE DECANOATE- 10ML &#8211; 3 pack"}]},{"@type":"WebSite","@id":"https:\/\/iberoid-shop.com\/it\/#website","url":"https:\/\/iberoid-shop.com\/it\/","name":"Steroidi in linea","description":"Acquista steroidi online oggi in Spagna e Portogallo. Abbiamo il miglior servizio clienti del settore e prodotti di altissima qualit\u00e0","potentialAction":[{"@type":"SearchAction","target":{"@type":"EntryPoint","urlTemplate":"https:\/\/iberoid-shop.com\/it\/?s={search_term_string}"},"query-input":{"@type":"PropertyValueSpecification","valueRequired":true,"valueName":"search_term_string"}}],"inLanguage":"it-IT"}]},"product_brand":"Golden Dragon","product_price_amount":"75.00","product_price_currency":"EUR","og_availability":"out of stock","product_availability":"out of stock","product_condition":"new"},"_links":{"self":[{"href":"https:\/\/iberoid-shop.com\/it\/wp-json\/wp\/v2\/product\/7239","targetHints":{"allow":["GET"]}}],"collection":[{"href":"https:\/\/iberoid-shop.com\/it\/wp-json\/wp\/v2\/product"}],"about":[{"href":"https:\/\/iberoid-shop.com\/it\/wp-json\/wp\/v2\/types\/product"}],"replies":[{"embeddable":true,"href":"https:\/\/iberoid-shop.com\/it\/wp-json\/wp\/v2\/comments?post=7239"}],"wp:featuredmedia":[{"embeddable":true,"href":"https:\/\/iberoid-shop.com\/it\/wp-json\/wp\/v2\/media\/6576"}],"wp:attachment":[{"href":"https:\/\/iberoid-shop.com\/it\/wp-json\/wp\/v2\/media?parent=7239"}],"wp:term":[{"taxonomy":"product_brand","embeddable":true,"href":"https:\/\/iberoid-shop.com\/it\/wp-json\/wp\/v2\/product_brand?post=7239"},{"taxonomy":"product_cat","embeddable":true,"href":"https:\/\/iberoid-shop.com\/it\/wp-json\/wp\/v2\/product_cat?post=7239"},{"taxonomy":"product_tag","embeddable":true,"href":"https:\/\/iberoid-shop.com\/it\/wp-json\/wp\/v2\/product_tag?post=7239"}],"curies":[{"name":"wp","href":"https:\/\/api.w.org\/{rel}","templated":true}]}}