{"id":7237,"date":"2022-01-31T21:20:05","date_gmt":"2022-01-31T21:20:05","guid":{"rendered":"https:\/\/iberoid-shop.com\/?post_type=product&#038;p=7237"},"modified":"2023-03-21T14:11:42","modified_gmt":"2023-03-21T14:11:42","slug":"pack3-testosterone-mix-sustanon-epf","status":"publish","type":"product","link":"https:\/\/iberoid-shop.com\/it\/product\/pack3-testosterone-mix-sustanon-epf\/","title":{"rendered":"Testosterone Mix \u2013 Sustanon &#8211; 3 Pack-"},"content":{"rendered":"<p>Il mix di testosterone o Sustanon \u00e8 uno degli steroidi anabolizzanti pi\u00f9 popolari e utilizzati. Sustanon agisce dalla prima somministrazione a causa del propionato di testosterone nella composizione. Gli altri esteri nella composizione hanno una lunga azione di 1-2 settimane. \u00c8 uno steroide migliore a causa del suo testosterone enantato o cypionate perch\u00e9 mantiene un livello costante di testosterone nel sangue. Ha un elevato effetto anabolico e anche una spiccata attivit\u00e0 androgena. \u00c8 uno steroide utilizzato durante i periodi di accumulo di massa, porta guadagni significativi di massa e forza. Sebbene sia aromatizzato come uno steroide a base di testosterone, i suoi effetti collaterali sono pi\u00f9 lievi di quelli del testosterone enantato. Il sustanon si sentir\u00e0 rapidamente nel corpo a causa dei brevi esteri che iniziano ad agire immediatamente dopo l&#8217;iniezione.<\/p>","protected":false},"excerpt":{"rendered":"<p>Il mix di testosterone o Sustanon \u00e8 uno degli steroidi anabolizzanti pi\u00f9 popolari e utilizzati. Sustanon agisce dalla prima somministrazione<\/p>\n","protected":false},"featured_media":7238,"comment_status":"open","ping_status":"closed","template":"","meta":[],"product_brand":[],"product_cat":[69,3474],"product_tag":[],"class_list":{"0":"post-7237","1":"product","2":"type-product","3":"status-publish","4":"has-post-thumbnail","6":"product_cat-esteroides_inyectables","7":"product_cat-packs","9":"first","10":"outofstock","11":"sale","12":"shipping-taxable","13":"purchasable","14":"product-type-simple"},"yoast_head":"<!-- This site is optimized with the Yoast SEO Premium plugin v24.4 (Yoast SEO v27.0) - https:\/\/yoast.com\/product\/yoast-seo-premium-wordpress\/ -->\n<title>Testosterone Mix \u2013 Sustanon - 3 Pack- - Steroidi in linea<\/title>\n<meta name=\"robots\" content=\"index, follow, max-snippet:-1, max-image-preview:large, max-video-preview:-1\" \/>\n<link rel=\"canonical\" href=\"https:\/\/iberoid-shop.com\/it\/product\/pack3-testosterone-mix-sustanon-epf\/\" \/>\n<meta property=\"og:locale\" content=\"it_IT\" \/>\n<meta property=\"og:type\" content=\"article\" \/>\n<meta property=\"og:title\" content=\"Testosterone Mix \u2013 Sustanon - 3 Pack-\" \/>\n<meta property=\"og:description\" content=\"Il mix di testosterone o Sustanon \u00e8 uno degli steroidi anabolizzanti pi\u00f9 popolari e utilizzati. Sustanon agisce dalla prima somministrazione\" \/>\n<meta property=\"og:url\" content=\"https:\/\/iberoid-shop.com\/it\/product\/pack3-testosterone-mix-sustanon-epf\/\" \/>\n<meta property=\"og:site_name\" content=\"Steroidi in linea\" \/>\n<meta property=\"article:modified_time\" content=\"2023-03-21T14:11:42+00:00\" \/>\n<meta property=\"og:image\" content=\"https:\/\/iberoid-shop.com\/wp-content\/uploads\/2022\/01\/3mix-epf.jpg?v=1678119924\" \/>\n\t<meta property=\"og:image:width\" content=\"960\" \/>\n\t<meta property=\"og:image:height\" content=\"1280\" \/>\n\t<meta property=\"og:image:type\" content=\"image\/jpeg\" \/>\n<meta name=\"twitter:card\" content=\"summary_large_image\" \/>\n<meta name=\"twitter:label1\" content=\"Prezzo\" \/>\n\t<meta name=\"twitter:data1\" content=\"&euro;110.00\" \/>\n\t<meta name=\"twitter:label2\" content=\"Disponibilit\u00e0\" \/>\n\t<meta name=\"twitter:data2\" content=\"Esaurito\" \/>\n<script type=\"application\/ld+json\" class=\"yoast-schema-graph\">{\"@context\":\"https:\/\/schema.org\",\"@graph\":[{\"@type\":\"WebPage\",\"@id\":\"https:\/\/iberoid-shop.com\/it\/product\/pack3-testosterone-mix-sustanon-epf\/\",\"url\":\"https:\/\/iberoid-shop.com\/it\/product\/pack3-testosterone-mix-sustanon-epf\/\",\"name\":\"Testosterone Mix \u2013 Sustanon - 3 Pack- - Steroidi in linea\",\"isPartOf\":{\"@id\":\"https:\/\/iberoid-shop.com\/it\/#website\"},\"primaryImageOfPage\":{\"@id\":\"https:\/\/iberoid-shop.com\/it\/product\/pack3-testosterone-mix-sustanon-epf\/#primaryimage\"},\"image\":{\"@id\":\"https:\/\/iberoid-shop.com\/it\/product\/pack3-testosterone-mix-sustanon-epf\/#primaryimage\"},\"thumbnailUrl\":\"https:\/\/iberoid-shop.com\/wp-content\/uploads\/2022\/01\/3mix-epf.jpg?v=1678119924\",\"datePublished\":\"2022-01-31T21:20:05+00:00\",\"dateModified\":\"2023-03-21T14:11:42+00:00\",\"breadcrumb\":{\"@id\":\"https:\/\/iberoid-shop.com\/it\/product\/pack3-testosterone-mix-sustanon-epf\/#breadcrumb\"},\"inLanguage\":\"it-IT\",\"potentialAction\":[{\"@type\":\"ReadAction\",\"target\":[[\"https:\/\/iberoid-shop.com\/it\/product\/pack3-testosterone-mix-sustanon-epf\/\"]]}]},{\"@type\":\"ImageObject\",\"inLanguage\":\"it-IT\",\"@id\":\"https:\/\/iberoid-shop.com\/it\/product\/pack3-testosterone-mix-sustanon-epf\/#primaryimage\",\"url\":\"https:\/\/iberoid-shop.com\/wp-content\/uploads\/2022\/01\/3mix-epf.jpg?v=1678119924\",\"contentUrl\":\"https:\/\/iberoid-shop.com\/wp-content\/uploads\/2022\/01\/3mix-epf.jpg?v=1678119924\",\"width\":960,\"height\":1280},{\"@type\":\"BreadcrumbList\",\"@id\":\"https:\/\/iberoid-shop.com\/it\/product\/pack3-testosterone-mix-sustanon-epf\/#breadcrumb\",\"itemListElement\":[{\"@type\":\"ListItem\",\"position\":1,\"name\":\"Portada\",\"item\":\"https:\/\/iberoid-shop.com\/it\/\"},{\"@type\":\"ListItem\",\"position\":2,\"name\":\"Negozio\",\"item\":\"https:\/\/iberoid-shop.com\/it\/shop\/\"},{\"@type\":\"ListItem\",\"position\":3,\"name\":\"Testosterone Mix \u2013 Sustanon &#8211; 3 Pack-\"}]},{\"@type\":\"WebSite\",\"@id\":\"https:\/\/iberoid-shop.com\/it\/#website\",\"url\":\"https:\/\/iberoid-shop.com\/it\/\",\"name\":\"Steroidi in linea\",\"description\":\"Acquista steroidi online oggi in Spagna e Portogallo. Abbiamo il miglior servizio clienti del settore e prodotti di altissima qualit\u00e0\",\"potentialAction\":[{\"@type\":\"SearchAction\",\"target\":{\"@type\":\"EntryPoint\",\"urlTemplate\":\"https:\/\/iberoid-shop.com\/it\/?s={search_term_string}\"},\"query-input\":{\"@type\":\"PropertyValueSpecification\",\"valueRequired\":true,\"valueName\":\"search_term_string\"}}],\"inLanguage\":\"it-IT\"}]}<\/script>\n<meta property=\"product:brand\" content=\"Euro Prime Pharmaceuticals (EPF)\" \/>\n<meta property=\"product:price:amount\" content=\"110.00\" \/>\n<meta property=\"product:price:currency\" content=\"EUR\" \/>\n<meta property=\"og:availability\" content=\"out of stock\" \/>\n<meta property=\"product:availability\" content=\"out of stock\" \/>\n<meta property=\"product:condition\" content=\"new\" \/>\n<!-- \/ Yoast SEO Premium plugin. -->","yoast_head_json":{"title":"Testosterone Mix \u2013 Sustanon - 3 Pack- - Steroidi in linea","robots":{"index":"index","follow":"follow","max-snippet":"max-snippet:-1","max-image-preview":"max-image-preview:large","max-video-preview":"max-video-preview:-1"},"canonical":"https:\/\/iberoid-shop.com\/it\/product\/pack3-testosterone-mix-sustanon-epf\/","og_locale":"it_IT","og_type":"article","og_title":"Testosterone Mix \u2013 Sustanon - 3 Pack-","og_description":"Il mix di testosterone o Sustanon \u00e8 uno degli steroidi anabolizzanti pi\u00f9 popolari e utilizzati. Sustanon agisce dalla prima somministrazione","og_url":"https:\/\/iberoid-shop.com\/it\/product\/pack3-testosterone-mix-sustanon-epf\/","og_site_name":"Steroidi in linea","article_modified_time":"2023-03-21T14:11:42+00:00","og_image":[{"width":960,"height":1280,"url":"https:\/\/iberoid-shop.com\/wp-content\/uploads\/2022\/01\/3mix-epf.jpg?v=1678119924","type":"image\/jpeg"}],"twitter_card":"summary_large_image","twitter_misc":{"Prezzo":"&euro;110.00","Disponibilit\u00e0":"Esaurito"},"schema":{"@context":"https:\/\/schema.org","@graph":[{"@type":"WebPage","@id":"https:\/\/iberoid-shop.com\/it\/product\/pack3-testosterone-mix-sustanon-epf\/","url":"https:\/\/iberoid-shop.com\/it\/product\/pack3-testosterone-mix-sustanon-epf\/","name":"Testosterone Mix \u2013 Sustanon - 3 Pack- - Steroidi in linea","isPartOf":{"@id":"https:\/\/iberoid-shop.com\/it\/#website"},"primaryImageOfPage":{"@id":"https:\/\/iberoid-shop.com\/it\/product\/pack3-testosterone-mix-sustanon-epf\/#primaryimage"},"image":{"@id":"https:\/\/iberoid-shop.com\/it\/product\/pack3-testosterone-mix-sustanon-epf\/#primaryimage"},"thumbnailUrl":"https:\/\/iberoid-shop.com\/wp-content\/uploads\/2022\/01\/3mix-epf.jpg?v=1678119924","datePublished":"2022-01-31T21:20:05+00:00","dateModified":"2023-03-21T14:11:42+00:00","breadcrumb":{"@id":"https:\/\/iberoid-shop.com\/it\/product\/pack3-testosterone-mix-sustanon-epf\/#breadcrumb"},"inLanguage":"it-IT","potentialAction":[{"@type":"ReadAction","target":[["https:\/\/iberoid-shop.com\/it\/product\/pack3-testosterone-mix-sustanon-epf\/"]]}]},{"@type":"ImageObject","inLanguage":"it-IT","@id":"https:\/\/iberoid-shop.com\/it\/product\/pack3-testosterone-mix-sustanon-epf\/#primaryimage","url":"https:\/\/iberoid-shop.com\/wp-content\/uploads\/2022\/01\/3mix-epf.jpg?v=1678119924","contentUrl":"https:\/\/iberoid-shop.com\/wp-content\/uploads\/2022\/01\/3mix-epf.jpg?v=1678119924","width":960,"height":1280},{"@type":"BreadcrumbList","@id":"https:\/\/iberoid-shop.com\/it\/product\/pack3-testosterone-mix-sustanon-epf\/#breadcrumb","itemListElement":[{"@type":"ListItem","position":1,"name":"Portada","item":"https:\/\/iberoid-shop.com\/it\/"},{"@type":"ListItem","position":2,"name":"Negozio","item":"https:\/\/iberoid-shop.com\/it\/shop\/"},{"@type":"ListItem","position":3,"name":"Testosterone Mix \u2013 Sustanon &#8211; 3 Pack-"}]},{"@type":"WebSite","@id":"https:\/\/iberoid-shop.com\/it\/#website","url":"https:\/\/iberoid-shop.com\/it\/","name":"Steroidi in linea","description":"Acquista steroidi online oggi in Spagna e Portogallo. Abbiamo il miglior servizio clienti del settore e prodotti di altissima qualit\u00e0","potentialAction":[{"@type":"SearchAction","target":{"@type":"EntryPoint","urlTemplate":"https:\/\/iberoid-shop.com\/it\/?s={search_term_string}"},"query-input":{"@type":"PropertyValueSpecification","valueRequired":true,"valueName":"search_term_string"}}],"inLanguage":"it-IT"}]},"product_brand":"Euro Prime Pharmaceuticals (EPF)","product_price_amount":"110.00","product_price_currency":"EUR","og_availability":"out of stock","product_availability":"out of stock","product_condition":"new"},"_links":{"self":[{"href":"https:\/\/iberoid-shop.com\/it\/wp-json\/wp\/v2\/product\/7237","targetHints":{"allow":["GET"]}}],"collection":[{"href":"https:\/\/iberoid-shop.com\/it\/wp-json\/wp\/v2\/product"}],"about":[{"href":"https:\/\/iberoid-shop.com\/it\/wp-json\/wp\/v2\/types\/product"}],"replies":[{"embeddable":true,"href":"https:\/\/iberoid-shop.com\/it\/wp-json\/wp\/v2\/comments?post=7237"}],"wp:featuredmedia":[{"embeddable":true,"href":"https:\/\/iberoid-shop.com\/it\/wp-json\/wp\/v2\/media\/7238"}],"wp:attachment":[{"href":"https:\/\/iberoid-shop.com\/it\/wp-json\/wp\/v2\/media?parent=7237"}],"wp:term":[{"taxonomy":"product_brand","embeddable":true,"href":"https:\/\/iberoid-shop.com\/it\/wp-json\/wp\/v2\/product_brand?post=7237"},{"taxonomy":"product_cat","embeddable":true,"href":"https:\/\/iberoid-shop.com\/it\/wp-json\/wp\/v2\/product_cat?post=7237"},{"taxonomy":"product_tag","embeddable":true,"href":"https:\/\/iberoid-shop.com\/it\/wp-json\/wp\/v2\/product_tag?post=7237"}],"curies":[{"name":"wp","href":"https:\/\/api.w.org\/{rel}","templated":true}]}}