{"id":7233,"date":"2022-01-31T21:16:10","date_gmt":"2022-01-31T21:16:10","guid":{"rendered":"https:\/\/iberoid-shop.com\/?post_type=product&#038;p=7233"},"modified":"2022-09-18T09:20:58","modified_gmt":"2022-09-18T09:20:58","slug":"pack3-cajas-nandrolone-decanoate-euro-prime-epf","status":"publish","type":"product","link":"https:\/\/iberoid-shop.com\/it\/product\/pack3-cajas-nandrolone-decanoate-euro-prime-epf\/","title":{"rendered":"NANDROLONE DECANOATE &#8211; PACK 3 CAJAS"},"content":{"rendered":"<p>NANDROLONE DECANOATO provoca un bilancio positivo di azoto nel tessuto muscolare e ha quindi effetti anabolici significativi, con effetti collaterali androgeni minimi. L&#8217;uso del nandrolone decanato provoca un aumento del peso corporeo e ha un effetto positivo sul sistema immunomodulato. La deabolina blocca anche i recettori del cortisone, consentendo a una minore quantit\u00e0 di cortisone di raggiungere le cellule muscolari e il tessuto connettivo. Negli ultimi anni, il nandrolone \u00e8 stato ampiamente utilizzato nel trattamento dei pazienti affetti da HIV. Gli effetti collaterali minimi possono manifestarsi come ipertensione, mal di testa e tempo prolungato per la coagulazione del sangue. Il nandrolone decanoato \u00e8 uno degli steroidi anabolizzanti pi\u00f9 comunemente usati tra gli atleti che migliorano le prestazioni. \u00c8 noto per essere uno steroide di massa fuori stagione estremamente benefico, ma \u00e8 anche uno dei preferiti in molti circoli atletici per i suoi benefici terapeutici.<\/p>","protected":false},"excerpt":{"rendered":"<p>NANDROLONE DECANOATO provoca un bilancio positivo di azoto nel tessuto muscolare e ha quindi effetti anabolici significativi, con effetti collaterali<\/p>\n","protected":false},"featured_media":7234,"comment_status":"open","ping_status":"closed","template":"","meta":[],"product_brand":[],"product_cat":[69,3474],"product_tag":[],"class_list":{"0":"post-7233","1":"product","2":"type-product","3":"status-publish","4":"has-post-thumbnail","6":"product_cat-esteroides_inyectables","7":"product_cat-packs","9":"first","10":"outofstock","11":"sale","12":"shipping-taxable","13":"purchasable","14":"product-type-simple"},"yoast_head":"<!-- This site is optimized with the Yoast SEO Premium plugin v24.4 (Yoast SEO v27.0) - https:\/\/yoast.com\/product\/yoast-seo-premium-wordpress\/ -->\n<title>NANDROLONE DECANOATE - PACK 3 CAJAS - Steroidi in linea<\/title>\n<meta name=\"robots\" content=\"index, follow, max-snippet:-1, max-image-preview:large, max-video-preview:-1\" \/>\n<link rel=\"canonical\" href=\"https:\/\/iberoid-shop.com\/it\/product\/pack3-cajas-nandrolone-decanoate-euro-prime-epf\/\" \/>\n<meta property=\"og:locale\" content=\"it_IT\" \/>\n<meta property=\"og:type\" content=\"article\" \/>\n<meta property=\"og:title\" content=\"NANDROLONE DECANOATE - PACK 3 CAJAS\" \/>\n<meta property=\"og:description\" content=\"NANDROLONE DECANOATO provoca un bilancio positivo di azoto nel tessuto muscolare e ha quindi effetti anabolici significativi, con effetti collaterali\" \/>\n<meta property=\"og:url\" content=\"https:\/\/iberoid-shop.com\/it\/product\/pack3-cajas-nandrolone-decanoate-euro-prime-epf\/\" \/>\n<meta property=\"og:site_name\" content=\"Steroidi in linea\" \/>\n<meta property=\"article:modified_time\" content=\"2022-09-18T09:20:58+00:00\" \/>\n<meta property=\"og:image\" content=\"https:\/\/iberoid-shop.com\/wp-content\/uploads\/2022\/01\/3dk-epf-rotated.jpg?v=1678119926\" \/>\n\t<meta property=\"og:image:width\" content=\"1280\" \/>\n\t<meta property=\"og:image:height\" content=\"960\" \/>\n\t<meta property=\"og:image:type\" content=\"image\/jpeg\" \/>\n<meta name=\"twitter:card\" content=\"summary_large_image\" \/>\n<meta name=\"twitter:label1\" content=\"Prezzo\" \/>\n\t<meta name=\"twitter:data1\" content=\"&euro;130.00\" \/>\n\t<meta name=\"twitter:label2\" content=\"Disponibilit\u00e0\" \/>\n\t<meta name=\"twitter:data2\" content=\"Esaurito\" \/>\n<script type=\"application\/ld+json\" class=\"yoast-schema-graph\">{\"@context\":\"https:\/\/schema.org\",\"@graph\":[{\"@type\":\"WebPage\",\"@id\":\"https:\/\/iberoid-shop.com\/it\/product\/pack3-cajas-nandrolone-decanoate-euro-prime-epf\/\",\"url\":\"https:\/\/iberoid-shop.com\/it\/product\/pack3-cajas-nandrolone-decanoate-euro-prime-epf\/\",\"name\":\"NANDROLONE DECANOATE - PACK 3 CAJAS - Steroidi in linea\",\"isPartOf\":{\"@id\":\"https:\/\/iberoid-shop.com\/it\/#website\"},\"primaryImageOfPage\":{\"@id\":\"https:\/\/iberoid-shop.com\/it\/product\/pack3-cajas-nandrolone-decanoate-euro-prime-epf\/#primaryimage\"},\"image\":{\"@id\":\"https:\/\/iberoid-shop.com\/it\/product\/pack3-cajas-nandrolone-decanoate-euro-prime-epf\/#primaryimage\"},\"thumbnailUrl\":\"https:\/\/iberoid-shop.com\/wp-content\/uploads\/2022\/01\/3dk-epf-rotated.jpg?v=1678119926\",\"datePublished\":\"2022-01-31T21:16:10+00:00\",\"dateModified\":\"2022-09-18T09:20:58+00:00\",\"breadcrumb\":{\"@id\":\"https:\/\/iberoid-shop.com\/it\/product\/pack3-cajas-nandrolone-decanoate-euro-prime-epf\/#breadcrumb\"},\"inLanguage\":\"it-IT\",\"potentialAction\":[{\"@type\":\"ReadAction\",\"target\":[[\"https:\/\/iberoid-shop.com\/it\/product\/pack3-cajas-nandrolone-decanoate-euro-prime-epf\/\"]]}]},{\"@type\":\"ImageObject\",\"inLanguage\":\"it-IT\",\"@id\":\"https:\/\/iberoid-shop.com\/it\/product\/pack3-cajas-nandrolone-decanoate-euro-prime-epf\/#primaryimage\",\"url\":\"https:\/\/iberoid-shop.com\/wp-content\/uploads\/2022\/01\/3dk-epf-rotated.jpg?v=1678119926\",\"contentUrl\":\"https:\/\/iberoid-shop.com\/wp-content\/uploads\/2022\/01\/3dk-epf-rotated.jpg?v=1678119926\",\"width\":1280,\"height\":960},{\"@type\":\"BreadcrumbList\",\"@id\":\"https:\/\/iberoid-shop.com\/it\/product\/pack3-cajas-nandrolone-decanoate-euro-prime-epf\/#breadcrumb\",\"itemListElement\":[{\"@type\":\"ListItem\",\"position\":1,\"name\":\"Portada\",\"item\":\"https:\/\/iberoid-shop.com\/it\/\"},{\"@type\":\"ListItem\",\"position\":2,\"name\":\"Negozio\",\"item\":\"https:\/\/iberoid-shop.com\/it\/shop\/\"},{\"@type\":\"ListItem\",\"position\":3,\"name\":\"NANDROLONE DECANOATE &#8211; PACK 3 CAJAS\"}]},{\"@type\":\"WebSite\",\"@id\":\"https:\/\/iberoid-shop.com\/it\/#website\",\"url\":\"https:\/\/iberoid-shop.com\/it\/\",\"name\":\"Steroidi in linea\",\"description\":\"Acquista steroidi online oggi in Spagna e Portogallo. Abbiamo il miglior servizio clienti del settore e prodotti di altissima qualit\u00e0\",\"potentialAction\":[{\"@type\":\"SearchAction\",\"target\":{\"@type\":\"EntryPoint\",\"urlTemplate\":\"https:\/\/iberoid-shop.com\/it\/?s={search_term_string}\"},\"query-input\":{\"@type\":\"PropertyValueSpecification\",\"valueRequired\":true,\"valueName\":\"search_term_string\"}}],\"inLanguage\":\"it-IT\"}]}<\/script>\n<meta property=\"product:brand\" content=\"Euro Prime Pharmaceuticals (EPF)\" \/>\n<meta property=\"product:price:amount\" content=\"130.00\" \/>\n<meta property=\"product:price:currency\" content=\"EUR\" \/>\n<meta property=\"og:availability\" content=\"out of stock\" \/>\n<meta property=\"product:availability\" content=\"out of stock\" \/>\n<meta property=\"product:condition\" content=\"new\" \/>\n<!-- \/ Yoast SEO Premium plugin. -->","yoast_head_json":{"title":"NANDROLONE DECANOATE - PACK 3 CAJAS - Steroidi in linea","robots":{"index":"index","follow":"follow","max-snippet":"max-snippet:-1","max-image-preview":"max-image-preview:large","max-video-preview":"max-video-preview:-1"},"canonical":"https:\/\/iberoid-shop.com\/it\/product\/pack3-cajas-nandrolone-decanoate-euro-prime-epf\/","og_locale":"it_IT","og_type":"article","og_title":"NANDROLONE DECANOATE - PACK 3 CAJAS","og_description":"NANDROLONE DECANOATO provoca un bilancio positivo di azoto nel tessuto muscolare e ha quindi effetti anabolici significativi, con effetti collaterali","og_url":"https:\/\/iberoid-shop.com\/it\/product\/pack3-cajas-nandrolone-decanoate-euro-prime-epf\/","og_site_name":"Steroidi in linea","article_modified_time":"2022-09-18T09:20:58+00:00","og_image":[{"width":1280,"height":960,"url":"https:\/\/iberoid-shop.com\/wp-content\/uploads\/2022\/01\/3dk-epf-rotated.jpg?v=1678119926","type":"image\/jpeg"}],"twitter_card":"summary_large_image","twitter_misc":{"Prezzo":"&euro;130.00","Disponibilit\u00e0":"Esaurito"},"schema":{"@context":"https:\/\/schema.org","@graph":[{"@type":"WebPage","@id":"https:\/\/iberoid-shop.com\/it\/product\/pack3-cajas-nandrolone-decanoate-euro-prime-epf\/","url":"https:\/\/iberoid-shop.com\/it\/product\/pack3-cajas-nandrolone-decanoate-euro-prime-epf\/","name":"NANDROLONE DECANOATE - PACK 3 CAJAS - Steroidi in linea","isPartOf":{"@id":"https:\/\/iberoid-shop.com\/it\/#website"},"primaryImageOfPage":{"@id":"https:\/\/iberoid-shop.com\/it\/product\/pack3-cajas-nandrolone-decanoate-euro-prime-epf\/#primaryimage"},"image":{"@id":"https:\/\/iberoid-shop.com\/it\/product\/pack3-cajas-nandrolone-decanoate-euro-prime-epf\/#primaryimage"},"thumbnailUrl":"https:\/\/iberoid-shop.com\/wp-content\/uploads\/2022\/01\/3dk-epf-rotated.jpg?v=1678119926","datePublished":"2022-01-31T21:16:10+00:00","dateModified":"2022-09-18T09:20:58+00:00","breadcrumb":{"@id":"https:\/\/iberoid-shop.com\/it\/product\/pack3-cajas-nandrolone-decanoate-euro-prime-epf\/#breadcrumb"},"inLanguage":"it-IT","potentialAction":[{"@type":"ReadAction","target":[["https:\/\/iberoid-shop.com\/it\/product\/pack3-cajas-nandrolone-decanoate-euro-prime-epf\/"]]}]},{"@type":"ImageObject","inLanguage":"it-IT","@id":"https:\/\/iberoid-shop.com\/it\/product\/pack3-cajas-nandrolone-decanoate-euro-prime-epf\/#primaryimage","url":"https:\/\/iberoid-shop.com\/wp-content\/uploads\/2022\/01\/3dk-epf-rotated.jpg?v=1678119926","contentUrl":"https:\/\/iberoid-shop.com\/wp-content\/uploads\/2022\/01\/3dk-epf-rotated.jpg?v=1678119926","width":1280,"height":960},{"@type":"BreadcrumbList","@id":"https:\/\/iberoid-shop.com\/it\/product\/pack3-cajas-nandrolone-decanoate-euro-prime-epf\/#breadcrumb","itemListElement":[{"@type":"ListItem","position":1,"name":"Portada","item":"https:\/\/iberoid-shop.com\/it\/"},{"@type":"ListItem","position":2,"name":"Negozio","item":"https:\/\/iberoid-shop.com\/it\/shop\/"},{"@type":"ListItem","position":3,"name":"NANDROLONE DECANOATE &#8211; PACK 3 CAJAS"}]},{"@type":"WebSite","@id":"https:\/\/iberoid-shop.com\/it\/#website","url":"https:\/\/iberoid-shop.com\/it\/","name":"Steroidi in linea","description":"Acquista steroidi online oggi in Spagna e Portogallo. Abbiamo il miglior servizio clienti del settore e prodotti di altissima qualit\u00e0","potentialAction":[{"@type":"SearchAction","target":{"@type":"EntryPoint","urlTemplate":"https:\/\/iberoid-shop.com\/it\/?s={search_term_string}"},"query-input":{"@type":"PropertyValueSpecification","valueRequired":true,"valueName":"search_term_string"}}],"inLanguage":"it-IT"}]},"product_brand":"Euro Prime Pharmaceuticals (EPF)","product_price_amount":"130.00","product_price_currency":"EUR","og_availability":"out of stock","product_availability":"out of stock","product_condition":"new"},"_links":{"self":[{"href":"https:\/\/iberoid-shop.com\/it\/wp-json\/wp\/v2\/product\/7233","targetHints":{"allow":["GET"]}}],"collection":[{"href":"https:\/\/iberoid-shop.com\/it\/wp-json\/wp\/v2\/product"}],"about":[{"href":"https:\/\/iberoid-shop.com\/it\/wp-json\/wp\/v2\/types\/product"}],"replies":[{"embeddable":true,"href":"https:\/\/iberoid-shop.com\/it\/wp-json\/wp\/v2\/comments?post=7233"}],"wp:featuredmedia":[{"embeddable":true,"href":"https:\/\/iberoid-shop.com\/it\/wp-json\/wp\/v2\/media\/7234"}],"wp:attachment":[{"href":"https:\/\/iberoid-shop.com\/it\/wp-json\/wp\/v2\/media?parent=7233"}],"wp:term":[{"taxonomy":"product_brand","embeddable":true,"href":"https:\/\/iberoid-shop.com\/it\/wp-json\/wp\/v2\/product_brand?post=7233"},{"taxonomy":"product_cat","embeddable":true,"href":"https:\/\/iberoid-shop.com\/it\/wp-json\/wp\/v2\/product_cat?post=7233"},{"taxonomy":"product_tag","embeddable":true,"href":"https:\/\/iberoid-shop.com\/it\/wp-json\/wp\/v2\/product_tag?post=7233"}],"curies":[{"name":"wp","href":"https:\/\/api.w.org\/{rel}","templated":true}]}}