{"id":7209,"date":"2022-01-27T13:34:21","date_gmt":"2022-01-27T13:34:21","guid":{"rendered":"https:\/\/iberoid-shop.com\/?post_type=product&#038;p=7209"},"modified":"2025-12-14T10:47:17","modified_gmt":"2025-12-14T10:47:17","slug":"hygetropin-100iu","status":"publish","type":"product","link":"https:\/\/iberoid-shop.com\/it\/product\/hygetropin-100iu\/","title":{"rendered":"Hygetropin 100iu"},"content":{"rendered":"<p>L&#8217;ormone della crescita umano o HGH \u00e8 una molecola di 191 aminoacidi molto delicata, motivo per cui si consiglia vivamente di utilizzare solo HGH di grado farmaceutico. La molecola HGH non pu\u00f2 essere assunta per via orale. Se dovessi assumere HGH sotto forma di pillola, l&#8217;acido gastrico scomporr\u00e0 la molecola di HGH e non verr\u00e0 assorbito nel fegato dove viene ridistribuito come IGF-1 in tutto il corpo.<\/p>\n<p>L&#8217;ormone della crescita umano iniettabile ha una serie di vantaggi in cui rafforza il sistema immunitario, brucia pi\u00f9 tessuto adiposo e costruisce pi\u00f9 massa muscolare magra. In sostanza, l&#8217;HGH dice al tuo corpo di crescere, motivo per cui \u00e8 l&#8217;ideale per i bambini di bassa statura.<\/p>\n<p>L&#8217;HGH \u00e8 importante per la crescita di ossa e muscoli ed \u00e8 usato per trattare l&#8217;insufficienza della crescita nei bambini e negli adulti privi di HGH naturale e in quelli con insufficienza renale cronica, sindrome di Noonan, sindrome di Turner, sindrome di Prader-Willi, bassa statura alla nascita con nessuna crescita di recupero e altre cause. La somatropina \u00e8 anche usata per prevenire una grave perdita di peso nelle persone con AIDS o per trattare la sindrome dell&#8217;intestino corto.<\/p>\n<p>L&#8217;HGH aiuta a mantenere, costruire e riparare i tessuti sani nel cervello e in altri organi. Questo ormone pu\u00f2 aiutare ad accelerare la guarigione dopo un infortunio e riparare il tessuto muscolare dopo l&#8217;esercizio. Questo aiuta a costruire massa muscolare, aumentare il metabolismo e bruciare i grassi. Si dice anche che l&#8217;HGH apporti benefici alla qualit\u00e0 e all&#8217;aspetto della pelle.<\/p>","protected":false},"excerpt":{"rendered":"<p>L&#8217;ormone della crescita umano o HGH \u00e8 una molecola di 191 aminoacidi molto delicata, motivo per cui si consiglia vivamente<\/p>\n","protected":false},"featured_media":9379,"comment_status":"open","ping_status":"closed","template":"","meta":[],"product_brand":[],"product_cat":[76],"product_tag":[],"class_list":{"0":"post-7209","1":"product","2":"type-product","3":"status-publish","4":"has-post-thumbnail","6":"product_cat-hgh_peptido","8":"first","9":"outofstock","10":"sale","11":"shipping-taxable","12":"purchasable","13":"product-type-simple"},"yoast_head":"<!-- This site is optimized with the Yoast SEO Premium plugin v24.4 (Yoast SEO v27.3) - https:\/\/yoast.com\/product\/yoast-seo-premium-wordpress\/ -->\n<title>Hygetropin 100iu - Steroidi in linea<\/title>\n<meta name=\"description\" content=\"HGH (Ormone della Crescita Umano): Solo iniettabile. Rafforza l&#039;immunit\u00e0, brucia grassi, sviluppa massa muscolare magra. Tratta disturbi della crescita e favorisce il recupero. Si raccomanda il grado farmaceutico.\" \/>\n<meta name=\"robots\" content=\"index, follow, max-snippet:-1, max-image-preview:large, max-video-preview:-1\" \/>\n<link rel=\"canonical\" href=\"https:\/\/iberoid-shop.com\/it\/product\/hygetropin-100iu\/\" \/>\n<meta property=\"og:locale\" content=\"it_IT\" \/>\n<meta property=\"og:type\" content=\"article\" \/>\n<meta property=\"og:title\" content=\"Hygetropin 100iu\" \/>\n<meta property=\"og:description\" content=\"HGH (Ormone della Crescita Umano): Solo iniettabile. Rafforza l&#039;immunit\u00e0, brucia grassi, sviluppa massa muscolare magra. Tratta disturbi della crescita e favorisce il recupero. Si raccomanda il grado farmaceutico.\" \/>\n<meta property=\"og:url\" content=\"https:\/\/iberoid-shop.com\/it\/product\/hygetropin-100iu\/\" \/>\n<meta property=\"og:site_name\" content=\"Steroidi in linea\" \/>\n<meta property=\"article:modified_time\" content=\"2025-12-14T10:47:17+00:00\" \/>\n<meta property=\"og:image\" content=\"https:\/\/iberoid-shop.com\/wp-content\/uploads\/2022\/01\/hyge.webp\" \/>\n\t<meta property=\"og:image:width\" content=\"500\" \/>\n\t<meta property=\"og:image:height\" content=\"465\" \/>\n\t<meta property=\"og:image:type\" content=\"image\/webp\" \/>\n<meta name=\"twitter:card\" content=\"summary_large_image\" \/>\n<meta name=\"twitter:label1\" content=\"Prezzo\" \/>\n\t<meta name=\"twitter:data1\" content=\"&euro;120.00\" \/>\n\t<meta name=\"twitter:label2\" content=\"Disponibilit\u00e0\" \/>\n\t<meta name=\"twitter:data2\" content=\"Esaurito\" \/>\n<script type=\"application\/ld+json\" class=\"yoast-schema-graph\">{\"@context\":\"https:\\\/\\\/schema.org\",\"@graph\":[{\"@type\":\"WebPage\",\"@id\":\"https:\\\/\\\/iberoid-shop.com\\\/it\\\/product\\\/hygetropin-100iu\\\/\",\"url\":\"https:\\\/\\\/iberoid-shop.com\\\/it\\\/product\\\/hygetropin-100iu\\\/\",\"name\":\"Hygetropin 100iu - Steroidi in linea\",\"isPartOf\":{\"@id\":\"https:\\\/\\\/iberoid-shop.com\\\/it\\\/#website\"},\"primaryImageOfPage\":{\"@id\":\"https:\\\/\\\/iberoid-shop.com\\\/it\\\/product\\\/hygetropin-100iu\\\/#primaryimage\"},\"image\":{\"@id\":\"https:\\\/\\\/iberoid-shop.com\\\/it\\\/product\\\/hygetropin-100iu\\\/#primaryimage\"},\"thumbnailUrl\":\"https:\\\/\\\/iberoid-shop.com\\\/wp-content\\\/uploads\\\/2022\\\/01\\\/hyge.webp\",\"datePublished\":\"2022-01-27T13:34:21+00:00\",\"dateModified\":\"2025-12-14T10:47:17+00:00\",\"description\":\"HGH (Ormone della Crescita Umano): Solo iniettabile. Rafforza l'immunit\u00e0, brucia grassi, sviluppa massa muscolare magra. Tratta disturbi della crescita e favorisce il recupero. Si raccomanda il grado farmaceutico.\",\"breadcrumb\":{\"@id\":\"https:\\\/\\\/iberoid-shop.com\\\/it\\\/product\\\/hygetropin-100iu\\\/#breadcrumb\"},\"inLanguage\":\"it-IT\",\"potentialAction\":[{\"@type\":\"ReadAction\",\"target\":[[\"https:\\\/\\\/iberoid-shop.com\\\/it\\\/product\\\/hygetropin-100iu\\\/\"]]}]},{\"@type\":\"ImageObject\",\"inLanguage\":\"it-IT\",\"@id\":\"https:\\\/\\\/iberoid-shop.com\\\/it\\\/product\\\/hygetropin-100iu\\\/#primaryimage\",\"url\":\"https:\\\/\\\/iberoid-shop.com\\\/wp-content\\\/uploads\\\/2022\\\/01\\\/hyge.webp\",\"contentUrl\":\"https:\\\/\\\/iberoid-shop.com\\\/wp-content\\\/uploads\\\/2022\\\/01\\\/hyge.webp\",\"width\":500,\"height\":465,\"caption\":\"PACK 3 HYGETROPIN \\\/ 300 UI\"},{\"@type\":\"BreadcrumbList\",\"@id\":\"https:\\\/\\\/iberoid-shop.com\\\/it\\\/product\\\/hygetropin-100iu\\\/#breadcrumb\",\"itemListElement\":[{\"@type\":\"ListItem\",\"position\":1,\"name\":\"Portada\",\"item\":\"https:\\\/\\\/iberoid-shop.com\\\/it\\\/\"},{\"@type\":\"ListItem\",\"position\":2,\"name\":\"Negozio\",\"item\":\"https:\\\/\\\/iberoid-shop.com\\\/it\\\/shop\\\/\"},{\"@type\":\"ListItem\",\"position\":3,\"name\":\"Hygetropin 100iu\"}]},{\"@type\":\"WebSite\",\"@id\":\"https:\\\/\\\/iberoid-shop.com\\\/it\\\/#website\",\"url\":\"https:\\\/\\\/iberoid-shop.com\\\/it\\\/\",\"name\":\"Steroidi in linea\",\"description\":\"Acquista steroidi online oggi in Spagna e Portogallo. Abbiamo il miglior servizio clienti del settore e prodotti di altissima qualit\u00e0\",\"potentialAction\":[{\"@type\":\"SearchAction\",\"target\":{\"@type\":\"EntryPoint\",\"urlTemplate\":\"https:\\\/\\\/iberoid-shop.com\\\/it\\\/?s={search_term_string}\"},\"query-input\":{\"@type\":\"PropertyValueSpecification\",\"valueRequired\":true,\"valueName\":\"search_term_string\"}}],\"inLanguage\":\"it-IT\"}]}<\/script>\n<meta property=\"product:price:amount\" content=\"120.00\" \/>\n<meta property=\"product:price:currency\" content=\"EUR\" \/>\n<meta property=\"og:availability\" content=\"out of stock\" \/>\n<meta property=\"product:availability\" content=\"out of stock\" \/>\n<meta property=\"product:condition\" content=\"new\" \/>\n<!-- \/ Yoast SEO Premium plugin. -->","yoast_head_json":{"title":"Hygetropin 100iu - Steroidi in linea","description":"HGH (Ormone della Crescita Umano): Solo iniettabile. Rafforza l'immunit\u00e0, brucia grassi, sviluppa massa muscolare magra. Tratta disturbi della crescita e favorisce il recupero. Si raccomanda il grado farmaceutico.","robots":{"index":"index","follow":"follow","max-snippet":"max-snippet:-1","max-image-preview":"max-image-preview:large","max-video-preview":"max-video-preview:-1"},"canonical":"https:\/\/iberoid-shop.com\/it\/product\/hygetropin-100iu\/","og_locale":"it_IT","og_type":"article","og_title":"Hygetropin 100iu","og_description":"HGH (Ormone della Crescita Umano): Solo iniettabile. Rafforza l'immunit\u00e0, brucia grassi, sviluppa massa muscolare magra. Tratta disturbi della crescita e favorisce il recupero. Si raccomanda il grado farmaceutico.","og_url":"https:\/\/iberoid-shop.com\/it\/product\/hygetropin-100iu\/","og_site_name":"Steroidi in linea","article_modified_time":"2025-12-14T10:47:17+00:00","og_image":[{"width":500,"height":465,"url":"https:\/\/iberoid-shop.com\/wp-content\/uploads\/2022\/01\/hyge.webp","type":"image\/webp"}],"twitter_card":"summary_large_image","twitter_misc":{"Prezzo":"&euro;120.00","Disponibilit\u00e0":"Esaurito"},"schema":{"@context":"https:\/\/schema.org","@graph":[{"@type":"WebPage","@id":"https:\/\/iberoid-shop.com\/it\/product\/hygetropin-100iu\/","url":"https:\/\/iberoid-shop.com\/it\/product\/hygetropin-100iu\/","name":"Hygetropin 100iu - Steroidi in linea","isPartOf":{"@id":"https:\/\/iberoid-shop.com\/it\/#website"},"primaryImageOfPage":{"@id":"https:\/\/iberoid-shop.com\/it\/product\/hygetropin-100iu\/#primaryimage"},"image":{"@id":"https:\/\/iberoid-shop.com\/it\/product\/hygetropin-100iu\/#primaryimage"},"thumbnailUrl":"https:\/\/iberoid-shop.com\/wp-content\/uploads\/2022\/01\/hyge.webp","datePublished":"2022-01-27T13:34:21+00:00","dateModified":"2025-12-14T10:47:17+00:00","description":"HGH (Ormone della Crescita Umano): Solo iniettabile. Rafforza l'immunit\u00e0, brucia grassi, sviluppa massa muscolare magra. Tratta disturbi della crescita e favorisce il recupero. Si raccomanda il grado farmaceutico.","breadcrumb":{"@id":"https:\/\/iberoid-shop.com\/it\/product\/hygetropin-100iu\/#breadcrumb"},"inLanguage":"it-IT","potentialAction":[{"@type":"ReadAction","target":[["https:\/\/iberoid-shop.com\/it\/product\/hygetropin-100iu\/"]]}]},{"@type":"ImageObject","inLanguage":"it-IT","@id":"https:\/\/iberoid-shop.com\/it\/product\/hygetropin-100iu\/#primaryimage","url":"https:\/\/iberoid-shop.com\/wp-content\/uploads\/2022\/01\/hyge.webp","contentUrl":"https:\/\/iberoid-shop.com\/wp-content\/uploads\/2022\/01\/hyge.webp","width":500,"height":465,"caption":"PACK 3 HYGETROPIN \/ 300 UI"},{"@type":"BreadcrumbList","@id":"https:\/\/iberoid-shop.com\/it\/product\/hygetropin-100iu\/#breadcrumb","itemListElement":[{"@type":"ListItem","position":1,"name":"Portada","item":"https:\/\/iberoid-shop.com\/it\/"},{"@type":"ListItem","position":2,"name":"Negozio","item":"https:\/\/iberoid-shop.com\/it\/shop\/"},{"@type":"ListItem","position":3,"name":"Hygetropin 100iu"}]},{"@type":"WebSite","@id":"https:\/\/iberoid-shop.com\/it\/#website","url":"https:\/\/iberoid-shop.com\/it\/","name":"Steroidi in linea","description":"Acquista steroidi online oggi in Spagna e Portogallo. Abbiamo il miglior servizio clienti del settore e prodotti di altissima qualit\u00e0","potentialAction":[{"@type":"SearchAction","target":{"@type":"EntryPoint","urlTemplate":"https:\/\/iberoid-shop.com\/it\/?s={search_term_string}"},"query-input":{"@type":"PropertyValueSpecification","valueRequired":true,"valueName":"search_term_string"}}],"inLanguage":"it-IT"}]},"product_price_amount":"120.00","product_price_currency":"EUR","og_availability":"out of stock","product_availability":"out of stock","product_condition":"new"},"_links":{"self":[{"href":"https:\/\/iberoid-shop.com\/it\/wp-json\/wp\/v2\/product\/7209","targetHints":{"allow":["GET"]}}],"collection":[{"href":"https:\/\/iberoid-shop.com\/it\/wp-json\/wp\/v2\/product"}],"about":[{"href":"https:\/\/iberoid-shop.com\/it\/wp-json\/wp\/v2\/types\/product"}],"replies":[{"embeddable":true,"href":"https:\/\/iberoid-shop.com\/it\/wp-json\/wp\/v2\/comments?post=7209"}],"wp:featuredmedia":[{"embeddable":true,"href":"https:\/\/iberoid-shop.com\/it\/wp-json\/wp\/v2\/media\/9379"}],"wp:attachment":[{"href":"https:\/\/iberoid-shop.com\/it\/wp-json\/wp\/v2\/media?parent=7209"}],"wp:term":[{"taxonomy":"product_brand","embeddable":true,"href":"https:\/\/iberoid-shop.com\/it\/wp-json\/wp\/v2\/product_brand?post=7209"},{"taxonomy":"product_cat","embeddable":true,"href":"https:\/\/iberoid-shop.com\/it\/wp-json\/wp\/v2\/product_cat?post=7209"},{"taxonomy":"product_tag","embeddable":true,"href":"https:\/\/iberoid-shop.com\/it\/wp-json\/wp\/v2\/product_tag?post=7209"}],"curies":[{"name":"wp","href":"https:\/\/api.w.org\/{rel}","templated":true}]}}