{"id":7204,"date":"2022-01-27T12:46:18","date_gmt":"2022-01-27T12:46:18","guid":{"rendered":"https:\/\/iberoid-shop.com\/?post_type=product&#038;p=7204"},"modified":"2026-03-01T13:58:59","modified_gmt":"2026-03-01T13:58:59","slug":"evogene-alleygh","status":"publish","type":"product","link":"https:\/\/iberoid-shop.com\/it\/product\/evogene-alleygh\/","title":{"rendered":"EVOGENE ALLEY GH 10X10IU GH"},"content":{"rendered":"<p>La somatropina \u00e8 una forma di ormone della crescita umano. L&#8217;HGH \u00e8 importante per la crescita di ossa e muscoli ed \u00e8 usato per trattare l&#8217;insufficienza della crescita nei bambini e negli adulti privi di HGH naturale e in quelli con insufficienza renale cronica, sindrome di Noonan, sindrome di Turner, sindrome di Prader-Willi, bassa statura alla nascita con nessuna crescita di recupero e altre cause. La somatropina \u00e8 anche usata per prevenire una grave perdita di peso nelle persone con AIDS o per trattare la sindrome dell&#8217;intestino corto.<\/p>\n<p>Controindicazioni<\/p>\n<p>La somatropina \u00e8 controindicata nei pazienti allergici cos\u00ec come in quelli con:<\/p>\n<p>retinopatia diabetica<br \/>\ncancro<br \/>\nSindrome di Prader-Willi che sono in sovrappeso, hanno apnea notturna o gravi problemi respiratori (polmonari).<br \/>\ncomplicazioni a seguito di un intervento chirurgico a cuore aperto o allo stomaco<br \/>\ntrauma o altra emergenza medica<br \/>\nproblemi respiratori (come insufficienza polmonare)<br \/>\nmalattia del fegato<br \/>\nmalattie renali (o sono in dialisi)<br \/>\ndiabete<br \/>\nun disturbo della ghiandola pituitaria<br \/>\nscoliosi<br \/>\nipertensione<br \/>\nun disturbo del pancreas<br \/>\nuna storia di cancro<br \/>\nsindrome del tunnel carpale<br \/>\ntiroide ipoattiva<br \/>\nun tumore o una lesione al cervello<\/p>\n<p>I pazienti con sindrome di Prader-Willi devono cercare assistenza medica in presenza di qualsiasi segno di problemi polmonari o respiratori: mancanza di respiro, tosse o russamento nuovo o aumentato. Cercare assistenza medica di emergenza se si verifica uno qualsiasi dei segni di una reazione allergica: orticaria; respirazione difficile; gonfiore del viso, delle labbra, della lingua o della gola.<\/p>","protected":false},"excerpt":{"rendered":"<p>La somatropina \u00e8 una forma di ormone della crescita umano. L&#8217;HGH \u00e8 importante per la crescita di ossa e muscoli<\/p>\n","protected":false},"featured_media":7205,"comment_status":"open","ping_status":"closed","template":"","meta":[],"product_brand":[],"product_cat":[76],"product_tag":[],"class_list":{"0":"post-7204","1":"product","2":"type-product","3":"status-publish","4":"has-post-thumbnail","6":"product_cat-hgh_peptido","8":"first","9":"instock","10":"sale","11":"shipping-taxable","12":"purchasable","13":"product-type-simple"},"yoast_head":"<!-- This site is optimized with the Yoast SEO Premium plugin v24.4 (Yoast SEO v27.3) - https:\/\/yoast.com\/product\/yoast-seo-premium-wordpress\/ -->\n<title>EVOGENE ALLEY GH 10X10IU GH - Steroidi in linea<\/title>\n<meta name=\"description\" content=\"La somatropina (HGH) cura il ritardo della crescita nei bambini e negli adulti dovuto a varie condizioni\" \/>\n<meta name=\"robots\" content=\"index, follow, max-snippet:-1, max-image-preview:large, max-video-preview:-1\" \/>\n<link rel=\"canonical\" href=\"https:\/\/iberoid-shop.com\/it\/product\/evogene-alleygh\/\" \/>\n<meta property=\"og:locale\" content=\"it_IT\" \/>\n<meta property=\"og:type\" content=\"article\" \/>\n<meta property=\"og:title\" content=\"EVOGENE ALLEY GH 10X10IU GH\" \/>\n<meta property=\"og:description\" content=\"La somatropina (HGH) cura il ritardo della crescita nei bambini e negli adulti dovuto a varie condizioni\" \/>\n<meta property=\"og:url\" content=\"https:\/\/iberoid-shop.com\/it\/product\/evogene-alleygh\/\" \/>\n<meta property=\"og:site_name\" content=\"Steroidi in linea\" \/>\n<meta property=\"article:modified_time\" content=\"2026-03-01T13:58:59+00:00\" \/>\n<meta property=\"og:image\" content=\"https:\/\/iberoid-shop.com\/wp-content\/uploads\/2022\/01\/evo.jpg?v=1763660031\" \/>\n\t<meta property=\"og:image:width\" content=\"500\" \/>\n\t<meta property=\"og:image:height\" content=\"500\" \/>\n\t<meta property=\"og:image:type\" content=\"image\/jpeg\" \/>\n<meta name=\"twitter:card\" content=\"summary_large_image\" \/>\n<meta name=\"twitter:label1\" content=\"Prezzo\" \/>\n\t<meta name=\"twitter:data1\" content=\"&euro;150.00\" \/>\n\t<meta name=\"twitter:label2\" content=\"Disponibilit\u00e0\" \/>\n\t<meta name=\"twitter:data2\" content=\"In stock\" \/>\n<script type=\"application\/ld+json\" class=\"yoast-schema-graph\">{\"@context\":\"https:\\\/\\\/schema.org\",\"@graph\":[{\"@type\":\"WebPage\",\"@id\":\"https:\\\/\\\/iberoid-shop.com\\\/it\\\/product\\\/evogene-alleygh\\\/\",\"url\":\"https:\\\/\\\/iberoid-shop.com\\\/it\\\/product\\\/evogene-alleygh\\\/\",\"name\":\"EVOGENE ALLEY GH 10X10IU GH - Steroidi in linea\",\"isPartOf\":{\"@id\":\"https:\\\/\\\/iberoid-shop.com\\\/it\\\/#website\"},\"primaryImageOfPage\":{\"@id\":\"https:\\\/\\\/iberoid-shop.com\\\/it\\\/product\\\/evogene-alleygh\\\/#primaryimage\"},\"image\":{\"@id\":\"https:\\\/\\\/iberoid-shop.com\\\/it\\\/product\\\/evogene-alleygh\\\/#primaryimage\"},\"thumbnailUrl\":\"https:\\\/\\\/iberoid-shop.com\\\/wp-content\\\/uploads\\\/2022\\\/01\\\/evo.jpg?v=1763660031\",\"datePublished\":\"2022-01-27T12:46:18+00:00\",\"dateModified\":\"2026-03-01T13:58:59+00:00\",\"description\":\"La somatropina (HGH) cura il ritardo della crescita nei bambini e negli adulti dovuto a varie condizioni\",\"breadcrumb\":{\"@id\":\"https:\\\/\\\/iberoid-shop.com\\\/it\\\/product\\\/evogene-alleygh\\\/#breadcrumb\"},\"inLanguage\":\"it-IT\",\"potentialAction\":[{\"@type\":\"ReadAction\",\"target\":[[\"https:\\\/\\\/iberoid-shop.com\\\/it\\\/product\\\/evogene-alleygh\\\/\"]]}]},{\"@type\":\"ImageObject\",\"inLanguage\":\"it-IT\",\"@id\":\"https:\\\/\\\/iberoid-shop.com\\\/it\\\/product\\\/evogene-alleygh\\\/#primaryimage\",\"url\":\"https:\\\/\\\/iberoid-shop.com\\\/wp-content\\\/uploads\\\/2022\\\/01\\\/evo.jpg?v=1763660031\",\"contentUrl\":\"https:\\\/\\\/iberoid-shop.com\\\/wp-content\\\/uploads\\\/2022\\\/01\\\/evo.jpg?v=1763660031\",\"width\":500,\"height\":500},{\"@type\":\"BreadcrumbList\",\"@id\":\"https:\\\/\\\/iberoid-shop.com\\\/it\\\/product\\\/evogene-alleygh\\\/#breadcrumb\",\"itemListElement\":[{\"@type\":\"ListItem\",\"position\":1,\"name\":\"Portada\",\"item\":\"https:\\\/\\\/iberoid-shop.com\\\/it\\\/\"},{\"@type\":\"ListItem\",\"position\":2,\"name\":\"Negozio\",\"item\":\"https:\\\/\\\/iberoid-shop.com\\\/it\\\/shop\\\/\"},{\"@type\":\"ListItem\",\"position\":3,\"name\":\"EVOGENE ALLEY GH 10X10IU GH\"}]},{\"@type\":\"WebSite\",\"@id\":\"https:\\\/\\\/iberoid-shop.com\\\/it\\\/#website\",\"url\":\"https:\\\/\\\/iberoid-shop.com\\\/it\\\/\",\"name\":\"Steroidi in linea\",\"description\":\"Acquista steroidi online oggi in Spagna e Portogallo. Abbiamo il miglior servizio clienti del settore e prodotti di altissima qualit\u00e0\",\"potentialAction\":[{\"@type\":\"SearchAction\",\"target\":{\"@type\":\"EntryPoint\",\"urlTemplate\":\"https:\\\/\\\/iberoid-shop.com\\\/it\\\/?s={search_term_string}\"},\"query-input\":{\"@type\":\"PropertyValueSpecification\",\"valueRequired\":true,\"valueName\":\"search_term_string\"}}],\"inLanguage\":\"it-IT\"}]}<\/script>\n<meta property=\"product:brand\" content=\"Alley Gh\" \/>\n<meta property=\"product:price:amount\" content=\"150.00\" \/>\n<meta property=\"product:price:currency\" content=\"EUR\" \/>\n<meta property=\"og:availability\" content=\"instock\" \/>\n<meta property=\"product:availability\" content=\"instock\" \/>\n<meta property=\"product:condition\" content=\"new\" \/>\n<!-- \/ Yoast SEO Premium plugin. -->","yoast_head_json":{"title":"EVOGENE ALLEY GH 10X10IU GH - Steroidi in linea","description":"La somatropina (HGH) cura il ritardo della crescita nei bambini e negli adulti dovuto a varie condizioni","robots":{"index":"index","follow":"follow","max-snippet":"max-snippet:-1","max-image-preview":"max-image-preview:large","max-video-preview":"max-video-preview:-1"},"canonical":"https:\/\/iberoid-shop.com\/it\/product\/evogene-alleygh\/","og_locale":"it_IT","og_type":"article","og_title":"EVOGENE ALLEY GH 10X10IU GH","og_description":"La somatropina (HGH) cura il ritardo della crescita nei bambini e negli adulti dovuto a varie condizioni","og_url":"https:\/\/iberoid-shop.com\/it\/product\/evogene-alleygh\/","og_site_name":"Steroidi in linea","article_modified_time":"2026-03-01T13:58:59+00:00","og_image":[{"width":500,"height":500,"url":"https:\/\/iberoid-shop.com\/wp-content\/uploads\/2022\/01\/evo.jpg?v=1763660031","type":"image\/jpeg"}],"twitter_card":"summary_large_image","twitter_misc":{"Prezzo":"&euro;150.00","Disponibilit\u00e0":"In stock"},"schema":{"@context":"https:\/\/schema.org","@graph":[{"@type":"WebPage","@id":"https:\/\/iberoid-shop.com\/it\/product\/evogene-alleygh\/","url":"https:\/\/iberoid-shop.com\/it\/product\/evogene-alleygh\/","name":"EVOGENE ALLEY GH 10X10IU GH - Steroidi in linea","isPartOf":{"@id":"https:\/\/iberoid-shop.com\/it\/#website"},"primaryImageOfPage":{"@id":"https:\/\/iberoid-shop.com\/it\/product\/evogene-alleygh\/#primaryimage"},"image":{"@id":"https:\/\/iberoid-shop.com\/it\/product\/evogene-alleygh\/#primaryimage"},"thumbnailUrl":"https:\/\/iberoid-shop.com\/wp-content\/uploads\/2022\/01\/evo.jpg?v=1763660031","datePublished":"2022-01-27T12:46:18+00:00","dateModified":"2026-03-01T13:58:59+00:00","description":"La somatropina (HGH) cura il ritardo della crescita nei bambini e negli adulti dovuto a varie condizioni","breadcrumb":{"@id":"https:\/\/iberoid-shop.com\/it\/product\/evogene-alleygh\/#breadcrumb"},"inLanguage":"it-IT","potentialAction":[{"@type":"ReadAction","target":[["https:\/\/iberoid-shop.com\/it\/product\/evogene-alleygh\/"]]}]},{"@type":"ImageObject","inLanguage":"it-IT","@id":"https:\/\/iberoid-shop.com\/it\/product\/evogene-alleygh\/#primaryimage","url":"https:\/\/iberoid-shop.com\/wp-content\/uploads\/2022\/01\/evo.jpg?v=1763660031","contentUrl":"https:\/\/iberoid-shop.com\/wp-content\/uploads\/2022\/01\/evo.jpg?v=1763660031","width":500,"height":500},{"@type":"BreadcrumbList","@id":"https:\/\/iberoid-shop.com\/it\/product\/evogene-alleygh\/#breadcrumb","itemListElement":[{"@type":"ListItem","position":1,"name":"Portada","item":"https:\/\/iberoid-shop.com\/it\/"},{"@type":"ListItem","position":2,"name":"Negozio","item":"https:\/\/iberoid-shop.com\/it\/shop\/"},{"@type":"ListItem","position":3,"name":"EVOGENE ALLEY GH 10X10IU GH"}]},{"@type":"WebSite","@id":"https:\/\/iberoid-shop.com\/it\/#website","url":"https:\/\/iberoid-shop.com\/it\/","name":"Steroidi in linea","description":"Acquista steroidi online oggi in Spagna e Portogallo. Abbiamo il miglior servizio clienti del settore e prodotti di altissima qualit\u00e0","potentialAction":[{"@type":"SearchAction","target":{"@type":"EntryPoint","urlTemplate":"https:\/\/iberoid-shop.com\/it\/?s={search_term_string}"},"query-input":{"@type":"PropertyValueSpecification","valueRequired":true,"valueName":"search_term_string"}}],"inLanguage":"it-IT"}]},"product_brand":"Alley Gh","product_price_amount":"150.00","product_price_currency":"EUR","og_availability":"instock","product_availability":"instock","product_condition":"new"},"_links":{"self":[{"href":"https:\/\/iberoid-shop.com\/it\/wp-json\/wp\/v2\/product\/7204","targetHints":{"allow":["GET"]}}],"collection":[{"href":"https:\/\/iberoid-shop.com\/it\/wp-json\/wp\/v2\/product"}],"about":[{"href":"https:\/\/iberoid-shop.com\/it\/wp-json\/wp\/v2\/types\/product"}],"replies":[{"embeddable":true,"href":"https:\/\/iberoid-shop.com\/it\/wp-json\/wp\/v2\/comments?post=7204"}],"wp:featuredmedia":[{"embeddable":true,"href":"https:\/\/iberoid-shop.com\/it\/wp-json\/wp\/v2\/media\/7205"}],"wp:attachment":[{"href":"https:\/\/iberoid-shop.com\/it\/wp-json\/wp\/v2\/media?parent=7204"}],"wp:term":[{"taxonomy":"product_brand","embeddable":true,"href":"https:\/\/iberoid-shop.com\/it\/wp-json\/wp\/v2\/product_brand?post=7204"},{"taxonomy":"product_cat","embeddable":true,"href":"https:\/\/iberoid-shop.com\/it\/wp-json\/wp\/v2\/product_cat?post=7204"},{"taxonomy":"product_tag","embeddable":true,"href":"https:\/\/iberoid-shop.com\/it\/wp-json\/wp\/v2\/product_tag?post=7204"}],"curies":[{"name":"wp","href":"https:\/\/api.w.org\/{rel}","templated":true}]}}