{"id":7194,"date":"2022-01-24T22:58:16","date_gmt":"2022-01-24T22:58:16","guid":{"rendered":"https:\/\/iberoid-shop.com\/?post_type=product&#038;p=7194"},"modified":"2023-08-13T14:25:06","modified_gmt":"2023-08-13T14:25:06","slug":"testosterone-enanthate-250-mg-ml-epf","status":"publish","type":"product","link":"https:\/\/iberoid-shop.com\/it\/product\/testosterone-enanthate-250-mg-ml-epf\/","title":{"rendered":"TESTOSTERONE ENANTHATE 250 MG\/ML"},"content":{"rendered":"<p>A causa del fatto che la sostanza del farmaco \u00e8 a base di olio, supporta la diffusione graduale del testosterone dal punto di iniezione. Il motivo per cui quella lenta diffusione \u00e8 cos\u00ec preziosa \u00e8 che l&#8217;indice di testosterone rimane elevato per circa 14 giorni (a volte ci vogliono anche 3 settimane prima che il livello di testosterone torni alla normalit\u00e0).<\/p>\n<p>Poich\u00e9 il periodo di funzionamento attivo del testosterone enantato nell&#8217;organismo umano \u00e8 piuttosto lungo, viene utilizzato per diversi scopi medici. Ad esempio, le manifestazioni dell&#8217;ipogonadotropismo vengono trattate per mezzo di questo ormone, cos\u00ec come le malattie simili con livelli ridotti di androgeni. Come l&#8217;altro testosterone, inclusi gli steroidi, questo farmaco ha gravi caratteristiche androgene e anaboliche. Quando usi Testoged E, ordinato sul nostro sito stero-market.com, ti sentirai come se il farmaco stesse stimolando la resistenza, la massa muscolare e la potenza. Anche il desiderio sessuale sar\u00e0 aumentato durante la somministrazione. Anche l&#8217;assunzione di ossigeno nel sangue sar\u00e0 elevata.<\/p>\n<p>Il testosterone enantato sta stimolando una ritenzione pi\u00f9 attiva di azoto nei tessuti muscolari, in altre parole i migliori risultati saranno facilmente raggiunti. Ulteriori vantaggi del farmaco sono i seguenti: funzionamento stimolato delle cellule perivascolari (supportano il recupero dei muscoli danneggiati); l&#8217;aumento dell&#8217;indice IGF-1 nei tessuti muscolari ed epatici.<\/p>\n<p>Dosaggio<\/p>\n<p>Il dosaggio settimanale abituale va da 250 a 1000 mg. Raramente, gli atleti esperti ne prendono ancora di pi\u00f9. La quantit\u00e0 totale del farmaco a settimana deve essere suddivisa in due iniezioni, poich\u00e9 l&#8217;emivita di Testoged E dura fino a 5 giorni. La separazione del dosaggio manterr\u00e0 i livelli ematici invariabili. Per coloro che stanno provando la somministrazione di Testosterone Enanthate per la prima volta, si consiglia di assumere il farmaco per non pi\u00f9 di 10 settimane, dopo averlo ordinato su stero-market.com.<\/p>\n<p>La fiala Golden Dragon Testoged E da 10 ml \u00e8 benefica per aumentare la massa muscolare quando la si utilizza sia con che senza i farmaci aggiuntivi. Il farmaco si combina perfettamente con la maggior parte degli altri steroidi. Gli esempi di costituenti aggiuntivi di Testoged E per le combinazioni degne sono Nandrolone, Methandienone, Boldenone. Queste combinazioni sono preferite dagli atleti esperti per la capacit\u00e0 di ottenere i migliori risultati nell&#8217;aumento di massa. \u00c8 meglio per i principianti non impilare i farmaci per conoscere la reazione dell&#8217;organismo ai componenti di ciascun farmaco. \u00c8 probabile che durante il corso sia necessaria l&#8217;aggiunta di preparati anti-estrogeni. Al periodo PCT, si consiglia di utilizzare Clomiphene o Tamoxifene.<\/p>\n<p>Effetti collaterali<\/p>\n<p>Gli effetti collaterali pi\u00f9 possibili di Golden Dragon Testoged E sono idrope, crescita accelerata dei capelli, ginecomastia, brufoli sulla pelle della schiena, elevata tensione sanguigna e maggiore aggressivit\u00e0. Il farmaco non \u00e8 tossico per il fegato se usato in quantit\u00e0 adeguate.<\/p>","protected":false},"excerpt":{"rendered":"<p>A causa del fatto che la sostanza del farmaco \u00e8 a base di olio, supporta la diffusione graduale del testosterone<\/p>\n","protected":false},"featured_media":7195,"comment_status":"open","ping_status":"closed","template":"","meta":[],"product_brand":[],"product_cat":[69],"product_tag":[3469],"class_list":{"0":"post-7194","1":"product","2":"type-product","3":"status-publish","4":"has-post-thumbnail","6":"product_cat-esteroides_inyectables","7":"product_tag-10-ampollas-caja","9":"first","10":"outofstock","11":"shipping-taxable","12":"purchasable","13":"product-type-simple"},"yoast_head":"<!-- This site is optimized with the Yoast SEO Premium plugin v24.4 (Yoast SEO v27.0) - https:\/\/yoast.com\/product\/yoast-seo-premium-wordpress\/ -->\n<title>TESTOSTERONE ENANTHATE 250 MG\/ML - Steroidi in linea<\/title>\n<meta name=\"robots\" content=\"index, follow, max-snippet:-1, max-image-preview:large, max-video-preview:-1\" \/>\n<link rel=\"canonical\" href=\"https:\/\/iberoid-shop.com\/it\/product\/testosterone-enanthate-250-mg-ml-epf\/\" \/>\n<meta property=\"og:locale\" content=\"it_IT\" \/>\n<meta property=\"og:type\" content=\"article\" \/>\n<meta property=\"og:title\" content=\"TESTOSTERONE ENANTHATE 250 MG\/ML\" \/>\n<meta property=\"og:description\" content=\"A causa del fatto che la sostanza del farmaco \u00e8 a base di olio, supporta la diffusione graduale del testosterone\" \/>\n<meta property=\"og:url\" content=\"https:\/\/iberoid-shop.com\/it\/product\/testosterone-enanthate-250-mg-ml-epf\/\" \/>\n<meta property=\"og:site_name\" content=\"Steroidi in linea\" \/>\n<meta property=\"article:modified_time\" content=\"2023-08-13T14:25:06+00:00\" \/>\n<meta property=\"og:image\" content=\"https:\/\/iberoid-shop.com\/wp-content\/uploads\/2022\/01\/testosterone-enanthate-250-mg-ml-.jpg?v=1678119931\" \/>\n\t<meta property=\"og:image:width\" content=\"1100\" \/>\n\t<meta property=\"og:image:height\" content=\"1422\" \/>\n\t<meta property=\"og:image:type\" content=\"image\/jpeg\" \/>\n<meta name=\"twitter:card\" content=\"summary_large_image\" \/>\n<meta name=\"twitter:label1\" content=\"Prezzo\" \/>\n\t<meta name=\"twitter:data1\" content=\"&euro;40.00\" \/>\n\t<meta name=\"twitter:label2\" content=\"Disponibilit\u00e0\" \/>\n\t<meta name=\"twitter:data2\" content=\"Esaurito\" \/>\n<script type=\"application\/ld+json\" class=\"yoast-schema-graph\">{\"@context\":\"https:\/\/schema.org\",\"@graph\":[{\"@type\":\"WebPage\",\"@id\":\"https:\/\/iberoid-shop.com\/it\/product\/testosterone-enanthate-250-mg-ml-epf\/\",\"url\":\"https:\/\/iberoid-shop.com\/it\/product\/testosterone-enanthate-250-mg-ml-epf\/\",\"name\":\"TESTOSTERONE ENANTHATE 250 MG\/ML - Steroidi in linea\",\"isPartOf\":{\"@id\":\"https:\/\/iberoid-shop.com\/it\/#website\"},\"primaryImageOfPage\":{\"@id\":\"https:\/\/iberoid-shop.com\/it\/product\/testosterone-enanthate-250-mg-ml-epf\/#primaryimage\"},\"image\":{\"@id\":\"https:\/\/iberoid-shop.com\/it\/product\/testosterone-enanthate-250-mg-ml-epf\/#primaryimage\"},\"thumbnailUrl\":\"https:\/\/iberoid-shop.com\/wp-content\/uploads\/2022\/01\/testosterone-enanthate-250-mg-ml-.jpg?v=1678119931\",\"datePublished\":\"2022-01-24T22:58:16+00:00\",\"dateModified\":\"2023-08-13T14:25:06+00:00\",\"breadcrumb\":{\"@id\":\"https:\/\/iberoid-shop.com\/it\/product\/testosterone-enanthate-250-mg-ml-epf\/#breadcrumb\"},\"inLanguage\":\"it-IT\",\"potentialAction\":[{\"@type\":\"ReadAction\",\"target\":[[\"https:\/\/iberoid-shop.com\/it\/product\/testosterone-enanthate-250-mg-ml-epf\/\"]]}]},{\"@type\":\"ImageObject\",\"inLanguage\":\"it-IT\",\"@id\":\"https:\/\/iberoid-shop.com\/it\/product\/testosterone-enanthate-250-mg-ml-epf\/#primaryimage\",\"url\":\"https:\/\/iberoid-shop.com\/wp-content\/uploads\/2022\/01\/testosterone-enanthate-250-mg-ml-.jpg?v=1678119931\",\"contentUrl\":\"https:\/\/iberoid-shop.com\/wp-content\/uploads\/2022\/01\/testosterone-enanthate-250-mg-ml-.jpg?v=1678119931\",\"width\":1100,\"height\":1422},{\"@type\":\"BreadcrumbList\",\"@id\":\"https:\/\/iberoid-shop.com\/it\/product\/testosterone-enanthate-250-mg-ml-epf\/#breadcrumb\",\"itemListElement\":[{\"@type\":\"ListItem\",\"position\":1,\"name\":\"Portada\",\"item\":\"https:\/\/iberoid-shop.com\/it\/\"},{\"@type\":\"ListItem\",\"position\":2,\"name\":\"Negozio\",\"item\":\"https:\/\/iberoid-shop.com\/it\/shop\/\"},{\"@type\":\"ListItem\",\"position\":3,\"name\":\"TESTOSTERONE ENANTHATE 250 MG\/ML\"}]},{\"@type\":\"WebSite\",\"@id\":\"https:\/\/iberoid-shop.com\/it\/#website\",\"url\":\"https:\/\/iberoid-shop.com\/it\/\",\"name\":\"Steroidi in linea\",\"description\":\"Acquista steroidi online oggi in Spagna e Portogallo. Abbiamo il miglior servizio clienti del settore e prodotti di altissima qualit\u00e0\",\"potentialAction\":[{\"@type\":\"SearchAction\",\"target\":{\"@type\":\"EntryPoint\",\"urlTemplate\":\"https:\/\/iberoid-shop.com\/it\/?s={search_term_string}\"},\"query-input\":{\"@type\":\"PropertyValueSpecification\",\"valueRequired\":true,\"valueName\":\"search_term_string\"}}],\"inLanguage\":\"it-IT\"}]}<\/script>\n<meta property=\"product:brand\" content=\"Euro Prime Pharmaceuticals (EPF)\" \/>\n<meta property=\"product:price:amount\" content=\"40.00\" \/>\n<meta property=\"product:price:currency\" content=\"EUR\" \/>\n<meta property=\"og:availability\" content=\"out of stock\" \/>\n<meta property=\"product:availability\" content=\"out of stock\" \/>\n<meta property=\"product:condition\" content=\"new\" \/>\n<!-- \/ Yoast SEO Premium plugin. -->","yoast_head_json":{"title":"TESTOSTERONE ENANTHATE 250 MG\/ML - Steroidi in linea","robots":{"index":"index","follow":"follow","max-snippet":"max-snippet:-1","max-image-preview":"max-image-preview:large","max-video-preview":"max-video-preview:-1"},"canonical":"https:\/\/iberoid-shop.com\/it\/product\/testosterone-enanthate-250-mg-ml-epf\/","og_locale":"it_IT","og_type":"article","og_title":"TESTOSTERONE ENANTHATE 250 MG\/ML","og_description":"A causa del fatto che la sostanza del farmaco \u00e8 a base di olio, supporta la diffusione graduale del testosterone","og_url":"https:\/\/iberoid-shop.com\/it\/product\/testosterone-enanthate-250-mg-ml-epf\/","og_site_name":"Steroidi in linea","article_modified_time":"2023-08-13T14:25:06+00:00","og_image":[{"width":1100,"height":1422,"url":"https:\/\/iberoid-shop.com\/wp-content\/uploads\/2022\/01\/testosterone-enanthate-250-mg-ml-.jpg?v=1678119931","type":"image\/jpeg"}],"twitter_card":"summary_large_image","twitter_misc":{"Prezzo":"&euro;40.00","Disponibilit\u00e0":"Esaurito"},"schema":{"@context":"https:\/\/schema.org","@graph":[{"@type":"WebPage","@id":"https:\/\/iberoid-shop.com\/it\/product\/testosterone-enanthate-250-mg-ml-epf\/","url":"https:\/\/iberoid-shop.com\/it\/product\/testosterone-enanthate-250-mg-ml-epf\/","name":"TESTOSTERONE ENANTHATE 250 MG\/ML - Steroidi in linea","isPartOf":{"@id":"https:\/\/iberoid-shop.com\/it\/#website"},"primaryImageOfPage":{"@id":"https:\/\/iberoid-shop.com\/it\/product\/testosterone-enanthate-250-mg-ml-epf\/#primaryimage"},"image":{"@id":"https:\/\/iberoid-shop.com\/it\/product\/testosterone-enanthate-250-mg-ml-epf\/#primaryimage"},"thumbnailUrl":"https:\/\/iberoid-shop.com\/wp-content\/uploads\/2022\/01\/testosterone-enanthate-250-mg-ml-.jpg?v=1678119931","datePublished":"2022-01-24T22:58:16+00:00","dateModified":"2023-08-13T14:25:06+00:00","breadcrumb":{"@id":"https:\/\/iberoid-shop.com\/it\/product\/testosterone-enanthate-250-mg-ml-epf\/#breadcrumb"},"inLanguage":"it-IT","potentialAction":[{"@type":"ReadAction","target":[["https:\/\/iberoid-shop.com\/it\/product\/testosterone-enanthate-250-mg-ml-epf\/"]]}]},{"@type":"ImageObject","inLanguage":"it-IT","@id":"https:\/\/iberoid-shop.com\/it\/product\/testosterone-enanthate-250-mg-ml-epf\/#primaryimage","url":"https:\/\/iberoid-shop.com\/wp-content\/uploads\/2022\/01\/testosterone-enanthate-250-mg-ml-.jpg?v=1678119931","contentUrl":"https:\/\/iberoid-shop.com\/wp-content\/uploads\/2022\/01\/testosterone-enanthate-250-mg-ml-.jpg?v=1678119931","width":1100,"height":1422},{"@type":"BreadcrumbList","@id":"https:\/\/iberoid-shop.com\/it\/product\/testosterone-enanthate-250-mg-ml-epf\/#breadcrumb","itemListElement":[{"@type":"ListItem","position":1,"name":"Portada","item":"https:\/\/iberoid-shop.com\/it\/"},{"@type":"ListItem","position":2,"name":"Negozio","item":"https:\/\/iberoid-shop.com\/it\/shop\/"},{"@type":"ListItem","position":3,"name":"TESTOSTERONE ENANTHATE 250 MG\/ML"}]},{"@type":"WebSite","@id":"https:\/\/iberoid-shop.com\/it\/#website","url":"https:\/\/iberoid-shop.com\/it\/","name":"Steroidi in linea","description":"Acquista steroidi online oggi in Spagna e Portogallo. Abbiamo il miglior servizio clienti del settore e prodotti di altissima qualit\u00e0","potentialAction":[{"@type":"SearchAction","target":{"@type":"EntryPoint","urlTemplate":"https:\/\/iberoid-shop.com\/it\/?s={search_term_string}"},"query-input":{"@type":"PropertyValueSpecification","valueRequired":true,"valueName":"search_term_string"}}],"inLanguage":"it-IT"}]},"product_brand":"Euro Prime Pharmaceuticals (EPF)","product_price_amount":"40.00","product_price_currency":"EUR","og_availability":"out of stock","product_availability":"out of stock","product_condition":"new"},"_links":{"self":[{"href":"https:\/\/iberoid-shop.com\/it\/wp-json\/wp\/v2\/product\/7194","targetHints":{"allow":["GET"]}}],"collection":[{"href":"https:\/\/iberoid-shop.com\/it\/wp-json\/wp\/v2\/product"}],"about":[{"href":"https:\/\/iberoid-shop.com\/it\/wp-json\/wp\/v2\/types\/product"}],"replies":[{"embeddable":true,"href":"https:\/\/iberoid-shop.com\/it\/wp-json\/wp\/v2\/comments?post=7194"}],"wp:featuredmedia":[{"embeddable":true,"href":"https:\/\/iberoid-shop.com\/it\/wp-json\/wp\/v2\/media\/7195"}],"wp:attachment":[{"href":"https:\/\/iberoid-shop.com\/it\/wp-json\/wp\/v2\/media?parent=7194"}],"wp:term":[{"taxonomy":"product_brand","embeddable":true,"href":"https:\/\/iberoid-shop.com\/it\/wp-json\/wp\/v2\/product_brand?post=7194"},{"taxonomy":"product_cat","embeddable":true,"href":"https:\/\/iberoid-shop.com\/it\/wp-json\/wp\/v2\/product_cat?post=7194"},{"taxonomy":"product_tag","embeddable":true,"href":"https:\/\/iberoid-shop.com\/it\/wp-json\/wp\/v2\/product_tag?post=7194"}],"curies":[{"name":"wp","href":"https:\/\/api.w.org\/{rel}","templated":true}]}}