{"id":7162,"date":"2022-01-12T13:37:58","date_gmt":"2022-01-12T13:37:58","guid":{"rendered":"https:\/\/iberoid-shop.com\/?post_type=product&#038;p=7162"},"modified":"2025-02-02T12:50:46","modified_gmt":"2025-02-02T12:50:46","slug":"sptropin-caja-10-x-10-ui","status":"publish","type":"product","link":"https:\/\/iberoid-shop.com\/it\/product\/sptropin-caja-10-x-10-ui\/","title":{"rendered":"SP TROPIN box 10 X 10 UI"},"content":{"rendered":"<p>SP Tropin\u00a0ou horm\u00f4nios de crescimento humano (hGH ou HGH) \u00e9 um horm\u00f4nio pept\u00eddico que estimula o crescimento, a regenera\u00e7\u00e3o celular e a reprodu\u00e7\u00e3o, a produ\u00e7\u00e3o de IGF-1, \u00e1cidos graxos livres e aumenta a concentra\u00e7\u00e3o de glicose.<\/p>\n<p>Principalmente est\u00e1 sendo usado para tratar dist\u00farbios de crescimento de crian\u00e7as e adulto\u00a0SP Tropin\u00a0ou horm\u00f4nios de crescimento humano (hGH ou HGH) \u00e9 um horm\u00f4nio pept\u00eddico que estimula o crescimento, regenera\u00e7\u00e3o celular e reprodu\u00e7\u00e3o, produ\u00e7\u00e3o de IGF-1, \u00e1cidos graxos livres e aumenta a concentra\u00e7\u00e3o de glicose. defici\u00eancia.<\/p>","protected":false},"excerpt":{"rendered":"<p>SP Tropin\u00a0ou horm\u00f4nios de crescimento humano (hGH ou HGH) \u00e9 um horm\u00f4nio pept\u00eddico que estimula o crescimento, a regenera\u00e7\u00e3o celular<\/p>\n","protected":false},"featured_media":7163,"comment_status":"open","ping_status":"closed","template":"","meta":[],"product_brand":[],"product_cat":[76],"product_tag":[],"class_list":{"0":"post-7162","1":"product","2":"type-product","3":"status-publish","4":"has-post-thumbnail","6":"product_cat-hgh_peptido","8":"first","9":"outofstock","10":"sale","11":"shipping-taxable","12":"purchasable","13":"product-type-simple"},"yoast_head":"<!-- This site is optimized with the Yoast SEO Premium plugin v24.4 (Yoast SEO v27.0) - https:\/\/yoast.com\/product\/yoast-seo-premium-wordpress\/ -->\n<title>SP TROPIN box 10 X 10 UI - Steroidi in linea<\/title>\n<meta name=\"robots\" content=\"index, follow, max-snippet:-1, max-image-preview:large, max-video-preview:-1\" \/>\n<link rel=\"canonical\" href=\"https:\/\/iberoid-shop.com\/it\/product\/sptropin-caja-10-x-10-ui\/\" \/>\n<meta property=\"og:locale\" content=\"it_IT\" \/>\n<meta property=\"og:type\" content=\"article\" \/>\n<meta property=\"og:title\" content=\"SP TROPIN box 10 X 10 UI\" \/>\n<meta property=\"og:description\" content=\"SP Tropin\u00a0ou horm\u00f4nios de crescimento humano (hGH ou HGH) \u00e9 um horm\u00f4nio pept\u00eddico que estimula o crescimento, a regenera\u00e7\u00e3o celular\" \/>\n<meta property=\"og:url\" content=\"https:\/\/iberoid-shop.com\/it\/product\/sptropin-caja-10-x-10-ui\/\" \/>\n<meta property=\"og:site_name\" content=\"Steroidi in linea\" \/>\n<meta property=\"article:modified_time\" content=\"2025-02-02T12:50:46+00:00\" \/>\n<meta property=\"og:image\" content=\"https:\/\/iberoid-shop.com\/wp-content\/uploads\/2022\/01\/sp-tropin-10-iu.jpg?v=1678119932\" \/>\n\t<meta property=\"og:image:width\" content=\"600\" \/>\n\t<meta property=\"og:image:height\" content=\"400\" \/>\n\t<meta property=\"og:image:type\" content=\"image\/jpeg\" \/>\n<meta name=\"twitter:card\" content=\"summary_large_image\" \/>\n<meta name=\"twitter:label1\" content=\"Prezzo\" \/>\n\t<meta name=\"twitter:data1\" content=\"&euro;150.00\" \/>\n\t<meta name=\"twitter:label2\" content=\"Disponibilit\u00e0\" \/>\n\t<meta name=\"twitter:data2\" content=\"Esaurito\" \/>\n<script type=\"application\/ld+json\" class=\"yoast-schema-graph\">{\"@context\":\"https:\/\/schema.org\",\"@graph\":[{\"@type\":\"WebPage\",\"@id\":\"https:\/\/iberoid-shop.com\/it\/product\/sptropin-caja-10-x-10-ui\/\",\"url\":\"https:\/\/iberoid-shop.com\/it\/product\/sptropin-caja-10-x-10-ui\/\",\"name\":\"SP TROPIN box 10 X 10 UI - Steroidi in linea\",\"isPartOf\":{\"@id\":\"https:\/\/iberoid-shop.com\/it\/#website\"},\"primaryImageOfPage\":{\"@id\":\"https:\/\/iberoid-shop.com\/it\/product\/sptropin-caja-10-x-10-ui\/#primaryimage\"},\"image\":{\"@id\":\"https:\/\/iberoid-shop.com\/it\/product\/sptropin-caja-10-x-10-ui\/#primaryimage\"},\"thumbnailUrl\":\"https:\/\/iberoid-shop.com\/wp-content\/uploads\/2022\/01\/sp-tropin-10-iu.jpg?v=1678119932\",\"datePublished\":\"2022-01-12T13:37:58+00:00\",\"dateModified\":\"2025-02-02T12:50:46+00:00\",\"breadcrumb\":{\"@id\":\"https:\/\/iberoid-shop.com\/it\/product\/sptropin-caja-10-x-10-ui\/#breadcrumb\"},\"inLanguage\":\"it-IT\",\"potentialAction\":[{\"@type\":\"ReadAction\",\"target\":[[\"https:\/\/iberoid-shop.com\/it\/product\/sptropin-caja-10-x-10-ui\/\"]]}]},{\"@type\":\"ImageObject\",\"inLanguage\":\"it-IT\",\"@id\":\"https:\/\/iberoid-shop.com\/it\/product\/sptropin-caja-10-x-10-ui\/#primaryimage\",\"url\":\"https:\/\/iberoid-shop.com\/wp-content\/uploads\/2022\/01\/sp-tropin-10-iu.jpg?v=1678119932\",\"contentUrl\":\"https:\/\/iberoid-shop.com\/wp-content\/uploads\/2022\/01\/sp-tropin-10-iu.jpg?v=1678119932\",\"width\":600,\"height\":400},{\"@type\":\"BreadcrumbList\",\"@id\":\"https:\/\/iberoid-shop.com\/it\/product\/sptropin-caja-10-x-10-ui\/#breadcrumb\",\"itemListElement\":[{\"@type\":\"ListItem\",\"position\":1,\"name\":\"Portada\",\"item\":\"https:\/\/iberoid-shop.com\/it\/\"},{\"@type\":\"ListItem\",\"position\":2,\"name\":\"Negozio\",\"item\":\"https:\/\/iberoid-shop.com\/it\/shop\/\"},{\"@type\":\"ListItem\",\"position\":3,\"name\":\"SP TROPIN box 10 X 10 UI\"}]},{\"@type\":\"WebSite\",\"@id\":\"https:\/\/iberoid-shop.com\/it\/#website\",\"url\":\"https:\/\/iberoid-shop.com\/it\/\",\"name\":\"Steroidi in linea\",\"description\":\"Acquista steroidi online oggi in Spagna e Portogallo. Abbiamo il miglior servizio clienti del settore e prodotti di altissima qualit\u00e0\",\"potentialAction\":[{\"@type\":\"SearchAction\",\"target\":{\"@type\":\"EntryPoint\",\"urlTemplate\":\"https:\/\/iberoid-shop.com\/it\/?s={search_term_string}\"},\"query-input\":{\"@type\":\"PropertyValueSpecification\",\"valueRequired\":true,\"valueName\":\"search_term_string\"}}],\"inLanguage\":\"it-IT\"}]}<\/script>\n<meta property=\"product:brand\" content=\"SP Laboratories\" \/>\n<meta property=\"product:price:amount\" content=\"150.00\" \/>\n<meta property=\"product:price:currency\" content=\"EUR\" \/>\n<meta property=\"og:availability\" content=\"out of stock\" \/>\n<meta property=\"product:availability\" content=\"out of stock\" \/>\n<meta property=\"product:condition\" content=\"new\" \/>\n<!-- \/ Yoast SEO Premium plugin. -->","yoast_head_json":{"title":"SP TROPIN box 10 X 10 UI - Steroidi in linea","robots":{"index":"index","follow":"follow","max-snippet":"max-snippet:-1","max-image-preview":"max-image-preview:large","max-video-preview":"max-video-preview:-1"},"canonical":"https:\/\/iberoid-shop.com\/it\/product\/sptropin-caja-10-x-10-ui\/","og_locale":"it_IT","og_type":"article","og_title":"SP TROPIN box 10 X 10 UI","og_description":"SP Tropin\u00a0ou horm\u00f4nios de crescimento humano (hGH ou HGH) \u00e9 um horm\u00f4nio pept\u00eddico que estimula o crescimento, a regenera\u00e7\u00e3o celular","og_url":"https:\/\/iberoid-shop.com\/it\/product\/sptropin-caja-10-x-10-ui\/","og_site_name":"Steroidi in linea","article_modified_time":"2025-02-02T12:50:46+00:00","og_image":[{"width":600,"height":400,"url":"https:\/\/iberoid-shop.com\/wp-content\/uploads\/2022\/01\/sp-tropin-10-iu.jpg?v=1678119932","type":"image\/jpeg"}],"twitter_card":"summary_large_image","twitter_misc":{"Prezzo":"&euro;150.00","Disponibilit\u00e0":"Esaurito"},"schema":{"@context":"https:\/\/schema.org","@graph":[{"@type":"WebPage","@id":"https:\/\/iberoid-shop.com\/it\/product\/sptropin-caja-10-x-10-ui\/","url":"https:\/\/iberoid-shop.com\/it\/product\/sptropin-caja-10-x-10-ui\/","name":"SP TROPIN box 10 X 10 UI - Steroidi in linea","isPartOf":{"@id":"https:\/\/iberoid-shop.com\/it\/#website"},"primaryImageOfPage":{"@id":"https:\/\/iberoid-shop.com\/it\/product\/sptropin-caja-10-x-10-ui\/#primaryimage"},"image":{"@id":"https:\/\/iberoid-shop.com\/it\/product\/sptropin-caja-10-x-10-ui\/#primaryimage"},"thumbnailUrl":"https:\/\/iberoid-shop.com\/wp-content\/uploads\/2022\/01\/sp-tropin-10-iu.jpg?v=1678119932","datePublished":"2022-01-12T13:37:58+00:00","dateModified":"2025-02-02T12:50:46+00:00","breadcrumb":{"@id":"https:\/\/iberoid-shop.com\/it\/product\/sptropin-caja-10-x-10-ui\/#breadcrumb"},"inLanguage":"it-IT","potentialAction":[{"@type":"ReadAction","target":[["https:\/\/iberoid-shop.com\/it\/product\/sptropin-caja-10-x-10-ui\/"]]}]},{"@type":"ImageObject","inLanguage":"it-IT","@id":"https:\/\/iberoid-shop.com\/it\/product\/sptropin-caja-10-x-10-ui\/#primaryimage","url":"https:\/\/iberoid-shop.com\/wp-content\/uploads\/2022\/01\/sp-tropin-10-iu.jpg?v=1678119932","contentUrl":"https:\/\/iberoid-shop.com\/wp-content\/uploads\/2022\/01\/sp-tropin-10-iu.jpg?v=1678119932","width":600,"height":400},{"@type":"BreadcrumbList","@id":"https:\/\/iberoid-shop.com\/it\/product\/sptropin-caja-10-x-10-ui\/#breadcrumb","itemListElement":[{"@type":"ListItem","position":1,"name":"Portada","item":"https:\/\/iberoid-shop.com\/it\/"},{"@type":"ListItem","position":2,"name":"Negozio","item":"https:\/\/iberoid-shop.com\/it\/shop\/"},{"@type":"ListItem","position":3,"name":"SP TROPIN box 10 X 10 UI"}]},{"@type":"WebSite","@id":"https:\/\/iberoid-shop.com\/it\/#website","url":"https:\/\/iberoid-shop.com\/it\/","name":"Steroidi in linea","description":"Acquista steroidi online oggi in Spagna e Portogallo. Abbiamo il miglior servizio clienti del settore e prodotti di altissima qualit\u00e0","potentialAction":[{"@type":"SearchAction","target":{"@type":"EntryPoint","urlTemplate":"https:\/\/iberoid-shop.com\/it\/?s={search_term_string}"},"query-input":{"@type":"PropertyValueSpecification","valueRequired":true,"valueName":"search_term_string"}}],"inLanguage":"it-IT"}]},"product_brand":"SP Laboratories","product_price_amount":"150.00","product_price_currency":"EUR","og_availability":"out of stock","product_availability":"out of stock","product_condition":"new"},"_links":{"self":[{"href":"https:\/\/iberoid-shop.com\/it\/wp-json\/wp\/v2\/product\/7162","targetHints":{"allow":["GET"]}}],"collection":[{"href":"https:\/\/iberoid-shop.com\/it\/wp-json\/wp\/v2\/product"}],"about":[{"href":"https:\/\/iberoid-shop.com\/it\/wp-json\/wp\/v2\/types\/product"}],"replies":[{"embeddable":true,"href":"https:\/\/iberoid-shop.com\/it\/wp-json\/wp\/v2\/comments?post=7162"}],"wp:featuredmedia":[{"embeddable":true,"href":"https:\/\/iberoid-shop.com\/it\/wp-json\/wp\/v2\/media\/7163"}],"wp:attachment":[{"href":"https:\/\/iberoid-shop.com\/it\/wp-json\/wp\/v2\/media?parent=7162"}],"wp:term":[{"taxonomy":"product_brand","embeddable":true,"href":"https:\/\/iberoid-shop.com\/it\/wp-json\/wp\/v2\/product_brand?post=7162"},{"taxonomy":"product_cat","embeddable":true,"href":"https:\/\/iberoid-shop.com\/it\/wp-json\/wp\/v2\/product_cat?post=7162"},{"taxonomy":"product_tag","embeddable":true,"href":"https:\/\/iberoid-shop.com\/it\/wp-json\/wp\/v2\/product_tag?post=7162"}],"curies":[{"name":"wp","href":"https:\/\/api.w.org\/{rel}","templated":true}]}}