{"id":7106,"date":"2021-12-30T21:07:47","date_gmt":"2021-12-30T21:07:47","guid":{"rendered":"https:\/\/iberoid-shop.com\/?post_type=product&#038;p=7106"},"modified":"2022-03-17T21:41:13","modified_gmt":"2022-03-17T21:41:13","slug":"somatexx-hgh-somatropin-100iu-2x50iu","status":"publish","type":"product","link":"https:\/\/iberoid-shop.com\/it\/product\/somatexx-hgh-somatropin-100iu-2x50iu\/","title":{"rendered":"Somatexx HGH Somatropin 100iu-2x50iu"},"content":{"rendered":"<p>L&#8217;ormone della crescita (GH) o somatotropina, noto anche come ormone della crescita umano (hGH o HGH) nella sua forma umana, \u00e8 un ormone peptidico che stimola la crescita, la riproduzione cellulare e la rigenerazione cellulare nell&#8217;uomo e in altri animali. \u00c8 quindi importante per lo sviluppo umano.<\/p>\n<p>L&#8217;ormone della crescita umano \u00e8 una sostanza che si forma naturalmente che \u00e8 separata dalla ghiandola pituitaria anteriore. \u00c8 essenziale per una crescita e uno sviluppo normali. L&#8217;ormone della crescita (GH) \u00e8 secreto dalla ghiandola pituitaria sin dalla nascita e i livelli raggiungono il picco intorno alla tarda adolescenza.<\/p>\n<p>I normali corsi di steroidi di forza sono fondamentalmente utilizzati, \u00e8 facile intuire, da atleti Soma-tex di power sport e powerlifter. Per i bodybuilder e i bodybuilder, gli indicatori di forza non sono cos\u00ec importanti, hanno bisogno di massa, sollievo e asciutto.<\/p>\n<p>Scilife &#8211;\u00a0Biogenetica\u00a0ormone della crescita umano<\/p>\n<p>Acquista Soma-Tex HGH 120iu per Stimola la divisione e la moltiplicazione dei condrociti della cartilagine<\/p>\n<p>Benefici dell&#8217;assunzione di Soma:<\/p>\n<p>Aumenta la ritenzione di calcio e stabilizza la mineralizzazione delle ossa.<\/p>\n<p>Aiuta a stimolare la crescita cellulare in ogni organo del corpo umano<\/p>\n<p>Aumenta il metabolismo nel corpo.<\/p>\n<p>Aiuta a riparare le cellule danneggiate<\/p>\n<p>Induce la sintesi proteica e ne gestisce il livello.<\/p>\n<p>Diminuisce la degradazione delle proteine<\/p>\n<p>Aiuta a stimolare il sistema immunitario<\/p>\n<p>Promuove la lipolisi<\/p>\n<p>Aumenta il trasporto del glucosio<\/p>\n<p>Aumento della perdita di grasso<\/p>\n<p>Forza aumentata<\/p>","protected":false},"excerpt":{"rendered":"<p>L&#8217;ormone della crescita (GH) o somatotropina, noto anche come ormone della crescita umano (hGH o HGH) nella sua forma umana,<\/p>\n","protected":false},"featured_media":7107,"comment_status":"open","ping_status":"closed","template":"","meta":[],"product_brand":[],"product_cat":[76],"product_tag":[],"class_list":{"0":"post-7106","1":"product","2":"type-product","3":"status-publish","4":"has-post-thumbnail","6":"product_cat-hgh_peptido","8":"first","9":"outofstock","10":"sale","11":"shipping-taxable","12":"purchasable","13":"product-type-simple"},"yoast_head":"<!-- This site is optimized with the Yoast SEO Premium plugin v24.4 (Yoast SEO v27.3) - https:\/\/yoast.com\/product\/yoast-seo-premium-wordpress\/ -->\n<title>Somatexx HGH Somatropin 100iu-2x50iu - Steroidi in linea<\/title>\n<meta name=\"robots\" content=\"index, follow, max-snippet:-1, max-image-preview:large, max-video-preview:-1\" \/>\n<link rel=\"canonical\" href=\"https:\/\/iberoid-shop.com\/it\/product\/somatexx-hgh-somatropin-100iu-2x50iu\/\" \/>\n<meta property=\"og:locale\" content=\"it_IT\" \/>\n<meta property=\"og:type\" content=\"article\" \/>\n<meta property=\"og:title\" content=\"Somatexx HGH Somatropin 100iu-2x50iu\" \/>\n<meta property=\"og:description\" content=\"L&#8217;ormone della crescita (GH) o somatotropina, noto anche come ormone della crescita umano (hGH o HGH) nella sua forma umana,\" \/>\n<meta property=\"og:url\" content=\"https:\/\/iberoid-shop.com\/it\/product\/somatexx-hgh-somatropin-100iu-2x50iu\/\" \/>\n<meta property=\"og:site_name\" content=\"Steroidi in linea\" \/>\n<meta property=\"article:modified_time\" content=\"2022-03-17T21:41:13+00:00\" \/>\n<meta property=\"og:image\" content=\"https:\/\/iberoid-shop.com\/wp-content\/uploads\/2021\/12\/somatexx-1.jpg?v=1678119938\" \/>\n\t<meta property=\"og:image:width\" content=\"348\" \/>\n\t<meta property=\"og:image:height\" content=\"348\" \/>\n\t<meta property=\"og:image:type\" content=\"image\/jpeg\" \/>\n<meta name=\"twitter:card\" content=\"summary_large_image\" \/>\n<meta name=\"twitter:label1\" content=\"Prezzo\" \/>\n\t<meta name=\"twitter:data1\" content=\"&euro;130.00\" \/>\n\t<meta name=\"twitter:label2\" content=\"Disponibilit\u00e0\" \/>\n\t<meta name=\"twitter:data2\" content=\"Esaurito\" \/>\n<script type=\"application\/ld+json\" class=\"yoast-schema-graph\">{\"@context\":\"https:\\\/\\\/schema.org\",\"@graph\":[{\"@type\":\"WebPage\",\"@id\":\"https:\\\/\\\/iberoid-shop.com\\\/it\\\/product\\\/somatexx-hgh-somatropin-100iu-2x50iu\\\/\",\"url\":\"https:\\\/\\\/iberoid-shop.com\\\/it\\\/product\\\/somatexx-hgh-somatropin-100iu-2x50iu\\\/\",\"name\":\"Somatexx HGH Somatropin 100iu-2x50iu - Steroidi in linea\",\"isPartOf\":{\"@id\":\"https:\\\/\\\/iberoid-shop.com\\\/it\\\/#website\"},\"primaryImageOfPage\":{\"@id\":\"https:\\\/\\\/iberoid-shop.com\\\/it\\\/product\\\/somatexx-hgh-somatropin-100iu-2x50iu\\\/#primaryimage\"},\"image\":{\"@id\":\"https:\\\/\\\/iberoid-shop.com\\\/it\\\/product\\\/somatexx-hgh-somatropin-100iu-2x50iu\\\/#primaryimage\"},\"thumbnailUrl\":\"https:\\\/\\\/iberoid-shop.com\\\/wp-content\\\/uploads\\\/2021\\\/12\\\/somatexx-1.jpg?v=1678119938\",\"datePublished\":\"2021-12-30T21:07:47+00:00\",\"dateModified\":\"2022-03-17T21:41:13+00:00\",\"breadcrumb\":{\"@id\":\"https:\\\/\\\/iberoid-shop.com\\\/it\\\/product\\\/somatexx-hgh-somatropin-100iu-2x50iu\\\/#breadcrumb\"},\"inLanguage\":\"it-IT\",\"potentialAction\":[{\"@type\":\"ReadAction\",\"target\":[[\"https:\\\/\\\/iberoid-shop.com\\\/it\\\/product\\\/somatexx-hgh-somatropin-100iu-2x50iu\\\/\"]]}]},{\"@type\":\"ImageObject\",\"inLanguage\":\"it-IT\",\"@id\":\"https:\\\/\\\/iberoid-shop.com\\\/it\\\/product\\\/somatexx-hgh-somatropin-100iu-2x50iu\\\/#primaryimage\",\"url\":\"https:\\\/\\\/iberoid-shop.com\\\/wp-content\\\/uploads\\\/2021\\\/12\\\/somatexx-1.jpg?v=1678119938\",\"contentUrl\":\"https:\\\/\\\/iberoid-shop.com\\\/wp-content\\\/uploads\\\/2021\\\/12\\\/somatexx-1.jpg?v=1678119938\",\"width\":348,\"height\":348},{\"@type\":\"BreadcrumbList\",\"@id\":\"https:\\\/\\\/iberoid-shop.com\\\/it\\\/product\\\/somatexx-hgh-somatropin-100iu-2x50iu\\\/#breadcrumb\",\"itemListElement\":[{\"@type\":\"ListItem\",\"position\":1,\"name\":\"Portada\",\"item\":\"https:\\\/\\\/iberoid-shop.com\\\/it\\\/\"},{\"@type\":\"ListItem\",\"position\":2,\"name\":\"Negozio\",\"item\":\"https:\\\/\\\/iberoid-shop.com\\\/it\\\/shop\\\/\"},{\"@type\":\"ListItem\",\"position\":3,\"name\":\"Somatexx HGH Somatropin 100iu-2x50iu\"}]},{\"@type\":\"WebSite\",\"@id\":\"https:\\\/\\\/iberoid-shop.com\\\/it\\\/#website\",\"url\":\"https:\\\/\\\/iberoid-shop.com\\\/it\\\/\",\"name\":\"Steroidi in linea\",\"description\":\"Acquista steroidi online oggi in Spagna e Portogallo. Abbiamo il miglior servizio clienti del settore e prodotti di altissima qualit\u00e0\",\"potentialAction\":[{\"@type\":\"SearchAction\",\"target\":{\"@type\":\"EntryPoint\",\"urlTemplate\":\"https:\\\/\\\/iberoid-shop.com\\\/it\\\/?s={search_term_string}\"},\"query-input\":{\"@type\":\"PropertyValueSpecification\",\"valueRequired\":true,\"valueName\":\"search_term_string\"}}],\"inLanguage\":\"it-IT\"}]}<\/script>\n<meta property=\"product:brand\" content=\"Somatexx\" \/>\n<meta property=\"product:price:amount\" content=\"130.00\" \/>\n<meta property=\"product:price:currency\" content=\"EUR\" \/>\n<meta property=\"og:availability\" content=\"out of stock\" \/>\n<meta property=\"product:availability\" content=\"out of stock\" \/>\n<meta property=\"product:condition\" content=\"new\" \/>\n<!-- \/ Yoast SEO Premium plugin. -->","yoast_head_json":{"title":"Somatexx HGH Somatropin 100iu-2x50iu - Steroidi in linea","robots":{"index":"index","follow":"follow","max-snippet":"max-snippet:-1","max-image-preview":"max-image-preview:large","max-video-preview":"max-video-preview:-1"},"canonical":"https:\/\/iberoid-shop.com\/it\/product\/somatexx-hgh-somatropin-100iu-2x50iu\/","og_locale":"it_IT","og_type":"article","og_title":"Somatexx HGH Somatropin 100iu-2x50iu","og_description":"L&#8217;ormone della crescita (GH) o somatotropina, noto anche come ormone della crescita umano (hGH o HGH) nella sua forma umana,","og_url":"https:\/\/iberoid-shop.com\/it\/product\/somatexx-hgh-somatropin-100iu-2x50iu\/","og_site_name":"Steroidi in linea","article_modified_time":"2022-03-17T21:41:13+00:00","og_image":[{"width":348,"height":348,"url":"https:\/\/iberoid-shop.com\/wp-content\/uploads\/2021\/12\/somatexx-1.jpg?v=1678119938","type":"image\/jpeg"}],"twitter_card":"summary_large_image","twitter_misc":{"Prezzo":"&euro;130.00","Disponibilit\u00e0":"Esaurito"},"schema":{"@context":"https:\/\/schema.org","@graph":[{"@type":"WebPage","@id":"https:\/\/iberoid-shop.com\/it\/product\/somatexx-hgh-somatropin-100iu-2x50iu\/","url":"https:\/\/iberoid-shop.com\/it\/product\/somatexx-hgh-somatropin-100iu-2x50iu\/","name":"Somatexx HGH Somatropin 100iu-2x50iu - Steroidi in linea","isPartOf":{"@id":"https:\/\/iberoid-shop.com\/it\/#website"},"primaryImageOfPage":{"@id":"https:\/\/iberoid-shop.com\/it\/product\/somatexx-hgh-somatropin-100iu-2x50iu\/#primaryimage"},"image":{"@id":"https:\/\/iberoid-shop.com\/it\/product\/somatexx-hgh-somatropin-100iu-2x50iu\/#primaryimage"},"thumbnailUrl":"https:\/\/iberoid-shop.com\/wp-content\/uploads\/2021\/12\/somatexx-1.jpg?v=1678119938","datePublished":"2021-12-30T21:07:47+00:00","dateModified":"2022-03-17T21:41:13+00:00","breadcrumb":{"@id":"https:\/\/iberoid-shop.com\/it\/product\/somatexx-hgh-somatropin-100iu-2x50iu\/#breadcrumb"},"inLanguage":"it-IT","potentialAction":[{"@type":"ReadAction","target":[["https:\/\/iberoid-shop.com\/it\/product\/somatexx-hgh-somatropin-100iu-2x50iu\/"]]}]},{"@type":"ImageObject","inLanguage":"it-IT","@id":"https:\/\/iberoid-shop.com\/it\/product\/somatexx-hgh-somatropin-100iu-2x50iu\/#primaryimage","url":"https:\/\/iberoid-shop.com\/wp-content\/uploads\/2021\/12\/somatexx-1.jpg?v=1678119938","contentUrl":"https:\/\/iberoid-shop.com\/wp-content\/uploads\/2021\/12\/somatexx-1.jpg?v=1678119938","width":348,"height":348},{"@type":"BreadcrumbList","@id":"https:\/\/iberoid-shop.com\/it\/product\/somatexx-hgh-somatropin-100iu-2x50iu\/#breadcrumb","itemListElement":[{"@type":"ListItem","position":1,"name":"Portada","item":"https:\/\/iberoid-shop.com\/it\/"},{"@type":"ListItem","position":2,"name":"Negozio","item":"https:\/\/iberoid-shop.com\/it\/shop\/"},{"@type":"ListItem","position":3,"name":"Somatexx HGH Somatropin 100iu-2x50iu"}]},{"@type":"WebSite","@id":"https:\/\/iberoid-shop.com\/it\/#website","url":"https:\/\/iberoid-shop.com\/it\/","name":"Steroidi in linea","description":"Acquista steroidi online oggi in Spagna e Portogallo. Abbiamo il miglior servizio clienti del settore e prodotti di altissima qualit\u00e0","potentialAction":[{"@type":"SearchAction","target":{"@type":"EntryPoint","urlTemplate":"https:\/\/iberoid-shop.com\/it\/?s={search_term_string}"},"query-input":{"@type":"PropertyValueSpecification","valueRequired":true,"valueName":"search_term_string"}}],"inLanguage":"it-IT"}]},"product_brand":"Somatexx","product_price_amount":"130.00","product_price_currency":"EUR","og_availability":"out of stock","product_availability":"out of stock","product_condition":"new"},"_links":{"self":[{"href":"https:\/\/iberoid-shop.com\/it\/wp-json\/wp\/v2\/product\/7106","targetHints":{"allow":["GET"]}}],"collection":[{"href":"https:\/\/iberoid-shop.com\/it\/wp-json\/wp\/v2\/product"}],"about":[{"href":"https:\/\/iberoid-shop.com\/it\/wp-json\/wp\/v2\/types\/product"}],"replies":[{"embeddable":true,"href":"https:\/\/iberoid-shop.com\/it\/wp-json\/wp\/v2\/comments?post=7106"}],"wp:featuredmedia":[{"embeddable":true,"href":"https:\/\/iberoid-shop.com\/it\/wp-json\/wp\/v2\/media\/7107"}],"wp:attachment":[{"href":"https:\/\/iberoid-shop.com\/it\/wp-json\/wp\/v2\/media?parent=7106"}],"wp:term":[{"taxonomy":"product_brand","embeddable":true,"href":"https:\/\/iberoid-shop.com\/it\/wp-json\/wp\/v2\/product_brand?post=7106"},{"taxonomy":"product_cat","embeddable":true,"href":"https:\/\/iberoid-shop.com\/it\/wp-json\/wp\/v2\/product_cat?post=7106"},{"taxonomy":"product_tag","embeddable":true,"href":"https:\/\/iberoid-shop.com\/it\/wp-json\/wp\/v2\/product_tag?post=7106"}],"curies":[{"name":"wp","href":"https:\/\/api.w.org\/{rel}","templated":true}]}}