{"id":7078,"date":"2021-12-25T13:20:04","date_gmt":"2021-12-25T13:20:04","guid":{"rendered":"https:\/\/iberoid-shop.com\/?post_type=product&#038;p=7078"},"modified":"2026-01-21T10:22:16","modified_gmt":"2026-01-21T10:22:16","slug":"dnp-100mg-pharmagen","status":"publish","type":"product","link":"https:\/\/iberoid-shop.com\/it\/product\/dnp-100mg-pharmagen\/","title":{"rendered":"DNP 100mg"},"content":{"rendered":"<p>Il DNP esercita i suoi effetti all&#8217;interno della cellula, pi\u00f9 specificamente all&#8217;interno della membrana dei mitocondri. Il vantaggio di meccanismi d&#8217;azione intracellulari come questo \u00e8 che non pu\u00f2 svilupparsi una tolleranza al DNP. Per farla breve, il DNP rende il processo di formazione dell&#8217;ATP molto inefficiente. Perch\u00e9 questo \u00e8 importante? Perch\u00e9 l&#8217;ATP \u00e8 l&#8217;unit\u00e0 di energia necessaria per guidare tutte le nostre reazioni biochimiche nel nostro corpo necessarie per mantenerci in vita. Le cellule del nostro corpo hanno costantemente bisogno di energia (ATP) per rimanere in vita. La quantit\u00e0 di ATP necessaria per mantenere in vita una persona dipende dal suo metabolismo basale. Rendendo inefficiente la formazione di ATP, il metabolismo basale di una persona pu\u00f2 aumentare indefinitamente, ma per usi pratici, il metabolismo basale pu\u00f2 aumentare in sicurezza del 30-50% senza mettere in pericolo la propria vita. Non \u00e8 raro che le persone perdano fino a un chilo di grasso puro al giorno mentre sono in DNP.<\/p>\n<p>Se non hai familiarit\u00e0 con l&#8217;ATP, \u00e8 ci\u00f2 in cui vengono trasformate le calorie immagazzinate nei carboidrati, nei grassi e nelle proteine. In altre parole, l&#8217;energia immagazzinata nelle macromolecole viene trasferita alla molecola di ATP, ma il DNP interrompe questo processo. Invece di produrre ATP da macromolecole in presenza di DNP, l&#8217;energia potenziale viene semplicemente trasformata in calore. Questo \u00e8 molto significativo perch\u00e9 i livelli di ATP nel corpo diminuiranno rapidamente e le cellule vogliono reintegrare quell&#8217;accumulo abbattendo pi\u00f9 grassi, carboidrati, ecc. Come puoi vedere, si sviluppa rapidamente un picchiettio in cui i livelli di ATP saranno costantemente al di sotto del normale e il corpo cercher\u00e0 sempre di bruciare pi\u00f9 grassi, carboidrati e proteine \u200b\u200b\u200b\u200bper aiutare a reintegrare i livelli di ATP. Questo non \u00e8 diverso dall&#8217;esecuzione di esercizi aerobici come jogging, ciclismo, ecc, tranne che durante il DNP, il corpo esegue l&#8217;aerobica. Il dosaggio \u00e8 di 2-6 mg\/1 chilo di peso corporeo. Al ciclo deve essere aggiunto un farmaco antiallergico.<\/p>","protected":false},"excerpt":{"rendered":"<p>Il DNP esercita i suoi effetti all&#8217;interno della cellula, pi\u00f9 specificamente all&#8217;interno della membrana dei mitocondri. Il vantaggio di meccanismi<\/p>\n","protected":false},"featured_media":7079,"comment_status":"open","ping_status":"closed","template":"","meta":[],"product_brand":[],"product_cat":[73],"product_tag":[],"class_list":{"0":"post-7078","1":"product","2":"type-product","3":"status-publish","4":"has-post-thumbnail","6":"product_cat-ssteroides_orales","8":"first","9":"outofstock","10":"shipping-taxable","11":"purchasable","12":"product-type-simple"},"yoast_head":"<!-- This site is optimized with the Yoast SEO Premium plugin v24.4 (Yoast SEO v27.3) - https:\/\/yoast.com\/product\/yoast-seo-premium-wordpress\/ -->\n<title>DNP 100mg - Steroidi in linea<\/title>\n<meta name=\"robots\" content=\"index, follow, max-snippet:-1, max-image-preview:large, max-video-preview:-1\" \/>\n<link rel=\"canonical\" href=\"https:\/\/iberoid-shop.com\/it\/product\/dnp-100mg-pharmagen\/\" \/>\n<meta property=\"og:locale\" content=\"it_IT\" \/>\n<meta property=\"og:type\" content=\"article\" \/>\n<meta property=\"og:title\" content=\"DNP 100mg\" \/>\n<meta property=\"og:description\" content=\"Il DNP esercita i suoi effetti all&#8217;interno della cellula, pi\u00f9 specificamente all&#8217;interno della membrana dei mitocondri. Il vantaggio di meccanismi\" \/>\n<meta property=\"og:url\" content=\"https:\/\/iberoid-shop.com\/it\/product\/dnp-100mg-pharmagen\/\" \/>\n<meta property=\"og:site_name\" content=\"Steroidi in linea\" \/>\n<meta property=\"article:modified_time\" content=\"2026-01-21T10:22:16+00:00\" \/>\n<meta property=\"og:image\" content=\"https:\/\/iberoid-shop.com\/wp-content\/uploads\/2021\/12\/DNP.jpeg?v=1678119941\" \/>\n\t<meta property=\"og:image:width\" content=\"1600\" \/>\n\t<meta property=\"og:image:height\" content=\"1066\" \/>\n\t<meta property=\"og:image:type\" content=\"image\/jpeg\" \/>\n<meta name=\"twitter:card\" content=\"summary_large_image\" \/>\n<meta name=\"twitter:label1\" content=\"Prezzo\" \/>\n\t<meta name=\"twitter:data1\" content=\"&euro;75.00\" \/>\n\t<meta name=\"twitter:label2\" content=\"Disponibilit\u00e0\" \/>\n\t<meta name=\"twitter:data2\" content=\"Esaurito\" \/>\n<script type=\"application\/ld+json\" class=\"yoast-schema-graph\">{\"@context\":\"https:\\\/\\\/schema.org\",\"@graph\":[{\"@type\":\"WebPage\",\"@id\":\"https:\\\/\\\/iberoid-shop.com\\\/it\\\/product\\\/dnp-100mg-pharmagen\\\/\",\"url\":\"https:\\\/\\\/iberoid-shop.com\\\/it\\\/product\\\/dnp-100mg-pharmagen\\\/\",\"name\":\"DNP 100mg - Steroidi in linea\",\"isPartOf\":{\"@id\":\"https:\\\/\\\/iberoid-shop.com\\\/it\\\/#website\"},\"primaryImageOfPage\":{\"@id\":\"https:\\\/\\\/iberoid-shop.com\\\/it\\\/product\\\/dnp-100mg-pharmagen\\\/#primaryimage\"},\"image\":{\"@id\":\"https:\\\/\\\/iberoid-shop.com\\\/it\\\/product\\\/dnp-100mg-pharmagen\\\/#primaryimage\"},\"thumbnailUrl\":\"https:\\\/\\\/iberoid-shop.com\\\/wp-content\\\/uploads\\\/2021\\\/12\\\/DNP.jpeg?v=1678119941\",\"datePublished\":\"2021-12-25T13:20:04+00:00\",\"dateModified\":\"2026-01-21T10:22:16+00:00\",\"breadcrumb\":{\"@id\":\"https:\\\/\\\/iberoid-shop.com\\\/it\\\/product\\\/dnp-100mg-pharmagen\\\/#breadcrumb\"},\"inLanguage\":\"it-IT\",\"potentialAction\":[{\"@type\":\"ReadAction\",\"target\":[[\"https:\\\/\\\/iberoid-shop.com\\\/it\\\/product\\\/dnp-100mg-pharmagen\\\/\"]]}]},{\"@type\":\"ImageObject\",\"inLanguage\":\"it-IT\",\"@id\":\"https:\\\/\\\/iberoid-shop.com\\\/it\\\/product\\\/dnp-100mg-pharmagen\\\/#primaryimage\",\"url\":\"https:\\\/\\\/iberoid-shop.com\\\/wp-content\\\/uploads\\\/2021\\\/12\\\/DNP.jpeg?v=1678119941\",\"contentUrl\":\"https:\\\/\\\/iberoid-shop.com\\\/wp-content\\\/uploads\\\/2021\\\/12\\\/DNP.jpeg?v=1678119941\",\"width\":1600,\"height\":1066},{\"@type\":\"BreadcrumbList\",\"@id\":\"https:\\\/\\\/iberoid-shop.com\\\/it\\\/product\\\/dnp-100mg-pharmagen\\\/#breadcrumb\",\"itemListElement\":[{\"@type\":\"ListItem\",\"position\":1,\"name\":\"Portada\",\"item\":\"https:\\\/\\\/iberoid-shop.com\\\/it\\\/\"},{\"@type\":\"ListItem\",\"position\":2,\"name\":\"Negozio\",\"item\":\"https:\\\/\\\/iberoid-shop.com\\\/it\\\/shop\\\/\"},{\"@type\":\"ListItem\",\"position\":3,\"name\":\"DNP 100mg\"}]},{\"@type\":\"WebSite\",\"@id\":\"https:\\\/\\\/iberoid-shop.com\\\/it\\\/#website\",\"url\":\"https:\\\/\\\/iberoid-shop.com\\\/it\\\/\",\"name\":\"Steroidi in linea\",\"description\":\"Acquista steroidi online oggi in Spagna e Portogallo. Abbiamo il miglior servizio clienti del settore e prodotti di altissima qualit\u00e0\",\"potentialAction\":[{\"@type\":\"SearchAction\",\"target\":{\"@type\":\"EntryPoint\",\"urlTemplate\":\"https:\\\/\\\/iberoid-shop.com\\\/it\\\/?s={search_term_string}\"},\"query-input\":{\"@type\":\"PropertyValueSpecification\",\"valueRequired\":true,\"valueName\":\"search_term_string\"}}],\"inLanguage\":\"it-IT\"}]}<\/script>\n<meta property=\"product:brand\" content=\"Pharma Gen\" \/>\n<meta property=\"product:price:amount\" content=\"75.00\" \/>\n<meta property=\"product:price:currency\" content=\"EUR\" \/>\n<meta property=\"og:availability\" content=\"out of stock\" \/>\n<meta property=\"product:availability\" content=\"out of stock\" \/>\n<meta property=\"product:condition\" content=\"new\" \/>\n<!-- \/ Yoast SEO Premium plugin. -->","yoast_head_json":{"title":"DNP 100mg - Steroidi in linea","robots":{"index":"index","follow":"follow","max-snippet":"max-snippet:-1","max-image-preview":"max-image-preview:large","max-video-preview":"max-video-preview:-1"},"canonical":"https:\/\/iberoid-shop.com\/it\/product\/dnp-100mg-pharmagen\/","og_locale":"it_IT","og_type":"article","og_title":"DNP 100mg","og_description":"Il DNP esercita i suoi effetti all&#8217;interno della cellula, pi\u00f9 specificamente all&#8217;interno della membrana dei mitocondri. Il vantaggio di meccanismi","og_url":"https:\/\/iberoid-shop.com\/it\/product\/dnp-100mg-pharmagen\/","og_site_name":"Steroidi in linea","article_modified_time":"2026-01-21T10:22:16+00:00","og_image":[{"width":1600,"height":1066,"url":"https:\/\/iberoid-shop.com\/wp-content\/uploads\/2021\/12\/DNP.jpeg?v=1678119941","type":"image\/jpeg"}],"twitter_card":"summary_large_image","twitter_misc":{"Prezzo":"&euro;75.00","Disponibilit\u00e0":"Esaurito"},"schema":{"@context":"https:\/\/schema.org","@graph":[{"@type":"WebPage","@id":"https:\/\/iberoid-shop.com\/it\/product\/dnp-100mg-pharmagen\/","url":"https:\/\/iberoid-shop.com\/it\/product\/dnp-100mg-pharmagen\/","name":"DNP 100mg - Steroidi in linea","isPartOf":{"@id":"https:\/\/iberoid-shop.com\/it\/#website"},"primaryImageOfPage":{"@id":"https:\/\/iberoid-shop.com\/it\/product\/dnp-100mg-pharmagen\/#primaryimage"},"image":{"@id":"https:\/\/iberoid-shop.com\/it\/product\/dnp-100mg-pharmagen\/#primaryimage"},"thumbnailUrl":"https:\/\/iberoid-shop.com\/wp-content\/uploads\/2021\/12\/DNP.jpeg?v=1678119941","datePublished":"2021-12-25T13:20:04+00:00","dateModified":"2026-01-21T10:22:16+00:00","breadcrumb":{"@id":"https:\/\/iberoid-shop.com\/it\/product\/dnp-100mg-pharmagen\/#breadcrumb"},"inLanguage":"it-IT","potentialAction":[{"@type":"ReadAction","target":[["https:\/\/iberoid-shop.com\/it\/product\/dnp-100mg-pharmagen\/"]]}]},{"@type":"ImageObject","inLanguage":"it-IT","@id":"https:\/\/iberoid-shop.com\/it\/product\/dnp-100mg-pharmagen\/#primaryimage","url":"https:\/\/iberoid-shop.com\/wp-content\/uploads\/2021\/12\/DNP.jpeg?v=1678119941","contentUrl":"https:\/\/iberoid-shop.com\/wp-content\/uploads\/2021\/12\/DNP.jpeg?v=1678119941","width":1600,"height":1066},{"@type":"BreadcrumbList","@id":"https:\/\/iberoid-shop.com\/it\/product\/dnp-100mg-pharmagen\/#breadcrumb","itemListElement":[{"@type":"ListItem","position":1,"name":"Portada","item":"https:\/\/iberoid-shop.com\/it\/"},{"@type":"ListItem","position":2,"name":"Negozio","item":"https:\/\/iberoid-shop.com\/it\/shop\/"},{"@type":"ListItem","position":3,"name":"DNP 100mg"}]},{"@type":"WebSite","@id":"https:\/\/iberoid-shop.com\/it\/#website","url":"https:\/\/iberoid-shop.com\/it\/","name":"Steroidi in linea","description":"Acquista steroidi online oggi in Spagna e Portogallo. Abbiamo il miglior servizio clienti del settore e prodotti di altissima qualit\u00e0","potentialAction":[{"@type":"SearchAction","target":{"@type":"EntryPoint","urlTemplate":"https:\/\/iberoid-shop.com\/it\/?s={search_term_string}"},"query-input":{"@type":"PropertyValueSpecification","valueRequired":true,"valueName":"search_term_string"}}],"inLanguage":"it-IT"}]},"product_brand":"Pharma Gen","product_price_amount":"75.00","product_price_currency":"EUR","og_availability":"out of stock","product_availability":"out of stock","product_condition":"new"},"_links":{"self":[{"href":"https:\/\/iberoid-shop.com\/it\/wp-json\/wp\/v2\/product\/7078","targetHints":{"allow":["GET"]}}],"collection":[{"href":"https:\/\/iberoid-shop.com\/it\/wp-json\/wp\/v2\/product"}],"about":[{"href":"https:\/\/iberoid-shop.com\/it\/wp-json\/wp\/v2\/types\/product"}],"replies":[{"embeddable":true,"href":"https:\/\/iberoid-shop.com\/it\/wp-json\/wp\/v2\/comments?post=7078"}],"wp:featuredmedia":[{"embeddable":true,"href":"https:\/\/iberoid-shop.com\/it\/wp-json\/wp\/v2\/media\/7079"}],"wp:attachment":[{"href":"https:\/\/iberoid-shop.com\/it\/wp-json\/wp\/v2\/media?parent=7078"}],"wp:term":[{"taxonomy":"product_brand","embeddable":true,"href":"https:\/\/iberoid-shop.com\/it\/wp-json\/wp\/v2\/product_brand?post=7078"},{"taxonomy":"product_cat","embeddable":true,"href":"https:\/\/iberoid-shop.com\/it\/wp-json\/wp\/v2\/product_cat?post=7078"},{"taxonomy":"product_tag","embeddable":true,"href":"https:\/\/iberoid-shop.com\/it\/wp-json\/wp\/v2\/product_tag?post=7078"}],"curies":[{"name":"wp","href":"https:\/\/api.w.org\/{rel}","templated":true}]}}