{"id":7071,"date":"2021-12-24T13:20:16","date_gmt":"2021-12-24T13:20:16","guid":{"rendered":"https:\/\/iberoid-shop.com\/?post_type=product&#038;p=7071"},"modified":"2026-02-18T09:19:56","modified_gmt":"2026-02-18T09:19:56","slug":"pack5-blisters-sildenafil-cenforce-100mg","status":"publish","type":"product","link":"https:\/\/iberoid-shop.com\/it\/product\/pack5-blisters-sildenafil-cenforce-100mg\/","title":{"rendered":"PACK5 \/BLISTERS Sildenafil &#8211; Cenforce 100mg"},"content":{"rendered":"<p>Le compresse di Cenforce da 100 mg sono l&#8217;abbinamento perfetto per molti uomini che cercano il Viagra per curare la disfunzione erettile. Un certo numero di persone acquista il Viagra online per le migliori offerte e per lo shopping facile, anche lo shopping online \u00e8 sicuro e facile da acquistare con molte opzioni.<\/p>\n<p>Cosa sono le compresse di Cenforce 100 mg?<br \/>\nIl farmaco Cenforce 100 mg \u00e8 utile nel trattamento della disfunzione erettile, della pre-eiaculazione e dell&#8217;impotenza nei maschi.<br \/>\nHa il citrato di sildenafil come ingrediente attivo. Il principio attivo si riferisce al costituente principale del farmaco responsabile della reazione del farmaco.<br \/>\nIl farmaco \u00e8 distribuito e prodotto da Centurion Laboratories, nello stato indiano del Gujarat.<br \/>\nAppartiene alla classe degli inibitori della PDE5, il che significa che il citrato di sildenafil non fa funzionare la PDE5 perch\u00e9 la PDE5 \u00e8 responsabile della perdita dell&#8217;erezione del pene.<br \/>\nDopo aver usato questo farmaco, l&#8217;erezione durer\u00e0 anche dopo il rapporto. Questo ti inviter\u00e0 ad andare per il secondo round di divertimento.<br \/>\nFinora ha eretto molti peni e ha aiutato a raggiungere l&#8217;orgasmo per molte coppie, portando a una felice vita coniugale.<br \/>\nCenforce 100 mg \u00e8 un farmaco cos\u00ec noto da essere disponibile in quasi tutti i negozi locali e, se preferisci la privacy, \u00e8 disponibile anche sui siti farmaceutici online.<\/p>","protected":false},"excerpt":{"rendered":"<p>Le compresse di Cenforce da 100 mg sono l&#8217;abbinamento perfetto per molti uomini che cercano il Viagra per curare la<\/p>\n","protected":false},"featured_media":7072,"comment_status":"open","ping_status":"closed","template":"","meta":[],"product_brand":[],"product_cat":[73,3474,3412],"product_tag":[3463],"class_list":{"0":"post-7071","1":"product","2":"type-product","3":"status-publish","4":"has-post-thumbnail","6":"product_cat-ssteroides_orales","7":"product_cat-packs","8":"product_cat-varios","9":"product_tag-pack5blisters-sidenafil-100-mgx10-pastillas","11":"first","12":"instock","13":"sale","14":"shipping-taxable","15":"purchasable","16":"product-type-simple"},"yoast_head":"<!-- This site is optimized with the Yoast SEO Premium plugin v24.4 (Yoast SEO v27.0) - https:\/\/yoast.com\/product\/yoast-seo-premium-wordpress\/ -->\n<title>PACK5 \/BLISTERS Sildenafil - Cenforce 100mg - Steroidi in linea<\/title>\n<meta name=\"description\" content=\"Cenforce 100 mg (Sildenafil) aiuta a trattare la disfunzione erettile, migliorare le prestazioni e mantenere erezioni durature.\" \/>\n<meta name=\"robots\" content=\"index, follow, max-snippet:-1, max-image-preview:large, max-video-preview:-1\" \/>\n<link rel=\"canonical\" href=\"https:\/\/iberoid-shop.com\/it\/product\/pack5-blisters-sildenafil-cenforce-100mg\/\" \/>\n<meta property=\"og:locale\" content=\"it_IT\" \/>\n<meta property=\"og:type\" content=\"article\" \/>\n<meta property=\"og:title\" content=\"PACK5 \/BLISTERS Sildenafil - Cenforce 100mg\" \/>\n<meta property=\"og:description\" content=\"Cenforce 100 mg (Sildenafil) aiuta a trattare la disfunzione erettile, migliorare le prestazioni e mantenere erezioni durature.\" \/>\n<meta property=\"og:url\" content=\"https:\/\/iberoid-shop.com\/it\/product\/pack5-blisters-sildenafil-cenforce-100mg\/\" \/>\n<meta property=\"og:site_name\" content=\"Steroidi in linea\" \/>\n<meta property=\"article:modified_time\" content=\"2026-02-18T09:19:56+00:00\" \/>\n<meta property=\"og:image\" content=\"https:\/\/iberoid-shop.com\/wp-content\/uploads\/2021\/12\/cenforce5.png?v=1702425759\" \/>\n\t<meta property=\"og:image:width\" content=\"1000\" \/>\n\t<meta property=\"og:image:height\" content=\"613\" \/>\n\t<meta property=\"og:image:type\" content=\"image\/png\" \/>\n<meta name=\"twitter:card\" content=\"summary_large_image\" \/>\n<meta name=\"twitter:label1\" content=\"Prezzo\" \/>\n\t<meta name=\"twitter:data1\" content=\"&euro;45.00\" \/>\n\t<meta name=\"twitter:label2\" content=\"Disponibilit\u00e0\" \/>\n\t<meta name=\"twitter:data2\" content=\"In stock\" \/>\n<script type=\"application\/ld+json\" class=\"yoast-schema-graph\">{\"@context\":\"https:\/\/schema.org\",\"@graph\":[{\"@type\":\"WebPage\",\"@id\":\"https:\/\/iberoid-shop.com\/it\/product\/pack5-blisters-sildenafil-cenforce-100mg\/\",\"url\":\"https:\/\/iberoid-shop.com\/it\/product\/pack5-blisters-sildenafil-cenforce-100mg\/\",\"name\":\"PACK5 \/BLISTERS Sildenafil - Cenforce 100mg - Steroidi in linea\",\"isPartOf\":{\"@id\":\"https:\/\/iberoid-shop.com\/it\/#website\"},\"primaryImageOfPage\":{\"@id\":\"https:\/\/iberoid-shop.com\/it\/product\/pack5-blisters-sildenafil-cenforce-100mg\/#primaryimage\"},\"image\":{\"@id\":\"https:\/\/iberoid-shop.com\/it\/product\/pack5-blisters-sildenafil-cenforce-100mg\/#primaryimage\"},\"thumbnailUrl\":\"https:\/\/iberoid-shop.com\/wp-content\/uploads\/2021\/12\/cenforce5.png?v=1702425759\",\"datePublished\":\"2021-12-24T13:20:16+00:00\",\"dateModified\":\"2026-02-18T09:19:56+00:00\",\"description\":\"Cenforce 100 mg (Sildenafil) aiuta a trattare la disfunzione erettile, migliorare le prestazioni e mantenere erezioni durature.\",\"breadcrumb\":{\"@id\":\"https:\/\/iberoid-shop.com\/it\/product\/pack5-blisters-sildenafil-cenforce-100mg\/#breadcrumb\"},\"inLanguage\":\"it-IT\",\"potentialAction\":[{\"@type\":\"ReadAction\",\"target\":[[\"https:\/\/iberoid-shop.com\/it\/product\/pack5-blisters-sildenafil-cenforce-100mg\/\"]]}]},{\"@type\":\"ImageObject\",\"inLanguage\":\"it-IT\",\"@id\":\"https:\/\/iberoid-shop.com\/it\/product\/pack5-blisters-sildenafil-cenforce-100mg\/#primaryimage\",\"url\":\"https:\/\/iberoid-shop.com\/wp-content\/uploads\/2021\/12\/cenforce5.png?v=1702425759\",\"contentUrl\":\"https:\/\/iberoid-shop.com\/wp-content\/uploads\/2021\/12\/cenforce5.png?v=1702425759\",\"width\":1000,\"height\":613},{\"@type\":\"BreadcrumbList\",\"@id\":\"https:\/\/iberoid-shop.com\/it\/product\/pack5-blisters-sildenafil-cenforce-100mg\/#breadcrumb\",\"itemListElement\":[{\"@type\":\"ListItem\",\"position\":1,\"name\":\"Portada\",\"item\":\"https:\/\/iberoid-shop.com\/it\/\"},{\"@type\":\"ListItem\",\"position\":2,\"name\":\"Negozio\",\"item\":\"https:\/\/iberoid-shop.com\/it\/shop\/\"},{\"@type\":\"ListItem\",\"position\":3,\"name\":\"PACK5 \/BLISTERS Sildenafil &#8211; Cenforce 100mg\"}]},{\"@type\":\"WebSite\",\"@id\":\"https:\/\/iberoid-shop.com\/it\/#website\",\"url\":\"https:\/\/iberoid-shop.com\/it\/\",\"name\":\"Steroidi in linea\",\"description\":\"Acquista steroidi online oggi in Spagna e Portogallo. Abbiamo il miglior servizio clienti del settore e prodotti di altissima qualit\u00e0\",\"potentialAction\":[{\"@type\":\"SearchAction\",\"target\":{\"@type\":\"EntryPoint\",\"urlTemplate\":\"https:\/\/iberoid-shop.com\/it\/?s={search_term_string}\"},\"query-input\":{\"@type\":\"PropertyValueSpecification\",\"valueRequired\":true,\"valueName\":\"search_term_string\"}}],\"inLanguage\":\"it-IT\"}]}<\/script>\n<meta property=\"product:brand\" content=\"Cenforce\" \/>\n<meta property=\"product:price:amount\" content=\"45.00\" \/>\n<meta property=\"product:price:currency\" content=\"EUR\" \/>\n<meta property=\"og:availability\" content=\"instock\" \/>\n<meta property=\"product:availability\" content=\"instock\" \/>\n<meta property=\"product:condition\" content=\"new\" \/>\n<!-- \/ Yoast SEO Premium plugin. -->","yoast_head_json":{"title":"PACK5 \/BLISTERS Sildenafil - Cenforce 100mg - Steroidi in linea","description":"Cenforce 100 mg (Sildenafil) aiuta a trattare la disfunzione erettile, migliorare le prestazioni e mantenere erezioni durature.","robots":{"index":"index","follow":"follow","max-snippet":"max-snippet:-1","max-image-preview":"max-image-preview:large","max-video-preview":"max-video-preview:-1"},"canonical":"https:\/\/iberoid-shop.com\/it\/product\/pack5-blisters-sildenafil-cenforce-100mg\/","og_locale":"it_IT","og_type":"article","og_title":"PACK5 \/BLISTERS Sildenafil - Cenforce 100mg","og_description":"Cenforce 100 mg (Sildenafil) aiuta a trattare la disfunzione erettile, migliorare le prestazioni e mantenere erezioni durature.","og_url":"https:\/\/iberoid-shop.com\/it\/product\/pack5-blisters-sildenafil-cenforce-100mg\/","og_site_name":"Steroidi in linea","article_modified_time":"2026-02-18T09:19:56+00:00","og_image":[{"width":1000,"height":613,"url":"https:\/\/iberoid-shop.com\/wp-content\/uploads\/2021\/12\/cenforce5.png?v=1702425759","type":"image\/png"}],"twitter_card":"summary_large_image","twitter_misc":{"Prezzo":"&euro;45.00","Disponibilit\u00e0":"In stock"},"schema":{"@context":"https:\/\/schema.org","@graph":[{"@type":"WebPage","@id":"https:\/\/iberoid-shop.com\/it\/product\/pack5-blisters-sildenafil-cenforce-100mg\/","url":"https:\/\/iberoid-shop.com\/it\/product\/pack5-blisters-sildenafil-cenforce-100mg\/","name":"PACK5 \/BLISTERS Sildenafil - Cenforce 100mg - Steroidi in linea","isPartOf":{"@id":"https:\/\/iberoid-shop.com\/it\/#website"},"primaryImageOfPage":{"@id":"https:\/\/iberoid-shop.com\/it\/product\/pack5-blisters-sildenafil-cenforce-100mg\/#primaryimage"},"image":{"@id":"https:\/\/iberoid-shop.com\/it\/product\/pack5-blisters-sildenafil-cenforce-100mg\/#primaryimage"},"thumbnailUrl":"https:\/\/iberoid-shop.com\/wp-content\/uploads\/2021\/12\/cenforce5.png?v=1702425759","datePublished":"2021-12-24T13:20:16+00:00","dateModified":"2026-02-18T09:19:56+00:00","description":"Cenforce 100 mg (Sildenafil) aiuta a trattare la disfunzione erettile, migliorare le prestazioni e mantenere erezioni durature.","breadcrumb":{"@id":"https:\/\/iberoid-shop.com\/it\/product\/pack5-blisters-sildenafil-cenforce-100mg\/#breadcrumb"},"inLanguage":"it-IT","potentialAction":[{"@type":"ReadAction","target":[["https:\/\/iberoid-shop.com\/it\/product\/pack5-blisters-sildenafil-cenforce-100mg\/"]]}]},{"@type":"ImageObject","inLanguage":"it-IT","@id":"https:\/\/iberoid-shop.com\/it\/product\/pack5-blisters-sildenafil-cenforce-100mg\/#primaryimage","url":"https:\/\/iberoid-shop.com\/wp-content\/uploads\/2021\/12\/cenforce5.png?v=1702425759","contentUrl":"https:\/\/iberoid-shop.com\/wp-content\/uploads\/2021\/12\/cenforce5.png?v=1702425759","width":1000,"height":613},{"@type":"BreadcrumbList","@id":"https:\/\/iberoid-shop.com\/it\/product\/pack5-blisters-sildenafil-cenforce-100mg\/#breadcrumb","itemListElement":[{"@type":"ListItem","position":1,"name":"Portada","item":"https:\/\/iberoid-shop.com\/it\/"},{"@type":"ListItem","position":2,"name":"Negozio","item":"https:\/\/iberoid-shop.com\/it\/shop\/"},{"@type":"ListItem","position":3,"name":"PACK5 \/BLISTERS Sildenafil &#8211; Cenforce 100mg"}]},{"@type":"WebSite","@id":"https:\/\/iberoid-shop.com\/it\/#website","url":"https:\/\/iberoid-shop.com\/it\/","name":"Steroidi in linea","description":"Acquista steroidi online oggi in Spagna e Portogallo. Abbiamo il miglior servizio clienti del settore e prodotti di altissima qualit\u00e0","potentialAction":[{"@type":"SearchAction","target":{"@type":"EntryPoint","urlTemplate":"https:\/\/iberoid-shop.com\/it\/?s={search_term_string}"},"query-input":{"@type":"PropertyValueSpecification","valueRequired":true,"valueName":"search_term_string"}}],"inLanguage":"it-IT"}]},"product_brand":"Cenforce","product_price_amount":"45.00","product_price_currency":"EUR","og_availability":"instock","product_availability":"instock","product_condition":"new"},"_links":{"self":[{"href":"https:\/\/iberoid-shop.com\/it\/wp-json\/wp\/v2\/product\/7071","targetHints":{"allow":["GET"]}}],"collection":[{"href":"https:\/\/iberoid-shop.com\/it\/wp-json\/wp\/v2\/product"}],"about":[{"href":"https:\/\/iberoid-shop.com\/it\/wp-json\/wp\/v2\/types\/product"}],"replies":[{"embeddable":true,"href":"https:\/\/iberoid-shop.com\/it\/wp-json\/wp\/v2\/comments?post=7071"}],"wp:featuredmedia":[{"embeddable":true,"href":"https:\/\/iberoid-shop.com\/it\/wp-json\/wp\/v2\/media\/7072"}],"wp:attachment":[{"href":"https:\/\/iberoid-shop.com\/it\/wp-json\/wp\/v2\/media?parent=7071"}],"wp:term":[{"taxonomy":"product_brand","embeddable":true,"href":"https:\/\/iberoid-shop.com\/it\/wp-json\/wp\/v2\/product_brand?post=7071"},{"taxonomy":"product_cat","embeddable":true,"href":"https:\/\/iberoid-shop.com\/it\/wp-json\/wp\/v2\/product_cat?post=7071"},{"taxonomy":"product_tag","embeddable":true,"href":"https:\/\/iberoid-shop.com\/it\/wp-json\/wp\/v2\/product_tag?post=7071"}],"curies":[{"name":"wp","href":"https:\/\/api.w.org\/{rel}","templated":true}]}}