{"id":6759,"date":"2021-09-19T13:42:52","date_gmt":"2021-09-19T13:42:52","guid":{"rendered":"https:\/\/iberoid-shop.com\/?post_type=product&#038;p=6759"},"modified":"2026-03-24T21:11:14","modified_gmt":"2026-03-24T21:11:14","slug":"pack-3-cajas-somatropin100-ui-canada-biotech-300-ui","status":"publish","type":"product","link":"https:\/\/iberoid-shop.com\/it\/product\/pack-3-cajas-somatropin100-ui-canada-biotech-300-ui\/","title":{"rendered":"PACK 3 Somatropin 191aa 100 UI\/300 ui"},"content":{"rendered":"<p>Canada Peptidi La somatropina, o ormone umano della crescita, \u00e8 uno degli ormoni fondamentali dell&#8217;organismo, senza il quale molti fattori non saranno in grado di funzionare correttamente. Tra questi ci sono: riduzione del grasso, dimensione e propriet\u00e0 della massa muscolare, potenza e recupero del corpo, salute, aspetto energetico, immunit\u00e0, produttivit\u00e0, resistenza, capacit\u00e0 di sopravvivenza e altro.<\/p>\n<p>Dopo la ricombinazione genetica, il laboratorio ha creato rhGH, \u00e8 simile a HGH, che \u00e8 secreto dall&#8217;organismo e ha 191 amminoacidi. All&#8217;interno del fegato, la trasformazione dell&#8217;HGH nel metabolita principale IGF-1 sta avvenendo molto rapidamente e ci\u00f2 supporta l&#8217;ulteriore alta efficienza e l&#8217;aggiunta di benefici.<\/p>\n<p>Ogni persona, approssimativamente fino al limite dei trent&#8217;anni, ha abbastanza HGH nell&#8217;organismo. Dopo quel limite, la produzione dell&#8217;ormone della crescita, che rappresenta l&#8217;effetto antiet\u00e0, diminuisce. Le ricerche hanno dimostrato che le caratteristiche biologiche dell&#8217;invecchiamento (insieme alle rughe), potrebbero essere ritardate dal trattamento con GH. Inoltre, il flaconcino da 10 UI di Canada Peptides Somatropin 191aa ha un forte effetto anabolico. Puoi determinare tu stesso che \u00e8 in grado di acquisire una nuova muscolatura qualificata, dopo aver ordinato il peptide su steromarket.com.<\/p>\n<p>Ci sono ancora pi\u00f9 vantaggi nell&#8217;uso di rHGH: supporta lo sviluppo di nuove cellule muscolari; aumentare l&#8217;indice di colesterolo; riduce la possibilit\u00e0 di malattie coronariche e cardiovascolari; supporta il recupero di diversi organi interni; rafforza le ossa; elevata l&#8217;educabilit\u00e0, a causa del miglioramento dell&#8217;attivit\u00e0 cerebrale.<\/p>\n<p>Le fasce di dosaggio della Somatropina (al giorno): per effetto antiet\u00e0 &#8211; 2 UI; per la riduzione del peso, bodybuilding e fitness &#8211; 4-6 UI; per la terapia delle ustioni gravi e la riabilitazione delle lesioni &#8211; 8-16 UI (in tal caso si usa per poco tempo). Se hai bisogno di prendere 4IU e pi\u00f9, si consiglia di dividere quella dose giornaliera in 2 colpi (il primo al mattino e il secondo alla fine del pomeriggio). \u00c8 meglio non assumere il farmaco in tarda serata, in quanto potrebbe intervenire sulla secrezione endogena di HGH dell&#8217;organismo mentre l&#8217;utilizzatore sta dormendo. Se hai domande sulla somministrazione di peptidi, puoi chiederle ai nostri consulenti, dopo aver effettuato un ordine su steromarket.com.<\/p>\n<p>I possibili effetti collaterali della Somatropin 191aa sono: glicosuria, dolore muscolare, aumento della glicemia, mal di testa, irrigidimento delle articolazioni. Il punto di iniezione potrebbe diventare rosso e pruriginoso. Di norma, quando si assumono meno di 3 UI al giorno, gli effetti collaterali non appariranno e le condizioni della pelle e del sonno aumenteranno. Ma, prendendo 4IU (al giorno) e pi\u00f9, per alcune settimane, potrebbero essere mostrati alcuni effetti negativi. Potrebbero verificarsi casi di lieve ritenzione idrica nelle dita dei piedi, delle dita e del viso. C&#8217;\u00e8 un effetto collaterale, che porta molti disagi: la sindrome del tunnel carpale. Quella sensazione di puntura nei palmi e nelle dita viene solitamente ignorata dagli utenti, ma per eliminare tale effetto, si consiglia di ridurre la dose o di interrompere l&#8217;assunzione del farmaco per circa 2-3 settimane, fino alla scomparsa dei sintomi.<\/p>","protected":false},"excerpt":{"rendered":"<p>Canada Peptidi La somatropina, o ormone umano della crescita, \u00e8 uno degli ormoni fondamentali dell&#8217;organismo, senza il quale molti fattori<\/p>\n","protected":false},"featured_media":8836,"comment_status":"open","ping_status":"closed","template":"","meta":[],"product_brand":[],"product_cat":[76,3474],"product_tag":[3450],"class_list":{"0":"post-6759","1":"product","2":"type-product","3":"status-publish","4":"has-post-thumbnail","6":"product_cat-hgh_peptido","7":"product_cat-packs","8":"product_tag-pack3-cajas","10":"first","11":"instock","12":"sale","13":"shipping-taxable","14":"purchasable","15":"product-type-simple"},"yoast_head":"<!-- This site is optimized with the Yoast SEO Premium plugin v24.4 (Yoast SEO v27.0) - https:\/\/yoast.com\/product\/yoast-seo-premium-wordpress\/ -->\n<title>PACK 3 Somatropin 191aa 100 UI\/300 ui<\/title>\n<meta name=\"description\" content=\"La Somatropina di Canada Peptides (rhGH 191aa) \u00e8 un ormone della crescita umano per l&#039;aumento muscolare, la perdita di grasso, il recupero e gli effetti anti-invecchiamento.\" \/>\n<meta name=\"robots\" content=\"index, follow, max-snippet:-1, max-image-preview:large, max-video-preview:-1\" \/>\n<link rel=\"canonical\" href=\"https:\/\/iberoid-shop.com\/it\/product\/pack-3-cajas-somatropin100-ui-canada-biotech-300-ui\/\" \/>\n<meta property=\"og:locale\" content=\"it_IT\" \/>\n<meta property=\"og:type\" content=\"article\" \/>\n<meta property=\"og:title\" content=\"PACK 3 Somatropin 191aa 100 UI\/300 ui\" \/>\n<meta property=\"og:description\" content=\"La Somatropina di Canada Peptides (rhGH 191aa) \u00e8 un ormone della crescita umano per l&#039;aumento muscolare, la perdita di grasso, il recupero e gli effetti anti-invecchiamento.\" \/>\n<meta property=\"og:url\" content=\"https:\/\/iberoid-shop.com\/it\/product\/pack-3-cajas-somatropin100-ui-canada-biotech-300-ui\/\" \/>\n<meta property=\"og:site_name\" content=\"Steroidi in linea\" \/>\n<meta property=\"article:modified_time\" content=\"2026-03-24T21:11:14+00:00\" \/>\n<meta property=\"og:image\" content=\"https:\/\/iberoid-shop.com\/wp-content\/uploads\/2021\/09\/3-somna.jpg?v=1699083340\" \/>\n\t<meta property=\"og:image:width\" content=\"1024\" \/>\n\t<meta property=\"og:image:height\" content=\"660\" \/>\n\t<meta property=\"og:image:type\" content=\"image\/jpeg\" \/>\n<meta name=\"twitter:card\" content=\"summary_large_image\" \/>\n<meta name=\"twitter:label1\" content=\"Prezzo\" \/>\n\t<meta name=\"twitter:data1\" content=\"&euro;200.00\" \/>\n\t<meta name=\"twitter:label2\" content=\"Disponibilit\u00e0\" \/>\n\t<meta name=\"twitter:data2\" content=\"In stock\" \/>\n<script type=\"application\/ld+json\" class=\"yoast-schema-graph\">{\"@context\":\"https:\/\/schema.org\",\"@graph\":[{\"@type\":\"WebPage\",\"@id\":\"https:\/\/iberoid-shop.com\/it\/product\/pack-3-cajas-somatropin100-ui-canada-biotech-300-ui\/\",\"url\":\"https:\/\/iberoid-shop.com\/it\/product\/pack-3-cajas-somatropin100-ui-canada-biotech-300-ui\/\",\"name\":\"PACK 3 Somatropin 191aa 100 UI\/300 ui\",\"isPartOf\":{\"@id\":\"https:\/\/iberoid-shop.com\/it\/#website\"},\"primaryImageOfPage\":{\"@id\":\"https:\/\/iberoid-shop.com\/it\/product\/pack-3-cajas-somatropin100-ui-canada-biotech-300-ui\/#primaryimage\"},\"image\":{\"@id\":\"https:\/\/iberoid-shop.com\/it\/product\/pack-3-cajas-somatropin100-ui-canada-biotech-300-ui\/#primaryimage\"},\"thumbnailUrl\":\"https:\/\/iberoid-shop.com\/wp-content\/uploads\/2021\/09\/3-somna.jpg?v=1699083340\",\"datePublished\":\"2021-09-19T13:42:52+00:00\",\"dateModified\":\"2026-03-24T21:11:14+00:00\",\"description\":\"La Somatropina di Canada Peptides (rhGH 191aa) \u00e8 un ormone della crescita umano per l'aumento muscolare, la perdita di grasso, il recupero e gli effetti anti-invecchiamento.\",\"breadcrumb\":{\"@id\":\"https:\/\/iberoid-shop.com\/it\/product\/pack-3-cajas-somatropin100-ui-canada-biotech-300-ui\/#breadcrumb\"},\"inLanguage\":\"it-IT\",\"potentialAction\":[{\"@type\":\"ReadAction\",\"target\":[[\"https:\/\/iberoid-shop.com\/it\/product\/pack-3-cajas-somatropin100-ui-canada-biotech-300-ui\/\"]]}]},{\"@type\":\"ImageObject\",\"inLanguage\":\"it-IT\",\"@id\":\"https:\/\/iberoid-shop.com\/it\/product\/pack-3-cajas-somatropin100-ui-canada-biotech-300-ui\/#primaryimage\",\"url\":\"https:\/\/iberoid-shop.com\/wp-content\/uploads\/2021\/09\/3-somna.jpg?v=1699083340\",\"contentUrl\":\"https:\/\/iberoid-shop.com\/wp-content\/uploads\/2021\/09\/3-somna.jpg?v=1699083340\",\"width\":1024,\"height\":660},{\"@type\":\"BreadcrumbList\",\"@id\":\"https:\/\/iberoid-shop.com\/it\/product\/pack-3-cajas-somatropin100-ui-canada-biotech-300-ui\/#breadcrumb\",\"itemListElement\":[{\"@type\":\"ListItem\",\"position\":1,\"name\":\"Portada\",\"item\":\"https:\/\/iberoid-shop.com\/it\/\"},{\"@type\":\"ListItem\",\"position\":2,\"name\":\"Negozio\",\"item\":\"https:\/\/iberoid-shop.com\/it\/shop\/\"},{\"@type\":\"ListItem\",\"position\":3,\"name\":\"PACK 3 Somatropin 191aa 100 UI\/300 ui\"}]},{\"@type\":\"WebSite\",\"@id\":\"https:\/\/iberoid-shop.com\/it\/#website\",\"url\":\"https:\/\/iberoid-shop.com\/it\/\",\"name\":\"Steroidi in linea\",\"description\":\"Acquista steroidi online oggi in Spagna e Portogallo. Abbiamo il miglior servizio clienti del settore e prodotti di altissima qualit\u00e0\",\"potentialAction\":[{\"@type\":\"SearchAction\",\"target\":{\"@type\":\"EntryPoint\",\"urlTemplate\":\"https:\/\/iberoid-shop.com\/it\/?s={search_term_string}\"},\"query-input\":{\"@type\":\"PropertyValueSpecification\",\"valueRequired\":true,\"valueName\":\"search_term_string\"}}],\"inLanguage\":\"it-IT\"}]}<\/script>\n<meta property=\"product:brand\" content=\"Canada Biotech Peptides\" \/>\n<meta property=\"product:price:amount\" content=\"200.00\" \/>\n<meta property=\"product:price:currency\" content=\"EUR\" \/>\n<meta property=\"og:availability\" content=\"instock\" \/>\n<meta property=\"product:availability\" content=\"instock\" \/>\n<meta property=\"product:condition\" content=\"new\" \/>\n<!-- \/ Yoast SEO Premium plugin. -->","yoast_head_json":{"title":"PACK 3 Somatropin 191aa 100 UI\/300 ui","description":"La Somatropina di Canada Peptides (rhGH 191aa) \u00e8 un ormone della crescita umano per l'aumento muscolare, la perdita di grasso, il recupero e gli effetti anti-invecchiamento.","robots":{"index":"index","follow":"follow","max-snippet":"max-snippet:-1","max-image-preview":"max-image-preview:large","max-video-preview":"max-video-preview:-1"},"canonical":"https:\/\/iberoid-shop.com\/it\/product\/pack-3-cajas-somatropin100-ui-canada-biotech-300-ui\/","og_locale":"it_IT","og_type":"article","og_title":"PACK 3 Somatropin 191aa 100 UI\/300 ui","og_description":"La Somatropina di Canada Peptides (rhGH 191aa) \u00e8 un ormone della crescita umano per l'aumento muscolare, la perdita di grasso, il recupero e gli effetti anti-invecchiamento.","og_url":"https:\/\/iberoid-shop.com\/it\/product\/pack-3-cajas-somatropin100-ui-canada-biotech-300-ui\/","og_site_name":"Steroidi in linea","article_modified_time":"2026-03-24T21:11:14+00:00","og_image":[{"width":1024,"height":660,"url":"https:\/\/iberoid-shop.com\/wp-content\/uploads\/2021\/09\/3-somna.jpg?v=1699083340","type":"image\/jpeg"}],"twitter_card":"summary_large_image","twitter_misc":{"Prezzo":"&euro;200.00","Disponibilit\u00e0":"In stock"},"schema":{"@context":"https:\/\/schema.org","@graph":[{"@type":"WebPage","@id":"https:\/\/iberoid-shop.com\/it\/product\/pack-3-cajas-somatropin100-ui-canada-biotech-300-ui\/","url":"https:\/\/iberoid-shop.com\/it\/product\/pack-3-cajas-somatropin100-ui-canada-biotech-300-ui\/","name":"PACK 3 Somatropin 191aa 100 UI\/300 ui","isPartOf":{"@id":"https:\/\/iberoid-shop.com\/it\/#website"},"primaryImageOfPage":{"@id":"https:\/\/iberoid-shop.com\/it\/product\/pack-3-cajas-somatropin100-ui-canada-biotech-300-ui\/#primaryimage"},"image":{"@id":"https:\/\/iberoid-shop.com\/it\/product\/pack-3-cajas-somatropin100-ui-canada-biotech-300-ui\/#primaryimage"},"thumbnailUrl":"https:\/\/iberoid-shop.com\/wp-content\/uploads\/2021\/09\/3-somna.jpg?v=1699083340","datePublished":"2021-09-19T13:42:52+00:00","dateModified":"2026-03-24T21:11:14+00:00","description":"La Somatropina di Canada Peptides (rhGH 191aa) \u00e8 un ormone della crescita umano per l'aumento muscolare, la perdita di grasso, il recupero e gli effetti anti-invecchiamento.","breadcrumb":{"@id":"https:\/\/iberoid-shop.com\/it\/product\/pack-3-cajas-somatropin100-ui-canada-biotech-300-ui\/#breadcrumb"},"inLanguage":"it-IT","potentialAction":[{"@type":"ReadAction","target":[["https:\/\/iberoid-shop.com\/it\/product\/pack-3-cajas-somatropin100-ui-canada-biotech-300-ui\/"]]}]},{"@type":"ImageObject","inLanguage":"it-IT","@id":"https:\/\/iberoid-shop.com\/it\/product\/pack-3-cajas-somatropin100-ui-canada-biotech-300-ui\/#primaryimage","url":"https:\/\/iberoid-shop.com\/wp-content\/uploads\/2021\/09\/3-somna.jpg?v=1699083340","contentUrl":"https:\/\/iberoid-shop.com\/wp-content\/uploads\/2021\/09\/3-somna.jpg?v=1699083340","width":1024,"height":660},{"@type":"BreadcrumbList","@id":"https:\/\/iberoid-shop.com\/it\/product\/pack-3-cajas-somatropin100-ui-canada-biotech-300-ui\/#breadcrumb","itemListElement":[{"@type":"ListItem","position":1,"name":"Portada","item":"https:\/\/iberoid-shop.com\/it\/"},{"@type":"ListItem","position":2,"name":"Negozio","item":"https:\/\/iberoid-shop.com\/it\/shop\/"},{"@type":"ListItem","position":3,"name":"PACK 3 Somatropin 191aa 100 UI\/300 ui"}]},{"@type":"WebSite","@id":"https:\/\/iberoid-shop.com\/it\/#website","url":"https:\/\/iberoid-shop.com\/it\/","name":"Steroidi in linea","description":"Acquista steroidi online oggi in Spagna e Portogallo. Abbiamo il miglior servizio clienti del settore e prodotti di altissima qualit\u00e0","potentialAction":[{"@type":"SearchAction","target":{"@type":"EntryPoint","urlTemplate":"https:\/\/iberoid-shop.com\/it\/?s={search_term_string}"},"query-input":{"@type":"PropertyValueSpecification","valueRequired":true,"valueName":"search_term_string"}}],"inLanguage":"it-IT"}]},"product_brand":"Canada Biotech Peptides","product_price_amount":"200.00","product_price_currency":"EUR","og_availability":"instock","product_availability":"instock","product_condition":"new"},"_links":{"self":[{"href":"https:\/\/iberoid-shop.com\/it\/wp-json\/wp\/v2\/product\/6759","targetHints":{"allow":["GET"]}}],"collection":[{"href":"https:\/\/iberoid-shop.com\/it\/wp-json\/wp\/v2\/product"}],"about":[{"href":"https:\/\/iberoid-shop.com\/it\/wp-json\/wp\/v2\/types\/product"}],"replies":[{"embeddable":true,"href":"https:\/\/iberoid-shop.com\/it\/wp-json\/wp\/v2\/comments?post=6759"}],"wp:featuredmedia":[{"embeddable":true,"href":"https:\/\/iberoid-shop.com\/it\/wp-json\/wp\/v2\/media\/8836"}],"wp:attachment":[{"href":"https:\/\/iberoid-shop.com\/it\/wp-json\/wp\/v2\/media?parent=6759"}],"wp:term":[{"taxonomy":"product_brand","embeddable":true,"href":"https:\/\/iberoid-shop.com\/it\/wp-json\/wp\/v2\/product_brand?post=6759"},{"taxonomy":"product_cat","embeddable":true,"href":"https:\/\/iberoid-shop.com\/it\/wp-json\/wp\/v2\/product_cat?post=6759"},{"taxonomy":"product_tag","embeddable":true,"href":"https:\/\/iberoid-shop.com\/it\/wp-json\/wp\/v2\/product_tag?post=6759"}],"curies":[{"name":"wp","href":"https:\/\/api.w.org\/{rel}","templated":true}]}}