{"id":6675,"date":"2021-09-01T17:42:51","date_gmt":"2021-09-01T17:42:51","guid":{"rendered":"https:\/\/iberoid-shop.com\/?post_type=product&#038;p=6675"},"modified":"2025-04-27T08:30:25","modified_gmt":"2025-04-27T08:30:25","slug":"strombabol-60-pastillas-stanozolol-oral-10-mg-pharmabol","status":"publish","type":"product","link":"https:\/\/iberoid-shop.com\/it\/product\/strombabol-60-pastillas-stanozolol-oral-10-mg-pharmabol\/","title":{"rendered":"STROMBABOL, STANOZOLOLO &#8211; 60 PASTIGLIE 10 MG"},"content":{"rendered":"<p>STROMBABOL \u00e8 il nome commerciale pi\u00f9 ampiamente riconosciuto per il farmaco stanozololo. Stanozolol \u00e8 un derivato del diidro-testosterone, alterato chimicamente in modo che le propriet\u00e0 dell&#8217;ormone anabolizzante (costruzione dei tessuti) siano notevolmente amplificate e la sua attivit\u00e0 androgena ridotta al minimo. Stanozolol \u00e8 classificato come uno steroide &#8220;anabolizzante&#8221; e presenta una delle pi\u00f9 forti dissociazioni da anabolizzanti a effetti androgeni tra gli agenti disponibili in commercio. Inoltre non pu\u00f2 essere aromatizzato in estrogeni. Stanozolol \u00e8 il secondo steroide orale pi\u00f9 utilizzato, riuscito in popolarit\u00e0 solo da Dianabol (methandrostenolone). \u00c8 favorito per la sua capacit\u00e0 di promuovere la crescita muscolare senza ritenzione idrica, il che lo rende molto apprezzato dai bodybuilder a dieta e dagli atleti competitivi.<\/p>\n<p>Amministrazione (Generale):<\/p>\n<p>Gli studi hanno dimostrato che l&#8217;assunzione di uno steroide anabolizzante orale con il cibo pu\u00f2 ridurne la biodisponibilit\u00e0. Ci\u00f2 \u00e8 causato dalla natura liposolubile degli ormoni steroidei, che pu\u00f2 consentire a parte del farmaco di dissolversi con grasso alimentare non digerito, riducendo il suo assorbimento dal tratto gastrointestinale. Per il massimo utilizzo, le forme orali di stanozololo devono essere assunte a stomaco vuoto.<\/p>\n<p>Amministrazione (uomini):<\/p>\n<p>Le linee guida originali per la prescrizione di STROMBABOL prevedevano un dosaggio giornaliero di 6 mg, che veniva somministrato secondo uno schema di una compressa da 2 mg tre volte al giorno. Il dosaggio abituale a scopo di miglioramento del fisico o delle prestazioni \u00e8 compreso tra 15 mg e 25 mg al giorno, o da tre a cinque compresse da 5 mg, assunte per non pi\u00f9 di 6-8 settimane. STROMBABOL iniettabile \u00e8 generalmente raccomandato a un dosaggio clinico di un&#8217;iniezione da 50 mg ogni 2-3 settimane. Quando viene utilizzato per scopi di miglioramento del fisico o delle prestazioni, il dosaggio di 50 mg a giorni alterni \u00e8 pi\u00f9 comunemente applicato. Le preparazioni veterinarie di stanozololo con una dimensione delle particelle pi\u00f9 grandi verranno disperse lentamente dall&#8217;organismo e vengono comunemente somministrate a 75 mg ogni tre giorni. Dosi di 50 mg al giorno con stanozololo iniettabile non sono rare, anche se probabilmente non consigliate. Si noti che le forme iniettabili del farmaco dovrebbero avere, milligrammo per milligrammo, un effetto anabolico maggiore di quello orale.<\/p>\n<p>Stanozolol \u00e8 spesso combinato con altri steroidi per un risultato pi\u00f9 drammatico. Ad esempio, durante il bulking si potrebbe scegliere di aggiungere 200-400 mg di un estere di testosterone (cypionate, enanthate o propionate) a settimana. Il risultato dovrebbe essere un notevole aumento di nuova massa muscolare, con un livello pi\u00f9 confortevole di ritenzione di acqua e grasso rispetto a quando si assume una dose maggiore di testosterone da solo. Per le fasi di dieta, si potrebbe alternativamente combinare lo stanozololo con uno steroide non aromatizzante come 150 mg a settimana di un estere di trenbolone o 200-300 mg di Primobolan\u00ae (metenolone enantato). Tali stack sono altamente favoriti per aumentare la definizione e la muscolarit\u00e0. Una via di mezzo (aumento di massa magra) potrebbe essere aggiunta in 200-400 mg di un composto a basso contenuto estrogenico come Deca-Durabolin\u00ae (nandrolone decanoato) o Equipoise\u00ae (boldenone undecilenato).<\/p>\n<p>Amministrazione (donne):<\/p>\n<p>Le linee guida originali per la prescrizione di STROMBABOL prevedevano un dosaggio giornaliero di 4 mg (una compressa da 2 mg due volte al giorno) con le giovani donne particolarmente sensibili agli effetti androgeni degli steroidi anabolizzanti. Questo dosaggio \u00e8 stato aumentato a 6 mg (lo stesso della dose raccomandata per le malattie) quando necessario. Quando viene utilizzato per scopi di miglioramento del fisico o delle prestazioni, il dosaggio da 5 mg a 10 mg al giorno \u00e8 pi\u00f9 comune, assunto per non pi\u00f9 di 4-6 settimane. STROMBABOL iniettabile \u00e8 generalmente raccomandato a una dose clinica di 50 mg ogni 2-3 settimane. L&#8217;iniettabile di solito non \u00e8 consigliato alle donne per scopi fisici o di miglioramento delle prestazioni, in quanto consente un minor controllo sui livelli di ormoni nel sangue. Quelle donne che devono assolutamente usare l&#8217;iniettabile comunemente somministrano 25 mg ogni 3 o 4 giorni. Sebbene questo composto sia debolmente androgeno, il rischio di sintomi di virilizzazione non pu\u00f2 essere completamente escluso, anche a dosi terapeutiche.<\/p>","protected":false},"excerpt":{"rendered":"<p>STROMBABOL \u00e8 il nome commerciale pi\u00f9 ampiamente riconosciuto per il farmaco stanozololo. Stanozolol \u00e8 un derivato del diidro-testosterone, alterato chimicamente<\/p>\n","protected":false},"featured_media":6676,"comment_status":"open","ping_status":"closed","template":"","meta":[],"product_brand":[],"product_cat":[73],"product_tag":[],"class_list":{"0":"post-6675","1":"product","2":"type-product","3":"status-publish","4":"has-post-thumbnail","6":"product_cat-ssteroides_orales","8":"first","9":"outofstock","10":"sale","11":"shipping-taxable","12":"purchasable","13":"product-type-simple"},"yoast_head":"<!-- This site is optimized with the Yoast SEO Premium plugin v24.4 (Yoast SEO v27.3) - https:\/\/yoast.com\/product\/yoast-seo-premium-wordpress\/ -->\n<title>STROMBABOL, STANOZOLOLO - 60 PASTIGLIE 10 MG - Steroidi in linea<\/title>\n<meta name=\"description\" content=\"STROMBABOL (Stanozololo\/Winstrol): Crescita muscolare magra, minima ritenzione idrica. Popolare per definizione e atleti. Uomini: 15-25mg orale al giorno o 50mg iniettabile a giorni alterni. Donne: 5-10mg orale al giorno. Tossico per il fegato.\" \/>\n<meta name=\"robots\" content=\"index, follow, max-snippet:-1, max-image-preview:large, max-video-preview:-1\" \/>\n<link rel=\"canonical\" href=\"https:\/\/iberoid-shop.com\/it\/product\/strombabol-60-pastillas-stanozolol-oral-10-mg-pharmabol\/\" \/>\n<meta property=\"og:locale\" content=\"it_IT\" \/>\n<meta property=\"og:type\" content=\"article\" \/>\n<meta property=\"og:title\" content=\"STROMBABOL, STANOZOLOLO - 60 PASTIGLIE 10 MG\" \/>\n<meta property=\"og:description\" content=\"STROMBABOL (Stanozololo\/Winstrol): Crescita muscolare magra, minima ritenzione idrica. Popolare per definizione e atleti. Uomini: 15-25mg orale al giorno o 50mg iniettabile a giorni alterni. Donne: 5-10mg orale al giorno. Tossico per il fegato.\" \/>\n<meta property=\"og:url\" content=\"https:\/\/iberoid-shop.com\/it\/product\/strombabol-60-pastillas-stanozolol-oral-10-mg-pharmabol\/\" \/>\n<meta property=\"og:site_name\" content=\"Steroidi in linea\" \/>\n<meta property=\"article:modified_time\" content=\"2025-04-27T08:30:25+00:00\" \/>\n<meta property=\"og:image\" content=\"https:\/\/iberoid-shop.com\/wp-content\/uploads\/2021\/09\/image_6483441-4.jpg?v=1698572462\" \/>\n\t<meta property=\"og:image:width\" content=\"1536\" \/>\n\t<meta property=\"og:image:height\" content=\"2048\" \/>\n\t<meta property=\"og:image:type\" content=\"image\/jpeg\" \/>\n<meta name=\"twitter:card\" content=\"summary_large_image\" \/>\n<meta name=\"twitter:label1\" content=\"Prezzo\" \/>\n\t<meta name=\"twitter:data1\" content=\"&euro;20.00\" \/>\n\t<meta name=\"twitter:label2\" content=\"Disponibilit\u00e0\" \/>\n\t<meta name=\"twitter:data2\" content=\"Esaurito\" \/>\n<script type=\"application\/ld+json\" class=\"yoast-schema-graph\">{\"@context\":\"https:\\\/\\\/schema.org\",\"@graph\":[{\"@type\":\"WebPage\",\"@id\":\"https:\\\/\\\/iberoid-shop.com\\\/it\\\/product\\\/strombabol-60-pastillas-stanozolol-oral-10-mg-pharmabol\\\/\",\"url\":\"https:\\\/\\\/iberoid-shop.com\\\/it\\\/product\\\/strombabol-60-pastillas-stanozolol-oral-10-mg-pharmabol\\\/\",\"name\":\"STROMBABOL, STANOZOLOLO - 60 PASTIGLIE 10 MG - Steroidi in linea\",\"isPartOf\":{\"@id\":\"https:\\\/\\\/iberoid-shop.com\\\/it\\\/#website\"},\"primaryImageOfPage\":{\"@id\":\"https:\\\/\\\/iberoid-shop.com\\\/it\\\/product\\\/strombabol-60-pastillas-stanozolol-oral-10-mg-pharmabol\\\/#primaryimage\"},\"image\":{\"@id\":\"https:\\\/\\\/iberoid-shop.com\\\/it\\\/product\\\/strombabol-60-pastillas-stanozolol-oral-10-mg-pharmabol\\\/#primaryimage\"},\"thumbnailUrl\":\"https:\\\/\\\/iberoid-shop.com\\\/wp-content\\\/uploads\\\/2021\\\/09\\\/image_6483441-4.jpg?v=1698572462\",\"datePublished\":\"2021-09-01T17:42:51+00:00\",\"dateModified\":\"2025-04-27T08:30:25+00:00\",\"description\":\"STROMBABOL (Stanozololo\\\/Winstrol): Crescita muscolare magra, minima ritenzione idrica. Popolare per definizione e atleti. Uomini: 15-25mg orale al giorno o 50mg iniettabile a giorni alterni. Donne: 5-10mg orale al giorno. Tossico per il fegato.\",\"breadcrumb\":{\"@id\":\"https:\\\/\\\/iberoid-shop.com\\\/it\\\/product\\\/strombabol-60-pastillas-stanozolol-oral-10-mg-pharmabol\\\/#breadcrumb\"},\"inLanguage\":\"it-IT\",\"potentialAction\":[{\"@type\":\"ReadAction\",\"target\":[[\"https:\\\/\\\/iberoid-shop.com\\\/it\\\/product\\\/strombabol-60-pastillas-stanozolol-oral-10-mg-pharmabol\\\/\"]]}]},{\"@type\":\"ImageObject\",\"inLanguage\":\"it-IT\",\"@id\":\"https:\\\/\\\/iberoid-shop.com\\\/it\\\/product\\\/strombabol-60-pastillas-stanozolol-oral-10-mg-pharmabol\\\/#primaryimage\",\"url\":\"https:\\\/\\\/iberoid-shop.com\\\/wp-content\\\/uploads\\\/2021\\\/09\\\/image_6483441-4.jpg?v=1698572462\",\"contentUrl\":\"https:\\\/\\\/iberoid-shop.com\\\/wp-content\\\/uploads\\\/2021\\\/09\\\/image_6483441-4.jpg?v=1698572462\",\"width\":1536,\"height\":2048},{\"@type\":\"BreadcrumbList\",\"@id\":\"https:\\\/\\\/iberoid-shop.com\\\/it\\\/product\\\/strombabol-60-pastillas-stanozolol-oral-10-mg-pharmabol\\\/#breadcrumb\",\"itemListElement\":[{\"@type\":\"ListItem\",\"position\":1,\"name\":\"Portada\",\"item\":\"https:\\\/\\\/iberoid-shop.com\\\/it\\\/\"},{\"@type\":\"ListItem\",\"position\":2,\"name\":\"Negozio\",\"item\":\"https:\\\/\\\/iberoid-shop.com\\\/it\\\/shop\\\/\"},{\"@type\":\"ListItem\",\"position\":3,\"name\":\"STROMBABOL, STANOZOLOLO &#8211; 60 PASTIGLIE 10 MG\"}]},{\"@type\":\"WebSite\",\"@id\":\"https:\\\/\\\/iberoid-shop.com\\\/it\\\/#website\",\"url\":\"https:\\\/\\\/iberoid-shop.com\\\/it\\\/\",\"name\":\"Steroidi in linea\",\"description\":\"Acquista steroidi online oggi in Spagna e Portogallo. Abbiamo il miglior servizio clienti del settore e prodotti di altissima qualit\u00e0\",\"potentialAction\":[{\"@type\":\"SearchAction\",\"target\":{\"@type\":\"EntryPoint\",\"urlTemplate\":\"https:\\\/\\\/iberoid-shop.com\\\/it\\\/?s={search_term_string}\"},\"query-input\":{\"@type\":\"PropertyValueSpecification\",\"valueRequired\":true,\"valueName\":\"search_term_string\"}}],\"inLanguage\":\"it-IT\"}]}<\/script>\n<meta property=\"product:brand\" content=\"Pharmabol\" \/>\n<meta property=\"product:price:amount\" content=\"20.00\" \/>\n<meta property=\"product:price:currency\" content=\"EUR\" \/>\n<meta property=\"og:availability\" content=\"out of stock\" \/>\n<meta property=\"product:availability\" content=\"out of stock\" \/>\n<meta property=\"product:condition\" content=\"new\" \/>\n<!-- \/ Yoast SEO Premium plugin. -->","yoast_head_json":{"title":"STROMBABOL, STANOZOLOLO - 60 PASTIGLIE 10 MG - Steroidi in linea","description":"STROMBABOL (Stanozololo\/Winstrol): Crescita muscolare magra, minima ritenzione idrica. Popolare per definizione e atleti. Uomini: 15-25mg orale al giorno o 50mg iniettabile a giorni alterni. Donne: 5-10mg orale al giorno. Tossico per il fegato.","robots":{"index":"index","follow":"follow","max-snippet":"max-snippet:-1","max-image-preview":"max-image-preview:large","max-video-preview":"max-video-preview:-1"},"canonical":"https:\/\/iberoid-shop.com\/it\/product\/strombabol-60-pastillas-stanozolol-oral-10-mg-pharmabol\/","og_locale":"it_IT","og_type":"article","og_title":"STROMBABOL, STANOZOLOLO - 60 PASTIGLIE 10 MG","og_description":"STROMBABOL (Stanozololo\/Winstrol): Crescita muscolare magra, minima ritenzione idrica. Popolare per definizione e atleti. Uomini: 15-25mg orale al giorno o 50mg iniettabile a giorni alterni. Donne: 5-10mg orale al giorno. Tossico per il fegato.","og_url":"https:\/\/iberoid-shop.com\/it\/product\/strombabol-60-pastillas-stanozolol-oral-10-mg-pharmabol\/","og_site_name":"Steroidi in linea","article_modified_time":"2025-04-27T08:30:25+00:00","og_image":[{"width":1536,"height":2048,"url":"https:\/\/iberoid-shop.com\/wp-content\/uploads\/2021\/09\/image_6483441-4.jpg?v=1698572462","type":"image\/jpeg"}],"twitter_card":"summary_large_image","twitter_misc":{"Prezzo":"&euro;20.00","Disponibilit\u00e0":"Esaurito"},"schema":{"@context":"https:\/\/schema.org","@graph":[{"@type":"WebPage","@id":"https:\/\/iberoid-shop.com\/it\/product\/strombabol-60-pastillas-stanozolol-oral-10-mg-pharmabol\/","url":"https:\/\/iberoid-shop.com\/it\/product\/strombabol-60-pastillas-stanozolol-oral-10-mg-pharmabol\/","name":"STROMBABOL, STANOZOLOLO - 60 PASTIGLIE 10 MG - Steroidi in linea","isPartOf":{"@id":"https:\/\/iberoid-shop.com\/it\/#website"},"primaryImageOfPage":{"@id":"https:\/\/iberoid-shop.com\/it\/product\/strombabol-60-pastillas-stanozolol-oral-10-mg-pharmabol\/#primaryimage"},"image":{"@id":"https:\/\/iberoid-shop.com\/it\/product\/strombabol-60-pastillas-stanozolol-oral-10-mg-pharmabol\/#primaryimage"},"thumbnailUrl":"https:\/\/iberoid-shop.com\/wp-content\/uploads\/2021\/09\/image_6483441-4.jpg?v=1698572462","datePublished":"2021-09-01T17:42:51+00:00","dateModified":"2025-04-27T08:30:25+00:00","description":"STROMBABOL (Stanozololo\/Winstrol): Crescita muscolare magra, minima ritenzione idrica. Popolare per definizione e atleti. Uomini: 15-25mg orale al giorno o 50mg iniettabile a giorni alterni. Donne: 5-10mg orale al giorno. Tossico per il fegato.","breadcrumb":{"@id":"https:\/\/iberoid-shop.com\/it\/product\/strombabol-60-pastillas-stanozolol-oral-10-mg-pharmabol\/#breadcrumb"},"inLanguage":"it-IT","potentialAction":[{"@type":"ReadAction","target":[["https:\/\/iberoid-shop.com\/it\/product\/strombabol-60-pastillas-stanozolol-oral-10-mg-pharmabol\/"]]}]},{"@type":"ImageObject","inLanguage":"it-IT","@id":"https:\/\/iberoid-shop.com\/it\/product\/strombabol-60-pastillas-stanozolol-oral-10-mg-pharmabol\/#primaryimage","url":"https:\/\/iberoid-shop.com\/wp-content\/uploads\/2021\/09\/image_6483441-4.jpg?v=1698572462","contentUrl":"https:\/\/iberoid-shop.com\/wp-content\/uploads\/2021\/09\/image_6483441-4.jpg?v=1698572462","width":1536,"height":2048},{"@type":"BreadcrumbList","@id":"https:\/\/iberoid-shop.com\/it\/product\/strombabol-60-pastillas-stanozolol-oral-10-mg-pharmabol\/#breadcrumb","itemListElement":[{"@type":"ListItem","position":1,"name":"Portada","item":"https:\/\/iberoid-shop.com\/it\/"},{"@type":"ListItem","position":2,"name":"Negozio","item":"https:\/\/iberoid-shop.com\/it\/shop\/"},{"@type":"ListItem","position":3,"name":"STROMBABOL, STANOZOLOLO &#8211; 60 PASTIGLIE 10 MG"}]},{"@type":"WebSite","@id":"https:\/\/iberoid-shop.com\/it\/#website","url":"https:\/\/iberoid-shop.com\/it\/","name":"Steroidi in linea","description":"Acquista steroidi online oggi in Spagna e Portogallo. Abbiamo il miglior servizio clienti del settore e prodotti di altissima qualit\u00e0","potentialAction":[{"@type":"SearchAction","target":{"@type":"EntryPoint","urlTemplate":"https:\/\/iberoid-shop.com\/it\/?s={search_term_string}"},"query-input":{"@type":"PropertyValueSpecification","valueRequired":true,"valueName":"search_term_string"}}],"inLanguage":"it-IT"}]},"product_brand":"Pharmabol","product_price_amount":"20.00","product_price_currency":"EUR","og_availability":"out of stock","product_availability":"out of stock","product_condition":"new"},"_links":{"self":[{"href":"https:\/\/iberoid-shop.com\/it\/wp-json\/wp\/v2\/product\/6675","targetHints":{"allow":["GET"]}}],"collection":[{"href":"https:\/\/iberoid-shop.com\/it\/wp-json\/wp\/v2\/product"}],"about":[{"href":"https:\/\/iberoid-shop.com\/it\/wp-json\/wp\/v2\/types\/product"}],"replies":[{"embeddable":true,"href":"https:\/\/iberoid-shop.com\/it\/wp-json\/wp\/v2\/comments?post=6675"}],"wp:featuredmedia":[{"embeddable":true,"href":"https:\/\/iberoid-shop.com\/it\/wp-json\/wp\/v2\/media\/6676"}],"wp:attachment":[{"href":"https:\/\/iberoid-shop.com\/it\/wp-json\/wp\/v2\/media?parent=6675"}],"wp:term":[{"taxonomy":"product_brand","embeddable":true,"href":"https:\/\/iberoid-shop.com\/it\/wp-json\/wp\/v2\/product_brand?post=6675"},{"taxonomy":"product_cat","embeddable":true,"href":"https:\/\/iberoid-shop.com\/it\/wp-json\/wp\/v2\/product_cat?post=6675"},{"taxonomy":"product_tag","embeddable":true,"href":"https:\/\/iberoid-shop.com\/it\/wp-json\/wp\/v2\/product_tag?post=6675"}],"curies":[{"name":"wp","href":"https:\/\/api.w.org\/{rel}","templated":true}]}}