{"id":6030,"date":"2021-04-26T20:22:22","date_gmt":"2021-04-26T20:22:22","guid":{"rendered":"https:\/\/iberoid-shop.com\/?post_type=product&#038;p=6030"},"modified":"2026-03-04T15:50:55","modified_gmt":"2026-03-04T15:50:55","slug":"nandrobol-300-nandrolon-decanote-deca-300-mg","status":"publish","type":"product","link":"https:\/\/iberoid-shop.com\/it\/product\/nandrobol-300-nandrolon-decanote-deca-300-mg\/","title":{"rendered":"Nandrobol 300 (NANDROLON DECANOTE)"},"content":{"rendered":"<p><\/p>\n<div>Nandrobol 300 \u00e8 uno steroide anabolizzante iniettabile contenente nandrolone decanoato, un testosterone che pu\u00f2 essere presente naturalmente nel corpo umano.\u00a0In medicina il Nandrolone Decanoato \u00e8 utilizzato nel trattamento dell&#8217;osteoporosi nelle donne in postmenopausa e di una serie di anemie aplastiche.\u00a0<strong>Per i bodybuilder e gli atleti offre un guadagno efficace nella massa muscolare, la sua attivit\u00e0 anabolica \u00e8 pi\u00f9 lunga e l&#8217;effetto androgeno \u00e8 inferiore.<\/strong><\/div>\n<h3>machenismo<\/h3>\n<div>Al giorno d&#8217;oggi Nandrobol 300 \u00e8 uno degli steroidi anabolizzanti pi\u00f9 popolari e utilizzati.\u00a0\u00c8 ottimo per lo sviluppo della massa muscolare perch\u00e9 favorisce la biosintesi proteica e influisce sulla ritenzione idrica.\u00a0Poich\u00e9 Nandrobol 300 ha la capacit\u00e0 di immagazzinare pi\u00f9 acqua nei tessuti connettivi, pu\u00f2 rilasciarli temporaneamente nelle articolazioni (spalla, gomito e ginocchio).\u00a0Nandrobol 300 \u00e8 facile sul fegato e fa s\u00ec che la cellula muscolare immagazzini pi\u00f9 azoto per ottenere un bilancio azotato positivo.\u00a0Oggi \u00e8 il farmaco pi\u00f9 popolare e utilizzato per sviluppare la massa muscolare e promuovere la sintesi proteica.<\/div>\n<h3>Dosaggi<\/h3>\n<div>Il dosaggio abituale di Nandrobol 300 \u00e8 di 200-600 mg a settimana.\u00a0Un dosaggio pi\u00f9 piccolo avr\u00e0 solo un leggero effetto anabolico, mentre un dosaggio superiore a 800 mg pu\u00f2 portare alla comparsa di effetti collaterali negativi.<\/div>\n<div><\/div>\n<div>Nandrobol 300 \u00e8 ottimo insieme a Dianabol e Testosterone per la crescita muscolare.\u00a0Molti atleti prendono la seguente combinazione di steroidi prima delle competizioni: 400 mg di Nandroxyl, 500 mg di Winstrol, 228 mg di Parabolan e 25 mg di Oxandrolone a settimana.\u00a0Nandrobol 300 funziona anche in combinazione con altri steroidi.\u00a0Il dosaggio per le donne \u00e8 molto pi\u00f9 basso: circa 50-100 mg a settimana.\u00a0Nandrobol 300 deve essere assunto per lunghi periodi di tempo, con un ciclo di almeno 12 settimane.<\/div>\n<div><\/div>\n<div>Il testosterone dovrebbe anche far parte di una terapia post-ciclo di Nandrobol 300.\u00a0I bodybuilder esperti possono aumentare il dosaggio fino a 800 mg a settimana, mentre i principianti dovrebbero iniziare con una quantit\u00e0 di 200 mg.\u00a0Questo prodotto ha anche la propriet\u00e0 di rimanere a lungo nell&#8217;organismo;\u00a0Tracce di Nandroxyl possono essere trovate nelle urine umane anche dopo un anno.<\/div>\n<p><\/p>","protected":false},"excerpt":{"rendered":"<p>Nandrobol 300 \u00e8 uno steroide anabolizzante iniettabile contenente nandrolone decanoato, un testosterone che pu\u00f2 essere presente naturalmente nel corpo umano.\u00a0In<\/p>\n","protected":false},"featured_media":8476,"comment_status":"open","ping_status":"closed","template":"","meta":[],"product_brand":[],"product_cat":[69],"product_tag":[],"class_list":{"0":"post-6030","1":"product","2":"type-product","3":"status-publish","4":"has-post-thumbnail","6":"product_cat-esteroides_inyectables","8":"first","9":"instock","10":"sale","11":"shipping-taxable","12":"purchasable","13":"product-type-simple"},"yoast_head":"<!-- This site is optimized with the Yoast SEO Premium plugin v24.4 (Yoast SEO v27.0) - https:\/\/yoast.com\/product\/yoast-seo-premium-wordpress\/ -->\n<title>Nandrobol 300 (NANDROLON DECANOTE) - Steroidi in linea<\/title>\n<meta name=\"description\" content=\"NANDROBOL 300 \u00e8 uno steroide anabolizzante iniettabile che aumenta la massa muscolare, la sintesi proteica e protegge le articolazioni con bassi effetti androgeni.\" \/>\n<meta name=\"robots\" content=\"index, follow, max-snippet:-1, max-image-preview:large, max-video-preview:-1\" \/>\n<link rel=\"canonical\" href=\"https:\/\/iberoid-shop.com\/it\/product\/nandrobol-300-nandrolon-decanote-deca-300-mg\/\" \/>\n<meta property=\"og:locale\" content=\"it_IT\" \/>\n<meta property=\"og:type\" content=\"article\" \/>\n<meta property=\"og:title\" content=\"Nandrobol 300 (NANDROLON DECANOTE)\" \/>\n<meta property=\"og:description\" content=\"NANDROBOL 300 \u00e8 uno steroide anabolizzante iniettabile che aumenta la massa muscolare, la sintesi proteica e protegge le articolazioni con bassi effetti androgeni.\" \/>\n<meta property=\"og:url\" content=\"https:\/\/iberoid-shop.com\/it\/product\/nandrobol-300-nandrolon-decanote-deca-300-mg\/\" \/>\n<meta property=\"og:site_name\" content=\"Steroidi in linea\" \/>\n<meta property=\"article:modified_time\" content=\"2026-03-04T15:50:55+00:00\" \/>\n<meta property=\"og:image\" content=\"https:\/\/iberoid-shop.com\/wp-content\/uploads\/2021\/04\/dk.jpg?v=1692348234\" \/>\n\t<meta property=\"og:image:width\" content=\"600\" \/>\n\t<meta property=\"og:image:height\" content=\"600\" \/>\n\t<meta property=\"og:image:type\" content=\"image\/jpeg\" \/>\n<meta name=\"twitter:card\" content=\"summary_large_image\" \/>\n<meta name=\"twitter:label1\" content=\"Prezzo\" \/>\n\t<meta name=\"twitter:data1\" content=\"&euro;40.00\" \/>\n\t<meta name=\"twitter:label2\" content=\"Disponibilit\u00e0\" \/>\n\t<meta name=\"twitter:data2\" content=\"In stock\" \/>\n<script type=\"application\/ld+json\" class=\"yoast-schema-graph\">{\"@context\":\"https:\/\/schema.org\",\"@graph\":[{\"@type\":\"WebPage\",\"@id\":\"https:\/\/iberoid-shop.com\/it\/product\/nandrobol-300-nandrolon-decanote-deca-300-mg\/\",\"url\":\"https:\/\/iberoid-shop.com\/it\/product\/nandrobol-300-nandrolon-decanote-deca-300-mg\/\",\"name\":\"Nandrobol 300 (NANDROLON DECANOTE) - Steroidi in linea\",\"isPartOf\":{\"@id\":\"https:\/\/iberoid-shop.com\/it\/#website\"},\"primaryImageOfPage\":{\"@id\":\"https:\/\/iberoid-shop.com\/it\/product\/nandrobol-300-nandrolon-decanote-deca-300-mg\/#primaryimage\"},\"image\":{\"@id\":\"https:\/\/iberoid-shop.com\/it\/product\/nandrobol-300-nandrolon-decanote-deca-300-mg\/#primaryimage\"},\"thumbnailUrl\":\"https:\/\/iberoid-shop.com\/wp-content\/uploads\/2021\/04\/dk.jpg?v=1692348234\",\"datePublished\":\"2021-04-26T20:22:22+00:00\",\"dateModified\":\"2026-03-04T15:50:55+00:00\",\"description\":\"NANDROBOL 300 \u00e8 uno steroide anabolizzante iniettabile che aumenta la massa muscolare, la sintesi proteica e protegge le articolazioni con bassi effetti androgeni.\",\"breadcrumb\":{\"@id\":\"https:\/\/iberoid-shop.com\/it\/product\/nandrobol-300-nandrolon-decanote-deca-300-mg\/#breadcrumb\"},\"inLanguage\":\"it-IT\",\"potentialAction\":[{\"@type\":\"ReadAction\",\"target\":[[\"https:\/\/iberoid-shop.com\/it\/product\/nandrobol-300-nandrolon-decanote-deca-300-mg\/\"]]}]},{\"@type\":\"ImageObject\",\"inLanguage\":\"it-IT\",\"@id\":\"https:\/\/iberoid-shop.com\/it\/product\/nandrobol-300-nandrolon-decanote-deca-300-mg\/#primaryimage\",\"url\":\"https:\/\/iberoid-shop.com\/wp-content\/uploads\/2021\/04\/dk.jpg?v=1692348234\",\"contentUrl\":\"https:\/\/iberoid-shop.com\/wp-content\/uploads\/2021\/04\/dk.jpg?v=1692348234\",\"width\":600,\"height\":600},{\"@type\":\"BreadcrumbList\",\"@id\":\"https:\/\/iberoid-shop.com\/it\/product\/nandrobol-300-nandrolon-decanote-deca-300-mg\/#breadcrumb\",\"itemListElement\":[{\"@type\":\"ListItem\",\"position\":1,\"name\":\"Portada\",\"item\":\"https:\/\/iberoid-shop.com\/it\/\"},{\"@type\":\"ListItem\",\"position\":2,\"name\":\"Negozio\",\"item\":\"https:\/\/iberoid-shop.com\/it\/shop\/\"},{\"@type\":\"ListItem\",\"position\":3,\"name\":\"Nandrobol 300 (NANDROLON DECANOTE)\"}]},{\"@type\":\"WebSite\",\"@id\":\"https:\/\/iberoid-shop.com\/it\/#website\",\"url\":\"https:\/\/iberoid-shop.com\/it\/\",\"name\":\"Steroidi in linea\",\"description\":\"Acquista steroidi online oggi in Spagna e Portogallo. Abbiamo il miglior servizio clienti del settore e prodotti di altissima qualit\u00e0\",\"potentialAction\":[{\"@type\":\"SearchAction\",\"target\":{\"@type\":\"EntryPoint\",\"urlTemplate\":\"https:\/\/iberoid-shop.com\/it\/?s={search_term_string}\"},\"query-input\":{\"@type\":\"PropertyValueSpecification\",\"valueRequired\":true,\"valueName\":\"search_term_string\"}}],\"inLanguage\":\"it-IT\"}]}<\/script>\n<meta property=\"product:brand\" content=\"Pharmabol\" \/>\n<meta property=\"product:price:amount\" content=\"40.00\" \/>\n<meta property=\"product:price:currency\" content=\"EUR\" \/>\n<meta property=\"og:availability\" content=\"instock\" \/>\n<meta property=\"product:availability\" content=\"instock\" \/>\n<meta property=\"product:condition\" content=\"new\" \/>\n<!-- \/ Yoast SEO Premium plugin. -->","yoast_head_json":{"title":"Nandrobol 300 (NANDROLON DECANOTE) - Steroidi in linea","description":"NANDROBOL 300 \u00e8 uno steroide anabolizzante iniettabile che aumenta la massa muscolare, la sintesi proteica e protegge le articolazioni con bassi effetti androgeni.","robots":{"index":"index","follow":"follow","max-snippet":"max-snippet:-1","max-image-preview":"max-image-preview:large","max-video-preview":"max-video-preview:-1"},"canonical":"https:\/\/iberoid-shop.com\/it\/product\/nandrobol-300-nandrolon-decanote-deca-300-mg\/","og_locale":"it_IT","og_type":"article","og_title":"Nandrobol 300 (NANDROLON DECANOTE)","og_description":"NANDROBOL 300 \u00e8 uno steroide anabolizzante iniettabile che aumenta la massa muscolare, la sintesi proteica e protegge le articolazioni con bassi effetti androgeni.","og_url":"https:\/\/iberoid-shop.com\/it\/product\/nandrobol-300-nandrolon-decanote-deca-300-mg\/","og_site_name":"Steroidi in linea","article_modified_time":"2026-03-04T15:50:55+00:00","og_image":[{"width":600,"height":600,"url":"https:\/\/iberoid-shop.com\/wp-content\/uploads\/2021\/04\/dk.jpg?v=1692348234","type":"image\/jpeg"}],"twitter_card":"summary_large_image","twitter_misc":{"Prezzo":"&euro;40.00","Disponibilit\u00e0":"In stock"},"schema":{"@context":"https:\/\/schema.org","@graph":[{"@type":"WebPage","@id":"https:\/\/iberoid-shop.com\/it\/product\/nandrobol-300-nandrolon-decanote-deca-300-mg\/","url":"https:\/\/iberoid-shop.com\/it\/product\/nandrobol-300-nandrolon-decanote-deca-300-mg\/","name":"Nandrobol 300 (NANDROLON DECANOTE) - Steroidi in linea","isPartOf":{"@id":"https:\/\/iberoid-shop.com\/it\/#website"},"primaryImageOfPage":{"@id":"https:\/\/iberoid-shop.com\/it\/product\/nandrobol-300-nandrolon-decanote-deca-300-mg\/#primaryimage"},"image":{"@id":"https:\/\/iberoid-shop.com\/it\/product\/nandrobol-300-nandrolon-decanote-deca-300-mg\/#primaryimage"},"thumbnailUrl":"https:\/\/iberoid-shop.com\/wp-content\/uploads\/2021\/04\/dk.jpg?v=1692348234","datePublished":"2021-04-26T20:22:22+00:00","dateModified":"2026-03-04T15:50:55+00:00","description":"NANDROBOL 300 \u00e8 uno steroide anabolizzante iniettabile che aumenta la massa muscolare, la sintesi proteica e protegge le articolazioni con bassi effetti androgeni.","breadcrumb":{"@id":"https:\/\/iberoid-shop.com\/it\/product\/nandrobol-300-nandrolon-decanote-deca-300-mg\/#breadcrumb"},"inLanguage":"it-IT","potentialAction":[{"@type":"ReadAction","target":[["https:\/\/iberoid-shop.com\/it\/product\/nandrobol-300-nandrolon-decanote-deca-300-mg\/"]]}]},{"@type":"ImageObject","inLanguage":"it-IT","@id":"https:\/\/iberoid-shop.com\/it\/product\/nandrobol-300-nandrolon-decanote-deca-300-mg\/#primaryimage","url":"https:\/\/iberoid-shop.com\/wp-content\/uploads\/2021\/04\/dk.jpg?v=1692348234","contentUrl":"https:\/\/iberoid-shop.com\/wp-content\/uploads\/2021\/04\/dk.jpg?v=1692348234","width":600,"height":600},{"@type":"BreadcrumbList","@id":"https:\/\/iberoid-shop.com\/it\/product\/nandrobol-300-nandrolon-decanote-deca-300-mg\/#breadcrumb","itemListElement":[{"@type":"ListItem","position":1,"name":"Portada","item":"https:\/\/iberoid-shop.com\/it\/"},{"@type":"ListItem","position":2,"name":"Negozio","item":"https:\/\/iberoid-shop.com\/it\/shop\/"},{"@type":"ListItem","position":3,"name":"Nandrobol 300 (NANDROLON DECANOTE)"}]},{"@type":"WebSite","@id":"https:\/\/iberoid-shop.com\/it\/#website","url":"https:\/\/iberoid-shop.com\/it\/","name":"Steroidi in linea","description":"Acquista steroidi online oggi in Spagna e Portogallo. Abbiamo il miglior servizio clienti del settore e prodotti di altissima qualit\u00e0","potentialAction":[{"@type":"SearchAction","target":{"@type":"EntryPoint","urlTemplate":"https:\/\/iberoid-shop.com\/it\/?s={search_term_string}"},"query-input":{"@type":"PropertyValueSpecification","valueRequired":true,"valueName":"search_term_string"}}],"inLanguage":"it-IT"}]},"product_brand":"Pharmabol","product_price_amount":"40.00","product_price_currency":"EUR","og_availability":"instock","product_availability":"instock","product_condition":"new"},"_links":{"self":[{"href":"https:\/\/iberoid-shop.com\/it\/wp-json\/wp\/v2\/product\/6030","targetHints":{"allow":["GET"]}}],"collection":[{"href":"https:\/\/iberoid-shop.com\/it\/wp-json\/wp\/v2\/product"}],"about":[{"href":"https:\/\/iberoid-shop.com\/it\/wp-json\/wp\/v2\/types\/product"}],"replies":[{"embeddable":true,"href":"https:\/\/iberoid-shop.com\/it\/wp-json\/wp\/v2\/comments?post=6030"}],"wp:featuredmedia":[{"embeddable":true,"href":"https:\/\/iberoid-shop.com\/it\/wp-json\/wp\/v2\/media\/8476"}],"wp:attachment":[{"href":"https:\/\/iberoid-shop.com\/it\/wp-json\/wp\/v2\/media?parent=6030"}],"wp:term":[{"taxonomy":"product_brand","embeddable":true,"href":"https:\/\/iberoid-shop.com\/it\/wp-json\/wp\/v2\/product_brand?post=6030"},{"taxonomy":"product_cat","embeddable":true,"href":"https:\/\/iberoid-shop.com\/it\/wp-json\/wp\/v2\/product_cat?post=6030"},{"taxonomy":"product_tag","embeddable":true,"href":"https:\/\/iberoid-shop.com\/it\/wp-json\/wp\/v2\/product_tag?post=6030"}],"curies":[{"name":"wp","href":"https:\/\/api.w.org\/{rel}","templated":true}]}}