{"id":5999,"date":"2021-04-18T19:39:49","date_gmt":"2021-04-18T19:39:49","guid":{"rendered":"https:\/\/iberoid-shop.com\/?post_type=product&#038;p=5999"},"modified":"2025-11-12T09:39:40","modified_gmt":"2025-11-12T09:39:40","slug":"nandroged-ph-nandrolon-phenyl","status":"publish","type":"product","link":"https:\/\/iberoid-shop.com\/it\/product\/nandroged-ph-nandrolon-phenyl\/","title":{"rendered":"NANDROGED PH100 MG &#8211; NANDROLON FENIL\/EURO PRIME  EPF"},"content":{"rendered":"<p>Il nandrolone fenilpropionato \u00e8 un medicinale steroideo ampiamente utilizzato nella comunit\u00e0 dei bodybuilder. L&#8217;EPF produce questa preparazione sotto il nome commerciale di Nandroged-Ph, che arriva sul mercato farmaceutico sotto forma iniettabile.<\/p>\n<p>Chimicamente, questo prodotto \u00e8 molto simile a Deca, ma ha una forma estere pi\u00f9 corta. L&#8217;estere fenilpropionato consente a questo farmaco steroideo di rilasciare pi\u00f9 velocemente nel flusso sanguigno di uno sportivo. Tuttavia, essendo una forma di estere pi\u00f9 corta, Nandroged-Ph richiede che le iniezioni vengano eseguite pi\u00f9 frequentemente. Molti bodybuilder trovano questo fatto positivo, perch\u00e9 le iniezioni frequenti consentono loro di controllare pi\u00f9 facilmente i loro livelli ormonali. Per acquistare questo medicinale efficace in questo momento, visita il nostro negozio online su stero-market.com.<\/p>\n<p>Molti bodybuilder maschi trovano Nandroged-Ph il miglior farmaco steroideo per il loro ciclo. Questo punto di vista pu\u00f2 essere spiegato dal potenziale tasso di effetti collaterali e risultati positivi. Di solito, la sostanza viene iniettata 4-5 volte a settimana, il che riduce al minimo la conversione degli estrogeni e un problema cos\u00ec popolare come la ginecomastia. A volte vengono segnalati alcuni problemi di pressione alta, enzimi epatici o livelli di colesterolo, ma non molto spesso.<\/p>\n<p>Insieme a ci\u00f2, tutti i bodybuilder attivi dovrebbero ricordare che alti dosaggi di Nandroged-Ph possono aumentare la probabilit\u00e0 di effetti indesiderati. In generale, il fenilpropionato di nandrolone \u00e8 considerato un medicinale steroideo abbastanza ben tollerato.<\/p>\n<p>I bodybuilder possono utilizzare Nandroged-Ph sia nelle fasi di taglio che di massa. La preparazione \u00e8 spesso combinata con medicinali noti come Oxymetholone, Methandienone o Sustanon. Uno svantaggio che pu\u00f2 essere importante per molti sportivi \u00e8 che il Nandrolone pu\u00f2 essere rilevato anche un anno dopo l&#8217;ultimo utilizzo. In molti casi, questa caratteristica limita l&#8217;uso di questo medicinale steroideo da parte di culturisti competitivi.<\/p>\n<p>Dosaggio<\/p>\n<p>Se la durata del tuo ciclo di steroidi non supera le 10 settimane, puoi scegliere di combinare Nandroged-Ph con altre forme di esteri brevi. La combinazione di questo medicinale con la forma propionata di testosterone \u00e8 considerata una soluzione quasi perfetta per molti bodybuilder. Questi ultimi di solito decidono di assumere settimanalmente circa 300 mg di Nandroged-Ph e propionato di testosterone. La durata del ciclo in questo caso \u00e8 di circa 10 settimane. Allo stesso tempo, i bodybuilder non dovrebbero mai dimenticare di aggiungere alcuni inibitori dell&#8217;aromatizzare al loro ciclo.<\/p>\n<p>Effetti collaterali<\/p>\n<p>A volte, i bodybuilder segnalano un certo grado di depressione dopo l&#8217;uso di nandrolone. In rari casi, questo medicinale pu\u00f2 anche causare disfunzione erettile e problemi di desiderio sessuale. Tuttavia, di solito si verificano solo quando Nandroged-Ph viene utilizzato a dosaggi di 200-400 mg settimanali e quando il bodybuilder non incorpora alcun supplemento di testosterone nel suo ciclo.<\/p>\n<p>Il nandrolone pu\u00f2 essere assunto da qualsiasi sportivo. Questo \u00e8 un prodotto steroideo molto efficace, che fornisce risultati positivi significativi e poche azioni indesiderabili. Nandroged-Ph pu\u00f2 aiutare un atleta a ridurre il grasso corporeo e aumentare le dimensioni e la forza muscolare.<\/p>\n<p>Molti bodybuilder riferiscono che questo medicinale pu\u00f2 rendere meno evidenti i dolori ai tendini e alle articolazioni.<\/p>","protected":false},"excerpt":{"rendered":"<p>Il nandrolone fenilpropionato \u00e8 un medicinale steroideo ampiamente utilizzato nella comunit\u00e0 dei bodybuilder. L&#8217;EPF produce questa preparazione sotto il nome<\/p>\n","protected":false},"featured_media":6000,"comment_status":"open","ping_status":"closed","template":"","meta":[],"product_brand":[],"product_cat":[69],"product_tag":[],"class_list":{"0":"post-5999","1":"product","2":"type-product","3":"status-publish","4":"has-post-thumbnail","6":"product_cat-esteroides_inyectables","8":"first","9":"outofstock","10":"sale","11":"shipping-taxable","12":"purchasable","13":"product-type-simple"},"yoast_head":"<!-- This site is optimized with the Yoast SEO Premium plugin v24.4 (Yoast SEO v27.0) - https:\/\/yoast.com\/product\/yoast-seo-premium-wordpress\/ -->\n<title>NANDROGED PH100 MG - NANDROLON FENIL\/EURO PRIME EPF - Steroidi in linea<\/title>\n<meta name=\"description\" content=\"NANDROGED-PH (Fenilpropionato di Nandrolone) aumenta massa muscolare, forza e perdita di grasso con effetti collaterali minimi.\" \/>\n<meta name=\"robots\" content=\"index, follow, max-snippet:-1, max-image-preview:large, max-video-preview:-1\" \/>\n<link rel=\"canonical\" href=\"https:\/\/iberoid-shop.com\/it\/product\/nandroged-ph-nandrolon-phenyl\/\" \/>\n<meta property=\"og:locale\" content=\"it_IT\" \/>\n<meta property=\"og:type\" content=\"article\" \/>\n<meta property=\"og:title\" content=\"NANDROGED PH100 MG - NANDROLON FENIL\/EURO PRIME EPF\" \/>\n<meta property=\"og:description\" content=\"NANDROGED-PH (Fenilpropionato di Nandrolone) aumenta massa muscolare, forza e perdita di grasso con effetti collaterali minimi.\" \/>\n<meta property=\"og:url\" content=\"https:\/\/iberoid-shop.com\/it\/product\/nandroged-ph-nandrolon-phenyl\/\" \/>\n<meta property=\"og:site_name\" content=\"Steroidi in linea\" \/>\n<meta property=\"article:modified_time\" content=\"2025-11-12T09:39:40+00:00\" \/>\n<meta property=\"og:image\" content=\"https:\/\/iberoid-shop.com\/wp-content\/uploads\/2021\/04\/DECA-FENIL.jpg?v=1697732452\" \/>\n\t<meta property=\"og:image:width\" content=\"600\" \/>\n\t<meta property=\"og:image:height\" content=\"400\" \/>\n\t<meta property=\"og:image:type\" content=\"image\/jpeg\" \/>\n<meta name=\"twitter:card\" content=\"summary_large_image\" \/>\n<meta name=\"twitter:label1\" content=\"Prezzo\" \/>\n\t<meta name=\"twitter:data1\" content=\"&euro;40.00\" \/>\n\t<meta name=\"twitter:label2\" content=\"Disponibilit\u00e0\" \/>\n\t<meta name=\"twitter:data2\" content=\"Esaurito\" \/>\n<script type=\"application\/ld+json\" class=\"yoast-schema-graph\">{\"@context\":\"https:\/\/schema.org\",\"@graph\":[{\"@type\":\"WebPage\",\"@id\":\"https:\/\/iberoid-shop.com\/it\/product\/nandroged-ph-nandrolon-phenyl\/\",\"url\":\"https:\/\/iberoid-shop.com\/it\/product\/nandroged-ph-nandrolon-phenyl\/\",\"name\":\"NANDROGED PH100 MG - NANDROLON FENIL\/EURO PRIME EPF - Steroidi in linea\",\"isPartOf\":{\"@id\":\"https:\/\/iberoid-shop.com\/it\/#website\"},\"primaryImageOfPage\":{\"@id\":\"https:\/\/iberoid-shop.com\/it\/product\/nandroged-ph-nandrolon-phenyl\/#primaryimage\"},\"image\":{\"@id\":\"https:\/\/iberoid-shop.com\/it\/product\/nandroged-ph-nandrolon-phenyl\/#primaryimage\"},\"thumbnailUrl\":\"https:\/\/iberoid-shop.com\/wp-content\/uploads\/2021\/04\/DECA-FENIL.jpg?v=1697732452\",\"datePublished\":\"2021-04-18T19:39:49+00:00\",\"dateModified\":\"2025-11-12T09:39:40+00:00\",\"description\":\"NANDROGED-PH (Fenilpropionato di Nandrolone) aumenta massa muscolare, forza e perdita di grasso con effetti collaterali minimi.\",\"breadcrumb\":{\"@id\":\"https:\/\/iberoid-shop.com\/it\/product\/nandroged-ph-nandrolon-phenyl\/#breadcrumb\"},\"inLanguage\":\"it-IT\",\"potentialAction\":[{\"@type\":\"ReadAction\",\"target\":[[\"https:\/\/iberoid-shop.com\/it\/product\/nandroged-ph-nandrolon-phenyl\/\"]]}]},{\"@type\":\"ImageObject\",\"inLanguage\":\"it-IT\",\"@id\":\"https:\/\/iberoid-shop.com\/it\/product\/nandroged-ph-nandrolon-phenyl\/#primaryimage\",\"url\":\"https:\/\/iberoid-shop.com\/wp-content\/uploads\/2021\/04\/DECA-FENIL.jpg?v=1697732452\",\"contentUrl\":\"https:\/\/iberoid-shop.com\/wp-content\/uploads\/2021\/04\/DECA-FENIL.jpg?v=1697732452\",\"width\":600,\"height\":400},{\"@type\":\"BreadcrumbList\",\"@id\":\"https:\/\/iberoid-shop.com\/it\/product\/nandroged-ph-nandrolon-phenyl\/#breadcrumb\",\"itemListElement\":[{\"@type\":\"ListItem\",\"position\":1,\"name\":\"Portada\",\"item\":\"https:\/\/iberoid-shop.com\/it\/\"},{\"@type\":\"ListItem\",\"position\":2,\"name\":\"Negozio\",\"item\":\"https:\/\/iberoid-shop.com\/it\/shop\/\"},{\"@type\":\"ListItem\",\"position\":3,\"name\":\"NANDROGED PH100 MG &#8211; NANDROLON FENIL\/EURO PRIME EPF\"}]},{\"@type\":\"WebSite\",\"@id\":\"https:\/\/iberoid-shop.com\/it\/#website\",\"url\":\"https:\/\/iberoid-shop.com\/it\/\",\"name\":\"Steroidi in linea\",\"description\":\"Acquista steroidi online oggi in Spagna e Portogallo. Abbiamo il miglior servizio clienti del settore e prodotti di altissima qualit\u00e0\",\"potentialAction\":[{\"@type\":\"SearchAction\",\"target\":{\"@type\":\"EntryPoint\",\"urlTemplate\":\"https:\/\/iberoid-shop.com\/it\/?s={search_term_string}\"},\"query-input\":{\"@type\":\"PropertyValueSpecification\",\"valueRequired\":true,\"valueName\":\"search_term_string\"}}],\"inLanguage\":\"it-IT\"}]}<\/script>\n<meta property=\"product:brand\" content=\"Euro Prime Pharmaceuticals (EPF)\" \/>\n<meta property=\"product:price:amount\" content=\"40.00\" \/>\n<meta property=\"product:price:currency\" content=\"EUR\" \/>\n<meta property=\"og:availability\" content=\"out of stock\" \/>\n<meta property=\"product:availability\" content=\"out of stock\" \/>\n<meta property=\"product:condition\" content=\"new\" \/>\n<!-- \/ Yoast SEO Premium plugin. -->","yoast_head_json":{"title":"NANDROGED PH100 MG - NANDROLON FENIL\/EURO PRIME EPF - Steroidi in linea","description":"NANDROGED-PH (Fenilpropionato di Nandrolone) aumenta massa muscolare, forza e perdita di grasso con effetti collaterali minimi.","robots":{"index":"index","follow":"follow","max-snippet":"max-snippet:-1","max-image-preview":"max-image-preview:large","max-video-preview":"max-video-preview:-1"},"canonical":"https:\/\/iberoid-shop.com\/it\/product\/nandroged-ph-nandrolon-phenyl\/","og_locale":"it_IT","og_type":"article","og_title":"NANDROGED PH100 MG - NANDROLON FENIL\/EURO PRIME EPF","og_description":"NANDROGED-PH (Fenilpropionato di Nandrolone) aumenta massa muscolare, forza e perdita di grasso con effetti collaterali minimi.","og_url":"https:\/\/iberoid-shop.com\/it\/product\/nandroged-ph-nandrolon-phenyl\/","og_site_name":"Steroidi in linea","article_modified_time":"2025-11-12T09:39:40+00:00","og_image":[{"width":600,"height":400,"url":"https:\/\/iberoid-shop.com\/wp-content\/uploads\/2021\/04\/DECA-FENIL.jpg?v=1697732452","type":"image\/jpeg"}],"twitter_card":"summary_large_image","twitter_misc":{"Prezzo":"&euro;40.00","Disponibilit\u00e0":"Esaurito"},"schema":{"@context":"https:\/\/schema.org","@graph":[{"@type":"WebPage","@id":"https:\/\/iberoid-shop.com\/it\/product\/nandroged-ph-nandrolon-phenyl\/","url":"https:\/\/iberoid-shop.com\/it\/product\/nandroged-ph-nandrolon-phenyl\/","name":"NANDROGED PH100 MG - NANDROLON FENIL\/EURO PRIME EPF - Steroidi in linea","isPartOf":{"@id":"https:\/\/iberoid-shop.com\/it\/#website"},"primaryImageOfPage":{"@id":"https:\/\/iberoid-shop.com\/it\/product\/nandroged-ph-nandrolon-phenyl\/#primaryimage"},"image":{"@id":"https:\/\/iberoid-shop.com\/it\/product\/nandroged-ph-nandrolon-phenyl\/#primaryimage"},"thumbnailUrl":"https:\/\/iberoid-shop.com\/wp-content\/uploads\/2021\/04\/DECA-FENIL.jpg?v=1697732452","datePublished":"2021-04-18T19:39:49+00:00","dateModified":"2025-11-12T09:39:40+00:00","description":"NANDROGED-PH (Fenilpropionato di Nandrolone) aumenta massa muscolare, forza e perdita di grasso con effetti collaterali minimi.","breadcrumb":{"@id":"https:\/\/iberoid-shop.com\/it\/product\/nandroged-ph-nandrolon-phenyl\/#breadcrumb"},"inLanguage":"it-IT","potentialAction":[{"@type":"ReadAction","target":[["https:\/\/iberoid-shop.com\/it\/product\/nandroged-ph-nandrolon-phenyl\/"]]}]},{"@type":"ImageObject","inLanguage":"it-IT","@id":"https:\/\/iberoid-shop.com\/it\/product\/nandroged-ph-nandrolon-phenyl\/#primaryimage","url":"https:\/\/iberoid-shop.com\/wp-content\/uploads\/2021\/04\/DECA-FENIL.jpg?v=1697732452","contentUrl":"https:\/\/iberoid-shop.com\/wp-content\/uploads\/2021\/04\/DECA-FENIL.jpg?v=1697732452","width":600,"height":400},{"@type":"BreadcrumbList","@id":"https:\/\/iberoid-shop.com\/it\/product\/nandroged-ph-nandrolon-phenyl\/#breadcrumb","itemListElement":[{"@type":"ListItem","position":1,"name":"Portada","item":"https:\/\/iberoid-shop.com\/it\/"},{"@type":"ListItem","position":2,"name":"Negozio","item":"https:\/\/iberoid-shop.com\/it\/shop\/"},{"@type":"ListItem","position":3,"name":"NANDROGED PH100 MG &#8211; NANDROLON FENIL\/EURO PRIME EPF"}]},{"@type":"WebSite","@id":"https:\/\/iberoid-shop.com\/it\/#website","url":"https:\/\/iberoid-shop.com\/it\/","name":"Steroidi in linea","description":"Acquista steroidi online oggi in Spagna e Portogallo. Abbiamo il miglior servizio clienti del settore e prodotti di altissima qualit\u00e0","potentialAction":[{"@type":"SearchAction","target":{"@type":"EntryPoint","urlTemplate":"https:\/\/iberoid-shop.com\/it\/?s={search_term_string}"},"query-input":{"@type":"PropertyValueSpecification","valueRequired":true,"valueName":"search_term_string"}}],"inLanguage":"it-IT"}]},"product_brand":"Euro Prime Pharmaceuticals (EPF)","product_price_amount":"40.00","product_price_currency":"EUR","og_availability":"out of stock","product_availability":"out of stock","product_condition":"new"},"_links":{"self":[{"href":"https:\/\/iberoid-shop.com\/it\/wp-json\/wp\/v2\/product\/5999","targetHints":{"allow":["GET"]}}],"collection":[{"href":"https:\/\/iberoid-shop.com\/it\/wp-json\/wp\/v2\/product"}],"about":[{"href":"https:\/\/iberoid-shop.com\/it\/wp-json\/wp\/v2\/types\/product"}],"replies":[{"embeddable":true,"href":"https:\/\/iberoid-shop.com\/it\/wp-json\/wp\/v2\/comments?post=5999"}],"wp:featuredmedia":[{"embeddable":true,"href":"https:\/\/iberoid-shop.com\/it\/wp-json\/wp\/v2\/media\/6000"}],"wp:attachment":[{"href":"https:\/\/iberoid-shop.com\/it\/wp-json\/wp\/v2\/media?parent=5999"}],"wp:term":[{"taxonomy":"product_brand","embeddable":true,"href":"https:\/\/iberoid-shop.com\/it\/wp-json\/wp\/v2\/product_brand?post=5999"},{"taxonomy":"product_cat","embeddable":true,"href":"https:\/\/iberoid-shop.com\/it\/wp-json\/wp\/v2\/product_cat?post=5999"},{"taxonomy":"product_tag","embeddable":true,"href":"https:\/\/iberoid-shop.com\/it\/wp-json\/wp\/v2\/product_tag?post=5999"}],"curies":[{"name":"wp","href":"https:\/\/api.w.org\/{rel}","templated":true}]}}