{"id":5661,"date":"2021-01-26T19:28:26","date_gmt":"2021-01-26T19:28:26","guid":{"rendered":"https:\/\/iberoid-shop.com\/?post_type=product&#038;p=5661"},"modified":"2023-05-15T22:09:45","modified_gmt":"2023-05-15T22:09:45","slug":"enastyl-250mg-testosterone-enanthate-250mg-andro-medicals","status":"publish","type":"product","link":"https:\/\/iberoid-shop.com\/it\/product\/enastyl-250mg-testosterone-enanthate-250mg-andro-medicals\/","title":{"rendered":"Enastyl 250mg"},"content":{"rendered":"<p>Enastyl di Andro Medicals contiene testosterone enantato, uno degli steroidi pi\u00f9 popolari per l&#8217;aumento di massa nel bodybuilding, sollevamento pesi, powerlifting e triathlon. Il testosterone enantato \u00e8 un estere ad azione prolungata e la durata media del farmaco \u00e8 di 2-3 settimane. Ti d\u00e0 forti picchi subito dopo l&#8217;iniezione e ottieni un potente effetto fin dai primi giorni di utilizzo.<\/p>\n<p>I principali vantaggi di Enastyl sono un marcato aumento della massa muscolare e della forza, oltre al pompaggio. Il testosterone enantato aiuta a ridurre lo scricchiolio articolare ed eliminare il dolore articolare. Stimola i processi di rigenerazione e aumenta il tono generale, con esso non ti sentirai stanco dopo un allenamento, ma piuttosto la voglia di allenarti pi\u00f9 a lungo!<\/p>\n<p>Vale la pena considerare che un rapido aumento di peso \u00e8 associato alla ritenzione idrica, a causa dell&#8217;effetto estrogenico del farmaco. Pertanto, alla fine del ciclo, riceverai un certo rollback.<\/p>\n<p>Grandi vantaggi di Enastyl:<\/p>\n<p>aumento impressionante della massa muscolare<br \/>\naumento della libido<br \/>\nsollievo dal dolore articolare<br \/>\nGrasso perso<br \/>\nesplosione di energia<br \/>\nrecupero del corpo<br \/>\nbassa epatotossicit\u00e0.<br \/>\nNonostante gli impressionanti benefici del farmaco, non \u00e8 ancora raccomandato per le donne, poich\u00e9 pu\u00f2 causare mascolinizzazione.<\/p>\n<p>Altre possibili reazioni avverse:<\/p>\n<p>rigonfiamento<br \/>\nacne<br \/>\naumento della pressione sanguigna<br \/>\nginecomastia<br \/>\ndeposizione di grasso femminile<br \/>\naggressione<br \/>\nla perdita di capelli<br \/>\ndiminuzione della spermatogenesi nei testicoli, diminuzione delle loro dimensioni.<br \/>\nPer evitare reazioni indesiderate del corpo, \u00e8 importante assumere antiestrogeni e durante cicli lunghi e dosi elevate &#8211; gonadotropina gi\u00e0 da 3-4 settimane del ciclo. Puoi facilmente acquistare tutti i farmaci nel nostro negozio online.<\/p>","protected":false},"excerpt":{"rendered":"<p>Enastyl di Andro Medicals contiene testosterone enantato, uno degli steroidi pi\u00f9 popolari per l&#8217;aumento di massa nel bodybuilding, sollevamento pesi,<\/p>\n","protected":false},"featured_media":5662,"comment_status":"open","ping_status":"closed","template":"","meta":[],"product_brand":[],"product_cat":[69],"product_tag":[],"class_list":{"0":"post-5661","1":"product","2":"type-product","3":"status-publish","4":"has-post-thumbnail","6":"product_cat-esteroides_inyectables","8":"first","9":"outofstock","10":"shipping-taxable","11":"purchasable","12":"product-type-simple"},"yoast_head":"<!-- This site is optimized with the Yoast SEO Premium plugin v24.4 (Yoast SEO v27.3) - https:\/\/yoast.com\/product\/yoast-seo-premium-wordpress\/ -->\n<title>Enastyl 250mg - Steroidi in linea<\/title>\n<meta name=\"robots\" content=\"index, follow, max-snippet:-1, max-image-preview:large, max-video-preview:-1\" \/>\n<link rel=\"canonical\" href=\"https:\/\/iberoid-shop.com\/it\/product\/enastyl-250mg-testosterone-enanthate-250mg-andro-medicals\/\" \/>\n<meta property=\"og:locale\" content=\"it_IT\" \/>\n<meta property=\"og:type\" content=\"article\" \/>\n<meta property=\"og:title\" content=\"Enastyl 250mg\" \/>\n<meta property=\"og:description\" content=\"Enastyl di Andro Medicals contiene testosterone enantato, uno degli steroidi pi\u00f9 popolari per l&#8217;aumento di massa nel bodybuilding, sollevamento pesi,\" \/>\n<meta property=\"og:url\" content=\"https:\/\/iberoid-shop.com\/it\/product\/enastyl-250mg-testosterone-enanthate-250mg-andro-medicals\/\" \/>\n<meta property=\"og:site_name\" content=\"Steroidi in linea\" \/>\n<meta property=\"article:modified_time\" content=\"2023-05-15T22:09:45+00:00\" \/>\n<meta property=\"og:image\" content=\"https:\/\/iberoid-shop.com\/wp-content\/uploads\/2021\/01\/te-andro.jpg?v=1678120056\" \/>\n\t<meta property=\"og:image:width\" content=\"800\" \/>\n\t<meta property=\"og:image:height\" content=\"692\" \/>\n\t<meta property=\"og:image:type\" content=\"image\/jpeg\" \/>\n<meta name=\"twitter:card\" content=\"summary_large_image\" \/>\n<meta name=\"twitter:label1\" content=\"Prezzo\" \/>\n\t<meta name=\"twitter:data1\" content=\"&euro;45.00\" \/>\n\t<meta name=\"twitter:label2\" content=\"Disponibilit\u00e0\" \/>\n\t<meta name=\"twitter:data2\" content=\"Esaurito\" \/>\n<script type=\"application\/ld+json\" class=\"yoast-schema-graph\">{\"@context\":\"https:\\\/\\\/schema.org\",\"@graph\":[{\"@type\":\"WebPage\",\"@id\":\"https:\\\/\\\/iberoid-shop.com\\\/it\\\/product\\\/enastyl-250mg-testosterone-enanthate-250mg-andro-medicals\\\/\",\"url\":\"https:\\\/\\\/iberoid-shop.com\\\/it\\\/product\\\/enastyl-250mg-testosterone-enanthate-250mg-andro-medicals\\\/\",\"name\":\"Enastyl 250mg - Steroidi in linea\",\"isPartOf\":{\"@id\":\"https:\\\/\\\/iberoid-shop.com\\\/it\\\/#website\"},\"primaryImageOfPage\":{\"@id\":\"https:\\\/\\\/iberoid-shop.com\\\/it\\\/product\\\/enastyl-250mg-testosterone-enanthate-250mg-andro-medicals\\\/#primaryimage\"},\"image\":{\"@id\":\"https:\\\/\\\/iberoid-shop.com\\\/it\\\/product\\\/enastyl-250mg-testosterone-enanthate-250mg-andro-medicals\\\/#primaryimage\"},\"thumbnailUrl\":\"https:\\\/\\\/iberoid-shop.com\\\/wp-content\\\/uploads\\\/2021\\\/01\\\/te-andro.jpg?v=1678120056\",\"datePublished\":\"2021-01-26T19:28:26+00:00\",\"dateModified\":\"2023-05-15T22:09:45+00:00\",\"breadcrumb\":{\"@id\":\"https:\\\/\\\/iberoid-shop.com\\\/it\\\/product\\\/enastyl-250mg-testosterone-enanthate-250mg-andro-medicals\\\/#breadcrumb\"},\"inLanguage\":\"it-IT\",\"potentialAction\":[{\"@type\":\"ReadAction\",\"target\":[[\"https:\\\/\\\/iberoid-shop.com\\\/it\\\/product\\\/enastyl-250mg-testosterone-enanthate-250mg-andro-medicals\\\/\"]]}]},{\"@type\":\"ImageObject\",\"inLanguage\":\"it-IT\",\"@id\":\"https:\\\/\\\/iberoid-shop.com\\\/it\\\/product\\\/enastyl-250mg-testosterone-enanthate-250mg-andro-medicals\\\/#primaryimage\",\"url\":\"https:\\\/\\\/iberoid-shop.com\\\/wp-content\\\/uploads\\\/2021\\\/01\\\/te-andro.jpg?v=1678120056\",\"contentUrl\":\"https:\\\/\\\/iberoid-shop.com\\\/wp-content\\\/uploads\\\/2021\\\/01\\\/te-andro.jpg?v=1678120056\",\"width\":800,\"height\":692},{\"@type\":\"BreadcrumbList\",\"@id\":\"https:\\\/\\\/iberoid-shop.com\\\/it\\\/product\\\/enastyl-250mg-testosterone-enanthate-250mg-andro-medicals\\\/#breadcrumb\",\"itemListElement\":[{\"@type\":\"ListItem\",\"position\":1,\"name\":\"Portada\",\"item\":\"https:\\\/\\\/iberoid-shop.com\\\/it\\\/\"},{\"@type\":\"ListItem\",\"position\":2,\"name\":\"Negozio\",\"item\":\"https:\\\/\\\/iberoid-shop.com\\\/it\\\/shop\\\/\"},{\"@type\":\"ListItem\",\"position\":3,\"name\":\"Enastyl 250mg\"}]},{\"@type\":\"WebSite\",\"@id\":\"https:\\\/\\\/iberoid-shop.com\\\/it\\\/#website\",\"url\":\"https:\\\/\\\/iberoid-shop.com\\\/it\\\/\",\"name\":\"Steroidi in linea\",\"description\":\"Acquista steroidi online oggi in Spagna e Portogallo. Abbiamo il miglior servizio clienti del settore e prodotti di altissima qualit\u00e0\",\"potentialAction\":[{\"@type\":\"SearchAction\",\"target\":{\"@type\":\"EntryPoint\",\"urlTemplate\":\"https:\\\/\\\/iberoid-shop.com\\\/it\\\/?s={search_term_string}\"},\"query-input\":{\"@type\":\"PropertyValueSpecification\",\"valueRequired\":true,\"valueName\":\"search_term_string\"}}],\"inLanguage\":\"it-IT\"}]}<\/script>\n<meta property=\"product:brand\" content=\"Andro Medicals\" \/>\n<meta property=\"product:price:amount\" content=\"45.00\" \/>\n<meta property=\"product:price:currency\" content=\"EUR\" \/>\n<meta property=\"og:availability\" content=\"out of stock\" \/>\n<meta property=\"product:availability\" content=\"out of stock\" \/>\n<meta property=\"product:condition\" content=\"new\" \/>\n<!-- \/ Yoast SEO Premium plugin. -->","yoast_head_json":{"title":"Enastyl 250mg - Steroidi in linea","robots":{"index":"index","follow":"follow","max-snippet":"max-snippet:-1","max-image-preview":"max-image-preview:large","max-video-preview":"max-video-preview:-1"},"canonical":"https:\/\/iberoid-shop.com\/it\/product\/enastyl-250mg-testosterone-enanthate-250mg-andro-medicals\/","og_locale":"it_IT","og_type":"article","og_title":"Enastyl 250mg","og_description":"Enastyl di Andro Medicals contiene testosterone enantato, uno degli steroidi pi\u00f9 popolari per l&#8217;aumento di massa nel bodybuilding, sollevamento pesi,","og_url":"https:\/\/iberoid-shop.com\/it\/product\/enastyl-250mg-testosterone-enanthate-250mg-andro-medicals\/","og_site_name":"Steroidi in linea","article_modified_time":"2023-05-15T22:09:45+00:00","og_image":[{"width":800,"height":692,"url":"https:\/\/iberoid-shop.com\/wp-content\/uploads\/2021\/01\/te-andro.jpg?v=1678120056","type":"image\/jpeg"}],"twitter_card":"summary_large_image","twitter_misc":{"Prezzo":"&euro;45.00","Disponibilit\u00e0":"Esaurito"},"schema":{"@context":"https:\/\/schema.org","@graph":[{"@type":"WebPage","@id":"https:\/\/iberoid-shop.com\/it\/product\/enastyl-250mg-testosterone-enanthate-250mg-andro-medicals\/","url":"https:\/\/iberoid-shop.com\/it\/product\/enastyl-250mg-testosterone-enanthate-250mg-andro-medicals\/","name":"Enastyl 250mg - Steroidi in linea","isPartOf":{"@id":"https:\/\/iberoid-shop.com\/it\/#website"},"primaryImageOfPage":{"@id":"https:\/\/iberoid-shop.com\/it\/product\/enastyl-250mg-testosterone-enanthate-250mg-andro-medicals\/#primaryimage"},"image":{"@id":"https:\/\/iberoid-shop.com\/it\/product\/enastyl-250mg-testosterone-enanthate-250mg-andro-medicals\/#primaryimage"},"thumbnailUrl":"https:\/\/iberoid-shop.com\/wp-content\/uploads\/2021\/01\/te-andro.jpg?v=1678120056","datePublished":"2021-01-26T19:28:26+00:00","dateModified":"2023-05-15T22:09:45+00:00","breadcrumb":{"@id":"https:\/\/iberoid-shop.com\/it\/product\/enastyl-250mg-testosterone-enanthate-250mg-andro-medicals\/#breadcrumb"},"inLanguage":"it-IT","potentialAction":[{"@type":"ReadAction","target":[["https:\/\/iberoid-shop.com\/it\/product\/enastyl-250mg-testosterone-enanthate-250mg-andro-medicals\/"]]}]},{"@type":"ImageObject","inLanguage":"it-IT","@id":"https:\/\/iberoid-shop.com\/it\/product\/enastyl-250mg-testosterone-enanthate-250mg-andro-medicals\/#primaryimage","url":"https:\/\/iberoid-shop.com\/wp-content\/uploads\/2021\/01\/te-andro.jpg?v=1678120056","contentUrl":"https:\/\/iberoid-shop.com\/wp-content\/uploads\/2021\/01\/te-andro.jpg?v=1678120056","width":800,"height":692},{"@type":"BreadcrumbList","@id":"https:\/\/iberoid-shop.com\/it\/product\/enastyl-250mg-testosterone-enanthate-250mg-andro-medicals\/#breadcrumb","itemListElement":[{"@type":"ListItem","position":1,"name":"Portada","item":"https:\/\/iberoid-shop.com\/it\/"},{"@type":"ListItem","position":2,"name":"Negozio","item":"https:\/\/iberoid-shop.com\/it\/shop\/"},{"@type":"ListItem","position":3,"name":"Enastyl 250mg"}]},{"@type":"WebSite","@id":"https:\/\/iberoid-shop.com\/it\/#website","url":"https:\/\/iberoid-shop.com\/it\/","name":"Steroidi in linea","description":"Acquista steroidi online oggi in Spagna e Portogallo. Abbiamo il miglior servizio clienti del settore e prodotti di altissima qualit\u00e0","potentialAction":[{"@type":"SearchAction","target":{"@type":"EntryPoint","urlTemplate":"https:\/\/iberoid-shop.com\/it\/?s={search_term_string}"},"query-input":{"@type":"PropertyValueSpecification","valueRequired":true,"valueName":"search_term_string"}}],"inLanguage":"it-IT"}]},"product_brand":"Andro Medicals","product_price_amount":"45.00","product_price_currency":"EUR","og_availability":"out of stock","product_availability":"out of stock","product_condition":"new"},"_links":{"self":[{"href":"https:\/\/iberoid-shop.com\/it\/wp-json\/wp\/v2\/product\/5661","targetHints":{"allow":["GET"]}}],"collection":[{"href":"https:\/\/iberoid-shop.com\/it\/wp-json\/wp\/v2\/product"}],"about":[{"href":"https:\/\/iberoid-shop.com\/it\/wp-json\/wp\/v2\/types\/product"}],"replies":[{"embeddable":true,"href":"https:\/\/iberoid-shop.com\/it\/wp-json\/wp\/v2\/comments?post=5661"}],"wp:featuredmedia":[{"embeddable":true,"href":"https:\/\/iberoid-shop.com\/it\/wp-json\/wp\/v2\/media\/5662"}],"wp:attachment":[{"href":"https:\/\/iberoid-shop.com\/it\/wp-json\/wp\/v2\/media?parent=5661"}],"wp:term":[{"taxonomy":"product_brand","embeddable":true,"href":"https:\/\/iberoid-shop.com\/it\/wp-json\/wp\/v2\/product_brand?post=5661"},{"taxonomy":"product_cat","embeddable":true,"href":"https:\/\/iberoid-shop.com\/it\/wp-json\/wp\/v2\/product_cat?post=5661"},{"taxonomy":"product_tag","embeddable":true,"href":"https:\/\/iberoid-shop.com\/it\/wp-json\/wp\/v2\/product_tag?post=5661"}],"curies":[{"name":"wp","href":"https:\/\/api.w.org\/{rel}","templated":true}]}}