{"id":5539,"date":"2020-12-24T15:29:47","date_gmt":"2020-12-24T15:29:47","guid":{"rendered":"https:\/\/iberoid-shop.com\/?post_type=product&#038;p=5539"},"modified":"2026-03-10T15:20:21","modified_gmt":"2026-03-10T15:20:21","slug":"te-ject-250-10ml-testosterone-enanthate-1ml-250mg","status":"publish","type":"product","link":"https:\/\/iberoid-shop.com\/it\/product\/te-ject-250-10ml-testosterone-enanthate-1ml-250mg\/","title":{"rendered":"Testosterone enanthate TE-JECT 250"},"content":{"rendered":"<p>Il testosterone enantato pu\u00f2 essere molto efficace per gli atleti ma altrettanto efficace anche in ambito medico. Questo testosterone aromatizzato \u00e8 molto rapido ed \u00e8 stato sviluppato per il trattamento di pazienti che soffrono di bassi livelli di testosterone ma ha anche applicazioni sorprendenti per il miglioramento delle prestazioni. Sebbene piccole dosi possano aiutare con la terapia sostitutiva del testosterone, in definitiva le dosi pi\u00f9 grandi sono molto efficaci per creare miglioramenti delle prestazioni.<\/p>\n<p>Ci sono alcuni atleti che scelgono persino di impilare questo testosterone base con un allenamento hard-core e un altro estere di testosterone o farmaci per via orale per risultati pi\u00f9 efficaci. Puoi iniziare a vedere guadagni molto alti a breve in un ciclo che persister\u00e0 per settimane e settimane. La parte bella di questo Ester \u00e8 che crea risultati lenti e controllati, il che significa che puoi goderti cicli pi\u00f9 lunghi.<\/p>\n<p>Effetti:<\/p>\n<p>&nbsp;<\/p>\n<p>Gli atleti che assumono dosi maggiori di questo testosterone provano un maggiore senso di benessere, la capacit\u00e0 di spingere ulteriormente il loro allenamento e enormi guadagni quando si tratta di massa muscolare e peso complessivo. Lo steroide \u00e8 stato progettato per aromatizzare volumi cos\u00ec elevati e di conseguenza molto spesso gli atleti dovranno assumere un qualche tipo di farmaco antiestrogeno per gestire la chimica del proprio corpo. \u00c8 necessario anche un PCT adeguato con queste dosi extra se hai intenzione di fare un ciclo lungo perch\u00e9 il tuo corpo impiegher\u00e0 del tempo per riadattarsi alla produzione di testosterone naturale.<\/p>\n<p>Questo testosterone pu\u00f2 produrre risultati drammatici ma non \u00e8 cos\u00ec drammatico come alcuni altri prodotti sul mercato per l&#8217;accatastamento di dimensioni e forza inizialmente. Test Enanthate \u00e8 diventata una scelta molto popolare tra molti nuovi utenti di steroidi perch\u00e9 ha un rilascio graduale facile da controllare e una tolleranza relativamente alta per le dosi.<\/p>\n<p>Ci\u00f2 significa che puoi ottenere risultati pi\u00f9 naturali piuttosto che guadagni rapidi, il che \u00e8 molto importante per molti utenti di steroidi per la prima volta.<\/p>","protected":false},"excerpt":{"rendered":"<p>Il testosterone enantato pu\u00f2 essere molto efficace per gli atleti ma altrettanto efficace anche in ambito medico. Questo testosterone aromatizzato<\/p>\n","protected":false},"featured_media":5540,"comment_status":"open","ping_status":"closed","template":"","meta":[],"product_brand":[3530],"product_cat":[69],"product_tag":[],"class_list":{"0":"post-5539","1":"product","2":"type-product","3":"status-publish","4":"has-post-thumbnail","6":"product_brand-mp-pharm-muscle-pharm","7":"product_cat-esteroides_inyectables","9":"first","10":"instock","11":"sale","12":"shipping-taxable","13":"purchasable","14":"product-type-simple"},"yoast_head":"<!-- This site is optimized with the Yoast SEO Premium plugin v24.4 (Yoast SEO v27.3) - https:\/\/yoast.com\/product\/yoast-seo-premium-wordpress\/ -->\n<title>Testosterone enanthate TE-JECT 250 - Steroidi in linea<\/title>\n<meta name=\"description\" content=\"Il Testosterone Enantato \u00e8 uno steroide base efficace e popolare per massa muscolare, guadagni di forza e benessere, con rilascio controllato per cicli pi\u00f9 lunghi.\" \/>\n<meta name=\"robots\" content=\"index, follow, max-snippet:-1, max-image-preview:large, max-video-preview:-1\" \/>\n<link rel=\"canonical\" href=\"https:\/\/iberoid-shop.com\/it\/product\/te-ject-250-10ml-testosterone-enanthate-1ml-250mg\/\" \/>\n<meta property=\"og:locale\" content=\"it_IT\" \/>\n<meta property=\"og:type\" content=\"article\" \/>\n<meta property=\"og:title\" content=\"Testosterone enanthate TE-JECT 250\" \/>\n<meta property=\"og:description\" content=\"Il Testosterone Enantato \u00e8 uno steroide base efficace e popolare per massa muscolare, guadagni di forza e benessere, con rilascio controllato per cicli pi\u00f9 lunghi.\" \/>\n<meta property=\"og:url\" content=\"https:\/\/iberoid-shop.com\/it\/product\/te-ject-250-10ml-testosterone-enanthate-1ml-250mg\/\" \/>\n<meta property=\"og:site_name\" content=\"Steroidi in linea\" \/>\n<meta property=\"article:modified_time\" content=\"2026-03-10T15:20:21+00:00\" \/>\n<meta property=\"og:image\" content=\"https:\/\/iberoid-shop.com\/wp-content\/uploads\/2020\/12\/teject-scaled.jpg?v=1678120069\" \/>\n\t<meta property=\"og:image:width\" content=\"2560\" \/>\n\t<meta property=\"og:image:height\" content=\"2058\" \/>\n\t<meta property=\"og:image:type\" content=\"image\/jpeg\" \/>\n<meta name=\"twitter:card\" content=\"summary_large_image\" \/>\n<meta name=\"twitter:label1\" content=\"Prezzo\" \/>\n\t<meta name=\"twitter:data1\" content=\"&euro;30.00\" \/>\n\t<meta name=\"twitter:label2\" content=\"Disponibilit\u00e0\" \/>\n\t<meta name=\"twitter:data2\" content=\"In stock\" \/>\n<script type=\"application\/ld+json\" class=\"yoast-schema-graph\">{\"@context\":\"https:\\\/\\\/schema.org\",\"@graph\":[{\"@type\":\"WebPage\",\"@id\":\"https:\\\/\\\/iberoid-shop.com\\\/it\\\/product\\\/te-ject-250-10ml-testosterone-enanthate-1ml-250mg\\\/\",\"url\":\"https:\\\/\\\/iberoid-shop.com\\\/it\\\/product\\\/te-ject-250-10ml-testosterone-enanthate-1ml-250mg\\\/\",\"name\":\"Testosterone enanthate TE-JECT 250 - Steroidi in linea\",\"isPartOf\":{\"@id\":\"https:\\\/\\\/iberoid.com\\\/#website\"},\"primaryImageOfPage\":{\"@id\":\"https:\\\/\\\/iberoid-shop.com\\\/it\\\/product\\\/te-ject-250-10ml-testosterone-enanthate-1ml-250mg\\\/#primaryimage\"},\"image\":{\"@id\":\"https:\\\/\\\/iberoid-shop.com\\\/it\\\/product\\\/te-ject-250-10ml-testosterone-enanthate-1ml-250mg\\\/#primaryimage\"},\"thumbnailUrl\":\"https:\\\/\\\/iberoid-shop.com\\\/wp-content\\\/uploads\\\/2020\\\/12\\\/teject-scaled.jpg?v=1678120069\",\"datePublished\":\"2020-12-24T15:29:47+00:00\",\"dateModified\":\"2026-03-10T15:20:21+00:00\",\"description\":\"Il Testosterone Enantato \u00e8 uno steroide base efficace e popolare per massa muscolare, guadagni di forza e benessere, con rilascio controllato per cicli pi\u00f9 lunghi.\",\"breadcrumb\":{\"@id\":\"https:\\\/\\\/iberoid-shop.com\\\/it\\\/product\\\/te-ject-250-10ml-testosterone-enanthate-1ml-250mg\\\/#breadcrumb\"},\"inLanguage\":\"it-IT\",\"potentialAction\":[{\"@type\":\"ReadAction\",\"target\":[[\"https:\\\/\\\/iberoid-shop.com\\\/it\\\/product\\\/te-ject-250-10ml-testosterone-enanthate-1ml-250mg\\\/\"]]}]},{\"@type\":\"ImageObject\",\"inLanguage\":\"it-IT\",\"@id\":\"https:\\\/\\\/iberoid-shop.com\\\/it\\\/product\\\/te-ject-250-10ml-testosterone-enanthate-1ml-250mg\\\/#primaryimage\",\"url\":\"https:\\\/\\\/iberoid-shop.com\\\/wp-content\\\/uploads\\\/2020\\\/12\\\/teject-scaled.jpg?v=1678120069\",\"contentUrl\":\"https:\\\/\\\/iberoid-shop.com\\\/wp-content\\\/uploads\\\/2020\\\/12\\\/teject-scaled.jpg?v=1678120069\",\"width\":2560,\"height\":2058},{\"@type\":\"BreadcrumbList\",\"@id\":\"https:\\\/\\\/iberoid-shop.com\\\/it\\\/product\\\/te-ject-250-10ml-testosterone-enanthate-1ml-250mg\\\/#breadcrumb\",\"itemListElement\":[{\"@type\":\"ListItem\",\"position\":1,\"name\":\"Portada\",\"item\":\"https:\\\/\\\/iberoid.com\\\/\"},{\"@type\":\"ListItem\",\"position\":2,\"name\":\"Negozio\",\"item\":\"https:\\\/\\\/iberoid-shop.com\\\/it\\\/shop\\\/\"},{\"@type\":\"ListItem\",\"position\":3,\"name\":\"Testosterone enanthate TE-JECT 250\"}]},{\"@type\":\"WebSite\",\"@id\":\"https:\\\/\\\/iberoid.com\\\/#website\",\"url\":\"https:\\\/\\\/iberoid.com\\\/\",\"name\":\"Steroidi in linea\",\"description\":\"Acquista steroidi online oggi in Spagna e Portogallo. Abbiamo il miglior servizio clienti del settore e prodotti di altissima qualit\u00e0\",\"potentialAction\":[{\"@type\":\"SearchAction\",\"target\":{\"@type\":\"EntryPoint\",\"urlTemplate\":\"https:\\\/\\\/iberoid.com\\\/?s={search_term_string}\"},\"query-input\":{\"@type\":\"PropertyValueSpecification\",\"valueRequired\":true,\"valueName\":\"search_term_string\"}}],\"inLanguage\":\"it-IT\"}]}<\/script>\n<meta property=\"product:brand\" content=\"Muscle Pharm\" \/>\n<meta property=\"product:price:amount\" content=\"30.00\" \/>\n<meta property=\"product:price:currency\" content=\"EUR\" \/>\n<meta property=\"og:availability\" content=\"instock\" \/>\n<meta property=\"product:availability\" content=\"instock\" \/>\n<meta property=\"product:condition\" content=\"new\" \/>\n<!-- \/ Yoast SEO Premium plugin. -->","yoast_head_json":{"title":"Testosterone enanthate TE-JECT 250 - Steroidi in linea","description":"Il Testosterone Enantato \u00e8 uno steroide base efficace e popolare per massa muscolare, guadagni di forza e benessere, con rilascio controllato per cicli pi\u00f9 lunghi.","robots":{"index":"index","follow":"follow","max-snippet":"max-snippet:-1","max-image-preview":"max-image-preview:large","max-video-preview":"max-video-preview:-1"},"canonical":"https:\/\/iberoid-shop.com\/it\/product\/te-ject-250-10ml-testosterone-enanthate-1ml-250mg\/","og_locale":"it_IT","og_type":"article","og_title":"Testosterone enanthate TE-JECT 250","og_description":"Il Testosterone Enantato \u00e8 uno steroide base efficace e popolare per massa muscolare, guadagni di forza e benessere, con rilascio controllato per cicli pi\u00f9 lunghi.","og_url":"https:\/\/iberoid-shop.com\/it\/product\/te-ject-250-10ml-testosterone-enanthate-1ml-250mg\/","og_site_name":"Steroidi in linea","article_modified_time":"2026-03-10T15:20:21+00:00","og_image":[{"width":2560,"height":2058,"url":"https:\/\/iberoid-shop.com\/wp-content\/uploads\/2020\/12\/teject-scaled.jpg?v=1678120069","type":"image\/jpeg"}],"twitter_card":"summary_large_image","twitter_misc":{"Prezzo":"&euro;30.00","Disponibilit\u00e0":"In stock"},"schema":{"@context":"https:\/\/schema.org","@graph":[{"@type":"WebPage","@id":"https:\/\/iberoid-shop.com\/it\/product\/te-ject-250-10ml-testosterone-enanthate-1ml-250mg\/","url":"https:\/\/iberoid-shop.com\/it\/product\/te-ject-250-10ml-testosterone-enanthate-1ml-250mg\/","name":"Testosterone enanthate TE-JECT 250 - Steroidi in linea","isPartOf":{"@id":"https:\/\/iberoid.com\/#website"},"primaryImageOfPage":{"@id":"https:\/\/iberoid-shop.com\/it\/product\/te-ject-250-10ml-testosterone-enanthate-1ml-250mg\/#primaryimage"},"image":{"@id":"https:\/\/iberoid-shop.com\/it\/product\/te-ject-250-10ml-testosterone-enanthate-1ml-250mg\/#primaryimage"},"thumbnailUrl":"https:\/\/iberoid-shop.com\/wp-content\/uploads\/2020\/12\/teject-scaled.jpg?v=1678120069","datePublished":"2020-12-24T15:29:47+00:00","dateModified":"2026-03-10T15:20:21+00:00","description":"Il Testosterone Enantato \u00e8 uno steroide base efficace e popolare per massa muscolare, guadagni di forza e benessere, con rilascio controllato per cicli pi\u00f9 lunghi.","breadcrumb":{"@id":"https:\/\/iberoid-shop.com\/it\/product\/te-ject-250-10ml-testosterone-enanthate-1ml-250mg\/#breadcrumb"},"inLanguage":"it-IT","potentialAction":[{"@type":"ReadAction","target":[["https:\/\/iberoid-shop.com\/it\/product\/te-ject-250-10ml-testosterone-enanthate-1ml-250mg\/"]]}]},{"@type":"ImageObject","inLanguage":"it-IT","@id":"https:\/\/iberoid-shop.com\/it\/product\/te-ject-250-10ml-testosterone-enanthate-1ml-250mg\/#primaryimage","url":"https:\/\/iberoid-shop.com\/wp-content\/uploads\/2020\/12\/teject-scaled.jpg?v=1678120069","contentUrl":"https:\/\/iberoid-shop.com\/wp-content\/uploads\/2020\/12\/teject-scaled.jpg?v=1678120069","width":2560,"height":2058},{"@type":"BreadcrumbList","@id":"https:\/\/iberoid-shop.com\/it\/product\/te-ject-250-10ml-testosterone-enanthate-1ml-250mg\/#breadcrumb","itemListElement":[{"@type":"ListItem","position":1,"name":"Portada","item":"https:\/\/iberoid.com\/"},{"@type":"ListItem","position":2,"name":"Negozio","item":"https:\/\/iberoid-shop.com\/it\/shop\/"},{"@type":"ListItem","position":3,"name":"Testosterone enanthate TE-JECT 250"}]},{"@type":"WebSite","@id":"https:\/\/iberoid.com\/#website","url":"https:\/\/iberoid.com\/","name":"Steroidi in linea","description":"Acquista steroidi online oggi in Spagna e Portogallo. Abbiamo il miglior servizio clienti del settore e prodotti di altissima qualit\u00e0","potentialAction":[{"@type":"SearchAction","target":{"@type":"EntryPoint","urlTemplate":"https:\/\/iberoid.com\/?s={search_term_string}"},"query-input":{"@type":"PropertyValueSpecification","valueRequired":true,"valueName":"search_term_string"}}],"inLanguage":"it-IT"}]},"product_brand":"Muscle Pharm","product_price_amount":"30.00","product_price_currency":"EUR","og_availability":"instock","product_availability":"instock","product_condition":"new"},"_links":{"self":[{"href":"https:\/\/iberoid-shop.com\/it\/wp-json\/wp\/v2\/product\/5539","targetHints":{"allow":["GET"]}}],"collection":[{"href":"https:\/\/iberoid-shop.com\/it\/wp-json\/wp\/v2\/product"}],"about":[{"href":"https:\/\/iberoid-shop.com\/it\/wp-json\/wp\/v2\/types\/product"}],"replies":[{"embeddable":true,"href":"https:\/\/iberoid-shop.com\/it\/wp-json\/wp\/v2\/comments?post=5539"}],"wp:featuredmedia":[{"embeddable":true,"href":"https:\/\/iberoid-shop.com\/it\/wp-json\/wp\/v2\/media\/5540"}],"wp:attachment":[{"href":"https:\/\/iberoid-shop.com\/it\/wp-json\/wp\/v2\/media?parent=5539"}],"wp:term":[{"taxonomy":"product_brand","embeddable":true,"href":"https:\/\/iberoid-shop.com\/it\/wp-json\/wp\/v2\/product_brand?post=5539"},{"taxonomy":"product_cat","embeddable":true,"href":"https:\/\/iberoid-shop.com\/it\/wp-json\/wp\/v2\/product_cat?post=5539"},{"taxonomy":"product_tag","embeddable":true,"href":"https:\/\/iberoid-shop.com\/it\/wp-json\/wp\/v2\/product_tag?post=5539"}],"curies":[{"name":"wp","href":"https:\/\/api.w.org\/{rel}","templated":true}]}}