{"id":5456,"date":"2020-11-22T12:14:18","date_gmt":"2020-11-22T12:14:18","guid":{"rendered":"https:\/\/iberoid-shop.com\/?post_type=product&#038;p=5456"},"modified":"2024-10-26T09:49:10","modified_gmt":"2024-10-26T09:49:10","slug":"clomiged-clomiphene-citrate-100-pills-50-mg-tab","status":"publish","type":"product","link":"https:\/\/iberoid-shop.com\/it\/product\/clomiged-clomiphene-citrate-100-pills-50-mg-tab\/","title":{"rendered":"pak 5 blister Clomiged (clomiphene citrate) 100 pastillas50 mg \/ tab"},"content":{"rendered":"<p>Il citrato di clomifene \u00e8 tipicamente prescritto alle donne per favorire l&#8217;ovulazione. Negli uomini, l&#8217;applicazione di Clomid provoca un aumento dell&#8217;ormone follicolo-stimolante e dell&#8217;ormone luteinizzante. Di conseguenza, aumenta anche la produzione naturale di testosterone.<\/p>\n<p>Questo effetto \u00e8 ovviamente vantaggioso per l&#8217;atleta, specialmente alla conclusione di un ciclo di steroidi quando i livelli di testosterone endogeno sono subnormali. Quando un atleta interrompe l&#8217;uso di steroidi, molto probabilmente i suoi livelli di testosterone saranno soppressi. Se i livelli di testosterone endogeno non vengono portati alla normalit\u00e0, pu\u00f2 verificarsi una drammatica perdita di dimensioni e forza. Clomid svolge un ruolo cruciale nella prevenzione di questo incidente nelle prestazioni atletiche.<\/p>\n<p>I bodybuilder scoprono che un&#8217;assunzione giornaliera di 50-100 mg di clomifene citrato per un periodo di due settimane riporter\u00e0 la produzione endogena di testosterone a un livello accettabile. Clomid aumenter\u00e0 gradualmente i livelli di testosterone durante il suo periodo di assunzione. Poich\u00e9 \u00e8 spesso desiderabile un aumento immediato del testosterone, l&#8217;atleta utilizzer\u00e0 comunemente l&#8217;HCG (gonadotropina coronica umana) per un paio di settimane e il trattamento continuo con Clomid.<\/p>\n<p>Clomid \u00e8 anche efficace come anti-estrogeno. La maggior parte degli atleti soffrir\u00e0 di un livello elevato di estrogeni alla conclusione di un ciclo. Un alto livello di estrogeni combinato con un basso livello di testosterone mette un atleta in serio rischio di sviluppare la ginocomastia. Con l&#8217;assunzione di Clomid, l&#8217;atleta ottiene il duplice effetto di bloccare alcuni degli effetti degli estrogeni, aumentando anche la produzione endogena di testosterone.<\/p>","protected":false},"excerpt":{"rendered":"<p>Il citrato di clomifene \u00e8 tipicamente prescritto alle donne per favorire l&#8217;ovulazione. Negli uomini, l&#8217;applicazione di Clomid provoca un aumento<\/p>\n","protected":false},"featured_media":5527,"comment_status":"open","ping_status":"closed","template":"","meta":[],"product_brand":[],"product_cat":[73,3474],"product_tag":[3488],"class_list":{"0":"post-5456","1":"product","2":"type-product","3":"status-publish","4":"has-post-thumbnail","6":"product_cat-ssteroides_orales","7":"product_cat-packs","8":"product_tag-clomiphene-citrate-100-pastillas50-mg-tab","10":"first","11":"outofstock","12":"sale","13":"shipping-taxable","14":"purchasable","15":"product-type-simple"},"yoast_head":"<!-- This site is optimized with the Yoast SEO Premium plugin v24.4 (Yoast SEO v27.3) - https:\/\/yoast.com\/product\/yoast-seo-premium-wordpress\/ -->\n<title>pak 5 blister Clomiged (clomiphene citrate) 100 pastillas50 mg \/ tab<\/title>\n<meta name=\"robots\" content=\"index, follow, max-snippet:-1, max-image-preview:large, max-video-preview:-1\" \/>\n<link rel=\"canonical\" href=\"https:\/\/iberoid-shop.com\/it\/product\/clomiged-clomiphene-citrate-100-pills-50-mg-tab\/\" \/>\n<meta property=\"og:locale\" content=\"it_IT\" \/>\n<meta property=\"og:type\" content=\"article\" \/>\n<meta property=\"og:title\" content=\"pak 5 blister Clomiged (clomiphene citrate) 100 pastillas50 mg \/ tab\" \/>\n<meta property=\"og:description\" content=\"Il citrato di clomifene \u00e8 tipicamente prescritto alle donne per favorire l&#8217;ovulazione. Negli uomini, l&#8217;applicazione di Clomid provoca un aumento\" \/>\n<meta property=\"og:url\" content=\"https:\/\/iberoid-shop.com\/it\/product\/clomiged-clomiphene-citrate-100-pills-50-mg-tab\/\" \/>\n<meta property=\"og:site_name\" content=\"Steroidi in linea\" \/>\n<meta property=\"article:modified_time\" content=\"2024-10-26T09:49:10+00:00\" \/>\n<meta property=\"og:image\" content=\"https:\/\/iberoid-shop.com\/wp-content\/uploads\/2020\/12\/CLOMIGED.jpg?v=1699330982\" \/>\n\t<meta property=\"og:image:width\" content=\"500\" \/>\n\t<meta property=\"og:image:height\" content=\"500\" \/>\n\t<meta property=\"og:image:type\" content=\"image\/jpeg\" \/>\n<meta name=\"twitter:card\" content=\"summary_large_image\" \/>\n<meta name=\"twitter:label1\" content=\"Prezzo\" \/>\n\t<meta name=\"twitter:data1\" content=\"&euro;35.00\" \/>\n\t<meta name=\"twitter:label2\" content=\"Disponibilit\u00e0\" \/>\n\t<meta name=\"twitter:data2\" content=\"Esaurito\" \/>\n<script type=\"application\/ld+json\" class=\"yoast-schema-graph\">{\"@context\":\"https:\\\/\\\/schema.org\",\"@graph\":[{\"@type\":\"WebPage\",\"@id\":\"https:\\\/\\\/iberoid-shop.com\\\/it\\\/product\\\/clomiged-clomiphene-citrate-100-pills-50-mg-tab\\\/\",\"url\":\"https:\\\/\\\/iberoid-shop.com\\\/it\\\/product\\\/clomiged-clomiphene-citrate-100-pills-50-mg-tab\\\/\",\"name\":\"pak 5 blister Clomiged (clomiphene citrate) 100 pastillas50 mg \\\/ tab\",\"isPartOf\":{\"@id\":\"https:\\\/\\\/iberoid-shop.com\\\/it\\\/#website\"},\"primaryImageOfPage\":{\"@id\":\"https:\\\/\\\/iberoid-shop.com\\\/it\\\/product\\\/clomiged-clomiphene-citrate-100-pills-50-mg-tab\\\/#primaryimage\"},\"image\":{\"@id\":\"https:\\\/\\\/iberoid-shop.com\\\/it\\\/product\\\/clomiged-clomiphene-citrate-100-pills-50-mg-tab\\\/#primaryimage\"},\"thumbnailUrl\":\"https:\\\/\\\/iberoid-shop.com\\\/wp-content\\\/uploads\\\/2020\\\/12\\\/CLOMIGED.jpg?v=1699330982\",\"datePublished\":\"2020-11-22T12:14:18+00:00\",\"dateModified\":\"2024-10-26T09:49:10+00:00\",\"breadcrumb\":{\"@id\":\"https:\\\/\\\/iberoid-shop.com\\\/it\\\/product\\\/clomiged-clomiphene-citrate-100-pills-50-mg-tab\\\/#breadcrumb\"},\"inLanguage\":\"it-IT\",\"potentialAction\":[{\"@type\":\"ReadAction\",\"target\":[[\"https:\\\/\\\/iberoid-shop.com\\\/it\\\/product\\\/clomiged-clomiphene-citrate-100-pills-50-mg-tab\\\/\"]]}]},{\"@type\":\"ImageObject\",\"inLanguage\":\"it-IT\",\"@id\":\"https:\\\/\\\/iberoid-shop.com\\\/it\\\/product\\\/clomiged-clomiphene-citrate-100-pills-50-mg-tab\\\/#primaryimage\",\"url\":\"https:\\\/\\\/iberoid-shop.com\\\/wp-content\\\/uploads\\\/2020\\\/12\\\/CLOMIGED.jpg?v=1699330982\",\"contentUrl\":\"https:\\\/\\\/iberoid-shop.com\\\/wp-content\\\/uploads\\\/2020\\\/12\\\/CLOMIGED.jpg?v=1699330982\",\"width\":500,\"height\":500},{\"@type\":\"BreadcrumbList\",\"@id\":\"https:\\\/\\\/iberoid-shop.com\\\/it\\\/product\\\/clomiged-clomiphene-citrate-100-pills-50-mg-tab\\\/#breadcrumb\",\"itemListElement\":[{\"@type\":\"ListItem\",\"position\":1,\"name\":\"Portada\",\"item\":\"https:\\\/\\\/iberoid-shop.com\\\/it\\\/\"},{\"@type\":\"ListItem\",\"position\":2,\"name\":\"Negozio\",\"item\":\"https:\\\/\\\/iberoid-shop.com\\\/it\\\/shop\\\/\"},{\"@type\":\"ListItem\",\"position\":3,\"name\":\"pak 5 blister Clomiged (clomiphene citrate) 100 pastillas50 mg \\\/ tab\"}]},{\"@type\":\"WebSite\",\"@id\":\"https:\\\/\\\/iberoid-shop.com\\\/it\\\/#website\",\"url\":\"https:\\\/\\\/iberoid-shop.com\\\/it\\\/\",\"name\":\"Steroidi in linea\",\"description\":\"Acquista steroidi online oggi in Spagna e Portogallo. Abbiamo il miglior servizio clienti del settore e prodotti di altissima qualit\u00e0\",\"potentialAction\":[{\"@type\":\"SearchAction\",\"target\":{\"@type\":\"EntryPoint\",\"urlTemplate\":\"https:\\\/\\\/iberoid-shop.com\\\/it\\\/?s={search_term_string}\"},\"query-input\":{\"@type\":\"PropertyValueSpecification\",\"valueRequired\":true,\"valueName\":\"search_term_string\"}}],\"inLanguage\":\"it-IT\"}]}<\/script>\n<meta property=\"product:brand\" content=\"Euro Prime Pharmaceuticals (EPF)\" \/>\n<meta property=\"product:price:amount\" content=\"35.00\" \/>\n<meta property=\"product:price:currency\" content=\"EUR\" \/>\n<meta property=\"og:availability\" content=\"out of stock\" \/>\n<meta property=\"product:availability\" content=\"out of stock\" \/>\n<meta property=\"product:condition\" content=\"new\" \/>\n<!-- \/ Yoast SEO Premium plugin. -->","yoast_head_json":{"title":"pak 5 blister Clomiged (clomiphene citrate) 100 pastillas50 mg \/ tab","robots":{"index":"index","follow":"follow","max-snippet":"max-snippet:-1","max-image-preview":"max-image-preview:large","max-video-preview":"max-video-preview:-1"},"canonical":"https:\/\/iberoid-shop.com\/it\/product\/clomiged-clomiphene-citrate-100-pills-50-mg-tab\/","og_locale":"it_IT","og_type":"article","og_title":"pak 5 blister Clomiged (clomiphene citrate) 100 pastillas50 mg \/ tab","og_description":"Il citrato di clomifene \u00e8 tipicamente prescritto alle donne per favorire l&#8217;ovulazione. Negli uomini, l&#8217;applicazione di Clomid provoca un aumento","og_url":"https:\/\/iberoid-shop.com\/it\/product\/clomiged-clomiphene-citrate-100-pills-50-mg-tab\/","og_site_name":"Steroidi in linea","article_modified_time":"2024-10-26T09:49:10+00:00","og_image":[{"width":500,"height":500,"url":"https:\/\/iberoid-shop.com\/wp-content\/uploads\/2020\/12\/CLOMIGED.jpg?v=1699330982","type":"image\/jpeg"}],"twitter_card":"summary_large_image","twitter_misc":{"Prezzo":"&euro;35.00","Disponibilit\u00e0":"Esaurito"},"schema":{"@context":"https:\/\/schema.org","@graph":[{"@type":"WebPage","@id":"https:\/\/iberoid-shop.com\/it\/product\/clomiged-clomiphene-citrate-100-pills-50-mg-tab\/","url":"https:\/\/iberoid-shop.com\/it\/product\/clomiged-clomiphene-citrate-100-pills-50-mg-tab\/","name":"pak 5 blister Clomiged (clomiphene citrate) 100 pastillas50 mg \/ tab","isPartOf":{"@id":"https:\/\/iberoid-shop.com\/it\/#website"},"primaryImageOfPage":{"@id":"https:\/\/iberoid-shop.com\/it\/product\/clomiged-clomiphene-citrate-100-pills-50-mg-tab\/#primaryimage"},"image":{"@id":"https:\/\/iberoid-shop.com\/it\/product\/clomiged-clomiphene-citrate-100-pills-50-mg-tab\/#primaryimage"},"thumbnailUrl":"https:\/\/iberoid-shop.com\/wp-content\/uploads\/2020\/12\/CLOMIGED.jpg?v=1699330982","datePublished":"2020-11-22T12:14:18+00:00","dateModified":"2024-10-26T09:49:10+00:00","breadcrumb":{"@id":"https:\/\/iberoid-shop.com\/it\/product\/clomiged-clomiphene-citrate-100-pills-50-mg-tab\/#breadcrumb"},"inLanguage":"it-IT","potentialAction":[{"@type":"ReadAction","target":[["https:\/\/iberoid-shop.com\/it\/product\/clomiged-clomiphene-citrate-100-pills-50-mg-tab\/"]]}]},{"@type":"ImageObject","inLanguage":"it-IT","@id":"https:\/\/iberoid-shop.com\/it\/product\/clomiged-clomiphene-citrate-100-pills-50-mg-tab\/#primaryimage","url":"https:\/\/iberoid-shop.com\/wp-content\/uploads\/2020\/12\/CLOMIGED.jpg?v=1699330982","contentUrl":"https:\/\/iberoid-shop.com\/wp-content\/uploads\/2020\/12\/CLOMIGED.jpg?v=1699330982","width":500,"height":500},{"@type":"BreadcrumbList","@id":"https:\/\/iberoid-shop.com\/it\/product\/clomiged-clomiphene-citrate-100-pills-50-mg-tab\/#breadcrumb","itemListElement":[{"@type":"ListItem","position":1,"name":"Portada","item":"https:\/\/iberoid-shop.com\/it\/"},{"@type":"ListItem","position":2,"name":"Negozio","item":"https:\/\/iberoid-shop.com\/it\/shop\/"},{"@type":"ListItem","position":3,"name":"pak 5 blister Clomiged (clomiphene citrate) 100 pastillas50 mg \/ tab"}]},{"@type":"WebSite","@id":"https:\/\/iberoid-shop.com\/it\/#website","url":"https:\/\/iberoid-shop.com\/it\/","name":"Steroidi in linea","description":"Acquista steroidi online oggi in Spagna e Portogallo. Abbiamo il miglior servizio clienti del settore e prodotti di altissima qualit\u00e0","potentialAction":[{"@type":"SearchAction","target":{"@type":"EntryPoint","urlTemplate":"https:\/\/iberoid-shop.com\/it\/?s={search_term_string}"},"query-input":{"@type":"PropertyValueSpecification","valueRequired":true,"valueName":"search_term_string"}}],"inLanguage":"it-IT"}]},"product_brand":"Euro Prime Pharmaceuticals (EPF)","product_price_amount":"35.00","product_price_currency":"EUR","og_availability":"out of stock","product_availability":"out of stock","product_condition":"new"},"_links":{"self":[{"href":"https:\/\/iberoid-shop.com\/it\/wp-json\/wp\/v2\/product\/5456","targetHints":{"allow":["GET"]}}],"collection":[{"href":"https:\/\/iberoid-shop.com\/it\/wp-json\/wp\/v2\/product"}],"about":[{"href":"https:\/\/iberoid-shop.com\/it\/wp-json\/wp\/v2\/types\/product"}],"replies":[{"embeddable":true,"href":"https:\/\/iberoid-shop.com\/it\/wp-json\/wp\/v2\/comments?post=5456"}],"wp:featuredmedia":[{"embeddable":true,"href":"https:\/\/iberoid-shop.com\/it\/wp-json\/wp\/v2\/media\/5527"}],"wp:attachment":[{"href":"https:\/\/iberoid-shop.com\/it\/wp-json\/wp\/v2\/media?parent=5456"}],"wp:term":[{"taxonomy":"product_brand","embeddable":true,"href":"https:\/\/iberoid-shop.com\/it\/wp-json\/wp\/v2\/product_brand?post=5456"},{"taxonomy":"product_cat","embeddable":true,"href":"https:\/\/iberoid-shop.com\/it\/wp-json\/wp\/v2\/product_cat?post=5456"},{"taxonomy":"product_tag","embeddable":true,"href":"https:\/\/iberoid-shop.com\/it\/wp-json\/wp\/v2\/product_tag?post=5456"}],"curies":[{"name":"wp","href":"https:\/\/api.w.org\/{rel}","templated":true}]}}