{"id":5384,"date":"2020-10-10T11:57:54","date_gmt":"2020-10-10T11:57:54","guid":{"rendered":"https:\/\/iberoid-shop.com\/?post_type=product&#038;p=5384"},"modified":"2022-12-26T20:25:21","modified_gmt":"2022-12-26T20:25:21","slug":"sp-stanoject","status":"publish","type":"product","link":"https:\/\/iberoid-shop.com\/it\/product\/sp-stanoject\/","title":{"rendered":"SP STANOJECT"},"content":{"rendered":"<p>Nome prodotto: SP Stanoject<br \/>\nProduttore: SP Laboratories<br \/>\nPresentazione: Confezione da 10 ml \/ 50 mg \/ ml<br \/>\nSostanza attiva: Stanozolol<\/p>\n<p>Vita attiva: ca. 8:00<br \/>\nUso suggerito: 20-50 mg \/ zi<br \/>\nAcne: NO<br \/>\nAcqua trattenuta: NO<br \/>\nAlta tensione: NO<br \/>\nTossicit\u00e0 epatica: solo a dosi elevate<br \/>\nConversione DHT: no<br \/>\nAroma: NO<br \/>\nTest di inibizione proprio: basso<\/p>\n<p>Stanazololul stesso \u00e8 un derivato del diidrotestosterone (DHT), sia orale che la forma iniettabile \u00e8 C17-alfa-alchilante rende questo corso un colpo moderato in quanto la tossicit\u00e0 epatica e orale solo a dosi elevate. La forma iniettabile \u00e8 identica alla forma iniettabile orale di questo motivo \u00e8 stata spesso utilizzata come orale. Perch\u00e9 qualcuno dovrebbe<br \/>\nquello? poich\u00e9 tutti gli steroidi C17-alfa-alchilanti passano attraverso il fegato perch\u00e9 la disattivazione causa un aumento della produzione di IGF1, quindi 30 mg di Dianabol per via orale al giorno (210 mg a settimana), \u00e8 un miglior costruttore di massa e forza rispetto a 400 mg di testosterone enantato.<\/p>\n<p>Stanozolol \u00e8 altamente anabolico \/ moderato androgeno che provoca un reale aumento della sintesi proteica e della ritenzione di azoto. Poich\u00e9 non ci convertiamo in estrogeni, non si verificheranno ritenzione idrica, ginecomastia e depositi di grasso specifici. Una dieta ricca di proteine \u200b\u200b3-4 g \/ kg \/ zilnic \u00e8 necessaria per ottenere i migliori risultati. Viene usato come steroide per aumenti di peso rapidi ma guadagni ideali per continuii lenti e molto qualitativi la massa \u00e8 ben trattenuta dopo l&#8217;interruzione della dieta. Molti concorrenti in off-seazon usano Winstrol per le propriet\u00e0 anaboliche del testosterone.<\/p>\n<p>Molti usavano Winstrol (Stanozolol) come steroide prima del concorso, quando 50-100 mg ogni 1-2 giorni erano associati a 75 mg di acetato di trenbolone in 1-2 giorni i risultati erano notevoli.<br \/>\nMolti hanno anche aggiunto Masteron, boldenone e propionato di testosterone con l&#8217;aggiunta di antiestrogeni per controllare il sapore e la ritenzione idrica.<\/p>\n<p>Poich\u00e9 Stanozolol ha prodotto un sorprendente aumento della forza, viene utilizzato anche nei cicli di massa. Molti principianti hanno ottenuto guadagni significativi grazie alla combinazione di 50 mg di Winstrol ogni due giorni con 100 mg di Primobolan 2-3 giorni o Deca Durabolin 200-400 mg a settimana. Il deposito di Winstrol viene utilizzato anche per aumentare il sito di iniezione, il che lo rende adatto nei problemi con i gruppi deboli.<\/p>","protected":false},"excerpt":{"rendered":"<p>Nome prodotto: SP Stanoject Produttore: SP Laboratories Presentazione: Confezione da 10 ml \/ 50 mg \/ ml Sostanza attiva: Stanozolol<\/p>\n","protected":false},"featured_media":5385,"comment_status":"open","ping_status":"closed","template":"","meta":[],"product_brand":[],"product_cat":[69],"product_tag":[],"class_list":{"0":"post-5384","1":"product","2":"type-product","3":"status-publish","4":"has-post-thumbnail","6":"product_cat-esteroides_inyectables","8":"first","9":"outofstock","10":"sale","11":"shipping-taxable","12":"purchasable","13":"product-type-simple"},"yoast_head":"<!-- This site is optimized with the Yoast SEO Premium plugin v24.4 (Yoast SEO v27.3) - https:\/\/yoast.com\/product\/yoast-seo-premium-wordpress\/ -->\n<title>SP STANOJECT - Steroidi in linea<\/title>\n<meta name=\"robots\" content=\"index, follow, max-snippet:-1, max-image-preview:large, max-video-preview:-1\" \/>\n<link rel=\"canonical\" href=\"https:\/\/iberoid-shop.com\/it\/product\/sp-stanoject\/\" \/>\n<meta property=\"og:locale\" content=\"it_IT\" \/>\n<meta property=\"og:type\" content=\"article\" \/>\n<meta property=\"og:title\" content=\"SP STANOJECT\" \/>\n<meta property=\"og:description\" content=\"Nome prodotto: SP Stanoject Produttore: SP Laboratories Presentazione: Confezione da 10 ml \/ 50 mg \/ ml Sostanza attiva: Stanozolol\" \/>\n<meta property=\"og:url\" content=\"https:\/\/iberoid-shop.com\/it\/product\/sp-stanoject\/\" \/>\n<meta property=\"og:site_name\" content=\"Steroidi in linea\" \/>\n<meta property=\"article:modified_time\" content=\"2022-12-26T20:25:21+00:00\" \/>\n<meta property=\"og:image\" content=\"https:\/\/iberoid-shop.com\/wp-content\/uploads\/2020\/10\/pstano.jpg?v=1678120084\" \/>\n\t<meta property=\"og:image:width\" content=\"388\" \/>\n\t<meta property=\"og:image:height\" content=\"388\" \/>\n\t<meta property=\"og:image:type\" content=\"image\/jpeg\" \/>\n<meta name=\"twitter:card\" content=\"summary_large_image\" \/>\n<meta name=\"twitter:label1\" content=\"Prezzo\" \/>\n\t<meta name=\"twitter:data1\" content=\"&euro;30.00\" \/>\n\t<meta name=\"twitter:label2\" content=\"Disponibilit\u00e0\" \/>\n\t<meta name=\"twitter:data2\" content=\"Esaurito\" \/>\n<script type=\"application\/ld+json\" class=\"yoast-schema-graph\">{\"@context\":\"https:\\\/\\\/schema.org\",\"@graph\":[{\"@type\":\"WebPage\",\"@id\":\"https:\\\/\\\/iberoid-shop.com\\\/it\\\/product\\\/sp-stanoject\\\/\",\"url\":\"https:\\\/\\\/iberoid-shop.com\\\/it\\\/product\\\/sp-stanoject\\\/\",\"name\":\"SP STANOJECT - Steroidi in linea\",\"isPartOf\":{\"@id\":\"https:\\\/\\\/iberoid-shop.com\\\/it\\\/#website\"},\"primaryImageOfPage\":{\"@id\":\"https:\\\/\\\/iberoid-shop.com\\\/it\\\/product\\\/sp-stanoject\\\/#primaryimage\"},\"image\":{\"@id\":\"https:\\\/\\\/iberoid-shop.com\\\/it\\\/product\\\/sp-stanoject\\\/#primaryimage\"},\"thumbnailUrl\":\"https:\\\/\\\/iberoid-shop.com\\\/wp-content\\\/uploads\\\/2020\\\/10\\\/pstano.jpg?v=1678120084\",\"datePublished\":\"2020-10-10T11:57:54+00:00\",\"dateModified\":\"2022-12-26T20:25:21+00:00\",\"breadcrumb\":{\"@id\":\"https:\\\/\\\/iberoid-shop.com\\\/it\\\/product\\\/sp-stanoject\\\/#breadcrumb\"},\"inLanguage\":\"it-IT\",\"potentialAction\":[{\"@type\":\"ReadAction\",\"target\":[[\"https:\\\/\\\/iberoid-shop.com\\\/it\\\/product\\\/sp-stanoject\\\/\"]]}]},{\"@type\":\"ImageObject\",\"inLanguage\":\"it-IT\",\"@id\":\"https:\\\/\\\/iberoid-shop.com\\\/it\\\/product\\\/sp-stanoject\\\/#primaryimage\",\"url\":\"https:\\\/\\\/iberoid-shop.com\\\/wp-content\\\/uploads\\\/2020\\\/10\\\/pstano.jpg?v=1678120084\",\"contentUrl\":\"https:\\\/\\\/iberoid-shop.com\\\/wp-content\\\/uploads\\\/2020\\\/10\\\/pstano.jpg?v=1678120084\",\"width\":388,\"height\":388},{\"@type\":\"BreadcrumbList\",\"@id\":\"https:\\\/\\\/iberoid-shop.com\\\/it\\\/product\\\/sp-stanoject\\\/#breadcrumb\",\"itemListElement\":[{\"@type\":\"ListItem\",\"position\":1,\"name\":\"Portada\",\"item\":\"https:\\\/\\\/iberoid-shop.com\\\/it\\\/\"},{\"@type\":\"ListItem\",\"position\":2,\"name\":\"Negozio\",\"item\":\"https:\\\/\\\/iberoid-shop.com\\\/it\\\/shop\\\/\"},{\"@type\":\"ListItem\",\"position\":3,\"name\":\"SP STANOJECT\"}]},{\"@type\":\"WebSite\",\"@id\":\"https:\\\/\\\/iberoid-shop.com\\\/it\\\/#website\",\"url\":\"https:\\\/\\\/iberoid-shop.com\\\/it\\\/\",\"name\":\"Steroidi in linea\",\"description\":\"Acquista steroidi online oggi in Spagna e Portogallo. Abbiamo il miglior servizio clienti del settore e prodotti di altissima qualit\u00e0\",\"potentialAction\":[{\"@type\":\"SearchAction\",\"target\":{\"@type\":\"EntryPoint\",\"urlTemplate\":\"https:\\\/\\\/iberoid-shop.com\\\/it\\\/?s={search_term_string}\"},\"query-input\":{\"@type\":\"PropertyValueSpecification\",\"valueRequired\":true,\"valueName\":\"search_term_string\"}}],\"inLanguage\":\"it-IT\"}]}<\/script>\n<meta property=\"product:brand\" content=\"SP Laboratories\" \/>\n<meta property=\"product:price:amount\" content=\"30.00\" \/>\n<meta property=\"product:price:currency\" content=\"EUR\" \/>\n<meta property=\"og:availability\" content=\"out of stock\" \/>\n<meta property=\"product:availability\" content=\"out of stock\" \/>\n<meta property=\"product:condition\" content=\"new\" \/>\n<!-- \/ Yoast SEO Premium plugin. -->","yoast_head_json":{"title":"SP STANOJECT - Steroidi in linea","robots":{"index":"index","follow":"follow","max-snippet":"max-snippet:-1","max-image-preview":"max-image-preview:large","max-video-preview":"max-video-preview:-1"},"canonical":"https:\/\/iberoid-shop.com\/it\/product\/sp-stanoject\/","og_locale":"it_IT","og_type":"article","og_title":"SP STANOJECT","og_description":"Nome prodotto: SP Stanoject Produttore: SP Laboratories Presentazione: Confezione da 10 ml \/ 50 mg \/ ml Sostanza attiva: Stanozolol","og_url":"https:\/\/iberoid-shop.com\/it\/product\/sp-stanoject\/","og_site_name":"Steroidi in linea","article_modified_time":"2022-12-26T20:25:21+00:00","og_image":[{"width":388,"height":388,"url":"https:\/\/iberoid-shop.com\/wp-content\/uploads\/2020\/10\/pstano.jpg?v=1678120084","type":"image\/jpeg"}],"twitter_card":"summary_large_image","twitter_misc":{"Prezzo":"&euro;30.00","Disponibilit\u00e0":"Esaurito"},"schema":{"@context":"https:\/\/schema.org","@graph":[{"@type":"WebPage","@id":"https:\/\/iberoid-shop.com\/it\/product\/sp-stanoject\/","url":"https:\/\/iberoid-shop.com\/it\/product\/sp-stanoject\/","name":"SP STANOJECT - Steroidi in linea","isPartOf":{"@id":"https:\/\/iberoid-shop.com\/it\/#website"},"primaryImageOfPage":{"@id":"https:\/\/iberoid-shop.com\/it\/product\/sp-stanoject\/#primaryimage"},"image":{"@id":"https:\/\/iberoid-shop.com\/it\/product\/sp-stanoject\/#primaryimage"},"thumbnailUrl":"https:\/\/iberoid-shop.com\/wp-content\/uploads\/2020\/10\/pstano.jpg?v=1678120084","datePublished":"2020-10-10T11:57:54+00:00","dateModified":"2022-12-26T20:25:21+00:00","breadcrumb":{"@id":"https:\/\/iberoid-shop.com\/it\/product\/sp-stanoject\/#breadcrumb"},"inLanguage":"it-IT","potentialAction":[{"@type":"ReadAction","target":[["https:\/\/iberoid-shop.com\/it\/product\/sp-stanoject\/"]]}]},{"@type":"ImageObject","inLanguage":"it-IT","@id":"https:\/\/iberoid-shop.com\/it\/product\/sp-stanoject\/#primaryimage","url":"https:\/\/iberoid-shop.com\/wp-content\/uploads\/2020\/10\/pstano.jpg?v=1678120084","contentUrl":"https:\/\/iberoid-shop.com\/wp-content\/uploads\/2020\/10\/pstano.jpg?v=1678120084","width":388,"height":388},{"@type":"BreadcrumbList","@id":"https:\/\/iberoid-shop.com\/it\/product\/sp-stanoject\/#breadcrumb","itemListElement":[{"@type":"ListItem","position":1,"name":"Portada","item":"https:\/\/iberoid-shop.com\/it\/"},{"@type":"ListItem","position":2,"name":"Negozio","item":"https:\/\/iberoid-shop.com\/it\/shop\/"},{"@type":"ListItem","position":3,"name":"SP STANOJECT"}]},{"@type":"WebSite","@id":"https:\/\/iberoid-shop.com\/it\/#website","url":"https:\/\/iberoid-shop.com\/it\/","name":"Steroidi in linea","description":"Acquista steroidi online oggi in Spagna e Portogallo. Abbiamo il miglior servizio clienti del settore e prodotti di altissima qualit\u00e0","potentialAction":[{"@type":"SearchAction","target":{"@type":"EntryPoint","urlTemplate":"https:\/\/iberoid-shop.com\/it\/?s={search_term_string}"},"query-input":{"@type":"PropertyValueSpecification","valueRequired":true,"valueName":"search_term_string"}}],"inLanguage":"it-IT"}]},"product_brand":"SP Laboratories","product_price_amount":"30.00","product_price_currency":"EUR","og_availability":"out of stock","product_availability":"out of stock","product_condition":"new"},"_links":{"self":[{"href":"https:\/\/iberoid-shop.com\/it\/wp-json\/wp\/v2\/product\/5384","targetHints":{"allow":["GET"]}}],"collection":[{"href":"https:\/\/iberoid-shop.com\/it\/wp-json\/wp\/v2\/product"}],"about":[{"href":"https:\/\/iberoid-shop.com\/it\/wp-json\/wp\/v2\/types\/product"}],"replies":[{"embeddable":true,"href":"https:\/\/iberoid-shop.com\/it\/wp-json\/wp\/v2\/comments?post=5384"}],"wp:featuredmedia":[{"embeddable":true,"href":"https:\/\/iberoid-shop.com\/it\/wp-json\/wp\/v2\/media\/5385"}],"wp:attachment":[{"href":"https:\/\/iberoid-shop.com\/it\/wp-json\/wp\/v2\/media?parent=5384"}],"wp:term":[{"taxonomy":"product_brand","embeddable":true,"href":"https:\/\/iberoid-shop.com\/it\/wp-json\/wp\/v2\/product_brand?post=5384"},{"taxonomy":"product_cat","embeddable":true,"href":"https:\/\/iberoid-shop.com\/it\/wp-json\/wp\/v2\/product_cat?post=5384"},{"taxonomy":"product_tag","embeddable":true,"href":"https:\/\/iberoid-shop.com\/it\/wp-json\/wp\/v2\/product_tag?post=5384"}],"curies":[{"name":"wp","href":"https:\/\/api.w.org\/{rel}","templated":true}]}}