{"id":5380,"date":"2020-10-10T11:50:33","date_gmt":"2020-10-10T11:50:33","guid":{"rendered":"https:\/\/iberoid-shop.com\/?post_type=product&#038;p=5380"},"modified":"2022-12-06T17:44:31","modified_gmt":"2022-12-06T17:44:31","slug":"sp-masteron","status":"publish","type":"product","link":"https:\/\/iberoid-shop.com\/it\/product\/sp-masteron\/","title":{"rendered":"SP MASTERON"},"content":{"rendered":"<p>Nome prodotto: Masteron 100<br \/>\nProduttore: SP Laboratories<br \/>\nPresentazione: 10 ml 100 mg \/ ml<br \/>\nProdotto chimico attivo: drostanolone propionato<\/p>\n<p>Masteron \u00e8 una forma iniettabile di propionato di drostanolonului. Drostanolonul \u00e8 un derivato del diidrotestosterone, con un androgeno anabolico moderato e uno forte. Non convertire in estrogeni, quindi la ritenzione idrica e la ginecomastia non sono un problema. In effetti, Masteron sembra avere un effetto antiestrogenico, comportandosi come Proviron, a questo proposito. Masteron \u00e8 molto utile per definire ed enfatizzare, viene utilizzato da molte settimane prima delle gare. Ha anche un effetto anabolico che pu\u00f2 essere utilziat in modo soddisfacente per ottenere muscoli di qualit\u00e0. Pu\u00f2 essere combinato con altri steroidi per ottenere grandi guadagni. L&#8217;associazione con Deca-Durabolin o Equipoise, porta a notevoli guadagni senza un&#8217;eccessiva ritenzione idrica.<\/p>\n<p>Un&#8217;altra associazione \u00e8 con Dianabol o testosterone iniettabile, castrigurile msuculara la grande massa senza eccessiva ritenzione idrica.<br \/>\nPer definizione pu\u00f2 essere combinato con Winstrol, Priomobolan o Oxandrolon che favoriscono la perdita di massa muscolare e grasso.<br \/>\nIl dosaggio \u00e8 di 2 ml (100 mg) di Masteron ogni 2-3 giorni. Quindi la dose settimanale \u00e8 di 200-350 mg da qualche parte.<\/p>\n<p>Gli effetti collaterali di questo steroide sono lievi. Come ho detto prima la ginecomastia e la ritenzione idrica non sono un problema. Nessuna pressione alta non dovrebbe darci problemi, perch\u00e9 a causa dei bassi livelli di estrogeni non compare. Masteron non \u00e8 epatotossico, anche se usato per lunghi periodi di tempo. Gli unici effetti negativi che possono verificarsi sono: pelle grassa, acne, aumento dei peli del viso e del corpo pi\u00f9 veloce, aggressivit\u00e0 e perdita di capelli, se c&#8217;\u00e8 una predisposizione genetica. Quindi coloro che sanno di avere una storia familiare di calvizie farebbero bene a fare attenzione a Masteron.<\/p>","protected":false},"excerpt":{"rendered":"<p>Nome prodotto: Masteron 100 Produttore: SP Laboratories Presentazione: 10 ml 100 mg \/ ml Prodotto chimico attivo: drostanolone propionato Masteron<\/p>\n","protected":false},"featured_media":5381,"comment_status":"open","ping_status":"closed","template":"","meta":[],"product_brand":[],"product_cat":[69],"product_tag":[],"class_list":{"0":"post-5380","1":"product","2":"type-product","3":"status-publish","4":"has-post-thumbnail","6":"product_cat-esteroides_inyectables","8":"first","9":"outofstock","10":"sale","11":"shipping-taxable","12":"purchasable","13":"product-type-simple"},"yoast_head":"<!-- This site is optimized with the Yoast SEO Premium plugin v24.4 (Yoast SEO v27.0) - https:\/\/yoast.com\/product\/yoast-seo-premium-wordpress\/ -->\n<title>SP MASTERON - Steroidi in linea<\/title>\n<meta name=\"robots\" content=\"index, follow, max-snippet:-1, max-image-preview:large, max-video-preview:-1\" \/>\n<link rel=\"canonical\" href=\"https:\/\/iberoid-shop.com\/it\/product\/sp-masteron\/\" \/>\n<meta property=\"og:locale\" content=\"it_IT\" \/>\n<meta property=\"og:type\" content=\"article\" \/>\n<meta property=\"og:title\" content=\"SP MASTERON\" \/>\n<meta property=\"og:description\" content=\"Nome prodotto: Masteron 100 Produttore: SP Laboratories Presentazione: 10 ml 100 mg \/ ml Prodotto chimico attivo: drostanolone propionato Masteron\" \/>\n<meta property=\"og:url\" content=\"https:\/\/iberoid-shop.com\/it\/product\/sp-masteron\/\" \/>\n<meta property=\"og:site_name\" content=\"Steroidi in linea\" \/>\n<meta property=\"article:modified_time\" content=\"2022-12-06T17:44:31+00:00\" \/>\n<meta property=\"og:image\" content=\"https:\/\/iberoid-shop.com\/wp-content\/uploads\/2020\/10\/maste.jpg?v=1678120085\" \/>\n\t<meta property=\"og:image:width\" content=\"388\" \/>\n\t<meta property=\"og:image:height\" content=\"388\" \/>\n\t<meta property=\"og:image:type\" content=\"image\/jpeg\" \/>\n<meta name=\"twitter:card\" content=\"summary_large_image\" \/>\n<meta name=\"twitter:label1\" content=\"Prezzo\" \/>\n\t<meta name=\"twitter:data1\" content=\"&euro;48.00\" \/>\n\t<meta name=\"twitter:label2\" content=\"Disponibilit\u00e0\" \/>\n\t<meta name=\"twitter:data2\" content=\"Esaurito\" \/>\n<script type=\"application\/ld+json\" class=\"yoast-schema-graph\">{\"@context\":\"https:\/\/schema.org\",\"@graph\":[{\"@type\":\"WebPage\",\"@id\":\"https:\/\/iberoid-shop.com\/it\/product\/sp-masteron\/\",\"url\":\"https:\/\/iberoid-shop.com\/it\/product\/sp-masteron\/\",\"name\":\"SP MASTERON - Steroidi in linea\",\"isPartOf\":{\"@id\":\"https:\/\/iberoid-shop.com\/it\/#website\"},\"primaryImageOfPage\":{\"@id\":\"https:\/\/iberoid-shop.com\/it\/product\/sp-masteron\/#primaryimage\"},\"image\":{\"@id\":\"https:\/\/iberoid-shop.com\/it\/product\/sp-masteron\/#primaryimage\"},\"thumbnailUrl\":\"https:\/\/iberoid-shop.com\/wp-content\/uploads\/2020\/10\/maste.jpg?v=1678120085\",\"datePublished\":\"2020-10-10T11:50:33+00:00\",\"dateModified\":\"2022-12-06T17:44:31+00:00\",\"breadcrumb\":{\"@id\":\"https:\/\/iberoid-shop.com\/it\/product\/sp-masteron\/#breadcrumb\"},\"inLanguage\":\"it-IT\",\"potentialAction\":[{\"@type\":\"ReadAction\",\"target\":[[\"https:\/\/iberoid-shop.com\/it\/product\/sp-masteron\/\"]]}]},{\"@type\":\"ImageObject\",\"inLanguage\":\"it-IT\",\"@id\":\"https:\/\/iberoid-shop.com\/it\/product\/sp-masteron\/#primaryimage\",\"url\":\"https:\/\/iberoid-shop.com\/wp-content\/uploads\/2020\/10\/maste.jpg?v=1678120085\",\"contentUrl\":\"https:\/\/iberoid-shop.com\/wp-content\/uploads\/2020\/10\/maste.jpg?v=1678120085\",\"width\":388,\"height\":388},{\"@type\":\"BreadcrumbList\",\"@id\":\"https:\/\/iberoid-shop.com\/it\/product\/sp-masteron\/#breadcrumb\",\"itemListElement\":[{\"@type\":\"ListItem\",\"position\":1,\"name\":\"Portada\",\"item\":\"https:\/\/iberoid-shop.com\/it\/\"},{\"@type\":\"ListItem\",\"position\":2,\"name\":\"Negozio\",\"item\":\"https:\/\/iberoid-shop.com\/it\/shop\/\"},{\"@type\":\"ListItem\",\"position\":3,\"name\":\"SP MASTERON\"}]},{\"@type\":\"WebSite\",\"@id\":\"https:\/\/iberoid-shop.com\/it\/#website\",\"url\":\"https:\/\/iberoid-shop.com\/it\/\",\"name\":\"Steroidi in linea\",\"description\":\"Acquista steroidi online oggi in Spagna e Portogallo. Abbiamo il miglior servizio clienti del settore e prodotti di altissima qualit\u00e0\",\"potentialAction\":[{\"@type\":\"SearchAction\",\"target\":{\"@type\":\"EntryPoint\",\"urlTemplate\":\"https:\/\/iberoid-shop.com\/it\/?s={search_term_string}\"},\"query-input\":{\"@type\":\"PropertyValueSpecification\",\"valueRequired\":true,\"valueName\":\"search_term_string\"}}],\"inLanguage\":\"it-IT\"}]}<\/script>\n<meta property=\"product:brand\" content=\"SP Laboratories\" \/>\n<meta property=\"product:price:amount\" content=\"48.00\" \/>\n<meta property=\"product:price:currency\" content=\"EUR\" \/>\n<meta property=\"og:availability\" content=\"out of stock\" \/>\n<meta property=\"product:availability\" content=\"out of stock\" \/>\n<meta property=\"product:condition\" content=\"new\" \/>\n<!-- \/ Yoast SEO Premium plugin. -->","yoast_head_json":{"title":"SP MASTERON - Steroidi in linea","robots":{"index":"index","follow":"follow","max-snippet":"max-snippet:-1","max-image-preview":"max-image-preview:large","max-video-preview":"max-video-preview:-1"},"canonical":"https:\/\/iberoid-shop.com\/it\/product\/sp-masteron\/","og_locale":"it_IT","og_type":"article","og_title":"SP MASTERON","og_description":"Nome prodotto: Masteron 100 Produttore: SP Laboratories Presentazione: 10 ml 100 mg \/ ml Prodotto chimico attivo: drostanolone propionato Masteron","og_url":"https:\/\/iberoid-shop.com\/it\/product\/sp-masteron\/","og_site_name":"Steroidi in linea","article_modified_time":"2022-12-06T17:44:31+00:00","og_image":[{"width":388,"height":388,"url":"https:\/\/iberoid-shop.com\/wp-content\/uploads\/2020\/10\/maste.jpg?v=1678120085","type":"image\/jpeg"}],"twitter_card":"summary_large_image","twitter_misc":{"Prezzo":"&euro;48.00","Disponibilit\u00e0":"Esaurito"},"schema":{"@context":"https:\/\/schema.org","@graph":[{"@type":"WebPage","@id":"https:\/\/iberoid-shop.com\/it\/product\/sp-masteron\/","url":"https:\/\/iberoid-shop.com\/it\/product\/sp-masteron\/","name":"SP MASTERON - Steroidi in linea","isPartOf":{"@id":"https:\/\/iberoid-shop.com\/it\/#website"},"primaryImageOfPage":{"@id":"https:\/\/iberoid-shop.com\/it\/product\/sp-masteron\/#primaryimage"},"image":{"@id":"https:\/\/iberoid-shop.com\/it\/product\/sp-masteron\/#primaryimage"},"thumbnailUrl":"https:\/\/iberoid-shop.com\/wp-content\/uploads\/2020\/10\/maste.jpg?v=1678120085","datePublished":"2020-10-10T11:50:33+00:00","dateModified":"2022-12-06T17:44:31+00:00","breadcrumb":{"@id":"https:\/\/iberoid-shop.com\/it\/product\/sp-masteron\/#breadcrumb"},"inLanguage":"it-IT","potentialAction":[{"@type":"ReadAction","target":[["https:\/\/iberoid-shop.com\/it\/product\/sp-masteron\/"]]}]},{"@type":"ImageObject","inLanguage":"it-IT","@id":"https:\/\/iberoid-shop.com\/it\/product\/sp-masteron\/#primaryimage","url":"https:\/\/iberoid-shop.com\/wp-content\/uploads\/2020\/10\/maste.jpg?v=1678120085","contentUrl":"https:\/\/iberoid-shop.com\/wp-content\/uploads\/2020\/10\/maste.jpg?v=1678120085","width":388,"height":388},{"@type":"BreadcrumbList","@id":"https:\/\/iberoid-shop.com\/it\/product\/sp-masteron\/#breadcrumb","itemListElement":[{"@type":"ListItem","position":1,"name":"Portada","item":"https:\/\/iberoid-shop.com\/it\/"},{"@type":"ListItem","position":2,"name":"Negozio","item":"https:\/\/iberoid-shop.com\/it\/shop\/"},{"@type":"ListItem","position":3,"name":"SP MASTERON"}]},{"@type":"WebSite","@id":"https:\/\/iberoid-shop.com\/it\/#website","url":"https:\/\/iberoid-shop.com\/it\/","name":"Steroidi in linea","description":"Acquista steroidi online oggi in Spagna e Portogallo. Abbiamo il miglior servizio clienti del settore e prodotti di altissima qualit\u00e0","potentialAction":[{"@type":"SearchAction","target":{"@type":"EntryPoint","urlTemplate":"https:\/\/iberoid-shop.com\/it\/?s={search_term_string}"},"query-input":{"@type":"PropertyValueSpecification","valueRequired":true,"valueName":"search_term_string"}}],"inLanguage":"it-IT"}]},"product_brand":"SP Laboratories","product_price_amount":"48.00","product_price_currency":"EUR","og_availability":"out of stock","product_availability":"out of stock","product_condition":"new"},"_links":{"self":[{"href":"https:\/\/iberoid-shop.com\/it\/wp-json\/wp\/v2\/product\/5380","targetHints":{"allow":["GET"]}}],"collection":[{"href":"https:\/\/iberoid-shop.com\/it\/wp-json\/wp\/v2\/product"}],"about":[{"href":"https:\/\/iberoid-shop.com\/it\/wp-json\/wp\/v2\/types\/product"}],"replies":[{"embeddable":true,"href":"https:\/\/iberoid-shop.com\/it\/wp-json\/wp\/v2\/comments?post=5380"}],"wp:featuredmedia":[{"embeddable":true,"href":"https:\/\/iberoid-shop.com\/it\/wp-json\/wp\/v2\/media\/5381"}],"wp:attachment":[{"href":"https:\/\/iberoid-shop.com\/it\/wp-json\/wp\/v2\/media?parent=5380"}],"wp:term":[{"taxonomy":"product_brand","embeddable":true,"href":"https:\/\/iberoid-shop.com\/it\/wp-json\/wp\/v2\/product_brand?post=5380"},{"taxonomy":"product_cat","embeddable":true,"href":"https:\/\/iberoid-shop.com\/it\/wp-json\/wp\/v2\/product_cat?post=5380"},{"taxonomy":"product_tag","embeddable":true,"href":"https:\/\/iberoid-shop.com\/it\/wp-json\/wp\/v2\/product_tag?post=5380"}],"curies":[{"name":"wp","href":"https:\/\/api.w.org\/{rel}","templated":true}]}}