{"id":5369,"date":"2020-10-09T10:37:55","date_gmt":"2020-10-09T10:37:55","guid":{"rendered":"https:\/\/iberoid-shop.com\/?post_type=product&#038;p=5369"},"modified":"2023-10-13T23:49:06","modified_gmt":"2023-10-13T23:49:06","slug":"sp-enanthate","status":"publish","type":"product","link":"https:\/\/iberoid-shop.com\/it\/product\/sp-enanthate\/","title":{"rendered":"SP ENANTHATE"},"content":{"rendered":"<p>Nome prodotto: SP Enathate<br \/>\nProduttore SP Laboratories India<br \/>\nPresentazione: 10 ml 250 mg \/ ml<br \/>\nSostanze chimiche attive: testosterone enantato<\/p>\n<p>Il testosterone enantato \u00e8 lo steroide europeo di testosterone cipionat corrispondente negli Stati Uniti.<br \/>\nL&#8217;iniezione di steroidi \u00e8 una forma di soluzione oleosa, progettata per rilasciare lentamente il testosterone. Ha una lunga durata d&#8217;azione di 2-3 settimane. In medicina \u00e8 il farmaco pi\u00f9 prescritto sul testosterone.<br \/>\nIl tetsosteronul \u00e8 un potente ormone con molti potenziali effetti collaterali, la maggior parte dei quali dovuti al fatto che il testosterone tende a convertirsi completamente in estrogeni. La ritenzione idrica sar\u00e0 visibile abbastanza rapidamente e osserver\u00e0 l&#8217;accumulo di grasso. Non \u00e8 quindi uno steroide che viene utilizzato quando si desidera definire o prima delle competizioni. \u00c8 possibile il rischio di ginecomastia. Pertanto suggerire l&#8217;aggiunta di Nolvadex e \/ o Proviron durante il ciclo. Una scelta ancora migliore \u00e8 Armidexul, ma \u00e8 una preparazione piuttosto costosa. Si ritiene che l&#8217;uso di antiestrogeni durante un ciclo che segue l&#8217;accumulo di quanta pi\u00f9 massa possa rallentare questo processo. Pertanto verranno aggiunti solo se si ritiene che sia assolutamente necessario. Un po &#8216;di gonfiore sotto il capezzolo seguito da dolore e nodi nella stessa zona sono segni di ginecomastieni. Se sembrano essere interrotti al pi\u00f9 presto, o aggiungendo l&#8217;antiestrogenico.<\/p>\n<p>Possono verificarsi effetti indesiderati androgeni come acne, crescita dei peli del viso e del corpo, pelle grassa e calvizie. Pu\u00f2 essere utilizzato contemporaneamente e Proscar, che ridurr\u00e0 questi effetti. La maggior parte del testosterone non \u00e8 cos\u00ec fastidioso, soprattutto confrontando i risultati finali, che ha origine e la grande popolarit\u00e0 di questi steroidi.<\/p>\n<p>La dose tipica \u00e8 250 mg-750 mg a settimana. Oltre questa dose gli effetti estrogenici saranno pi\u00f9 pronunciati, con guadagni necompensati. Il ciclo pu\u00f2 essere aggiunto come steroidi Anapolon 50 o Dianabol portando a enormi guadagni. Per chi vuole restare pi\u00f9 vicino alla definizione consigliata utilizzare Deca-Durabolin o Equipoise.<\/p>","protected":false},"excerpt":{"rendered":"<p>Nome prodotto: SP Enathate Produttore SP Laboratories India Presentazione: 10 ml 250 mg \/ ml Sostanze chimiche attive: testosterone enantato<\/p>\n","protected":false},"featured_media":5370,"comment_status":"open","ping_status":"closed","template":"","meta":[],"product_brand":[],"product_cat":[69],"product_tag":[],"class_list":{"0":"post-5369","1":"product","2":"type-product","3":"status-publish","4":"has-post-thumbnail","6":"product_cat-esteroides_inyectables","8":"first","9":"outofstock","10":"shipping-taxable","11":"purchasable","12":"product-type-simple"},"yoast_head":"<!-- This site is optimized with the Yoast SEO Premium plugin v24.4 (Yoast SEO v27.3) - https:\/\/yoast.com\/product\/yoast-seo-premium-wordpress\/ -->\n<title>SP ENANTHATE - Steroidi in linea<\/title>\n<meta name=\"robots\" content=\"index, follow, max-snippet:-1, max-image-preview:large, max-video-preview:-1\" \/>\n<link rel=\"canonical\" href=\"https:\/\/iberoid-shop.com\/it\/product\/sp-enanthate\/\" \/>\n<meta property=\"og:locale\" content=\"it_IT\" \/>\n<meta property=\"og:type\" content=\"article\" \/>\n<meta property=\"og:title\" content=\"SP ENANTHATE\" \/>\n<meta property=\"og:description\" content=\"Nome prodotto: SP Enathate Produttore SP Laboratories India Presentazione: 10 ml 250 mg \/ ml Sostanze chimiche attive: testosterone enantato\" \/>\n<meta property=\"og:url\" content=\"https:\/\/iberoid-shop.com\/it\/product\/sp-enanthate\/\" \/>\n<meta property=\"og:site_name\" content=\"Steroidi in linea\" \/>\n<meta property=\"article:modified_time\" content=\"2023-10-13T23:49:06+00:00\" \/>\n<meta property=\"og:image\" content=\"https:\/\/iberoid-shop.com\/wp-content\/uploads\/2020\/10\/ena.jpg?v=1678120089\" \/>\n\t<meta property=\"og:image:width\" content=\"388\" \/>\n\t<meta property=\"og:image:height\" content=\"388\" \/>\n\t<meta property=\"og:image:type\" content=\"image\/jpeg\" \/>\n<meta name=\"twitter:card\" content=\"summary_large_image\" \/>\n<meta name=\"twitter:label1\" content=\"Prezzo\" \/>\n\t<meta name=\"twitter:data1\" content=\"&euro;45.00\" \/>\n\t<meta name=\"twitter:label2\" content=\"Disponibilit\u00e0\" \/>\n\t<meta name=\"twitter:data2\" content=\"Esaurito\" \/>\n<script type=\"application\/ld+json\" class=\"yoast-schema-graph\">{\"@context\":\"https:\\\/\\\/schema.org\",\"@graph\":[{\"@type\":\"WebPage\",\"@id\":\"https:\\\/\\\/iberoid-shop.com\\\/it\\\/product\\\/sp-enanthate\\\/\",\"url\":\"https:\\\/\\\/iberoid-shop.com\\\/it\\\/product\\\/sp-enanthate\\\/\",\"name\":\"SP ENANTHATE - Steroidi in linea\",\"isPartOf\":{\"@id\":\"https:\\\/\\\/iberoid.com\\\/#website\"},\"primaryImageOfPage\":{\"@id\":\"https:\\\/\\\/iberoid-shop.com\\\/it\\\/product\\\/sp-enanthate\\\/#primaryimage\"},\"image\":{\"@id\":\"https:\\\/\\\/iberoid-shop.com\\\/it\\\/product\\\/sp-enanthate\\\/#primaryimage\"},\"thumbnailUrl\":\"https:\\\/\\\/iberoid-shop.com\\\/wp-content\\\/uploads\\\/2020\\\/10\\\/ena.jpg?v=1678120089\",\"datePublished\":\"2020-10-09T10:37:55+00:00\",\"dateModified\":\"2023-10-13T23:49:06+00:00\",\"breadcrumb\":{\"@id\":\"https:\\\/\\\/iberoid-shop.com\\\/it\\\/product\\\/sp-enanthate\\\/#breadcrumb\"},\"inLanguage\":\"it-IT\",\"potentialAction\":[{\"@type\":\"ReadAction\",\"target\":[[\"https:\\\/\\\/iberoid-shop.com\\\/it\\\/product\\\/sp-enanthate\\\/\"]]}]},{\"@type\":\"ImageObject\",\"inLanguage\":\"it-IT\",\"@id\":\"https:\\\/\\\/iberoid-shop.com\\\/it\\\/product\\\/sp-enanthate\\\/#primaryimage\",\"url\":\"https:\\\/\\\/iberoid-shop.com\\\/wp-content\\\/uploads\\\/2020\\\/10\\\/ena.jpg?v=1678120089\",\"contentUrl\":\"https:\\\/\\\/iberoid-shop.com\\\/wp-content\\\/uploads\\\/2020\\\/10\\\/ena.jpg?v=1678120089\",\"width\":388,\"height\":388},{\"@type\":\"BreadcrumbList\",\"@id\":\"https:\\\/\\\/iberoid-shop.com\\\/it\\\/product\\\/sp-enanthate\\\/#breadcrumb\",\"itemListElement\":[{\"@type\":\"ListItem\",\"position\":1,\"name\":\"Portada\",\"item\":\"https:\\\/\\\/iberoid.com\\\/\"},{\"@type\":\"ListItem\",\"position\":2,\"name\":\"Negozio\",\"item\":\"https:\\\/\\\/iberoid-shop.com\\\/it\\\/shop\\\/\"},{\"@type\":\"ListItem\",\"position\":3,\"name\":\"SP ENANTHATE\"}]},{\"@type\":\"WebSite\",\"@id\":\"https:\\\/\\\/iberoid.com\\\/#website\",\"url\":\"https:\\\/\\\/iberoid.com\\\/\",\"name\":\"Steroidi in linea\",\"description\":\"Acquista steroidi online oggi in Spagna e Portogallo. Abbiamo il miglior servizio clienti del settore e prodotti di altissima qualit\u00e0\",\"potentialAction\":[{\"@type\":\"SearchAction\",\"target\":{\"@type\":\"EntryPoint\",\"urlTemplate\":\"https:\\\/\\\/iberoid.com\\\/?s={search_term_string}\"},\"query-input\":{\"@type\":\"PropertyValueSpecification\",\"valueRequired\":true,\"valueName\":\"search_term_string\"}}],\"inLanguage\":\"it-IT\"}]}<\/script>\n<meta property=\"product:brand\" content=\"SP Laboratories\" \/>\n<meta property=\"product:price:amount\" content=\"45.00\" \/>\n<meta property=\"product:price:currency\" content=\"EUR\" \/>\n<meta property=\"og:availability\" content=\"out of stock\" \/>\n<meta property=\"product:availability\" content=\"out of stock\" \/>\n<meta property=\"product:condition\" content=\"new\" \/>\n<!-- \/ Yoast SEO Premium plugin. -->","yoast_head_json":{"title":"SP ENANTHATE - Steroidi in linea","robots":{"index":"index","follow":"follow","max-snippet":"max-snippet:-1","max-image-preview":"max-image-preview:large","max-video-preview":"max-video-preview:-1"},"canonical":"https:\/\/iberoid-shop.com\/it\/product\/sp-enanthate\/","og_locale":"it_IT","og_type":"article","og_title":"SP ENANTHATE","og_description":"Nome prodotto: SP Enathate Produttore SP Laboratories India Presentazione: 10 ml 250 mg \/ ml Sostanze chimiche attive: testosterone enantato","og_url":"https:\/\/iberoid-shop.com\/it\/product\/sp-enanthate\/","og_site_name":"Steroidi in linea","article_modified_time":"2023-10-13T23:49:06+00:00","og_image":[{"width":388,"height":388,"url":"https:\/\/iberoid-shop.com\/wp-content\/uploads\/2020\/10\/ena.jpg?v=1678120089","type":"image\/jpeg"}],"twitter_card":"summary_large_image","twitter_misc":{"Prezzo":"&euro;45.00","Disponibilit\u00e0":"Esaurito"},"schema":{"@context":"https:\/\/schema.org","@graph":[{"@type":"WebPage","@id":"https:\/\/iberoid-shop.com\/it\/product\/sp-enanthate\/","url":"https:\/\/iberoid-shop.com\/it\/product\/sp-enanthate\/","name":"SP ENANTHATE - Steroidi in linea","isPartOf":{"@id":"https:\/\/iberoid.com\/#website"},"primaryImageOfPage":{"@id":"https:\/\/iberoid-shop.com\/it\/product\/sp-enanthate\/#primaryimage"},"image":{"@id":"https:\/\/iberoid-shop.com\/it\/product\/sp-enanthate\/#primaryimage"},"thumbnailUrl":"https:\/\/iberoid-shop.com\/wp-content\/uploads\/2020\/10\/ena.jpg?v=1678120089","datePublished":"2020-10-09T10:37:55+00:00","dateModified":"2023-10-13T23:49:06+00:00","breadcrumb":{"@id":"https:\/\/iberoid-shop.com\/it\/product\/sp-enanthate\/#breadcrumb"},"inLanguage":"it-IT","potentialAction":[{"@type":"ReadAction","target":[["https:\/\/iberoid-shop.com\/it\/product\/sp-enanthate\/"]]}]},{"@type":"ImageObject","inLanguage":"it-IT","@id":"https:\/\/iberoid-shop.com\/it\/product\/sp-enanthate\/#primaryimage","url":"https:\/\/iberoid-shop.com\/wp-content\/uploads\/2020\/10\/ena.jpg?v=1678120089","contentUrl":"https:\/\/iberoid-shop.com\/wp-content\/uploads\/2020\/10\/ena.jpg?v=1678120089","width":388,"height":388},{"@type":"BreadcrumbList","@id":"https:\/\/iberoid-shop.com\/it\/product\/sp-enanthate\/#breadcrumb","itemListElement":[{"@type":"ListItem","position":1,"name":"Portada","item":"https:\/\/iberoid.com\/"},{"@type":"ListItem","position":2,"name":"Negozio","item":"https:\/\/iberoid-shop.com\/it\/shop\/"},{"@type":"ListItem","position":3,"name":"SP ENANTHATE"}]},{"@type":"WebSite","@id":"https:\/\/iberoid.com\/#website","url":"https:\/\/iberoid.com\/","name":"Steroidi in linea","description":"Acquista steroidi online oggi in Spagna e Portogallo. Abbiamo il miglior servizio clienti del settore e prodotti di altissima qualit\u00e0","potentialAction":[{"@type":"SearchAction","target":{"@type":"EntryPoint","urlTemplate":"https:\/\/iberoid.com\/?s={search_term_string}"},"query-input":{"@type":"PropertyValueSpecification","valueRequired":true,"valueName":"search_term_string"}}],"inLanguage":"it-IT"}]},"product_brand":"SP Laboratories","product_price_amount":"45.00","product_price_currency":"EUR","og_availability":"out of stock","product_availability":"out of stock","product_condition":"new"},"_links":{"self":[{"href":"https:\/\/iberoid-shop.com\/it\/wp-json\/wp\/v2\/product\/5369","targetHints":{"allow":["GET"]}}],"collection":[{"href":"https:\/\/iberoid-shop.com\/it\/wp-json\/wp\/v2\/product"}],"about":[{"href":"https:\/\/iberoid-shop.com\/it\/wp-json\/wp\/v2\/types\/product"}],"replies":[{"embeddable":true,"href":"https:\/\/iberoid-shop.com\/it\/wp-json\/wp\/v2\/comments?post=5369"}],"wp:featuredmedia":[{"embeddable":true,"href":"https:\/\/iberoid-shop.com\/it\/wp-json\/wp\/v2\/media\/5370"}],"wp:attachment":[{"href":"https:\/\/iberoid-shop.com\/it\/wp-json\/wp\/v2\/media?parent=5369"}],"wp:term":[{"taxonomy":"product_brand","embeddable":true,"href":"https:\/\/iberoid-shop.com\/it\/wp-json\/wp\/v2\/product_brand?post=5369"},{"taxonomy":"product_cat","embeddable":true,"href":"https:\/\/iberoid-shop.com\/it\/wp-json\/wp\/v2\/product_cat?post=5369"},{"taxonomy":"product_tag","embeddable":true,"href":"https:\/\/iberoid-shop.com\/it\/wp-json\/wp\/v2\/product_tag?post=5369"}],"curies":[{"name":"wp","href":"https:\/\/api.w.org\/{rel}","templated":true}]}}