{"id":5309,"date":"2020-08-22T13:24:46","date_gmt":"2020-08-22T13:24:46","guid":{"rendered":"https:\/\/iberoid-shop.com\/?post_type=product&#038;p=5309"},"modified":"2021-10-09T10:57:21","modified_gmt":"2021-10-09T10:57:21","slug":"turhoged-turinabolchlorodehydromethyltestosterone-100-tablets","status":"publish","type":"product","link":"https:\/\/iberoid-shop.com\/it\/product\/turhoged-turinabolchlorodehydromethyltestosterone-100-tablets\/","title":{"rendered":"TURHOGED &#8211; TURINABOL"},"content":{"rendered":"<p>Come accennato in precedenza, TURHOGED \u00e8 in realt\u00e0 una forma modificata di Dianoged (Methandrostenolone), per cui \u00e8 in realt\u00e0 una combinazione delle strutture chimiche di Dianoged e Clostebol (4-clorotestosterone). Possiede la stessa struttura chimica generale di Dianoged insieme alla sostituzione 4-cloro che possiede Clostebol. Il risultato \u00e8 che Tbol diventa un ormone molto pi\u00f9 mite rispetto al suo ormone genitore Dianoged. Le alterazioni alla sua struttura chimica rimuovono la capacit\u00e0 di essere aromatizzato in estrogeni, oltre a mostrare una forza androgena molto pi\u00f9 debole. TURHOGED possiede quindi un punteggio anabolico di 54 e un punteggio androgeno molto basso di 6, rendendo la sua separazione tra effetti anabolizzanti e androgeni molto distinti e favorevoli. Sebbene lo stress anabolico sia considerevolmente inferiore alla valutazione Dianoged di 90-210, la netta distanza tra gli effetti anabolici e androgeni TURHOGED tende ad essere molto pi\u00f9 favorevole all&#8217;individuo.<\/p>\n<p>Le modifiche chimiche TURHOGED gli garantiscono anche un&#8217;emivita di 16 ore e la capacit\u00e0 di legarsi a SHBG (Sex Hormone Binding Globulin).<\/p>\n<p>TURHOGED \u00e8 C17-alfa alchilato in modo da consentire la biodisponibilit\u00e0 orale e, di conseguenza, mostrer\u00e0 una misura della tossicit\u00e0 epatica. Possiede anche un doppio legame tra il carbonio 1 e il carbonio 2 (noto anche come carbonio 1-ene), ed \u00e8 questo doppio legame che \u00e8 responsabile della riduzione della forza androgenica. Infine, come accennato in precedenza, \u00e8 stato aggiunto un gruppo cloro al 4 \u00b0 carbonio, responsabile di renderlo incapace di aromatizzare e di ridurre ulteriormente la forza androgenica.<\/p>\n<p>A causa della sua netta separazione tra i suoi effetti androgeni e anabolizzanti, \u00e8 uno steroide anabolizzante pi\u00f9 debole del suo ormone genitore Dianoged. Tuttavia, la certezza con Tbol \u00e8 che con qualsiasi apparente capacit\u00e0 di costruzione muscolare, presenter\u00e0 molto meno effetti androgeni e assolutamente nessun effetto estrogenico (a causa della sua incapacit\u00e0 di aromatizzare in estrogeni). A causa della sua forza abbastanza pi\u00f9 debole di Dianabol, le dosi necessarie per suscitare effetti da Tbol sono considerate piuttosto elevate (questo sar\u00e0 spiegato a breve nella sezione Dosi TURHOGED di questo profilo).<\/p>\n<p>In generale, atleti e bodybuilder possono aspettarsi guadagni di massa magra costanti e di qualit\u00e0 senza il rischio di gonfiore, ginecomastia o altri effetti estrogenici. I guadagni di massa e forza non sono noti per essere drammatici a causa della sua mancanza di forza anabolica, ma ci si pu\u00f2 aspettare guadagni magri costanti e di qualit\u00e0 che crescono costantemente nel tempo. \u00c8 anche usato come agente da taglio ideale durante i periodi di perdita di grasso o preparazione pre-gara a causa della sua incapacit\u00e0 di convertirsi in estrogeni. Le capacit\u00e0 di TURHOGED brillano davvero in aggiunta ad altri steroidi anabolizzanti quando viene eseguito (impilato) con altri steroidi anabolizzanti grazie alla sua capacit\u00e0 di legarsi a SHBG. Il legame con SHBG consente a pi\u00f9 degli altri steroidi anabolizzanti con cui \u00e8 impilato di essere disponibile a fare il proprio lavoro, essendo disinibito da SHBG, che \u00e8 un altro vantaggio che mostra.<\/p>","protected":false},"excerpt":{"rendered":"<p>Come accennato in precedenza, TURHOGED \u00e8 in realt\u00e0 una forma modificata di Dianoged (Methandrostenolone), per cui \u00e8 in realt\u00e0 una<\/p>\n","protected":false},"featured_media":5310,"comment_status":"open","ping_status":"closed","template":"","meta":[],"product_brand":[],"product_cat":[73],"product_tag":[],"class_list":{"0":"post-5309","1":"product","2":"type-product","3":"status-publish","4":"has-post-thumbnail","6":"product_cat-ssteroides_orales","8":"first","9":"outofstock","10":"shipping-taxable","11":"purchasable","12":"product-type-simple"},"yoast_head":"<!-- This site is optimized with the Yoast SEO Premium plugin v24.4 (Yoast SEO v27.0) - https:\/\/yoast.com\/product\/yoast-seo-premium-wordpress\/ -->\n<title>TURHOGED - TURINABOL - Steroidi in linea<\/title>\n<meta name=\"robots\" content=\"index, follow, max-snippet:-1, max-image-preview:large, max-video-preview:-1\" \/>\n<link rel=\"canonical\" href=\"https:\/\/iberoid-shop.com\/it\/product\/turhoged-turinabolchlorodehydromethyltestosterone-100-tablets\/\" \/>\n<meta property=\"og:locale\" content=\"it_IT\" \/>\n<meta property=\"og:type\" content=\"article\" \/>\n<meta property=\"og:title\" content=\"TURHOGED - TURINABOL\" \/>\n<meta property=\"og:description\" content=\"Come accennato in precedenza, TURHOGED \u00e8 in realt\u00e0 una forma modificata di Dianoged (Methandrostenolone), per cui \u00e8 in realt\u00e0 una\" \/>\n<meta property=\"og:url\" content=\"https:\/\/iberoid-shop.com\/it\/product\/turhoged-turinabolchlorodehydromethyltestosterone-100-tablets\/\" \/>\n<meta property=\"og:site_name\" content=\"Steroidi in linea\" \/>\n<meta property=\"article:modified_time\" content=\"2021-10-09T10:57:21+00:00\" \/>\n<meta property=\"og:image\" content=\"https:\/\/iberoid-shop.com\/wp-content\/uploads\/2020\/08\/TURHOGED.jpg?v=1678120095\" \/>\n\t<meta property=\"og:image:width\" content=\"500\" \/>\n\t<meta property=\"og:image:height\" content=\"500\" \/>\n\t<meta property=\"og:image:type\" content=\"image\/jpeg\" \/>\n<meta name=\"twitter:card\" content=\"summary_large_image\" \/>\n<meta name=\"twitter:label1\" content=\"Prezzo\" \/>\n\t<meta name=\"twitter:data1\" content=\"&euro;40.00\" \/>\n\t<meta name=\"twitter:label2\" content=\"Disponibilit\u00e0\" \/>\n\t<meta name=\"twitter:data2\" content=\"Esaurito\" \/>\n<script type=\"application\/ld+json\" class=\"yoast-schema-graph\">{\"@context\":\"https:\/\/schema.org\",\"@graph\":[{\"@type\":\"WebPage\",\"@id\":\"https:\/\/iberoid-shop.com\/it\/product\/turhoged-turinabolchlorodehydromethyltestosterone-100-tablets\/\",\"url\":\"https:\/\/iberoid-shop.com\/it\/product\/turhoged-turinabolchlorodehydromethyltestosterone-100-tablets\/\",\"name\":\"TURHOGED - TURINABOL - Steroidi in linea\",\"isPartOf\":{\"@id\":\"https:\/\/iberoid-shop.com\/it\/#website\"},\"primaryImageOfPage\":{\"@id\":\"https:\/\/iberoid-shop.com\/it\/product\/turhoged-turinabolchlorodehydromethyltestosterone-100-tablets\/#primaryimage\"},\"image\":{\"@id\":\"https:\/\/iberoid-shop.com\/it\/product\/turhoged-turinabolchlorodehydromethyltestosterone-100-tablets\/#primaryimage\"},\"thumbnailUrl\":\"https:\/\/iberoid-shop.com\/wp-content\/uploads\/2020\/08\/TURHOGED.jpg?v=1678120095\",\"datePublished\":\"2020-08-22T13:24:46+00:00\",\"dateModified\":\"2021-10-09T10:57:21+00:00\",\"breadcrumb\":{\"@id\":\"https:\/\/iberoid-shop.com\/it\/product\/turhoged-turinabolchlorodehydromethyltestosterone-100-tablets\/#breadcrumb\"},\"inLanguage\":\"it-IT\",\"potentialAction\":[{\"@type\":\"ReadAction\",\"target\":[[\"https:\/\/iberoid-shop.com\/it\/product\/turhoged-turinabolchlorodehydromethyltestosterone-100-tablets\/\"]]}]},{\"@type\":\"ImageObject\",\"inLanguage\":\"it-IT\",\"@id\":\"https:\/\/iberoid-shop.com\/it\/product\/turhoged-turinabolchlorodehydromethyltestosterone-100-tablets\/#primaryimage\",\"url\":\"https:\/\/iberoid-shop.com\/wp-content\/uploads\/2020\/08\/TURHOGED.jpg?v=1678120095\",\"contentUrl\":\"https:\/\/iberoid-shop.com\/wp-content\/uploads\/2020\/08\/TURHOGED.jpg?v=1678120095\",\"width\":500,\"height\":500},{\"@type\":\"BreadcrumbList\",\"@id\":\"https:\/\/iberoid-shop.com\/it\/product\/turhoged-turinabolchlorodehydromethyltestosterone-100-tablets\/#breadcrumb\",\"itemListElement\":[{\"@type\":\"ListItem\",\"position\":1,\"name\":\"Portada\",\"item\":\"https:\/\/iberoid-shop.com\/it\/\"},{\"@type\":\"ListItem\",\"position\":2,\"name\":\"Negozio\",\"item\":\"https:\/\/iberoid-shop.com\/it\/shop\/\"},{\"@type\":\"ListItem\",\"position\":3,\"name\":\"TURHOGED &#8211; TURINABOL\"}]},{\"@type\":\"WebSite\",\"@id\":\"https:\/\/iberoid-shop.com\/it\/#website\",\"url\":\"https:\/\/iberoid-shop.com\/it\/\",\"name\":\"Steroidi in linea\",\"description\":\"Acquista steroidi online oggi in Spagna e Portogallo. Abbiamo il miglior servizio clienti del settore e prodotti di altissima qualit\u00e0\",\"potentialAction\":[{\"@type\":\"SearchAction\",\"target\":{\"@type\":\"EntryPoint\",\"urlTemplate\":\"https:\/\/iberoid-shop.com\/it\/?s={search_term_string}\"},\"query-input\":{\"@type\":\"PropertyValueSpecification\",\"valueRequired\":true,\"valueName\":\"search_term_string\"}}],\"inLanguage\":\"it-IT\"}]}<\/script>\n<meta property=\"product:brand\" content=\"Golden Dragon\" \/>\n<meta property=\"product:price:amount\" content=\"40.00\" \/>\n<meta property=\"product:price:currency\" content=\"EUR\" \/>\n<meta property=\"og:availability\" content=\"out of stock\" \/>\n<meta property=\"product:availability\" content=\"out of stock\" \/>\n<meta property=\"product:condition\" content=\"new\" \/>\n<!-- \/ Yoast SEO Premium plugin. -->","yoast_head_json":{"title":"TURHOGED - TURINABOL - Steroidi in linea","robots":{"index":"index","follow":"follow","max-snippet":"max-snippet:-1","max-image-preview":"max-image-preview:large","max-video-preview":"max-video-preview:-1"},"canonical":"https:\/\/iberoid-shop.com\/it\/product\/turhoged-turinabolchlorodehydromethyltestosterone-100-tablets\/","og_locale":"it_IT","og_type":"article","og_title":"TURHOGED - TURINABOL","og_description":"Come accennato in precedenza, TURHOGED \u00e8 in realt\u00e0 una forma modificata di Dianoged (Methandrostenolone), per cui \u00e8 in realt\u00e0 una","og_url":"https:\/\/iberoid-shop.com\/it\/product\/turhoged-turinabolchlorodehydromethyltestosterone-100-tablets\/","og_site_name":"Steroidi in linea","article_modified_time":"2021-10-09T10:57:21+00:00","og_image":[{"width":500,"height":500,"url":"https:\/\/iberoid-shop.com\/wp-content\/uploads\/2020\/08\/TURHOGED.jpg?v=1678120095","type":"image\/jpeg"}],"twitter_card":"summary_large_image","twitter_misc":{"Prezzo":"&euro;40.00","Disponibilit\u00e0":"Esaurito"},"schema":{"@context":"https:\/\/schema.org","@graph":[{"@type":"WebPage","@id":"https:\/\/iberoid-shop.com\/it\/product\/turhoged-turinabolchlorodehydromethyltestosterone-100-tablets\/","url":"https:\/\/iberoid-shop.com\/it\/product\/turhoged-turinabolchlorodehydromethyltestosterone-100-tablets\/","name":"TURHOGED - TURINABOL - Steroidi in linea","isPartOf":{"@id":"https:\/\/iberoid-shop.com\/it\/#website"},"primaryImageOfPage":{"@id":"https:\/\/iberoid-shop.com\/it\/product\/turhoged-turinabolchlorodehydromethyltestosterone-100-tablets\/#primaryimage"},"image":{"@id":"https:\/\/iberoid-shop.com\/it\/product\/turhoged-turinabolchlorodehydromethyltestosterone-100-tablets\/#primaryimage"},"thumbnailUrl":"https:\/\/iberoid-shop.com\/wp-content\/uploads\/2020\/08\/TURHOGED.jpg?v=1678120095","datePublished":"2020-08-22T13:24:46+00:00","dateModified":"2021-10-09T10:57:21+00:00","breadcrumb":{"@id":"https:\/\/iberoid-shop.com\/it\/product\/turhoged-turinabolchlorodehydromethyltestosterone-100-tablets\/#breadcrumb"},"inLanguage":"it-IT","potentialAction":[{"@type":"ReadAction","target":[["https:\/\/iberoid-shop.com\/it\/product\/turhoged-turinabolchlorodehydromethyltestosterone-100-tablets\/"]]}]},{"@type":"ImageObject","inLanguage":"it-IT","@id":"https:\/\/iberoid-shop.com\/it\/product\/turhoged-turinabolchlorodehydromethyltestosterone-100-tablets\/#primaryimage","url":"https:\/\/iberoid-shop.com\/wp-content\/uploads\/2020\/08\/TURHOGED.jpg?v=1678120095","contentUrl":"https:\/\/iberoid-shop.com\/wp-content\/uploads\/2020\/08\/TURHOGED.jpg?v=1678120095","width":500,"height":500},{"@type":"BreadcrumbList","@id":"https:\/\/iberoid-shop.com\/it\/product\/turhoged-turinabolchlorodehydromethyltestosterone-100-tablets\/#breadcrumb","itemListElement":[{"@type":"ListItem","position":1,"name":"Portada","item":"https:\/\/iberoid-shop.com\/it\/"},{"@type":"ListItem","position":2,"name":"Negozio","item":"https:\/\/iberoid-shop.com\/it\/shop\/"},{"@type":"ListItem","position":3,"name":"TURHOGED &#8211; TURINABOL"}]},{"@type":"WebSite","@id":"https:\/\/iberoid-shop.com\/it\/#website","url":"https:\/\/iberoid-shop.com\/it\/","name":"Steroidi in linea","description":"Acquista steroidi online oggi in Spagna e Portogallo. Abbiamo il miglior servizio clienti del settore e prodotti di altissima qualit\u00e0","potentialAction":[{"@type":"SearchAction","target":{"@type":"EntryPoint","urlTemplate":"https:\/\/iberoid-shop.com\/it\/?s={search_term_string}"},"query-input":{"@type":"PropertyValueSpecification","valueRequired":true,"valueName":"search_term_string"}}],"inLanguage":"it-IT"}]},"product_brand":"Golden Dragon","product_price_amount":"40.00","product_price_currency":"EUR","og_availability":"out of stock","product_availability":"out of stock","product_condition":"new"},"_links":{"self":[{"href":"https:\/\/iberoid-shop.com\/it\/wp-json\/wp\/v2\/product\/5309","targetHints":{"allow":["GET"]}}],"collection":[{"href":"https:\/\/iberoid-shop.com\/it\/wp-json\/wp\/v2\/product"}],"about":[{"href":"https:\/\/iberoid-shop.com\/it\/wp-json\/wp\/v2\/types\/product"}],"replies":[{"embeddable":true,"href":"https:\/\/iberoid-shop.com\/it\/wp-json\/wp\/v2\/comments?post=5309"}],"wp:featuredmedia":[{"embeddable":true,"href":"https:\/\/iberoid-shop.com\/it\/wp-json\/wp\/v2\/media\/5310"}],"wp:attachment":[{"href":"https:\/\/iberoid-shop.com\/it\/wp-json\/wp\/v2\/media?parent=5309"}],"wp:term":[{"taxonomy":"product_brand","embeddable":true,"href":"https:\/\/iberoid-shop.com\/it\/wp-json\/wp\/v2\/product_brand?post=5309"},{"taxonomy":"product_cat","embeddable":true,"href":"https:\/\/iberoid-shop.com\/it\/wp-json\/wp\/v2\/product_cat?post=5309"},{"taxonomy":"product_tag","embeddable":true,"href":"https:\/\/iberoid-shop.com\/it\/wp-json\/wp\/v2\/product_tag?post=5309"}],"curies":[{"name":"wp","href":"https:\/\/api.w.org\/{rel}","templated":true}]}}