{"id":5273,"date":"2020-07-31T11:32:18","date_gmt":"2020-07-31T11:32:18","guid":{"rendered":"https:\/\/iberoid-shop.com\/?post_type=product&#038;p=5273"},"modified":"2026-04-08T09:04:58","modified_gmt":"2026-04-08T09:04:58","slug":"t3-uni-pharma-25mcg-tab","status":"publish","type":"product","link":"https:\/\/iberoid-shop.com\/it\/product\/t3-uni-pharma-25mcg-tab\/","title":{"rendered":"T3 Uni Pharma"},"content":{"rendered":"<p>Fonte: Uni-Pharma Greece<\/p>\n<p>Confezione: 30 compresse, ogni scheda 25mcg<\/p>\n<p>Sostanza: Liothyronine Sodium<\/p>\n<p>\u00c8 disponibile in una variet\u00e0 di dosi anche se vanno da 5 a 100 mcg. per compressa. Cytomel \u00e8 un ormone tiroideo sintetico (tipo T-3). Ci sono due tipi principali di ormoni tiroidei sintetici che sono disponibili essendo questo e Synthroid (T-4). Questo prodotto \u00e8 considerato il pi\u00f9 forte dei due prodotti (\u00e8 4-5 volte pi\u00f9 forte di Synthroid). Questo prodotto agisce aumentando la sintesi di proteine, carboidrati, grassi e RNA nel corpo aumentando cos\u00ec il tuo BMR (Basal Metabolic Rate). I bodybuilder adorano questo prodotto per molte ragioni. Questo prodotto \u00e8 un eccellente bruciagrassi poich\u00e9 il tuo metabolismo aumenta notevolmente mentre lo usi. Puoi permetterti di essere un po &#8216;pi\u00f9 sciatto nella dieta pre-gara poich\u00e9 brucer\u00e0 ancora i grassi quando assumi molte calorie poich\u00e9 il tuo metabolismo sta andando in tilt. Se assunto con clenbuterolo, questa \u00e8 la migliore combinazione bruciagrassi disponibile oggi (con la possibile eccezione di DNP). Aiuta anche a rendere gli steroidi pi\u00f9 efficaci poich\u00e9 \u00e8 un ottimo aiuto per la sintesi proteica. La maggior parte delle persone deve stare attenta a iniziare con un dosaggio basso, circa 25 mcg. al giorno e aumentare di circa una scheda o 25 mcg. al giorno ogni 5-6 giorni. Assicurati di non superare i 100 mcg. al giorno al massimo. Nei giorni in cui prendi pi\u00f9 compresse, dividi le compresse in modo uniforme nell&#8217;arco della giornata (ad esempio, 100 mcg. Sarebbero 4 dosi da 25 mcg. Ciascuna distribuite uniformemente nel corso della giornata). bene anche per mantenere la tiroide funzionante correttamente. Non impiegare pi\u00f9 di 5 settimane alla volta. Dopo aver eseguito un ciclo di questo farmaco, assicurati di passare almeno 8 settimane prima di farlo di nuovo per consentire il normale funzionamento della tiroide.<\/p>","protected":false},"excerpt":{"rendered":"<p>Fonte: Uni-Pharma Greece Confezione: 30 compresse, ogni scheda 25mcg Sostanza: Liothyronine Sodium \u00c8 disponibile in una variet\u00e0 di dosi anche<\/p>\n","protected":false},"featured_media":5274,"comment_status":"open","ping_status":"closed","template":"","meta":[],"product_brand":[],"product_cat":[73],"product_tag":[],"class_list":{"0":"post-5273","1":"product","2":"type-product","3":"status-publish","4":"has-post-thumbnail","6":"product_cat-ssteroides_orales","8":"first","9":"instock","10":"sale","11":"shipping-taxable","12":"purchasable","13":"product-type-simple"},"yoast_head":"<!-- This site is optimized with the Yoast SEO Premium plugin v24.4 (Yoast SEO v27.3) - https:\/\/yoast.com\/product\/yoast-seo-premium-wordpress\/ -->\n<title>T3 Uni Pharma - Steroidi in linea<\/title>\n<meta name=\"description\" content=\"Cytomel (Liothyronine Sodica) 25mcg compresse (30). Potente ormone tiroideo sintetico T-3 che accelera il metabolismo e brucia i grassi. Iniziare con un basso dosaggio (25mcg), massimo 100mcg al giorno. Utilizzare a cicli.\" \/>\n<meta name=\"robots\" content=\"index, follow, max-snippet:-1, max-image-preview:large, max-video-preview:-1\" \/>\n<link rel=\"canonical\" href=\"https:\/\/iberoid-shop.com\/it\/product\/t3-uni-pharma-25mcg-tab\/\" \/>\n<meta property=\"og:locale\" content=\"it_IT\" \/>\n<meta property=\"og:type\" content=\"article\" \/>\n<meta property=\"og:title\" content=\"T3 Uni Pharma\" \/>\n<meta property=\"og:description\" content=\"Cytomel (Liothyronine Sodica) 25mcg compresse (30). Potente ormone tiroideo sintetico T-3 che accelera il metabolismo e brucia i grassi. Iniziare con un basso dosaggio (25mcg), massimo 100mcg al giorno. Utilizzare a cicli.\" \/>\n<meta property=\"og:url\" content=\"https:\/\/iberoid-shop.com\/it\/product\/t3-uni-pharma-25mcg-tab\/\" \/>\n<meta property=\"og:site_name\" content=\"Steroidi in linea\" \/>\n<meta property=\"article:modified_time\" content=\"2026-04-08T09:04:58+00:00\" \/>\n<meta property=\"og:image\" content=\"https:\/\/iberoid-shop.com\/wp-content\/uploads\/2020\/07\/t3.jpg?v=1719129887\" \/>\n\t<meta property=\"og:image:width\" content=\"428\" \/>\n\t<meta property=\"og:image:height\" content=\"429\" \/>\n\t<meta property=\"og:image:type\" content=\"image\/jpeg\" \/>\n<meta name=\"twitter:card\" content=\"summary_large_image\" \/>\n<meta name=\"twitter:label1\" content=\"Prezzo\" \/>\n\t<meta name=\"twitter:data1\" content=\"&euro;10.00\" \/>\n\t<meta name=\"twitter:label2\" content=\"Disponibilit\u00e0\" \/>\n\t<meta name=\"twitter:data2\" content=\"In stock\" \/>\n<script type=\"application\/ld+json\" class=\"yoast-schema-graph\">{\"@context\":\"https:\\\/\\\/schema.org\",\"@graph\":[{\"@type\":\"WebPage\",\"@id\":\"https:\\\/\\\/iberoid-shop.com\\\/it\\\/product\\\/t3-uni-pharma-25mcg-tab\\\/\",\"url\":\"https:\\\/\\\/iberoid-shop.com\\\/it\\\/product\\\/t3-uni-pharma-25mcg-tab\\\/\",\"name\":\"T3 Uni Pharma - Steroidi in linea\",\"isPartOf\":{\"@id\":\"https:\\\/\\\/iberoid-shop.com\\\/it\\\/#website\"},\"primaryImageOfPage\":{\"@id\":\"https:\\\/\\\/iberoid-shop.com\\\/it\\\/product\\\/t3-uni-pharma-25mcg-tab\\\/#primaryimage\"},\"image\":{\"@id\":\"https:\\\/\\\/iberoid-shop.com\\\/it\\\/product\\\/t3-uni-pharma-25mcg-tab\\\/#primaryimage\"},\"thumbnailUrl\":\"https:\\\/\\\/iberoid-shop.com\\\/wp-content\\\/uploads\\\/2020\\\/07\\\/t3.jpg?v=1719129887\",\"datePublished\":\"2020-07-31T11:32:18+00:00\",\"dateModified\":\"2026-04-08T09:04:58+00:00\",\"description\":\"Cytomel (Liothyronine Sodica) 25mcg compresse (30). Potente ormone tiroideo sintetico T-3 che accelera il metabolismo e brucia i grassi. Iniziare con un basso dosaggio (25mcg), massimo 100mcg al giorno. Utilizzare a cicli.\",\"breadcrumb\":{\"@id\":\"https:\\\/\\\/iberoid-shop.com\\\/it\\\/product\\\/t3-uni-pharma-25mcg-tab\\\/#breadcrumb\"},\"inLanguage\":\"it-IT\",\"potentialAction\":[{\"@type\":\"ReadAction\",\"target\":[[\"https:\\\/\\\/iberoid-shop.com\\\/it\\\/product\\\/t3-uni-pharma-25mcg-tab\\\/\"]]}]},{\"@type\":\"ImageObject\",\"inLanguage\":\"it-IT\",\"@id\":\"https:\\\/\\\/iberoid-shop.com\\\/it\\\/product\\\/t3-uni-pharma-25mcg-tab\\\/#primaryimage\",\"url\":\"https:\\\/\\\/iberoid-shop.com\\\/wp-content\\\/uploads\\\/2020\\\/07\\\/t3.jpg?v=1719129887\",\"contentUrl\":\"https:\\\/\\\/iberoid-shop.com\\\/wp-content\\\/uploads\\\/2020\\\/07\\\/t3.jpg?v=1719129887\",\"width\":428,\"height\":429},{\"@type\":\"BreadcrumbList\",\"@id\":\"https:\\\/\\\/iberoid-shop.com\\\/it\\\/product\\\/t3-uni-pharma-25mcg-tab\\\/#breadcrumb\",\"itemListElement\":[{\"@type\":\"ListItem\",\"position\":1,\"name\":\"Portada\",\"item\":\"https:\\\/\\\/iberoid-shop.com\\\/it\\\/\"},{\"@type\":\"ListItem\",\"position\":2,\"name\":\"Negozio\",\"item\":\"https:\\\/\\\/iberoid-shop.com\\\/it\\\/shop\\\/\"},{\"@type\":\"ListItem\",\"position\":3,\"name\":\"T3 Uni Pharma\"}]},{\"@type\":\"WebSite\",\"@id\":\"https:\\\/\\\/iberoid-shop.com\\\/it\\\/#website\",\"url\":\"https:\\\/\\\/iberoid-shop.com\\\/it\\\/\",\"name\":\"Steroidi in linea\",\"description\":\"Acquista steroidi online oggi in Spagna e Portogallo. Abbiamo il miglior servizio clienti del settore e prodotti di altissima qualit\u00e0\",\"potentialAction\":[{\"@type\":\"SearchAction\",\"target\":{\"@type\":\"EntryPoint\",\"urlTemplate\":\"https:\\\/\\\/iberoid-shop.com\\\/it\\\/?s={search_term_string}\"},\"query-input\":{\"@type\":\"PropertyValueSpecification\",\"valueRequired\":true,\"valueName\":\"search_term_string\"}}],\"inLanguage\":\"it-IT\"}]}<\/script>\n<meta property=\"product:brand\" content=\"Uni-Pharma\" \/>\n<meta property=\"product:price:amount\" content=\"10.00\" \/>\n<meta property=\"product:price:currency\" content=\"EUR\" \/>\n<meta property=\"og:availability\" content=\"instock\" \/>\n<meta property=\"product:availability\" content=\"instock\" \/>\n<meta property=\"product:condition\" content=\"new\" \/>\n<!-- \/ Yoast SEO Premium plugin. -->","yoast_head_json":{"title":"T3 Uni Pharma - Steroidi in linea","description":"Cytomel (Liothyronine Sodica) 25mcg compresse (30). Potente ormone tiroideo sintetico T-3 che accelera il metabolismo e brucia i grassi. Iniziare con un basso dosaggio (25mcg), massimo 100mcg al giorno. Utilizzare a cicli.","robots":{"index":"index","follow":"follow","max-snippet":"max-snippet:-1","max-image-preview":"max-image-preview:large","max-video-preview":"max-video-preview:-1"},"canonical":"https:\/\/iberoid-shop.com\/it\/product\/t3-uni-pharma-25mcg-tab\/","og_locale":"it_IT","og_type":"article","og_title":"T3 Uni Pharma","og_description":"Cytomel (Liothyronine Sodica) 25mcg compresse (30). Potente ormone tiroideo sintetico T-3 che accelera il metabolismo e brucia i grassi. Iniziare con un basso dosaggio (25mcg), massimo 100mcg al giorno. Utilizzare a cicli.","og_url":"https:\/\/iberoid-shop.com\/it\/product\/t3-uni-pharma-25mcg-tab\/","og_site_name":"Steroidi in linea","article_modified_time":"2026-04-08T09:04:58+00:00","og_image":[{"width":428,"height":429,"url":"https:\/\/iberoid-shop.com\/wp-content\/uploads\/2020\/07\/t3.jpg?v=1719129887","type":"image\/jpeg"}],"twitter_card":"summary_large_image","twitter_misc":{"Prezzo":"&euro;10.00","Disponibilit\u00e0":"In stock"},"schema":{"@context":"https:\/\/schema.org","@graph":[{"@type":"WebPage","@id":"https:\/\/iberoid-shop.com\/it\/product\/t3-uni-pharma-25mcg-tab\/","url":"https:\/\/iberoid-shop.com\/it\/product\/t3-uni-pharma-25mcg-tab\/","name":"T3 Uni Pharma - Steroidi in linea","isPartOf":{"@id":"https:\/\/iberoid-shop.com\/it\/#website"},"primaryImageOfPage":{"@id":"https:\/\/iberoid-shop.com\/it\/product\/t3-uni-pharma-25mcg-tab\/#primaryimage"},"image":{"@id":"https:\/\/iberoid-shop.com\/it\/product\/t3-uni-pharma-25mcg-tab\/#primaryimage"},"thumbnailUrl":"https:\/\/iberoid-shop.com\/wp-content\/uploads\/2020\/07\/t3.jpg?v=1719129887","datePublished":"2020-07-31T11:32:18+00:00","dateModified":"2026-04-08T09:04:58+00:00","description":"Cytomel (Liothyronine Sodica) 25mcg compresse (30). Potente ormone tiroideo sintetico T-3 che accelera il metabolismo e brucia i grassi. Iniziare con un basso dosaggio (25mcg), massimo 100mcg al giorno. Utilizzare a cicli.","breadcrumb":{"@id":"https:\/\/iberoid-shop.com\/it\/product\/t3-uni-pharma-25mcg-tab\/#breadcrumb"},"inLanguage":"it-IT","potentialAction":[{"@type":"ReadAction","target":[["https:\/\/iberoid-shop.com\/it\/product\/t3-uni-pharma-25mcg-tab\/"]]}]},{"@type":"ImageObject","inLanguage":"it-IT","@id":"https:\/\/iberoid-shop.com\/it\/product\/t3-uni-pharma-25mcg-tab\/#primaryimage","url":"https:\/\/iberoid-shop.com\/wp-content\/uploads\/2020\/07\/t3.jpg?v=1719129887","contentUrl":"https:\/\/iberoid-shop.com\/wp-content\/uploads\/2020\/07\/t3.jpg?v=1719129887","width":428,"height":429},{"@type":"BreadcrumbList","@id":"https:\/\/iberoid-shop.com\/it\/product\/t3-uni-pharma-25mcg-tab\/#breadcrumb","itemListElement":[{"@type":"ListItem","position":1,"name":"Portada","item":"https:\/\/iberoid-shop.com\/it\/"},{"@type":"ListItem","position":2,"name":"Negozio","item":"https:\/\/iberoid-shop.com\/it\/shop\/"},{"@type":"ListItem","position":3,"name":"T3 Uni Pharma"}]},{"@type":"WebSite","@id":"https:\/\/iberoid-shop.com\/it\/#website","url":"https:\/\/iberoid-shop.com\/it\/","name":"Steroidi in linea","description":"Acquista steroidi online oggi in Spagna e Portogallo. Abbiamo il miglior servizio clienti del settore e prodotti di altissima qualit\u00e0","potentialAction":[{"@type":"SearchAction","target":{"@type":"EntryPoint","urlTemplate":"https:\/\/iberoid-shop.com\/it\/?s={search_term_string}"},"query-input":{"@type":"PropertyValueSpecification","valueRequired":true,"valueName":"search_term_string"}}],"inLanguage":"it-IT"}]},"product_brand":"Uni-Pharma","product_price_amount":"10.00","product_price_currency":"EUR","og_availability":"instock","product_availability":"instock","product_condition":"new"},"_links":{"self":[{"href":"https:\/\/iberoid-shop.com\/it\/wp-json\/wp\/v2\/product\/5273","targetHints":{"allow":["GET"]}}],"collection":[{"href":"https:\/\/iberoid-shop.com\/it\/wp-json\/wp\/v2\/product"}],"about":[{"href":"https:\/\/iberoid-shop.com\/it\/wp-json\/wp\/v2\/types\/product"}],"replies":[{"embeddable":true,"href":"https:\/\/iberoid-shop.com\/it\/wp-json\/wp\/v2\/comments?post=5273"}],"wp:featuredmedia":[{"embeddable":true,"href":"https:\/\/iberoid-shop.com\/it\/wp-json\/wp\/v2\/media\/5274"}],"wp:attachment":[{"href":"https:\/\/iberoid-shop.com\/it\/wp-json\/wp\/v2\/media?parent=5273"}],"wp:term":[{"taxonomy":"product_brand","embeddable":true,"href":"https:\/\/iberoid-shop.com\/it\/wp-json\/wp\/v2\/product_brand?post=5273"},{"taxonomy":"product_cat","embeddable":true,"href":"https:\/\/iberoid-shop.com\/it\/wp-json\/wp\/v2\/product_cat?post=5273"},{"taxonomy":"product_tag","embeddable":true,"href":"https:\/\/iberoid-shop.com\/it\/wp-json\/wp\/v2\/product_tag?post=5273"}],"curies":[{"name":"wp","href":"https:\/\/api.w.org\/{rel}","templated":true}]}}