{"id":5228,"date":"2020-07-05T12:25:13","date_gmt":"2020-07-05T12:25:13","guid":{"rendered":"https:\/\/iberoid-shop.com\/?post_type=product&#038;p=5228"},"modified":"2026-02-08T12:22:50","modified_gmt":"2026-02-08T12:22:50","slug":"trembolona-acetato-100-mg-ml","status":"publish","type":"product","link":"https:\/\/iberoid-shop.com\/it\/product\/trembolona-acetato-100-mg-ml\/","title":{"rendered":"Trenbolone Acetate"},"content":{"rendered":"<p>Trenbolone Acetate \u00e8 uno steroide anabolizzante. \u00c8 considerato uno dei pi\u00f9 potenti farmaci per migliorare le prestazioni mai realizzati. Rispetto ad altri farmaci con la stessa funzione, inizia a mostrare i suoi effetti piuttosto rapidamente. In passato il farmaco veniva utilizzato per aumentare la massa muscolare e la forza nel patrimonio animale. Ma grazie alle sue incredibili propriet\u00e0, \u00e8 stato presto adottato come farmaco per il miglioramento delle prestazioni per gli atleti. L&#8217;acetato di trenbolone viene privilegiato rispetto ad altri farmaci con la stessa funzione. Questo anche perch\u00e9 mantiene il livello del sangue piuttosto stabile. Eppure offre le massime prestazioni.<\/p>\n<p><strong>Effetti:<\/strong><\/p>\n<p>Trenbolone Acetate \u00e8 estremamente utile durante il periodo di taglio. Preserva il tessuto magro. Ci\u00f2 \u00e8 particolarmente utile durante la dieta. Nella dieta, il tuo obiettivo principale \u00e8 perdere grasso e non muscoli. Quindi, questo prodotto salva la massa muscolare, di cui hai bisogno direttamente per la forza. Questo farmaco lascia anche il posto a un aumento del metabolismo, che \u00e8 di nuovo utile nel bruciare i grassi. Quindi, questo farmaco agisce anche come medicina dietetica supplementare.<\/p>\n<p>Questo prodotto produce cambiamenti definiti nella durezza e nella vascolarizzazione del corpo. A differenza di molti altri steroidi, questo farmaco non ha propriet\u00e0 di ritenzione idrica. Ci\u00f2 suggerisce che tutto il peso che guadagni grazie a questo prodotto sar\u00e0 la massa muscolare. Questo porta ad un ulteriore aumento della forza. Promuove anche un recupero pi\u00f9 rapido del muscolo lacerato, che \u00e8 il vero vantaggio. In alcuni individui, potrebbe influire sulla salute cardiovascolare, ma in tutto, aumenta la forza muscolare e la resistenza.<\/p>\n<p><strong>Benefici:<\/strong><br \/>\nAumenta la sintesi e la forza delle proteine: il principale vantaggio di questo prodotto \u00e8 che promuove la sintesi proteica. Le proteine \u200b\u200bcostruiscono il muscolo. Questo promuove la forza. Le proteine \u200b\u200bsono i mattoni dei muscoli. Ed \u00e8 molto necessario per la forza muscolare. Questo farmaco ha anche propriet\u00e0 di ritenzione di azoto. Sebbene ci sia solo il 16% di azoto nel tessuto muscolare, questa piccola quantit\u00e0 \u00e8 significativa per le funzioni di costruzione muscolare. Questo crea un&#8217;atmosfera anabolica.<br \/>\nAumenta la produzione di ormoni e globuli rossi: stimola la produzione di alcuni ormoni a base di proteine \u200b\u200bche sono necessari per la riparazione, il recupero e il nutrimento dei tessuti. Questo prodotto aumenta il numero di globuli rossi nel sangue. I globuli rossi sono cellule che trasportano ossigeno. L&#8217;aumento dei globuli rossi significa una maggiore ossigenazione, il che porta a una migliore resistenza. Questo medicinale sopprime anche il rilascio di alcuni ormoni dello stress come il cortisolo. Gli ormoni dello stress riducono le funzioni brucia grassi. Riducendo questi ormoni dello stress, questo farmaco promuove l&#8217;attivit\u00e0 brucia grassi e protegge la massa muscolare.<br \/>\nMigliora il metabolismo: l&#8217;acetato di trenbolone aumenta anche il metabolismo, quindi, giocando un ruolo vitale nella combustione dei grassi e nella dieta. Ha anche propriet\u00e0 di aumentare il valore dei nutrienti.<\/p>\n<p><strong>Dosaggio:<\/strong><\/p>\n<p>Il dosaggio varier\u00e0 a seconda della tolleranza e dei requisiti della persona. Questo farmaco \u00e8 di solito prescritto a dosi moderate e basse poich\u00e9 \u00e8 un farmaco molto potente. Fino a 50 mg a giorni alterni \u00e8 molto comune. Per gli utenti regolari, saranno sufficienti 75-100 mg a giorni alterni.<\/p>\n<p>In alcuni casi, ove necessario, le dosi possono variare tra 500-700 mg a settimana. Oppure possono anche essere 200 mg a giorni alterni in rari casi. L&#8217;intervallo di tempo comune \u00e8 di 6-8 settimane, ma pu\u00f2 arrivare fino a 10-12 settimane.<\/p>","protected":false},"excerpt":{"rendered":"<p>Trenbolone Acetate \u00e8 uno steroide anabolizzante. \u00c8 considerato uno dei pi\u00f9 potenti farmaci per migliorare le prestazioni mai realizzati. Rispetto<\/p>\n","protected":false},"featured_media":5229,"comment_status":"open","ping_status":"closed","template":"","meta":[],"product_brand":[],"product_cat":[69],"product_tag":[3449],"class_list":{"0":"post-5228","1":"product","2":"type-product","3":"status-publish","4":"has-post-thumbnail","6":"product_cat-esteroides_inyectables","7":"product_tag-pharmabol","9":"first","10":"instock","11":"shipping-taxable","12":"purchasable","13":"product-type-simple"},"yoast_head":"<!-- This site is optimized with the Yoast SEO Premium plugin v24.4 (Yoast SEO v27.3) - https:\/\/yoast.com\/product\/yoast-seo-premium-wordpress\/ -->\n<title>Trenbolone Acetate - Steroidi in linea<\/title>\n<meta name=\"description\" content=\"Acetato di Trenbolone \u00e8 uno steroide ad azione rapida che aumenta massa muscolare, perdita di grasso, forza, recupero e resistenza senza ritenzione idrica.\" \/>\n<meta name=\"robots\" content=\"index, follow, max-snippet:-1, max-image-preview:large, max-video-preview:-1\" \/>\n<link rel=\"canonical\" href=\"https:\/\/iberoid-shop.com\/it\/product\/trembolona-acetato-100-mg-ml\/\" \/>\n<meta property=\"og:locale\" content=\"it_IT\" \/>\n<meta property=\"og:type\" content=\"article\" \/>\n<meta property=\"og:title\" content=\"Trenbolone Acetate\" \/>\n<meta property=\"og:description\" content=\"Acetato di Trenbolone \u00e8 uno steroide ad azione rapida che aumenta massa muscolare, perdita di grasso, forza, recupero e resistenza senza ritenzione idrica.\" \/>\n<meta property=\"og:url\" content=\"https:\/\/iberoid-shop.com\/it\/product\/trembolona-acetato-100-mg-ml\/\" \/>\n<meta property=\"og:site_name\" content=\"Steroidi in linea\" \/>\n<meta property=\"article:modified_time\" content=\"2026-02-08T12:22:50+00:00\" \/>\n<meta property=\"og:image\" content=\"https:\/\/iberoid-shop.com\/wp-content\/uploads\/2020\/07\/TRENBOLONE-A-copia-2-scaled.jpg?v=1678120104\" \/>\n\t<meta property=\"og:image:width\" content=\"1936\" \/>\n\t<meta property=\"og:image:height\" content=\"2560\" \/>\n\t<meta property=\"og:image:type\" content=\"image\/jpeg\" \/>\n<meta name=\"twitter:card\" content=\"summary_large_image\" \/>\n<meta name=\"twitter:label1\" content=\"Prezzo\" \/>\n\t<meta name=\"twitter:data1\" content=\"&euro;40.00\" \/>\n\t<meta name=\"twitter:label2\" content=\"Disponibilit\u00e0\" \/>\n\t<meta name=\"twitter:data2\" content=\"In stock\" \/>\n<script type=\"application\/ld+json\" class=\"yoast-schema-graph\">{\"@context\":\"https:\\\/\\\/schema.org\",\"@graph\":[{\"@type\":\"WebPage\",\"@id\":\"https:\\\/\\\/iberoid-shop.com\\\/it\\\/product\\\/trembolona-acetato-100-mg-ml\\\/\",\"url\":\"https:\\\/\\\/iberoid-shop.com\\\/it\\\/product\\\/trembolona-acetato-100-mg-ml\\\/\",\"name\":\"Trenbolone Acetate - Steroidi in linea\",\"isPartOf\":{\"@id\":\"https:\\\/\\\/iberoid-shop.com\\\/it\\\/#website\"},\"primaryImageOfPage\":{\"@id\":\"https:\\\/\\\/iberoid-shop.com\\\/it\\\/product\\\/trembolona-acetato-100-mg-ml\\\/#primaryimage\"},\"image\":{\"@id\":\"https:\\\/\\\/iberoid-shop.com\\\/it\\\/product\\\/trembolona-acetato-100-mg-ml\\\/#primaryimage\"},\"thumbnailUrl\":\"https:\\\/\\\/iberoid-shop.com\\\/wp-content\\\/uploads\\\/2020\\\/07\\\/TRENBOLONE-A-copia-2-scaled.jpg?v=1678120104\",\"datePublished\":\"2020-07-05T12:25:13+00:00\",\"dateModified\":\"2026-02-08T12:22:50+00:00\",\"description\":\"Acetato di Trenbolone \u00e8 uno steroide ad azione rapida che aumenta massa muscolare, perdita di grasso, forza, recupero e resistenza senza ritenzione idrica.\",\"breadcrumb\":{\"@id\":\"https:\\\/\\\/iberoid-shop.com\\\/it\\\/product\\\/trembolona-acetato-100-mg-ml\\\/#breadcrumb\"},\"inLanguage\":\"it-IT\",\"potentialAction\":[{\"@type\":\"ReadAction\",\"target\":[[\"https:\\\/\\\/iberoid-shop.com\\\/it\\\/product\\\/trembolona-acetato-100-mg-ml\\\/\"]]}]},{\"@type\":\"ImageObject\",\"inLanguage\":\"it-IT\",\"@id\":\"https:\\\/\\\/iberoid-shop.com\\\/it\\\/product\\\/trembolona-acetato-100-mg-ml\\\/#primaryimage\",\"url\":\"https:\\\/\\\/iberoid-shop.com\\\/wp-content\\\/uploads\\\/2020\\\/07\\\/TRENBOLONE-A-copia-2-scaled.jpg?v=1678120104\",\"contentUrl\":\"https:\\\/\\\/iberoid-shop.com\\\/wp-content\\\/uploads\\\/2020\\\/07\\\/TRENBOLONE-A-copia-2-scaled.jpg?v=1678120104\",\"width\":1936,\"height\":2560},{\"@type\":\"BreadcrumbList\",\"@id\":\"https:\\\/\\\/iberoid-shop.com\\\/it\\\/product\\\/trembolona-acetato-100-mg-ml\\\/#breadcrumb\",\"itemListElement\":[{\"@type\":\"ListItem\",\"position\":1,\"name\":\"Portada\",\"item\":\"https:\\\/\\\/iberoid-shop.com\\\/it\\\/\"},{\"@type\":\"ListItem\",\"position\":2,\"name\":\"Negozio\",\"item\":\"https:\\\/\\\/iberoid-shop.com\\\/it\\\/shop\\\/\"},{\"@type\":\"ListItem\",\"position\":3,\"name\":\"Trenbolone Acetate\"}]},{\"@type\":\"WebSite\",\"@id\":\"https:\\\/\\\/iberoid-shop.com\\\/it\\\/#website\",\"url\":\"https:\\\/\\\/iberoid-shop.com\\\/it\\\/\",\"name\":\"Steroidi in linea\",\"description\":\"Acquista steroidi online oggi in Spagna e Portogallo. Abbiamo il miglior servizio clienti del settore e prodotti di altissima qualit\u00e0\",\"potentialAction\":[{\"@type\":\"SearchAction\",\"target\":{\"@type\":\"EntryPoint\",\"urlTemplate\":\"https:\\\/\\\/iberoid-shop.com\\\/it\\\/?s={search_term_string}\"},\"query-input\":{\"@type\":\"PropertyValueSpecification\",\"valueRequired\":true,\"valueName\":\"search_term_string\"}}],\"inLanguage\":\"it-IT\"}]}<\/script>\n<meta property=\"product:brand\" content=\"Pharmabol\" \/>\n<meta property=\"product:price:amount\" content=\"40.00\" \/>\n<meta property=\"product:price:currency\" content=\"EUR\" \/>\n<meta property=\"og:availability\" content=\"instock\" \/>\n<meta property=\"product:availability\" content=\"instock\" \/>\n<meta property=\"product:condition\" content=\"new\" \/>\n<!-- \/ Yoast SEO Premium plugin. -->","yoast_head_json":{"title":"Trenbolone Acetate - Steroidi in linea","description":"Acetato di Trenbolone \u00e8 uno steroide ad azione rapida che aumenta massa muscolare, perdita di grasso, forza, recupero e resistenza senza ritenzione idrica.","robots":{"index":"index","follow":"follow","max-snippet":"max-snippet:-1","max-image-preview":"max-image-preview:large","max-video-preview":"max-video-preview:-1"},"canonical":"https:\/\/iberoid-shop.com\/it\/product\/trembolona-acetato-100-mg-ml\/","og_locale":"it_IT","og_type":"article","og_title":"Trenbolone Acetate","og_description":"Acetato di Trenbolone \u00e8 uno steroide ad azione rapida che aumenta massa muscolare, perdita di grasso, forza, recupero e resistenza senza ritenzione idrica.","og_url":"https:\/\/iberoid-shop.com\/it\/product\/trembolona-acetato-100-mg-ml\/","og_site_name":"Steroidi in linea","article_modified_time":"2026-02-08T12:22:50+00:00","og_image":[{"width":1936,"height":2560,"url":"https:\/\/iberoid-shop.com\/wp-content\/uploads\/2020\/07\/TRENBOLONE-A-copia-2-scaled.jpg?v=1678120104","type":"image\/jpeg"}],"twitter_card":"summary_large_image","twitter_misc":{"Prezzo":"&euro;40.00","Disponibilit\u00e0":"In stock"},"schema":{"@context":"https:\/\/schema.org","@graph":[{"@type":"WebPage","@id":"https:\/\/iberoid-shop.com\/it\/product\/trembolona-acetato-100-mg-ml\/","url":"https:\/\/iberoid-shop.com\/it\/product\/trembolona-acetato-100-mg-ml\/","name":"Trenbolone Acetate - Steroidi in linea","isPartOf":{"@id":"https:\/\/iberoid-shop.com\/it\/#website"},"primaryImageOfPage":{"@id":"https:\/\/iberoid-shop.com\/it\/product\/trembolona-acetato-100-mg-ml\/#primaryimage"},"image":{"@id":"https:\/\/iberoid-shop.com\/it\/product\/trembolona-acetato-100-mg-ml\/#primaryimage"},"thumbnailUrl":"https:\/\/iberoid-shop.com\/wp-content\/uploads\/2020\/07\/TRENBOLONE-A-copia-2-scaled.jpg?v=1678120104","datePublished":"2020-07-05T12:25:13+00:00","dateModified":"2026-02-08T12:22:50+00:00","description":"Acetato di Trenbolone \u00e8 uno steroide ad azione rapida che aumenta massa muscolare, perdita di grasso, forza, recupero e resistenza senza ritenzione idrica.","breadcrumb":{"@id":"https:\/\/iberoid-shop.com\/it\/product\/trembolona-acetato-100-mg-ml\/#breadcrumb"},"inLanguage":"it-IT","potentialAction":[{"@type":"ReadAction","target":[["https:\/\/iberoid-shop.com\/it\/product\/trembolona-acetato-100-mg-ml\/"]]}]},{"@type":"ImageObject","inLanguage":"it-IT","@id":"https:\/\/iberoid-shop.com\/it\/product\/trembolona-acetato-100-mg-ml\/#primaryimage","url":"https:\/\/iberoid-shop.com\/wp-content\/uploads\/2020\/07\/TRENBOLONE-A-copia-2-scaled.jpg?v=1678120104","contentUrl":"https:\/\/iberoid-shop.com\/wp-content\/uploads\/2020\/07\/TRENBOLONE-A-copia-2-scaled.jpg?v=1678120104","width":1936,"height":2560},{"@type":"BreadcrumbList","@id":"https:\/\/iberoid-shop.com\/it\/product\/trembolona-acetato-100-mg-ml\/#breadcrumb","itemListElement":[{"@type":"ListItem","position":1,"name":"Portada","item":"https:\/\/iberoid-shop.com\/it\/"},{"@type":"ListItem","position":2,"name":"Negozio","item":"https:\/\/iberoid-shop.com\/it\/shop\/"},{"@type":"ListItem","position":3,"name":"Trenbolone Acetate"}]},{"@type":"WebSite","@id":"https:\/\/iberoid-shop.com\/it\/#website","url":"https:\/\/iberoid-shop.com\/it\/","name":"Steroidi in linea","description":"Acquista steroidi online oggi in Spagna e Portogallo. Abbiamo il miglior servizio clienti del settore e prodotti di altissima qualit\u00e0","potentialAction":[{"@type":"SearchAction","target":{"@type":"EntryPoint","urlTemplate":"https:\/\/iberoid-shop.com\/it\/?s={search_term_string}"},"query-input":{"@type":"PropertyValueSpecification","valueRequired":true,"valueName":"search_term_string"}}],"inLanguage":"it-IT"}]},"product_brand":"Pharmabol","product_price_amount":"40.00","product_price_currency":"EUR","og_availability":"instock","product_availability":"instock","product_condition":"new"},"_links":{"self":[{"href":"https:\/\/iberoid-shop.com\/it\/wp-json\/wp\/v2\/product\/5228","targetHints":{"allow":["GET"]}}],"collection":[{"href":"https:\/\/iberoid-shop.com\/it\/wp-json\/wp\/v2\/product"}],"about":[{"href":"https:\/\/iberoid-shop.com\/it\/wp-json\/wp\/v2\/types\/product"}],"replies":[{"embeddable":true,"href":"https:\/\/iberoid-shop.com\/it\/wp-json\/wp\/v2\/comments?post=5228"}],"wp:featuredmedia":[{"embeddable":true,"href":"https:\/\/iberoid-shop.com\/it\/wp-json\/wp\/v2\/media\/5229"}],"wp:attachment":[{"href":"https:\/\/iberoid-shop.com\/it\/wp-json\/wp\/v2\/media?parent=5228"}],"wp:term":[{"taxonomy":"product_brand","embeddable":true,"href":"https:\/\/iberoid-shop.com\/it\/wp-json\/wp\/v2\/product_brand?post=5228"},{"taxonomy":"product_cat","embeddable":true,"href":"https:\/\/iberoid-shop.com\/it\/wp-json\/wp\/v2\/product_cat?post=5228"},{"taxonomy":"product_tag","embeddable":true,"href":"https:\/\/iberoid-shop.com\/it\/wp-json\/wp\/v2\/product_tag?post=5228"}],"curies":[{"name":"wp","href":"https:\/\/api.w.org\/{rel}","templated":true}]}}