{"id":5169,"date":"2020-06-12T12:35:50","date_gmt":"2020-06-12T12:35:50","guid":{"rendered":"https:\/\/iberoid-shop.com\/?post_type=product&#038;p=5169"},"modified":"2023-08-25T13:11:36","modified_gmt":"2023-08-25T13:11:36","slug":"turinabol-24-mg100-pastillas","status":"publish","type":"product","link":"https:\/\/iberoid-shop.com\/it\/product\/turinabol-24-mg100-pastillas\/","title":{"rendered":"Turinabol"},"content":{"rendered":"<p><\/p>\n<h1>Turinabol<\/h1>\n<p>Compresse 4-clorodeidrometiltestosterone 25mg<\/p>\n<p>Ogni compressa contiene:<\/p>\n<p>4-Chlorodehydromethyltestosterone &#8211; 25mg<\/p>\n<p>Il clorodeidrometiltestosterone \u00e8 un potente derivato di Dianabol. Questo steroide orale \u00e8 strutturalmente un incrocio tra methandrostenolone e dostebol (4-clorotestosterone), con la struttura di base come Di anabol con l&#8217;alterazione di cloro aggiunta di 4-cloro di clostebol.<\/p>\n<p>Dosaggio e amministrazione<br \/>\nAmministrazione (generale):<br \/>\nGli studi hanno dimostrato che l&#8217;assunzione di uno steroide anabolizzante orale con il cibo pu\u00f2 ridurre la sua biodisponibilit\u00e0. Ci\u00f2 \u00e8 causato dalla natura liposolubile degli ormoni steroidei, che pu\u00f2 consentire a parte del farmaco di dissolversi con grasso alimentare digerito, riducendo il suo assorbimento dal tratto gastrointestinale.<\/p>\n<p>Per il massimo utilizzo, questo steroide deve essere assunto a stomaco vuoto.<br \/>\nAmministrazione (uomini):<br \/>\nUna dose clinica comune di clorodeidrometiltestosterone \u00e8 stimata in 5 mg per dar, le linee guida per la prescrizione effettiva non sono disponibili. Nell&#8217;arena atletica, un dosaggio giornaliero orale efficace rientra nell&#8217;intervallo di 15-40 nig, assunto in cicli della durata non superiore a 6-8 settimane per ridurre al minimo l&#8217;epatotossicit\u00e0.<\/p>\n<p>Questo livello \u00e8 sufficiente per aumenti misurabili della massa muscolare magra e della forza. Questo agente viene spesso applicato come test di rinculo o taglio di steroidi per scopi di bodybuilding e non \u00e8 considerato un agente di carica ideale a causa della sua mancanza di estrogenicit\u00e0.<br \/>\nAmministrazione (donne):<br \/>\nUna dose clinica comune di clorodeidrometiltestosterone \u00e8 stimata in 1-2,5 mg al giorno; le linee guida per la prescrizione effettiva non sono disponibili. Nell&#8217;arena atletica, le donne assumono comunemente una singola compressa da 5 mg al giorno, assunta in cicli della durata massima di 4-6 weels per ridurre al minimo l&#8217;epatotossicit\u00e0.<\/p>\n<p>Gli effetti virilizzanti sono improbabili a questo livello di utilizzo. Dosi molto pi\u00f9 elevate sono state spesso utilizzate con le atlete nel precedente programma di doping della DDR, ma spesso a scapito di forti effetti collaterali virilizzanti.<\/p>","protected":false},"excerpt":{"rendered":"<p>Turinabol Compresse 4-clorodeidrometiltestosterone 25mg Ogni compressa contiene: 4-Chlorodehydromethyltestosterone &#8211; 25mg Il clorodeidrometiltestosterone \u00e8 un potente derivato di Dianabol. Questo steroide<\/p>\n","protected":false},"featured_media":5170,"comment_status":"open","ping_status":"closed","template":"","meta":[],"product_brand":[],"product_cat":[73],"product_tag":[],"class_list":{"0":"post-5169","1":"product","2":"type-product","3":"status-publish","4":"has-post-thumbnail","6":"product_cat-ssteroides_orales","8":"first","9":"outofstock","10":"shipping-taxable","11":"purchasable","12":"product-type-simple"},"yoast_head":"<!-- This site is optimized with the Yoast SEO Premium plugin v24.4 (Yoast SEO v27.3) - https:\/\/yoast.com\/product\/yoast-seo-premium-wordpress\/ -->\n<title>Turinabol - Steroidi in linea<\/title>\n<meta name=\"robots\" content=\"index, follow, max-snippet:-1, max-image-preview:large, max-video-preview:-1\" \/>\n<link rel=\"canonical\" href=\"https:\/\/iberoid-shop.com\/it\/product\/turinabol-24-mg100-pastillas\/\" \/>\n<meta property=\"og:locale\" content=\"it_IT\" \/>\n<meta property=\"og:type\" content=\"article\" \/>\n<meta property=\"og:title\" content=\"Turinabol\" \/>\n<meta property=\"og:description\" content=\"Turinabol Compresse 4-clorodeidrometiltestosterone 25mg Ogni compressa contiene: 4-Chlorodehydromethyltestosterone &#8211; 25mg Il clorodeidrometiltestosterone \u00e8 un potente derivato di Dianabol. Questo steroide\" \/>\n<meta property=\"og:url\" content=\"https:\/\/iberoid-shop.com\/it\/product\/turinabol-24-mg100-pastillas\/\" \/>\n<meta property=\"og:site_name\" content=\"Steroidi in linea\" \/>\n<meta property=\"article:modified_time\" content=\"2023-08-25T13:11:36+00:00\" \/>\n<meta property=\"og:image\" content=\"https:\/\/iberoid-shop.com\/wp-content\/uploads\/2020\/06\/TBOL.png?v=1678120114\" \/>\n\t<meta property=\"og:image:width\" content=\"1298\" \/>\n\t<meta property=\"og:image:height\" content=\"1030\" \/>\n\t<meta property=\"og:image:type\" content=\"image\/png\" \/>\n<meta name=\"twitter:card\" content=\"summary_large_image\" \/>\n<meta name=\"twitter:label1\" content=\"Prezzo\" \/>\n\t<meta name=\"twitter:data1\" content=\"&euro;25.00\" \/>\n\t<meta name=\"twitter:label2\" content=\"Disponibilit\u00e0\" \/>\n\t<meta name=\"twitter:data2\" content=\"Esaurito\" \/>\n<script type=\"application\/ld+json\" class=\"yoast-schema-graph\">{\"@context\":\"https:\\\/\\\/schema.org\",\"@graph\":[{\"@type\":\"WebPage\",\"@id\":\"https:\\\/\\\/iberoid-shop.com\\\/it\\\/product\\\/turinabol-24-mg100-pastillas\\\/\",\"url\":\"https:\\\/\\\/iberoid-shop.com\\\/it\\\/product\\\/turinabol-24-mg100-pastillas\\\/\",\"name\":\"Turinabol - Steroidi in linea\",\"isPartOf\":{\"@id\":\"https:\\\/\\\/iberoid-shop.com\\\/it\\\/#website\"},\"primaryImageOfPage\":{\"@id\":\"https:\\\/\\\/iberoid-shop.com\\\/it\\\/product\\\/turinabol-24-mg100-pastillas\\\/#primaryimage\"},\"image\":{\"@id\":\"https:\\\/\\\/iberoid-shop.com\\\/it\\\/product\\\/turinabol-24-mg100-pastillas\\\/#primaryimage\"},\"thumbnailUrl\":\"https:\\\/\\\/iberoid-shop.com\\\/wp-content\\\/uploads\\\/2020\\\/06\\\/TBOL.png?v=1678120114\",\"datePublished\":\"2020-06-12T12:35:50+00:00\",\"dateModified\":\"2023-08-25T13:11:36+00:00\",\"breadcrumb\":{\"@id\":\"https:\\\/\\\/iberoid-shop.com\\\/it\\\/product\\\/turinabol-24-mg100-pastillas\\\/#breadcrumb\"},\"inLanguage\":\"it-IT\",\"potentialAction\":[{\"@type\":\"ReadAction\",\"target\":[[\"https:\\\/\\\/iberoid-shop.com\\\/it\\\/product\\\/turinabol-24-mg100-pastillas\\\/\"]]}]},{\"@type\":\"ImageObject\",\"inLanguage\":\"it-IT\",\"@id\":\"https:\\\/\\\/iberoid-shop.com\\\/it\\\/product\\\/turinabol-24-mg100-pastillas\\\/#primaryimage\",\"url\":\"https:\\\/\\\/iberoid-shop.com\\\/wp-content\\\/uploads\\\/2020\\\/06\\\/TBOL.png?v=1678120114\",\"contentUrl\":\"https:\\\/\\\/iberoid-shop.com\\\/wp-content\\\/uploads\\\/2020\\\/06\\\/TBOL.png?v=1678120114\",\"width\":1298,\"height\":1030},{\"@type\":\"BreadcrumbList\",\"@id\":\"https:\\\/\\\/iberoid-shop.com\\\/it\\\/product\\\/turinabol-24-mg100-pastillas\\\/#breadcrumb\",\"itemListElement\":[{\"@type\":\"ListItem\",\"position\":1,\"name\":\"Portada\",\"item\":\"https:\\\/\\\/iberoid-shop.com\\\/it\\\/\"},{\"@type\":\"ListItem\",\"position\":2,\"name\":\"Negozio\",\"item\":\"https:\\\/\\\/iberoid-shop.com\\\/it\\\/shop\\\/\"},{\"@type\":\"ListItem\",\"position\":3,\"name\":\"Turinabol\"}]},{\"@type\":\"WebSite\",\"@id\":\"https:\\\/\\\/iberoid-shop.com\\\/it\\\/#website\",\"url\":\"https:\\\/\\\/iberoid-shop.com\\\/it\\\/\",\"name\":\"Steroidi in linea\",\"description\":\"Acquista steroidi online oggi in Spagna e Portogallo. Abbiamo il miglior servizio clienti del settore e prodotti di altissima qualit\u00e0\",\"potentialAction\":[{\"@type\":\"SearchAction\",\"target\":{\"@type\":\"EntryPoint\",\"urlTemplate\":\"https:\\\/\\\/iberoid-shop.com\\\/it\\\/?s={search_term_string}\"},\"query-input\":{\"@type\":\"PropertyValueSpecification\",\"valueRequired\":true,\"valueName\":\"search_term_string\"}}],\"inLanguage\":\"it-IT\"}]}<\/script>\n<meta property=\"product:brand\" content=\"MultiPharm\" \/>\n<meta property=\"product:price:amount\" content=\"25.00\" \/>\n<meta property=\"product:price:currency\" content=\"EUR\" \/>\n<meta property=\"og:availability\" content=\"out of stock\" \/>\n<meta property=\"product:availability\" content=\"out of stock\" \/>\n<meta property=\"product:condition\" content=\"new\" \/>\n<!-- \/ Yoast SEO Premium plugin. -->","yoast_head_json":{"title":"Turinabol - Steroidi in linea","robots":{"index":"index","follow":"follow","max-snippet":"max-snippet:-1","max-image-preview":"max-image-preview:large","max-video-preview":"max-video-preview:-1"},"canonical":"https:\/\/iberoid-shop.com\/it\/product\/turinabol-24-mg100-pastillas\/","og_locale":"it_IT","og_type":"article","og_title":"Turinabol","og_description":"Turinabol Compresse 4-clorodeidrometiltestosterone 25mg Ogni compressa contiene: 4-Chlorodehydromethyltestosterone &#8211; 25mg Il clorodeidrometiltestosterone \u00e8 un potente derivato di Dianabol. Questo steroide","og_url":"https:\/\/iberoid-shop.com\/it\/product\/turinabol-24-mg100-pastillas\/","og_site_name":"Steroidi in linea","article_modified_time":"2023-08-25T13:11:36+00:00","og_image":[{"width":1298,"height":1030,"url":"https:\/\/iberoid-shop.com\/wp-content\/uploads\/2020\/06\/TBOL.png?v=1678120114","type":"image\/png"}],"twitter_card":"summary_large_image","twitter_misc":{"Prezzo":"&euro;25.00","Disponibilit\u00e0":"Esaurito"},"schema":{"@context":"https:\/\/schema.org","@graph":[{"@type":"WebPage","@id":"https:\/\/iberoid-shop.com\/it\/product\/turinabol-24-mg100-pastillas\/","url":"https:\/\/iberoid-shop.com\/it\/product\/turinabol-24-mg100-pastillas\/","name":"Turinabol - Steroidi in linea","isPartOf":{"@id":"https:\/\/iberoid-shop.com\/it\/#website"},"primaryImageOfPage":{"@id":"https:\/\/iberoid-shop.com\/it\/product\/turinabol-24-mg100-pastillas\/#primaryimage"},"image":{"@id":"https:\/\/iberoid-shop.com\/it\/product\/turinabol-24-mg100-pastillas\/#primaryimage"},"thumbnailUrl":"https:\/\/iberoid-shop.com\/wp-content\/uploads\/2020\/06\/TBOL.png?v=1678120114","datePublished":"2020-06-12T12:35:50+00:00","dateModified":"2023-08-25T13:11:36+00:00","breadcrumb":{"@id":"https:\/\/iberoid-shop.com\/it\/product\/turinabol-24-mg100-pastillas\/#breadcrumb"},"inLanguage":"it-IT","potentialAction":[{"@type":"ReadAction","target":[["https:\/\/iberoid-shop.com\/it\/product\/turinabol-24-mg100-pastillas\/"]]}]},{"@type":"ImageObject","inLanguage":"it-IT","@id":"https:\/\/iberoid-shop.com\/it\/product\/turinabol-24-mg100-pastillas\/#primaryimage","url":"https:\/\/iberoid-shop.com\/wp-content\/uploads\/2020\/06\/TBOL.png?v=1678120114","contentUrl":"https:\/\/iberoid-shop.com\/wp-content\/uploads\/2020\/06\/TBOL.png?v=1678120114","width":1298,"height":1030},{"@type":"BreadcrumbList","@id":"https:\/\/iberoid-shop.com\/it\/product\/turinabol-24-mg100-pastillas\/#breadcrumb","itemListElement":[{"@type":"ListItem","position":1,"name":"Portada","item":"https:\/\/iberoid-shop.com\/it\/"},{"@type":"ListItem","position":2,"name":"Negozio","item":"https:\/\/iberoid-shop.com\/it\/shop\/"},{"@type":"ListItem","position":3,"name":"Turinabol"}]},{"@type":"WebSite","@id":"https:\/\/iberoid-shop.com\/it\/#website","url":"https:\/\/iberoid-shop.com\/it\/","name":"Steroidi in linea","description":"Acquista steroidi online oggi in Spagna e Portogallo. Abbiamo il miglior servizio clienti del settore e prodotti di altissima qualit\u00e0","potentialAction":[{"@type":"SearchAction","target":{"@type":"EntryPoint","urlTemplate":"https:\/\/iberoid-shop.com\/it\/?s={search_term_string}"},"query-input":{"@type":"PropertyValueSpecification","valueRequired":true,"valueName":"search_term_string"}}],"inLanguage":"it-IT"}]},"product_brand":"MultiPharm","product_price_amount":"25.00","product_price_currency":"EUR","og_availability":"out of stock","product_availability":"out of stock","product_condition":"new"},"_links":{"self":[{"href":"https:\/\/iberoid-shop.com\/it\/wp-json\/wp\/v2\/product\/5169","targetHints":{"allow":["GET"]}}],"collection":[{"href":"https:\/\/iberoid-shop.com\/it\/wp-json\/wp\/v2\/product"}],"about":[{"href":"https:\/\/iberoid-shop.com\/it\/wp-json\/wp\/v2\/types\/product"}],"replies":[{"embeddable":true,"href":"https:\/\/iberoid-shop.com\/it\/wp-json\/wp\/v2\/comments?post=5169"}],"wp:featuredmedia":[{"embeddable":true,"href":"https:\/\/iberoid-shop.com\/it\/wp-json\/wp\/v2\/media\/5170"}],"wp:attachment":[{"href":"https:\/\/iberoid-shop.com\/it\/wp-json\/wp\/v2\/media?parent=5169"}],"wp:term":[{"taxonomy":"product_brand","embeddable":true,"href":"https:\/\/iberoid-shop.com\/it\/wp-json\/wp\/v2\/product_brand?post=5169"},{"taxonomy":"product_cat","embeddable":true,"href":"https:\/\/iberoid-shop.com\/it\/wp-json\/wp\/v2\/product_cat?post=5169"},{"taxonomy":"product_tag","embeddable":true,"href":"https:\/\/iberoid-shop.com\/it\/wp-json\/wp\/v2\/product_tag?post=5169"}],"curies":[{"name":"wp","href":"https:\/\/api.w.org\/{rel}","templated":true}]}}