{"id":3731,"date":"2019-12-26T20:12:22","date_gmt":"2019-12-26T20:12:22","guid":{"rendered":"https:\/\/iberoid-shop.com\/?post_type=product&#038;p=3731"},"modified":"2026-02-08T12:24:31","modified_gmt":"2026-02-08T12:24:31","slug":"winstrol","status":"publish","type":"product","link":"https:\/\/iberoid-shop.com\/it\/product\/winstrol\/","title":{"rendered":"Winstrol &#8211; nanomicronizado EPF"},"content":{"rendered":"<p>Winstrol EPF \u00e8 uno steroide presente sia in versione orale che iniettabile. Winstrol \u00e8 un derivato del diidrotestosterone con poca azione androgena. Non porta guadagni significativi in \u200b\u200bmassa muscolare e forza.<\/p>\n<p>Winstrol \u00e8 utilizzato per definire e allungare i cicli. \u00c8 uno degli steroidi pi\u00f9 popolari usati in medicina. Winstrole dona un aspetto duro e asciutto ai muscoli, \u00e8 ideale prima delle competizioni. Non fornisce grandi guadagni di massa muscolare, non aromatizza in nessuna dose, quindi non servono antiestrogeni e la ginecomastite non apparir\u00e0.<\/p>\n<p>Winstrole EPF \u00e8 unico sia in forma orale che iniettabile. Entrambe le forme contengono lo stesso composto, ma l&#8217;iniettabile \u00e8 superiore. La somministrazione della variante iniettabile ridurr\u00e0 lo stress posto sul fegato. Nel bodybuilding si usa soprattutto in combinazione con altri steroidi e soprattutto quando si vuole definire la muscolatura. Stanozole aumenta rapidamente la forza e quindi gli atleti che hanno bisogno di velocit\u00e0 e potenza usano la potenza. Le dosi di somministrazione sono 30-50 mg al giorno per la variante orale e 25-50 mg al giorno per iniezione. Viene somministrato per 6-8 settimane. Alla fine del ciclo, \u00e8 necessaria la terapia post ciclo. Dovrebbe essere usato in combinazione con testosterone iniettabile.<\/p>","protected":false},"excerpt":{"rendered":"<p class=\"qtranxs-available-languages-message qtranxs-available-languages-message-it\">Ci spiace, ma questo articolo \u00e8 disponibile soltanto in <a href=\"https:\/\/iberoid-shop.com\/es\/wp-json\/wp\/v2\/product\/3731\" class=\"qtranxs-available-language-link qtranxs-available-language-link-es\" title=\"Espa\u00f1ol\">Espa\u00f1ol<\/a> e <a href=\"https:\/\/iberoid-shop.com\/pt\/wp-json\/wp\/v2\/product\/3731\" class=\"qtranxs-available-language-link qtranxs-available-language-link-pt\" title=\"Portugu\u00eas\">Portugu\u00eas<\/a>.<\/p>\n","protected":false},"featured_media":3733,"comment_status":"open","ping_status":"closed","template":"","meta":[],"product_brand":[],"product_cat":[69],"product_tag":[],"class_list":{"0":"post-3731","1":"product","2":"type-product","3":"status-publish","4":"has-post-thumbnail","6":"product_cat-esteroides_inyectables","8":"first","9":"instock","10":"shipping-taxable","11":"purchasable","12":"product-type-simple"},"yoast_head":"<!-- This site is optimized with the Yoast SEO Premium plugin v24.4 (Yoast SEO v27.0) - https:\/\/yoast.com\/product\/yoast-seo-premium-wordpress\/ -->\n<title>Winstrol - nanomicronizado EPF - Steroidi in linea<\/title>\n<meta name=\"description\" content=\"WINSTROL EPF \u00e8 uno steroide che indurisce i muscoli, definisce il fisico e aumenta la forza senza effetti estrogenici.\" \/>\n<meta name=\"robots\" content=\"index, follow, max-snippet:-1, max-image-preview:large, max-video-preview:-1\" \/>\n<link rel=\"canonical\" href=\"https:\/\/iberoid-shop.com\/it\/product\/winstrol\/\" \/>\n<meta property=\"og:locale\" content=\"it_IT\" \/>\n<meta property=\"og:type\" content=\"article\" \/>\n<meta property=\"og:title\" content=\"Winstrol - nanomicronizado EPF\" \/>\n<meta property=\"og:description\" content=\"WINSTROL EPF \u00e8 uno steroide che indurisce i muscoli, definisce il fisico e aumenta la forza senza effetti estrogenici.\" \/>\n<meta property=\"og:url\" content=\"https:\/\/iberoid-shop.com\/it\/product\/winstrol\/\" \/>\n<meta property=\"og:site_name\" content=\"Steroidi in linea\" \/>\n<meta property=\"article:modified_time\" content=\"2026-02-08T12:24:31+00:00\" \/>\n<meta property=\"og:image\" content=\"https:\/\/iberoid-shop.com\/wp-content\/uploads\/2019\/12\/80303830_494580554519935_7845157812282851328_n.jpg?v=1678120128\" \/>\n\t<meta property=\"og:image:width\" content=\"960\" \/>\n\t<meta property=\"og:image:height\" content=\"960\" \/>\n\t<meta property=\"og:image:type\" content=\"image\/jpeg\" \/>\n<meta name=\"twitter:card\" content=\"summary_large_image\" \/>\n<meta name=\"twitter:label1\" content=\"Prezzo\" \/>\n\t<meta name=\"twitter:data1\" content=\"&euro;30.00\" \/>\n\t<meta name=\"twitter:label2\" content=\"Disponibilit\u00e0\" \/>\n\t<meta name=\"twitter:data2\" content=\"In stock\" \/>\n<script type=\"application\/ld+json\" class=\"yoast-schema-graph\">{\"@context\":\"https:\/\/schema.org\",\"@graph\":[{\"@type\":\"WebPage\",\"@id\":\"https:\/\/iberoid-shop.com\/it\/product\/winstrol\/\",\"url\":\"https:\/\/iberoid-shop.com\/it\/product\/winstrol\/\",\"name\":\"Winstrol - nanomicronizado EPF - Steroidi in linea\",\"isPartOf\":{\"@id\":\"https:\/\/iberoid-shop.com\/it\/#website\"},\"primaryImageOfPage\":{\"@id\":\"https:\/\/iberoid-shop.com\/it\/product\/winstrol\/#primaryimage\"},\"image\":{\"@id\":\"https:\/\/iberoid-shop.com\/it\/product\/winstrol\/#primaryimage\"},\"thumbnailUrl\":\"https:\/\/iberoid-shop.com\/wp-content\/uploads\/2019\/12\/80303830_494580554519935_7845157812282851328_n.jpg?v=1678120128\",\"datePublished\":\"2019-12-26T20:12:22+00:00\",\"dateModified\":\"2026-02-08T12:24:31+00:00\",\"description\":\"WINSTROL EPF \u00e8 uno steroide che indurisce i muscoli, definisce il fisico e aumenta la forza senza effetti estrogenici.\",\"breadcrumb\":{\"@id\":\"https:\/\/iberoid-shop.com\/it\/product\/winstrol\/#breadcrumb\"},\"inLanguage\":\"it-IT\",\"potentialAction\":[{\"@type\":\"ReadAction\",\"target\":[[\"https:\/\/iberoid-shop.com\/it\/product\/winstrol\/\"]]}]},{\"@type\":\"ImageObject\",\"inLanguage\":\"it-IT\",\"@id\":\"https:\/\/iberoid-shop.com\/it\/product\/winstrol\/#primaryimage\",\"url\":\"https:\/\/iberoid-shop.com\/wp-content\/uploads\/2019\/12\/80303830_494580554519935_7845157812282851328_n.jpg?v=1678120128\",\"contentUrl\":\"https:\/\/iberoid-shop.com\/wp-content\/uploads\/2019\/12\/80303830_494580554519935_7845157812282851328_n.jpg?v=1678120128\",\"width\":960,\"height\":960,\"caption\":\"Winstrol premium EPF, Euro Prime\"},{\"@type\":\"BreadcrumbList\",\"@id\":\"https:\/\/iberoid-shop.com\/it\/product\/winstrol\/#breadcrumb\",\"itemListElement\":[{\"@type\":\"ListItem\",\"position\":1,\"name\":\"Portada\",\"item\":\"https:\/\/iberoid-shop.com\/it\/\"},{\"@type\":\"ListItem\",\"position\":2,\"name\":\"Negozio\",\"item\":\"https:\/\/iberoid-shop.com\/it\/shop\/\"},{\"@type\":\"ListItem\",\"position\":3,\"name\":\"Winstrol &#8211; nanomicronizado EPF\"}]},{\"@type\":\"WebSite\",\"@id\":\"https:\/\/iberoid-shop.com\/it\/#website\",\"url\":\"https:\/\/iberoid-shop.com\/it\/\",\"name\":\"Steroidi in linea\",\"description\":\"Acquista steroidi online oggi in Spagna e Portogallo. Abbiamo il miglior servizio clienti del settore e prodotti di altissima qualit\u00e0\",\"potentialAction\":[{\"@type\":\"SearchAction\",\"target\":{\"@type\":\"EntryPoint\",\"urlTemplate\":\"https:\/\/iberoid-shop.com\/it\/?s={search_term_string}\"},\"query-input\":{\"@type\":\"PropertyValueSpecification\",\"valueRequired\":true,\"valueName\":\"search_term_string\"}}],\"inLanguage\":\"it-IT\"}]}<\/script>\n<meta property=\"product:brand\" content=\"Euro Prime Pharmaceuticals (EPF)\" \/>\n<meta property=\"product:price:amount\" content=\"30.00\" \/>\n<meta property=\"product:price:currency\" content=\"EUR\" \/>\n<meta property=\"og:availability\" content=\"instock\" \/>\n<meta property=\"product:availability\" content=\"instock\" \/>\n<meta property=\"product:condition\" content=\"new\" \/>\n<!-- \/ Yoast SEO Premium plugin. -->","yoast_head_json":{"title":"Winstrol - nanomicronizado EPF - Steroidi in linea","description":"WINSTROL EPF \u00e8 uno steroide che indurisce i muscoli, definisce il fisico e aumenta la forza senza effetti estrogenici.","robots":{"index":"index","follow":"follow","max-snippet":"max-snippet:-1","max-image-preview":"max-image-preview:large","max-video-preview":"max-video-preview:-1"},"canonical":"https:\/\/iberoid-shop.com\/it\/product\/winstrol\/","og_locale":"it_IT","og_type":"article","og_title":"Winstrol - nanomicronizado EPF","og_description":"WINSTROL EPF \u00e8 uno steroide che indurisce i muscoli, definisce il fisico e aumenta la forza senza effetti estrogenici.","og_url":"https:\/\/iberoid-shop.com\/it\/product\/winstrol\/","og_site_name":"Steroidi in linea","article_modified_time":"2026-02-08T12:24:31+00:00","og_image":[{"width":960,"height":960,"url":"https:\/\/iberoid-shop.com\/wp-content\/uploads\/2019\/12\/80303830_494580554519935_7845157812282851328_n.jpg?v=1678120128","type":"image\/jpeg"}],"twitter_card":"summary_large_image","twitter_misc":{"Prezzo":"&euro;30.00","Disponibilit\u00e0":"In stock"},"schema":{"@context":"https:\/\/schema.org","@graph":[{"@type":"WebPage","@id":"https:\/\/iberoid-shop.com\/it\/product\/winstrol\/","url":"https:\/\/iberoid-shop.com\/it\/product\/winstrol\/","name":"Winstrol - nanomicronizado EPF - Steroidi in linea","isPartOf":{"@id":"https:\/\/iberoid-shop.com\/it\/#website"},"primaryImageOfPage":{"@id":"https:\/\/iberoid-shop.com\/it\/product\/winstrol\/#primaryimage"},"image":{"@id":"https:\/\/iberoid-shop.com\/it\/product\/winstrol\/#primaryimage"},"thumbnailUrl":"https:\/\/iberoid-shop.com\/wp-content\/uploads\/2019\/12\/80303830_494580554519935_7845157812282851328_n.jpg?v=1678120128","datePublished":"2019-12-26T20:12:22+00:00","dateModified":"2026-02-08T12:24:31+00:00","description":"WINSTROL EPF \u00e8 uno steroide che indurisce i muscoli, definisce il fisico e aumenta la forza senza effetti estrogenici.","breadcrumb":{"@id":"https:\/\/iberoid-shop.com\/it\/product\/winstrol\/#breadcrumb"},"inLanguage":"it-IT","potentialAction":[{"@type":"ReadAction","target":[["https:\/\/iberoid-shop.com\/it\/product\/winstrol\/"]]}]},{"@type":"ImageObject","inLanguage":"it-IT","@id":"https:\/\/iberoid-shop.com\/it\/product\/winstrol\/#primaryimage","url":"https:\/\/iberoid-shop.com\/wp-content\/uploads\/2019\/12\/80303830_494580554519935_7845157812282851328_n.jpg?v=1678120128","contentUrl":"https:\/\/iberoid-shop.com\/wp-content\/uploads\/2019\/12\/80303830_494580554519935_7845157812282851328_n.jpg?v=1678120128","width":960,"height":960,"caption":"Winstrol premium EPF, Euro Prime"},{"@type":"BreadcrumbList","@id":"https:\/\/iberoid-shop.com\/it\/product\/winstrol\/#breadcrumb","itemListElement":[{"@type":"ListItem","position":1,"name":"Portada","item":"https:\/\/iberoid-shop.com\/it\/"},{"@type":"ListItem","position":2,"name":"Negozio","item":"https:\/\/iberoid-shop.com\/it\/shop\/"},{"@type":"ListItem","position":3,"name":"Winstrol &#8211; nanomicronizado EPF"}]},{"@type":"WebSite","@id":"https:\/\/iberoid-shop.com\/it\/#website","url":"https:\/\/iberoid-shop.com\/it\/","name":"Steroidi in linea","description":"Acquista steroidi online oggi in Spagna e Portogallo. Abbiamo il miglior servizio clienti del settore e prodotti di altissima qualit\u00e0","potentialAction":[{"@type":"SearchAction","target":{"@type":"EntryPoint","urlTemplate":"https:\/\/iberoid-shop.com\/it\/?s={search_term_string}"},"query-input":{"@type":"PropertyValueSpecification","valueRequired":true,"valueName":"search_term_string"}}],"inLanguage":"it-IT"}]},"product_brand":"Euro Prime Pharmaceuticals (EPF)","product_price_amount":"30.00","product_price_currency":"EUR","og_availability":"instock","product_availability":"instock","product_condition":"new"},"_links":{"self":[{"href":"https:\/\/iberoid-shop.com\/it\/wp-json\/wp\/v2\/product\/3731","targetHints":{"allow":["GET"]}}],"collection":[{"href":"https:\/\/iberoid-shop.com\/it\/wp-json\/wp\/v2\/product"}],"about":[{"href":"https:\/\/iberoid-shop.com\/it\/wp-json\/wp\/v2\/types\/product"}],"replies":[{"embeddable":true,"href":"https:\/\/iberoid-shop.com\/it\/wp-json\/wp\/v2\/comments?post=3731"}],"wp:featuredmedia":[{"embeddable":true,"href":"https:\/\/iberoid-shop.com\/it\/wp-json\/wp\/v2\/media\/3733"}],"wp:attachment":[{"href":"https:\/\/iberoid-shop.com\/it\/wp-json\/wp\/v2\/media?parent=3731"}],"wp:term":[{"taxonomy":"product_brand","embeddable":true,"href":"https:\/\/iberoid-shop.com\/it\/wp-json\/wp\/v2\/product_brand?post=3731"},{"taxonomy":"product_cat","embeddable":true,"href":"https:\/\/iberoid-shop.com\/it\/wp-json\/wp\/v2\/product_cat?post=3731"},{"taxonomy":"product_tag","embeddable":true,"href":"https:\/\/iberoid-shop.com\/it\/wp-json\/wp\/v2\/product_tag?post=3731"}],"curies":[{"name":"wp","href":"https:\/\/api.w.org\/{rel}","templated":true}]}}