{"id":3158,"date":"2019-11-21T20:32:18","date_gmt":"2019-11-21T20:32:18","guid":{"rendered":"https:\/\/iberoid-shop.com\/?post_type=product&#038;p=3158"},"modified":"2022-12-12T11:48:31","modified_gmt":"2022-12-12T11:48:31","slug":"trenbolone-75","status":"publish","type":"product","link":"https:\/\/iberoid-shop.com\/it\/product\/trenbolone-75\/","title":{"rendered":"Trenbolone 75"},"content":{"rendered":"<p>L&#8217;acetato di trenbolone \u00e8 usato per trattare l&#8217;aumento di peso dopo un lungo intervento chirurgico, un&#8217;infezione cronica o un grave trauma. Viene anche usato per ridurre al minimo la distrofia muscolare causata dal trattamento con corticosteroidi e per ridurre il dolore osseo causato dall&#8217;osteoporosi.<br \/>\nDescrizione<br \/>\n1 flaconcino contiene 10 ml di soluzione iniettabile;<br \/>\nSostanze attive<br \/>\nOgni ml di trenbolone 75 contiene 75 mg di acetato di trenbolone;<br \/>\nVia di somministrazione<br \/>\nSolo per uso intramuscolare;<\/p>","protected":false},"excerpt":{"rendered":"<p>L&#8217;acetato di trenbolone \u00e8 usato per trattare l&#8217;aumento di peso dopo un lungo intervento chirurgico, un&#8217;infezione cronica o un grave<\/p>\n","protected":false},"featured_media":3160,"comment_status":"open","ping_status":"closed","template":"","meta":[],"product_brand":[],"product_cat":[69],"product_tag":[],"class_list":{"0":"post-3158","1":"product","2":"type-product","3":"status-publish","4":"has-post-thumbnail","6":"product_cat-esteroides_inyectables","8":"first","9":"outofstock","10":"sale","11":"shipping-taxable","12":"purchasable","13":"product-type-simple"},"yoast_head":"<!-- This site is optimized with the Yoast SEO Premium plugin v24.4 (Yoast SEO v27.0) - https:\/\/yoast.com\/product\/yoast-seo-premium-wordpress\/ -->\n<title>Trenbolone 75 - Steroidi in linea<\/title>\n<meta name=\"description\" content=\"(Espa\u00f1ol) El acetato de trembolona se usa para tratar el aumento de peso despu\u00e9s de una cirug\u00eda extensa, una infecci\u00f3n cr\u00f3nica o un trauma severo.\" \/>\n<meta name=\"robots\" content=\"index, follow, max-snippet:-1, max-image-preview:large, max-video-preview:-1\" \/>\n<link rel=\"canonical\" href=\"https:\/\/iberoid-shop.com\/it\/product\/trenbolone-75\/\" \/>\n<meta property=\"og:locale\" content=\"it_IT\" \/>\n<meta property=\"og:type\" content=\"article\" \/>\n<meta property=\"og:title\" content=\"Trenbolone 75\" \/>\n<meta property=\"og:description\" content=\"(Espa\u00f1ol) El acetato de trembolona se usa para tratar el aumento de peso despu\u00e9s de una cirug\u00eda extensa, una infecci\u00f3n cr\u00f3nica o un trauma severo.\" \/>\n<meta property=\"og:url\" content=\"https:\/\/iberoid-shop.com\/it\/product\/trenbolone-75\/\" \/>\n<meta property=\"og:site_name\" content=\"Steroidi in linea\" \/>\n<meta property=\"article:modified_time\" content=\"2022-12-12T11:48:31+00:00\" \/>\n<meta property=\"og:image\" content=\"https:\/\/iberoid-shop.com\/wp-content\/uploads\/2019\/11\/trenbolone_75.jpg?v=1678120151\" \/>\n\t<meta property=\"og:image:width\" content=\"388\" \/>\n\t<meta property=\"og:image:height\" content=\"388\" \/>\n\t<meta property=\"og:image:type\" content=\"image\/jpeg\" \/>\n<meta name=\"twitter:card\" content=\"summary_large_image\" \/>\n<meta name=\"twitter:label1\" content=\"Prezzo\" \/>\n\t<meta name=\"twitter:data1\" content=\"&euro;50.00\" \/>\n\t<meta name=\"twitter:label2\" content=\"Disponibilit\u00e0\" \/>\n\t<meta name=\"twitter:data2\" content=\"Esaurito\" \/>\n<script type=\"application\/ld+json\" class=\"yoast-schema-graph\">{\"@context\":\"https:\/\/schema.org\",\"@graph\":[{\"@type\":\"WebPage\",\"@id\":\"https:\/\/iberoid-shop.com\/it\/product\/trenbolone-75\/\",\"url\":\"https:\/\/iberoid-shop.com\/it\/product\/trenbolone-75\/\",\"name\":\"Trenbolone 75 - Steroidi in linea\",\"isPartOf\":{\"@id\":\"https:\/\/iberoid-shop.com\/it\/#website\"},\"primaryImageOfPage\":{\"@id\":\"https:\/\/iberoid-shop.com\/it\/product\/trenbolone-75\/#primaryimage\"},\"image\":{\"@id\":\"https:\/\/iberoid-shop.com\/it\/product\/trenbolone-75\/#primaryimage\"},\"thumbnailUrl\":\"https:\/\/iberoid-shop.com\/wp-content\/uploads\/2019\/11\/trenbolone_75.jpg?v=1678120151\",\"datePublished\":\"2019-11-21T20:32:18+00:00\",\"dateModified\":\"2022-12-12T11:48:31+00:00\",\"description\":\"(Espa\u00f1ol) El acetato de trembolona se usa para tratar el aumento de peso despu\u00e9s de una cirug\u00eda extensa, una infecci\u00f3n cr\u00f3nica o un trauma severo.\",\"breadcrumb\":{\"@id\":\"https:\/\/iberoid-shop.com\/it\/product\/trenbolone-75\/#breadcrumb\"},\"inLanguage\":\"it-IT\",\"potentialAction\":[{\"@type\":\"ReadAction\",\"target\":[[\"https:\/\/iberoid-shop.com\/it\/product\/trenbolone-75\/\"]]}]},{\"@type\":\"ImageObject\",\"inLanguage\":\"it-IT\",\"@id\":\"https:\/\/iberoid-shop.com\/it\/product\/trenbolone-75\/#primaryimage\",\"url\":\"https:\/\/iberoid-shop.com\/wp-content\/uploads\/2019\/11\/trenbolone_75.jpg?v=1678120151\",\"contentUrl\":\"https:\/\/iberoid-shop.com\/wp-content\/uploads\/2019\/11\/trenbolone_75.jpg?v=1678120151\",\"width\":388,\"height\":388},{\"@type\":\"BreadcrumbList\",\"@id\":\"https:\/\/iberoid-shop.com\/it\/product\/trenbolone-75\/#breadcrumb\",\"itemListElement\":[{\"@type\":\"ListItem\",\"position\":1,\"name\":\"Portada\",\"item\":\"https:\/\/iberoid-shop.com\/it\/\"},{\"@type\":\"ListItem\",\"position\":2,\"name\":\"Negozio\",\"item\":\"https:\/\/iberoid-shop.com\/it\/shop\/\"},{\"@type\":\"ListItem\",\"position\":3,\"name\":\"Trenbolone 75\"}]},{\"@type\":\"WebSite\",\"@id\":\"https:\/\/iberoid-shop.com\/it\/#website\",\"url\":\"https:\/\/iberoid-shop.com\/it\/\",\"name\":\"Steroidi in linea\",\"description\":\"Acquista steroidi online oggi in Spagna e Portogallo. Abbiamo il miglior servizio clienti del settore e prodotti di altissima qualit\u00e0\",\"potentialAction\":[{\"@type\":\"SearchAction\",\"target\":{\"@type\":\"EntryPoint\",\"urlTemplate\":\"https:\/\/iberoid-shop.com\/it\/?s={search_term_string}\"},\"query-input\":{\"@type\":\"PropertyValueSpecification\",\"valueRequired\":true,\"valueName\":\"search_term_string\"}}],\"inLanguage\":\"it-IT\"}]}<\/script>\n<meta property=\"product:brand\" content=\"SP Laboratories\" \/>\n<meta property=\"product:price:amount\" content=\"50.00\" \/>\n<meta property=\"product:price:currency\" content=\"EUR\" \/>\n<meta property=\"og:availability\" content=\"out of stock\" \/>\n<meta property=\"product:availability\" content=\"out of stock\" \/>\n<meta property=\"product:condition\" content=\"new\" \/>\n<!-- \/ Yoast SEO Premium plugin. -->","yoast_head_json":{"title":"Trenbolone 75 - Steroidi in linea","description":"(Espa\u00f1ol) El acetato de trembolona se usa para tratar el aumento de peso despu\u00e9s de una cirug\u00eda extensa, una infecci\u00f3n cr\u00f3nica o un trauma severo.","robots":{"index":"index","follow":"follow","max-snippet":"max-snippet:-1","max-image-preview":"max-image-preview:large","max-video-preview":"max-video-preview:-1"},"canonical":"https:\/\/iberoid-shop.com\/it\/product\/trenbolone-75\/","og_locale":"it_IT","og_type":"article","og_title":"Trenbolone 75","og_description":"(Espa\u00f1ol) El acetato de trembolona se usa para tratar el aumento de peso despu\u00e9s de una cirug\u00eda extensa, una infecci\u00f3n cr\u00f3nica o un trauma severo.","og_url":"https:\/\/iberoid-shop.com\/it\/product\/trenbolone-75\/","og_site_name":"Steroidi in linea","article_modified_time":"2022-12-12T11:48:31+00:00","og_image":[{"width":388,"height":388,"url":"https:\/\/iberoid-shop.com\/wp-content\/uploads\/2019\/11\/trenbolone_75.jpg?v=1678120151","type":"image\/jpeg"}],"twitter_card":"summary_large_image","twitter_misc":{"Prezzo":"&euro;50.00","Disponibilit\u00e0":"Esaurito"},"schema":{"@context":"https:\/\/schema.org","@graph":[{"@type":"WebPage","@id":"https:\/\/iberoid-shop.com\/it\/product\/trenbolone-75\/","url":"https:\/\/iberoid-shop.com\/it\/product\/trenbolone-75\/","name":"Trenbolone 75 - Steroidi in linea","isPartOf":{"@id":"https:\/\/iberoid-shop.com\/it\/#website"},"primaryImageOfPage":{"@id":"https:\/\/iberoid-shop.com\/it\/product\/trenbolone-75\/#primaryimage"},"image":{"@id":"https:\/\/iberoid-shop.com\/it\/product\/trenbolone-75\/#primaryimage"},"thumbnailUrl":"https:\/\/iberoid-shop.com\/wp-content\/uploads\/2019\/11\/trenbolone_75.jpg?v=1678120151","datePublished":"2019-11-21T20:32:18+00:00","dateModified":"2022-12-12T11:48:31+00:00","description":"(Espa\u00f1ol) El acetato de trembolona se usa para tratar el aumento de peso despu\u00e9s de una cirug\u00eda extensa, una infecci\u00f3n cr\u00f3nica o un trauma severo.","breadcrumb":{"@id":"https:\/\/iberoid-shop.com\/it\/product\/trenbolone-75\/#breadcrumb"},"inLanguage":"it-IT","potentialAction":[{"@type":"ReadAction","target":[["https:\/\/iberoid-shop.com\/it\/product\/trenbolone-75\/"]]}]},{"@type":"ImageObject","inLanguage":"it-IT","@id":"https:\/\/iberoid-shop.com\/it\/product\/trenbolone-75\/#primaryimage","url":"https:\/\/iberoid-shop.com\/wp-content\/uploads\/2019\/11\/trenbolone_75.jpg?v=1678120151","contentUrl":"https:\/\/iberoid-shop.com\/wp-content\/uploads\/2019\/11\/trenbolone_75.jpg?v=1678120151","width":388,"height":388},{"@type":"BreadcrumbList","@id":"https:\/\/iberoid-shop.com\/it\/product\/trenbolone-75\/#breadcrumb","itemListElement":[{"@type":"ListItem","position":1,"name":"Portada","item":"https:\/\/iberoid-shop.com\/it\/"},{"@type":"ListItem","position":2,"name":"Negozio","item":"https:\/\/iberoid-shop.com\/it\/shop\/"},{"@type":"ListItem","position":3,"name":"Trenbolone 75"}]},{"@type":"WebSite","@id":"https:\/\/iberoid-shop.com\/it\/#website","url":"https:\/\/iberoid-shop.com\/it\/","name":"Steroidi in linea","description":"Acquista steroidi online oggi in Spagna e Portogallo. Abbiamo il miglior servizio clienti del settore e prodotti di altissima qualit\u00e0","potentialAction":[{"@type":"SearchAction","target":{"@type":"EntryPoint","urlTemplate":"https:\/\/iberoid-shop.com\/it\/?s={search_term_string}"},"query-input":{"@type":"PropertyValueSpecification","valueRequired":true,"valueName":"search_term_string"}}],"inLanguage":"it-IT"}]},"product_brand":"SP Laboratories","product_price_amount":"50.00","product_price_currency":"EUR","og_availability":"out of stock","product_availability":"out of stock","product_condition":"new"},"_links":{"self":[{"href":"https:\/\/iberoid-shop.com\/it\/wp-json\/wp\/v2\/product\/3158","targetHints":{"allow":["GET"]}}],"collection":[{"href":"https:\/\/iberoid-shop.com\/it\/wp-json\/wp\/v2\/product"}],"about":[{"href":"https:\/\/iberoid-shop.com\/it\/wp-json\/wp\/v2\/types\/product"}],"replies":[{"embeddable":true,"href":"https:\/\/iberoid-shop.com\/it\/wp-json\/wp\/v2\/comments?post=3158"}],"wp:featuredmedia":[{"embeddable":true,"href":"https:\/\/iberoid-shop.com\/it\/wp-json\/wp\/v2\/media\/3160"}],"wp:attachment":[{"href":"https:\/\/iberoid-shop.com\/it\/wp-json\/wp\/v2\/media?parent=3158"}],"wp:term":[{"taxonomy":"product_brand","embeddable":true,"href":"https:\/\/iberoid-shop.com\/it\/wp-json\/wp\/v2\/product_brand?post=3158"},{"taxonomy":"product_cat","embeddable":true,"href":"https:\/\/iberoid-shop.com\/it\/wp-json\/wp\/v2\/product_cat?post=3158"},{"taxonomy":"product_tag","embeddable":true,"href":"https:\/\/iberoid-shop.com\/it\/wp-json\/wp\/v2\/product_tag?post=3158"}],"curies":[{"name":"wp","href":"https:\/\/api.w.org\/{rel}","templated":true}]}}