{"id":3145,"date":"2019-11-20T21:45:59","date_gmt":"2019-11-20T21:45:59","guid":{"rendered":"https:\/\/iberoid-shop.com\/?post_type=product&#038;p=3145"},"modified":"2023-12-13T21:37:13","modified_gmt":"2023-12-13T21:37:13","slug":"sp-laboratories","status":"publish","type":"product","link":"https:\/\/iberoid-shop.com\/it\/product\/sp-laboratories\/","title":{"rendered":"SP Supertest 450mg\/ml"},"content":{"rendered":"<p>Descrizione<br \/>\n1 flaconcino contiene 10 ml di soluzione iniettabile;<br \/>\nSostanze attive<br \/>\nOgni ml di SP Supertest contiene sostanze attive: testosterone acetato 32mg, testosterone decanoato 147mg, testosterone propionato 73mg, testosterone fenilpropionato 73mg, testosterone Cypionate 125mg<br \/>\nVia di somministrazione<br \/>\nSolo per uso intramuscolare;<\/p>","protected":false},"excerpt":{"rendered":"<p>Descrizione 1 flaconcino contiene 10 ml di soluzione iniettabile; Sostanze attive Ogni ml di SP Supertest contiene sostanze attive: testosterone<\/p>\n","protected":false},"featured_media":3147,"comment_status":"open","ping_status":"closed","template":"","meta":[],"product_brand":[],"product_cat":[69],"product_tag":[],"class_list":{"0":"post-3145","1":"product","2":"type-product","3":"status-publish","4":"has-post-thumbnail","6":"product_cat-esteroides_inyectables","8":"first","9":"outofstock","10":"sale","11":"shipping-taxable","12":"purchasable","13":"product-type-simple"},"yoast_head":"<!-- This site is optimized with the Yoast SEO Premium plugin v24.4 (Yoast SEO v27.0) - https:\/\/yoast.com\/product\/yoast-seo-premium-wordpress\/ -->\n<title>SP Supertest 450mg\/ml - Steroidi in linea<\/title>\n<meta name=\"description\" content=\"(Espa\u00f1ol) Descripci\u00f3n1 vial contiene 10 ml de soluci\u00f3n inyectable;Sustancias activasCada ml de SP Supertest contiene sustancias activas: acetato de testosterona 32mg, decanoato de testosterona 147mg, propionato de testosterona 73mg, fenilpropionato de testosterona 73mg, cipionato de testosterona 125mgRuta de administraci\u00f3nSolo para uso intramuscular;\" \/>\n<meta name=\"robots\" content=\"index, follow, max-snippet:-1, max-image-preview:large, max-video-preview:-1\" \/>\n<link rel=\"canonical\" href=\"https:\/\/iberoid-shop.com\/it\/product\/sp-laboratories\/\" \/>\n<meta property=\"og:locale\" content=\"it_IT\" \/>\n<meta property=\"og:type\" content=\"article\" \/>\n<meta property=\"og:title\" content=\"SP Supertest 450mg\/ml\" \/>\n<meta property=\"og:description\" content=\"(Espa\u00f1ol) Descripci\u00f3n1 vial contiene 10 ml de soluci\u00f3n inyectable;Sustancias activasCada ml de SP Supertest contiene sustancias activas: acetato de testosterona 32mg, decanoato de testosterona 147mg, propionato de testosterona 73mg, fenilpropionato de testosterona 73mg, cipionato de testosterona 125mgRuta de administraci\u00f3nSolo para uso intramuscular;\" \/>\n<meta property=\"og:url\" content=\"https:\/\/iberoid-shop.com\/it\/product\/sp-laboratories\/\" \/>\n<meta property=\"og:site_name\" content=\"Steroidi in linea\" \/>\n<meta property=\"article:modified_time\" content=\"2023-12-13T21:37:13+00:00\" \/>\n<meta property=\"og:image\" content=\"https:\/\/iberoid-shop.com\/wp-content\/uploads\/2019\/11\/supertest.jpg?v=1678120154\" \/>\n\t<meta property=\"og:image:width\" content=\"388\" \/>\n\t<meta property=\"og:image:height\" content=\"388\" \/>\n\t<meta property=\"og:image:type\" content=\"image\/jpeg\" \/>\n<meta name=\"twitter:card\" content=\"summary_large_image\" \/>\n<meta name=\"twitter:label1\" content=\"Prezzo\" \/>\n\t<meta name=\"twitter:data1\" content=\"&euro;55.00\" \/>\n\t<meta name=\"twitter:label2\" content=\"Disponibilit\u00e0\" \/>\n\t<meta name=\"twitter:data2\" content=\"Esaurito\" \/>\n<script type=\"application\/ld+json\" class=\"yoast-schema-graph\">{\"@context\":\"https:\/\/schema.org\",\"@graph\":[{\"@type\":\"WebPage\",\"@id\":\"https:\/\/iberoid-shop.com\/it\/product\/sp-laboratories\/\",\"url\":\"https:\/\/iberoid-shop.com\/it\/product\/sp-laboratories\/\",\"name\":\"SP Supertest 450mg\/ml - Steroidi in linea\",\"isPartOf\":{\"@id\":\"https:\/\/iberoid-shop.com\/it\/#website\"},\"primaryImageOfPage\":{\"@id\":\"https:\/\/iberoid-shop.com\/it\/product\/sp-laboratories\/#primaryimage\"},\"image\":{\"@id\":\"https:\/\/iberoid-shop.com\/it\/product\/sp-laboratories\/#primaryimage\"},\"thumbnailUrl\":\"https:\/\/iberoid-shop.com\/wp-content\/uploads\/2019\/11\/supertest.jpg?v=1678120154\",\"datePublished\":\"2019-11-20T21:45:59+00:00\",\"dateModified\":\"2023-12-13T21:37:13+00:00\",\"description\":\"(Espa\u00f1ol) Descripci\u00f3n1 vial contiene 10 ml de soluci\u00f3n inyectable;Sustancias activasCada ml de SP Supertest contiene sustancias activas: acetato de testosterona 32mg, decanoato de testosterona 147mg, propionato de testosterona 73mg, fenilpropionato de testosterona 73mg, cipionato de testosterona 125mgRuta de administraci\u00f3nSolo para uso intramuscular;\",\"breadcrumb\":{\"@id\":\"https:\/\/iberoid-shop.com\/it\/product\/sp-laboratories\/#breadcrumb\"},\"inLanguage\":\"it-IT\",\"potentialAction\":[{\"@type\":\"ReadAction\",\"target\":[[\"https:\/\/iberoid-shop.com\/it\/product\/sp-laboratories\/\"]]}]},{\"@type\":\"ImageObject\",\"inLanguage\":\"it-IT\",\"@id\":\"https:\/\/iberoid-shop.com\/it\/product\/sp-laboratories\/#primaryimage\",\"url\":\"https:\/\/iberoid-shop.com\/wp-content\/uploads\/2019\/11\/supertest.jpg?v=1678120154\",\"contentUrl\":\"https:\/\/iberoid-shop.com\/wp-content\/uploads\/2019\/11\/supertest.jpg?v=1678120154\",\"width\":388,\"height\":388},{\"@type\":\"BreadcrumbList\",\"@id\":\"https:\/\/iberoid-shop.com\/it\/product\/sp-laboratories\/#breadcrumb\",\"itemListElement\":[{\"@type\":\"ListItem\",\"position\":1,\"name\":\"Portada\",\"item\":\"https:\/\/iberoid-shop.com\/it\/\"},{\"@type\":\"ListItem\",\"position\":2,\"name\":\"Negozio\",\"item\":\"https:\/\/iberoid-shop.com\/it\/shop\/\"},{\"@type\":\"ListItem\",\"position\":3,\"name\":\"SP Supertest 450mg\/ml\"}]},{\"@type\":\"WebSite\",\"@id\":\"https:\/\/iberoid-shop.com\/it\/#website\",\"url\":\"https:\/\/iberoid-shop.com\/it\/\",\"name\":\"Steroidi in linea\",\"description\":\"Acquista steroidi online oggi in Spagna e Portogallo. Abbiamo il miglior servizio clienti del settore e prodotti di altissima qualit\u00e0\",\"potentialAction\":[{\"@type\":\"SearchAction\",\"target\":{\"@type\":\"EntryPoint\",\"urlTemplate\":\"https:\/\/iberoid-shop.com\/it\/?s={search_term_string}\"},\"query-input\":{\"@type\":\"PropertyValueSpecification\",\"valueRequired\":true,\"valueName\":\"search_term_string\"}}],\"inLanguage\":\"it-IT\"}]}<\/script>\n<meta property=\"product:brand\" content=\"SP Laboratories\" \/>\n<meta property=\"product:price:amount\" content=\"55.00\" \/>\n<meta property=\"product:price:currency\" content=\"EUR\" \/>\n<meta property=\"og:availability\" content=\"out of stock\" \/>\n<meta property=\"product:availability\" content=\"out of stock\" \/>\n<meta property=\"product:condition\" content=\"new\" \/>\n<!-- \/ Yoast SEO Premium plugin. -->","yoast_head_json":{"title":"SP Supertest 450mg\/ml - Steroidi in linea","description":"(Espa\u00f1ol) Descripci\u00f3n1 vial contiene 10 ml de soluci\u00f3n inyectable;Sustancias activasCada ml de SP Supertest contiene sustancias activas: acetato de testosterona 32mg, decanoato de testosterona 147mg, propionato de testosterona 73mg, fenilpropionato de testosterona 73mg, cipionato de testosterona 125mgRuta de administraci\u00f3nSolo para uso intramuscular;","robots":{"index":"index","follow":"follow","max-snippet":"max-snippet:-1","max-image-preview":"max-image-preview:large","max-video-preview":"max-video-preview:-1"},"canonical":"https:\/\/iberoid-shop.com\/it\/product\/sp-laboratories\/","og_locale":"it_IT","og_type":"article","og_title":"SP Supertest 450mg\/ml","og_description":"(Espa\u00f1ol) Descripci\u00f3n1 vial contiene 10 ml de soluci\u00f3n inyectable;Sustancias activasCada ml de SP Supertest contiene sustancias activas: acetato de testosterona 32mg, decanoato de testosterona 147mg, propionato de testosterona 73mg, fenilpropionato de testosterona 73mg, cipionato de testosterona 125mgRuta de administraci\u00f3nSolo para uso intramuscular;","og_url":"https:\/\/iberoid-shop.com\/it\/product\/sp-laboratories\/","og_site_name":"Steroidi in linea","article_modified_time":"2023-12-13T21:37:13+00:00","og_image":[{"width":388,"height":388,"url":"https:\/\/iberoid-shop.com\/wp-content\/uploads\/2019\/11\/supertest.jpg?v=1678120154","type":"image\/jpeg"}],"twitter_card":"summary_large_image","twitter_misc":{"Prezzo":"&euro;55.00","Disponibilit\u00e0":"Esaurito"},"schema":{"@context":"https:\/\/schema.org","@graph":[{"@type":"WebPage","@id":"https:\/\/iberoid-shop.com\/it\/product\/sp-laboratories\/","url":"https:\/\/iberoid-shop.com\/it\/product\/sp-laboratories\/","name":"SP Supertest 450mg\/ml - Steroidi in linea","isPartOf":{"@id":"https:\/\/iberoid-shop.com\/it\/#website"},"primaryImageOfPage":{"@id":"https:\/\/iberoid-shop.com\/it\/product\/sp-laboratories\/#primaryimage"},"image":{"@id":"https:\/\/iberoid-shop.com\/it\/product\/sp-laboratories\/#primaryimage"},"thumbnailUrl":"https:\/\/iberoid-shop.com\/wp-content\/uploads\/2019\/11\/supertest.jpg?v=1678120154","datePublished":"2019-11-20T21:45:59+00:00","dateModified":"2023-12-13T21:37:13+00:00","description":"(Espa\u00f1ol) Descripci\u00f3n1 vial contiene 10 ml de soluci\u00f3n inyectable;Sustancias activasCada ml de SP Supertest contiene sustancias activas: acetato de testosterona 32mg, decanoato de testosterona 147mg, propionato de testosterona 73mg, fenilpropionato de testosterona 73mg, cipionato de testosterona 125mgRuta de administraci\u00f3nSolo para uso intramuscular;","breadcrumb":{"@id":"https:\/\/iberoid-shop.com\/it\/product\/sp-laboratories\/#breadcrumb"},"inLanguage":"it-IT","potentialAction":[{"@type":"ReadAction","target":[["https:\/\/iberoid-shop.com\/it\/product\/sp-laboratories\/"]]}]},{"@type":"ImageObject","inLanguage":"it-IT","@id":"https:\/\/iberoid-shop.com\/it\/product\/sp-laboratories\/#primaryimage","url":"https:\/\/iberoid-shop.com\/wp-content\/uploads\/2019\/11\/supertest.jpg?v=1678120154","contentUrl":"https:\/\/iberoid-shop.com\/wp-content\/uploads\/2019\/11\/supertest.jpg?v=1678120154","width":388,"height":388},{"@type":"BreadcrumbList","@id":"https:\/\/iberoid-shop.com\/it\/product\/sp-laboratories\/#breadcrumb","itemListElement":[{"@type":"ListItem","position":1,"name":"Portada","item":"https:\/\/iberoid-shop.com\/it\/"},{"@type":"ListItem","position":2,"name":"Negozio","item":"https:\/\/iberoid-shop.com\/it\/shop\/"},{"@type":"ListItem","position":3,"name":"SP Supertest 450mg\/ml"}]},{"@type":"WebSite","@id":"https:\/\/iberoid-shop.com\/it\/#website","url":"https:\/\/iberoid-shop.com\/it\/","name":"Steroidi in linea","description":"Acquista steroidi online oggi in Spagna e Portogallo. Abbiamo il miglior servizio clienti del settore e prodotti di altissima qualit\u00e0","potentialAction":[{"@type":"SearchAction","target":{"@type":"EntryPoint","urlTemplate":"https:\/\/iberoid-shop.com\/it\/?s={search_term_string}"},"query-input":{"@type":"PropertyValueSpecification","valueRequired":true,"valueName":"search_term_string"}}],"inLanguage":"it-IT"}]},"product_brand":"SP Laboratories","product_price_amount":"55.00","product_price_currency":"EUR","og_availability":"out of stock","product_availability":"out of stock","product_condition":"new"},"_links":{"self":[{"href":"https:\/\/iberoid-shop.com\/it\/wp-json\/wp\/v2\/product\/3145","targetHints":{"allow":["GET"]}}],"collection":[{"href":"https:\/\/iberoid-shop.com\/it\/wp-json\/wp\/v2\/product"}],"about":[{"href":"https:\/\/iberoid-shop.com\/it\/wp-json\/wp\/v2\/types\/product"}],"replies":[{"embeddable":true,"href":"https:\/\/iberoid-shop.com\/it\/wp-json\/wp\/v2\/comments?post=3145"}],"wp:featuredmedia":[{"embeddable":true,"href":"https:\/\/iberoid-shop.com\/it\/wp-json\/wp\/v2\/media\/3147"}],"wp:attachment":[{"href":"https:\/\/iberoid-shop.com\/it\/wp-json\/wp\/v2\/media?parent=3145"}],"wp:term":[{"taxonomy":"product_brand","embeddable":true,"href":"https:\/\/iberoid-shop.com\/it\/wp-json\/wp\/v2\/product_brand?post=3145"},{"taxonomy":"product_cat","embeddable":true,"href":"https:\/\/iberoid-shop.com\/it\/wp-json\/wp\/v2\/product_cat?post=3145"},{"taxonomy":"product_tag","embeddable":true,"href":"https:\/\/iberoid-shop.com\/it\/wp-json\/wp\/v2\/product_tag?post=3145"}],"curies":[{"name":"wp","href":"https:\/\/api.w.org\/{rel}","templated":true}]}}