{"id":3068,"date":"2019-11-20T20:43:50","date_gmt":"2019-11-20T20:43:50","guid":{"rendered":"https:\/\/iberoid-shop.com\/?post_type=product&#038;p=3068"},"modified":"2023-11-01T16:50:39","modified_gmt":"2023-11-01T16:50:39","slug":"oxiged","status":"publish","type":"product","link":"https:\/\/iberoid-shop.com\/it\/product\/oxiged\/","title":{"rendered":"Oxiged OXYMETHOLONE EPF"},"content":{"rendered":"<p>Anapolon \u00e8 lo steroide orale pi\u00f9 potente sul mercato. \u00c8 uno steroide per professionisti. Ha un&#8217;azione simile a quella del danabol solo che \u00e8 molto pi\u00f9 forte. \u00c8 noto tra i culturisti per evitare steroidi iniettabili, ma non \u00e8 efficace come il testosterone.<\/p>\n<p>Viene somministrato 50-100 mg al giorno per un massimo di 6 settimane, poich\u00e9 \u00e8 abbastanza tossico per il fegato. La silimarina deve essere usata per la protezione del fegato. Durante le 6 settimane ci sar\u00e0 un aumento della forza, puoi accumulare tra 10 e 15 kg durante questo periodo.<\/p>\n<p>La quantit\u00e0 di massa muscolare e la sua qualit\u00e0 dipenderanno in gran parte dalla dieta. \u00c8 necessaria una dieta ricca di proteine, 2-3 g di proteine \u200b\u200b\/ kg di corpo. Anapolon manterr\u00e0 una grande quantit\u00e0 di acqua nel corpo, questo \u00e8 vantaggioso perch\u00e9 avr\u00e0 l&#8217;effetto di &#8220;lubrificare le articolazioni&#8221;. L&#8217;acqua accumulata nel corpo verr\u00e0 eliminata alla fine del ciclo. Nel periodo post-ciclo, devono essere utilizzati tamoxifene e clomid. Anapolon pu\u00f2 essere combinato con testosterone, decadurabolina ma anche con altri steroidi. Aiuta con una rapida crescita all&#8217;inizio di lunghi cicli di steroidi. Per dare un aspetto pi\u00f9 muscoloso alla fine del ciclo, Winstrol per via orale o iniettabile pu\u00f2 essere avviato per 4 settimane.<\/p>","protected":false},"excerpt":{"rendered":"<p>Anapolon \u00e8 lo steroide orale pi\u00f9 potente sul mercato. \u00c8 uno steroide per professionisti. Ha un&#8217;azione simile a quella del<\/p>\n","protected":false},"featured_media":3070,"comment_status":"open","ping_status":"closed","template":"","meta":[],"product_brand":[],"product_cat":[73],"product_tag":[],"class_list":{"0":"post-3068","1":"product","2":"type-product","3":"status-publish","4":"has-post-thumbnail","6":"product_cat-ssteroides_orales","8":"first","9":"outofstock","10":"sale","11":"shipping-taxable","12":"purchasable","13":"product-type-simple"},"yoast_head":"<!-- This site is optimized with the Yoast SEO Premium plugin v24.4 (Yoast SEO v27.0) - https:\/\/yoast.com\/product\/yoast-seo-premium-wordpress\/ -->\n<title>Oxiged OXYMETHOLONE EPF - Steroidi in linea<\/title>\n<meta name=\"description\" content=\"(Espa\u00f1ol) El agua acumulada en el cuerpo ser\u00e1 eliminada al final del ciclo.\" \/>\n<meta name=\"robots\" content=\"index, follow, max-snippet:-1, max-image-preview:large, max-video-preview:-1\" \/>\n<link rel=\"canonical\" href=\"https:\/\/iberoid-shop.com\/it\/product\/oxiged\/\" \/>\n<meta property=\"og:locale\" content=\"it_IT\" \/>\n<meta property=\"og:type\" content=\"article\" \/>\n<meta property=\"og:title\" content=\"Oxiged OXYMETHOLONE EPF\" \/>\n<meta property=\"og:description\" content=\"(Espa\u00f1ol) El agua acumulada en el cuerpo ser\u00e1 eliminada al final del ciclo.\" \/>\n<meta property=\"og:url\" content=\"https:\/\/iberoid-shop.com\/it\/product\/oxiged\/\" \/>\n<meta property=\"og:site_name\" content=\"Steroidi in linea\" \/>\n<meta property=\"article:modified_time\" content=\"2023-11-01T16:50:39+00:00\" \/>\n<meta property=\"og:image\" content=\"https:\/\/iberoid-shop.com\/wp-content\/uploads\/2019\/11\/oxiged.jpg?v=1678120167\" \/>\n\t<meta property=\"og:image:width\" content=\"960\" \/>\n\t<meta property=\"og:image:height\" content=\"640\" \/>\n\t<meta property=\"og:image:type\" content=\"image\/jpeg\" \/>\n<meta name=\"twitter:card\" content=\"summary_large_image\" \/>\n<meta name=\"twitter:label1\" content=\"Prezzo\" \/>\n\t<meta name=\"twitter:data1\" content=\"&euro;70.00\" \/>\n\t<meta name=\"twitter:label2\" content=\"Disponibilit\u00e0\" \/>\n\t<meta name=\"twitter:data2\" content=\"Esaurito\" \/>\n<script type=\"application\/ld+json\" class=\"yoast-schema-graph\">{\"@context\":\"https:\/\/schema.org\",\"@graph\":[{\"@type\":\"WebPage\",\"@id\":\"https:\/\/iberoid-shop.com\/it\/product\/oxiged\/\",\"url\":\"https:\/\/iberoid-shop.com\/it\/product\/oxiged\/\",\"name\":\"Oxiged OXYMETHOLONE EPF - Steroidi in linea\",\"isPartOf\":{\"@id\":\"https:\/\/iberoid-shop.com\/it\/#website\"},\"primaryImageOfPage\":{\"@id\":\"https:\/\/iberoid-shop.com\/it\/product\/oxiged\/#primaryimage\"},\"image\":{\"@id\":\"https:\/\/iberoid-shop.com\/it\/product\/oxiged\/#primaryimage\"},\"thumbnailUrl\":\"https:\/\/iberoid-shop.com\/wp-content\/uploads\/2019\/11\/oxiged.jpg?v=1678120167\",\"datePublished\":\"2019-11-20T20:43:50+00:00\",\"dateModified\":\"2023-11-01T16:50:39+00:00\",\"description\":\"(Espa\u00f1ol) El agua acumulada en el cuerpo ser\u00e1 eliminada al final del ciclo.\",\"breadcrumb\":{\"@id\":\"https:\/\/iberoid-shop.com\/it\/product\/oxiged\/#breadcrumb\"},\"inLanguage\":\"it-IT\",\"potentialAction\":[{\"@type\":\"ReadAction\",\"target\":[[\"https:\/\/iberoid-shop.com\/it\/product\/oxiged\/\"]]}]},{\"@type\":\"ImageObject\",\"inLanguage\":\"it-IT\",\"@id\":\"https:\/\/iberoid-shop.com\/it\/product\/oxiged\/#primaryimage\",\"url\":\"https:\/\/iberoid-shop.com\/wp-content\/uploads\/2019\/11\/oxiged.jpg?v=1678120167\",\"contentUrl\":\"https:\/\/iberoid-shop.com\/wp-content\/uploads\/2019\/11\/oxiged.jpg?v=1678120167\",\"width\":960,\"height\":640},{\"@type\":\"BreadcrumbList\",\"@id\":\"https:\/\/iberoid-shop.com\/it\/product\/oxiged\/#breadcrumb\",\"itemListElement\":[{\"@type\":\"ListItem\",\"position\":1,\"name\":\"Portada\",\"item\":\"https:\/\/iberoid-shop.com\/it\/\"},{\"@type\":\"ListItem\",\"position\":2,\"name\":\"Negozio\",\"item\":\"https:\/\/iberoid-shop.com\/it\/shop\/\"},{\"@type\":\"ListItem\",\"position\":3,\"name\":\"Oxiged OXYMETHOLONE EPF\"}]},{\"@type\":\"WebSite\",\"@id\":\"https:\/\/iberoid-shop.com\/it\/#website\",\"url\":\"https:\/\/iberoid-shop.com\/it\/\",\"name\":\"Steroidi in linea\",\"description\":\"Acquista steroidi online oggi in Spagna e Portogallo. Abbiamo il miglior servizio clienti del settore e prodotti di altissima qualit\u00e0\",\"potentialAction\":[{\"@type\":\"SearchAction\",\"target\":{\"@type\":\"EntryPoint\",\"urlTemplate\":\"https:\/\/iberoid-shop.com\/it\/?s={search_term_string}\"},\"query-input\":{\"@type\":\"PropertyValueSpecification\",\"valueRequired\":true,\"valueName\":\"search_term_string\"}}],\"inLanguage\":\"it-IT\"}]}<\/script>\n<meta property=\"product:brand\" content=\"Euro Prime Pharmaceuticals (EPF)\" \/>\n<meta property=\"product:price:amount\" content=\"70.00\" \/>\n<meta property=\"product:price:currency\" content=\"EUR\" \/>\n<meta property=\"og:availability\" content=\"out of stock\" \/>\n<meta property=\"product:availability\" content=\"out of stock\" \/>\n<meta property=\"product:condition\" content=\"new\" \/>\n<!-- \/ Yoast SEO Premium plugin. -->","yoast_head_json":{"title":"Oxiged OXYMETHOLONE EPF - Steroidi in linea","description":"(Espa\u00f1ol) El agua acumulada en el cuerpo ser\u00e1 eliminada al final del ciclo.","robots":{"index":"index","follow":"follow","max-snippet":"max-snippet:-1","max-image-preview":"max-image-preview:large","max-video-preview":"max-video-preview:-1"},"canonical":"https:\/\/iberoid-shop.com\/it\/product\/oxiged\/","og_locale":"it_IT","og_type":"article","og_title":"Oxiged OXYMETHOLONE EPF","og_description":"(Espa\u00f1ol) El agua acumulada en el cuerpo ser\u00e1 eliminada al final del ciclo.","og_url":"https:\/\/iberoid-shop.com\/it\/product\/oxiged\/","og_site_name":"Steroidi in linea","article_modified_time":"2023-11-01T16:50:39+00:00","og_image":[{"width":960,"height":640,"url":"https:\/\/iberoid-shop.com\/wp-content\/uploads\/2019\/11\/oxiged.jpg?v=1678120167","type":"image\/jpeg"}],"twitter_card":"summary_large_image","twitter_misc":{"Prezzo":"&euro;70.00","Disponibilit\u00e0":"Esaurito"},"schema":{"@context":"https:\/\/schema.org","@graph":[{"@type":"WebPage","@id":"https:\/\/iberoid-shop.com\/it\/product\/oxiged\/","url":"https:\/\/iberoid-shop.com\/it\/product\/oxiged\/","name":"Oxiged OXYMETHOLONE EPF - Steroidi in linea","isPartOf":{"@id":"https:\/\/iberoid-shop.com\/it\/#website"},"primaryImageOfPage":{"@id":"https:\/\/iberoid-shop.com\/it\/product\/oxiged\/#primaryimage"},"image":{"@id":"https:\/\/iberoid-shop.com\/it\/product\/oxiged\/#primaryimage"},"thumbnailUrl":"https:\/\/iberoid-shop.com\/wp-content\/uploads\/2019\/11\/oxiged.jpg?v=1678120167","datePublished":"2019-11-20T20:43:50+00:00","dateModified":"2023-11-01T16:50:39+00:00","description":"(Espa\u00f1ol) El agua acumulada en el cuerpo ser\u00e1 eliminada al final del ciclo.","breadcrumb":{"@id":"https:\/\/iberoid-shop.com\/it\/product\/oxiged\/#breadcrumb"},"inLanguage":"it-IT","potentialAction":[{"@type":"ReadAction","target":[["https:\/\/iberoid-shop.com\/it\/product\/oxiged\/"]]}]},{"@type":"ImageObject","inLanguage":"it-IT","@id":"https:\/\/iberoid-shop.com\/it\/product\/oxiged\/#primaryimage","url":"https:\/\/iberoid-shop.com\/wp-content\/uploads\/2019\/11\/oxiged.jpg?v=1678120167","contentUrl":"https:\/\/iberoid-shop.com\/wp-content\/uploads\/2019\/11\/oxiged.jpg?v=1678120167","width":960,"height":640},{"@type":"BreadcrumbList","@id":"https:\/\/iberoid-shop.com\/it\/product\/oxiged\/#breadcrumb","itemListElement":[{"@type":"ListItem","position":1,"name":"Portada","item":"https:\/\/iberoid-shop.com\/it\/"},{"@type":"ListItem","position":2,"name":"Negozio","item":"https:\/\/iberoid-shop.com\/it\/shop\/"},{"@type":"ListItem","position":3,"name":"Oxiged OXYMETHOLONE EPF"}]},{"@type":"WebSite","@id":"https:\/\/iberoid-shop.com\/it\/#website","url":"https:\/\/iberoid-shop.com\/it\/","name":"Steroidi in linea","description":"Acquista steroidi online oggi in Spagna e Portogallo. Abbiamo il miglior servizio clienti del settore e prodotti di altissima qualit\u00e0","potentialAction":[{"@type":"SearchAction","target":{"@type":"EntryPoint","urlTemplate":"https:\/\/iberoid-shop.com\/it\/?s={search_term_string}"},"query-input":{"@type":"PropertyValueSpecification","valueRequired":true,"valueName":"search_term_string"}}],"inLanguage":"it-IT"}]},"product_brand":"Euro Prime Pharmaceuticals (EPF)","product_price_amount":"70.00","product_price_currency":"EUR","og_availability":"out of stock","product_availability":"out of stock","product_condition":"new"},"_links":{"self":[{"href":"https:\/\/iberoid-shop.com\/it\/wp-json\/wp\/v2\/product\/3068","targetHints":{"allow":["GET"]}}],"collection":[{"href":"https:\/\/iberoid-shop.com\/it\/wp-json\/wp\/v2\/product"}],"about":[{"href":"https:\/\/iberoid-shop.com\/it\/wp-json\/wp\/v2\/types\/product"}],"replies":[{"embeddable":true,"href":"https:\/\/iberoid-shop.com\/it\/wp-json\/wp\/v2\/comments?post=3068"}],"wp:featuredmedia":[{"embeddable":true,"href":"https:\/\/iberoid-shop.com\/it\/wp-json\/wp\/v2\/media\/3070"}],"wp:attachment":[{"href":"https:\/\/iberoid-shop.com\/it\/wp-json\/wp\/v2\/media?parent=3068"}],"wp:term":[{"taxonomy":"product_brand","embeddable":true,"href":"https:\/\/iberoid-shop.com\/it\/wp-json\/wp\/v2\/product_brand?post=3068"},{"taxonomy":"product_cat","embeddable":true,"href":"https:\/\/iberoid-shop.com\/it\/wp-json\/wp\/v2\/product_cat?post=3068"},{"taxonomy":"product_tag","embeddable":true,"href":"https:\/\/iberoid-shop.com\/it\/wp-json\/wp\/v2\/product_tag?post=3068"}],"curies":[{"name":"wp","href":"https:\/\/api.w.org\/{rel}","templated":true}]}}