{"id":3056,"date":"2019-11-20T20:38:27","date_gmt":"2019-11-20T20:38:27","guid":{"rendered":"https:\/\/iberoid-shop.com\/?post_type=product&#038;p=3056"},"modified":"2024-11-07T13:12:07","modified_gmt":"2024-11-07T13:12:07","slug":"dianoged","status":"publish","type":"product","link":"https:\/\/iberoid-shop.com\/it\/product\/dianoged\/","title":{"rendered":"Dianoged DiANABOL"},"content":{"rendered":"<p>Danabol o naposim, come \u00e8 pi\u00f9 noto a noi nel paese, \u00e8 lo steroide orale pi\u00f9 popolare. Porta rapidi aumenti di massa e forza, motivo per cui la maggior parte dei principianti ne sono attratti.<br \/>\n\u00c8 uno dei pi\u00f9 antichi steroidi anabolizzanti nel mondo di tutti i tempi.<\/p>\n<p>Danabol \u00e8 lo steroide orale pi\u00f9 utilizzato. \u00c8 lui che ha iniziato l&#8217;era delle sostanze e del fisico che migliorano le prestazioni. \u00c8 stato anche adottato in medicina. \u00c8 stato progettato per essere anabolico come il testosterone, ma senza effetti androgeni pronunciati e azione rapida.<\/p>\n<p>Naposim o danabol esercita un&#8217;azione fortemente anabolica e androgena. Aiuta nella sintesi proteica, nella ritenzione di azoto e nella glicogenolisi. La dose abituale \u00e8 compresa tra 40 mg e 100 mg. Viene somministrato per un periodo di 6 settimane.<\/p>\n<p>Durante le 6 settimane ci sar\u00e0 un aumento della forza, puoi accumulare tra 10 e 15 kg durante questo periodo. La quantit\u00e0 di massa muscolare e la sua qualit\u00e0 dipenderanno in gran parte dalla dieta. \u00c8 necessaria una dieta ricca di proteine, 2-3 g di proteine \u200b\u200b\/ kg di corpo.<\/p>\n<p>Danabol (naposim) manterr\u00e0 molta acqua nel corpo, questo \u00e8 vantaggioso perch\u00e9 avr\u00e0 l&#8217;effetto di &#8220;lubrificare le articolazioni&#8221;. L&#8217;acqua accumulata nel corpo verr\u00e0 eliminata alla fine del ciclo. Nel periodo post-ciclo, devono essere utilizzati tamoxifene e clomid.<\/p>\n<p>Naposim pu\u00f2 essere combinato con testosterone, decadurabolina ma anche con altri steroidi. Aiuta con una rapida crescita all&#8217;inizio di lunghi cicli di steroidi. Per dare un aspetto pi\u00f9 muscoloso alla fine del ciclo, Winstrol per via orale o iniettabile pu\u00f2 essere avviato per 4 settimane.<\/p>","protected":false},"excerpt":{"rendered":"<p>Danabol o naposim, come \u00e8 pi\u00f9 noto a noi nel paese, \u00e8 lo steroide orale pi\u00f9 popolare. Porta rapidi aumenti<\/p>\n","protected":false},"featured_media":3058,"comment_status":"open","ping_status":"closed","template":"","meta":[],"product_brand":[],"product_cat":[73],"product_tag":[],"class_list":{"0":"post-3056","1":"product","2":"type-product","3":"status-publish","4":"has-post-thumbnail","6":"product_cat-ssteroides_orales","8":"first","9":"outofstock","10":"sale","11":"shipping-taxable","12":"purchasable","13":"product-type-simple"},"yoast_head":"<!-- This site is optimized with the Yoast SEO Premium plugin v24.4 (Yoast SEO v27.3) - https:\/\/yoast.com\/product\/yoast-seo-premium-wordpress\/ -->\n<title>Dianoged DiANABOL - Steroidi in linea<\/title>\n<meta name=\"description\" content=\"(Espa\u00f1ol) Danabol o naposim, como es mejor conocido por nosotros en el pa\u00eds, es el esteroide oral m\u00e1s popular. Danabol es el esteroide oral m\u00e1s utilizado.\" \/>\n<meta name=\"robots\" content=\"index, follow, max-snippet:-1, max-image-preview:large, max-video-preview:-1\" \/>\n<link rel=\"canonical\" href=\"https:\/\/iberoid-shop.com\/it\/product\/dianoged\/\" \/>\n<meta property=\"og:locale\" content=\"it_IT\" \/>\n<meta property=\"og:type\" content=\"article\" \/>\n<meta property=\"og:title\" content=\"Dianoged DiANABOL\" \/>\n<meta property=\"og:description\" content=\"(Espa\u00f1ol) Danabol o naposim, como es mejor conocido por nosotros en el pa\u00eds, es el esteroide oral m\u00e1s popular. Danabol es el esteroide oral m\u00e1s utilizado.\" \/>\n<meta property=\"og:url\" content=\"https:\/\/iberoid-shop.com\/it\/product\/dianoged\/\" \/>\n<meta property=\"og:site_name\" content=\"Steroidi in linea\" \/>\n<meta property=\"article:modified_time\" content=\"2024-11-07T13:12:07+00:00\" \/>\n<meta property=\"og:image\" content=\"https:\/\/iberoid-shop.com\/wp-content\/uploads\/2019\/11\/dianoged.jpg?v=1698920095\" \/>\n\t<meta property=\"og:image:width\" content=\"700\" \/>\n\t<meta property=\"og:image:height\" content=\"700\" \/>\n\t<meta property=\"og:image:type\" content=\"image\/jpeg\" \/>\n<meta name=\"twitter:card\" content=\"summary_large_image\" \/>\n<meta name=\"twitter:label1\" content=\"Prezzo\" \/>\n\t<meta name=\"twitter:data1\" content=\"&euro;30.00\" \/>\n\t<meta name=\"twitter:label2\" content=\"Disponibilit\u00e0\" \/>\n\t<meta name=\"twitter:data2\" content=\"Esaurito\" \/>\n<script type=\"application\/ld+json\" class=\"yoast-schema-graph\">{\"@context\":\"https:\\\/\\\/schema.org\",\"@graph\":[{\"@type\":\"WebPage\",\"@id\":\"https:\\\/\\\/iberoid-shop.com\\\/it\\\/product\\\/dianoged\\\/\",\"url\":\"https:\\\/\\\/iberoid-shop.com\\\/it\\\/product\\\/dianoged\\\/\",\"name\":\"Dianoged DiANABOL - Steroidi in linea\",\"isPartOf\":{\"@id\":\"https:\\\/\\\/iberoid-shop.com\\\/it\\\/#website\"},\"primaryImageOfPage\":{\"@id\":\"https:\\\/\\\/iberoid-shop.com\\\/it\\\/product\\\/dianoged\\\/#primaryimage\"},\"image\":{\"@id\":\"https:\\\/\\\/iberoid-shop.com\\\/it\\\/product\\\/dianoged\\\/#primaryimage\"},\"thumbnailUrl\":\"https:\\\/\\\/iberoid-shop.com\\\/wp-content\\\/uploads\\\/2019\\\/11\\\/dianoged.jpg?v=1698920095\",\"datePublished\":\"2019-11-20T20:38:27+00:00\",\"dateModified\":\"2024-11-07T13:12:07+00:00\",\"description\":\"(Espa\u00f1ol) Danabol o naposim, como es mejor conocido por nosotros en el pa\u00eds, es el esteroide oral m\u00e1s popular. Danabol es el esteroide oral m\u00e1s utilizado.\",\"breadcrumb\":{\"@id\":\"https:\\\/\\\/iberoid-shop.com\\\/it\\\/product\\\/dianoged\\\/#breadcrumb\"},\"inLanguage\":\"it-IT\",\"potentialAction\":[{\"@type\":\"ReadAction\",\"target\":[[\"https:\\\/\\\/iberoid-shop.com\\\/it\\\/product\\\/dianoged\\\/\"]]}]},{\"@type\":\"ImageObject\",\"inLanguage\":\"it-IT\",\"@id\":\"https:\\\/\\\/iberoid-shop.com\\\/it\\\/product\\\/dianoged\\\/#primaryimage\",\"url\":\"https:\\\/\\\/iberoid-shop.com\\\/wp-content\\\/uploads\\\/2019\\\/11\\\/dianoged.jpg?v=1698920095\",\"contentUrl\":\"https:\\\/\\\/iberoid-shop.com\\\/wp-content\\\/uploads\\\/2019\\\/11\\\/dianoged.jpg?v=1698920095\",\"width\":700,\"height\":700},{\"@type\":\"BreadcrumbList\",\"@id\":\"https:\\\/\\\/iberoid-shop.com\\\/it\\\/product\\\/dianoged\\\/#breadcrumb\",\"itemListElement\":[{\"@type\":\"ListItem\",\"position\":1,\"name\":\"Portada\",\"item\":\"https:\\\/\\\/iberoid-shop.com\\\/it\\\/\"},{\"@type\":\"ListItem\",\"position\":2,\"name\":\"Negozio\",\"item\":\"https:\\\/\\\/iberoid-shop.com\\\/it\\\/shop\\\/\"},{\"@type\":\"ListItem\",\"position\":3,\"name\":\"Dianoged DiANABOL\"}]},{\"@type\":\"WebSite\",\"@id\":\"https:\\\/\\\/iberoid-shop.com\\\/it\\\/#website\",\"url\":\"https:\\\/\\\/iberoid-shop.com\\\/it\\\/\",\"name\":\"Steroidi in linea\",\"description\":\"Acquista steroidi online oggi in Spagna e Portogallo. Abbiamo il miglior servizio clienti del settore e prodotti di altissima qualit\u00e0\",\"potentialAction\":[{\"@type\":\"SearchAction\",\"target\":{\"@type\":\"EntryPoint\",\"urlTemplate\":\"https:\\\/\\\/iberoid-shop.com\\\/it\\\/?s={search_term_string}\"},\"query-input\":{\"@type\":\"PropertyValueSpecification\",\"valueRequired\":true,\"valueName\":\"search_term_string\"}}],\"inLanguage\":\"it-IT\"}]}<\/script>\n<meta property=\"product:brand\" content=\"Euro Prime Pharmaceuticals (EPF)\" \/>\n<meta property=\"product:price:amount\" content=\"30.00\" \/>\n<meta property=\"product:price:currency\" content=\"EUR\" \/>\n<meta property=\"og:availability\" content=\"out of stock\" \/>\n<meta property=\"product:availability\" content=\"out of stock\" \/>\n<meta property=\"product:condition\" content=\"new\" \/>\n<!-- \/ Yoast SEO Premium plugin. -->","yoast_head_json":{"title":"Dianoged DiANABOL - Steroidi in linea","description":"(Espa\u00f1ol) Danabol o naposim, como es mejor conocido por nosotros en el pa\u00eds, es el esteroide oral m\u00e1s popular. Danabol es el esteroide oral m\u00e1s utilizado.","robots":{"index":"index","follow":"follow","max-snippet":"max-snippet:-1","max-image-preview":"max-image-preview:large","max-video-preview":"max-video-preview:-1"},"canonical":"https:\/\/iberoid-shop.com\/it\/product\/dianoged\/","og_locale":"it_IT","og_type":"article","og_title":"Dianoged DiANABOL","og_description":"(Espa\u00f1ol) Danabol o naposim, como es mejor conocido por nosotros en el pa\u00eds, es el esteroide oral m\u00e1s popular. Danabol es el esteroide oral m\u00e1s utilizado.","og_url":"https:\/\/iberoid-shop.com\/it\/product\/dianoged\/","og_site_name":"Steroidi in linea","article_modified_time":"2024-11-07T13:12:07+00:00","og_image":[{"width":700,"height":700,"url":"https:\/\/iberoid-shop.com\/wp-content\/uploads\/2019\/11\/dianoged.jpg?v=1698920095","type":"image\/jpeg"}],"twitter_card":"summary_large_image","twitter_misc":{"Prezzo":"&euro;30.00","Disponibilit\u00e0":"Esaurito"},"schema":{"@context":"https:\/\/schema.org","@graph":[{"@type":"WebPage","@id":"https:\/\/iberoid-shop.com\/it\/product\/dianoged\/","url":"https:\/\/iberoid-shop.com\/it\/product\/dianoged\/","name":"Dianoged DiANABOL - Steroidi in linea","isPartOf":{"@id":"https:\/\/iberoid-shop.com\/it\/#website"},"primaryImageOfPage":{"@id":"https:\/\/iberoid-shop.com\/it\/product\/dianoged\/#primaryimage"},"image":{"@id":"https:\/\/iberoid-shop.com\/it\/product\/dianoged\/#primaryimage"},"thumbnailUrl":"https:\/\/iberoid-shop.com\/wp-content\/uploads\/2019\/11\/dianoged.jpg?v=1698920095","datePublished":"2019-11-20T20:38:27+00:00","dateModified":"2024-11-07T13:12:07+00:00","description":"(Espa\u00f1ol) Danabol o naposim, como es mejor conocido por nosotros en el pa\u00eds, es el esteroide oral m\u00e1s popular. Danabol es el esteroide oral m\u00e1s utilizado.","breadcrumb":{"@id":"https:\/\/iberoid-shop.com\/it\/product\/dianoged\/#breadcrumb"},"inLanguage":"it-IT","potentialAction":[{"@type":"ReadAction","target":[["https:\/\/iberoid-shop.com\/it\/product\/dianoged\/"]]}]},{"@type":"ImageObject","inLanguage":"it-IT","@id":"https:\/\/iberoid-shop.com\/it\/product\/dianoged\/#primaryimage","url":"https:\/\/iberoid-shop.com\/wp-content\/uploads\/2019\/11\/dianoged.jpg?v=1698920095","contentUrl":"https:\/\/iberoid-shop.com\/wp-content\/uploads\/2019\/11\/dianoged.jpg?v=1698920095","width":700,"height":700},{"@type":"BreadcrumbList","@id":"https:\/\/iberoid-shop.com\/it\/product\/dianoged\/#breadcrumb","itemListElement":[{"@type":"ListItem","position":1,"name":"Portada","item":"https:\/\/iberoid-shop.com\/it\/"},{"@type":"ListItem","position":2,"name":"Negozio","item":"https:\/\/iberoid-shop.com\/it\/shop\/"},{"@type":"ListItem","position":3,"name":"Dianoged DiANABOL"}]},{"@type":"WebSite","@id":"https:\/\/iberoid-shop.com\/it\/#website","url":"https:\/\/iberoid-shop.com\/it\/","name":"Steroidi in linea","description":"Acquista steroidi online oggi in Spagna e Portogallo. Abbiamo il miglior servizio clienti del settore e prodotti di altissima qualit\u00e0","potentialAction":[{"@type":"SearchAction","target":{"@type":"EntryPoint","urlTemplate":"https:\/\/iberoid-shop.com\/it\/?s={search_term_string}"},"query-input":{"@type":"PropertyValueSpecification","valueRequired":true,"valueName":"search_term_string"}}],"inLanguage":"it-IT"}]},"product_brand":"Euro Prime Pharmaceuticals (EPF)","product_price_amount":"30.00","product_price_currency":"EUR","og_availability":"out of stock","product_availability":"out of stock","product_condition":"new"},"_links":{"self":[{"href":"https:\/\/iberoid-shop.com\/it\/wp-json\/wp\/v2\/product\/3056","targetHints":{"allow":["GET"]}}],"collection":[{"href":"https:\/\/iberoid-shop.com\/it\/wp-json\/wp\/v2\/product"}],"about":[{"href":"https:\/\/iberoid-shop.com\/it\/wp-json\/wp\/v2\/types\/product"}],"replies":[{"embeddable":true,"href":"https:\/\/iberoid-shop.com\/it\/wp-json\/wp\/v2\/comments?post=3056"}],"wp:featuredmedia":[{"embeddable":true,"href":"https:\/\/iberoid-shop.com\/it\/wp-json\/wp\/v2\/media\/3058"}],"wp:attachment":[{"href":"https:\/\/iberoid-shop.com\/it\/wp-json\/wp\/v2\/media?parent=3056"}],"wp:term":[{"taxonomy":"product_brand","embeddable":true,"href":"https:\/\/iberoid-shop.com\/it\/wp-json\/wp\/v2\/product_brand?post=3056"},{"taxonomy":"product_cat","embeddable":true,"href":"https:\/\/iberoid-shop.com\/it\/wp-json\/wp\/v2\/product_cat?post=3056"},{"taxonomy":"product_tag","embeddable":true,"href":"https:\/\/iberoid-shop.com\/it\/wp-json\/wp\/v2\/product_tag?post=3056"}],"curies":[{"name":"wp","href":"https:\/\/api.w.org\/{rel}","templated":true}]}}