{"id":3044,"date":"2019-11-20T20:20:45","date_gmt":"2019-11-20T20:20:45","guid":{"rendered":"https:\/\/iberoid-shop.com\/?post_type=product&#038;p=3044"},"modified":"2026-01-11T18:07:07","modified_gmt":"2026-01-11T18:07:07","slug":"anavarged","status":"publish","type":"product","link":"https:\/\/iberoid-shop.com\/it\/product\/anavarged\/","title":{"rendered":"Anavarged OXANDROLON"},"content":{"rendered":"<p>Oxandrolone o anavar, come viene chiamato, non \u00e8 uno steroide che costruisce la massa muscolare ma rompe anche i tessuti adiposi. Dopo la fine del ciclo con oxandrolone, puoi perdere massa muscolare, sarebbe meglio seguire una terapia post-ciclo. Il ciclo con anavar pu\u00f2 durare fino a 12 settimane.<\/p>\n<p>\u00c8 necessario somministrare per un minimo di 6 settimane. L&#8217;oxandrolone viene utilizzato dagli atleti che desiderano ottenere una massa muscolare di qualit\u00e0 senza effetti collaterali e aumenter\u00e0 la loro forza. \u00c8 anabolico come il testosterone, ma non guadagnerai la massa muscolare alla fine del ciclo perch\u00e9 l&#8217;oxandrolone non trattiene l&#8217;acqua nel corpo.<\/p>\n<p>\u00c8 uno steroide molto buono per coloro che vogliono la definizione e la combustione dei grassi. Non avendo effetti collaterali, pu\u00f2 essere usato dalle donne. Il tamoxifene non verr\u00e0 utilizzato perch\u00e9 anavar \u00e8 insapore. \u00c8 un prodotto spesso utilizzato da atleti e nuotatori.<\/p>\n<p>La dose giornaliera raccomandata \u00e8 di 30-60 mg al giorno. Nei circoli alimentari Anavar \u00e8 usato per bruciare i grassi, ma anche per aumentare l&#8217;effetto anabolico degli steroidi come testosterone smaltato, parabolano o trenbolone. L&#8217;oxandrolone in linea di principio non influenza il livello dell&#8217;ormone androgeno stesso.<\/p>","protected":false},"excerpt":{"rendered":"<p>Oxandrolone o anavar, come viene chiamato, non \u00e8 uno steroide che costruisce la massa muscolare ma rompe anche i tessuti<\/p>\n","protected":false},"featured_media":10470,"comment_status":"open","ping_status":"closed","template":"","meta":[],"product_brand":[3528],"product_cat":[73],"product_tag":[],"class_list":{"0":"post-3044","1":"product","2":"type-product","3":"status-publish","4":"has-post-thumbnail","6":"product_brand-epf-premium","7":"product_cat-ssteroides_orales","9":"first","10":"instock","11":"sale","12":"shipping-taxable","13":"purchasable","14":"product-type-simple"},"yoast_head":"<!-- This site is optimized with the Yoast SEO Premium plugin v24.4 (Yoast SEO v27.0) - https:\/\/yoast.com\/product\/yoast-seo-premium-wordpress\/ -->\n<title>Anavarged OXANDROLON - Steroidi in linea<\/title>\n<meta name=\"description\" content=\"Oxandrolone (Anavar) \u00e8 uno steroide per definizione e brucia grassi, che offre massa muscolare di qualit\u00e0 e forza senza ritenzione idrica, utilizzabile dalle donne.\" \/>\n<meta name=\"robots\" content=\"index, follow, max-snippet:-1, max-image-preview:large, max-video-preview:-1\" \/>\n<link rel=\"canonical\" href=\"https:\/\/iberoid-shop.com\/it\/product\/anavarged\/\" \/>\n<meta property=\"og:locale\" content=\"it_IT\" \/>\n<meta property=\"og:type\" content=\"article\" \/>\n<meta property=\"og:title\" content=\"Anavarged OXANDROLON\" \/>\n<meta property=\"og:description\" content=\"Oxandrolone (Anavar) \u00e8 uno steroide per definizione e brucia grassi, che offre massa muscolare di qualit\u00e0 e forza senza ritenzione idrica, utilizzabile dalle donne.\" \/>\n<meta property=\"og:url\" content=\"https:\/\/iberoid-shop.com\/it\/product\/anavarged\/\" \/>\n<meta property=\"og:site_name\" content=\"Steroidi in linea\" \/>\n<meta property=\"article:modified_time\" content=\"2026-01-11T18:07:07+00:00\" \/>\n<meta property=\"og:image\" content=\"https:\/\/iberoid-shop.com\/wp-content\/uploads\/2019\/11\/ANGED.jpeg?v=1765710320\" \/>\n\t<meta property=\"og:image:width\" content=\"1200\" \/>\n\t<meta property=\"og:image:height\" content=\"825\" \/>\n\t<meta property=\"og:image:type\" content=\"image\/jpeg\" \/>\n<meta name=\"twitter:card\" content=\"summary_large_image\" \/>\n<meta name=\"twitter:label1\" content=\"Prezzo\" \/>\n\t<meta name=\"twitter:data1\" content=\"&euro;75.00\" \/>\n\t<meta name=\"twitter:label2\" content=\"Disponibilit\u00e0\" \/>\n\t<meta name=\"twitter:data2\" content=\"In stock\" \/>\n<script type=\"application\/ld+json\" class=\"yoast-schema-graph\">{\"@context\":\"https:\/\/schema.org\",\"@graph\":[{\"@type\":\"WebPage\",\"@id\":\"https:\/\/iberoid-shop.com\/it\/product\/anavarged\/\",\"url\":\"https:\/\/iberoid-shop.com\/it\/product\/anavarged\/\",\"name\":\"Anavarged OXANDROLON - Steroidi in linea\",\"isPartOf\":{\"@id\":\"https:\/\/iberoid-shop.com\/it\/#website\"},\"primaryImageOfPage\":{\"@id\":\"https:\/\/iberoid-shop.com\/it\/product\/anavarged\/#primaryimage\"},\"image\":{\"@id\":\"https:\/\/iberoid-shop.com\/it\/product\/anavarged\/#primaryimage\"},\"thumbnailUrl\":\"https:\/\/iberoid-shop.com\/wp-content\/uploads\/2019\/11\/ANGED.jpeg?v=1765710320\",\"datePublished\":\"2019-11-20T20:20:45+00:00\",\"dateModified\":\"2026-01-11T18:07:07+00:00\",\"description\":\"Oxandrolone (Anavar) \u00e8 uno steroide per definizione e brucia grassi, che offre massa muscolare di qualit\u00e0 e forza senza ritenzione idrica, utilizzabile dalle donne.\",\"breadcrumb\":{\"@id\":\"https:\/\/iberoid-shop.com\/it\/product\/anavarged\/#breadcrumb\"},\"inLanguage\":\"it-IT\",\"potentialAction\":[{\"@type\":\"ReadAction\",\"target\":[[\"https:\/\/iberoid-shop.com\/it\/product\/anavarged\/\"]]}]},{\"@type\":\"ImageObject\",\"inLanguage\":\"it-IT\",\"@id\":\"https:\/\/iberoid-shop.com\/it\/product\/anavarged\/#primaryimage\",\"url\":\"https:\/\/iberoid-shop.com\/wp-content\/uploads\/2019\/11\/ANGED.jpeg?v=1765710320\",\"contentUrl\":\"https:\/\/iberoid-shop.com\/wp-content\/uploads\/2019\/11\/ANGED.jpeg?v=1765710320\",\"width\":1200,\"height\":825},{\"@type\":\"BreadcrumbList\",\"@id\":\"https:\/\/iberoid-shop.com\/it\/product\/anavarged\/#breadcrumb\",\"itemListElement\":[{\"@type\":\"ListItem\",\"position\":1,\"name\":\"Portada\",\"item\":\"https:\/\/iberoid-shop.com\/it\/\"},{\"@type\":\"ListItem\",\"position\":2,\"name\":\"Negozio\",\"item\":\"https:\/\/iberoid-shop.com\/it\/shop\/\"},{\"@type\":\"ListItem\",\"position\":3,\"name\":\"Anavarged OXANDROLON\"}]},{\"@type\":\"WebSite\",\"@id\":\"https:\/\/iberoid-shop.com\/it\/#website\",\"url\":\"https:\/\/iberoid-shop.com\/it\/\",\"name\":\"Steroidi in linea\",\"description\":\"Acquista steroidi online oggi in Spagna e Portogallo. Abbiamo il miglior servizio clienti del settore e prodotti di altissima qualit\u00e0\",\"potentialAction\":[{\"@type\":\"SearchAction\",\"target\":{\"@type\":\"EntryPoint\",\"urlTemplate\":\"https:\/\/iberoid-shop.com\/it\/?s={search_term_string}\"},\"query-input\":{\"@type\":\"PropertyValueSpecification\",\"valueRequired\":true,\"valueName\":\"search_term_string\"}}],\"inLanguage\":\"it-IT\"}]}<\/script>\n<meta property=\"product:brand\" content=\"Euro Prime Pharmaceuticals (EPF)\" \/>\n<meta property=\"product:price:amount\" content=\"75.00\" \/>\n<meta property=\"product:price:currency\" content=\"EUR\" \/>\n<meta property=\"og:availability\" content=\"instock\" \/>\n<meta property=\"product:availability\" content=\"instock\" \/>\n<meta property=\"product:condition\" content=\"new\" \/>\n<!-- \/ Yoast SEO Premium plugin. -->","yoast_head_json":{"title":"Anavarged OXANDROLON - Steroidi in linea","description":"Oxandrolone (Anavar) \u00e8 uno steroide per definizione e brucia grassi, che offre massa muscolare di qualit\u00e0 e forza senza ritenzione idrica, utilizzabile dalle donne.","robots":{"index":"index","follow":"follow","max-snippet":"max-snippet:-1","max-image-preview":"max-image-preview:large","max-video-preview":"max-video-preview:-1"},"canonical":"https:\/\/iberoid-shop.com\/it\/product\/anavarged\/","og_locale":"it_IT","og_type":"article","og_title":"Anavarged OXANDROLON","og_description":"Oxandrolone (Anavar) \u00e8 uno steroide per definizione e brucia grassi, che offre massa muscolare di qualit\u00e0 e forza senza ritenzione idrica, utilizzabile dalle donne.","og_url":"https:\/\/iberoid-shop.com\/it\/product\/anavarged\/","og_site_name":"Steroidi in linea","article_modified_time":"2026-01-11T18:07:07+00:00","og_image":[{"width":1200,"height":825,"url":"https:\/\/iberoid-shop.com\/wp-content\/uploads\/2019\/11\/ANGED.jpeg?v=1765710320","type":"image\/jpeg"}],"twitter_card":"summary_large_image","twitter_misc":{"Prezzo":"&euro;75.00","Disponibilit\u00e0":"In stock"},"schema":{"@context":"https:\/\/schema.org","@graph":[{"@type":"WebPage","@id":"https:\/\/iberoid-shop.com\/it\/product\/anavarged\/","url":"https:\/\/iberoid-shop.com\/it\/product\/anavarged\/","name":"Anavarged OXANDROLON - Steroidi in linea","isPartOf":{"@id":"https:\/\/iberoid-shop.com\/it\/#website"},"primaryImageOfPage":{"@id":"https:\/\/iberoid-shop.com\/it\/product\/anavarged\/#primaryimage"},"image":{"@id":"https:\/\/iberoid-shop.com\/it\/product\/anavarged\/#primaryimage"},"thumbnailUrl":"https:\/\/iberoid-shop.com\/wp-content\/uploads\/2019\/11\/ANGED.jpeg?v=1765710320","datePublished":"2019-11-20T20:20:45+00:00","dateModified":"2026-01-11T18:07:07+00:00","description":"Oxandrolone (Anavar) \u00e8 uno steroide per definizione e brucia grassi, che offre massa muscolare di qualit\u00e0 e forza senza ritenzione idrica, utilizzabile dalle donne.","breadcrumb":{"@id":"https:\/\/iberoid-shop.com\/it\/product\/anavarged\/#breadcrumb"},"inLanguage":"it-IT","potentialAction":[{"@type":"ReadAction","target":[["https:\/\/iberoid-shop.com\/it\/product\/anavarged\/"]]}]},{"@type":"ImageObject","inLanguage":"it-IT","@id":"https:\/\/iberoid-shop.com\/it\/product\/anavarged\/#primaryimage","url":"https:\/\/iberoid-shop.com\/wp-content\/uploads\/2019\/11\/ANGED.jpeg?v=1765710320","contentUrl":"https:\/\/iberoid-shop.com\/wp-content\/uploads\/2019\/11\/ANGED.jpeg?v=1765710320","width":1200,"height":825},{"@type":"BreadcrumbList","@id":"https:\/\/iberoid-shop.com\/it\/product\/anavarged\/#breadcrumb","itemListElement":[{"@type":"ListItem","position":1,"name":"Portada","item":"https:\/\/iberoid-shop.com\/it\/"},{"@type":"ListItem","position":2,"name":"Negozio","item":"https:\/\/iberoid-shop.com\/it\/shop\/"},{"@type":"ListItem","position":3,"name":"Anavarged OXANDROLON"}]},{"@type":"WebSite","@id":"https:\/\/iberoid-shop.com\/it\/#website","url":"https:\/\/iberoid-shop.com\/it\/","name":"Steroidi in linea","description":"Acquista steroidi online oggi in Spagna e Portogallo. Abbiamo il miglior servizio clienti del settore e prodotti di altissima qualit\u00e0","potentialAction":[{"@type":"SearchAction","target":{"@type":"EntryPoint","urlTemplate":"https:\/\/iberoid-shop.com\/it\/?s={search_term_string}"},"query-input":{"@type":"PropertyValueSpecification","valueRequired":true,"valueName":"search_term_string"}}],"inLanguage":"it-IT"}]},"product_brand":"Euro Prime Pharmaceuticals (EPF)","product_price_amount":"75.00","product_price_currency":"EUR","og_availability":"instock","product_availability":"instock","product_condition":"new"},"_links":{"self":[{"href":"https:\/\/iberoid-shop.com\/it\/wp-json\/wp\/v2\/product\/3044","targetHints":{"allow":["GET"]}}],"collection":[{"href":"https:\/\/iberoid-shop.com\/it\/wp-json\/wp\/v2\/product"}],"about":[{"href":"https:\/\/iberoid-shop.com\/it\/wp-json\/wp\/v2\/types\/product"}],"replies":[{"embeddable":true,"href":"https:\/\/iberoid-shop.com\/it\/wp-json\/wp\/v2\/comments?post=3044"}],"wp:featuredmedia":[{"embeddable":true,"href":"https:\/\/iberoid-shop.com\/it\/wp-json\/wp\/v2\/media\/10470"}],"wp:attachment":[{"href":"https:\/\/iberoid-shop.com\/it\/wp-json\/wp\/v2\/media?parent=3044"}],"wp:term":[{"taxonomy":"product_brand","embeddable":true,"href":"https:\/\/iberoid-shop.com\/it\/wp-json\/wp\/v2\/product_brand?post=3044"},{"taxonomy":"product_cat","embeddable":true,"href":"https:\/\/iberoid-shop.com\/it\/wp-json\/wp\/v2\/product_cat?post=3044"},{"taxonomy":"product_tag","embeddable":true,"href":"https:\/\/iberoid-shop.com\/it\/wp-json\/wp\/v2\/product_tag?post=3044"}],"curies":[{"name":"wp","href":"https:\/\/api.w.org\/{rel}","templated":true}]}}