{"id":3027,"date":"2019-11-20T19:39:32","date_gmt":"2019-11-20T19:39:32","guid":{"rendered":"https:\/\/iberoid-shop.com\/?post_type=product&#038;p=3027"},"modified":"2024-08-06T21:26:35","modified_gmt":"2024-08-06T21:26:35","slug":"strombafort","status":"publish","type":"product","link":"https:\/\/iberoid-shop.com\/it\/product\/strombafort\/","title":{"rendered":"Strombafort BALKAN NEW LINE"},"content":{"rendered":"<p>Strombafort si fece strada nel business e divenne uno dei preferiti per lo sport. Corpo attraente, pompaggio impressionante ma senza problemi estrogenici che rendono felici milioni di ciclisti e Strombafort Balkan AAS Pills: la superstar.<\/p>\n<p>Uno pu\u00f2 ricevere pi\u00f9 benefici e quasi zero problemi, Strombafort \u00e8 il pi\u00f9 sicuro AS disponibile che opera un rapporto anabolico pi\u00f9 elevato. Balkan Roid Stanozolol Pills ha definito i corpi sexy del mondo, stimolato a creare centinaia di campioni sportivi e curato i pi\u00f9 noti atleti professionisti.<\/p>\n<p>Se vuoi 2 guadagnare 16 chili in meno per trenta giorni con le compresse di steroidi Stromba, allora hai perso. Strombafort 10 mg: uno strumento che eliminer\u00e0 il grasso corporeo, offre resistenza e massa lacerata.<\/p>\n<p>Effetti Strombafort<br \/>\nQuesto AS scioglier\u00e0 il peso in eccesso, disegner\u00e0 una pancia piatta e manterr\u00e0 i muscoli a dieta dura. Saggio vantaggio di Strombafort BP: perdita di peso, alta qualit\u00e0, ciclo della pompa.<\/p>\n<p>Elimina il grasso in eccesso, protegge i muscoli.<br \/>\nMassimizza la resistenza e la velocit\u00e0.<br \/>\nIl gonfiore viene rimosso.<br \/>\nAccelera il metabolismo del corpo.<br \/>\nOffre un&#8217;immagine scolpita, compone il fisico sottile.<br \/>\nDosaggio Strombafort, ciclo, batterie<br \/>\nProva il servizio come sovralimentazione turbo per ogni pila e puoi attirare pi\u00f9 guadagni di Strombafort sul pezzo finale. L&#8217;ormone T deve integrare il combo Stanozolol: i predatori che amano il succo duro e scelgono di caricarsi in questo modo dovrebbero davvero capirlo.<\/p>\n<p>In combinazione con Equipoise Oral Winstrol puoi aggiungere 5 chili di peso. La miscela ottimale ottimale 40 di Stanozolol Balkan + Sustamed 250 500 mg dovrebbe sviluppare una buona qualit\u00e0 alla rinfusa per sole 4 settimane. Per la cura dei legamenti, fornire cento milligrammi di polvere per ogni ciclo di Strombafort.<\/p>\n<p>Masteron: il miglior stack privo di rischi per guadagni muscolari con un gonfiamento minimo. Quasi tutti i bagnanti molto prima di qualsiasi mese caldo applicano Drostanolone in combinazione con Stanozolol.<\/p>\n<p>Considera Strombafort se sei preoccupato per gli effetti collaterali indesiderati. Quaranta mg al giorno (cinquanta giorni), semplicemente eccitanti e ordinari, saranno perfetti per chiunque. Strombafort 10 mg da solo pu\u00f2 essere generalmente utilizzato per migliorare le prestazioni in atletica o MMA, \u00e8 inutile per i bodybuilder.<\/p>\n<p>Stromba pu\u00f2 sorprendere tutti e rivelare i migliori guadagni con Trenbolone-Mix. Le miscele insieme al trenbolone dovrebbero strappare tutto il peso, aggiungere muscoli grandi. Includi un po &#8216;di Sustanon per aumentare la libido e usa il tuo ciclo in piena forza.<\/p>\n<p>Svantaggi di Strombafort<br \/>\nSuperset e pump, esercizi estremi: il miglior campo per lo Strombafort orale. Lo stanozololo ha sempre avuto un posto nella scelta dei cappotti da palestra pi\u00f9 sicuri, spesso il bodybuilder pu\u00f2 avere una distorsione che lavora al massimo peso o pu\u00f2 trascurare l&#8217;allenamento precedente. 2 Essere un bodybuilder sano deve conoscere la preparazione.<\/p>\n<p>Strombafort Balkan Pharmaceuticals rimuove efficacemente l&#8217;acqua non necessaria e migliora anche la resistenza. I sollevatori di pesi non lavorano mai ai massimi pesi durante tutto il ciclo di Stanozolol, si sentono bene a tagliare le caramelle Stromba Sport 8 giorni fino alla battaglia. La storia racconta che Oral-Winstrol spesso causa lesioni, le ossa si esauriscono, le articolazioni si disidratano e questo \u00e8 ridicolo.<\/p>","protected":false},"excerpt":{"rendered":"<p class=\"qtranxs-available-languages-message qtranxs-available-languages-message-it\">Ci spiace, ma questo articolo \u00e8 disponibile soltanto in <a href=\"https:\/\/iberoid-shop.com\/es\/wp-json\/wp\/v2\/product\/3027\" class=\"qtranxs-available-language-link qtranxs-available-language-link-es\" title=\"Espa\u00f1ol\">Espa\u00f1ol<\/a> e <a href=\"https:\/\/iberoid-shop.com\/pt\/wp-json\/wp\/v2\/product\/3027\" class=\"qtranxs-available-language-link qtranxs-available-language-link-pt\" title=\"Portugu\u00eas\">Portugu\u00eas<\/a>.<\/p>\n","protected":false},"featured_media":3465,"comment_status":"open","ping_status":"closed","template":"","meta":[],"product_brand":[],"product_cat":[73],"product_tag":[],"class_list":{"0":"post-3027","1":"product","2":"type-product","3":"status-publish","4":"has-post-thumbnail","6":"product_cat-ssteroides_orales","8":"first","9":"outofstock","10":"sale","11":"shipping-taxable","12":"purchasable","13":"product-type-simple"},"yoast_head":"<!-- This site is optimized with the Yoast SEO Premium plugin v24.4 (Yoast SEO v27.3) - https:\/\/yoast.com\/product\/yoast-seo-premium-wordpress\/ -->\n<title>Strombafort BALKAN NEW LINE - Steroidi in linea<\/title>\n<meta name=\"description\" content=\"(Espa\u00f1ol) Cuerpo atractivo, bombeo impresionante pero sin problemas estrog\u00e9nicos que alegran a millones de roiders y Strombafort Balkan AAS Pills: la superestrella.Uno puede recibir m\u00e1s ventajas y casi cero problemas, Strombafort es el AS m\u00e1s seguro disponible que opera una relaci\u00f3n anab\u00f3lica m\u00e1s alta.\" \/>\n<meta name=\"robots\" content=\"index, follow, max-snippet:-1, max-image-preview:large, max-video-preview:-1\" \/>\n<link rel=\"canonical\" href=\"https:\/\/iberoid-shop.com\/it\/product\/strombafort\/\" \/>\n<meta property=\"og:locale\" content=\"it_IT\" \/>\n<meta property=\"og:type\" content=\"article\" \/>\n<meta property=\"og:title\" content=\"Strombafort BALKAN NEW LINE\" \/>\n<meta property=\"og:description\" content=\"(Espa\u00f1ol) Cuerpo atractivo, bombeo impresionante pero sin problemas estrog\u00e9nicos que alegran a millones de roiders y Strombafort Balkan AAS Pills: la superestrella.Uno puede recibir m\u00e1s ventajas y casi cero problemas, Strombafort es el AS m\u00e1s seguro disponible que opera una relaci\u00f3n anab\u00f3lica m\u00e1s alta.\" \/>\n<meta property=\"og:url\" content=\"https:\/\/iberoid-shop.com\/it\/product\/strombafort\/\" \/>\n<meta property=\"og:site_name\" content=\"Steroidi in linea\" \/>\n<meta property=\"article:modified_time\" content=\"2024-08-06T21:26:35+00:00\" \/>\n<meta property=\"og:image\" content=\"https:\/\/iberoid-shop.com\/wp-content\/uploads\/2019\/11\/Strombafort10NEW.jpg?v=1678120136\" \/>\n\t<meta property=\"og:image:width\" content=\"978\" \/>\n\t<meta property=\"og:image:height\" content=\"768\" \/>\n\t<meta property=\"og:image:type\" content=\"image\/jpeg\" \/>\n<meta name=\"twitter:card\" content=\"summary_large_image\" \/>\n<meta name=\"twitter:label1\" content=\"Prezzo\" \/>\n\t<meta name=\"twitter:data1\" content=\"&euro;40.00\" \/>\n\t<meta name=\"twitter:label2\" content=\"Disponibilit\u00e0\" \/>\n\t<meta name=\"twitter:data2\" content=\"Esaurito\" \/>\n<script type=\"application\/ld+json\" class=\"yoast-schema-graph\">{\"@context\":\"https:\\\/\\\/schema.org\",\"@graph\":[{\"@type\":\"WebPage\",\"@id\":\"https:\\\/\\\/iberoid-shop.com\\\/it\\\/product\\\/strombafort\\\/\",\"url\":\"https:\\\/\\\/iberoid-shop.com\\\/it\\\/product\\\/strombafort\\\/\",\"name\":\"Strombafort BALKAN NEW LINE - Steroidi in linea\",\"isPartOf\":{\"@id\":\"https:\\\/\\\/iberoid-shop.com\\\/it\\\/#website\"},\"primaryImageOfPage\":{\"@id\":\"https:\\\/\\\/iberoid-shop.com\\\/it\\\/product\\\/strombafort\\\/#primaryimage\"},\"image\":{\"@id\":\"https:\\\/\\\/iberoid-shop.com\\\/it\\\/product\\\/strombafort\\\/#primaryimage\"},\"thumbnailUrl\":\"https:\\\/\\\/iberoid-shop.com\\\/wp-content\\\/uploads\\\/2019\\\/11\\\/Strombafort10NEW.jpg?v=1678120136\",\"datePublished\":\"2019-11-20T19:39:32+00:00\",\"dateModified\":\"2024-08-06T21:26:35+00:00\",\"description\":\"(Espa\u00f1ol) Cuerpo atractivo, bombeo impresionante pero sin problemas estrog\u00e9nicos que alegran a millones de roiders y Strombafort Balkan AAS Pills: la superestrella.Uno puede recibir m\u00e1s ventajas y casi cero problemas, Strombafort es el AS m\u00e1s seguro disponible que opera una relaci\u00f3n anab\u00f3lica m\u00e1s alta.\",\"breadcrumb\":{\"@id\":\"https:\\\/\\\/iberoid-shop.com\\\/it\\\/product\\\/strombafort\\\/#breadcrumb\"},\"inLanguage\":\"it-IT\",\"potentialAction\":[{\"@type\":\"ReadAction\",\"target\":[[\"https:\\\/\\\/iberoid-shop.com\\\/it\\\/product\\\/strombafort\\\/\"]]}]},{\"@type\":\"ImageObject\",\"inLanguage\":\"it-IT\",\"@id\":\"https:\\\/\\\/iberoid-shop.com\\\/it\\\/product\\\/strombafort\\\/#primaryimage\",\"url\":\"https:\\\/\\\/iberoid-shop.com\\\/wp-content\\\/uploads\\\/2019\\\/11\\\/Strombafort10NEW.jpg?v=1678120136\",\"contentUrl\":\"https:\\\/\\\/iberoid-shop.com\\\/wp-content\\\/uploads\\\/2019\\\/11\\\/Strombafort10NEW.jpg?v=1678120136\",\"width\":978,\"height\":768},{\"@type\":\"BreadcrumbList\",\"@id\":\"https:\\\/\\\/iberoid-shop.com\\\/it\\\/product\\\/strombafort\\\/#breadcrumb\",\"itemListElement\":[{\"@type\":\"ListItem\",\"position\":1,\"name\":\"Portada\",\"item\":\"https:\\\/\\\/iberoid-shop.com\\\/it\\\/\"},{\"@type\":\"ListItem\",\"position\":2,\"name\":\"Negozio\",\"item\":\"https:\\\/\\\/iberoid-shop.com\\\/it\\\/shop\\\/\"},{\"@type\":\"ListItem\",\"position\":3,\"name\":\"Strombafort BALKAN NEW LINE\"}]},{\"@type\":\"WebSite\",\"@id\":\"https:\\\/\\\/iberoid-shop.com\\\/it\\\/#website\",\"url\":\"https:\\\/\\\/iberoid-shop.com\\\/it\\\/\",\"name\":\"Steroidi in linea\",\"description\":\"Acquista steroidi online oggi in Spagna e Portogallo. Abbiamo il miglior servizio clienti del settore e prodotti di altissima qualit\u00e0\",\"potentialAction\":[{\"@type\":\"SearchAction\",\"target\":{\"@type\":\"EntryPoint\",\"urlTemplate\":\"https:\\\/\\\/iberoid-shop.com\\\/it\\\/?s={search_term_string}\"},\"query-input\":{\"@type\":\"PropertyValueSpecification\",\"valueRequired\":true,\"valueName\":\"search_term_string\"}}],\"inLanguage\":\"it-IT\"}]}<\/script>\n<meta property=\"product:brand\" content=\"Balkan Pharmaceuticals\" \/>\n<meta property=\"product:price:amount\" content=\"40.00\" \/>\n<meta property=\"product:price:currency\" content=\"EUR\" \/>\n<meta property=\"og:availability\" content=\"out of stock\" \/>\n<meta property=\"product:availability\" content=\"out of stock\" \/>\n<meta property=\"product:condition\" content=\"new\" \/>\n<!-- \/ Yoast SEO Premium plugin. -->","yoast_head_json":{"title":"Strombafort BALKAN NEW LINE - Steroidi in linea","description":"(Espa\u00f1ol) Cuerpo atractivo, bombeo impresionante pero sin problemas estrog\u00e9nicos que alegran a millones de roiders y Strombafort Balkan AAS Pills: la superestrella.Uno puede recibir m\u00e1s ventajas y casi cero problemas, Strombafort es el AS m\u00e1s seguro disponible que opera una relaci\u00f3n anab\u00f3lica m\u00e1s alta.","robots":{"index":"index","follow":"follow","max-snippet":"max-snippet:-1","max-image-preview":"max-image-preview:large","max-video-preview":"max-video-preview:-1"},"canonical":"https:\/\/iberoid-shop.com\/it\/product\/strombafort\/","og_locale":"it_IT","og_type":"article","og_title":"Strombafort BALKAN NEW LINE","og_description":"(Espa\u00f1ol) Cuerpo atractivo, bombeo impresionante pero sin problemas estrog\u00e9nicos que alegran a millones de roiders y Strombafort Balkan AAS Pills: la superestrella.Uno puede recibir m\u00e1s ventajas y casi cero problemas, Strombafort es el AS m\u00e1s seguro disponible que opera una relaci\u00f3n anab\u00f3lica m\u00e1s alta.","og_url":"https:\/\/iberoid-shop.com\/it\/product\/strombafort\/","og_site_name":"Steroidi in linea","article_modified_time":"2024-08-06T21:26:35+00:00","og_image":[{"width":978,"height":768,"url":"https:\/\/iberoid-shop.com\/wp-content\/uploads\/2019\/11\/Strombafort10NEW.jpg?v=1678120136","type":"image\/jpeg"}],"twitter_card":"summary_large_image","twitter_misc":{"Prezzo":"&euro;40.00","Disponibilit\u00e0":"Esaurito"},"schema":{"@context":"https:\/\/schema.org","@graph":[{"@type":"WebPage","@id":"https:\/\/iberoid-shop.com\/it\/product\/strombafort\/","url":"https:\/\/iberoid-shop.com\/it\/product\/strombafort\/","name":"Strombafort BALKAN NEW LINE - Steroidi in linea","isPartOf":{"@id":"https:\/\/iberoid-shop.com\/it\/#website"},"primaryImageOfPage":{"@id":"https:\/\/iberoid-shop.com\/it\/product\/strombafort\/#primaryimage"},"image":{"@id":"https:\/\/iberoid-shop.com\/it\/product\/strombafort\/#primaryimage"},"thumbnailUrl":"https:\/\/iberoid-shop.com\/wp-content\/uploads\/2019\/11\/Strombafort10NEW.jpg?v=1678120136","datePublished":"2019-11-20T19:39:32+00:00","dateModified":"2024-08-06T21:26:35+00:00","description":"(Espa\u00f1ol) Cuerpo atractivo, bombeo impresionante pero sin problemas estrog\u00e9nicos que alegran a millones de roiders y Strombafort Balkan AAS Pills: la superestrella.Uno puede recibir m\u00e1s ventajas y casi cero problemas, Strombafort es el AS m\u00e1s seguro disponible que opera una relaci\u00f3n anab\u00f3lica m\u00e1s alta.","breadcrumb":{"@id":"https:\/\/iberoid-shop.com\/it\/product\/strombafort\/#breadcrumb"},"inLanguage":"it-IT","potentialAction":[{"@type":"ReadAction","target":[["https:\/\/iberoid-shop.com\/it\/product\/strombafort\/"]]}]},{"@type":"ImageObject","inLanguage":"it-IT","@id":"https:\/\/iberoid-shop.com\/it\/product\/strombafort\/#primaryimage","url":"https:\/\/iberoid-shop.com\/wp-content\/uploads\/2019\/11\/Strombafort10NEW.jpg?v=1678120136","contentUrl":"https:\/\/iberoid-shop.com\/wp-content\/uploads\/2019\/11\/Strombafort10NEW.jpg?v=1678120136","width":978,"height":768},{"@type":"BreadcrumbList","@id":"https:\/\/iberoid-shop.com\/it\/product\/strombafort\/#breadcrumb","itemListElement":[{"@type":"ListItem","position":1,"name":"Portada","item":"https:\/\/iberoid-shop.com\/it\/"},{"@type":"ListItem","position":2,"name":"Negozio","item":"https:\/\/iberoid-shop.com\/it\/shop\/"},{"@type":"ListItem","position":3,"name":"Strombafort BALKAN NEW LINE"}]},{"@type":"WebSite","@id":"https:\/\/iberoid-shop.com\/it\/#website","url":"https:\/\/iberoid-shop.com\/it\/","name":"Steroidi in linea","description":"Acquista steroidi online oggi in Spagna e Portogallo. Abbiamo il miglior servizio clienti del settore e prodotti di altissima qualit\u00e0","potentialAction":[{"@type":"SearchAction","target":{"@type":"EntryPoint","urlTemplate":"https:\/\/iberoid-shop.com\/it\/?s={search_term_string}"},"query-input":{"@type":"PropertyValueSpecification","valueRequired":true,"valueName":"search_term_string"}}],"inLanguage":"it-IT"}]},"product_brand":"Balkan Pharmaceuticals","product_price_amount":"40.00","product_price_currency":"EUR","og_availability":"out of stock","product_availability":"out of stock","product_condition":"new"},"_links":{"self":[{"href":"https:\/\/iberoid-shop.com\/it\/wp-json\/wp\/v2\/product\/3027","targetHints":{"allow":["GET"]}}],"collection":[{"href":"https:\/\/iberoid-shop.com\/it\/wp-json\/wp\/v2\/product"}],"about":[{"href":"https:\/\/iberoid-shop.com\/it\/wp-json\/wp\/v2\/types\/product"}],"replies":[{"embeddable":true,"href":"https:\/\/iberoid-shop.com\/it\/wp-json\/wp\/v2\/comments?post=3027"}],"wp:featuredmedia":[{"embeddable":true,"href":"https:\/\/iberoid-shop.com\/it\/wp-json\/wp\/v2\/media\/3465"}],"wp:attachment":[{"href":"https:\/\/iberoid-shop.com\/it\/wp-json\/wp\/v2\/media?parent=3027"}],"wp:term":[{"taxonomy":"product_brand","embeddable":true,"href":"https:\/\/iberoid-shop.com\/it\/wp-json\/wp\/v2\/product_brand?post=3027"},{"taxonomy":"product_cat","embeddable":true,"href":"https:\/\/iberoid-shop.com\/it\/wp-json\/wp\/v2\/product_cat?post=3027"},{"taxonomy":"product_tag","embeddable":true,"href":"https:\/\/iberoid-shop.com\/it\/wp-json\/wp\/v2\/product_tag?post=3027"}],"curies":[{"name":"wp","href":"https:\/\/api.w.org\/{rel}","templated":true}]}}