{"id":3009,"date":"2019-11-19T20:37:31","date_gmt":"2019-11-19T20:37:31","guid":{"rendered":"https:\/\/iberoid-shop.com\/?post_type=product&#038;p=3009"},"modified":"2023-01-13T18:19:47","modified_gmt":"2023-01-13T18:19:47","slug":"oxandrolon","status":"publish","type":"product","link":"https:\/\/iberoid-shop.com\/it\/product\/oxandrolon\/","title":{"rendered":"Oxandrolon"},"content":{"rendered":"<p>Oxandrolone Balkan \u00e8 anche noto come Anavar, uno steroide orale molto sicuro senza effetti collaterali, anche ad alte dosi. Ha effetti sia androgeni che anabolici. \u00c8 uno steroide antico che \u00e8 arrivato sul mercato nel 1960, progettato per trattare varie condizioni. \u00c8 molto popolare tra gli atleti a causa degli effetti molto negativi che ha. Essere considerato lo steroide orale pi\u00f9 sicuro.<\/p>\n<p>Come funziona Oxandrolon Balkan?<br \/>\nAgisce sia sulla massa muscolare, essendo l&#8217;aumento della buona qualit\u00e0 che nel processo di combustione dei grassi, essendo considerato la &#8220;meraviglia&#8221; degli steroidi. Gli studi hanno dimostrato che il grasso bruciato non \u00e8 tornato alla fine del ciclo. Ha anche un potente effetto sullo sviluppo della forza muscolare, a volte rispetto ad Halotestin.<\/p>\n<p>Durante il ciclo Oxandrolon, gli antiestrogeni dei Balcani non vengono utilizzati in quanto non hanno effetti collaterali estrogenici.<\/p>\n<p>Ha la capacit\u00e0 di aumentare la ritenzione di azoto nel corpo, inibire gli ormoni corticosteroidi e ridurre il livello di SHBG (una proteina che ha il ruolo di inattivare il testosterone).<\/p>\n<p>Quali risultati si ottengono durante il ciclo?<br \/>\nI risultati ottenuti con oxandrolone sono massa muscolare di qualit\u00e0, brucia grassi e maggiore forza. A causa dell&#8217;aumento del numero di globuli rossi, aumentano anche la resistenza muscolare e la resistenza cardiovascolare. Il recupero dopo allenamenti intensi \u00e8 pi\u00f9 rapido, il rischio di sovrallenamento diminuisce considerevolmente. La maggior parte degli steroidi non bruciano direttamente i grassi, ma piuttosto a causa dell&#8217;aumento del metabolismo. Oxandrolone dei Balcani che ha un effetto diretto sulla lipolisi.<\/p>\n<p>Dose ottimale: 20-50 mg \/ giorno.<\/p>\n<p>Cicli: se desiderato, lo sviluppo muscolare e la forza sono combinati con 200-400 mg di testosterone propionato a settimana. E, per definizione, pu\u00f2 essere combinato con 200 mg di trenbolone o 400 mg di Primobolan.<\/p>\n<p>Durata del ciclo: 6 settimane.<\/p>\n<p>Tempo di rilevamento: 3 settimane.<\/p>\n<p>Terapia post-ciclo: la terapia post-ciclo \u00e8 indicata sulla base di Tamoximed e Clomed al termine del trattamento con steroidi.<\/p>","protected":false},"excerpt":{"rendered":"<p class=\"qtranxs-available-languages-message qtranxs-available-languages-message-it\">Ci spiace, ma questo articolo \u00e8 disponibile soltanto in <a href=\"https:\/\/iberoid-shop.com\/es\/wp-json\/wp\/v2\/product\/3009\" class=\"qtranxs-available-language-link qtranxs-available-language-link-es\" title=\"Espa\u00f1ol\">Espa\u00f1ol<\/a> e <a href=\"https:\/\/iberoid-shop.com\/pt\/wp-json\/wp\/v2\/product\/3009\" class=\"qtranxs-available-language-link qtranxs-available-language-link-pt\" title=\"Portugu\u00eas\">Portugu\u00eas<\/a>.<\/p>\n","protected":false},"featured_media":3011,"comment_status":"open","ping_status":"closed","template":"","meta":[],"product_brand":[],"product_cat":[73],"product_tag":[],"class_list":{"0":"post-3009","1":"product","2":"type-product","3":"status-publish","4":"has-post-thumbnail","6":"product_cat-ssteroides_orales","8":"first","9":"outofstock","10":"shipping-taxable","11":"purchasable","12":"product-type-simple"},"yoast_head":"<!-- This site is optimized with the Yoast SEO Premium plugin v24.4 (Yoast SEO v27.0) - https:\/\/yoast.com\/product\/yoast-seo-premium-wordpress\/ -->\n<title>Oxandrolon - Steroidi in linea<\/title>\n<meta name=\"description\" content=\"(Espa\u00f1ol) Ser considerado el esteroide oral m\u00e1s seguro.\u00bfC\u00f3mo funciona Oxandrolon Balkan?Act\u00faa tanto sobre la masa muscular, siendo el aumento de buena calidad como en el proceso de quema de grasa, siendo considerada la &quot;maravilla&quot; de los esteroides.\" \/>\n<meta name=\"robots\" content=\"index, follow, max-snippet:-1, max-image-preview:large, max-video-preview:-1\" \/>\n<link rel=\"canonical\" href=\"https:\/\/iberoid-shop.com\/it\/product\/oxandrolon\/\" \/>\n<meta property=\"og:locale\" content=\"it_IT\" \/>\n<meta property=\"og:type\" content=\"article\" \/>\n<meta property=\"og:title\" content=\"Oxandrolon\" \/>\n<meta property=\"og:description\" content=\"(Espa\u00f1ol) Ser considerado el esteroide oral m\u00e1s seguro.\u00bfC\u00f3mo funciona Oxandrolon Balkan?Act\u00faa tanto sobre la masa muscular, siendo el aumento de buena calidad como en el proceso de quema de grasa, siendo considerada la &quot;maravilla&quot; de los esteroides.\" \/>\n<meta property=\"og:url\" content=\"https:\/\/iberoid-shop.com\/it\/product\/oxandrolon\/\" \/>\n<meta property=\"og:site_name\" content=\"Steroidi in linea\" \/>\n<meta property=\"article:modified_time\" content=\"2023-01-13T18:19:47+00:00\" \/>\n<meta property=\"og:image\" content=\"https:\/\/iberoid-shop.com\/wp-content\/uploads\/2019\/11\/oxandrolon.jpg?v=1678120176\" \/>\n\t<meta property=\"og:image:width\" content=\"978\" \/>\n\t<meta property=\"og:image:height\" content=\"768\" \/>\n\t<meta property=\"og:image:type\" content=\"image\/jpeg\" \/>\n<meta name=\"twitter:card\" content=\"summary_large_image\" \/>\n<meta name=\"twitter:label1\" content=\"Prezzo\" \/>\n\t<meta name=\"twitter:data1\" content=\"&euro;90.00\" \/>\n\t<meta name=\"twitter:label2\" content=\"Disponibilit\u00e0\" \/>\n\t<meta name=\"twitter:data2\" content=\"Esaurito\" \/>\n<script type=\"application\/ld+json\" class=\"yoast-schema-graph\">{\"@context\":\"https:\/\/schema.org\",\"@graph\":[{\"@type\":\"WebPage\",\"@id\":\"https:\/\/iberoid-shop.com\/it\/product\/oxandrolon\/\",\"url\":\"https:\/\/iberoid-shop.com\/it\/product\/oxandrolon\/\",\"name\":\"Oxandrolon - Steroidi in linea\",\"isPartOf\":{\"@id\":\"https:\/\/iberoid-shop.com\/it\/#website\"},\"primaryImageOfPage\":{\"@id\":\"https:\/\/iberoid-shop.com\/it\/product\/oxandrolon\/#primaryimage\"},\"image\":{\"@id\":\"https:\/\/iberoid-shop.com\/it\/product\/oxandrolon\/#primaryimage\"},\"thumbnailUrl\":\"https:\/\/iberoid-shop.com\/wp-content\/uploads\/2019\/11\/oxandrolon.jpg?v=1678120176\",\"datePublished\":\"2019-11-19T20:37:31+00:00\",\"dateModified\":\"2023-01-13T18:19:47+00:00\",\"description\":\"(Espa\u00f1ol) Ser considerado el esteroide oral m\u00e1s seguro.\u00bfC\u00f3mo funciona Oxandrolon Balkan?Act\u00faa tanto sobre la masa muscular, siendo el aumento de buena calidad como en el proceso de quema de grasa, siendo considerada la \\\"maravilla\\\" de los esteroides.\",\"breadcrumb\":{\"@id\":\"https:\/\/iberoid-shop.com\/it\/product\/oxandrolon\/#breadcrumb\"},\"inLanguage\":\"it-IT\",\"potentialAction\":[{\"@type\":\"ReadAction\",\"target\":[[\"https:\/\/iberoid-shop.com\/it\/product\/oxandrolon\/\"]]}]},{\"@type\":\"ImageObject\",\"inLanguage\":\"it-IT\",\"@id\":\"https:\/\/iberoid-shop.com\/it\/product\/oxandrolon\/#primaryimage\",\"url\":\"https:\/\/iberoid-shop.com\/wp-content\/uploads\/2019\/11\/oxandrolon.jpg?v=1678120176\",\"contentUrl\":\"https:\/\/iberoid-shop.com\/wp-content\/uploads\/2019\/11\/oxandrolon.jpg?v=1678120176\",\"width\":978,\"height\":768},{\"@type\":\"BreadcrumbList\",\"@id\":\"https:\/\/iberoid-shop.com\/it\/product\/oxandrolon\/#breadcrumb\",\"itemListElement\":[{\"@type\":\"ListItem\",\"position\":1,\"name\":\"Portada\",\"item\":\"https:\/\/iberoid-shop.com\/it\/\"},{\"@type\":\"ListItem\",\"position\":2,\"name\":\"Negozio\",\"item\":\"https:\/\/iberoid-shop.com\/it\/shop\/\"},{\"@type\":\"ListItem\",\"position\":3,\"name\":\"Oxandrolon\"}]},{\"@type\":\"WebSite\",\"@id\":\"https:\/\/iberoid-shop.com\/it\/#website\",\"url\":\"https:\/\/iberoid-shop.com\/it\/\",\"name\":\"Steroidi in linea\",\"description\":\"Acquista steroidi online oggi in Spagna e Portogallo. Abbiamo il miglior servizio clienti del settore e prodotti di altissima qualit\u00e0\",\"potentialAction\":[{\"@type\":\"SearchAction\",\"target\":{\"@type\":\"EntryPoint\",\"urlTemplate\":\"https:\/\/iberoid-shop.com\/it\/?s={search_term_string}\"},\"query-input\":{\"@type\":\"PropertyValueSpecification\",\"valueRequired\":true,\"valueName\":\"search_term_string\"}}],\"inLanguage\":\"it-IT\"}]}<\/script>\n<meta property=\"product:brand\" content=\"Balkan Pharmaceuticals\" \/>\n<meta property=\"product:price:amount\" content=\"90.00\" \/>\n<meta property=\"product:price:currency\" content=\"EUR\" \/>\n<meta property=\"og:availability\" content=\"out of stock\" \/>\n<meta property=\"product:availability\" content=\"out of stock\" \/>\n<meta property=\"product:condition\" content=\"new\" \/>\n<!-- \/ Yoast SEO Premium plugin. -->","yoast_head_json":{"title":"Oxandrolon - Steroidi in linea","description":"(Espa\u00f1ol) Ser considerado el esteroide oral m\u00e1s seguro.\u00bfC\u00f3mo funciona Oxandrolon Balkan?Act\u00faa tanto sobre la masa muscular, siendo el aumento de buena calidad como en el proceso de quema de grasa, siendo considerada la \"maravilla\" de los esteroides.","robots":{"index":"index","follow":"follow","max-snippet":"max-snippet:-1","max-image-preview":"max-image-preview:large","max-video-preview":"max-video-preview:-1"},"canonical":"https:\/\/iberoid-shop.com\/it\/product\/oxandrolon\/","og_locale":"it_IT","og_type":"article","og_title":"Oxandrolon","og_description":"(Espa\u00f1ol) Ser considerado el esteroide oral m\u00e1s seguro.\u00bfC\u00f3mo funciona Oxandrolon Balkan?Act\u00faa tanto sobre la masa muscular, siendo el aumento de buena calidad como en el proceso de quema de grasa, siendo considerada la \"maravilla\" de los esteroides.","og_url":"https:\/\/iberoid-shop.com\/it\/product\/oxandrolon\/","og_site_name":"Steroidi in linea","article_modified_time":"2023-01-13T18:19:47+00:00","og_image":[{"width":978,"height":768,"url":"https:\/\/iberoid-shop.com\/wp-content\/uploads\/2019\/11\/oxandrolon.jpg?v=1678120176","type":"image\/jpeg"}],"twitter_card":"summary_large_image","twitter_misc":{"Prezzo":"&euro;90.00","Disponibilit\u00e0":"Esaurito"},"schema":{"@context":"https:\/\/schema.org","@graph":[{"@type":"WebPage","@id":"https:\/\/iberoid-shop.com\/it\/product\/oxandrolon\/","url":"https:\/\/iberoid-shop.com\/it\/product\/oxandrolon\/","name":"Oxandrolon - Steroidi in linea","isPartOf":{"@id":"https:\/\/iberoid-shop.com\/it\/#website"},"primaryImageOfPage":{"@id":"https:\/\/iberoid-shop.com\/it\/product\/oxandrolon\/#primaryimage"},"image":{"@id":"https:\/\/iberoid-shop.com\/it\/product\/oxandrolon\/#primaryimage"},"thumbnailUrl":"https:\/\/iberoid-shop.com\/wp-content\/uploads\/2019\/11\/oxandrolon.jpg?v=1678120176","datePublished":"2019-11-19T20:37:31+00:00","dateModified":"2023-01-13T18:19:47+00:00","description":"(Espa\u00f1ol) Ser considerado el esteroide oral m\u00e1s seguro.\u00bfC\u00f3mo funciona Oxandrolon Balkan?Act\u00faa tanto sobre la masa muscular, siendo el aumento de buena calidad como en el proceso de quema de grasa, siendo considerada la \"maravilla\" de los esteroides.","breadcrumb":{"@id":"https:\/\/iberoid-shop.com\/it\/product\/oxandrolon\/#breadcrumb"},"inLanguage":"it-IT","potentialAction":[{"@type":"ReadAction","target":[["https:\/\/iberoid-shop.com\/it\/product\/oxandrolon\/"]]}]},{"@type":"ImageObject","inLanguage":"it-IT","@id":"https:\/\/iberoid-shop.com\/it\/product\/oxandrolon\/#primaryimage","url":"https:\/\/iberoid-shop.com\/wp-content\/uploads\/2019\/11\/oxandrolon.jpg?v=1678120176","contentUrl":"https:\/\/iberoid-shop.com\/wp-content\/uploads\/2019\/11\/oxandrolon.jpg?v=1678120176","width":978,"height":768},{"@type":"BreadcrumbList","@id":"https:\/\/iberoid-shop.com\/it\/product\/oxandrolon\/#breadcrumb","itemListElement":[{"@type":"ListItem","position":1,"name":"Portada","item":"https:\/\/iberoid-shop.com\/it\/"},{"@type":"ListItem","position":2,"name":"Negozio","item":"https:\/\/iberoid-shop.com\/it\/shop\/"},{"@type":"ListItem","position":3,"name":"Oxandrolon"}]},{"@type":"WebSite","@id":"https:\/\/iberoid-shop.com\/it\/#website","url":"https:\/\/iberoid-shop.com\/it\/","name":"Steroidi in linea","description":"Acquista steroidi online oggi in Spagna e Portogallo. Abbiamo il miglior servizio clienti del settore e prodotti di altissima qualit\u00e0","potentialAction":[{"@type":"SearchAction","target":{"@type":"EntryPoint","urlTemplate":"https:\/\/iberoid-shop.com\/it\/?s={search_term_string}"},"query-input":{"@type":"PropertyValueSpecification","valueRequired":true,"valueName":"search_term_string"}}],"inLanguage":"it-IT"}]},"product_brand":"Balkan Pharmaceuticals","product_price_amount":"90.00","product_price_currency":"EUR","og_availability":"out of stock","product_availability":"out of stock","product_condition":"new"},"_links":{"self":[{"href":"https:\/\/iberoid-shop.com\/it\/wp-json\/wp\/v2\/product\/3009","targetHints":{"allow":["GET"]}}],"collection":[{"href":"https:\/\/iberoid-shop.com\/it\/wp-json\/wp\/v2\/product"}],"about":[{"href":"https:\/\/iberoid-shop.com\/it\/wp-json\/wp\/v2\/types\/product"}],"replies":[{"embeddable":true,"href":"https:\/\/iberoid-shop.com\/it\/wp-json\/wp\/v2\/comments?post=3009"}],"wp:featuredmedia":[{"embeddable":true,"href":"https:\/\/iberoid-shop.com\/it\/wp-json\/wp\/v2\/media\/3011"}],"wp:attachment":[{"href":"https:\/\/iberoid-shop.com\/it\/wp-json\/wp\/v2\/media?parent=3009"}],"wp:term":[{"taxonomy":"product_brand","embeddable":true,"href":"https:\/\/iberoid-shop.com\/it\/wp-json\/wp\/v2\/product_brand?post=3009"},{"taxonomy":"product_cat","embeddable":true,"href":"https:\/\/iberoid-shop.com\/it\/wp-json\/wp\/v2\/product_cat?post=3009"},{"taxonomy":"product_tag","embeddable":true,"href":"https:\/\/iberoid-shop.com\/it\/wp-json\/wp\/v2\/product_tag?post=3009"}],"curies":[{"name":"wp","href":"https:\/\/api.w.org\/{rel}","templated":true}]}}