{"id":3004,"date":"2019-11-19T20:31:56","date_gmt":"2019-11-19T20:31:56","guid":{"rendered":"https:\/\/iberoid-shop.com\/?post_type=product&#038;p=3004"},"modified":"2023-01-11T08:34:41","modified_gmt":"2023-01-11T08:34:41","slug":"halotest","status":"publish","type":"product","link":"https:\/\/iberoid-shop.com\/it\/product\/halotest\/","title":{"rendered":"Halotest"},"content":{"rendered":"<p>I Balcani Halotest sono noti ai culturisti e anche conosciuti come Halotestin. Questo \u00e8 uno steroide orale con forti effetti androgeni e anabolizzanti. Il principio attivo si chiama fluoxymesterone, ma \u00e8 commercializzato con nomi di marchi diversi. Il suo effetto \u00e8 simile a quello del testosterone, ma con effetti androgeni molto pi\u00f9 forti, con conseguente maggiore forza muscolare. \u00c8 lo steroide pi\u00f9 efficace in termini di forza, insieme al trenbolone. I powerlifter usano Testosterone + Trenbolone + Halotestine, con questo ciclo gli aumenti di forza sono massimi.<\/p>\n<p>L&#8217;uso di Halotest Balkan offre i seguenti vantaggi:<br \/>\nUn rapido sviluppo dell&#8217;elasticit\u00e0 del tessuto muscolare.<br \/>\nmassimizza le prestazioni del tessuto muscolare<br \/>\ncostruire la forza muscolare senza costruire massa (questo \u00e8 molto vantaggioso per i powerlifter)<br \/>\nFornisce un&#8217;alimentazione muscolare incredibile<br \/>\nRiparare rapidamente le fibre muscolari danneggiate durante l&#8217;allenamento<br \/>\ncontribuisce a un aspetto pi\u00f9 forte e pi\u00f9 denso dei muscoli<br \/>\ncontribuisce direttamente alla combustione dei grassi<br \/>\nLa sua azione \u00e8 molto veloce, fin dai primi giorni di miglioramenti amministrativi nelle prestazioni sportive appaiono. Viene spesso usato durante il periodo di definizione o quando si sviluppa la forza.<\/p>\n<p>Somministrazione ed effetti collaterali di halotestin:<\/p>\n<p>Si raccomanda di assumere una dose giornaliera tra 20 e 40 mg. Come qualsiasi altro steroide orale molto potente, \u00e8 tossico per il fegato, quindi non viene utilizzato per pi\u00f9 di 4 settimane e la dose di 40 mg non viene superata. Allo stesso tempo, l&#8217;uso di un prodotto che protegge il fegato \u00e8 assolutamente necessario. Per un allenamento pi\u00f9 efficace, a causa della maggiore aggressivit\u00e0, \u00e8 possibile utilizzare 10 mg prima dell&#8217;allenamento.<\/p>","protected":false},"excerpt":{"rendered":"<p class=\"qtranxs-available-languages-message qtranxs-available-languages-message-it\">Ci spiace, ma questo articolo \u00e8 disponibile soltanto in <a href=\"https:\/\/iberoid-shop.com\/es\/wp-json\/wp\/v2\/product\/3004\" class=\"qtranxs-available-language-link qtranxs-available-language-link-es\" title=\"Espa\u00f1ol\">Espa\u00f1ol<\/a> e <a href=\"https:\/\/iberoid-shop.com\/pt\/wp-json\/wp\/v2\/product\/3004\" class=\"qtranxs-available-language-link qtranxs-available-language-link-pt\" title=\"Portugu\u00eas\">Portugu\u00eas<\/a>.<\/p>\n","protected":false},"featured_media":3006,"comment_status":"open","ping_status":"closed","template":"","meta":[],"product_brand":[],"product_cat":[73],"product_tag":[],"class_list":{"0":"post-3004","1":"product","2":"type-product","3":"status-publish","4":"has-post-thumbnail","6":"product_cat-ssteroides_orales","8":"first","9":"outofstock","10":"sale","11":"shipping-taxable","12":"purchasable","13":"product-type-simple"},"yoast_head":"<!-- This site is optimized with the Yoast SEO Premium plugin v24.4 (Yoast SEO v27.0) - https:\/\/yoast.com\/product\/yoast-seo-premium-wordpress\/ -->\n<title>Halotest - Steroidi in linea<\/title>\n<meta name=\"description\" content=\"(Espa\u00f1ol) Este es un esteroide oral con fuertes efectos androg\u00e9nicos y anab\u00f3licos.\" \/>\n<meta name=\"robots\" content=\"index, follow, max-snippet:-1, max-image-preview:large, max-video-preview:-1\" \/>\n<link rel=\"canonical\" href=\"https:\/\/iberoid-shop.com\/it\/product\/halotest\/\" \/>\n<meta property=\"og:locale\" content=\"it_IT\" \/>\n<meta property=\"og:type\" content=\"article\" \/>\n<meta property=\"og:title\" content=\"Halotest\" \/>\n<meta property=\"og:description\" content=\"(Espa\u00f1ol) Este es un esteroide oral con fuertes efectos androg\u00e9nicos y anab\u00f3licos.\" \/>\n<meta property=\"og:url\" content=\"https:\/\/iberoid-shop.com\/it\/product\/halotest\/\" \/>\n<meta property=\"og:site_name\" content=\"Steroidi in linea\" \/>\n<meta property=\"article:modified_time\" content=\"2023-01-11T08:34:41+00:00\" \/>\n<meta property=\"og:image\" content=\"https:\/\/iberoid-shop.com\/wp-content\/uploads\/2019\/11\/halotest.jpg?v=1678120176\" \/>\n\t<meta property=\"og:image:width\" content=\"465\" \/>\n\t<meta property=\"og:image:height\" content=\"290\" \/>\n\t<meta property=\"og:image:type\" content=\"image\/jpeg\" \/>\n<meta name=\"twitter:card\" content=\"summary_large_image\" \/>\n<meta name=\"twitter:label1\" content=\"Prezzo\" \/>\n\t<meta name=\"twitter:data1\" content=\"&euro;180.00\" \/>\n\t<meta name=\"twitter:label2\" content=\"Disponibilit\u00e0\" \/>\n\t<meta name=\"twitter:data2\" content=\"Esaurito\" \/>\n<script type=\"application\/ld+json\" class=\"yoast-schema-graph\">{\"@context\":\"https:\/\/schema.org\",\"@graph\":[{\"@type\":\"WebPage\",\"@id\":\"https:\/\/iberoid-shop.com\/it\/product\/halotest\/\",\"url\":\"https:\/\/iberoid-shop.com\/it\/product\/halotest\/\",\"name\":\"Halotest - Steroidi in linea\",\"isPartOf\":{\"@id\":\"https:\/\/iberoid-shop.com\/it\/#website\"},\"primaryImageOfPage\":{\"@id\":\"https:\/\/iberoid-shop.com\/it\/product\/halotest\/#primaryimage\"},\"image\":{\"@id\":\"https:\/\/iberoid-shop.com\/it\/product\/halotest\/#primaryimage\"},\"thumbnailUrl\":\"https:\/\/iberoid-shop.com\/wp-content\/uploads\/2019\/11\/halotest.jpg?v=1678120176\",\"datePublished\":\"2019-11-19T20:31:56+00:00\",\"dateModified\":\"2023-01-11T08:34:41+00:00\",\"description\":\"(Espa\u00f1ol) Este es un esteroide oral con fuertes efectos androg\u00e9nicos y anab\u00f3licos.\",\"breadcrumb\":{\"@id\":\"https:\/\/iberoid-shop.com\/it\/product\/halotest\/#breadcrumb\"},\"inLanguage\":\"it-IT\",\"potentialAction\":[{\"@type\":\"ReadAction\",\"target\":[[\"https:\/\/iberoid-shop.com\/it\/product\/halotest\/\"]]}]},{\"@type\":\"ImageObject\",\"inLanguage\":\"it-IT\",\"@id\":\"https:\/\/iberoid-shop.com\/it\/product\/halotest\/#primaryimage\",\"url\":\"https:\/\/iberoid-shop.com\/wp-content\/uploads\/2019\/11\/halotest.jpg?v=1678120176\",\"contentUrl\":\"https:\/\/iberoid-shop.com\/wp-content\/uploads\/2019\/11\/halotest.jpg?v=1678120176\",\"width\":465,\"height\":290},{\"@type\":\"BreadcrumbList\",\"@id\":\"https:\/\/iberoid-shop.com\/it\/product\/halotest\/#breadcrumb\",\"itemListElement\":[{\"@type\":\"ListItem\",\"position\":1,\"name\":\"Portada\",\"item\":\"https:\/\/iberoid-shop.com\/it\/\"},{\"@type\":\"ListItem\",\"position\":2,\"name\":\"Negozio\",\"item\":\"https:\/\/iberoid-shop.com\/it\/shop\/\"},{\"@type\":\"ListItem\",\"position\":3,\"name\":\"Halotest\"}]},{\"@type\":\"WebSite\",\"@id\":\"https:\/\/iberoid-shop.com\/it\/#website\",\"url\":\"https:\/\/iberoid-shop.com\/it\/\",\"name\":\"Steroidi in linea\",\"description\":\"Acquista steroidi online oggi in Spagna e Portogallo. Abbiamo il miglior servizio clienti del settore e prodotti di altissima qualit\u00e0\",\"potentialAction\":[{\"@type\":\"SearchAction\",\"target\":{\"@type\":\"EntryPoint\",\"urlTemplate\":\"https:\/\/iberoid-shop.com\/it\/?s={search_term_string}\"},\"query-input\":{\"@type\":\"PropertyValueSpecification\",\"valueRequired\":true,\"valueName\":\"search_term_string\"}}],\"inLanguage\":\"it-IT\"}]}<\/script>\n<meta property=\"product:brand\" content=\"Balkan Pharmaceuticals\" \/>\n<meta property=\"product:price:amount\" content=\"180.00\" \/>\n<meta property=\"product:price:currency\" content=\"EUR\" \/>\n<meta property=\"og:availability\" content=\"out of stock\" \/>\n<meta property=\"product:availability\" content=\"out of stock\" \/>\n<meta property=\"product:condition\" content=\"new\" \/>\n<!-- \/ Yoast SEO Premium plugin. -->","yoast_head_json":{"title":"Halotest - Steroidi in linea","description":"(Espa\u00f1ol) Este es un esteroide oral con fuertes efectos androg\u00e9nicos y anab\u00f3licos.","robots":{"index":"index","follow":"follow","max-snippet":"max-snippet:-1","max-image-preview":"max-image-preview:large","max-video-preview":"max-video-preview:-1"},"canonical":"https:\/\/iberoid-shop.com\/it\/product\/halotest\/","og_locale":"it_IT","og_type":"article","og_title":"Halotest","og_description":"(Espa\u00f1ol) Este es un esteroide oral con fuertes efectos androg\u00e9nicos y anab\u00f3licos.","og_url":"https:\/\/iberoid-shop.com\/it\/product\/halotest\/","og_site_name":"Steroidi in linea","article_modified_time":"2023-01-11T08:34:41+00:00","og_image":[{"width":465,"height":290,"url":"https:\/\/iberoid-shop.com\/wp-content\/uploads\/2019\/11\/halotest.jpg?v=1678120176","type":"image\/jpeg"}],"twitter_card":"summary_large_image","twitter_misc":{"Prezzo":"&euro;180.00","Disponibilit\u00e0":"Esaurito"},"schema":{"@context":"https:\/\/schema.org","@graph":[{"@type":"WebPage","@id":"https:\/\/iberoid-shop.com\/it\/product\/halotest\/","url":"https:\/\/iberoid-shop.com\/it\/product\/halotest\/","name":"Halotest - Steroidi in linea","isPartOf":{"@id":"https:\/\/iberoid-shop.com\/it\/#website"},"primaryImageOfPage":{"@id":"https:\/\/iberoid-shop.com\/it\/product\/halotest\/#primaryimage"},"image":{"@id":"https:\/\/iberoid-shop.com\/it\/product\/halotest\/#primaryimage"},"thumbnailUrl":"https:\/\/iberoid-shop.com\/wp-content\/uploads\/2019\/11\/halotest.jpg?v=1678120176","datePublished":"2019-11-19T20:31:56+00:00","dateModified":"2023-01-11T08:34:41+00:00","description":"(Espa\u00f1ol) Este es un esteroide oral con fuertes efectos androg\u00e9nicos y anab\u00f3licos.","breadcrumb":{"@id":"https:\/\/iberoid-shop.com\/it\/product\/halotest\/#breadcrumb"},"inLanguage":"it-IT","potentialAction":[{"@type":"ReadAction","target":[["https:\/\/iberoid-shop.com\/it\/product\/halotest\/"]]}]},{"@type":"ImageObject","inLanguage":"it-IT","@id":"https:\/\/iberoid-shop.com\/it\/product\/halotest\/#primaryimage","url":"https:\/\/iberoid-shop.com\/wp-content\/uploads\/2019\/11\/halotest.jpg?v=1678120176","contentUrl":"https:\/\/iberoid-shop.com\/wp-content\/uploads\/2019\/11\/halotest.jpg?v=1678120176","width":465,"height":290},{"@type":"BreadcrumbList","@id":"https:\/\/iberoid-shop.com\/it\/product\/halotest\/#breadcrumb","itemListElement":[{"@type":"ListItem","position":1,"name":"Portada","item":"https:\/\/iberoid-shop.com\/it\/"},{"@type":"ListItem","position":2,"name":"Negozio","item":"https:\/\/iberoid-shop.com\/it\/shop\/"},{"@type":"ListItem","position":3,"name":"Halotest"}]},{"@type":"WebSite","@id":"https:\/\/iberoid-shop.com\/it\/#website","url":"https:\/\/iberoid-shop.com\/it\/","name":"Steroidi in linea","description":"Acquista steroidi online oggi in Spagna e Portogallo. Abbiamo il miglior servizio clienti del settore e prodotti di altissima qualit\u00e0","potentialAction":[{"@type":"SearchAction","target":{"@type":"EntryPoint","urlTemplate":"https:\/\/iberoid-shop.com\/it\/?s={search_term_string}"},"query-input":{"@type":"PropertyValueSpecification","valueRequired":true,"valueName":"search_term_string"}}],"inLanguage":"it-IT"}]},"product_brand":"Balkan Pharmaceuticals","product_price_amount":"180.00","product_price_currency":"EUR","og_availability":"out of stock","product_availability":"out of stock","product_condition":"new"},"_links":{"self":[{"href":"https:\/\/iberoid-shop.com\/it\/wp-json\/wp\/v2\/product\/3004","targetHints":{"allow":["GET"]}}],"collection":[{"href":"https:\/\/iberoid-shop.com\/it\/wp-json\/wp\/v2\/product"}],"about":[{"href":"https:\/\/iberoid-shop.com\/it\/wp-json\/wp\/v2\/types\/product"}],"replies":[{"embeddable":true,"href":"https:\/\/iberoid-shop.com\/it\/wp-json\/wp\/v2\/comments?post=3004"}],"wp:featuredmedia":[{"embeddable":true,"href":"https:\/\/iberoid-shop.com\/it\/wp-json\/wp\/v2\/media\/3006"}],"wp:attachment":[{"href":"https:\/\/iberoid-shop.com\/it\/wp-json\/wp\/v2\/media?parent=3004"}],"wp:term":[{"taxonomy":"product_brand","embeddable":true,"href":"https:\/\/iberoid-shop.com\/it\/wp-json\/wp\/v2\/product_brand?post=3004"},{"taxonomy":"product_cat","embeddable":true,"href":"https:\/\/iberoid-shop.com\/it\/wp-json\/wp\/v2\/product_cat?post=3004"},{"taxonomy":"product_tag","embeddable":true,"href":"https:\/\/iberoid-shop.com\/it\/wp-json\/wp\/v2\/product_tag?post=3004"}],"curies":[{"name":"wp","href":"https:\/\/api.w.org\/{rel}","templated":true}]}}