{"id":3000,"date":"2019-11-19T20:28:27","date_gmt":"2019-11-19T20:28:27","guid":{"rendered":"https:\/\/iberoid-shop.com\/?post_type=product&#038;p=3000"},"modified":"2023-11-04T12:29:48","modified_gmt":"2023-11-04T12:29:48","slug":"fenandrol","status":"publish","type":"product","link":"https:\/\/iberoid-shop.com\/it\/product\/fenandrol\/","title":{"rendered":"FENANDROL\/BALKAN\/10 AMPOLLAS"},"content":{"rendered":"<p>Il nandrolone fenilpropionato, o nandrolone fenpropionato, venduto con il marchio Durabolin, tra gli altri, \u00e8 un farmaco androgeno e steroidi anabolizzanti che \u00e8 stato utilizzato principalmente nel trattamento del carcinoma mammario e dell&#8217;osteoporosi nelle donne.<\/p>\n<p>In base alla funzione dell&#8217;ormone, il nandrolone fenilpropionato \u00e8 identico al nandrolone decanoato. Entrambe le forme sono costituite dallo stesso ormone attivo. Nel caso del nandrolone fenilpropionato, abbiamo una versione estere pi\u00f9 corta che fornisce una maggiore esplosione di nandrolone dopo l&#8217;iniezione, ma ha anche un&#8217;emivita molto pi\u00f9 breve. Ci\u00f2 significa che il nandrolone fenilpropionato deve essere iniettato pi\u00f9 frequentemente rispetto alla sua controparte estere pi\u00f9 grande affinch\u00e9 i livelli ematici rimangano stabili.<\/p>\n<p>Il nandrolone fenilpropionato \u00e8 anche significativamente meno estrogeno del testosterone. Sia il nandrolone che il testosterone aromatizzano, ma il nandrolone lo fa solo a circa il 20% del tasso di testosterone.<\/p>\n<p>L&#8217;ormone nandrolone \u00e8 uno degli steroidi anabolizzanti pi\u00f9 preziosi di tutti; I primi cinque senza dubbio. Dal punto di vista medico \u00e8 un ormone straordinario, sebbene la versione fenilpropionata non abbia mai offerto una piena opportunit\u00e0 di brillare. Ci\u00f2 non \u00e8 dovuto alla sua inferiorit\u00e0, \u00e8 semplicemente che il mondo medico in realt\u00e0 non ha bisogno di pi\u00f9 di un ormone nandrolone e il decanoato \u00e8 semplicemente quello scelto.<\/p>\n<p>Per gli steroidi, questo steroide pu\u00f2 quasi essere considerato essenziale per un piano di massa fuori stagione. Ma quando guardiamo cosa pu\u00f2 fare per il recupero e la guarigione, \u00e8 quasi unico nel suo genere.<\/p>","protected":false},"excerpt":{"rendered":"<p class=\"qtranxs-available-languages-message qtranxs-available-languages-message-it\">Ci spiace, ma questo articolo \u00e8 disponibile soltanto in <a href=\"https:\/\/iberoid-shop.com\/es\/wp-json\/wp\/v2\/product\/3000\" class=\"qtranxs-available-language-link qtranxs-available-language-link-es\" title=\"Espa\u00f1ol\">Espa\u00f1ol<\/a> e <a href=\"https:\/\/iberoid-shop.com\/pt\/wp-json\/wp\/v2\/product\/3000\" class=\"qtranxs-available-language-link qtranxs-available-language-link-pt\" title=\"Portugu\u00eas\">Portugu\u00eas<\/a>.<\/p>\n","protected":false},"featured_media":3002,"comment_status":"open","ping_status":"closed","template":"","meta":[],"product_brand":[],"product_cat":[69],"product_tag":[3473],"class_list":{"0":"post-3000","1":"product","2":"type-product","3":"status-publish","4":"has-post-thumbnail","6":"product_cat-esteroides_inyectables","7":"product_tag-nandrolone-fenil","9":"first","10":"outofstock","11":"shipping-taxable","12":"purchasable","13":"product-type-simple"},"yoast_head":"<!-- This site is optimized with the Yoast SEO Premium plugin v24.4 (Yoast SEO v27.0) - https:\/\/yoast.com\/product\/yoast-seo-premium-wordpress\/ -->\n<title>FENANDROL\/BALKAN\/10 AMPOLLAS - Steroidi in linea<\/title>\n<meta name=\"description\" content=\"(Espa\u00f1ol) El fenilpropionato de nandrolona o el fepropionato de nandrolona es un medicamento esteroide androg\u00e9nico anab\u00f3lico que se ha utilizado principalmente en el tratamiento del c\u00e1ncer de mama y la osteoporosis en las mujeres.\" \/>\n<meta name=\"robots\" content=\"index, follow, max-snippet:-1, max-image-preview:large, max-video-preview:-1\" \/>\n<link rel=\"canonical\" href=\"https:\/\/iberoid-shop.com\/it\/product\/fenandrol\/\" \/>\n<meta property=\"og:locale\" content=\"it_IT\" \/>\n<meta property=\"og:type\" content=\"article\" \/>\n<meta property=\"og:title\" content=\"FENANDROL\/BALKAN\/10 AMPOLLAS\" \/>\n<meta property=\"og:description\" content=\"(Espa\u00f1ol) El fenilpropionato de nandrolona o el fepropionato de nandrolona es un medicamento esteroide androg\u00e9nico anab\u00f3lico que se ha utilizado principalmente en el tratamiento del c\u00e1ncer de mama y la osteoporosis en las mujeres.\" \/>\n<meta property=\"og:url\" content=\"https:\/\/iberoid-shop.com\/it\/product\/fenandrol\/\" \/>\n<meta property=\"og:site_name\" content=\"Steroidi in linea\" \/>\n<meta property=\"article:modified_time\" content=\"2023-11-04T12:29:48+00:00\" \/>\n<meta property=\"og:image\" content=\"https:\/\/iberoid-shop.com\/wp-content\/uploads\/2019\/11\/fenandrol.jpg?v=1678120177\" \/>\n\t<meta property=\"og:image:width\" content=\"800\" \/>\n\t<meta property=\"og:image:height\" content=\"629\" \/>\n\t<meta property=\"og:image:type\" content=\"image\/jpeg\" \/>\n<meta name=\"twitter:card\" content=\"summary_large_image\" \/>\n<meta name=\"twitter:label1\" content=\"Prezzo\" \/>\n\t<meta name=\"twitter:data1\" content=\"&euro;50.00\" \/>\n\t<meta name=\"twitter:label2\" content=\"Disponibilit\u00e0\" \/>\n\t<meta name=\"twitter:data2\" content=\"Esaurito\" \/>\n<script type=\"application\/ld+json\" class=\"yoast-schema-graph\">{\"@context\":\"https:\/\/schema.org\",\"@graph\":[{\"@type\":\"WebPage\",\"@id\":\"https:\/\/iberoid-shop.com\/it\/product\/fenandrol\/\",\"url\":\"https:\/\/iberoid-shop.com\/it\/product\/fenandrol\/\",\"name\":\"FENANDROL\/BALKAN\/10 AMPOLLAS - Steroidi in linea\",\"isPartOf\":{\"@id\":\"https:\/\/iberoid-shop.com\/it\/#website\"},\"primaryImageOfPage\":{\"@id\":\"https:\/\/iberoid-shop.com\/it\/product\/fenandrol\/#primaryimage\"},\"image\":{\"@id\":\"https:\/\/iberoid-shop.com\/it\/product\/fenandrol\/#primaryimage\"},\"thumbnailUrl\":\"https:\/\/iberoid-shop.com\/wp-content\/uploads\/2019\/11\/fenandrol.jpg?v=1678120177\",\"datePublished\":\"2019-11-19T20:28:27+00:00\",\"dateModified\":\"2023-11-04T12:29:48+00:00\",\"description\":\"(Espa\u00f1ol) El fenilpropionato de nandrolona o el fepropionato de nandrolona es un medicamento esteroide androg\u00e9nico anab\u00f3lico que se ha utilizado principalmente en el tratamiento del c\u00e1ncer de mama y la osteoporosis en las mujeres.\",\"breadcrumb\":{\"@id\":\"https:\/\/iberoid-shop.com\/it\/product\/fenandrol\/#breadcrumb\"},\"inLanguage\":\"it-IT\",\"potentialAction\":[{\"@type\":\"ReadAction\",\"target\":[[\"https:\/\/iberoid-shop.com\/it\/product\/fenandrol\/\"]]}]},{\"@type\":\"ImageObject\",\"inLanguage\":\"it-IT\",\"@id\":\"https:\/\/iberoid-shop.com\/it\/product\/fenandrol\/#primaryimage\",\"url\":\"https:\/\/iberoid-shop.com\/wp-content\/uploads\/2019\/11\/fenandrol.jpg?v=1678120177\",\"contentUrl\":\"https:\/\/iberoid-shop.com\/wp-content\/uploads\/2019\/11\/fenandrol.jpg?v=1678120177\",\"width\":800,\"height\":629,\"caption\":\"Fenandrol - Propionato de nandrofenil\"},{\"@type\":\"BreadcrumbList\",\"@id\":\"https:\/\/iberoid-shop.com\/it\/product\/fenandrol\/#breadcrumb\",\"itemListElement\":[{\"@type\":\"ListItem\",\"position\":1,\"name\":\"Portada\",\"item\":\"https:\/\/iberoid-shop.com\/it\/\"},{\"@type\":\"ListItem\",\"position\":2,\"name\":\"Negozio\",\"item\":\"https:\/\/iberoid-shop.com\/it\/shop\/\"},{\"@type\":\"ListItem\",\"position\":3,\"name\":\"FENANDROL\/BALKAN\/10 AMPOLLAS\"}]},{\"@type\":\"WebSite\",\"@id\":\"https:\/\/iberoid-shop.com\/it\/#website\",\"url\":\"https:\/\/iberoid-shop.com\/it\/\",\"name\":\"Steroidi in linea\",\"description\":\"Acquista steroidi online oggi in Spagna e Portogallo. Abbiamo il miglior servizio clienti del settore e prodotti di altissima qualit\u00e0\",\"potentialAction\":[{\"@type\":\"SearchAction\",\"target\":{\"@type\":\"EntryPoint\",\"urlTemplate\":\"https:\/\/iberoid-shop.com\/it\/?s={search_term_string}\"},\"query-input\":{\"@type\":\"PropertyValueSpecification\",\"valueRequired\":true,\"valueName\":\"search_term_string\"}}],\"inLanguage\":\"it-IT\"}]}<\/script>\n<meta property=\"product:brand\" content=\"Balkan Pharmaceuticals\" \/>\n<meta property=\"product:price:amount\" content=\"50.00\" \/>\n<meta property=\"product:price:currency\" content=\"EUR\" \/>\n<meta property=\"og:availability\" content=\"out of stock\" \/>\n<meta property=\"product:availability\" content=\"out of stock\" \/>\n<meta property=\"product:condition\" content=\"new\" \/>\n<!-- \/ Yoast SEO Premium plugin. -->","yoast_head_json":{"title":"FENANDROL\/BALKAN\/10 AMPOLLAS - Steroidi in linea","description":"(Espa\u00f1ol) El fenilpropionato de nandrolona o el fepropionato de nandrolona es un medicamento esteroide androg\u00e9nico anab\u00f3lico que se ha utilizado principalmente en el tratamiento del c\u00e1ncer de mama y la osteoporosis en las mujeres.","robots":{"index":"index","follow":"follow","max-snippet":"max-snippet:-1","max-image-preview":"max-image-preview:large","max-video-preview":"max-video-preview:-1"},"canonical":"https:\/\/iberoid-shop.com\/it\/product\/fenandrol\/","og_locale":"it_IT","og_type":"article","og_title":"FENANDROL\/BALKAN\/10 AMPOLLAS","og_description":"(Espa\u00f1ol) El fenilpropionato de nandrolona o el fepropionato de nandrolona es un medicamento esteroide androg\u00e9nico anab\u00f3lico que se ha utilizado principalmente en el tratamiento del c\u00e1ncer de mama y la osteoporosis en las mujeres.","og_url":"https:\/\/iberoid-shop.com\/it\/product\/fenandrol\/","og_site_name":"Steroidi in linea","article_modified_time":"2023-11-04T12:29:48+00:00","og_image":[{"width":800,"height":629,"url":"https:\/\/iberoid-shop.com\/wp-content\/uploads\/2019\/11\/fenandrol.jpg?v=1678120177","type":"image\/jpeg"}],"twitter_card":"summary_large_image","twitter_misc":{"Prezzo":"&euro;50.00","Disponibilit\u00e0":"Esaurito"},"schema":{"@context":"https:\/\/schema.org","@graph":[{"@type":"WebPage","@id":"https:\/\/iberoid-shop.com\/it\/product\/fenandrol\/","url":"https:\/\/iberoid-shop.com\/it\/product\/fenandrol\/","name":"FENANDROL\/BALKAN\/10 AMPOLLAS - Steroidi in linea","isPartOf":{"@id":"https:\/\/iberoid-shop.com\/it\/#website"},"primaryImageOfPage":{"@id":"https:\/\/iberoid-shop.com\/it\/product\/fenandrol\/#primaryimage"},"image":{"@id":"https:\/\/iberoid-shop.com\/it\/product\/fenandrol\/#primaryimage"},"thumbnailUrl":"https:\/\/iberoid-shop.com\/wp-content\/uploads\/2019\/11\/fenandrol.jpg?v=1678120177","datePublished":"2019-11-19T20:28:27+00:00","dateModified":"2023-11-04T12:29:48+00:00","description":"(Espa\u00f1ol) El fenilpropionato de nandrolona o el fepropionato de nandrolona es un medicamento esteroide androg\u00e9nico anab\u00f3lico que se ha utilizado principalmente en el tratamiento del c\u00e1ncer de mama y la osteoporosis en las mujeres.","breadcrumb":{"@id":"https:\/\/iberoid-shop.com\/it\/product\/fenandrol\/#breadcrumb"},"inLanguage":"it-IT","potentialAction":[{"@type":"ReadAction","target":[["https:\/\/iberoid-shop.com\/it\/product\/fenandrol\/"]]}]},{"@type":"ImageObject","inLanguage":"it-IT","@id":"https:\/\/iberoid-shop.com\/it\/product\/fenandrol\/#primaryimage","url":"https:\/\/iberoid-shop.com\/wp-content\/uploads\/2019\/11\/fenandrol.jpg?v=1678120177","contentUrl":"https:\/\/iberoid-shop.com\/wp-content\/uploads\/2019\/11\/fenandrol.jpg?v=1678120177","width":800,"height":629,"caption":"Fenandrol - Propionato de nandrofenil"},{"@type":"BreadcrumbList","@id":"https:\/\/iberoid-shop.com\/it\/product\/fenandrol\/#breadcrumb","itemListElement":[{"@type":"ListItem","position":1,"name":"Portada","item":"https:\/\/iberoid-shop.com\/it\/"},{"@type":"ListItem","position":2,"name":"Negozio","item":"https:\/\/iberoid-shop.com\/it\/shop\/"},{"@type":"ListItem","position":3,"name":"FENANDROL\/BALKAN\/10 AMPOLLAS"}]},{"@type":"WebSite","@id":"https:\/\/iberoid-shop.com\/it\/#website","url":"https:\/\/iberoid-shop.com\/it\/","name":"Steroidi in linea","description":"Acquista steroidi online oggi in Spagna e Portogallo. Abbiamo il miglior servizio clienti del settore e prodotti di altissima qualit\u00e0","potentialAction":[{"@type":"SearchAction","target":{"@type":"EntryPoint","urlTemplate":"https:\/\/iberoid-shop.com\/it\/?s={search_term_string}"},"query-input":{"@type":"PropertyValueSpecification","valueRequired":true,"valueName":"search_term_string"}}],"inLanguage":"it-IT"}]},"product_brand":"Balkan Pharmaceuticals","product_price_amount":"50.00","product_price_currency":"EUR","og_availability":"out of stock","product_availability":"out of stock","product_condition":"new"},"_links":{"self":[{"href":"https:\/\/iberoid-shop.com\/it\/wp-json\/wp\/v2\/product\/3000","targetHints":{"allow":["GET"]}}],"collection":[{"href":"https:\/\/iberoid-shop.com\/it\/wp-json\/wp\/v2\/product"}],"about":[{"href":"https:\/\/iberoid-shop.com\/it\/wp-json\/wp\/v2\/types\/product"}],"replies":[{"embeddable":true,"href":"https:\/\/iberoid-shop.com\/it\/wp-json\/wp\/v2\/comments?post=3000"}],"wp:featuredmedia":[{"embeddable":true,"href":"https:\/\/iberoid-shop.com\/it\/wp-json\/wp\/v2\/media\/3002"}],"wp:attachment":[{"href":"https:\/\/iberoid-shop.com\/it\/wp-json\/wp\/v2\/media?parent=3000"}],"wp:term":[{"taxonomy":"product_brand","embeddable":true,"href":"https:\/\/iberoid-shop.com\/it\/wp-json\/wp\/v2\/product_brand?post=3000"},{"taxonomy":"product_cat","embeddable":true,"href":"https:\/\/iberoid-shop.com\/it\/wp-json\/wp\/v2\/product_cat?post=3000"},{"taxonomy":"product_tag","embeddable":true,"href":"https:\/\/iberoid-shop.com\/it\/wp-json\/wp\/v2\/product_tag?post=3000"}],"curies":[{"name":"wp","href":"https:\/\/api.w.org\/{rel}","templated":true}]}}