{"id":2984,"date":"2019-11-19T19:57:10","date_gmt":"2019-11-19T19:57:10","guid":{"rendered":"https:\/\/iberoid-shop.com\/?post_type=product&#038;p=2984"},"modified":"2025-05-11T13:50:23","modified_gmt":"2025-05-11T13:50:23","slug":"clenbuterol","status":"publish","type":"product","link":"https:\/\/iberoid-shop.com\/it\/product\/clenbuterol\/","title":{"rendered":"Clenbuterol"},"content":{"rendered":"<p><\/p>\n<p>Il clenbuterolo \u00e8 il bruciagrassi pi\u00f9 popolare, la maggior parte dei culturisti lo usa prima delle competizioni per bruciare i grassi. In realt\u00e0, non \u00e8 uno steroide ma un antagonista beta-2, usato per trattare l&#8217;asma.<\/p>\n<p>Azione: &#8211; L&#8217;adrenalina e la noradrenalina agiscono come sostanze prodotte naturalmente nel nostro corpo, preparando il corpo allo sforzo.<\/p>\n<p>&#8211; agisce selettivamente sui recettori beta-2, registrando una diminuzione dell&#8217;appetito, un aumento della temperatura corporea e la velocit\u00e0 del metabolismo.<\/p>\n<p>&#8211; Dopo circa 8 settimane, l&#8217;effetto termogenico torna alla normalit\u00e0.<\/p>\n<p>&#8211; Le propriet\u00e0 anti-cataboliche scompaiono dopo 18 giorni.<\/p>\n<p>Risultati: brucia grassi e mantiene la massa muscolare durante le diete.<\/p>\n<p>Dose ottimale: 20-60 mcg<\/p>\n<p>Durata del ciclo: circa 6 settimane<\/p>\n<p>Effetti collaterali: &#8211; persone con gravi reni, fegato, malattie cardiache SA Evitare l&#8217;uso di questo prodotto!<\/p>\n<p><\/p>","protected":false},"excerpt":{"rendered":"<\/p>\n","protected":false},"featured_media":2986,"comment_status":"open","ping_status":"closed","template":"","meta":[],"product_brand":[],"product_cat":[73],"product_tag":[],"class_list":{"0":"post-2984","1":"product","2":"type-product","3":"status-publish","4":"has-post-thumbnail","6":"product_cat-ssteroides_orales","8":"first","9":"outofstock","10":"sale","11":"shipping-taxable","12":"purchasable","13":"product-type-simple"},"yoast_head":"<!-- This site is optimized with the Yoast SEO Premium plugin v24.4 (Yoast SEO v27.3) - https:\/\/yoast.com\/product\/yoast-seo-premium-wordpress\/ -->\n<title>Clenbuterol - Steroidi in linea<\/title>\n<meta name=\"description\" content=\"(Espa\u00f1ol) Clenbuterol es el quemador de grasa m\u00e1s popular, la mayor\u00eda de los culturistas lo usan antes de las competiciones para quemar grasa.\" \/>\n<meta name=\"robots\" content=\"index, follow, max-snippet:-1, max-image-preview:large, max-video-preview:-1\" \/>\n<link rel=\"canonical\" href=\"https:\/\/iberoid-shop.com\/it\/product\/clenbuterol\/\" \/>\n<meta property=\"og:locale\" content=\"it_IT\" \/>\n<meta property=\"og:type\" content=\"article\" \/>\n<meta property=\"og:title\" content=\"Clenbuterol\" \/>\n<meta property=\"og:description\" content=\"(Espa\u00f1ol) Clenbuterol es el quemador de grasa m\u00e1s popular, la mayor\u00eda de los culturistas lo usan antes de las competiciones para quemar grasa.\" \/>\n<meta property=\"og:url\" content=\"https:\/\/iberoid-shop.com\/it\/product\/clenbuterol\/\" \/>\n<meta property=\"og:site_name\" content=\"Steroidi in linea\" \/>\n<meta property=\"article:modified_time\" content=\"2025-05-11T13:50:23+00:00\" \/>\n<meta property=\"og:image\" content=\"https:\/\/iberoid-shop.com\/wp-content\/uploads\/2019\/11\/clenbuterol.jpg?v=1678120180\" \/>\n\t<meta property=\"og:image:width\" content=\"800\" \/>\n\t<meta property=\"og:image:height\" content=\"493\" \/>\n\t<meta property=\"og:image:type\" content=\"image\/jpeg\" \/>\n<meta name=\"twitter:card\" content=\"summary_large_image\" \/>\n<meta name=\"twitter:label1\" content=\"Prezzo\" \/>\n\t<meta name=\"twitter:data1\" content=\"&euro;30.00\" \/>\n\t<meta name=\"twitter:label2\" content=\"Disponibilit\u00e0\" \/>\n\t<meta name=\"twitter:data2\" content=\"Esaurito\" \/>\n<script type=\"application\/ld+json\" class=\"yoast-schema-graph\">{\"@context\":\"https:\\\/\\\/schema.org\",\"@graph\":[{\"@type\":\"WebPage\",\"@id\":\"https:\\\/\\\/iberoid-shop.com\\\/it\\\/product\\\/clenbuterol\\\/\",\"url\":\"https:\\\/\\\/iberoid-shop.com\\\/it\\\/product\\\/clenbuterol\\\/\",\"name\":\"Clenbuterol - Steroidi in linea\",\"isPartOf\":{\"@id\":\"https:\\\/\\\/iberoid-shop.com\\\/it\\\/#website\"},\"primaryImageOfPage\":{\"@id\":\"https:\\\/\\\/iberoid-shop.com\\\/it\\\/product\\\/clenbuterol\\\/#primaryimage\"},\"image\":{\"@id\":\"https:\\\/\\\/iberoid-shop.com\\\/it\\\/product\\\/clenbuterol\\\/#primaryimage\"},\"thumbnailUrl\":\"https:\\\/\\\/iberoid-shop.com\\\/wp-content\\\/uploads\\\/2019\\\/11\\\/clenbuterol.jpg?v=1678120180\",\"datePublished\":\"2019-11-19T19:57:10+00:00\",\"dateModified\":\"2025-05-11T13:50:23+00:00\",\"description\":\"(Espa\u00f1ol) Clenbuterol es el quemador de grasa m\u00e1s popular, la mayor\u00eda de los culturistas lo usan antes de las competiciones para quemar grasa.\",\"breadcrumb\":{\"@id\":\"https:\\\/\\\/iberoid-shop.com\\\/it\\\/product\\\/clenbuterol\\\/#breadcrumb\"},\"inLanguage\":\"it-IT\",\"potentialAction\":[{\"@type\":\"ReadAction\",\"target\":[[\"https:\\\/\\\/iberoid-shop.com\\\/it\\\/product\\\/clenbuterol\\\/\"]]}]},{\"@type\":\"ImageObject\",\"inLanguage\":\"it-IT\",\"@id\":\"https:\\\/\\\/iberoid-shop.com\\\/it\\\/product\\\/clenbuterol\\\/#primaryimage\",\"url\":\"https:\\\/\\\/iberoid-shop.com\\\/wp-content\\\/uploads\\\/2019\\\/11\\\/clenbuterol.jpg?v=1678120180\",\"contentUrl\":\"https:\\\/\\\/iberoid-shop.com\\\/wp-content\\\/uploads\\\/2019\\\/11\\\/clenbuterol.jpg?v=1678120180\",\"width\":800,\"height\":493},{\"@type\":\"BreadcrumbList\",\"@id\":\"https:\\\/\\\/iberoid-shop.com\\\/it\\\/product\\\/clenbuterol\\\/#breadcrumb\",\"itemListElement\":[{\"@type\":\"ListItem\",\"position\":1,\"name\":\"Portada\",\"item\":\"https:\\\/\\\/iberoid-shop.com\\\/it\\\/\"},{\"@type\":\"ListItem\",\"position\":2,\"name\":\"Negozio\",\"item\":\"https:\\\/\\\/iberoid-shop.com\\\/it\\\/shop\\\/\"},{\"@type\":\"ListItem\",\"position\":3,\"name\":\"Clenbuterol\"}]},{\"@type\":\"WebSite\",\"@id\":\"https:\\\/\\\/iberoid-shop.com\\\/it\\\/#website\",\"url\":\"https:\\\/\\\/iberoid-shop.com\\\/it\\\/\",\"name\":\"Steroidi in linea\",\"description\":\"Acquista steroidi online oggi in Spagna e Portogallo. Abbiamo il miglior servizio clienti del settore e prodotti di altissima qualit\u00e0\",\"potentialAction\":[{\"@type\":\"SearchAction\",\"target\":{\"@type\":\"EntryPoint\",\"urlTemplate\":\"https:\\\/\\\/iberoid-shop.com\\\/it\\\/?s={search_term_string}\"},\"query-input\":{\"@type\":\"PropertyValueSpecification\",\"valueRequired\":true,\"valueName\":\"search_term_string\"}}],\"inLanguage\":\"it-IT\"}]}<\/script>\n<meta property=\"product:brand\" content=\"Balkan Pharmaceuticals\" \/>\n<meta property=\"product:price:amount\" content=\"30.00\" \/>\n<meta property=\"product:price:currency\" content=\"EUR\" \/>\n<meta property=\"og:availability\" content=\"out of stock\" \/>\n<meta property=\"product:availability\" content=\"out of stock\" \/>\n<meta property=\"product:condition\" content=\"new\" \/>\n<!-- \/ Yoast SEO Premium plugin. -->","yoast_head_json":{"title":"Clenbuterol - Steroidi in linea","description":"(Espa\u00f1ol) Clenbuterol es el quemador de grasa m\u00e1s popular, la mayor\u00eda de los culturistas lo usan antes de las competiciones para quemar grasa.","robots":{"index":"index","follow":"follow","max-snippet":"max-snippet:-1","max-image-preview":"max-image-preview:large","max-video-preview":"max-video-preview:-1"},"canonical":"https:\/\/iberoid-shop.com\/it\/product\/clenbuterol\/","og_locale":"it_IT","og_type":"article","og_title":"Clenbuterol","og_description":"(Espa\u00f1ol) Clenbuterol es el quemador de grasa m\u00e1s popular, la mayor\u00eda de los culturistas lo usan antes de las competiciones para quemar grasa.","og_url":"https:\/\/iberoid-shop.com\/it\/product\/clenbuterol\/","og_site_name":"Steroidi in linea","article_modified_time":"2025-05-11T13:50:23+00:00","og_image":[{"width":800,"height":493,"url":"https:\/\/iberoid-shop.com\/wp-content\/uploads\/2019\/11\/clenbuterol.jpg?v=1678120180","type":"image\/jpeg"}],"twitter_card":"summary_large_image","twitter_misc":{"Prezzo":"&euro;30.00","Disponibilit\u00e0":"Esaurito"},"schema":{"@context":"https:\/\/schema.org","@graph":[{"@type":"WebPage","@id":"https:\/\/iberoid-shop.com\/it\/product\/clenbuterol\/","url":"https:\/\/iberoid-shop.com\/it\/product\/clenbuterol\/","name":"Clenbuterol - Steroidi in linea","isPartOf":{"@id":"https:\/\/iberoid-shop.com\/it\/#website"},"primaryImageOfPage":{"@id":"https:\/\/iberoid-shop.com\/it\/product\/clenbuterol\/#primaryimage"},"image":{"@id":"https:\/\/iberoid-shop.com\/it\/product\/clenbuterol\/#primaryimage"},"thumbnailUrl":"https:\/\/iberoid-shop.com\/wp-content\/uploads\/2019\/11\/clenbuterol.jpg?v=1678120180","datePublished":"2019-11-19T19:57:10+00:00","dateModified":"2025-05-11T13:50:23+00:00","description":"(Espa\u00f1ol) Clenbuterol es el quemador de grasa m\u00e1s popular, la mayor\u00eda de los culturistas lo usan antes de las competiciones para quemar grasa.","breadcrumb":{"@id":"https:\/\/iberoid-shop.com\/it\/product\/clenbuterol\/#breadcrumb"},"inLanguage":"it-IT","potentialAction":[{"@type":"ReadAction","target":[["https:\/\/iberoid-shop.com\/it\/product\/clenbuterol\/"]]}]},{"@type":"ImageObject","inLanguage":"it-IT","@id":"https:\/\/iberoid-shop.com\/it\/product\/clenbuterol\/#primaryimage","url":"https:\/\/iberoid-shop.com\/wp-content\/uploads\/2019\/11\/clenbuterol.jpg?v=1678120180","contentUrl":"https:\/\/iberoid-shop.com\/wp-content\/uploads\/2019\/11\/clenbuterol.jpg?v=1678120180","width":800,"height":493},{"@type":"BreadcrumbList","@id":"https:\/\/iberoid-shop.com\/it\/product\/clenbuterol\/#breadcrumb","itemListElement":[{"@type":"ListItem","position":1,"name":"Portada","item":"https:\/\/iberoid-shop.com\/it\/"},{"@type":"ListItem","position":2,"name":"Negozio","item":"https:\/\/iberoid-shop.com\/it\/shop\/"},{"@type":"ListItem","position":3,"name":"Clenbuterol"}]},{"@type":"WebSite","@id":"https:\/\/iberoid-shop.com\/it\/#website","url":"https:\/\/iberoid-shop.com\/it\/","name":"Steroidi in linea","description":"Acquista steroidi online oggi in Spagna e Portogallo. Abbiamo il miglior servizio clienti del settore e prodotti di altissima qualit\u00e0","potentialAction":[{"@type":"SearchAction","target":{"@type":"EntryPoint","urlTemplate":"https:\/\/iberoid-shop.com\/it\/?s={search_term_string}"},"query-input":{"@type":"PropertyValueSpecification","valueRequired":true,"valueName":"search_term_string"}}],"inLanguage":"it-IT"}]},"product_brand":"Balkan Pharmaceuticals","product_price_amount":"30.00","product_price_currency":"EUR","og_availability":"out of stock","product_availability":"out of stock","product_condition":"new"},"_links":{"self":[{"href":"https:\/\/iberoid-shop.com\/it\/wp-json\/wp\/v2\/product\/2984","targetHints":{"allow":["GET"]}}],"collection":[{"href":"https:\/\/iberoid-shop.com\/it\/wp-json\/wp\/v2\/product"}],"about":[{"href":"https:\/\/iberoid-shop.com\/it\/wp-json\/wp\/v2\/types\/product"}],"replies":[{"embeddable":true,"href":"https:\/\/iberoid-shop.com\/it\/wp-json\/wp\/v2\/comments?post=2984"}],"wp:featuredmedia":[{"embeddable":true,"href":"https:\/\/iberoid-shop.com\/it\/wp-json\/wp\/v2\/media\/2986"}],"wp:attachment":[{"href":"https:\/\/iberoid-shop.com\/it\/wp-json\/wp\/v2\/media?parent=2984"}],"wp:term":[{"taxonomy":"product_brand","embeddable":true,"href":"https:\/\/iberoid-shop.com\/it\/wp-json\/wp\/v2\/product_brand?post=2984"},{"taxonomy":"product_cat","embeddable":true,"href":"https:\/\/iberoid-shop.com\/it\/wp-json\/wp\/v2\/product_cat?post=2984"},{"taxonomy":"product_tag","embeddable":true,"href":"https:\/\/iberoid-shop.com\/it\/wp-json\/wp\/v2\/product_tag?post=2984"}],"curies":[{"name":"wp","href":"https:\/\/api.w.org\/{rel}","templated":true}]}}