{"id":2980,"date":"2019-11-19T19:51:47","date_gmt":"2019-11-19T19:51:47","guid":{"rendered":"https:\/\/iberoid-shop.com\/?post_type=product&#038;p=2980"},"modified":"2024-08-06T19:50:52","modified_gmt":"2024-08-06T19:50:52","slug":"danabol","status":"publish","type":"product","link":"https:\/\/iberoid-shop.com\/it\/product\/danabol\/","title":{"rendered":"Danabol 10 mg"},"content":{"rendered":"<p><strong>Danabol<\/strong> 10 mg \u00e8 lo steroide orale pi\u00f9 popolare al mondo, essendo uno dei primi steroidi che i bodybuilder hanno usato. Fu creato nel 1956 dal Dr. John Ziegler e nel 1960 fu lanciato come Dianabol. Lo stesso prodotto pu\u00f2 essere trovato sotto molti nomi commerciali: Dbol, Methandrostenolone, Methandienone, Anabol o Methane. Tutti questi prodotti contengono lo stesso principio attivo, vale a dire il methanienone.<\/p>\n<p><strong>Come funziona Danabol?<\/strong><br \/>\nDanabol 10 mg agisce aumentando la sintesi proteica e aumentando la ritenzione di azoto. Pu\u00f2 essere usato da solo o in combinazione con altri steroidi, migliorandone l&#8217;effetto. Con il danabol si sviluppa la massa muscolare, si aumenta la forza muscolare, la resistenza e il recupero dopo lo sforzo.<\/p>\n<p>Per ottenere questo risultato, anche la dieta a questo scopo deve essere adattata, con una dieta ipercalorica che \u00e8 la pi\u00f9 appropriata. Non dovrebbe essere esagerato nemmeno con le calorie, in modo da non depositare troppo grasso e non trattenere l&#8217;acqua in eccesso.<\/p>\n<p><strong>Danabol<\/strong> 10 mg aumenta la ritenzione idrica, rendendo i muscoli spugnosi e per evitare questo indesiderato effetto collaterale, dovrebbe essere usato un antiestrogeno come Tamoximed, Provimed o Arimidex. Durante il ciclo, si possono ottenere grandi progressi, anche 15 kg in sole 6 settimane, poich\u00e9 la massa accumulata non \u00e8 totalmente solo i muscoli.<\/p>\n<p>Come in ogni ciclo, la cosa pi\u00f9 importante \u00e8 la dieta, nessuno steroide pu\u00f2 accumulare grasso o ritenzione idrica se la dieta \u00e8 ben sviluppata. L&#8217;effetto \u00e8 fortemente anabolico e androgeno inferiore, a causa della minore affinit\u00e0 per il legame con i recettori degli androgeni. L&#8217;anabolismo nel caso di dianabol \u00e8 dovuto all&#8217;aumentata sintesi proteica, alla ritenzione di azoto e alla glicolisi.<\/p>\n<p><strong>Quali risultati si possono ottenere durante il ciclo?<\/strong><br \/>\nA causa degli ottimi risultati che offre, \u00e8 diventato uno degli steroidi pi\u00f9 popolari al mondo, anche Arnold Schwarzenegger ha riconosciuto di averlo usato. Fin dai primi giorni di somministrazione c&#8217;\u00e8 un aumento della forza e della massa muscolare.<\/p>\n<p>Gli allenamenti possono essere molto intensi durante il ciclo, perch\u00e9 anche la resistenza e il recupero vengono restituiti. Sebbene i risultati siano sorprendenti, soprattutto per i principianti nel primo ciclo di steroidi, \u00e8 obbligatorio rispettare le dosi ottimali e il tempo di somministrazione.<\/p>\n<p>Quando si usa Danabol 10 mg, deve essere usato un epatoprotettore. Come con tutti gli steroidi in forma di pillola, sono metabolizzati nel fegato.<\/p>\n<p><strong>Danabol<\/strong> 10 mg non viene utilizzato in periodi precompetitivi perch\u00e9 trattiene l&#8217;acqua, il che render\u00e0 impossibile la definizione. Come per tutti i prodotti ampiamente utilizzati, il rischio di acquistare un prodotto contraffatto \u00e8 elevato. Ecco perch\u00e9 \u00e8 molto buono acquistare steroidi che possono essere trovati sul sito Web del produttore, come Balkan Pharmaceuticals. In questo caso, puoi essere sicuro di acquistare uno steroide originale.<\/p>\n<p><strong>Durata del ciclo:<\/strong> &#8211; circa 6 settimane.<\/p>\n<p><strong>Cicli di steroidi:<\/strong> &#8211; \u00c8 perfettamente combinato durante il periodo di massa muscolare con nandrolone D e testosterone enzimatico.<\/p>\n<p>Un altro ciclo comunemente usato \u00e8 Sustamed + Enhanced Trenbolone + Danabol. In questo caso, la massa muscolare \u00e8 di qualit\u00e0 superiore, a causa dell&#8217;aggiunta di trenbolone nel ciclo, che ha effetti molto buoni sulla definizione.<\/p>\n<p><strong>Dose ottimale:<\/strong> &#8211; 30-70 mg \/ giorno.<\/p>\n<p><strong>Tempo di rilevamento:<\/strong> 6 settimane.<\/p>\n<p>&nbsp;<\/p>","protected":false},"excerpt":{"rendered":"<p>Quantit\u00e0: 100 pillole<\/p>\n<p>Concentrazione: 10 mg \/ pillola<\/p>\n<p>Sostanza: Methandienone<\/p>\n","protected":false},"featured_media":2988,"comment_status":"open","ping_status":"closed","template":"","meta":[],"product_brand":[],"product_cat":[73],"product_tag":[],"class_list":{"0":"post-2980","1":"product","2":"type-product","3":"status-publish","4":"has-post-thumbnail","6":"product_cat-ssteroides_orales","8":"first","9":"outofstock","10":"shipping-taxable","11":"purchasable","12":"product-type-simple"},"yoast_head":"<!-- This site is optimized with the Yoast SEO Premium plugin v24.4 (Yoast SEO v27.0) - https:\/\/yoast.com\/product\/yoast-seo-premium-wordpress\/ -->\n<title>Danabol 10 mg - Steroidi in linea<\/title>\n<meta name=\"description\" content=\"(Espa\u00f1ol) Danabol aumenta la masa muscular, aumenta la fuerza muscular.\" \/>\n<meta name=\"robots\" content=\"index, follow, max-snippet:-1, max-image-preview:large, max-video-preview:-1\" \/>\n<link rel=\"canonical\" href=\"https:\/\/iberoid-shop.com\/it\/product\/danabol\/\" \/>\n<meta property=\"og:locale\" content=\"it_IT\" \/>\n<meta property=\"og:type\" content=\"article\" \/>\n<meta property=\"og:title\" content=\"Danabol 10 mg\" \/>\n<meta property=\"og:description\" content=\"(Espa\u00f1ol) Danabol aumenta la masa muscular, aumenta la fuerza muscular.\" \/>\n<meta property=\"og:url\" content=\"https:\/\/iberoid-shop.com\/it\/product\/danabol\/\" \/>\n<meta property=\"og:site_name\" content=\"Steroidi in linea\" \/>\n<meta property=\"article:modified_time\" content=\"2024-08-06T19:50:52+00:00\" \/>\n<meta property=\"og:image\" content=\"https:\/\/iberoid-shop.com\/wp-content\/uploads\/2019\/11\/danabol_10.jpg?v=1699084803\" \/>\n\t<meta property=\"og:image:width\" content=\"960\" \/>\n\t<meta property=\"og:image:height\" content=\"753\" \/>\n\t<meta property=\"og:image:type\" content=\"image\/jpeg\" \/>\n<meta name=\"twitter:card\" content=\"summary_large_image\" \/>\n<meta name=\"twitter:label1\" content=\"Prezzo\" \/>\n\t<meta name=\"twitter:data1\" content=\"&euro;40.00\" \/>\n\t<meta name=\"twitter:label2\" content=\"Disponibilit\u00e0\" \/>\n\t<meta name=\"twitter:data2\" content=\"Esaurito\" \/>\n<script type=\"application\/ld+json\" class=\"yoast-schema-graph\">{\"@context\":\"https:\/\/schema.org\",\"@graph\":[{\"@type\":\"WebPage\",\"@id\":\"https:\/\/iberoid-shop.com\/it\/product\/danabol\/\",\"url\":\"https:\/\/iberoid-shop.com\/it\/product\/danabol\/\",\"name\":\"Danabol 10 mg - Steroidi in linea\",\"isPartOf\":{\"@id\":\"https:\/\/iberoid-shop.com\/it\/#website\"},\"primaryImageOfPage\":{\"@id\":\"https:\/\/iberoid-shop.com\/it\/product\/danabol\/#primaryimage\"},\"image\":{\"@id\":\"https:\/\/iberoid-shop.com\/it\/product\/danabol\/#primaryimage\"},\"thumbnailUrl\":\"https:\/\/iberoid-shop.com\/wp-content\/uploads\/2019\/11\/danabol_10.jpg?v=1699084803\",\"datePublished\":\"2019-11-19T19:51:47+00:00\",\"dateModified\":\"2024-08-06T19:50:52+00:00\",\"description\":\"(Espa\u00f1ol) Danabol aumenta la masa muscular, aumenta la fuerza muscular.\",\"breadcrumb\":{\"@id\":\"https:\/\/iberoid-shop.com\/it\/product\/danabol\/#breadcrumb\"},\"inLanguage\":\"it-IT\",\"potentialAction\":[{\"@type\":\"ReadAction\",\"target\":[[\"https:\/\/iberoid-shop.com\/it\/product\/danabol\/\"]]}]},{\"@type\":\"ImageObject\",\"inLanguage\":\"it-IT\",\"@id\":\"https:\/\/iberoid-shop.com\/it\/product\/danabol\/#primaryimage\",\"url\":\"https:\/\/iberoid-shop.com\/wp-content\/uploads\/2019\/11\/danabol_10.jpg?v=1699084803\",\"contentUrl\":\"https:\/\/iberoid-shop.com\/wp-content\/uploads\/2019\/11\/danabol_10.jpg?v=1699084803\",\"width\":960,\"height\":753,\"caption\":\"(Espa\u00f1ol) danabol desarrolla masa muscular, aumenta la fuerza muscular, la resistencia y la recuperaci\u00f3n despu\u00e9s del esfuerzo\"},{\"@type\":\"BreadcrumbList\",\"@id\":\"https:\/\/iberoid-shop.com\/it\/product\/danabol\/#breadcrumb\",\"itemListElement\":[{\"@type\":\"ListItem\",\"position\":1,\"name\":\"Portada\",\"item\":\"https:\/\/iberoid-shop.com\/it\/\"},{\"@type\":\"ListItem\",\"position\":2,\"name\":\"Negozio\",\"item\":\"https:\/\/iberoid-shop.com\/it\/shop\/\"},{\"@type\":\"ListItem\",\"position\":3,\"name\":\"Danabol 10 mg\"}]},{\"@type\":\"WebSite\",\"@id\":\"https:\/\/iberoid-shop.com\/it\/#website\",\"url\":\"https:\/\/iberoid-shop.com\/it\/\",\"name\":\"Steroidi in linea\",\"description\":\"Acquista steroidi online oggi in Spagna e Portogallo. Abbiamo il miglior servizio clienti del settore e prodotti di altissima qualit\u00e0\",\"potentialAction\":[{\"@type\":\"SearchAction\",\"target\":{\"@type\":\"EntryPoint\",\"urlTemplate\":\"https:\/\/iberoid-shop.com\/it\/?s={search_term_string}\"},\"query-input\":{\"@type\":\"PropertyValueSpecification\",\"valueRequired\":true,\"valueName\":\"search_term_string\"}}],\"inLanguage\":\"it-IT\"}]}<\/script>\n<meta property=\"product:brand\" content=\"Balkan Pharmaceuticals\" \/>\n<meta property=\"product:price:amount\" content=\"40.00\" \/>\n<meta property=\"product:price:currency\" content=\"EUR\" \/>\n<meta property=\"og:availability\" content=\"out of stock\" \/>\n<meta property=\"product:availability\" content=\"out of stock\" \/>\n<meta property=\"product:condition\" content=\"new\" \/>\n<!-- \/ Yoast SEO Premium plugin. -->","yoast_head_json":{"title":"Danabol 10 mg - Steroidi in linea","description":"(Espa\u00f1ol) Danabol aumenta la masa muscular, aumenta la fuerza muscular.","robots":{"index":"index","follow":"follow","max-snippet":"max-snippet:-1","max-image-preview":"max-image-preview:large","max-video-preview":"max-video-preview:-1"},"canonical":"https:\/\/iberoid-shop.com\/it\/product\/danabol\/","og_locale":"it_IT","og_type":"article","og_title":"Danabol 10 mg","og_description":"(Espa\u00f1ol) Danabol aumenta la masa muscular, aumenta la fuerza muscular.","og_url":"https:\/\/iberoid-shop.com\/it\/product\/danabol\/","og_site_name":"Steroidi in linea","article_modified_time":"2024-08-06T19:50:52+00:00","og_image":[{"width":960,"height":753,"url":"https:\/\/iberoid-shop.com\/wp-content\/uploads\/2019\/11\/danabol_10.jpg?v=1699084803","type":"image\/jpeg"}],"twitter_card":"summary_large_image","twitter_misc":{"Prezzo":"&euro;40.00","Disponibilit\u00e0":"Esaurito"},"schema":{"@context":"https:\/\/schema.org","@graph":[{"@type":"WebPage","@id":"https:\/\/iberoid-shop.com\/it\/product\/danabol\/","url":"https:\/\/iberoid-shop.com\/it\/product\/danabol\/","name":"Danabol 10 mg - Steroidi in linea","isPartOf":{"@id":"https:\/\/iberoid-shop.com\/it\/#website"},"primaryImageOfPage":{"@id":"https:\/\/iberoid-shop.com\/it\/product\/danabol\/#primaryimage"},"image":{"@id":"https:\/\/iberoid-shop.com\/it\/product\/danabol\/#primaryimage"},"thumbnailUrl":"https:\/\/iberoid-shop.com\/wp-content\/uploads\/2019\/11\/danabol_10.jpg?v=1699084803","datePublished":"2019-11-19T19:51:47+00:00","dateModified":"2024-08-06T19:50:52+00:00","description":"(Espa\u00f1ol) Danabol aumenta la masa muscular, aumenta la fuerza muscular.","breadcrumb":{"@id":"https:\/\/iberoid-shop.com\/it\/product\/danabol\/#breadcrumb"},"inLanguage":"it-IT","potentialAction":[{"@type":"ReadAction","target":[["https:\/\/iberoid-shop.com\/it\/product\/danabol\/"]]}]},{"@type":"ImageObject","inLanguage":"it-IT","@id":"https:\/\/iberoid-shop.com\/it\/product\/danabol\/#primaryimage","url":"https:\/\/iberoid-shop.com\/wp-content\/uploads\/2019\/11\/danabol_10.jpg?v=1699084803","contentUrl":"https:\/\/iberoid-shop.com\/wp-content\/uploads\/2019\/11\/danabol_10.jpg?v=1699084803","width":960,"height":753,"caption":"(Espa\u00f1ol) danabol desarrolla masa muscular, aumenta la fuerza muscular, la resistencia y la recuperaci\u00f3n despu\u00e9s del esfuerzo"},{"@type":"BreadcrumbList","@id":"https:\/\/iberoid-shop.com\/it\/product\/danabol\/#breadcrumb","itemListElement":[{"@type":"ListItem","position":1,"name":"Portada","item":"https:\/\/iberoid-shop.com\/it\/"},{"@type":"ListItem","position":2,"name":"Negozio","item":"https:\/\/iberoid-shop.com\/it\/shop\/"},{"@type":"ListItem","position":3,"name":"Danabol 10 mg"}]},{"@type":"WebSite","@id":"https:\/\/iberoid-shop.com\/it\/#website","url":"https:\/\/iberoid-shop.com\/it\/","name":"Steroidi in linea","description":"Acquista steroidi online oggi in Spagna e Portogallo. Abbiamo il miglior servizio clienti del settore e prodotti di altissima qualit\u00e0","potentialAction":[{"@type":"SearchAction","target":{"@type":"EntryPoint","urlTemplate":"https:\/\/iberoid-shop.com\/it\/?s={search_term_string}"},"query-input":{"@type":"PropertyValueSpecification","valueRequired":true,"valueName":"search_term_string"}}],"inLanguage":"it-IT"}]},"product_brand":"Balkan Pharmaceuticals","product_price_amount":"40.00","product_price_currency":"EUR","og_availability":"out of stock","product_availability":"out of stock","product_condition":"new"},"_links":{"self":[{"href":"https:\/\/iberoid-shop.com\/it\/wp-json\/wp\/v2\/product\/2980","targetHints":{"allow":["GET"]}}],"collection":[{"href":"https:\/\/iberoid-shop.com\/it\/wp-json\/wp\/v2\/product"}],"about":[{"href":"https:\/\/iberoid-shop.com\/it\/wp-json\/wp\/v2\/types\/product"}],"replies":[{"embeddable":true,"href":"https:\/\/iberoid-shop.com\/it\/wp-json\/wp\/v2\/comments?post=2980"}],"wp:featuredmedia":[{"embeddable":true,"href":"https:\/\/iberoid-shop.com\/it\/wp-json\/wp\/v2\/media\/2988"}],"wp:attachment":[{"href":"https:\/\/iberoid-shop.com\/it\/wp-json\/wp\/v2\/media?parent=2980"}],"wp:term":[{"taxonomy":"product_brand","embeddable":true,"href":"https:\/\/iberoid-shop.com\/it\/wp-json\/wp\/v2\/product_brand?post=2980"},{"taxonomy":"product_cat","embeddable":true,"href":"https:\/\/iberoid-shop.com\/it\/wp-json\/wp\/v2\/product_cat?post=2980"},{"taxonomy":"product_tag","embeddable":true,"href":"https:\/\/iberoid-shop.com\/it\/wp-json\/wp\/v2\/product_tag?post=2980"}],"curies":[{"name":"wp","href":"https:\/\/api.w.org\/{rel}","templated":true}]}}