{"id":2961,"date":"2019-11-18T21:26:57","date_gmt":"2019-11-18T21:26:57","guid":{"rendered":"https:\/\/iberoid-shop.com\/?post_type=product&#038;p=2961"},"modified":"2023-12-23T18:11:36","modified_gmt":"2023-12-23T18:11:36","slug":"anastrozol","status":"publish","type":"product","link":"https:\/\/iberoid-shop.com\/it\/product\/anastrozol\/","title":{"rendered":"Anastrozol"},"content":{"rendered":"<p><strong>L&#8217;anastrozolo<\/strong> \u00e8 un inibitore del gusto, ci\u00f2 che lo differenzia da un antiestrogeno \u00e8 che non consente la formazione di estrogeni nel corpo, mentre un antiestrogeno blocca l&#8217;azione degli estrogeni.<\/p>\n<p><strong>Azione:<\/strong> agisce bloccando l&#8217;enzima che trasforma il testosterone in estrogeno.<\/p>\n<p>&#8211; \u00c8 l&#8217;antiestrogeno pi\u00f9 popolare, utilizzato dalla maggior parte degli atleti professionisti.<\/p>\n<p>&#8211; \u00c8 significativamente superiore a Proviron o Tamoxifen.<\/p>\n<p>&#8211; Riduce gli estrogeni fino all&#8217;80%.<\/p>\n<p>&#8211; Contribuisce anche alla produzione del proprio testosterone nel corpo.<\/p>\n<p>&#8211; Previene la ginecomastia e la ritenzione di liquidi.<\/p>\n<p>&#8211; Rafforzamento dei muscoli ed evidenziazione dei muscoli.<\/p>\n<p><strong>Dose di somministrazione:<\/strong> &#8211; 0,5 &#8211; 1 mg a giorni alterni.<\/p>\n<p><strong>Durata del ciclo con anastrozolo:<\/strong> &#8211; circa 2 settimane.<\/p>","protected":false},"excerpt":{"rendered":"<p class=\"qtranxs-available-languages-message qtranxs-available-languages-message-it\">Ci spiace, ma questo articolo \u00e8 disponibile soltanto in <a href=\"https:\/\/iberoid-shop.com\/es\/wp-json\/wp\/v2\/product\/2961\" class=\"qtranxs-available-language-link qtranxs-available-language-link-es\" title=\"Espa\u00f1ol\">Espa\u00f1ol<\/a> e <a href=\"https:\/\/iberoid-shop.com\/pt\/wp-json\/wp\/v2\/product\/2961\" class=\"qtranxs-available-language-link qtranxs-available-language-link-pt\" title=\"Portugu\u00eas\">Portugu\u00eas<\/a>.<\/p>\n","protected":false},"featured_media":2963,"comment_status":"open","ping_status":"closed","template":"","meta":[],"product_brand":[],"product_cat":[73],"product_tag":[],"class_list":{"0":"post-2961","1":"product","2":"type-product","3":"status-publish","4":"has-post-thumbnail","6":"product_cat-ssteroides_orales","8":"first","9":"outofstock","10":"sale","11":"shipping-taxable","12":"purchasable","13":"product-type-simple"},"yoast_head":"<!-- This site is optimized with the Yoast SEO Premium plugin v24.4 (Yoast SEO v27.0) - https:\/\/yoast.com\/product\/yoast-seo-premium-wordpress\/ -->\n<title>Anastrozol - Steroidi in linea<\/title>\n<meta name=\"description\" content=\"(Espa\u00f1ol) Anastrozol ayuda a fortalecer y resaltar los m\u00fasculos.\" \/>\n<meta name=\"robots\" content=\"index, follow, max-snippet:-1, max-image-preview:large, max-video-preview:-1\" \/>\n<link rel=\"canonical\" href=\"https:\/\/iberoid-shop.com\/it\/product\/anastrozol\/\" \/>\n<meta property=\"og:locale\" content=\"it_IT\" \/>\n<meta property=\"og:type\" content=\"article\" \/>\n<meta property=\"og:title\" content=\"Anastrozol\" \/>\n<meta property=\"og:description\" content=\"(Espa\u00f1ol) Anastrozol ayuda a fortalecer y resaltar los m\u00fasculos.\" \/>\n<meta property=\"og:url\" content=\"https:\/\/iberoid-shop.com\/it\/product\/anastrozol\/\" \/>\n<meta property=\"og:site_name\" content=\"Steroidi in linea\" \/>\n<meta property=\"article:modified_time\" content=\"2023-12-23T18:11:36+00:00\" \/>\n<meta property=\"og:image\" content=\"https:\/\/iberoid-shop.com\/wp-content\/uploads\/2019\/11\/anastrozol.jpg?v=1678120182\" \/>\n\t<meta property=\"og:image:width\" content=\"465\" \/>\n\t<meta property=\"og:image:height\" content=\"290\" \/>\n\t<meta property=\"og:image:type\" content=\"image\/jpeg\" \/>\n<meta name=\"twitter:card\" content=\"summary_large_image\" \/>\n<meta name=\"twitter:label1\" content=\"Prezzo\" \/>\n\t<meta name=\"twitter:data1\" content=\"&euro;70.00\" \/>\n\t<meta name=\"twitter:label2\" content=\"Disponibilit\u00e0\" \/>\n\t<meta name=\"twitter:data2\" content=\"Esaurito\" \/>\n<script type=\"application\/ld+json\" class=\"yoast-schema-graph\">{\"@context\":\"https:\/\/schema.org\",\"@graph\":[{\"@type\":\"WebPage\",\"@id\":\"https:\/\/iberoid-shop.com\/it\/product\/anastrozol\/\",\"url\":\"https:\/\/iberoid-shop.com\/it\/product\/anastrozol\/\",\"name\":\"Anastrozol - Steroidi in linea\",\"isPartOf\":{\"@id\":\"https:\/\/iberoid-shop.com\/it\/#website\"},\"primaryImageOfPage\":{\"@id\":\"https:\/\/iberoid-shop.com\/it\/product\/anastrozol\/#primaryimage\"},\"image\":{\"@id\":\"https:\/\/iberoid-shop.com\/it\/product\/anastrozol\/#primaryimage\"},\"thumbnailUrl\":\"https:\/\/iberoid-shop.com\/wp-content\/uploads\/2019\/11\/anastrozol.jpg?v=1678120182\",\"datePublished\":\"2019-11-18T21:26:57+00:00\",\"dateModified\":\"2023-12-23T18:11:36+00:00\",\"description\":\"(Espa\u00f1ol) Anastrozol ayuda a fortalecer y resaltar los m\u00fasculos.\",\"breadcrumb\":{\"@id\":\"https:\/\/iberoid-shop.com\/it\/product\/anastrozol\/#breadcrumb\"},\"inLanguage\":\"it-IT\",\"potentialAction\":[{\"@type\":\"ReadAction\",\"target\":[[\"https:\/\/iberoid-shop.com\/it\/product\/anastrozol\/\"]]}]},{\"@type\":\"ImageObject\",\"inLanguage\":\"it-IT\",\"@id\":\"https:\/\/iberoid-shop.com\/it\/product\/anastrozol\/#primaryimage\",\"url\":\"https:\/\/iberoid-shop.com\/wp-content\/uploads\/2019\/11\/anastrozol.jpg?v=1678120182\",\"contentUrl\":\"https:\/\/iberoid-shop.com\/wp-content\/uploads\/2019\/11\/anastrozol.jpg?v=1678120182\",\"width\":465,\"height\":290},{\"@type\":\"BreadcrumbList\",\"@id\":\"https:\/\/iberoid-shop.com\/it\/product\/anastrozol\/#breadcrumb\",\"itemListElement\":[{\"@type\":\"ListItem\",\"position\":1,\"name\":\"Portada\",\"item\":\"https:\/\/iberoid-shop.com\/it\/\"},{\"@type\":\"ListItem\",\"position\":2,\"name\":\"Negozio\",\"item\":\"https:\/\/iberoid-shop.com\/it\/shop\/\"},{\"@type\":\"ListItem\",\"position\":3,\"name\":\"Anastrozol\"}]},{\"@type\":\"WebSite\",\"@id\":\"https:\/\/iberoid-shop.com\/it\/#website\",\"url\":\"https:\/\/iberoid-shop.com\/it\/\",\"name\":\"Steroidi in linea\",\"description\":\"Acquista steroidi online oggi in Spagna e Portogallo. Abbiamo il miglior servizio clienti del settore e prodotti di altissima qualit\u00e0\",\"potentialAction\":[{\"@type\":\"SearchAction\",\"target\":{\"@type\":\"EntryPoint\",\"urlTemplate\":\"https:\/\/iberoid-shop.com\/it\/?s={search_term_string}\"},\"query-input\":{\"@type\":\"PropertyValueSpecification\",\"valueRequired\":true,\"valueName\":\"search_term_string\"}}],\"inLanguage\":\"it-IT\"}]}<\/script>\n<meta property=\"product:brand\" content=\"Balkan Pharmaceuticals\" \/>\n<meta property=\"product:price:amount\" content=\"70.00\" \/>\n<meta property=\"product:price:currency\" content=\"EUR\" \/>\n<meta property=\"og:availability\" content=\"out of stock\" \/>\n<meta property=\"product:availability\" content=\"out of stock\" \/>\n<meta property=\"product:condition\" content=\"new\" \/>\n<!-- \/ Yoast SEO Premium plugin. -->","yoast_head_json":{"title":"Anastrozol - Steroidi in linea","description":"(Espa\u00f1ol) Anastrozol ayuda a fortalecer y resaltar los m\u00fasculos.","robots":{"index":"index","follow":"follow","max-snippet":"max-snippet:-1","max-image-preview":"max-image-preview:large","max-video-preview":"max-video-preview:-1"},"canonical":"https:\/\/iberoid-shop.com\/it\/product\/anastrozol\/","og_locale":"it_IT","og_type":"article","og_title":"Anastrozol","og_description":"(Espa\u00f1ol) Anastrozol ayuda a fortalecer y resaltar los m\u00fasculos.","og_url":"https:\/\/iberoid-shop.com\/it\/product\/anastrozol\/","og_site_name":"Steroidi in linea","article_modified_time":"2023-12-23T18:11:36+00:00","og_image":[{"width":465,"height":290,"url":"https:\/\/iberoid-shop.com\/wp-content\/uploads\/2019\/11\/anastrozol.jpg?v=1678120182","type":"image\/jpeg"}],"twitter_card":"summary_large_image","twitter_misc":{"Prezzo":"&euro;70.00","Disponibilit\u00e0":"Esaurito"},"schema":{"@context":"https:\/\/schema.org","@graph":[{"@type":"WebPage","@id":"https:\/\/iberoid-shop.com\/it\/product\/anastrozol\/","url":"https:\/\/iberoid-shop.com\/it\/product\/anastrozol\/","name":"Anastrozol - Steroidi in linea","isPartOf":{"@id":"https:\/\/iberoid-shop.com\/it\/#website"},"primaryImageOfPage":{"@id":"https:\/\/iberoid-shop.com\/it\/product\/anastrozol\/#primaryimage"},"image":{"@id":"https:\/\/iberoid-shop.com\/it\/product\/anastrozol\/#primaryimage"},"thumbnailUrl":"https:\/\/iberoid-shop.com\/wp-content\/uploads\/2019\/11\/anastrozol.jpg?v=1678120182","datePublished":"2019-11-18T21:26:57+00:00","dateModified":"2023-12-23T18:11:36+00:00","description":"(Espa\u00f1ol) Anastrozol ayuda a fortalecer y resaltar los m\u00fasculos.","breadcrumb":{"@id":"https:\/\/iberoid-shop.com\/it\/product\/anastrozol\/#breadcrumb"},"inLanguage":"it-IT","potentialAction":[{"@type":"ReadAction","target":[["https:\/\/iberoid-shop.com\/it\/product\/anastrozol\/"]]}]},{"@type":"ImageObject","inLanguage":"it-IT","@id":"https:\/\/iberoid-shop.com\/it\/product\/anastrozol\/#primaryimage","url":"https:\/\/iberoid-shop.com\/wp-content\/uploads\/2019\/11\/anastrozol.jpg?v=1678120182","contentUrl":"https:\/\/iberoid-shop.com\/wp-content\/uploads\/2019\/11\/anastrozol.jpg?v=1678120182","width":465,"height":290},{"@type":"BreadcrumbList","@id":"https:\/\/iberoid-shop.com\/it\/product\/anastrozol\/#breadcrumb","itemListElement":[{"@type":"ListItem","position":1,"name":"Portada","item":"https:\/\/iberoid-shop.com\/it\/"},{"@type":"ListItem","position":2,"name":"Negozio","item":"https:\/\/iberoid-shop.com\/it\/shop\/"},{"@type":"ListItem","position":3,"name":"Anastrozol"}]},{"@type":"WebSite","@id":"https:\/\/iberoid-shop.com\/it\/#website","url":"https:\/\/iberoid-shop.com\/it\/","name":"Steroidi in linea","description":"Acquista steroidi online oggi in Spagna e Portogallo. Abbiamo il miglior servizio clienti del settore e prodotti di altissima qualit\u00e0","potentialAction":[{"@type":"SearchAction","target":{"@type":"EntryPoint","urlTemplate":"https:\/\/iberoid-shop.com\/it\/?s={search_term_string}"},"query-input":{"@type":"PropertyValueSpecification","valueRequired":true,"valueName":"search_term_string"}}],"inLanguage":"it-IT"}]},"product_brand":"Balkan Pharmaceuticals","product_price_amount":"70.00","product_price_currency":"EUR","og_availability":"out of stock","product_availability":"out of stock","product_condition":"new"},"_links":{"self":[{"href":"https:\/\/iberoid-shop.com\/it\/wp-json\/wp\/v2\/product\/2961","targetHints":{"allow":["GET"]}}],"collection":[{"href":"https:\/\/iberoid-shop.com\/it\/wp-json\/wp\/v2\/product"}],"about":[{"href":"https:\/\/iberoid-shop.com\/it\/wp-json\/wp\/v2\/types\/product"}],"replies":[{"embeddable":true,"href":"https:\/\/iberoid-shop.com\/it\/wp-json\/wp\/v2\/comments?post=2961"}],"wp:featuredmedia":[{"embeddable":true,"href":"https:\/\/iberoid-shop.com\/it\/wp-json\/wp\/v2\/media\/2963"}],"wp:attachment":[{"href":"https:\/\/iberoid-shop.com\/it\/wp-json\/wp\/v2\/media?parent=2961"}],"wp:term":[{"taxonomy":"product_brand","embeddable":true,"href":"https:\/\/iberoid-shop.com\/it\/wp-json\/wp\/v2\/product_brand?post=2961"},{"taxonomy":"product_cat","embeddable":true,"href":"https:\/\/iberoid-shop.com\/it\/wp-json\/wp\/v2\/product_cat?post=2961"},{"taxonomy":"product_tag","embeddable":true,"href":"https:\/\/iberoid-shop.com\/it\/wp-json\/wp\/v2\/product_tag?post=2961"}],"curies":[{"name":"wp","href":"https:\/\/api.w.org\/{rel}","templated":true}]}}