{"id":2957,"date":"2019-11-18T21:15:24","date_gmt":"2019-11-18T21:15:24","guid":{"rendered":"https:\/\/iberoid-shop.com\/?post_type=product&#038;p=2957"},"modified":"2023-11-06T19:28:13","modified_gmt":"2023-11-06T19:28:13","slug":"anapolon","status":"publish","type":"product","link":"https:\/\/iberoid-shop.com\/it\/product\/anapolon\/","title":{"rendered":"Anapolon"},"content":{"rendered":"<p><strong>Anapolon<\/strong> \u00e8 uno steroide orale molto potente che viene spesso utilizzato nei cicli di bodybuilding e sollevamento pesi. Contiene il principio attivo ossimetale. Si chiama anche Anadrol. \u00c8 uno steroide androgeno anabolizzante, che contribuisce allo sviluppo della massa muscolare migliorando la sintesi proteica. Di solito si trova sotto forma di pillole da 50 mg, utilizzato dalla maggior parte degli atleti da prestazione, considerato lo steroide orale pi\u00f9 potente.<\/p>\n<p>Azione: contribuisce all&#8217;accumulo di acqua nel corpo, determinando un aumento del volume dei muscoli. Dopo l&#8217;accumulo di acqua, le articolazioni vengono ingrassate, il che \u00e8 molto vantaggioso per coloro che lavorano nella forza. L&#8217;azione androgena \u00e8 molto potente e in questo modo evita il sovraccarico. Durante l&#8217;utilizzo di questo steroide, il tuo appetito sar\u00e0 molto elevato. Anche la sintesi proteica \u00e8 migliorata, portando ad un rapido accumulo di massa muscolare.<\/p>\n<p>Agisce sull&#8217;ormone responsabile della produzione di globuli rossi ed eritropoietina. Ci\u00f2 si traduce in una maggiore resistenza e recupero dopo un intenso allenamento.<\/p>\n<p>Risultati ottenuti durante il ciclo<br \/>\nRisultati: &#8211; Gli aumenti di forza e massa durante il ciclo sono molto rapidi. Ci sono stati aumenti fino a 20 kg in sole 6 settimane. Oltre a questi effetti positivi, viene fornito con una serie di effetti negativi, i pi\u00f9 comuni sono gli effetti collaterali androgeni. C&#8217;\u00e8 un sovraccarico sul fegato, che \u00e8 tossico, specialmente in cicli lunghi o alte dosi. \u00c8 molto importante usare un epatoprotettore.<\/p>\n<p>Funziona molto bene e da solo, ma soprattutto in cicli con altri steroidi iniettabili. Ci sono atleti che possono usarlo durante il periodo di definizione, i muscoli hanno un aspetto molto pi\u00f9 completo. Coloro che hanno un problema con la ritenzione idrica dovrebbero evitare questa strategia. Il suo uso in combinazione con altre pillole di steroidi non \u00e8 mai consentito, poich\u00e9 la tossicit\u00e0 epatica \u00e8 troppo elevata. Essendo uno steroide estremamente popolare in tutto il mondo, ci sono molte varianti fasulle di questo prodotto. La preparazione dei Balcani pu\u00f2 essere considerata il prodotto pi\u00f9 sicuro, poich\u00e9 sulla fiala \u00e8 presente un codice che pu\u00f2 essere verificato sul sito ufficiale.<\/p>\n<p>Dose ottimale: la dose migliore \u00e8 di 50 mg \/ giorno, alcuni professionisti addirittura usano 100 mg \/ giorno. \u00c8 completamente vietato l&#8217;uso di dosi elevate di 100 mg. Gli effetti collaterali sono maggiori dei benefici.<\/p>\n<p>Quali cicli possono essere utilizzati?<br \/>\nCicli: uno dei cicli pi\u00f9 popolari per la massa muscolare \u00e8 Testosterone Enantat + Nandrolone D + Anapolon, Oxymetalone che viene utilizzato per sole 6 settimane. Un altro ciclo estremamente efficiente \u00e8 Sustamed + Enantat Trenbolone + Oximetalon. Pu\u00f2 essere considerato il ciclo pi\u00f9 potente. Trenbolone migliorato e migliorato sono gli steroidi iniettabili pi\u00f9 forti e Anap \u00e8 lo steroide orale pi\u00f9 forte. Questi tre steroidi combinati porteranno i massimi guadagni in termini di forza, peso e definizione muscolare.<\/p>\n<p>Poich\u00e9 sopprime la propria produzione di testosterone, si consiglia di utilizzarlo durante il ciclo di gravidanza (HCG) o alla fine del ciclo per la terapia post-ciclo. La terapia aiuta a ripristinare la produzione di testosterone e previene la perdita dei risultati raggiunti durante il ciclo.<\/p>\n<p>Durata del ciclo: 30 giorni.<\/p>\n<p>Tempo di rilevamento: 8 settimane.<\/p>","protected":false},"excerpt":{"rendered":"<p class=\"qtranxs-available-languages-message qtranxs-available-languages-message-it\">Ci spiace, ma questo articolo \u00e8 disponibile soltanto in <a href=\"https:\/\/iberoid-shop.com\/es\/wp-json\/wp\/v2\/product\/2957\" class=\"qtranxs-available-language-link qtranxs-available-language-link-es\" title=\"Espa\u00f1ol\">Espa\u00f1ol<\/a> e <a href=\"https:\/\/iberoid-shop.com\/pt\/wp-json\/wp\/v2\/product\/2957\" class=\"qtranxs-available-language-link qtranxs-available-language-link-pt\" title=\"Portugu\u00eas\">Portugu\u00eas<\/a>.<\/p>\n","protected":false},"featured_media":2959,"comment_status":"open","ping_status":"closed","template":"","meta":[],"product_brand":[],"product_cat":[73],"product_tag":[],"class_list":{"0":"post-2957","1":"product","2":"type-product","3":"status-publish","4":"has-post-thumbnail","6":"product_cat-ssteroides_orales","8":"first","9":"outofstock","10":"sale","11":"shipping-taxable","12":"purchasable","13":"product-type-simple"},"yoast_head":"<!-- This site is optimized with the Yoast SEO Premium plugin v24.4 (Yoast SEO v27.0) - https:\/\/yoast.com\/product\/yoast-seo-premium-wordpress\/ -->\n<title>Anapolon - Steroidi in linea<\/title>\n<meta name=\"description\" content=\"(Espa\u00f1ol) Anapolon es un esteroide oral muy potente que se usa a menudo en los ciclos de culturismo y levantamiento de pesas.\" \/>\n<meta name=\"robots\" content=\"index, follow, max-snippet:-1, max-image-preview:large, max-video-preview:-1\" \/>\n<link rel=\"canonical\" href=\"https:\/\/iberoid-shop.com\/it\/product\/anapolon\/\" \/>\n<meta property=\"og:locale\" content=\"it_IT\" \/>\n<meta property=\"og:type\" content=\"article\" \/>\n<meta property=\"og:title\" content=\"Anapolon\" \/>\n<meta property=\"og:description\" content=\"(Espa\u00f1ol) Anapolon es un esteroide oral muy potente que se usa a menudo en los ciclos de culturismo y levantamiento de pesas.\" \/>\n<meta property=\"og:url\" content=\"https:\/\/iberoid-shop.com\/it\/product\/anapolon\/\" \/>\n<meta property=\"og:site_name\" content=\"Steroidi in linea\" \/>\n<meta property=\"article:modified_time\" content=\"2023-11-06T19:28:13+00:00\" \/>\n<meta property=\"og:image\" content=\"https:\/\/iberoid-shop.com\/wp-content\/uploads\/2019\/11\/anapolon.jpg?v=1678120182\" \/>\n\t<meta property=\"og:image:width\" content=\"600\" \/>\n\t<meta property=\"og:image:height\" content=\"600\" \/>\n\t<meta property=\"og:image:type\" content=\"image\/jpeg\" \/>\n<meta name=\"twitter:card\" content=\"summary_large_image\" \/>\n<meta name=\"twitter:label1\" content=\"Prezzo\" \/>\n\t<meta name=\"twitter:data1\" content=\"&euro;60.00\" \/>\n\t<meta name=\"twitter:label2\" content=\"Disponibilit\u00e0\" \/>\n\t<meta name=\"twitter:data2\" content=\"Esaurito\" \/>\n<script type=\"application\/ld+json\" class=\"yoast-schema-graph\">{\"@context\":\"https:\/\/schema.org\",\"@graph\":[{\"@type\":\"WebPage\",\"@id\":\"https:\/\/iberoid-shop.com\/it\/product\/anapolon\/\",\"url\":\"https:\/\/iberoid-shop.com\/it\/product\/anapolon\/\",\"name\":\"Anapolon - Steroidi in linea\",\"isPartOf\":{\"@id\":\"https:\/\/iberoid-shop.com\/it\/#website\"},\"primaryImageOfPage\":{\"@id\":\"https:\/\/iberoid-shop.com\/it\/product\/anapolon\/#primaryimage\"},\"image\":{\"@id\":\"https:\/\/iberoid-shop.com\/it\/product\/anapolon\/#primaryimage\"},\"thumbnailUrl\":\"https:\/\/iberoid-shop.com\/wp-content\/uploads\/2019\/11\/anapolon.jpg?v=1678120182\",\"datePublished\":\"2019-11-18T21:15:24+00:00\",\"dateModified\":\"2023-11-06T19:28:13+00:00\",\"description\":\"(Espa\u00f1ol) Anapolon es un esteroide oral muy potente que se usa a menudo en los ciclos de culturismo y levantamiento de pesas.\",\"breadcrumb\":{\"@id\":\"https:\/\/iberoid-shop.com\/it\/product\/anapolon\/#breadcrumb\"},\"inLanguage\":\"it-IT\",\"potentialAction\":[{\"@type\":\"ReadAction\",\"target\":[[\"https:\/\/iberoid-shop.com\/it\/product\/anapolon\/\"]]}]},{\"@type\":\"ImageObject\",\"inLanguage\":\"it-IT\",\"@id\":\"https:\/\/iberoid-shop.com\/it\/product\/anapolon\/#primaryimage\",\"url\":\"https:\/\/iberoid-shop.com\/wp-content\/uploads\/2019\/11\/anapolon.jpg?v=1678120182\",\"contentUrl\":\"https:\/\/iberoid-shop.com\/wp-content\/uploads\/2019\/11\/anapolon.jpg?v=1678120182\",\"width\":600,\"height\":600,\"caption\":\"Anapolon, Balkan Pharmaceutical\"},{\"@type\":\"BreadcrumbList\",\"@id\":\"https:\/\/iberoid-shop.com\/it\/product\/anapolon\/#breadcrumb\",\"itemListElement\":[{\"@type\":\"ListItem\",\"position\":1,\"name\":\"Portada\",\"item\":\"https:\/\/iberoid-shop.com\/it\/\"},{\"@type\":\"ListItem\",\"position\":2,\"name\":\"Negozio\",\"item\":\"https:\/\/iberoid-shop.com\/it\/shop\/\"},{\"@type\":\"ListItem\",\"position\":3,\"name\":\"Anapolon\"}]},{\"@type\":\"WebSite\",\"@id\":\"https:\/\/iberoid-shop.com\/it\/#website\",\"url\":\"https:\/\/iberoid-shop.com\/it\/\",\"name\":\"Steroidi in linea\",\"description\":\"Acquista steroidi online oggi in Spagna e Portogallo. Abbiamo il miglior servizio clienti del settore e prodotti di altissima qualit\u00e0\",\"potentialAction\":[{\"@type\":\"SearchAction\",\"target\":{\"@type\":\"EntryPoint\",\"urlTemplate\":\"https:\/\/iberoid-shop.com\/it\/?s={search_term_string}\"},\"query-input\":{\"@type\":\"PropertyValueSpecification\",\"valueRequired\":true,\"valueName\":\"search_term_string\"}}],\"inLanguage\":\"it-IT\"}]}<\/script>\n<meta property=\"product:brand\" content=\"Balkan Pharmaceuticals\" \/>\n<meta property=\"product:price:amount\" content=\"60.00\" \/>\n<meta property=\"product:price:currency\" content=\"EUR\" \/>\n<meta property=\"og:availability\" content=\"out of stock\" \/>\n<meta property=\"product:availability\" content=\"out of stock\" \/>\n<meta property=\"product:condition\" content=\"new\" \/>\n<!-- \/ Yoast SEO Premium plugin. -->","yoast_head_json":{"title":"Anapolon - Steroidi in linea","description":"(Espa\u00f1ol) Anapolon es un esteroide oral muy potente que se usa a menudo en los ciclos de culturismo y levantamiento de pesas.","robots":{"index":"index","follow":"follow","max-snippet":"max-snippet:-1","max-image-preview":"max-image-preview:large","max-video-preview":"max-video-preview:-1"},"canonical":"https:\/\/iberoid-shop.com\/it\/product\/anapolon\/","og_locale":"it_IT","og_type":"article","og_title":"Anapolon","og_description":"(Espa\u00f1ol) Anapolon es un esteroide oral muy potente que se usa a menudo en los ciclos de culturismo y levantamiento de pesas.","og_url":"https:\/\/iberoid-shop.com\/it\/product\/anapolon\/","og_site_name":"Steroidi in linea","article_modified_time":"2023-11-06T19:28:13+00:00","og_image":[{"width":600,"height":600,"url":"https:\/\/iberoid-shop.com\/wp-content\/uploads\/2019\/11\/anapolon.jpg?v=1678120182","type":"image\/jpeg"}],"twitter_card":"summary_large_image","twitter_misc":{"Prezzo":"&euro;60.00","Disponibilit\u00e0":"Esaurito"},"schema":{"@context":"https:\/\/schema.org","@graph":[{"@type":"WebPage","@id":"https:\/\/iberoid-shop.com\/it\/product\/anapolon\/","url":"https:\/\/iberoid-shop.com\/it\/product\/anapolon\/","name":"Anapolon - Steroidi in linea","isPartOf":{"@id":"https:\/\/iberoid-shop.com\/it\/#website"},"primaryImageOfPage":{"@id":"https:\/\/iberoid-shop.com\/it\/product\/anapolon\/#primaryimage"},"image":{"@id":"https:\/\/iberoid-shop.com\/it\/product\/anapolon\/#primaryimage"},"thumbnailUrl":"https:\/\/iberoid-shop.com\/wp-content\/uploads\/2019\/11\/anapolon.jpg?v=1678120182","datePublished":"2019-11-18T21:15:24+00:00","dateModified":"2023-11-06T19:28:13+00:00","description":"(Espa\u00f1ol) Anapolon es un esteroide oral muy potente que se usa a menudo en los ciclos de culturismo y levantamiento de pesas.","breadcrumb":{"@id":"https:\/\/iberoid-shop.com\/it\/product\/anapolon\/#breadcrumb"},"inLanguage":"it-IT","potentialAction":[{"@type":"ReadAction","target":[["https:\/\/iberoid-shop.com\/it\/product\/anapolon\/"]]}]},{"@type":"ImageObject","inLanguage":"it-IT","@id":"https:\/\/iberoid-shop.com\/it\/product\/anapolon\/#primaryimage","url":"https:\/\/iberoid-shop.com\/wp-content\/uploads\/2019\/11\/anapolon.jpg?v=1678120182","contentUrl":"https:\/\/iberoid-shop.com\/wp-content\/uploads\/2019\/11\/anapolon.jpg?v=1678120182","width":600,"height":600,"caption":"Anapolon, Balkan Pharmaceutical"},{"@type":"BreadcrumbList","@id":"https:\/\/iberoid-shop.com\/it\/product\/anapolon\/#breadcrumb","itemListElement":[{"@type":"ListItem","position":1,"name":"Portada","item":"https:\/\/iberoid-shop.com\/it\/"},{"@type":"ListItem","position":2,"name":"Negozio","item":"https:\/\/iberoid-shop.com\/it\/shop\/"},{"@type":"ListItem","position":3,"name":"Anapolon"}]},{"@type":"WebSite","@id":"https:\/\/iberoid-shop.com\/it\/#website","url":"https:\/\/iberoid-shop.com\/it\/","name":"Steroidi in linea","description":"Acquista steroidi online oggi in Spagna e Portogallo. Abbiamo il miglior servizio clienti del settore e prodotti di altissima qualit\u00e0","potentialAction":[{"@type":"SearchAction","target":{"@type":"EntryPoint","urlTemplate":"https:\/\/iberoid-shop.com\/it\/?s={search_term_string}"},"query-input":{"@type":"PropertyValueSpecification","valueRequired":true,"valueName":"search_term_string"}}],"inLanguage":"it-IT"}]},"product_brand":"Balkan Pharmaceuticals","product_price_amount":"60.00","product_price_currency":"EUR","og_availability":"out of stock","product_availability":"out of stock","product_condition":"new"},"_links":{"self":[{"href":"https:\/\/iberoid-shop.com\/it\/wp-json\/wp\/v2\/product\/2957","targetHints":{"allow":["GET"]}}],"collection":[{"href":"https:\/\/iberoid-shop.com\/it\/wp-json\/wp\/v2\/product"}],"about":[{"href":"https:\/\/iberoid-shop.com\/it\/wp-json\/wp\/v2\/types\/product"}],"replies":[{"embeddable":true,"href":"https:\/\/iberoid-shop.com\/it\/wp-json\/wp\/v2\/comments?post=2957"}],"wp:featuredmedia":[{"embeddable":true,"href":"https:\/\/iberoid-shop.com\/it\/wp-json\/wp\/v2\/media\/2959"}],"wp:attachment":[{"href":"https:\/\/iberoid-shop.com\/it\/wp-json\/wp\/v2\/media?parent=2957"}],"wp:term":[{"taxonomy":"product_brand","embeddable":true,"href":"https:\/\/iberoid-shop.com\/it\/wp-json\/wp\/v2\/product_brand?post=2957"},{"taxonomy":"product_cat","embeddable":true,"href":"https:\/\/iberoid-shop.com\/it\/wp-json\/wp\/v2\/product_cat?post=2957"},{"taxonomy":"product_tag","embeddable":true,"href":"https:\/\/iberoid-shop.com\/it\/wp-json\/wp\/v2\/product_tag?post=2957"}],"curies":[{"name":"wp","href":"https:\/\/api.w.org\/{rel}","templated":true}]}}