{"id":10601,"date":"2026-02-28T09:25:39","date_gmt":"2026-02-28T09:25:39","guid":{"rendered":"https:\/\/iberoid-shop.com\/?post_type=product&#038;p=10601"},"modified":"2026-04-15T10:41:54","modified_gmt":"2026-04-15T10:41:54","slug":"test-max-testosterone-enanthate-phoenix-labs","status":"publish","type":"product","link":"https:\/\/iberoid-shop.com\/it\/product\/test-max-testosterone-enanthate-phoenix-labs\/","title":{"rendered":"TEST MAX 250 &#8211; testosterone enanthate"},"content":{"rendered":"<p><\/p>\n<h2 data-path-to-node=\"2\"><b data-path-to-node=\"2\" data-index-in-node=\"0\">Testmax (Testosterone Enantato) Phoenix Laboratories<\/b><\/h2>\n<p data-path-to-node=\"3\">Il <b data-path-to-node=\"3\" data-index-in-node=\"3\">Testmax (Testosterone Enantato) Phoenix Laboratories<\/b> \u00e8 un complesso estere a rilascio prolungato di testosterone. Si presenta sotto forma di preparazioni iniettabili (fiale o flaconi da 1-10 ml) con una concentrazione di sostanza attiva di \u2248 250 mg\/ml. \u00c8 attivamente utilizzato come doping sportivo, essendo impiegato principalmente nei cicli di allenamento per la forza e il sollevamento pesi.<\/p>\n<p data-path-to-node=\"4\">Rispetto agli analoghi a breve durata d&#8217;azione come il Testosterone Propionato e il Fenilpropionato, il Testosterone Enantato differisce non tanto per l&#8217;effetto, quanto per la durata dell&#8217;azione: a titolo di confronto, l&#8217;emivita del Propionato e del Fenilpropionato \u00e8 rispettivamente di \u2248 1-2 giorni e \u2248 2-3 giorni, mentre quella dell&#8217;Enantato \u00e8 di \u2248 5-7 giorni.<\/p>\n<p data-path-to-node=\"5\">Il Testosterone Enantato, come la maggior parte della farmacologia sportiva oggi popolare, non \u00e8 stato originariamente prodotto per il doping, ma per uso medicinale. Prima di attirare l&#8217;attenzione degli atleti, era destinato esclusivamente alla medicina: veniva infatti utilizzato, e lo \u00e8 tuttora, nel trattamento di oligospermia, impotenza, osteoporosi e persino del cancro al seno.<\/p>\n<h3 data-path-to-node=\"6\"><b data-path-to-node=\"6\" data-index-in-node=\"0\">Effetti del Testmax (Testosterone Enantato) Phoenix Laboratories:<\/b><\/h3>\n<ul data-path-to-node=\"7\">\n<li>\n<p data-path-to-node=\"7,0,0\">Rapido guadagno di massa muscolare<\/p>\n<\/li>\n<li>\n<p data-path-to-node=\"7,1,0\">Pompaggio (Pumping)<\/p>\n<\/li>\n<li>\n<p data-path-to-node=\"7,2,0\">Aumento delle prestazioni fisiche<\/p>\n<\/li>\n<li>\n<p data-path-to-node=\"7,3,0\">Incremento della forza<\/p>\n<\/li>\n<li>\n<p data-path-to-node=\"7,4,0\">Maggiore resistenza<\/p>\n<\/li>\n<li>\n<p data-path-to-node=\"7,5,0\">Accelerazione dei processi di recupero<\/p>\n<\/li>\n<li>\n<p data-path-to-node=\"7,6,0\">Miglioramento della funzione articolare<\/p>\n<\/li>\n<li>\n<p data-path-to-node=\"7,7,0\">Aumento della libido<\/p>\n<\/li>\n<\/ul>\n<p data-path-to-node=\"8\">Nel bodybuilding, il Testosterone Enantato \u00e8 uno degli steroidi pi\u00f9 popolari per l&#8217;aumento della massa muscolare: ha una potenza sufficiente per essere utilizzato da solo, ma per il massimo progresso viene usato in combinazione con Metandienone, Nandrolone Decanoato, Trenbolone Enantato o altri preparati farmacologici rilevanti nello sport.<\/p>\n<hr data-path-to-node=\"9\" \/>\n<h3 data-path-to-node=\"10\"><b data-path-to-node=\"10\" data-index-in-node=\"0\">Effetti collaterali del Testmax (Testosterone Enantato):<\/b><\/h3>\n<p data-path-to-node=\"11\">In caso di predisposizione e abuso, sono probabili complicazioni dipendenti dagli androgeni (come acne, pelle grassa, aggressivit\u00e0 o calvizie) e dipendenti dagli estrogeni (come ritenzione idrica, ipertensione, mal di testa o ginecomastia). Pertanto, \u00e8 fondamentale attenersi al dosaggio, alla frequenza e alla durata d&#8217;uso raccomandati.<\/p>\n<hr data-path-to-node=\"12\" \/>\n<h3 data-path-to-node=\"13\"><b data-path-to-node=\"13\" data-index-in-node=\"0\">Dosaggio del Testosterone Enantato:<\/b><\/h3>\n<p data-path-to-node=\"14\">Il dosaggio raccomandato di Testmax per gli atleti non supera i 500-750 mg a settimana. In media, si utilizzano 500 mg suddivisi in iniezioni in giorni equidistanti della settimana: ad esempio, 250 mg il mercoled\u00ec e 250 mg il sabato. Tuttavia, la dose ottimale viene selezionata dall&#8217;atleta individualmente; in caso contrario, potrebbe risultare eccessiva (con conseguenti rischi) o, al contrario, insufficiente (inefficace).<\/p>\n<p data-path-to-node=\"15\">La durata del ciclo di Testmax (Testosterone Enantato) Phoenix Laboratories pu\u00f2 arrivare a 8-12 settimane. Nei cicli pi\u00f9 intensi, per ridurre i rischi, si includono anti-estrogeni (come gli inibitori dell&#8217;aromatasi anastrozolo o letrozolo) e stimolatori di testosterone (come il mesterolone per aumentare i livelli di testosterone libero o la gonadotropina per potenziare la sintesi di testosterone). Al termine del ciclo, viene eseguita una terapia post-ciclo (PCT) orientata al recupero: Tamoxifene o Clomifene Citrato.<\/p>\n<hr data-path-to-node=\"16\" \/>\n<h3 data-path-to-node=\"17\"><b data-path-to-node=\"17\" data-index-in-node=\"0\">Esempi di Cicli Combinati con Testosterone Enantato:<\/b><\/h3>\n<ul data-path-to-node=\"18\">\n<li>\n<p data-path-to-node=\"18,0,0\"><b data-path-to-node=\"18,0,0\" data-index-in-node=\"0\">Ciclo di Testosterone Enantato con Metandienone:<\/b> Destinato ai sollevatori principianti per rapidi guadagni di forza e massa. Si tratta di un ciclo di \u2248 8 settimane con dosaggi di 500 mg a settimana e 40 mg al giorno, rispettivamente. Per aumentare la potenza, la combinazione pu\u00f2 essere integrata con Nandrolone Decanoato a 400 mg a settimana. Nella fase finale (output), di norma, si utilizza Testosterone Propionato \u2013 100 mg a giorni alterni per \u2248 2 settimane.<\/p>\n<\/li>\n<li>\n<p data-path-to-node=\"18,1,0\"><b data-path-to-node=\"18,1,0\" data-index-in-node=\"0\">Ciclo di Testosterone Enantato con Trenbolone Enantato:<\/b> La durata di questo ciclo \u00e8 di \u2248 8-12 settimane, con dosaggi rispettivamente di 500-750 mg a settimana e 300-400 mg a settimana. La fase finale prevede \u2248 3 settimane di Testosterone Propionato e Drostanolone Propionato, entrambi a 100 mg a giorni alterni.<\/p>\n<\/li>\n<\/ul>\n<hr data-path-to-node=\"19\" \/>\n<h3 data-path-to-node=\"20\"><b data-path-to-node=\"20\" data-index-in-node=\"0\">Acquistare Testmax Phoenix Laboratories:<\/b><\/h3>\n<p data-path-to-node=\"21\">Acquistare Testmax (Testosterone Enantato) Phoenix Laboratories da noi \u00e8 pi\u00f9 affidabile, perch\u00e9 lavoriamo solo con prodotti originali al 100%. Garantiamo una consegna dei pacchi rapida, anonima e accurata. Per essere certi della qualit\u00e0 del nostro lavoro, consultate le recensioni dei nostri clienti soddisfatti.<\/p>\n<ul data-path-to-node=\"22\">\n<li>\n<p data-path-to-node=\"22,0,0\"><b data-path-to-node=\"22,0,0\" data-index-in-node=\"0\">Nome Commerciale:<\/b> Testmax<\/p>\n<\/li>\n<li>\n<p data-path-to-node=\"22,1,0\"><b data-path-to-node=\"22,1,0\" data-index-in-node=\"0\">Principio Attivo:<\/b> Testosterone Enantato<\/p>\n<\/li>\n<li>\n<p data-path-to-node=\"22,2,0\"><b data-path-to-node=\"22,2,0\" data-index-in-node=\"0\">Produttore:<\/b> Phoenix Laboratories<\/p>\n<\/li>\n<li>\n<p data-path-to-node=\"22,3,0\"><b data-path-to-node=\"22,3,0\" data-index-in-node=\"0\">Tipo di Steroide:<\/b> Iniettabile<\/p>\n<\/li>\n<li>\n<p data-path-to-node=\"22,4,0\"><b data-path-to-node=\"22,4,0\" data-index-in-node=\"0\">La confezione contiene:<\/b> 10 fiale x 250 mg<\/p>\n<\/li>\n<\/ul>\n<p data-path-to-node=\"23\"><b data-path-to-node=\"23\" data-index-in-node=\"0\">Prodotto Originale al 100%<\/b><\/p>\n<p><\/p>","protected":false},"excerpt":{"rendered":"<p>Testmax (Testosterone Enantato) Phoenix Laboratories Il Testmax (Testosterone Enantato) Phoenix Laboratories \u00e8 un complesso estere a rilascio prolungato di testosterone.<\/p>\n","protected":false},"featured_media":10602,"comment_status":"open","ping_status":"closed","template":"","meta":[],"product_brand":[],"product_cat":[69,15],"product_tag":[],"class_list":{"0":"post-10601","1":"product","2":"type-product","3":"status-publish","4":"has-post-thumbnail","6":"product_cat-esteroides_inyectables","7":"product_cat-uncategorized","9":"first","10":"instock","11":"shipping-taxable","12":"purchasable","13":"product-type-simple"},"yoast_head":"<!-- This site is optimized with the Yoast SEO Premium plugin v24.4 (Yoast SEO v27.3) - https:\/\/yoast.com\/product\/yoast-seo-premium-wordpress\/ -->\n<title>TEST MAX 250 - testosterone enanthate - Steroidi in linea<\/title>\n<meta name=\"description\" content=\"Testmax (Testosterone Enantato) aumenta massa muscolare, forza e recupero. Iniettabile a lunga durata ideale per cicli di massa.\" \/>\n<meta name=\"robots\" content=\"index, follow, max-snippet:-1, max-image-preview:large, max-video-preview:-1\" \/>\n<link rel=\"canonical\" href=\"https:\/\/iberoid-shop.com\/it\/product\/test-max-testosterone-enanthate-phoenix-labs\/\" \/>\n<meta property=\"og:locale\" content=\"it_IT\" \/>\n<meta property=\"og:type\" content=\"article\" \/>\n<meta property=\"og:title\" content=\"TEST MAX 250 - testosterone enanthate\" \/>\n<meta property=\"og:description\" content=\"Testmax (Testosterone Enantato) aumenta massa muscolare, forza e recupero. Iniettabile a lunga durata ideale per cicli di massa.\" \/>\n<meta property=\"og:url\" content=\"https:\/\/iberoid-shop.com\/it\/product\/test-max-testosterone-enanthate-phoenix-labs\/\" \/>\n<meta property=\"og:site_name\" content=\"Steroidi in linea\" \/>\n<meta property=\"article:modified_time\" content=\"2026-04-15T10:41:54+00:00\" \/>\n<meta property=\"og:image\" content=\"https:\/\/iberoid-shop.com\/wp-content\/uploads\/2026\/02\/TESTMAX250.png?v=1772270726\" \/>\n\t<meta property=\"og:image:width\" content=\"606\" \/>\n\t<meta property=\"og:image:height\" content=\"580\" \/>\n\t<meta property=\"og:image:type\" content=\"image\/png\" \/>\n<meta name=\"twitter:card\" content=\"summary_large_image\" \/>\n<meta name=\"twitter:label1\" content=\"Prezzo\" \/>\n\t<meta name=\"twitter:data1\" content=\"&euro;30.00\" \/>\n\t<meta name=\"twitter:label2\" content=\"Disponibilit\u00e0\" \/>\n\t<meta name=\"twitter:data2\" content=\"In stock\" \/>\n<script type=\"application\/ld+json\" class=\"yoast-schema-graph\">{\"@context\":\"https:\\\/\\\/schema.org\",\"@graph\":[{\"@type\":\"WebPage\",\"@id\":\"https:\\\/\\\/iberoid-shop.com\\\/it\\\/product\\\/test-max-testosterone-enanthate-phoenix-labs\\\/\",\"url\":\"https:\\\/\\\/iberoid-shop.com\\\/it\\\/product\\\/test-max-testosterone-enanthate-phoenix-labs\\\/\",\"name\":\"TEST MAX 250 - testosterone enanthate - Steroidi in linea\",\"isPartOf\":{\"@id\":\"https:\\\/\\\/iberoid-shop.com\\\/it\\\/#website\"},\"primaryImageOfPage\":{\"@id\":\"https:\\\/\\\/iberoid-shop.com\\\/it\\\/product\\\/test-max-testosterone-enanthate-phoenix-labs\\\/#primaryimage\"},\"image\":{\"@id\":\"https:\\\/\\\/iberoid-shop.com\\\/it\\\/product\\\/test-max-testosterone-enanthate-phoenix-labs\\\/#primaryimage\"},\"thumbnailUrl\":\"https:\\\/\\\/iberoid-shop.com\\\/wp-content\\\/uploads\\\/2026\\\/02\\\/TESTMAX250.png?v=1772270726\",\"datePublished\":\"2026-02-28T09:25:39+00:00\",\"dateModified\":\"2026-04-15T10:41:54+00:00\",\"description\":\"Testmax (Testosterone Enantato) aumenta massa muscolare, forza e recupero. Iniettabile a lunga durata ideale per cicli di massa.\",\"breadcrumb\":{\"@id\":\"https:\\\/\\\/iberoid-shop.com\\\/it\\\/product\\\/test-max-testosterone-enanthate-phoenix-labs\\\/#breadcrumb\"},\"inLanguage\":\"it-IT\",\"potentialAction\":[{\"@type\":\"ReadAction\",\"target\":[[\"https:\\\/\\\/iberoid-shop.com\\\/it\\\/product\\\/test-max-testosterone-enanthate-phoenix-labs\\\/\"]]}]},{\"@type\":\"ImageObject\",\"inLanguage\":\"it-IT\",\"@id\":\"https:\\\/\\\/iberoid-shop.com\\\/it\\\/product\\\/test-max-testosterone-enanthate-phoenix-labs\\\/#primaryimage\",\"url\":\"https:\\\/\\\/iberoid-shop.com\\\/wp-content\\\/uploads\\\/2026\\\/02\\\/TESTMAX250.png?v=1772270726\",\"contentUrl\":\"https:\\\/\\\/iberoid-shop.com\\\/wp-content\\\/uploads\\\/2026\\\/02\\\/TESTMAX250.png?v=1772270726\",\"width\":606,\"height\":580},{\"@type\":\"BreadcrumbList\",\"@id\":\"https:\\\/\\\/iberoid-shop.com\\\/it\\\/product\\\/test-max-testosterone-enanthate-phoenix-labs\\\/#breadcrumb\",\"itemListElement\":[{\"@type\":\"ListItem\",\"position\":1,\"name\":\"Portada\",\"item\":\"https:\\\/\\\/iberoid-shop.com\\\/it\\\/\"},{\"@type\":\"ListItem\",\"position\":2,\"name\":\"Negozio\",\"item\":\"https:\\\/\\\/iberoid-shop.com\\\/it\\\/shop\\\/\"},{\"@type\":\"ListItem\",\"position\":3,\"name\":\"TEST MAX 250 &#8211; testosterone enanthate\"}]},{\"@type\":\"WebSite\",\"@id\":\"https:\\\/\\\/iberoid-shop.com\\\/it\\\/#website\",\"url\":\"https:\\\/\\\/iberoid-shop.com\\\/it\\\/\",\"name\":\"Steroidi in linea\",\"description\":\"Acquista steroidi online oggi in Spagna e Portogallo. Abbiamo il miglior servizio clienti del settore e prodotti di altissima qualit\u00e0\",\"potentialAction\":[{\"@type\":\"SearchAction\",\"target\":{\"@type\":\"EntryPoint\",\"urlTemplate\":\"https:\\\/\\\/iberoid-shop.com\\\/it\\\/?s={search_term_string}\"},\"query-input\":{\"@type\":\"PropertyValueSpecification\",\"valueRequired\":true,\"valueName\":\"search_term_string\"}}],\"inLanguage\":\"it-IT\"}]}<\/script>\n<meta property=\"product:brand\" content=\"Phoenix Labs\" \/>\n<meta property=\"product:price:amount\" content=\"30.00\" \/>\n<meta property=\"product:price:currency\" content=\"EUR\" \/>\n<meta property=\"og:availability\" content=\"instock\" \/>\n<meta property=\"product:availability\" content=\"instock\" \/>\n<meta property=\"product:condition\" content=\"new\" \/>\n<!-- \/ Yoast SEO Premium plugin. -->","yoast_head_json":{"title":"TEST MAX 250 - testosterone enanthate - Steroidi in linea","description":"Testmax (Testosterone Enantato) aumenta massa muscolare, forza e recupero. Iniettabile a lunga durata ideale per cicli di massa.","robots":{"index":"index","follow":"follow","max-snippet":"max-snippet:-1","max-image-preview":"max-image-preview:large","max-video-preview":"max-video-preview:-1"},"canonical":"https:\/\/iberoid-shop.com\/it\/product\/test-max-testosterone-enanthate-phoenix-labs\/","og_locale":"it_IT","og_type":"article","og_title":"TEST MAX 250 - testosterone enanthate","og_description":"Testmax (Testosterone Enantato) aumenta massa muscolare, forza e recupero. Iniettabile a lunga durata ideale per cicli di massa.","og_url":"https:\/\/iberoid-shop.com\/it\/product\/test-max-testosterone-enanthate-phoenix-labs\/","og_site_name":"Steroidi in linea","article_modified_time":"2026-04-15T10:41:54+00:00","og_image":[{"width":606,"height":580,"url":"https:\/\/iberoid-shop.com\/wp-content\/uploads\/2026\/02\/TESTMAX250.png?v=1772270726","type":"image\/png"}],"twitter_card":"summary_large_image","twitter_misc":{"Prezzo":"&euro;30.00","Disponibilit\u00e0":"In stock"},"schema":{"@context":"https:\/\/schema.org","@graph":[{"@type":"WebPage","@id":"https:\/\/iberoid-shop.com\/it\/product\/test-max-testosterone-enanthate-phoenix-labs\/","url":"https:\/\/iberoid-shop.com\/it\/product\/test-max-testosterone-enanthate-phoenix-labs\/","name":"TEST MAX 250 - testosterone enanthate - Steroidi in linea","isPartOf":{"@id":"https:\/\/iberoid-shop.com\/it\/#website"},"primaryImageOfPage":{"@id":"https:\/\/iberoid-shop.com\/it\/product\/test-max-testosterone-enanthate-phoenix-labs\/#primaryimage"},"image":{"@id":"https:\/\/iberoid-shop.com\/it\/product\/test-max-testosterone-enanthate-phoenix-labs\/#primaryimage"},"thumbnailUrl":"https:\/\/iberoid-shop.com\/wp-content\/uploads\/2026\/02\/TESTMAX250.png?v=1772270726","datePublished":"2026-02-28T09:25:39+00:00","dateModified":"2026-04-15T10:41:54+00:00","description":"Testmax (Testosterone Enantato) aumenta massa muscolare, forza e recupero. Iniettabile a lunga durata ideale per cicli di massa.","breadcrumb":{"@id":"https:\/\/iberoid-shop.com\/it\/product\/test-max-testosterone-enanthate-phoenix-labs\/#breadcrumb"},"inLanguage":"it-IT","potentialAction":[{"@type":"ReadAction","target":[["https:\/\/iberoid-shop.com\/it\/product\/test-max-testosterone-enanthate-phoenix-labs\/"]]}]},{"@type":"ImageObject","inLanguage":"it-IT","@id":"https:\/\/iberoid-shop.com\/it\/product\/test-max-testosterone-enanthate-phoenix-labs\/#primaryimage","url":"https:\/\/iberoid-shop.com\/wp-content\/uploads\/2026\/02\/TESTMAX250.png?v=1772270726","contentUrl":"https:\/\/iberoid-shop.com\/wp-content\/uploads\/2026\/02\/TESTMAX250.png?v=1772270726","width":606,"height":580},{"@type":"BreadcrumbList","@id":"https:\/\/iberoid-shop.com\/it\/product\/test-max-testosterone-enanthate-phoenix-labs\/#breadcrumb","itemListElement":[{"@type":"ListItem","position":1,"name":"Portada","item":"https:\/\/iberoid-shop.com\/it\/"},{"@type":"ListItem","position":2,"name":"Negozio","item":"https:\/\/iberoid-shop.com\/it\/shop\/"},{"@type":"ListItem","position":3,"name":"TEST MAX 250 &#8211; testosterone enanthate"}]},{"@type":"WebSite","@id":"https:\/\/iberoid-shop.com\/it\/#website","url":"https:\/\/iberoid-shop.com\/it\/","name":"Steroidi in linea","description":"Acquista steroidi online oggi in Spagna e Portogallo. Abbiamo il miglior servizio clienti del settore e prodotti di altissima qualit\u00e0","potentialAction":[{"@type":"SearchAction","target":{"@type":"EntryPoint","urlTemplate":"https:\/\/iberoid-shop.com\/it\/?s={search_term_string}"},"query-input":{"@type":"PropertyValueSpecification","valueRequired":true,"valueName":"search_term_string"}}],"inLanguage":"it-IT"}]},"product_brand":"Phoenix Labs","product_price_amount":"30.00","product_price_currency":"EUR","og_availability":"instock","product_availability":"instock","product_condition":"new"},"_links":{"self":[{"href":"https:\/\/iberoid-shop.com\/it\/wp-json\/wp\/v2\/product\/10601","targetHints":{"allow":["GET"]}}],"collection":[{"href":"https:\/\/iberoid-shop.com\/it\/wp-json\/wp\/v2\/product"}],"about":[{"href":"https:\/\/iberoid-shop.com\/it\/wp-json\/wp\/v2\/types\/product"}],"replies":[{"embeddable":true,"href":"https:\/\/iberoid-shop.com\/it\/wp-json\/wp\/v2\/comments?post=10601"}],"wp:featuredmedia":[{"embeddable":true,"href":"https:\/\/iberoid-shop.com\/it\/wp-json\/wp\/v2\/media\/10602"}],"wp:attachment":[{"href":"https:\/\/iberoid-shop.com\/it\/wp-json\/wp\/v2\/media?parent=10601"}],"wp:term":[{"taxonomy":"product_brand","embeddable":true,"href":"https:\/\/iberoid-shop.com\/it\/wp-json\/wp\/v2\/product_brand?post=10601"},{"taxonomy":"product_cat","embeddable":true,"href":"https:\/\/iberoid-shop.com\/it\/wp-json\/wp\/v2\/product_cat?post=10601"},{"taxonomy":"product_tag","embeddable":true,"href":"https:\/\/iberoid-shop.com\/it\/wp-json\/wp\/v2\/product_tag?post=10601"}],"curies":[{"name":"wp","href":"https:\/\/api.w.org\/{rel}","templated":true}]}}