{"id":10555,"date":"2026-01-31T16:34:40","date_gmt":"2026-01-31T16:34:40","guid":{"rendered":"https:\/\/iberoid-shop.com\/?post_type=product&#038;p=10555"},"modified":"2026-03-22T10:59:16","modified_gmt":"2026-03-22T10:59:16","slug":"pack3-testobol-p-testosteron-propionate","status":"publish","type":"product","link":"https:\/\/iberoid-shop.com\/it\/product\/pack3-testobol-p-testosteron-propionate\/","title":{"rendered":"TESTOBOL P (testosterone propionate) &#8211; pack 3"},"content":{"rendered":"<p><\/p>\n<p data-path-to-node=\"1\"><b data-path-to-node=\"1\" data-index-in-node=\"0\">TESTOBOL P o Testosterone Propionato<\/b> \u00e8 il prodotto utilizzato da chi desidera ottenere una forma e una dimensione corporea ideali. Queste persone lavorano sui muscoli, ma il processo per modellarli come desiderano \u00e8 lungo. Si allenano, ma non possono aspettare i risultati. Ebbene, siamo qui con il prodotto TESTOBOL P o Testosterone Propionato, che pu\u00f2 aiutarti a ottenere il corpo che hai sempre desiderato. Ti aiuter\u00e0 in molti modi. In questo articolo condivideremo con te i dettagli sugli ingredienti delle compresse, i loro benefici, gli effetti collaterali, i vantaggi e molto altro.<\/p>\n<h3 data-path-to-node=\"2\">Ingredienti di TESTOBOL P o Testosterone Propionato<\/h3>\n<p data-path-to-node=\"3\">Gli ingredienti utilizzati per produrre questa compressa includono:<\/p>\n<ul data-path-to-node=\"4\">\n<li>\n<p data-path-to-node=\"4,0,0\"><b data-path-to-node=\"4,0,0\" data-index-in-node=\"0\">Testosterone Propionato:<\/b> Questo \u00e8 l&#8217;unico componente chimico incluso nel prodotto, insieme ad alcuni ingredienti semplici presenti solo in quantit\u00e0 minima.<\/p>\n<\/li>\n<\/ul>\n<h3 data-path-to-node=\"5\">Benefici di TESTOBOL P o Testosterone Propionato<\/h3>\n<p data-path-to-node=\"6\">I benefici derivanti dall&#8217;uso di TESTOBOL P o Testosterone Propionato sono numerosissimi, ma qui condivideremo i pi\u00f9 importanti. Vediamoli nel dettaglio:<\/p>\n<ul data-path-to-node=\"7\">\n<li>\n<p data-path-to-node=\"7,0,0\">Questa compressa o integratore ha effetti anabolizzanti molto forti sul corpo umano.<\/p>\n<\/li>\n<li>\n<p data-path-to-node=\"7,1,0\">Anche gli effetti androgeni di TESTOBOL P o Testosterone Propionato sono molto evidenti e prominenti non appena si inizia a usarlo.<\/p>\n<\/li>\n<li>\n<p data-path-to-node=\"7,2,0\">Ti aiuter\u00e0 a sviluppare la forza muscolare in tutto il corpo. Oltre a ci\u00f2, anche la forma e la dimensione dei muscoli possono essere migliorate in modo significativo.<\/p>\n<\/li>\n<li>\n<p data-path-to-node=\"7,3,0\">Mentre esegui esercizi di bodybuilding, o mentre fai semplicemente allenamento fitness per un progetto da sogno, dovresti assumere TESTOBOL P o Testosterone Propionato perch\u00e9 ti aiuter\u00e0 a ottenere il corpo che hai sempre sognato.<\/p>\n<\/li>\n<li>\n<p data-path-to-node=\"7,4,0\">Funziona a una velocit\u00e0 molto elevata, quindi non devi aspettare lunghe ore o molti giorni per vederne gli effetti. Inizier\u00e0 a funzionare immediatamente.<\/p>\n<\/li>\n<\/ul>\n<h3 data-path-to-node=\"8\">Modalit\u00e0 d&#8217;uso e Dose Giornaliera<\/h3>\n<p data-path-to-node=\"9\">Le istruzioni per l&#8217;uso di TESTOBOL P o Testosterone Propionato sono semplici e facili. Ecco i punti principali:<\/p>\n<ul data-path-to-node=\"10\">\n<li>\n<p data-path-to-node=\"10,0,0\">\u00c8 possibile assumere una dose non superiore a 100 milligrammi al giorno.<\/p>\n<\/li>\n<li>\n<p data-path-to-node=\"10,1,0\">Puoi anche iniziare assumendo il prodotto a giorni alterni se lo senti troppo pesante per il tuo corpo.<\/p>\n<\/li>\n<li>\n<p data-path-to-node=\"10,2,0\">Cerca di consumarlo dopo colazione, o magari con il tuo frullato proteico dopo l&#8217;esercizio.<\/p>\n<\/li>\n<\/ul>\n<h3 data-path-to-node=\"11\">Possibili Effetti Collaterali<\/h3>\n<p data-path-to-node=\"12\">I possibili effetti collaterali di TESTOBOL P o Testosterone Propionato non sono molti, e quelli che potrebbero apparire sono quasi trascurabili.<\/p>\n<ul data-path-to-node=\"13\">\n<li>\n<p data-path-to-node=\"13,0,0\">Potresti non trovare TESTOBOL P o Testosterone Propionato nel negozio pi\u00f9 vicino. Questo perch\u00e9 pu\u00f2 essere ordinato solo online.<\/p>\n<\/li>\n<li>\n<p data-path-to-node=\"13,1,0\">Il prodotto non viene fornito con prescrizione medica, quindi \u00e8 necessario consultare un medico o un nutrizionista prima di iniziarne l&#8217;uso.<\/p>\n<\/li>\n<\/ul>\n<h3 data-path-to-node=\"14\">Considerazioni Finali<\/h3>\n<p data-path-to-node=\"15\">Ebbene, puoi vedere quanto TESTOBOL P o Testosterone Propionato possa essere efficace per il tuo bodybuilding e per lo sviluppo della forza. Prendi nota di questi punti, fai ulteriori ricerche e ottieni i risultati che desideri.<\/p>\n<p><\/p>","protected":false},"excerpt":{"rendered":"<p>TESTOBOL P o Testosterone Propionato \u00e8 il prodotto utilizzato da chi desidera ottenere una forma e una dimensione corporea ideali.<\/p>\n","protected":false},"featured_media":10556,"comment_status":"open","ping_status":"closed","template":"","meta":[],"product_brand":[3526],"product_cat":[69,3474],"product_tag":[],"class_list":{"0":"post-10555","1":"product","2":"type-product","3":"status-publish","4":"has-post-thumbnail","6":"product_brand-pharmabol","7":"product_cat-esteroides_inyectables","8":"product_cat-packs","10":"first","11":"instock","12":"sale","13":"shipping-taxable","14":"purchasable","15":"product-type-simple"},"yoast_head":"<!-- This site is optimized with the Yoast SEO Premium plugin v24.4 (Yoast SEO v27.0) - https:\/\/yoast.com\/product\/yoast-seo-premium-wordpress\/ -->\n<title>TESTOBOL P (testosterone propionate) - pack 3 - Steroidi in linea<\/title>\n<meta name=\"description\" content=\"TESTOBOL P (Testosterone Propionato) \u00e8 un anabolizzante rapido per crescita muscolare, forza e forma fisica con effetti collaterali minimi.\" \/>\n<meta name=\"robots\" content=\"index, follow, max-snippet:-1, max-image-preview:large, max-video-preview:-1\" \/>\n<link rel=\"canonical\" href=\"https:\/\/iberoid-shop.com\/it\/product\/pack3-testobol-p-testosteron-propionate\/\" \/>\n<meta property=\"og:locale\" content=\"it_IT\" \/>\n<meta property=\"og:type\" content=\"article\" \/>\n<meta property=\"og:title\" content=\"TESTOBOL P (testosterone propionate) - pack 3\" \/>\n<meta property=\"og:description\" content=\"TESTOBOL P (Testosterone Propionato) \u00e8 un anabolizzante rapido per crescita muscolare, forza e forma fisica con effetti collaterali minimi.\" \/>\n<meta property=\"og:url\" content=\"https:\/\/iberoid-shop.com\/it\/product\/pack3-testobol-p-testosteron-propionate\/\" \/>\n<meta property=\"og:site_name\" content=\"Steroidi in linea\" \/>\n<meta property=\"article:modified_time\" content=\"2026-03-22T10:59:16+00:00\" \/>\n<meta property=\"og:image\" content=\"https:\/\/iberoid-shop.com\/wp-content\/uploads\/2026\/01\/3tppb-scaled.jpeg?v=1769877217\" \/>\n\t<meta property=\"og:image:width\" content=\"1920\" \/>\n\t<meta property=\"og:image:height\" content=\"2560\" \/>\n\t<meta property=\"og:image:type\" content=\"image\/jpeg\" \/>\n<meta name=\"twitter:card\" content=\"summary_large_image\" \/>\n<meta name=\"twitter:label1\" content=\"Prezzo\" \/>\n\t<meta name=\"twitter:data1\" content=\"&euro;50.00\" \/>\n\t<meta name=\"twitter:label2\" content=\"Disponibilit\u00e0\" \/>\n\t<meta name=\"twitter:data2\" content=\"In stock\" \/>\n<script type=\"application\/ld+json\" class=\"yoast-schema-graph\">{\"@context\":\"https:\/\/schema.org\",\"@graph\":[{\"@type\":\"WebPage\",\"@id\":\"https:\/\/iberoid-shop.com\/it\/product\/pack3-testobol-p-testosteron-propionate\/\",\"url\":\"https:\/\/iberoid-shop.com\/it\/product\/pack3-testobol-p-testosteron-propionate\/\",\"name\":\"TESTOBOL P (testosterone propionate) - pack 3 - Steroidi in linea\",\"isPartOf\":{\"@id\":\"https:\/\/iberoid-shop.com\/it\/#website\"},\"primaryImageOfPage\":{\"@id\":\"https:\/\/iberoid-shop.com\/it\/product\/pack3-testobol-p-testosteron-propionate\/#primaryimage\"},\"image\":{\"@id\":\"https:\/\/iberoid-shop.com\/it\/product\/pack3-testobol-p-testosteron-propionate\/#primaryimage\"},\"thumbnailUrl\":\"https:\/\/iberoid-shop.com\/wp-content\/uploads\/2026\/01\/3tppb-scaled.jpeg?v=1769877217\",\"datePublished\":\"2026-01-31T16:34:40+00:00\",\"dateModified\":\"2026-03-22T10:59:16+00:00\",\"description\":\"TESTOBOL P (Testosterone Propionato) \u00e8 un anabolizzante rapido per crescita muscolare, forza e forma fisica con effetti collaterali minimi.\",\"breadcrumb\":{\"@id\":\"https:\/\/iberoid-shop.com\/it\/product\/pack3-testobol-p-testosteron-propionate\/#breadcrumb\"},\"inLanguage\":\"it-IT\",\"potentialAction\":[{\"@type\":\"ReadAction\",\"target\":[[\"https:\/\/iberoid-shop.com\/it\/product\/pack3-testobol-p-testosteron-propionate\/\"]]}]},{\"@type\":\"ImageObject\",\"inLanguage\":\"it-IT\",\"@id\":\"https:\/\/iberoid-shop.com\/it\/product\/pack3-testobol-p-testosteron-propionate\/#primaryimage\",\"url\":\"https:\/\/iberoid-shop.com\/wp-content\/uploads\/2026\/01\/3tppb-scaled.jpeg?v=1769877217\",\"contentUrl\":\"https:\/\/iberoid-shop.com\/wp-content\/uploads\/2026\/01\/3tppb-scaled.jpeg?v=1769877217\",\"width\":1920,\"height\":2560},{\"@type\":\"BreadcrumbList\",\"@id\":\"https:\/\/iberoid-shop.com\/it\/product\/pack3-testobol-p-testosteron-propionate\/#breadcrumb\",\"itemListElement\":[{\"@type\":\"ListItem\",\"position\":1,\"name\":\"Portada\",\"item\":\"https:\/\/iberoid-shop.com\/it\/\"},{\"@type\":\"ListItem\",\"position\":2,\"name\":\"Negozio\",\"item\":\"https:\/\/iberoid-shop.com\/it\/shop\/\"},{\"@type\":\"ListItem\",\"position\":3,\"name\":\"TESTOBOL P (testosterone propionate) &#8211; pack 3\"}]},{\"@type\":\"WebSite\",\"@id\":\"https:\/\/iberoid-shop.com\/it\/#website\",\"url\":\"https:\/\/iberoid-shop.com\/it\/\",\"name\":\"Steroidi in linea\",\"description\":\"Acquista steroidi online oggi in Spagna e Portogallo. Abbiamo il miglior servizio clienti del settore e prodotti di altissima qualit\u00e0\",\"potentialAction\":[{\"@type\":\"SearchAction\",\"target\":{\"@type\":\"EntryPoint\",\"urlTemplate\":\"https:\/\/iberoid-shop.com\/it\/?s={search_term_string}\"},\"query-input\":{\"@type\":\"PropertyValueSpecification\",\"valueRequired\":true,\"valueName\":\"search_term_string\"}}],\"inLanguage\":\"it-IT\"}]}<\/script>\n<meta property=\"product:brand\" content=\"Pb Laboratories\" \/>\n<meta property=\"product:price:amount\" content=\"50.00\" \/>\n<meta property=\"product:price:currency\" content=\"EUR\" \/>\n<meta property=\"og:availability\" content=\"instock\" \/>\n<meta property=\"product:availability\" content=\"instock\" \/>\n<meta property=\"product:condition\" content=\"new\" \/>\n<!-- \/ Yoast SEO Premium plugin. -->","yoast_head_json":{"title":"TESTOBOL P (testosterone propionate) - pack 3 - Steroidi in linea","description":"TESTOBOL P (Testosterone Propionato) \u00e8 un anabolizzante rapido per crescita muscolare, forza e forma fisica con effetti collaterali minimi.","robots":{"index":"index","follow":"follow","max-snippet":"max-snippet:-1","max-image-preview":"max-image-preview:large","max-video-preview":"max-video-preview:-1"},"canonical":"https:\/\/iberoid-shop.com\/it\/product\/pack3-testobol-p-testosteron-propionate\/","og_locale":"it_IT","og_type":"article","og_title":"TESTOBOL P (testosterone propionate) - pack 3","og_description":"TESTOBOL P (Testosterone Propionato) \u00e8 un anabolizzante rapido per crescita muscolare, forza e forma fisica con effetti collaterali minimi.","og_url":"https:\/\/iberoid-shop.com\/it\/product\/pack3-testobol-p-testosteron-propionate\/","og_site_name":"Steroidi in linea","article_modified_time":"2026-03-22T10:59:16+00:00","og_image":[{"width":1920,"height":2560,"url":"https:\/\/iberoid-shop.com\/wp-content\/uploads\/2026\/01\/3tppb-scaled.jpeg?v=1769877217","type":"image\/jpeg"}],"twitter_card":"summary_large_image","twitter_misc":{"Prezzo":"&euro;50.00","Disponibilit\u00e0":"In stock"},"schema":{"@context":"https:\/\/schema.org","@graph":[{"@type":"WebPage","@id":"https:\/\/iberoid-shop.com\/it\/product\/pack3-testobol-p-testosteron-propionate\/","url":"https:\/\/iberoid-shop.com\/it\/product\/pack3-testobol-p-testosteron-propionate\/","name":"TESTOBOL P (testosterone propionate) - pack 3 - Steroidi in linea","isPartOf":{"@id":"https:\/\/iberoid-shop.com\/it\/#website"},"primaryImageOfPage":{"@id":"https:\/\/iberoid-shop.com\/it\/product\/pack3-testobol-p-testosteron-propionate\/#primaryimage"},"image":{"@id":"https:\/\/iberoid-shop.com\/it\/product\/pack3-testobol-p-testosteron-propionate\/#primaryimage"},"thumbnailUrl":"https:\/\/iberoid-shop.com\/wp-content\/uploads\/2026\/01\/3tppb-scaled.jpeg?v=1769877217","datePublished":"2026-01-31T16:34:40+00:00","dateModified":"2026-03-22T10:59:16+00:00","description":"TESTOBOL P (Testosterone Propionato) \u00e8 un anabolizzante rapido per crescita muscolare, forza e forma fisica con effetti collaterali minimi.","breadcrumb":{"@id":"https:\/\/iberoid-shop.com\/it\/product\/pack3-testobol-p-testosteron-propionate\/#breadcrumb"},"inLanguage":"it-IT","potentialAction":[{"@type":"ReadAction","target":[["https:\/\/iberoid-shop.com\/it\/product\/pack3-testobol-p-testosteron-propionate\/"]]}]},{"@type":"ImageObject","inLanguage":"it-IT","@id":"https:\/\/iberoid-shop.com\/it\/product\/pack3-testobol-p-testosteron-propionate\/#primaryimage","url":"https:\/\/iberoid-shop.com\/wp-content\/uploads\/2026\/01\/3tppb-scaled.jpeg?v=1769877217","contentUrl":"https:\/\/iberoid-shop.com\/wp-content\/uploads\/2026\/01\/3tppb-scaled.jpeg?v=1769877217","width":1920,"height":2560},{"@type":"BreadcrumbList","@id":"https:\/\/iberoid-shop.com\/it\/product\/pack3-testobol-p-testosteron-propionate\/#breadcrumb","itemListElement":[{"@type":"ListItem","position":1,"name":"Portada","item":"https:\/\/iberoid-shop.com\/it\/"},{"@type":"ListItem","position":2,"name":"Negozio","item":"https:\/\/iberoid-shop.com\/it\/shop\/"},{"@type":"ListItem","position":3,"name":"TESTOBOL P (testosterone propionate) &#8211; pack 3"}]},{"@type":"WebSite","@id":"https:\/\/iberoid-shop.com\/it\/#website","url":"https:\/\/iberoid-shop.com\/it\/","name":"Steroidi in linea","description":"Acquista steroidi online oggi in Spagna e Portogallo. Abbiamo il miglior servizio clienti del settore e prodotti di altissima qualit\u00e0","potentialAction":[{"@type":"SearchAction","target":{"@type":"EntryPoint","urlTemplate":"https:\/\/iberoid-shop.com\/it\/?s={search_term_string}"},"query-input":{"@type":"PropertyValueSpecification","valueRequired":true,"valueName":"search_term_string"}}],"inLanguage":"it-IT"}]},"product_brand":"Pb Laboratories","product_price_amount":"50.00","product_price_currency":"EUR","og_availability":"instock","product_availability":"instock","product_condition":"new"},"_links":{"self":[{"href":"https:\/\/iberoid-shop.com\/it\/wp-json\/wp\/v2\/product\/10555","targetHints":{"allow":["GET"]}}],"collection":[{"href":"https:\/\/iberoid-shop.com\/it\/wp-json\/wp\/v2\/product"}],"about":[{"href":"https:\/\/iberoid-shop.com\/it\/wp-json\/wp\/v2\/types\/product"}],"replies":[{"embeddable":true,"href":"https:\/\/iberoid-shop.com\/it\/wp-json\/wp\/v2\/comments?post=10555"}],"wp:featuredmedia":[{"embeddable":true,"href":"https:\/\/iberoid-shop.com\/it\/wp-json\/wp\/v2\/media\/10556"}],"wp:attachment":[{"href":"https:\/\/iberoid-shop.com\/it\/wp-json\/wp\/v2\/media?parent=10555"}],"wp:term":[{"taxonomy":"product_brand","embeddable":true,"href":"https:\/\/iberoid-shop.com\/it\/wp-json\/wp\/v2\/product_brand?post=10555"},{"taxonomy":"product_cat","embeddable":true,"href":"https:\/\/iberoid-shop.com\/it\/wp-json\/wp\/v2\/product_cat?post=10555"},{"taxonomy":"product_tag","embeddable":true,"href":"https:\/\/iberoid-shop.com\/it\/wp-json\/wp\/v2\/product_tag?post=10555"}],"curies":[{"name":"wp","href":"https:\/\/api.w.org\/{rel}","templated":true}]}}