{"id":10538,"date":"2026-01-27T16:46:01","date_gmt":"2026-01-27T16:46:01","guid":{"rendered":"https:\/\/iberoid-shop.com\/?post_type=product&#038;p=10538"},"modified":"2026-03-22T11:00:33","modified_gmt":"2026-03-22T11:00:33","slug":"testobol-p-testosteron-propionate-100-mg","status":"publish","type":"product","link":"https:\/\/iberoid-shop.com\/it\/product\/testobol-p-testosteron-propionate-100-mg\/","title":{"rendered":"TESTOBOL P (testosteron propionate) 100 mg"},"content":{"rendered":"<p><\/p>\n<p data-path-to-node=\"1\"><b data-path-to-node=\"1\" data-index-in-node=\"0\">Cos&#8217;\u00e8 il Testosterone Propionato?<\/b><\/p>\n<p data-path-to-node=\"2\"><b data-path-to-node=\"2\" data-index-in-node=\"0\">Acquista Testosterone Propionato<\/b> \u2013 Una forma complessa e sintetica di testosterone. \u00c8 un composto a singolo estere. Viene inoltre utilizzato per il rilascio controllato di ormoni e per mantenere stabili i livelli ematici. \u00c8 ampiamente utilizzato nel settore atletico per il miglioramento delle prestazioni sportive.<\/p>\n<h3 data-path-to-node=\"3\">Effetti:<\/h3>\n<p data-path-to-node=\"4\"><b data-path-to-node=\"4\" data-index-in-node=\"0\">Acquista Testosterone Propionato<\/b> \u2013 Aumenta il testosterone. Questo \u00e8 un farmaco per il miglioramento delle prestazioni perch\u00e9 alti livelli di testosterone portano a un aumento della massa muscolare magra e della forza. Il prodotto fornisce testosterone, che agisce come protettore muscolare e preserva il corpo dalla perdita di tessuto muscolare.<\/p>\n<h3 data-path-to-node=\"5\">Perch\u00e9 dovresti acquistare il Testosterone Propionato:<\/h3>\n<p data-path-to-node=\"6\"><b data-path-to-node=\"6\" data-index-in-node=\"0\">Migliora le prestazioni<\/b> Il testosterone propionato \u00e8 un farmaco per il miglioramento delle prestazioni. Non solo preserva la massa muscolare, ma costruisce anche pi\u00f9 tessuto muscolare. Ci\u00f2 aumenta la forza. Il prodotto porta a un aumento del numero di globuli rossi. I globuli rossi sono i trasportatori di ossigeno. Un aumento dell&#8217;ossigenazione porta a una maggiore forza muscolare, resistenza e riparazione del tessuto danneggiato.<\/p>\n<p data-path-to-node=\"7\"><b data-path-to-node=\"7\" data-index-in-node=\"0\">Costruisce proteine<\/b> Il prodotto ha anche propriet\u00e0 di costruzione proteica, che portano a una migliore riparazione e sintesi di molti tessuti corporei. Poich\u00e9 le proteine sono i mattoni dei tessuti del corpo. Il prodotto ha anche propriet\u00e0 di ritenzione dell&#8217;azoto. L&#8217;azoto crea un ambiente anabolico. Tutti i tessuti magri contengono circa il 16% di azoto. Bassi livelli di azoto possono essere distruttivi per la massa muscolare.<\/p>\n<p data-path-to-node=\"8\"><b data-path-to-node=\"8\" data-index-in-node=\"0\">Riduce lo stress<\/b> Il testosterone propionato riduce anche gli ormoni dello stress come il cortisolo. Dopo un certo livello, gli ormoni dello stress possono essere distruttivi e causare danni muscolari. Gli ormoni dello stress promuovono anche gli ormoni che accumulano grasso e formano un ambiente catabolico. Ma il prodotto pu\u00f2 salvarti da tutti questi problemi.<\/p>\n<h3 data-path-to-node=\"9\">Dosaggio:<\/h3>\n<p data-path-to-node=\"10\">Il dosaggio del testosterone propionato varia a seconda dello scopo d&#8217;uso. Ma nella maggior parte dei casi, il dosaggio \u00e8 basso a causa della sua complessa struttura a base di esteri (rispetto ad altri prodotti). In rari casi, dove viene prescritto per la terapia sostitutiva del testosterone, viene prescritta una dose di 25-50 mg per 2-3 volte a settimana. Quando prescritto come farmaco per le prestazioni, il dosaggio varia da 100 mg a 300 mg a settimana. Normalmente, varia tra 150-200 mg. Il tempo per il suo utilizzo varia con ogni persona e il suo scopo. Tuttavia, consideriamo 8 settimane di utilizzo un breve periodo di tempo. 12 settimane sono considerate normali e, per una forza eccessiva, alcune persone potrebbero persino usarlo per 16 settimane.<\/p>\n<p data-path-to-node=\"11\">Il Testosterone Propionato \u00e8 un agente ormonale di testosterone puro. Artificialmente, \u00e8 una replica perfetta del principale androgeno maschile generato normalmente, il testosterone. Deliberatamente, l&#8217;ormone \u00e8 collegato all&#8217;estere Propionato (acido propionico), un estere piccolo\/corto che rende possibile controllare il tempo di rilascio dell&#8217;agente ormonale. Senza un estere, l&#8217;ormone si disperderebbe e si dissiperebbe rapidamente dopo la somministrazione.<\/p>\n<p data-path-to-node=\"12\">Fissando l&#8217;estere, si promuove un rilascio regolato e si consente all&#8217;individuo di iniettare l&#8217;agente ormonale meno frequentemente. Quando il Testosterone Propionato viene iniettato, l&#8217;estere inizia lentamente a staccarsi dall&#8217;agente ormonale. Man mano che l&#8217;estere si separa, l&#8217;ormone testosterone inizia a riversarsi nel sangue. L&#8217;emivita del Testosterone Propionato \u00e8 di circa due giorni, il che \u00e8 significativamente pi\u00f9 lungo del testosterone privo di estere, che ha un&#8217;emivita leggermente inferiore alle 24 ore.<\/p>\n<p data-path-to-node=\"13\">Come testosterone puro, il Testosterone Propionato ha un valore anabolico di 100 e anche un valore androgeno di 100. L&#8217;ormone testosterone stesso rappresenta la base su cui vengono misurati tutti i valori anabolici e androgeni in tutti gli steroidi anabolizzanti.<\/p>\n<p data-path-to-node=\"14\">Sebbene di natura sintetica, il Testosterone Propionato \u00e8 un ormone efficace per la terapia del testosterone basso. Il testosterone \u00e8 un ormone vitale generato da uomini e donne che influenza il nostro benessere fisico, psicologico e sessuale. Sebbene prodotto e necessario per entrambi i sessi, gli uomini ne richiedono circa dieci volte di pi\u00f9 rispetto alle donne. Sebbene efficace, essendo dopotutto testosterone, non \u00e8 una forma di terapia raccomandata in quanto richieder\u00e0 iniezioni costanti. Il Testosterone Cipionato e il Testosterone Enantato rimangono le forme dominanti nei piani terapeutici. Se ne soffri e il Testosterone Propionato \u00e8 ci\u00f2 che \u00e8 disponibile, \u00e8 una scelta adeguata.<\/p>\n<p><\/p>","protected":false},"excerpt":{"rendered":"<p>Cos&#8217;\u00e8 il Testosterone Propionato? Acquista Testosterone Propionato \u2013 Una forma complessa e sintetica di testosterone. \u00c8 un composto a singolo<\/p>\n","protected":false},"featured_media":10539,"comment_status":"open","ping_status":"closed","template":"","meta":[],"product_brand":[3526],"product_cat":[69],"product_tag":[],"class_list":{"0":"post-10538","1":"product","2":"type-product","3":"status-publish","4":"has-post-thumbnail","6":"product_brand-pharmabol","7":"product_cat-esteroides_inyectables","9":"first","10":"instock","11":"shipping-taxable","12":"purchasable","13":"product-type-simple"},"yoast_head":"<!-- This site is optimized with the Yoast SEO Premium plugin v24.4 (Yoast SEO v27.3) - https:\/\/yoast.com\/product\/yoast-seo-premium-wordpress\/ -->\n<title>TESTOBOL P (testosteron propionate) 100 mg - Steroidi in linea<\/title>\n<meta name=\"description\" content=\"Il Testosterone Propionato \u00e8 un estere ad azione rapida che aumenta massa muscolare, forza e recupero, migliorando le prestazioni atletiche.\" \/>\n<meta name=\"robots\" content=\"index, follow, max-snippet:-1, max-image-preview:large, max-video-preview:-1\" \/>\n<link rel=\"canonical\" href=\"https:\/\/iberoid-shop.com\/it\/product\/testobol-p-testosteron-propionate-100-mg\/\" \/>\n<meta property=\"og:locale\" content=\"it_IT\" \/>\n<meta property=\"og:type\" content=\"article\" \/>\n<meta property=\"og:title\" content=\"TESTOBOL P (testosteron propionate) 100 mg\" \/>\n<meta property=\"og:description\" content=\"Il Testosterone Propionato \u00e8 un estere ad azione rapida che aumenta massa muscolare, forza e recupero, migliorando le prestazioni atletiche.\" \/>\n<meta property=\"og:url\" content=\"https:\/\/iberoid-shop.com\/it\/product\/testobol-p-testosteron-propionate-100-mg\/\" \/>\n<meta property=\"og:site_name\" content=\"Steroidi in linea\" \/>\n<meta property=\"article:modified_time\" content=\"2026-03-22T11:00:33+00:00\" \/>\n<meta property=\"og:image\" content=\"https:\/\/iberoid-shop.com\/wp-content\/uploads\/2026\/01\/tp-bp.jpeg?v=1769532340\" \/>\n\t<meta property=\"og:image:width\" content=\"1572\" \/>\n\t<meta property=\"og:image:height\" content=\"1482\" \/>\n\t<meta property=\"og:image:type\" content=\"image\/jpeg\" \/>\n<meta name=\"twitter:card\" content=\"summary_large_image\" \/>\n<meta name=\"twitter:label1\" content=\"Prezzo\" \/>\n\t<meta name=\"twitter:data1\" content=\"&euro;30.00\" \/>\n\t<meta name=\"twitter:label2\" content=\"Disponibilit\u00e0\" \/>\n\t<meta name=\"twitter:data2\" content=\"In stock\" \/>\n<script type=\"application\/ld+json\" class=\"yoast-schema-graph\">{\"@context\":\"https:\\\/\\\/schema.org\",\"@graph\":[{\"@type\":\"WebPage\",\"@id\":\"https:\\\/\\\/iberoid-shop.com\\\/it\\\/product\\\/testobol-p-testosteron-propionate-100-mg\\\/\",\"url\":\"https:\\\/\\\/iberoid-shop.com\\\/it\\\/product\\\/testobol-p-testosteron-propionate-100-mg\\\/\",\"name\":\"TESTOBOL P (testosteron propionate) 100 mg - Steroidi in linea\",\"isPartOf\":{\"@id\":\"https:\\\/\\\/iberoid-shop.com\\\/it\\\/#website\"},\"primaryImageOfPage\":{\"@id\":\"https:\\\/\\\/iberoid-shop.com\\\/it\\\/product\\\/testobol-p-testosteron-propionate-100-mg\\\/#primaryimage\"},\"image\":{\"@id\":\"https:\\\/\\\/iberoid-shop.com\\\/it\\\/product\\\/testobol-p-testosteron-propionate-100-mg\\\/#primaryimage\"},\"thumbnailUrl\":\"https:\\\/\\\/iberoid-shop.com\\\/wp-content\\\/uploads\\\/2026\\\/01\\\/tp-bp.jpeg?v=1769532340\",\"datePublished\":\"2026-01-27T16:46:01+00:00\",\"dateModified\":\"2026-03-22T11:00:33+00:00\",\"description\":\"Il Testosterone Propionato \u00e8 un estere ad azione rapida che aumenta massa muscolare, forza e recupero, migliorando le prestazioni atletiche.\",\"breadcrumb\":{\"@id\":\"https:\\\/\\\/iberoid-shop.com\\\/it\\\/product\\\/testobol-p-testosteron-propionate-100-mg\\\/#breadcrumb\"},\"inLanguage\":\"it-IT\",\"potentialAction\":[{\"@type\":\"ReadAction\",\"target\":[[\"https:\\\/\\\/iberoid-shop.com\\\/it\\\/product\\\/testobol-p-testosteron-propionate-100-mg\\\/\"]]}]},{\"@type\":\"ImageObject\",\"inLanguage\":\"it-IT\",\"@id\":\"https:\\\/\\\/iberoid-shop.com\\\/it\\\/product\\\/testobol-p-testosteron-propionate-100-mg\\\/#primaryimage\",\"url\":\"https:\\\/\\\/iberoid-shop.com\\\/wp-content\\\/uploads\\\/2026\\\/01\\\/tp-bp.jpeg?v=1769532340\",\"contentUrl\":\"https:\\\/\\\/iberoid-shop.com\\\/wp-content\\\/uploads\\\/2026\\\/01\\\/tp-bp.jpeg?v=1769532340\",\"width\":1572,\"height\":1482},{\"@type\":\"BreadcrumbList\",\"@id\":\"https:\\\/\\\/iberoid-shop.com\\\/it\\\/product\\\/testobol-p-testosteron-propionate-100-mg\\\/#breadcrumb\",\"itemListElement\":[{\"@type\":\"ListItem\",\"position\":1,\"name\":\"Portada\",\"item\":\"https:\\\/\\\/iberoid-shop.com\\\/it\\\/\"},{\"@type\":\"ListItem\",\"position\":2,\"name\":\"Negozio\",\"item\":\"https:\\\/\\\/iberoid-shop.com\\\/it\\\/shop\\\/\"},{\"@type\":\"ListItem\",\"position\":3,\"name\":\"TESTOBOL P (testosteron propionate) 100 mg\"}]},{\"@type\":\"WebSite\",\"@id\":\"https:\\\/\\\/iberoid-shop.com\\\/it\\\/#website\",\"url\":\"https:\\\/\\\/iberoid-shop.com\\\/it\\\/\",\"name\":\"Steroidi in linea\",\"description\":\"Acquista steroidi online oggi in Spagna e Portogallo. Abbiamo il miglior servizio clienti del settore e prodotti di altissima qualit\u00e0\",\"potentialAction\":[{\"@type\":\"SearchAction\",\"target\":{\"@type\":\"EntryPoint\",\"urlTemplate\":\"https:\\\/\\\/iberoid-shop.com\\\/it\\\/?s={search_term_string}\"},\"query-input\":{\"@type\":\"PropertyValueSpecification\",\"valueRequired\":true,\"valueName\":\"search_term_string\"}}],\"inLanguage\":\"it-IT\"}]}<\/script>\n<meta property=\"product:brand\" content=\"Pharmabol\" \/>\n<meta property=\"product:price:amount\" content=\"30.00\" \/>\n<meta property=\"product:price:currency\" content=\"EUR\" \/>\n<meta property=\"og:availability\" content=\"instock\" \/>\n<meta property=\"product:availability\" content=\"instock\" \/>\n<meta property=\"product:condition\" content=\"new\" \/>\n<!-- \/ Yoast SEO Premium plugin. -->","yoast_head_json":{"title":"TESTOBOL P (testosteron propionate) 100 mg - Steroidi in linea","description":"Il Testosterone Propionato \u00e8 un estere ad azione rapida che aumenta massa muscolare, forza e recupero, migliorando le prestazioni atletiche.","robots":{"index":"index","follow":"follow","max-snippet":"max-snippet:-1","max-image-preview":"max-image-preview:large","max-video-preview":"max-video-preview:-1"},"canonical":"https:\/\/iberoid-shop.com\/it\/product\/testobol-p-testosteron-propionate-100-mg\/","og_locale":"it_IT","og_type":"article","og_title":"TESTOBOL P (testosteron propionate) 100 mg","og_description":"Il Testosterone Propionato \u00e8 un estere ad azione rapida che aumenta massa muscolare, forza e recupero, migliorando le prestazioni atletiche.","og_url":"https:\/\/iberoid-shop.com\/it\/product\/testobol-p-testosteron-propionate-100-mg\/","og_site_name":"Steroidi in linea","article_modified_time":"2026-03-22T11:00:33+00:00","og_image":[{"width":1572,"height":1482,"url":"https:\/\/iberoid-shop.com\/wp-content\/uploads\/2026\/01\/tp-bp.jpeg?v=1769532340","type":"image\/jpeg"}],"twitter_card":"summary_large_image","twitter_misc":{"Prezzo":"&euro;30.00","Disponibilit\u00e0":"In stock"},"schema":{"@context":"https:\/\/schema.org","@graph":[{"@type":"WebPage","@id":"https:\/\/iberoid-shop.com\/it\/product\/testobol-p-testosteron-propionate-100-mg\/","url":"https:\/\/iberoid-shop.com\/it\/product\/testobol-p-testosteron-propionate-100-mg\/","name":"TESTOBOL P (testosteron propionate) 100 mg - Steroidi in linea","isPartOf":{"@id":"https:\/\/iberoid-shop.com\/it\/#website"},"primaryImageOfPage":{"@id":"https:\/\/iberoid-shop.com\/it\/product\/testobol-p-testosteron-propionate-100-mg\/#primaryimage"},"image":{"@id":"https:\/\/iberoid-shop.com\/it\/product\/testobol-p-testosteron-propionate-100-mg\/#primaryimage"},"thumbnailUrl":"https:\/\/iberoid-shop.com\/wp-content\/uploads\/2026\/01\/tp-bp.jpeg?v=1769532340","datePublished":"2026-01-27T16:46:01+00:00","dateModified":"2026-03-22T11:00:33+00:00","description":"Il Testosterone Propionato \u00e8 un estere ad azione rapida che aumenta massa muscolare, forza e recupero, migliorando le prestazioni atletiche.","breadcrumb":{"@id":"https:\/\/iberoid-shop.com\/it\/product\/testobol-p-testosteron-propionate-100-mg\/#breadcrumb"},"inLanguage":"it-IT","potentialAction":[{"@type":"ReadAction","target":[["https:\/\/iberoid-shop.com\/it\/product\/testobol-p-testosteron-propionate-100-mg\/"]]}]},{"@type":"ImageObject","inLanguage":"it-IT","@id":"https:\/\/iberoid-shop.com\/it\/product\/testobol-p-testosteron-propionate-100-mg\/#primaryimage","url":"https:\/\/iberoid-shop.com\/wp-content\/uploads\/2026\/01\/tp-bp.jpeg?v=1769532340","contentUrl":"https:\/\/iberoid-shop.com\/wp-content\/uploads\/2026\/01\/tp-bp.jpeg?v=1769532340","width":1572,"height":1482},{"@type":"BreadcrumbList","@id":"https:\/\/iberoid-shop.com\/it\/product\/testobol-p-testosteron-propionate-100-mg\/#breadcrumb","itemListElement":[{"@type":"ListItem","position":1,"name":"Portada","item":"https:\/\/iberoid-shop.com\/it\/"},{"@type":"ListItem","position":2,"name":"Negozio","item":"https:\/\/iberoid-shop.com\/it\/shop\/"},{"@type":"ListItem","position":3,"name":"TESTOBOL P (testosteron propionate) 100 mg"}]},{"@type":"WebSite","@id":"https:\/\/iberoid-shop.com\/it\/#website","url":"https:\/\/iberoid-shop.com\/it\/","name":"Steroidi in linea","description":"Acquista steroidi online oggi in Spagna e Portogallo. Abbiamo il miglior servizio clienti del settore e prodotti di altissima qualit\u00e0","potentialAction":[{"@type":"SearchAction","target":{"@type":"EntryPoint","urlTemplate":"https:\/\/iberoid-shop.com\/it\/?s={search_term_string}"},"query-input":{"@type":"PropertyValueSpecification","valueRequired":true,"valueName":"search_term_string"}}],"inLanguage":"it-IT"}]},"product_brand":"Pharmabol","product_price_amount":"30.00","product_price_currency":"EUR","og_availability":"instock","product_availability":"instock","product_condition":"new"},"_links":{"self":[{"href":"https:\/\/iberoid-shop.com\/it\/wp-json\/wp\/v2\/product\/10538","targetHints":{"allow":["GET"]}}],"collection":[{"href":"https:\/\/iberoid-shop.com\/it\/wp-json\/wp\/v2\/product"}],"about":[{"href":"https:\/\/iberoid-shop.com\/it\/wp-json\/wp\/v2\/types\/product"}],"replies":[{"embeddable":true,"href":"https:\/\/iberoid-shop.com\/it\/wp-json\/wp\/v2\/comments?post=10538"}],"wp:featuredmedia":[{"embeddable":true,"href":"https:\/\/iberoid-shop.com\/it\/wp-json\/wp\/v2\/media\/10539"}],"wp:attachment":[{"href":"https:\/\/iberoid-shop.com\/it\/wp-json\/wp\/v2\/media?parent=10538"}],"wp:term":[{"taxonomy":"product_brand","embeddable":true,"href":"https:\/\/iberoid-shop.com\/it\/wp-json\/wp\/v2\/product_brand?post=10538"},{"taxonomy":"product_cat","embeddable":true,"href":"https:\/\/iberoid-shop.com\/it\/wp-json\/wp\/v2\/product_cat?post=10538"},{"taxonomy":"product_tag","embeddable":true,"href":"https:\/\/iberoid-shop.com\/it\/wp-json\/wp\/v2\/product_tag?post=10538"}],"curies":[{"name":"wp","href":"https:\/\/api.w.org\/{rel}","templated":true}]}}