{"id":10513,"date":"2026-01-12T09:46:35","date_gmt":"2026-01-12T09:46:35","guid":{"rendered":"https:\/\/iberoid-shop.com\/?post_type=product&#038;p=10513"},"modified":"2026-02-02T16:28:02","modified_gmt":"2026-02-02T16:28:02","slug":"sustaged-sustanon","status":"publish","type":"product","link":"https:\/\/iberoid-shop.com\/it\/product\/sustaged-sustanon\/","title":{"rendered":"SUSTAGED \/ SUSTANON"},"content":{"rendered":"<p><\/p>\n<h3 data-path-to-node=\"1\"><b data-path-to-node=\"1\" data-index-in-node=\"0\">Applicazione di Sustoged 250 mg &#8211; Euro Prime Farmaceuticals<\/b><\/h3>\n<p data-path-to-node=\"2\"><b data-path-to-node=\"2\" data-index-in-node=\"0\">Sustoged<\/b> di EPF \u00e8 un analogo del Sustanon, noto a ogni bodybuilder. Ricordiamo che si tratta di uno steroide complesso basato su una miscela di quattro esteri di testosterone con diverse emivite. Ci\u00f2 garantisce un avvio rapido dell&#8217;anabolismo e, allo stesso tempo, mantiene un effetto positivo sull&#8217;organismo per lungo tempo (costruzione rapida della massa muscolare).<\/p>\n<p data-path-to-node=\"3\"><b data-path-to-node=\"3\" data-index-in-node=\"0\">Sustanon \u00e8 un complesso di quattro esteri di testosterone:<\/b><\/p>\n<ul data-path-to-node=\"4\">\n<li>\n<p data-path-to-node=\"4,0,0\"><b data-path-to-node=\"4,0,0\" data-index-in-node=\"0\">30 mg<\/b> di testosterone propionato (emivita di uno-due giorni).<\/p>\n<\/li>\n<li>\n<p data-path-to-node=\"4,1,0\"><b data-path-to-node=\"4,1,0\" data-index-in-node=\"0\">60 mg<\/b> di testosterone fenilpropionato (emivita di due-quattro giorni).<\/p>\n<\/li>\n<li>\n<p data-path-to-node=\"4,2,0\"><b data-path-to-node=\"4,2,0\" data-index-in-node=\"0\">60 mg<\/b> di testosterone isocaproato (emivita di cinque-otto giorni).<\/p>\n<\/li>\n<li>\n<p data-path-to-node=\"4,3,0\"><b data-path-to-node=\"4,3,0\" data-index-in-node=\"0\">100 mg<\/b> di testosterone decanoato (emivita di nove-dieci giorni).<\/p>\n<\/li>\n<\/ul>\n<p data-path-to-node=\"5\">Questa combinazione di esteri \u00e8 stata progettata per mantenere livelli stabili di testosterone per tre o quattro settimane.<\/p>\n<hr data-path-to-node=\"6\" \/>\n<h3 data-path-to-node=\"7\"><b data-path-to-node=\"7\" data-index-in-node=\"0\">Meccanismo d&#8217;Azione di Sustoged Euro Prime Farmaceuticals<\/b><\/h3>\n<p data-path-to-node=\"8\">Il primo a entrare in azione \u00e8 l&#8217;estere di testosterone pi\u00f9 corto, il propionato. Successivamente entrano in gioco il fenilpropionato e l&#8217;isocaproato. Il decanoato, che inizia a lavorare per ultimo, ha l&#8217;emivita pi\u00f9 lunga. Lo steroide \u00e8 stato creato negli anni ottanta ed \u00e8 diventato rapidamente popolare tra gli atleti, continuando a esserlo ancora oggi. Oltre a quanto sopra, la popolarit\u00e0 di questo anabolizzante \u00e8 fortemente influenzata dal costo relativamente basso.<\/p>\n<hr data-path-to-node=\"9\" \/>\n<h3 data-path-to-node=\"10\"><b data-path-to-node=\"10\" data-index-in-node=\"0\">Propriet\u00e0 Positive di Sustoged EPF<\/b><\/h3>\n<ul data-path-to-node=\"11\">\n<li>\n<p data-path-to-node=\"11,0,0\">Rapido aumento di peso fino a 10 chilogrammi in un solo ciclo.<\/p>\n<\/li>\n<li>\n<p data-path-to-node=\"11,1,0\">Potente effetto anticatabolico sull&#8217;organismo.<\/p>\n<\/li>\n<li>\n<p data-path-to-node=\"11,2,0\">Aumenta la concentrazione di globuli rossi, accelerando il trasporto di ossigeno ai tessuti.<\/p>\n<\/li>\n<li>\n<p data-path-to-node=\"11,3,0\">Aumenta la libido durante il ciclo.<\/p>\n<\/li>\n<\/ul>\n<hr data-path-to-node=\"12\" \/>\n<h3 data-path-to-node=\"13\"><b data-path-to-node=\"13\" data-index-in-node=\"0\">Come usare Sustoged 250 mg<\/b><\/h3>\n<p data-path-to-node=\"14\">Prima di iniziare qualsiasi ciclo di AAS (steroidi anabolizzanti androgeni), si raccomanda di eseguire analisi per determinare la concentrazione normale dei principali ormoni. Tutti i valori dovrebbero essere nella norma. <b data-path-to-node=\"14\" data-index-in-node=\"222\">Non utilizzare il prodotto per pi\u00f9 di quattro mesi<\/b>, poich\u00e9 ci\u00f2 aumenterebbe il rischio di effetti collaterali. Molti bodybuilder utilizzano questo prodotto e sono soddisfatti dei risultati.<\/p>\n<hr data-path-to-node=\"15\" \/>\n<h3 data-path-to-node=\"16\"><b data-path-to-node=\"16\" data-index-in-node=\"0\">PCT (Terapia Post-Ciclo) e Sustoged Euro Prime Farmaceuticals<\/b><\/h3>\n<p data-path-to-node=\"17\">Il farmaco \u00e8 molto potente e richiede una PCT. Nel nostro shop, farmaci come <b data-path-to-node=\"17\" data-index-in-node=\"77\">Clomid<\/b> e <b data-path-to-node=\"17\" data-index-in-node=\"86\">Tamoxifene<\/b> possono essere utilizzati a questo scopo. La <b data-path-to-node=\"17\" data-index-in-node=\"142\">Gonadotropina<\/b> dovrebbe essere usata per normalizzare il quadro ormonale. Ti ricordiamo che il recupero \u00e8 un passaggio importante e necessario nell&#8217;uso di farmaci steroidei.<\/p>\n<p><\/p>","protected":false},"excerpt":{"rendered":"<p>Applicazione di Sustoged 250 mg &#8211; Euro Prime Farmaceuticals Sustoged di EPF \u00e8 un analogo del Sustanon, noto a ogni<\/p>\n","protected":false},"featured_media":10514,"comment_status":"open","ping_status":"closed","template":"","meta":[],"product_brand":[3528],"product_cat":[69],"product_tag":[],"class_list":{"0":"post-10513","1":"product","2":"type-product","3":"status-publish","4":"has-post-thumbnail","6":"product_brand-epf-premium","7":"product_cat-esteroides_inyectables","9":"first","10":"instock","11":"shipping-taxable","12":"purchasable","13":"product-type-simple"},"yoast_head":"<!-- This site is optimized with the Yoast SEO Premium plugin v24.4 (Yoast SEO v27.0) - https:\/\/yoast.com\/product\/yoast-seo-premium-wordpress\/ -->\n<title>SUSTAGED \/ SUSTANON - Steroidi in linea<\/title>\n<meta name=\"description\" content=\"Sustoged \u00e8 una potente miscela di testosterone (Sustanon) che garantisce rapida crescita muscolare e rilascio anabolico prolungato.\" \/>\n<meta name=\"robots\" content=\"index, follow, max-snippet:-1, max-image-preview:large, max-video-preview:-1\" \/>\n<link rel=\"canonical\" href=\"https:\/\/iberoid-shop.com\/it\/product\/sustaged-sustanon\/\" \/>\n<meta property=\"og:locale\" content=\"it_IT\" \/>\n<meta property=\"og:type\" content=\"article\" \/>\n<meta property=\"og:title\" content=\"SUSTAGED \/ SUSTANON\" \/>\n<meta property=\"og:description\" content=\"Sustoged \u00e8 una potente miscela di testosterone (Sustanon) che garantisce rapida crescita muscolare e rilascio anabolico prolungato.\" \/>\n<meta property=\"og:url\" content=\"https:\/\/iberoid-shop.com\/it\/product\/sustaged-sustanon\/\" \/>\n<meta property=\"og:site_name\" content=\"Steroidi in linea\" \/>\n<meta property=\"article:modified_time\" content=\"2026-02-02T16:28:02+00:00\" \/>\n<meta property=\"og:image\" content=\"https:\/\/iberoid-shop.com\/wp-content\/uploads\/2026\/01\/susta-epf.jpeg?v=1768211148\" \/>\n\t<meta property=\"og:image:width\" content=\"1600\" \/>\n\t<meta property=\"og:image:height\" content=\"1600\" \/>\n\t<meta property=\"og:image:type\" content=\"image\/jpeg\" \/>\n<meta name=\"twitter:card\" content=\"summary_large_image\" \/>\n<meta name=\"twitter:label1\" content=\"Prezzo\" \/>\n\t<meta name=\"twitter:data1\" content=\"&euro;40.00\" \/>\n\t<meta name=\"twitter:label2\" content=\"Disponibilit\u00e0\" \/>\n\t<meta name=\"twitter:data2\" content=\"In stock\" \/>\n<script type=\"application\/ld+json\" class=\"yoast-schema-graph\">{\"@context\":\"https:\/\/schema.org\",\"@graph\":[{\"@type\":\"WebPage\",\"@id\":\"https:\/\/iberoid-shop.com\/it\/product\/sustaged-sustanon\/\",\"url\":\"https:\/\/iberoid-shop.com\/it\/product\/sustaged-sustanon\/\",\"name\":\"SUSTAGED \/ SUSTANON - Steroidi in linea\",\"isPartOf\":{\"@id\":\"https:\/\/iberoid-shop.com\/it\/#website\"},\"primaryImageOfPage\":{\"@id\":\"https:\/\/iberoid-shop.com\/it\/product\/sustaged-sustanon\/#primaryimage\"},\"image\":{\"@id\":\"https:\/\/iberoid-shop.com\/product\/sustaged-sustanon\/#primaryimage\"},\"thumbnailUrl\":\"https:\/\/iberoid-shop.com\/wp-content\/uploads\/2026\/01\/susta-epf.jpeg?v=1768211148\",\"datePublished\":\"2026-01-12T09:46:35+00:00\",\"dateModified\":\"2026-02-02T16:28:02+00:00\",\"description\":\"Sustoged \u00e8 una potente miscela di testosterone (Sustanon) che garantisce rapida crescita muscolare e rilascio anabolico prolungato.\",\"breadcrumb\":{\"@id\":\"https:\/\/iberoid-shop.com\/it\/product\/sustaged-sustanon\/#breadcrumb\"},\"inLanguage\":\"it-IT\",\"potentialAction\":[{\"@type\":\"ReadAction\",\"target\":[[\"https:\/\/iberoid-shop.com\/it\/product\/sustaged-sustanon\/\"]]}]},{\"@type\":\"ImageObject\",\"inLanguage\":\"it-IT\",\"@id\":\"https:\/\/iberoid-shop.com\/it\/product\/sustaged-sustanon\/#primaryimage\",\"url\":\"https:\/\/iberoid-shop.com\/wp-content\/uploads\/2026\/01\/susta-epf.jpeg?v=1768211148\",\"contentUrl\":\"https:\/\/iberoid-shop.com\/wp-content\/uploads\/2026\/01\/susta-epf.jpeg?v=1768211148\",\"width\":1600,\"height\":1600},{\"@type\":\"BreadcrumbList\",\"@id\":\"https:\/\/iberoid-shop.com\/it\/product\/sustaged-sustanon\/#breadcrumb\",\"itemListElement\":[{\"@type\":\"ListItem\",\"position\":1,\"name\":\"Portada\",\"item\":\"https:\/\/iberoid-shop.com\/it\/\"},{\"@type\":\"ListItem\",\"position\":2,\"name\":\"Negozio\",\"item\":\"https:\/\/iberoid-shop.com\/it\/shop\/\"},{\"@type\":\"ListItem\",\"position\":3,\"name\":\"SUSTAGED \/ SUSTANON\"}]},{\"@type\":\"WebSite\",\"@id\":\"https:\/\/iberoid-shop.com\/it\/#website\",\"url\":\"https:\/\/iberoid-shop.com\/it\/\",\"name\":\"Steroidi in linea\",\"description\":\"Acquista steroidi online oggi in Spagna e Portogallo. Abbiamo il miglior servizio clienti del settore e prodotti di altissima qualit\u00e0\",\"potentialAction\":[{\"@type\":\"SearchAction\",\"target\":{\"@type\":\"EntryPoint\",\"urlTemplate\":\"https:\/\/iberoid-shop.com\/it\/?s={search_term_string}\"},\"query-input\":{\"@type\":\"PropertyValueSpecification\",\"valueRequired\":true,\"valueName\":\"search_term_string\"}}],\"inLanguage\":\"it-IT\"}]}<\/script>\n<meta property=\"product:brand\" content=\"Euro Prime Pharmaceuticals (EPF)\" \/>\n<meta property=\"product:price:amount\" content=\"40.00\" \/>\n<meta property=\"product:price:currency\" content=\"EUR\" \/>\n<meta property=\"og:availability\" content=\"instock\" \/>\n<meta property=\"product:availability\" content=\"instock\" \/>\n<meta property=\"product:condition\" content=\"new\" \/>\n<!-- \/ Yoast SEO Premium plugin. -->","yoast_head_json":{"title":"SUSTAGED \/ SUSTANON - Steroidi in linea","description":"Sustoged \u00e8 una potente miscela di testosterone (Sustanon) che garantisce rapida crescita muscolare e rilascio anabolico prolungato.","robots":{"index":"index","follow":"follow","max-snippet":"max-snippet:-1","max-image-preview":"max-image-preview:large","max-video-preview":"max-video-preview:-1"},"canonical":"https:\/\/iberoid-shop.com\/it\/product\/sustaged-sustanon\/","og_locale":"it_IT","og_type":"article","og_title":"SUSTAGED \/ SUSTANON","og_description":"Sustoged \u00e8 una potente miscela di testosterone (Sustanon) che garantisce rapida crescita muscolare e rilascio anabolico prolungato.","og_url":"https:\/\/iberoid-shop.com\/it\/product\/sustaged-sustanon\/","og_site_name":"Steroidi in linea","article_modified_time":"2026-02-02T16:28:02+00:00","og_image":[{"width":1600,"height":1600,"url":"https:\/\/iberoid-shop.com\/wp-content\/uploads\/2026\/01\/susta-epf.jpeg?v=1768211148","type":"image\/jpeg"}],"twitter_card":"summary_large_image","twitter_misc":{"Prezzo":"&euro;40.00","Disponibilit\u00e0":"In stock"},"schema":{"@context":"https:\/\/schema.org","@graph":[{"@type":"WebPage","@id":"https:\/\/iberoid-shop.com\/it\/product\/sustaged-sustanon\/","url":"https:\/\/iberoid-shop.com\/it\/product\/sustaged-sustanon\/","name":"SUSTAGED \/ SUSTANON - Steroidi in linea","isPartOf":{"@id":"https:\/\/iberoid-shop.com\/it\/#website"},"primaryImageOfPage":{"@id":"https:\/\/iberoid-shop.com\/it\/product\/sustaged-sustanon\/#primaryimage"},"image":{"@id":"https:\/\/iberoid-shop.com\/product\/sustaged-sustanon\/#primaryimage"},"thumbnailUrl":"https:\/\/iberoid-shop.com\/wp-content\/uploads\/2026\/01\/susta-epf.jpeg?v=1768211148","datePublished":"2026-01-12T09:46:35+00:00","dateModified":"2026-02-02T16:28:02+00:00","description":"Sustoged \u00e8 una potente miscela di testosterone (Sustanon) che garantisce rapida crescita muscolare e rilascio anabolico prolungato.","breadcrumb":{"@id":"https:\/\/iberoid-shop.com\/it\/product\/sustaged-sustanon\/#breadcrumb"},"inLanguage":"it-IT","potentialAction":[{"@type":"ReadAction","target":[["https:\/\/iberoid-shop.com\/it\/product\/sustaged-sustanon\/"]]}]},{"@type":"ImageObject","inLanguage":"it-IT","@id":"https:\/\/iberoid-shop.com\/it\/product\/sustaged-sustanon\/#primaryimage","url":"https:\/\/iberoid-shop.com\/wp-content\/uploads\/2026\/01\/susta-epf.jpeg?v=1768211148","contentUrl":"https:\/\/iberoid-shop.com\/wp-content\/uploads\/2026\/01\/susta-epf.jpeg?v=1768211148","width":1600,"height":1600},{"@type":"BreadcrumbList","@id":"https:\/\/iberoid-shop.com\/it\/product\/sustaged-sustanon\/#breadcrumb","itemListElement":[{"@type":"ListItem","position":1,"name":"Portada","item":"https:\/\/iberoid-shop.com\/it\/"},{"@type":"ListItem","position":2,"name":"Negozio","item":"https:\/\/iberoid-shop.com\/it\/shop\/"},{"@type":"ListItem","position":3,"name":"SUSTAGED \/ SUSTANON"}]},{"@type":"WebSite","@id":"https:\/\/iberoid-shop.com\/it\/#website","url":"https:\/\/iberoid-shop.com\/it\/","name":"Steroidi in linea","description":"Acquista steroidi online oggi in Spagna e Portogallo. Abbiamo il miglior servizio clienti del settore e prodotti di altissima qualit\u00e0","potentialAction":[{"@type":"SearchAction","target":{"@type":"EntryPoint","urlTemplate":"https:\/\/iberoid-shop.com\/it\/?s={search_term_string}"},"query-input":{"@type":"PropertyValueSpecification","valueRequired":true,"valueName":"search_term_string"}}],"inLanguage":"it-IT"}]},"product_brand":"Euro Prime Pharmaceuticals (EPF)","product_price_amount":"40.00","product_price_currency":"EUR","og_availability":"instock","product_availability":"instock","product_condition":"new"},"_links":{"self":[{"href":"https:\/\/iberoid-shop.com\/it\/wp-json\/wp\/v2\/product\/10513","targetHints":{"allow":["GET"]}}],"collection":[{"href":"https:\/\/iberoid-shop.com\/it\/wp-json\/wp\/v2\/product"}],"about":[{"href":"https:\/\/iberoid-shop.com\/it\/wp-json\/wp\/v2\/types\/product"}],"replies":[{"embeddable":true,"href":"https:\/\/iberoid-shop.com\/it\/wp-json\/wp\/v2\/comments?post=10513"}],"wp:featuredmedia":[{"embeddable":true,"href":"https:\/\/iberoid-shop.com\/it\/wp-json\/wp\/v2\/media\/10514"}],"wp:attachment":[{"href":"https:\/\/iberoid-shop.com\/it\/wp-json\/wp\/v2\/media?parent=10513"}],"wp:term":[{"taxonomy":"product_brand","embeddable":true,"href":"https:\/\/iberoid-shop.com\/it\/wp-json\/wp\/v2\/product_brand?post=10513"},{"taxonomy":"product_cat","embeddable":true,"href":"https:\/\/iberoid-shop.com\/it\/wp-json\/wp\/v2\/product_cat?post=10513"},{"taxonomy":"product_tag","embeddable":true,"href":"https:\/\/iberoid-shop.com\/it\/wp-json\/wp\/v2\/product_tag?post=10513"}],"curies":[{"name":"wp","href":"https:\/\/api.w.org\/{rel}","templated":true}]}}