{"id":10454,"date":"2025-12-05T15:54:34","date_gmt":"2025-12-05T15:54:34","guid":{"rendered":"https:\/\/iberoid-shop.com\/?post_type=product&#038;p=10454"},"modified":"2026-04-08T09:04:59","modified_gmt":"2026-04-08T09:04:59","slug":"clomid25mg-clomifene25mg-50-tabs","status":"publish","type":"product","link":"https:\/\/iberoid-shop.com\/it\/product\/clomid25mg-clomifene25mg-50-tabs\/","title":{"rendered":"CLOMID 25 &#8211; clomifene 25mg\/50 tabs"},"content":{"rendered":"<p><\/p>\n<p data-path-to-node=\"2\">Clomid 25 Compresse \u00e8 un farmaco soggetto a prescrizione medica utilizzato per trattare l&#8217;<b>epilessia (convulsioni)<\/b> e il <b>disturbo d&#8217;ansia<\/b>. Aiuta a diminuire l&#8217;attivit\u00e0 anomala ed eccessiva delle cellule nervose e calma il cervello.<\/p>\n<p data-path-to-node=\"3\">Clomid 25 Compresse pu\u00f2 essere assunto con o senza cibo. Tuttavia, \u00e8 importante assumerlo alla stessa ora ogni giorno, poich\u00e9 ci\u00f2 aiuta a mantenere un livello costante del farmaco nell&#8217;organismo. Prenda questo medicinale nella dose e per la durata consigliate dal medico, poich\u00e9 presenta un elevato potenziale di dipendenza. Se ha saltato una dose, la prenda non appena se ne ricorda e completi l&#8217;intero ciclo di trattamento anche se si sente meglio. Non deve interrompere improvvisamente l&#8217;assunzione di questo farmaco senza parlarne con il medico, in quanto ci\u00f2 potrebbe aumentare la frequenza delle crisi convulsive e causare nausea, ansia, sintomi simil-influenzali e dolori muscolari.<\/p>\n<p data-path-to-node=\"4\">Alcuni effetti collaterali comuni di questo farmaco includono affaticamento, depressione e coordinazione alterata. Pu\u00f2 anche causare vertigini e sonnolenza, quindi non guidi n\u00e9 svolga alcuna attivit\u00e0 che richieda attenzione mentale finch\u00e9 non sapr\u00e0 come questo farmaco la influenza. \u00c8 importante informare il medico se sviluppa cambiamenti insoliti nell&#8217;umore o depressione, poich\u00e9 questo medicinale pu\u00f2 causare pensieri suicidi.<\/p>\n<h3 data-path-to-node=\"5\">Benefici di Clomid Compresse<\/h3>\n<p data-path-to-node=\"6\"><b>Nel trattamento del disturbo d&#8217;ansia<\/b> Clomid 25 Compresse impedisce al cervello di rilasciare le sostanze chimiche che la fanno sentire ansioso, riducendo cos\u00ec i sintomi di ansia e preoccupazione eccessive. Pu\u00f2 anche ridurre le sensazioni di irrequietezza, stanchezza, difficolt\u00e0 di concentrazione, irritabilit\u00e0 e problemi di sonno che spesso accompagnano il Disturbo d&#8217;Ansia. Pertanto, la aiuter\u00e0 a svolgere pi\u00f9 facilmente le sue attivit\u00e0 quotidiane e ad essere pi\u00f9 produttivo. Continui a prendere questo farmaco anche se si sente bene. Interromperlo improvvisamente pu\u00f2 causare gravi problemi.<\/p>\n<h3 data-path-to-node=\"7\">Effetti collaterali di Clomid Compresse<\/h3>\n<p data-path-to-node=\"8\">La maggior parte degli effetti collaterali non richiede attenzione medica e scompare man mano che il corpo si adatta al medicinale. Consulti il medico se persistono o se la preoccupano.<\/p>\n<p data-path-to-node=\"9\"><b>Effetti collaterali comuni di Clomid<\/b><\/p>\n<ul data-path-to-node=\"10\">\n<li>\n<p data-path-to-node=\"10,0,0\">Comportamento anomalo<\/p>\n<\/li>\n<li>\n<p data-path-to-node=\"10,1,0\">Stipsi (costipazione)<\/p>\n<\/li>\n<li>\n<p data-path-to-node=\"10,2,0\">Visione offuscata<\/p>\n<\/li>\n<li>\n<p data-path-to-node=\"10,3,0\">Affaticamento<\/p>\n<\/li>\n<li>\n<p data-path-to-node=\"10,4,0\">Sonnolenza<\/p>\n<\/li>\n<li>\n<p data-path-to-node=\"10,5,0\">Influenza<\/p>\n<\/li>\n<li>\n<p data-path-to-node=\"10,6,0\">Dolore durante il ciclo mestruale<\/p>\n<\/li>\n<li>\n<p data-path-to-node=\"10,7,0\">Compromissione della memoria<\/p>\n<\/li>\n<li>\n<p data-path-to-node=\"10,8,0\">Vertigini<\/p>\n<\/li>\n<li>\n<p data-path-to-node=\"10,9,0\">Compromissione cognitiva<\/p>\n<\/li>\n<li>\n<p data-path-to-node=\"10,10,0\">Anomalia dei movimenti volontari<\/p>\n<\/li>\n<li>\n<p data-path-to-node=\"10,11,0\">Depressione<\/p>\n<\/li>\n<li>\n<p data-path-to-node=\"10,12,0\">Nervosismo<\/p>\n<\/li>\n<li>\n<p data-path-to-node=\"10,13,0\">Infezione del tratto respiratorio superiore<\/p>\n<\/li>\n<li>\n<p data-path-to-node=\"10,14,0\">Reazione allergica<\/p>\n<\/li>\n<li>\n<p data-path-to-node=\"10,15,0\">Difficolt\u00e0 nel parlare<\/p>\n<\/li>\n<li>\n<p data-path-to-node=\"10,16,0\">Labilit\u00e0 emotiva<\/p>\n<\/li>\n<li>\n<p data-path-to-node=\"10,17,0\">Diminuzione della libido<\/p>\n<\/li>\n<li>\n<p data-path-to-node=\"10,18,0\">Torpore<\/p>\n<\/li>\n<\/ul>\n<h3 data-path-to-node=\"11\">Come usare Clomid Compresse<\/h3>\n<p data-path-to-node=\"12\">Prenda questo medicinale nella dose e per la durata consigliate dal medico. Lo deglutisca intero. Non lo mastichi, frantumi o rompa. Clomid 25 Compresse pu\u00f2 essere assunto con o senza cibo.<\/p>\n<h3 data-path-to-node=\"13\">Come agisce Clomid Compresse<\/h3>\n<p data-path-to-node=\"14\">Clomid 25 Compresse \u00e8 una <b>benzodiazepina<\/b>. Agisce aumentando l&#8217;azione di un messaggero chimico (GABA) che sopprime l&#8217;attivit\u00e0 anomala ed eccessiva delle cellule nervose nel cervello.<\/p>\n<p><\/p>","protected":false},"excerpt":{"rendered":"<p>Clomid 25 Compresse \u00e8 un farmaco soggetto a prescrizione medica utilizzato per trattare l&#8217;epilessia (convulsioni) e il disturbo d&#8217;ansia. Aiuta<\/p>\n","protected":false},"featured_media":10455,"comment_status":"open","ping_status":"closed","template":"","meta":[],"product_brand":[],"product_cat":[73,3533],"product_tag":[],"class_list":{"0":"post-10454","1":"product","2":"type-product","3":"status-publish","4":"has-post-thumbnail","6":"product_cat-ssteroides_orales","7":"product_cat-sales-rebajas","9":"first","10":"instock","11":"shipping-taxable","12":"purchasable","13":"product-type-simple"},"yoast_head":"<!-- This site is optimized with the Yoast SEO Premium plugin v24.4 (Yoast SEO v27.3) - https:\/\/yoast.com\/product\/yoast-seo-premium-wordpress\/ -->\n<title>CLOMID 25 - clomifene 25mg\/50 tabs - Steroidi in linea<\/title>\n<meta name=\"description\" content=\"Clomid 25 Tablet \u00e8 una benzodiazepina su prescrizione usata per trattare l&#039;epilessia (convulsioni) e l&#039;ansia, calmando l&#039;eccessiva attivit\u00e0 nervosa cerebrale.\" \/>\n<meta name=\"robots\" content=\"index, follow, max-snippet:-1, max-image-preview:large, max-video-preview:-1\" \/>\n<link rel=\"canonical\" href=\"https:\/\/iberoid-shop.com\/it\/product\/clomid25mg-clomifene25mg-50-tabs\/\" \/>\n<meta property=\"og:locale\" content=\"it_IT\" \/>\n<meta property=\"og:type\" content=\"article\" \/>\n<meta property=\"og:title\" content=\"CLOMID 25 - clomifene 25mg\/50 tabs\" \/>\n<meta property=\"og:description\" content=\"Clomid 25 Tablet \u00e8 una benzodiazepina su prescrizione usata per trattare l&#039;epilessia (convulsioni) e l&#039;ansia, calmando l&#039;eccessiva attivit\u00e0 nervosa cerebrale.\" \/>\n<meta property=\"og:url\" content=\"https:\/\/iberoid-shop.com\/it\/product\/clomid25mg-clomifene25mg-50-tabs\/\" \/>\n<meta property=\"og:site_name\" content=\"Steroidi in linea\" \/>\n<meta property=\"article:modified_time\" content=\"2026-04-08T09:04:59+00:00\" \/>\n<meta property=\"og:image\" content=\"https:\/\/iberoid-shop.com\/wp-content\/uploads\/2025\/12\/CLOMID3.jpeg?v=1764950046\" \/>\n\t<meta property=\"og:image:width\" content=\"1512\" \/>\n\t<meta property=\"og:image:height\" content=\"2016\" \/>\n\t<meta property=\"og:image:type\" content=\"image\/jpeg\" \/>\n<meta name=\"twitter:card\" content=\"summary_large_image\" \/>\n<meta name=\"twitter:label1\" content=\"Prezzo\" \/>\n\t<meta name=\"twitter:data1\" content=\"&euro;25.00\" \/>\n\t<meta name=\"twitter:label2\" content=\"Disponibilit\u00e0\" \/>\n\t<meta name=\"twitter:data2\" content=\"In stock\" \/>\n<script type=\"application\/ld+json\" class=\"yoast-schema-graph\">{\"@context\":\"https:\\\/\\\/schema.org\",\"@graph\":[{\"@type\":\"WebPage\",\"@id\":\"https:\\\/\\\/iberoid-shop.com\\\/it\\\/product\\\/clomid25mg-clomifene25mg-50-tabs\\\/\",\"url\":\"https:\\\/\\\/iberoid-shop.com\\\/it\\\/product\\\/clomid25mg-clomifene25mg-50-tabs\\\/\",\"name\":\"CLOMID 25 - clomifene 25mg\\\/50 tabs - Steroidi in linea\",\"isPartOf\":{\"@id\":\"https:\\\/\\\/iberoid.com\\\/#website\"},\"primaryImageOfPage\":{\"@id\":\"https:\\\/\\\/iberoid-shop.com\\\/it\\\/product\\\/clomid25mg-clomifene25mg-50-tabs\\\/#primaryimage\"},\"image\":{\"@id\":\"https:\\\/\\\/iberoid-shop.com\\\/it\\\/product\\\/clomid25mg-clomifene25mg-50-tabs\\\/#primaryimage\"},\"thumbnailUrl\":\"https:\\\/\\\/iberoid-shop.com\\\/wp-content\\\/uploads\\\/2025\\\/12\\\/CLOMID3.jpeg?v=1764950046\",\"datePublished\":\"2025-12-05T15:54:34+00:00\",\"dateModified\":\"2026-04-08T09:04:59+00:00\",\"description\":\"Clomid 25 Tablet \u00e8 una benzodiazepina su prescrizione usata per trattare l'epilessia (convulsioni) e l'ansia, calmando l'eccessiva attivit\u00e0 nervosa cerebrale.\",\"breadcrumb\":{\"@id\":\"https:\\\/\\\/iberoid-shop.com\\\/it\\\/product\\\/clomid25mg-clomifene25mg-50-tabs\\\/#breadcrumb\"},\"inLanguage\":\"it-IT\",\"potentialAction\":[{\"@type\":\"ReadAction\",\"target\":[[\"https:\\\/\\\/iberoid-shop.com\\\/it\\\/product\\\/clomid25mg-clomifene25mg-50-tabs\\\/\"]]}]},{\"@type\":\"ImageObject\",\"inLanguage\":\"it-IT\",\"@id\":\"https:\\\/\\\/iberoid-shop.com\\\/it\\\/product\\\/clomid25mg-clomifene25mg-50-tabs\\\/#primaryimage\",\"url\":\"https:\\\/\\\/iberoid-shop.com\\\/wp-content\\\/uploads\\\/2025\\\/12\\\/CLOMID3.jpeg?v=1764950046\",\"contentUrl\":\"https:\\\/\\\/iberoid-shop.com\\\/wp-content\\\/uploads\\\/2025\\\/12\\\/CLOMID3.jpeg?v=1764950046\",\"width\":1512,\"height\":2016},{\"@type\":\"BreadcrumbList\",\"@id\":\"https:\\\/\\\/iberoid-shop.com\\\/it\\\/product\\\/clomid25mg-clomifene25mg-50-tabs\\\/#breadcrumb\",\"itemListElement\":[{\"@type\":\"ListItem\",\"position\":1,\"name\":\"Portada\",\"item\":\"https:\\\/\\\/iberoid.com\\\/\"},{\"@type\":\"ListItem\",\"position\":2,\"name\":\"Negozio\",\"item\":\"https:\\\/\\\/iberoid-shop.com\\\/it\\\/shop\\\/\"},{\"@type\":\"ListItem\",\"position\":3,\"name\":\"CLOMID 25 &#8211; clomifene 25mg\\\/50 tabs\"}]},{\"@type\":\"WebSite\",\"@id\":\"https:\\\/\\\/iberoid.com\\\/#website\",\"url\":\"https:\\\/\\\/iberoid.com\\\/\",\"name\":\"Steroidi in linea\",\"description\":\"Acquista steroidi online oggi in Spagna e Portogallo. Abbiamo il miglior servizio clienti del settore e prodotti di altissima qualit\u00e0\",\"potentialAction\":[{\"@type\":\"SearchAction\",\"target\":{\"@type\":\"EntryPoint\",\"urlTemplate\":\"https:\\\/\\\/iberoid.com\\\/?s={search_term_string}\"},\"query-input\":{\"@type\":\"PropertyValueSpecification\",\"valueRequired\":true,\"valueName\":\"search_term_string\"}}],\"inLanguage\":\"it-IT\"}]}<\/script>\n<meta property=\"product:brand\" content=\"AdamLabs\" \/>\n<meta property=\"product:price:amount\" content=\"25.00\" \/>\n<meta property=\"product:price:currency\" content=\"EUR\" \/>\n<meta property=\"og:availability\" content=\"instock\" \/>\n<meta property=\"product:availability\" content=\"instock\" \/>\n<meta property=\"product:condition\" content=\"new\" \/>\n<!-- \/ Yoast SEO Premium plugin. -->","yoast_head_json":{"title":"CLOMID 25 - clomifene 25mg\/50 tabs - Steroidi in linea","description":"Clomid 25 Tablet \u00e8 una benzodiazepina su prescrizione usata per trattare l'epilessia (convulsioni) e l'ansia, calmando l'eccessiva attivit\u00e0 nervosa cerebrale.","robots":{"index":"index","follow":"follow","max-snippet":"max-snippet:-1","max-image-preview":"max-image-preview:large","max-video-preview":"max-video-preview:-1"},"canonical":"https:\/\/iberoid-shop.com\/it\/product\/clomid25mg-clomifene25mg-50-tabs\/","og_locale":"it_IT","og_type":"article","og_title":"CLOMID 25 - clomifene 25mg\/50 tabs","og_description":"Clomid 25 Tablet \u00e8 una benzodiazepina su prescrizione usata per trattare l'epilessia (convulsioni) e l'ansia, calmando l'eccessiva attivit\u00e0 nervosa cerebrale.","og_url":"https:\/\/iberoid-shop.com\/it\/product\/clomid25mg-clomifene25mg-50-tabs\/","og_site_name":"Steroidi in linea","article_modified_time":"2026-04-08T09:04:59+00:00","og_image":[{"width":1512,"height":2016,"url":"https:\/\/iberoid-shop.com\/wp-content\/uploads\/2025\/12\/CLOMID3.jpeg?v=1764950046","type":"image\/jpeg"}],"twitter_card":"summary_large_image","twitter_misc":{"Prezzo":"&euro;25.00","Disponibilit\u00e0":"In stock"},"schema":{"@context":"https:\/\/schema.org","@graph":[{"@type":"WebPage","@id":"https:\/\/iberoid-shop.com\/it\/product\/clomid25mg-clomifene25mg-50-tabs\/","url":"https:\/\/iberoid-shop.com\/it\/product\/clomid25mg-clomifene25mg-50-tabs\/","name":"CLOMID 25 - clomifene 25mg\/50 tabs - Steroidi in linea","isPartOf":{"@id":"https:\/\/iberoid.com\/#website"},"primaryImageOfPage":{"@id":"https:\/\/iberoid-shop.com\/it\/product\/clomid25mg-clomifene25mg-50-tabs\/#primaryimage"},"image":{"@id":"https:\/\/iberoid-shop.com\/it\/product\/clomid25mg-clomifene25mg-50-tabs\/#primaryimage"},"thumbnailUrl":"https:\/\/iberoid-shop.com\/wp-content\/uploads\/2025\/12\/CLOMID3.jpeg?v=1764950046","datePublished":"2025-12-05T15:54:34+00:00","dateModified":"2026-04-08T09:04:59+00:00","description":"Clomid 25 Tablet \u00e8 una benzodiazepina su prescrizione usata per trattare l'epilessia (convulsioni) e l'ansia, calmando l'eccessiva attivit\u00e0 nervosa cerebrale.","breadcrumb":{"@id":"https:\/\/iberoid-shop.com\/it\/product\/clomid25mg-clomifene25mg-50-tabs\/#breadcrumb"},"inLanguage":"it-IT","potentialAction":[{"@type":"ReadAction","target":[["https:\/\/iberoid-shop.com\/it\/product\/clomid25mg-clomifene25mg-50-tabs\/"]]}]},{"@type":"ImageObject","inLanguage":"it-IT","@id":"https:\/\/iberoid-shop.com\/it\/product\/clomid25mg-clomifene25mg-50-tabs\/#primaryimage","url":"https:\/\/iberoid-shop.com\/wp-content\/uploads\/2025\/12\/CLOMID3.jpeg?v=1764950046","contentUrl":"https:\/\/iberoid-shop.com\/wp-content\/uploads\/2025\/12\/CLOMID3.jpeg?v=1764950046","width":1512,"height":2016},{"@type":"BreadcrumbList","@id":"https:\/\/iberoid-shop.com\/it\/product\/clomid25mg-clomifene25mg-50-tabs\/#breadcrumb","itemListElement":[{"@type":"ListItem","position":1,"name":"Portada","item":"https:\/\/iberoid.com\/"},{"@type":"ListItem","position":2,"name":"Negozio","item":"https:\/\/iberoid-shop.com\/it\/shop\/"},{"@type":"ListItem","position":3,"name":"CLOMID 25 &#8211; clomifene 25mg\/50 tabs"}]},{"@type":"WebSite","@id":"https:\/\/iberoid.com\/#website","url":"https:\/\/iberoid.com\/","name":"Steroidi in linea","description":"Acquista steroidi online oggi in Spagna e Portogallo. Abbiamo il miglior servizio clienti del settore e prodotti di altissima qualit\u00e0","potentialAction":[{"@type":"SearchAction","target":{"@type":"EntryPoint","urlTemplate":"https:\/\/iberoid.com\/?s={search_term_string}"},"query-input":{"@type":"PropertyValueSpecification","valueRequired":true,"valueName":"search_term_string"}}],"inLanguage":"it-IT"}]},"product_brand":"AdamLabs","product_price_amount":"25.00","product_price_currency":"EUR","og_availability":"instock","product_availability":"instock","product_condition":"new"},"_links":{"self":[{"href":"https:\/\/iberoid-shop.com\/it\/wp-json\/wp\/v2\/product\/10454","targetHints":{"allow":["GET"]}}],"collection":[{"href":"https:\/\/iberoid-shop.com\/it\/wp-json\/wp\/v2\/product"}],"about":[{"href":"https:\/\/iberoid-shop.com\/it\/wp-json\/wp\/v2\/types\/product"}],"replies":[{"embeddable":true,"href":"https:\/\/iberoid-shop.com\/it\/wp-json\/wp\/v2\/comments?post=10454"}],"wp:featuredmedia":[{"embeddable":true,"href":"https:\/\/iberoid-shop.com\/it\/wp-json\/wp\/v2\/media\/10455"}],"wp:attachment":[{"href":"https:\/\/iberoid-shop.com\/it\/wp-json\/wp\/v2\/media?parent=10454"}],"wp:term":[{"taxonomy":"product_brand","embeddable":true,"href":"https:\/\/iberoid-shop.com\/it\/wp-json\/wp\/v2\/product_brand?post=10454"},{"taxonomy":"product_cat","embeddable":true,"href":"https:\/\/iberoid-shop.com\/it\/wp-json\/wp\/v2\/product_cat?post=10454"},{"taxonomy":"product_tag","embeddable":true,"href":"https:\/\/iberoid-shop.com\/it\/wp-json\/wp\/v2\/product_tag?post=10454"}],"curies":[{"name":"wp","href":"https:\/\/api.w.org\/{rel}","templated":true}]}}