{"id":10450,"date":"2025-12-05T15:42:43","date_gmt":"2025-12-05T15:42:43","guid":{"rendered":"https:\/\/iberoid-shop.com\/?post_type=product&#038;p=10450"},"modified":"2026-04-01T12:04:32","modified_gmt":"2026-04-01T12:04:32","slug":"pack3-agua-bactereoestatica","status":"publish","type":"product","link":"https:\/\/iberoid-shop.com\/it\/product\/pack3-agua-bactereoestatica\/","title":{"rendered":"PACK 3 AGUA BACTEREOESTATICA"},"content":{"rendered":"<p><\/p>\n<p data-path-to-node=\"0\">Certamente. Ecco la traduzione in italiano del testo sulle differenze tra acqua sterile e acqua batteriostatica:<\/p>\n<hr data-path-to-node=\"1\" \/>\n<p data-path-to-node=\"2\">\u00c8 ampiamente utilizzata in ambito medico, specialmente per diluire farmaci e come solvente per le iniezioni. Da parte sua, l&#8217;<b>acqua batteriostatica per iniezione<\/b> \u00e8 una variet\u00e0 di acqua iniettabile che contiene un agente batteriostatico per prevenire la proliferazione di batteri nella soluzione. L&#8217;<b>acqua per iniezione<\/b> \u00e8 una soluzione sterile di acqua che viene utilizzata come veicolo per sciogliere e diluire farmaci somministrati per via endovenosa o intramuscolare. Questa soluzione \u00e8 confezionata in fiale o flaconi sterili per evitare la contaminazione. L&#8217;acqua batteriostatica per iniezione \u00e8 una soluzione che include un agente batteriostatico, il quale impedisce la crescita dei batteri nella soluzione per un determinato periodo di tempo.<\/p>\n<h3 data-path-to-node=\"3\">Quale scegliere? Acqua Batteriostatica contro Acqua Sterile<\/h3>\n<p data-path-to-node=\"4\">La presenza di batteri in questi prodotti pu\u00f2 generare gravi effetti avversi e persino mettere a rischio la vita del paziente.<\/p>\n<p data-path-to-node=\"5\">Questo perch\u00e9 l&#8217;acqua batteriostatica non miscelata non \u00e8 isotonica, il che significa che non avr\u00e0 particelle in equilibrio con quelle presenti nel flusso sanguigno umano.<\/p>\n<p data-path-to-node=\"6\">Se conservata per troppo tempo, l&#8217;efficacia dell&#8217;agente batteriostatico pu\u00f2 diminuire, il che pu\u00f2 mettere a rischio la sicurezza del paziente.<\/p>\n<p data-path-to-node=\"7\">Il processo di preparazione dell&#8217;acqua batteriostatica per iniezione comporta una serie di passaggi per garantirne la purezza e la sterilit\u00e0.<\/p>\n<p data-path-to-node=\"8\">\u00c8 sempre consigliabile leggerle attentamente prima di tentare di ricostituire i peptidi.<\/p>\n<p data-path-to-node=\"9\">In ambito medico, ad esempio, viene utilizzata per preparare soluzioni per iniezioni, farmaci endovenosi e soluzioni saline. Inoltre, viene spesso impiegata in attrezzature e dispositivi medici per garantire che siano sterili e che non si diffondano infezioni. In sintesi, acquistare acqua batteriostatica in farmacia \u00e8 essenziale per mantenere una buona salute.<\/p>\n<h3 data-path-to-node=\"10\">Acqua Batteriostatica per Iniezione<\/h3>\n<p data-path-to-node=\"11\">\u00c8 composta da una miscela di agenti battericidi e batteriostatici che agiscono come conservanti e disinfettanti. Inoltre, il suo utilizzo aiuta a eliminare i residui organici e i microrganismi presenti nel materiale chirurgico. L&#8217;acqua batteriostatica viene utilizzata per pulire e disinfettare attrezzature mediche, come endoscopi, apparecchiature per emodialisi e apparecchiature per la preparazione dei farmaci. Questa soluzione \u00e8 particolarmente utile per i medici e gli infermieri che trattano pazienti ad alto rischio di infezione. \u00c8 specificamente formulata per minimizzare il rischio di infezione e per aiutare a prevenire la diffusione di malattie.<\/p>\n<p data-path-to-node=\"12\">I neonati, o i bambini appena nati, non devono essere trattati con farmaci miscelati con acqua batteriostatica contenente lo 0,9% di alcol benzilico. L&#8217;alcol benzilico pu\u00f2 causare cambiamenti nella pressione sanguigna o essere persino tossico per un bambino cos\u00ec piccolo. L&#8217;acqua per iniezione \u00e8 indicata nei casi in cui \u00e8 necessaria una via di somministrazione parenterale, vale a dire quando \u00e8 necessario che il farmaco raggiunga direttamente il flusso sanguigno. Inoltre, questa soluzione \u00e8 molto utile nelle situazioni in cui il paziente non pu\u00f2 assumere farmaci per via orale. \u00c8 importante sottolineare che l&#8217;acqua per iniezione Pisa \u00e8 una soluzione sterile, il che significa che \u00e8 priva di qualsiasi tipo di microrganismo, inclusi batteri, virus e funghi.<\/p>\n<p data-path-to-node=\"13\">L&#8217;acqua batteriostatica \u00e8 un tipo di acqua che \u00e8 stata trattata per inibire la crescita di batteri e altri microrganismi. Contiene un agente batteriostatico che viene aggiunto all&#8217;acqua per prevenire la crescita batterica e garantirne la purezza. L&#8217;acqua batteriostatica \u00e8 comunemente utilizzata nell&#8217;industria medica per diluire farmaci iniettabili e mantenerli liberi da contaminazione. \u00c8 importante sottolineare che l&#8217;acqua sterile per iniezione non contiene alcun tipo di agente batteriostatico, ovvero non ha alcun componente che impedisca la crescita batterica. Pertanto, se si desidera utilizzare acqua per la preparazione di farmaci da somministrare in pi\u00f9 dosi, si dovrebbe usare l&#8217;acqua batteriostatica per iniezione al posto dell&#8217;acqua sterile.<\/p>\n<p data-path-to-node=\"14\">\u00c8 fondamentale utilizzare sempre acqua batteriostatica di alta qualit\u00e0 per garantirne l&#8217;efficacia e la sicurezza. Inoltre, \u00e8 necessario seguire attentamente le istruzioni per l&#8217;uso fornite dal medico o dal farmacista per evitare qualsiasi problema di salute. In questo articolo le spiegheremo come acquistare acqua batteriostatica in farmacia e perch\u00e9 \u00e8 cos\u00ec essenziale per la sua salute. Inoltre, le forniremo alcuni suggerimenti per il suo corretto utilizzo, al fine di ottenere i migliori risultati e prevenire possibili effetti collaterali.<\/p>\n<p data-path-to-node=\"15\">D&#8217;altra parte, l&#8217;uso dell&#8217;acqua batteriostatica \u00e8 rilevante anche in altri ambiti dell&#8217;industria sanitaria, come nella conservazione di campioni biologici o nella preparazione di prodotti cosmetici. In generale, si tratta di uno strumento essenziale per mantenere elevati standard di igiene e qualit\u00e0 in qualsiasi processo che richieda la manipolazione di liquidi. Se si verificano effetti collaterali dopo l&#8217;uso di acqua batteriostatica, come dolore o infiammazione nel sito di iniezione, \u00e8 necessario informare immediatamente il medico. \u00c8 inoltre possibile segnalare eventuali effetti collaterali al produttore del prodotto o alla FDA (Food and Drug Administration). L&#8217;acqua sterilizzata e batteriostatica non contiene batteri, ma una volta utilizzata per la prima volta (generalmente inserendo una siringa), il contenitore pu\u00f2 essere contaminato. Il vantaggio dell&#8217;acqua batteriostatica \u00e8 che i batteri che potrebbero contaminarla semplicemente non possono crescere e riprodursi, o agire come un agente infettivo, pertanto pu\u00f2 essere utilizzata pi\u00f9 volte.<\/p>\n<p data-path-to-node=\"16\">Nonostante sia designata come <span class=\"math-inline\" data-math=\"\\text{H}_2\\text{O}\">$\\text{H}_2\\text{O}$<\/span>, l&#8217;acqua batteriostatica non viene utilizzata come sostituto dei fluidi, n\u00e9 viene impiegata in procedure epidurali o spinali, come indicato nelle controindicazioni del farmaco riportate da Drugs.com. RxList mette in guardia contro l&#8217;uso di acqua batteriostatica nei pazienti neonatali, mentre gli effetti collaterali derivanti dall&#8217;uso del farmaco nei pazienti pediatrici rimangono non studiati a partire dal 2014. L&#8217;acqua sterile per iniezione \u00e8 un tipo di acqua purificata utilizzata per diverse applicazioni mediche. \u00c8 composta da acqua pura e priva di microrganismi, il che la rende sicura per l&#8217;uso in procedure mediche.<\/p>\n<p data-path-to-node=\"17\">Questa acqua contiene un agente batteriostatico che aiuta a prevenire la crescita di batteri e altri microrganismi nel farmaco ricostituito. L&#8217;alcol benzilico nell&#8217;acqua rende l&#8217;acqua batteriostatica ideale per diluire qualsiasi farmaco che debba essere somministrato tramite iniezione intramuscolare, endovenosa o sottocutanea. Una volta aperto un flacone di acqua batteriostatica, l&#8217;alcol benzilico impedisce solitamente la proliferazione batterica per un massimo di 28 giorni. L&#8217;acqua per iniezione Pisa \u00e8 anche nota come acqua batteriostatica per iniezione. Questo ingrediente aiuta a prevenire la crescita dei batteri nella soluzione e ne mantiene la sterilit\u00e0. Nelle farmacie, l&#8217;acqua batteriostatica viene utilizzata per la preparazione di farmaci e soluzioni iniettabili, dove la contaminazione batterica pu\u00f2 risultare letale per i pazienti.<\/p>\n<p><\/p>","protected":false},"excerpt":{"rendered":"<p>Certamente. Ecco la traduzione in italiano del testo sulle differenze tra acqua sterile e acqua batteriostatica: \u00c8 ampiamente utilizzata in<\/p>\n","protected":false},"featured_media":10451,"comment_status":"open","ping_status":"closed","template":"","meta":[],"product_brand":[3531],"product_cat":[69,3533],"product_tag":[],"class_list":{"0":"post-10450","1":"product","2":"type-product","3":"status-publish","4":"has-post-thumbnail","6":"product_brand-adam-pharm","7":"product_cat-esteroides_inyectables","8":"product_cat-sales-rebajas","10":"first","11":"instock","12":"sale","13":"shipping-taxable","14":"purchasable","15":"product-type-simple"},"yoast_head":"<!-- This site is optimized with the Yoast SEO Premium plugin v24.4 (Yoast SEO v27.3) - https:\/\/yoast.com\/product\/yoast-seo-premium-wordpress\/ -->\n<title>PACK 3 AGUA BACTEREOESTATICA - Steroidi in linea<\/title>\n<meta name=\"description\" content=\"L&#039;Acqua Batteriostatica per Iniezione \u00e8 acqua sterile con un conservante (come l&#039;alcol benzilico) per diluire in sicurezza farmaci iniettabili multidose e prevenire la crescita batterica.\" \/>\n<meta name=\"robots\" content=\"index, follow, max-snippet:-1, max-image-preview:large, max-video-preview:-1\" \/>\n<link rel=\"canonical\" href=\"https:\/\/iberoid-shop.com\/it\/product\/pack3-agua-bactereoestatica\/\" \/>\n<meta property=\"og:locale\" content=\"it_IT\" \/>\n<meta property=\"og:type\" content=\"article\" \/>\n<meta property=\"og:title\" content=\"PACK 3 AGUA BACTEREOESTATICA\" \/>\n<meta property=\"og:description\" content=\"L&#039;Acqua Batteriostatica per Iniezione \u00e8 acqua sterile con un conservante (come l&#039;alcol benzilico) per diluire in sicurezza farmaci iniettabili multidose e prevenire la crescita batterica.\" \/>\n<meta property=\"og:url\" content=\"https:\/\/iberoid-shop.com\/it\/product\/pack3-agua-bactereoestatica\/\" \/>\n<meta property=\"og:site_name\" content=\"Steroidi in linea\" \/>\n<meta property=\"article:modified_time\" content=\"2026-04-01T12:04:32+00:00\" \/>\n<meta property=\"og:image\" content=\"https:\/\/iberoid-shop.com\/wp-content\/uploads\/2025\/12\/AGUA.jpeg?v=1764949348\" \/>\n\t<meta property=\"og:image:width\" content=\"1600\" \/>\n\t<meta property=\"og:image:height\" content=\"1528\" \/>\n\t<meta property=\"og:image:type\" content=\"image\/jpeg\" \/>\n<meta name=\"twitter:card\" content=\"summary_large_image\" \/>\n<meta name=\"twitter:label1\" content=\"Prezzo\" \/>\n\t<meta name=\"twitter:data1\" content=\"&euro;15.00\" \/>\n\t<meta name=\"twitter:label2\" content=\"Disponibilit\u00e0\" \/>\n\t<meta name=\"twitter:data2\" content=\"In stock\" \/>\n<script type=\"application\/ld+json\" class=\"yoast-schema-graph\">{\"@context\":\"https:\\\/\\\/schema.org\",\"@graph\":[{\"@type\":\"WebPage\",\"@id\":\"https:\\\/\\\/iberoid-shop.com\\\/it\\\/product\\\/pack3-agua-bactereoestatica\\\/\",\"url\":\"https:\\\/\\\/iberoid-shop.com\\\/it\\\/product\\\/pack3-agua-bactereoestatica\\\/\",\"name\":\"PACK 3 AGUA BACTEREOESTATICA - Steroidi in linea\",\"isPartOf\":{\"@id\":\"https:\\\/\\\/iberoid.com\\\/#website\"},\"primaryImageOfPage\":{\"@id\":\"https:\\\/\\\/iberoid-shop.com\\\/it\\\/product\\\/pack3-agua-bactereoestatica\\\/#primaryimage\"},\"image\":{\"@id\":\"https:\\\/\\\/iberoid-shop.com\\\/it\\\/product\\\/pack3-agua-bactereoestatica\\\/#primaryimage\"},\"thumbnailUrl\":\"https:\\\/\\\/iberoid-shop.com\\\/wp-content\\\/uploads\\\/2025\\\/12\\\/AGUA.jpeg?v=1764949348\",\"datePublished\":\"2025-12-05T15:42:43+00:00\",\"dateModified\":\"2026-04-01T12:04:32+00:00\",\"description\":\"L'Acqua Batteriostatica per Iniezione \u00e8 acqua sterile con un conservante (come l'alcol benzilico) per diluire in sicurezza farmaci iniettabili multidose e prevenire la crescita batterica.\",\"breadcrumb\":{\"@id\":\"https:\\\/\\\/iberoid-shop.com\\\/it\\\/product\\\/pack3-agua-bactereoestatica\\\/#breadcrumb\"},\"inLanguage\":\"it-IT\",\"potentialAction\":[{\"@type\":\"ReadAction\",\"target\":[[\"https:\\\/\\\/iberoid-shop.com\\\/it\\\/product\\\/pack3-agua-bactereoestatica\\\/\"]]}]},{\"@type\":\"ImageObject\",\"inLanguage\":\"it-IT\",\"@id\":\"https:\\\/\\\/iberoid-shop.com\\\/it\\\/product\\\/pack3-agua-bactereoestatica\\\/#primaryimage\",\"url\":\"https:\\\/\\\/iberoid-shop.com\\\/wp-content\\\/uploads\\\/2025\\\/12\\\/AGUA.jpeg?v=1764949348\",\"contentUrl\":\"https:\\\/\\\/iberoid-shop.com\\\/wp-content\\\/uploads\\\/2025\\\/12\\\/AGUA.jpeg?v=1764949348\",\"width\":1600,\"height\":1528},{\"@type\":\"BreadcrumbList\",\"@id\":\"https:\\\/\\\/iberoid-shop.com\\\/it\\\/product\\\/pack3-agua-bactereoestatica\\\/#breadcrumb\",\"itemListElement\":[{\"@type\":\"ListItem\",\"position\":1,\"name\":\"Portada\",\"item\":\"https:\\\/\\\/iberoid.com\\\/\"},{\"@type\":\"ListItem\",\"position\":2,\"name\":\"Negozio\",\"item\":\"https:\\\/\\\/iberoid-shop.com\\\/it\\\/shop\\\/\"},{\"@type\":\"ListItem\",\"position\":3,\"name\":\"PACK 3 AGUA BACTEREOESTATICA\"}]},{\"@type\":\"WebSite\",\"@id\":\"https:\\\/\\\/iberoid.com\\\/#website\",\"url\":\"https:\\\/\\\/iberoid.com\\\/\",\"name\":\"Steroidi in linea\",\"description\":\"Acquista steroidi online oggi in Spagna e Portogallo. Abbiamo il miglior servizio clienti del settore e prodotti di altissima qualit\u00e0\",\"potentialAction\":[{\"@type\":\"SearchAction\",\"target\":{\"@type\":\"EntryPoint\",\"urlTemplate\":\"https:\\\/\\\/iberoid.com\\\/?s={search_term_string}\"},\"query-input\":{\"@type\":\"PropertyValueSpecification\",\"valueRequired\":true,\"valueName\":\"search_term_string\"}}],\"inLanguage\":\"it-IT\"}]}<\/script>\n<meta property=\"product:brand\" content=\"AdamLabs\" \/>\n<meta property=\"product:price:amount\" content=\"15.00\" \/>\n<meta property=\"product:price:currency\" content=\"EUR\" \/>\n<meta property=\"og:availability\" content=\"instock\" \/>\n<meta property=\"product:availability\" content=\"instock\" \/>\n<meta property=\"product:condition\" content=\"new\" \/>\n<!-- \/ Yoast SEO Premium plugin. -->","yoast_head_json":{"title":"PACK 3 AGUA BACTEREOESTATICA - Steroidi in linea","description":"L'Acqua Batteriostatica per Iniezione \u00e8 acqua sterile con un conservante (come l'alcol benzilico) per diluire in sicurezza farmaci iniettabili multidose e prevenire la crescita batterica.","robots":{"index":"index","follow":"follow","max-snippet":"max-snippet:-1","max-image-preview":"max-image-preview:large","max-video-preview":"max-video-preview:-1"},"canonical":"https:\/\/iberoid-shop.com\/it\/product\/pack3-agua-bactereoestatica\/","og_locale":"it_IT","og_type":"article","og_title":"PACK 3 AGUA BACTEREOESTATICA","og_description":"L'Acqua Batteriostatica per Iniezione \u00e8 acqua sterile con un conservante (come l'alcol benzilico) per diluire in sicurezza farmaci iniettabili multidose e prevenire la crescita batterica.","og_url":"https:\/\/iberoid-shop.com\/it\/product\/pack3-agua-bactereoestatica\/","og_site_name":"Steroidi in linea","article_modified_time":"2026-04-01T12:04:32+00:00","og_image":[{"width":1600,"height":1528,"url":"https:\/\/iberoid-shop.com\/wp-content\/uploads\/2025\/12\/AGUA.jpeg?v=1764949348","type":"image\/jpeg"}],"twitter_card":"summary_large_image","twitter_misc":{"Prezzo":"&euro;15.00","Disponibilit\u00e0":"In stock"},"schema":{"@context":"https:\/\/schema.org","@graph":[{"@type":"WebPage","@id":"https:\/\/iberoid-shop.com\/it\/product\/pack3-agua-bactereoestatica\/","url":"https:\/\/iberoid-shop.com\/it\/product\/pack3-agua-bactereoestatica\/","name":"PACK 3 AGUA BACTEREOESTATICA - Steroidi in linea","isPartOf":{"@id":"https:\/\/iberoid.com\/#website"},"primaryImageOfPage":{"@id":"https:\/\/iberoid-shop.com\/it\/product\/pack3-agua-bactereoestatica\/#primaryimage"},"image":{"@id":"https:\/\/iberoid-shop.com\/it\/product\/pack3-agua-bactereoestatica\/#primaryimage"},"thumbnailUrl":"https:\/\/iberoid-shop.com\/wp-content\/uploads\/2025\/12\/AGUA.jpeg?v=1764949348","datePublished":"2025-12-05T15:42:43+00:00","dateModified":"2026-04-01T12:04:32+00:00","description":"L'Acqua Batteriostatica per Iniezione \u00e8 acqua sterile con un conservante (come l'alcol benzilico) per diluire in sicurezza farmaci iniettabili multidose e prevenire la crescita batterica.","breadcrumb":{"@id":"https:\/\/iberoid-shop.com\/it\/product\/pack3-agua-bactereoestatica\/#breadcrumb"},"inLanguage":"it-IT","potentialAction":[{"@type":"ReadAction","target":[["https:\/\/iberoid-shop.com\/it\/product\/pack3-agua-bactereoestatica\/"]]}]},{"@type":"ImageObject","inLanguage":"it-IT","@id":"https:\/\/iberoid-shop.com\/it\/product\/pack3-agua-bactereoestatica\/#primaryimage","url":"https:\/\/iberoid-shop.com\/wp-content\/uploads\/2025\/12\/AGUA.jpeg?v=1764949348","contentUrl":"https:\/\/iberoid-shop.com\/wp-content\/uploads\/2025\/12\/AGUA.jpeg?v=1764949348","width":1600,"height":1528},{"@type":"BreadcrumbList","@id":"https:\/\/iberoid-shop.com\/it\/product\/pack3-agua-bactereoestatica\/#breadcrumb","itemListElement":[{"@type":"ListItem","position":1,"name":"Portada","item":"https:\/\/iberoid.com\/"},{"@type":"ListItem","position":2,"name":"Negozio","item":"https:\/\/iberoid-shop.com\/it\/shop\/"},{"@type":"ListItem","position":3,"name":"PACK 3 AGUA BACTEREOESTATICA"}]},{"@type":"WebSite","@id":"https:\/\/iberoid.com\/#website","url":"https:\/\/iberoid.com\/","name":"Steroidi in linea","description":"Acquista steroidi online oggi in Spagna e Portogallo. Abbiamo il miglior servizio clienti del settore e prodotti di altissima qualit\u00e0","potentialAction":[{"@type":"SearchAction","target":{"@type":"EntryPoint","urlTemplate":"https:\/\/iberoid.com\/?s={search_term_string}"},"query-input":{"@type":"PropertyValueSpecification","valueRequired":true,"valueName":"search_term_string"}}],"inLanguage":"it-IT"}]},"product_brand":"AdamLabs","product_price_amount":"15.00","product_price_currency":"EUR","og_availability":"instock","product_availability":"instock","product_condition":"new"},"_links":{"self":[{"href":"https:\/\/iberoid-shop.com\/it\/wp-json\/wp\/v2\/product\/10450","targetHints":{"allow":["GET"]}}],"collection":[{"href":"https:\/\/iberoid-shop.com\/it\/wp-json\/wp\/v2\/product"}],"about":[{"href":"https:\/\/iberoid-shop.com\/it\/wp-json\/wp\/v2\/types\/product"}],"replies":[{"embeddable":true,"href":"https:\/\/iberoid-shop.com\/it\/wp-json\/wp\/v2\/comments?post=10450"}],"wp:featuredmedia":[{"embeddable":true,"href":"https:\/\/iberoid-shop.com\/it\/wp-json\/wp\/v2\/media\/10451"}],"wp:attachment":[{"href":"https:\/\/iberoid-shop.com\/it\/wp-json\/wp\/v2\/media?parent=10450"}],"wp:term":[{"taxonomy":"product_brand","embeddable":true,"href":"https:\/\/iberoid-shop.com\/it\/wp-json\/wp\/v2\/product_brand?post=10450"},{"taxonomy":"product_cat","embeddable":true,"href":"https:\/\/iberoid-shop.com\/it\/wp-json\/wp\/v2\/product_cat?post=10450"},{"taxonomy":"product_tag","embeddable":true,"href":"https:\/\/iberoid-shop.com\/it\/wp-json\/wp\/v2\/product_tag?post=10450"}],"curies":[{"name":"wp","href":"https:\/\/api.w.org\/{rel}","templated":true}]}}