{"id":10374,"date":"2025-10-12T11:36:09","date_gmt":"2025-10-12T11:36:09","guid":{"rendered":"https:\/\/iberoid-shop.com\/?post_type=product&#038;p=10374"},"modified":"2026-02-18T09:11:39","modified_gmt":"2026-02-18T09:11:39","slug":"susta-gen-sustanon","status":"publish","type":"product","link":"https:\/\/iberoid-shop.com\/it\/product\/susta-gen-sustanon\/","title":{"rendered":"SUSTA-GEN &#8211; SUSTANON"},"content":{"rendered":"<p><\/p>\n<p data-path-to-node=\"1\"><b>Acquista Sustanon per contribuire a costruire una massa muscolare impressionante e rendere i muscoli pi\u00f9 forti e duri. Ci\u00f2 che fa \u00e8 consentire un rilascio veloce ma scaglionato dell&#8217;ormone testosterone, che assicura che i benefici durino molto pi\u00f9 a lungo.<\/b><\/p>\n<p data-path-to-node=\"2\"><b>SUSTA-GEN<\/b> \u00e8 una miscela unica di testosterone composta da quattro diverse forme di estere di testosterone, che forniscono benefici duraturi per il bodybuilding e le prestazioni atletiche. \u00c8 uno degli steroidi anabolizzanti pi\u00f9 popolari sul mercato.<\/p>\n<h3 data-path-to-node=\"3\">Benefici del Sustanon<\/h3>\n<p data-path-to-node=\"4\">Esistono diversi tipi di composti di Sustanon, di cui <b>SUSTA-GEN<\/b> \u00e8 il pi\u00f9 popolare e ampiamente utilizzato dai bodybuilder in Europa e Nord America. I benefici del <b>SUSTA-GEN<\/b> sono dei seguenti tre tipi:<\/p>\n<ul data-path-to-node=\"5\">\n<li>\n<p data-path-to-node=\"5,0,0\"><b>Per la Costruzione Muscolare.<\/b> <b>SUSTA-GEN<\/b> \u00e8 ricco di calorie e fornisce guadagni muscolari impressionanti, ma senza grasso corporeo. \u00c8 carico di testosterone, che migliora il tuo tasso metabolico e ti aiuta ad aumentare la massa (bulk up) molto pi\u00f9 velocemente.<\/p>\n<\/li>\n<li>\n<p data-path-to-node=\"5,1,0\"><b>Per il Ciclo di Definizione (Cutting).<\/b> <b>SUSTA-GEN<\/b> ti aiuta a sviluppare massa muscolare magra. Ti aiuta a bruciare i grassi velocemente durante la fase di definizione, ma senza alcuna perdita di massa muscolare magra.<\/p>\n<\/li>\n<li>\n<p data-path-to-node=\"5,2,0\"><b>Migliora le Prestazioni Atletiche.<\/b> <b>SUSTA-GEN<\/b> costruisce massa muscolare magra, riduce il grasso corporeo e aumenta la resistenza muscolare. Innesca il rilascio rapido ma deliberato di testosterone, il che significa che i suoi effetti durano molto pi\u00f9 a lungo. Questo rende questo steroide anabolizzante un integratore ideale per migliorare le prestazioni atletiche.<\/p>\n<\/li>\n<\/ul>\n<h3 data-path-to-node=\"6\">Come Funziona il Sustanon?<\/h3>\n<p data-path-to-node=\"7\"><b>SUSTA-GEN<\/b> \u00e8 essenzialmente una miscela di quattro diversi esteri di testosterone. Quando inietti <b>SUSTA-GEN<\/b> nel tuo corpo, stai fondamentalmente iniettando l&#8217;ormone testosterone.<\/p>\n<p data-path-to-node=\"8\">Sustanon \u00e8 efficace perch\u00e9 contiene non solo gli esteri di testosterone a rilascio lento decanoato e isocaproato, ma anche gli esteri di testosterone a rilascio veloce propionato e fenilpropionato.<\/p>\n<p data-path-to-node=\"9\">Questo \u00e8 il motivo per cui sperimenterai un rilascio molto pi\u00f9 veloce di testosterone ogni volta che inietti questo steroide anabolizzante e l&#8217;effetto rimane per un periodo di tempo molto pi\u00f9 lungo.<\/p>\n<h3 data-path-to-node=\"10\">Stacking (Combinazione) con Sustanon<\/h3>\n<p data-path-to-node=\"11\"><b>SUSTA-GEN<\/b> \u00e8 simile al Testosterone Enantato in molti modi. Viene tipicamente utilizzato durante il ciclo di massa (bulking) quando il tuo obiettivo \u00e8 costruire una massa muscolare molto pi\u00f9 grande.<\/p>\n<p data-path-to-node=\"12\">Pu\u00f2 essere molto efficace se combinato con Dianabol e Anadrol durante la fase di massa, e con Anavar, Trenbolone, Winstrol, Masteron e Primobolan durante la fase di definizione (cutting).<\/p>\n<p data-path-to-node=\"13\"><b>SUSTA-GEN<\/b> si combina bene con una serie di steroidi anabolizzanti come Deca Durabolin o Nandrolone durante il ciclo fuori stagione.<\/p>\n<h3 data-path-to-node=\"14\">Come Assumere Sustanon?<\/h3>\n<p data-path-to-node=\"15\">Per gli uomini con livelli molto bassi di testosterone, si raccomanda una dose di 250 mg di <b>SUSTA-GEN<\/b> a settimana. Ma per quelli con livelli normali di testosterone, che vogliono sperimentare tutti i benefici per la costruzione muscolare del ciclo di steroidi, una dose di 500 mg a settimana \u00e8 considerata ottimale.<\/p>\n<p data-path-to-node=\"16\">I bodybuilder esperti optano per una dose pi\u00f9 alta di <b>SUSTA-GEN<\/b>, come tra 750 mg e 1.000 mg a settimana. Un dosaggio pi\u00f9 alto dovrebbe essere assunto solo se i risultati non sono all&#8217;altezza delle tue aspettative o sono diventati statici.<\/p>\n<p><\/p>","protected":false},"excerpt":{"rendered":"<p>Acquista Sustanon per contribuire a costruire una massa muscolare impressionante e rendere i muscoli pi\u00f9 forti e duri. Ci\u00f2 che<\/p>\n","protected":false},"featured_media":10375,"comment_status":"open","ping_status":"closed","template":"","meta":[],"product_brand":[3529,3530],"product_cat":[69],"product_tag":[],"class_list":{"0":"post-10374","1":"product","2":"type-product","3":"status-publish","4":"has-post-thumbnail","6":"product_brand-gd-gold-dragon-ltd","7":"product_brand-mp-pharm-muscle-pharm","8":"product_cat-esteroides_inyectables","10":"first","11":"instock","12":"shipping-taxable","13":"purchasable","14":"product-type-simple"},"yoast_head":"<!-- This site is optimized with the Yoast SEO Premium plugin v24.4 (Yoast SEO v27.0) - https:\/\/yoast.com\/product\/yoast-seo-premium-wordpress\/ -->\n<title>SUSTA-GEN - SUSTANON - Steroidi in linea<\/title>\n<meta name=\"description\" content=\"SUSTA-GEN \u00e8 una miscela di 4 esteri di testosterone che aumenta massa muscolare, forza e resistenza con effetti a lunga durata.\" \/>\n<meta name=\"robots\" content=\"index, follow, max-snippet:-1, max-image-preview:large, max-video-preview:-1\" \/>\n<link rel=\"canonical\" href=\"https:\/\/iberoid-shop.com\/it\/product\/susta-gen-sustanon\/\" \/>\n<meta property=\"og:locale\" content=\"it_IT\" \/>\n<meta property=\"og:type\" content=\"article\" \/>\n<meta property=\"og:title\" content=\"SUSTA-GEN - SUSTANON\" \/>\n<meta property=\"og:description\" content=\"SUSTA-GEN \u00e8 una miscela di 4 esteri di testosterone che aumenta massa muscolare, forza e resistenza con effetti a lunga durata.\" \/>\n<meta property=\"og:url\" content=\"https:\/\/iberoid-shop.com\/it\/product\/susta-gen-sustanon\/\" \/>\n<meta property=\"og:site_name\" content=\"Steroidi in linea\" \/>\n<meta property=\"article:modified_time\" content=\"2026-02-18T09:11:39+00:00\" \/>\n<meta property=\"og:image\" content=\"https:\/\/iberoid-shop.com\/wp-content\/uploads\/2025\/10\/SUSTAGEN.jpeg?v=1760268777\" \/>\n\t<meta property=\"og:image:width\" content=\"1080\" \/>\n\t<meta property=\"og:image:height\" content=\"1080\" \/>\n\t<meta property=\"og:image:type\" content=\"image\/jpeg\" \/>\n<meta name=\"twitter:card\" content=\"summary_large_image\" \/>\n<meta name=\"twitter:label1\" content=\"Prezzo\" \/>\n\t<meta name=\"twitter:data1\" content=\"&euro;30.00\" \/>\n\t<meta name=\"twitter:label2\" content=\"Disponibilit\u00e0\" \/>\n\t<meta name=\"twitter:data2\" content=\"In stock\" \/>\n<script type=\"application\/ld+json\" class=\"yoast-schema-graph\">{\"@context\":\"https:\/\/schema.org\",\"@graph\":[{\"@type\":\"WebPage\",\"@id\":\"https:\/\/iberoid-shop.com\/it\/product\/susta-gen-sustanon\/\",\"url\":\"https:\/\/iberoid-shop.com\/it\/product\/susta-gen-sustanon\/\",\"name\":\"SUSTA-GEN - SUSTANON - Steroidi in linea\",\"isPartOf\":{\"@id\":\"https:\/\/iberoid-shop.com\/it\/#website\"},\"primaryImageOfPage\":{\"@id\":\"https:\/\/iberoid-shop.com\/it\/product\/susta-gen-sustanon\/#primaryimage\"},\"image\":{\"@id\":\"https:\/\/iberoid-shop.com\/it\/product\/susta-gen-sustanon\/#primaryimage\"},\"thumbnailUrl\":\"https:\/\/iberoid-shop.com\/wp-content\/uploads\/2025\/10\/SUSTAGEN.jpeg?v=1760268777\",\"datePublished\":\"2025-10-12T11:36:09+00:00\",\"dateModified\":\"2026-02-18T09:11:39+00:00\",\"description\":\"SUSTA-GEN \u00e8 una miscela di 4 esteri di testosterone che aumenta massa muscolare, forza e resistenza con effetti a lunga durata.\",\"breadcrumb\":{\"@id\":\"https:\/\/iberoid-shop.com\/it\/product\/susta-gen-sustanon\/#breadcrumb\"},\"inLanguage\":\"it-IT\",\"potentialAction\":[{\"@type\":\"ReadAction\",\"target\":[[\"https:\/\/iberoid-shop.com\/it\/product\/susta-gen-sustanon\/\"]]}]},{\"@type\":\"ImageObject\",\"inLanguage\":\"it-IT\",\"@id\":\"https:\/\/iberoid-shop.com\/it\/product\/susta-gen-sustanon\/#primaryimage\",\"url\":\"https:\/\/iberoid-shop.com\/wp-content\/uploads\/2025\/10\/SUSTAGEN.jpeg?v=1760268777\",\"contentUrl\":\"https:\/\/iberoid-shop.com\/wp-content\/uploads\/2025\/10\/SUSTAGEN.jpeg?v=1760268777\",\"width\":1080,\"height\":1080},{\"@type\":\"BreadcrumbList\",\"@id\":\"https:\/\/iberoid-shop.com\/it\/product\/susta-gen-sustanon\/#breadcrumb\",\"itemListElement\":[{\"@type\":\"ListItem\",\"position\":1,\"name\":\"Portada\",\"item\":\"https:\/\/iberoid-shop.com\/it\/\"},{\"@type\":\"ListItem\",\"position\":2,\"name\":\"Negozio\",\"item\":\"https:\/\/iberoid-shop.com\/it\/shop\/\"},{\"@type\":\"ListItem\",\"position\":3,\"name\":\"SUSTA-GEN &#8211; SUSTANON\"}]},{\"@type\":\"WebSite\",\"@id\":\"https:\/\/iberoid-shop.com\/it\/#website\",\"url\":\"https:\/\/iberoid-shop.com\/it\/\",\"name\":\"Steroidi in linea\",\"description\":\"Acquista steroidi online oggi in Spagna e Portogallo. Abbiamo il miglior servizio clienti del settore e prodotti di altissima qualit\u00e0\",\"potentialAction\":[{\"@type\":\"SearchAction\",\"target\":{\"@type\":\"EntryPoint\",\"urlTemplate\":\"https:\/\/iberoid-shop.com\/it\/?s={search_term_string}\"},\"query-input\":{\"@type\":\"PropertyValueSpecification\",\"valueRequired\":true,\"valueName\":\"search_term_string\"}}],\"inLanguage\":\"it-IT\"}]}<\/script>\n<meta property=\"product:brand\" content=\"Golden Dragon\" \/>\n<meta property=\"product:price:amount\" content=\"30.00\" \/>\n<meta property=\"product:price:currency\" content=\"EUR\" \/>\n<meta property=\"og:availability\" content=\"instock\" \/>\n<meta property=\"product:availability\" content=\"instock\" \/>\n<meta property=\"product:condition\" content=\"new\" \/>\n<!-- \/ Yoast SEO Premium plugin. -->","yoast_head_json":{"title":"SUSTA-GEN - SUSTANON - Steroidi in linea","description":"SUSTA-GEN \u00e8 una miscela di 4 esteri di testosterone che aumenta massa muscolare, forza e resistenza con effetti a lunga durata.","robots":{"index":"index","follow":"follow","max-snippet":"max-snippet:-1","max-image-preview":"max-image-preview:large","max-video-preview":"max-video-preview:-1"},"canonical":"https:\/\/iberoid-shop.com\/it\/product\/susta-gen-sustanon\/","og_locale":"it_IT","og_type":"article","og_title":"SUSTA-GEN - SUSTANON","og_description":"SUSTA-GEN \u00e8 una miscela di 4 esteri di testosterone che aumenta massa muscolare, forza e resistenza con effetti a lunga durata.","og_url":"https:\/\/iberoid-shop.com\/it\/product\/susta-gen-sustanon\/","og_site_name":"Steroidi in linea","article_modified_time":"2026-02-18T09:11:39+00:00","og_image":[{"width":1080,"height":1080,"url":"https:\/\/iberoid-shop.com\/wp-content\/uploads\/2025\/10\/SUSTAGEN.jpeg?v=1760268777","type":"image\/jpeg"}],"twitter_card":"summary_large_image","twitter_misc":{"Prezzo":"&euro;30.00","Disponibilit\u00e0":"In stock"},"schema":{"@context":"https:\/\/schema.org","@graph":[{"@type":"WebPage","@id":"https:\/\/iberoid-shop.com\/it\/product\/susta-gen-sustanon\/","url":"https:\/\/iberoid-shop.com\/it\/product\/susta-gen-sustanon\/","name":"SUSTA-GEN - SUSTANON - Steroidi in linea","isPartOf":{"@id":"https:\/\/iberoid-shop.com\/it\/#website"},"primaryImageOfPage":{"@id":"https:\/\/iberoid-shop.com\/it\/product\/susta-gen-sustanon\/#primaryimage"},"image":{"@id":"https:\/\/iberoid-shop.com\/it\/product\/susta-gen-sustanon\/#primaryimage"},"thumbnailUrl":"https:\/\/iberoid-shop.com\/wp-content\/uploads\/2025\/10\/SUSTAGEN.jpeg?v=1760268777","datePublished":"2025-10-12T11:36:09+00:00","dateModified":"2026-02-18T09:11:39+00:00","description":"SUSTA-GEN \u00e8 una miscela di 4 esteri di testosterone che aumenta massa muscolare, forza e resistenza con effetti a lunga durata.","breadcrumb":{"@id":"https:\/\/iberoid-shop.com\/it\/product\/susta-gen-sustanon\/#breadcrumb"},"inLanguage":"it-IT","potentialAction":[{"@type":"ReadAction","target":[["https:\/\/iberoid-shop.com\/it\/product\/susta-gen-sustanon\/"]]}]},{"@type":"ImageObject","inLanguage":"it-IT","@id":"https:\/\/iberoid-shop.com\/it\/product\/susta-gen-sustanon\/#primaryimage","url":"https:\/\/iberoid-shop.com\/wp-content\/uploads\/2025\/10\/SUSTAGEN.jpeg?v=1760268777","contentUrl":"https:\/\/iberoid-shop.com\/wp-content\/uploads\/2025\/10\/SUSTAGEN.jpeg?v=1760268777","width":1080,"height":1080},{"@type":"BreadcrumbList","@id":"https:\/\/iberoid-shop.com\/it\/product\/susta-gen-sustanon\/#breadcrumb","itemListElement":[{"@type":"ListItem","position":1,"name":"Portada","item":"https:\/\/iberoid-shop.com\/it\/"},{"@type":"ListItem","position":2,"name":"Negozio","item":"https:\/\/iberoid-shop.com\/it\/shop\/"},{"@type":"ListItem","position":3,"name":"SUSTA-GEN &#8211; SUSTANON"}]},{"@type":"WebSite","@id":"https:\/\/iberoid-shop.com\/it\/#website","url":"https:\/\/iberoid-shop.com\/it\/","name":"Steroidi in linea","description":"Acquista steroidi online oggi in Spagna e Portogallo. Abbiamo il miglior servizio clienti del settore e prodotti di altissima qualit\u00e0","potentialAction":[{"@type":"SearchAction","target":{"@type":"EntryPoint","urlTemplate":"https:\/\/iberoid-shop.com\/it\/?s={search_term_string}"},"query-input":{"@type":"PropertyValueSpecification","valueRequired":true,"valueName":"search_term_string"}}],"inLanguage":"it-IT"}]},"product_brand":"Golden Dragon","product_price_amount":"30.00","product_price_currency":"EUR","og_availability":"instock","product_availability":"instock","product_condition":"new"},"_links":{"self":[{"href":"https:\/\/iberoid-shop.com\/it\/wp-json\/wp\/v2\/product\/10374","targetHints":{"allow":["GET"]}}],"collection":[{"href":"https:\/\/iberoid-shop.com\/it\/wp-json\/wp\/v2\/product"}],"about":[{"href":"https:\/\/iberoid-shop.com\/it\/wp-json\/wp\/v2\/types\/product"}],"replies":[{"embeddable":true,"href":"https:\/\/iberoid-shop.com\/it\/wp-json\/wp\/v2\/comments?post=10374"}],"wp:featuredmedia":[{"embeddable":true,"href":"https:\/\/iberoid-shop.com\/it\/wp-json\/wp\/v2\/media\/10375"}],"wp:attachment":[{"href":"https:\/\/iberoid-shop.com\/it\/wp-json\/wp\/v2\/media?parent=10374"}],"wp:term":[{"taxonomy":"product_brand","embeddable":true,"href":"https:\/\/iberoid-shop.com\/it\/wp-json\/wp\/v2\/product_brand?post=10374"},{"taxonomy":"product_cat","embeddable":true,"href":"https:\/\/iberoid-shop.com\/it\/wp-json\/wp\/v2\/product_cat?post=10374"},{"taxonomy":"product_tag","embeddable":true,"href":"https:\/\/iberoid-shop.com\/it\/wp-json\/wp\/v2\/product_tag?post=10374"}],"curies":[{"name":"wp","href":"https:\/\/api.w.org\/{rel}","templated":true}]}}