{"id":10371,"date":"2025-10-12T11:29:50","date_gmt":"2025-10-12T11:29:50","guid":{"rendered":"https:\/\/iberoid-shop.com\/?post_type=product&#038;p=10371"},"modified":"2026-03-23T23:52:25","modified_gmt":"2026-03-23T23:52:25","slug":"testo-gen-testosteron-enanthate","status":"publish","type":"product","link":"https:\/\/iberoid-shop.com\/it\/product\/testo-gen-testosteron-enanthate\/","title":{"rendered":"TESTO-GEN &#8211; testosteron enanthate"},"content":{"rendered":"<p><\/p>\n<h2 data-path-to-node=\"1\">Testosterone Enantato: Propriet\u00e0 e Benefici<\/h2>\n<p data-path-to-node=\"2\">Il testosterone enantato \u00e8 un estere concentrato complesso dell&#8217;ormone naturale, il che gli permette di essere assorbito dall&#8217;organismo in modo fisiologico normale. Selezionando correttamente un ciclo del farmaco, \u00e8 possibile evitare l&#8217;effetto di &#8220;sovrallenamento&#8221; (overtraining), a differenza di altri analoghi simili. Non solo esercita un impatto incredibilmente positivo sul processo di rigenerazione e rinnovamento delle cellule muscolari, ma contribuisce anche all&#8217;addensamento e all&#8217;aumento del volume delle fibre muscolari.<\/p>\n<p data-path-to-node=\"3\">Il testosterone enantato \u00e8 uno degli steroidi pi\u00f9 popolari e richiesti nel sollevamento pesi e nel bodybuilding. Ci sono diverse ragioni per questo, tra cui spiccano le reazioni collaterali minime, l&#8217;aggressivit\u00e0 praticamente nulla sulle cellule epatiche e il costo accettabile di questo farmaco.<\/p>\n<p data-path-to-node=\"4\">Dovrebbe essere anche indicata tutta una serie di effetti positivi che si notano dopo l&#8217;assunzione di Testosterone Enantato 250:<\/p>\n<ul data-path-to-node=\"5\">\n<li>\n<p data-path-to-node=\"5,0,0\">Massima riduzione della forza di tensione nei dischi intervertebrali;<\/p>\n<\/li>\n<li>\n<p data-path-to-node=\"5,1,0\">Aumento del tono generale di tutto l&#8217;organismo;<\/p>\n<\/li>\n<li>\n<p data-path-to-node=\"5,2,0\">Prevenzione di possibili dolori alle articolazioni;<\/p>\n<\/li>\n<li>\n<p data-path-to-node=\"5,3,0\">Rapida saturazione del sangue con ossigeno.<\/p>\n<\/li>\n<\/ul>\n<p data-path-to-node=\"6\">L&#8217;applicazione competente del testosterone enantato previene rapidamente qualsiasi manifestazione di stanchezza cronica, anche durante gli allenamenti pi\u00f9 prolungati e pesanti. Grazie a tutto ci\u00f2 che \u00e8 stato elencato, il farmaco riceve costantemente solo recensioni positive ed \u00e8 spesso raccomandato agli atleti principianti.<\/p>\n<p><\/p>","protected":false},"excerpt":{"rendered":"<p>Testosterone Enantato: Propriet\u00e0 e Benefici Il testosterone enantato \u00e8 un estere concentrato complesso dell&#8217;ormone naturale, il che gli permette di<\/p>\n","protected":false},"featured_media":10372,"comment_status":"open","ping_status":"closed","template":"","meta":[],"product_brand":[3527],"product_cat":[69,3533],"product_tag":[],"class_list":{"0":"post-10371","1":"product","2":"type-product","3":"status-publish","4":"has-post-thumbnail","6":"product_brand-gd-gold-dragon","7":"product_cat-esteroides_inyectables","8":"product_cat-sales-rebajas","10":"first","11":"instock","12":"sale","13":"shipping-taxable","14":"purchasable","15":"product-type-simple"},"yoast_head":"<!-- This site is optimized with the Yoast SEO Premium plugin v24.4 (Yoast SEO v27.0) - https:\/\/yoast.com\/product\/yoast-seo-premium-wordpress\/ -->\n<title>TESTO-GEN - testosteron enanthate - Steroidi in linea<\/title>\n<meta name=\"description\" content=\"Il Testosterone Enantato aumenta massa muscolare, recupero e salute articolare. Riduce la fatica e supporta allenamenti intensi con effetti minimi.\" \/>\n<meta name=\"robots\" content=\"index, follow, max-snippet:-1, max-image-preview:large, max-video-preview:-1\" \/>\n<link rel=\"canonical\" href=\"https:\/\/iberoid-shop.com\/it\/product\/testo-gen-testosteron-enanthate\/\" \/>\n<meta property=\"og:locale\" content=\"it_IT\" \/>\n<meta property=\"og:type\" content=\"article\" \/>\n<meta property=\"og:title\" content=\"TESTO-GEN - testosteron enanthate\" \/>\n<meta property=\"og:description\" content=\"Il Testosterone Enantato aumenta massa muscolare, recupero e salute articolare. Riduce la fatica e supporta allenamenti intensi con effetti minimi.\" \/>\n<meta property=\"og:url\" content=\"https:\/\/iberoid-shop.com\/it\/product\/testo-gen-testosteron-enanthate\/\" \/>\n<meta property=\"og:site_name\" content=\"Steroidi in linea\" \/>\n<meta property=\"article:modified_time\" content=\"2026-03-23T23:52:25+00:00\" \/>\n<meta property=\"og:image\" content=\"https:\/\/iberoid-shop.com\/wp-content\/uploads\/2025\/10\/TESTOGEN.jpeg?v=1760268556\" \/>\n\t<meta property=\"og:image:width\" content=\"1791\" \/>\n\t<meta property=\"og:image:height\" content=\"2048\" \/>\n\t<meta property=\"og:image:type\" content=\"image\/jpeg\" \/>\n<meta name=\"twitter:card\" content=\"summary_large_image\" \/>\n<meta name=\"twitter:label1\" content=\"Prezzo\" \/>\n\t<meta name=\"twitter:data1\" content=\"&euro;25.00\" \/>\n\t<meta name=\"twitter:label2\" content=\"Disponibilit\u00e0\" \/>\n\t<meta name=\"twitter:data2\" content=\"In stock\" \/>\n<script type=\"application\/ld+json\" class=\"yoast-schema-graph\">{\"@context\":\"https:\/\/schema.org\",\"@graph\":[{\"@type\":\"WebPage\",\"@id\":\"https:\/\/iberoid-shop.com\/it\/product\/testo-gen-testosteron-enanthate\/\",\"url\":\"https:\/\/iberoid-shop.com\/it\/product\/testo-gen-testosteron-enanthate\/\",\"name\":\"TESTO-GEN - testosteron enanthate - Steroidi in linea\",\"isPartOf\":{\"@id\":\"https:\/\/iberoid-shop.com\/it\/#website\"},\"primaryImageOfPage\":{\"@id\":\"https:\/\/iberoid-shop.com\/it\/product\/testo-gen-testosteron-enanthate\/#primaryimage\"},\"image\":{\"@id\":\"https:\/\/iberoid-shop.com\/it\/product\/testo-gen-testosteron-enanthate\/#primaryimage\"},\"thumbnailUrl\":\"https:\/\/iberoid-shop.com\/wp-content\/uploads\/2025\/10\/TESTOGEN.jpeg?v=1760268556\",\"datePublished\":\"2025-10-12T11:29:50+00:00\",\"dateModified\":\"2026-03-23T23:52:25+00:00\",\"description\":\"Il Testosterone Enantato aumenta massa muscolare, recupero e salute articolare. Riduce la fatica e supporta allenamenti intensi con effetti minimi.\",\"breadcrumb\":{\"@id\":\"https:\/\/iberoid-shop.com\/it\/product\/testo-gen-testosteron-enanthate\/#breadcrumb\"},\"inLanguage\":\"it-IT\",\"potentialAction\":[{\"@type\":\"ReadAction\",\"target\":[[\"https:\/\/iberoid-shop.com\/it\/product\/testo-gen-testosteron-enanthate\/\"]]}]},{\"@type\":\"ImageObject\",\"inLanguage\":\"it-IT\",\"@id\":\"https:\/\/iberoid-shop.com\/it\/product\/testo-gen-testosteron-enanthate\/#primaryimage\",\"url\":\"https:\/\/iberoid-shop.com\/wp-content\/uploads\/2025\/10\/TESTOGEN.jpeg?v=1760268556\",\"contentUrl\":\"https:\/\/iberoid-shop.com\/wp-content\/uploads\/2025\/10\/TESTOGEN.jpeg?v=1760268556\",\"width\":1791,\"height\":2048},{\"@type\":\"BreadcrumbList\",\"@id\":\"https:\/\/iberoid-shop.com\/it\/product\/testo-gen-testosteron-enanthate\/#breadcrumb\",\"itemListElement\":[{\"@type\":\"ListItem\",\"position\":1,\"name\":\"Portada\",\"item\":\"https:\/\/iberoid-shop.com\/it\/\"},{\"@type\":\"ListItem\",\"position\":2,\"name\":\"Negozio\",\"item\":\"https:\/\/iberoid-shop.com\/it\/shop\/\"},{\"@type\":\"ListItem\",\"position\":3,\"name\":\"TESTO-GEN &#8211; testosteron enanthate\"}]},{\"@type\":\"WebSite\",\"@id\":\"https:\/\/iberoid-shop.com\/it\/#website\",\"url\":\"https:\/\/iberoid-shop.com\/it\/\",\"name\":\"Steroidi in linea\",\"description\":\"Acquista steroidi online oggi in Spagna e Portogallo. Abbiamo il miglior servizio clienti del settore e prodotti di altissima qualit\u00e0\",\"potentialAction\":[{\"@type\":\"SearchAction\",\"target\":{\"@type\":\"EntryPoint\",\"urlTemplate\":\"https:\/\/iberoid-shop.com\/it\/?s={search_term_string}\"},\"query-input\":{\"@type\":\"PropertyValueSpecification\",\"valueRequired\":true,\"valueName\":\"search_term_string\"}}],\"inLanguage\":\"it-IT\"}]}<\/script>\n<meta property=\"product:brand\" content=\"Golden Dragon\" \/>\n<meta property=\"product:price:amount\" content=\"25.00\" \/>\n<meta property=\"product:price:currency\" content=\"EUR\" \/>\n<meta property=\"og:availability\" content=\"instock\" \/>\n<meta property=\"product:availability\" content=\"instock\" \/>\n<meta property=\"product:condition\" content=\"new\" \/>\n<!-- \/ Yoast SEO Premium plugin. -->","yoast_head_json":{"title":"TESTO-GEN - testosteron enanthate - Steroidi in linea","description":"Il Testosterone Enantato aumenta massa muscolare, recupero e salute articolare. Riduce la fatica e supporta allenamenti intensi con effetti minimi.","robots":{"index":"index","follow":"follow","max-snippet":"max-snippet:-1","max-image-preview":"max-image-preview:large","max-video-preview":"max-video-preview:-1"},"canonical":"https:\/\/iberoid-shop.com\/it\/product\/testo-gen-testosteron-enanthate\/","og_locale":"it_IT","og_type":"article","og_title":"TESTO-GEN - testosteron enanthate","og_description":"Il Testosterone Enantato aumenta massa muscolare, recupero e salute articolare. Riduce la fatica e supporta allenamenti intensi con effetti minimi.","og_url":"https:\/\/iberoid-shop.com\/it\/product\/testo-gen-testosteron-enanthate\/","og_site_name":"Steroidi in linea","article_modified_time":"2026-03-23T23:52:25+00:00","og_image":[{"width":1791,"height":2048,"url":"https:\/\/iberoid-shop.com\/wp-content\/uploads\/2025\/10\/TESTOGEN.jpeg?v=1760268556","type":"image\/jpeg"}],"twitter_card":"summary_large_image","twitter_misc":{"Prezzo":"&euro;25.00","Disponibilit\u00e0":"In stock"},"schema":{"@context":"https:\/\/schema.org","@graph":[{"@type":"WebPage","@id":"https:\/\/iberoid-shop.com\/it\/product\/testo-gen-testosteron-enanthate\/","url":"https:\/\/iberoid-shop.com\/it\/product\/testo-gen-testosteron-enanthate\/","name":"TESTO-GEN - testosteron enanthate - Steroidi in linea","isPartOf":{"@id":"https:\/\/iberoid-shop.com\/it\/#website"},"primaryImageOfPage":{"@id":"https:\/\/iberoid-shop.com\/it\/product\/testo-gen-testosteron-enanthate\/#primaryimage"},"image":{"@id":"https:\/\/iberoid-shop.com\/it\/product\/testo-gen-testosteron-enanthate\/#primaryimage"},"thumbnailUrl":"https:\/\/iberoid-shop.com\/wp-content\/uploads\/2025\/10\/TESTOGEN.jpeg?v=1760268556","datePublished":"2025-10-12T11:29:50+00:00","dateModified":"2026-03-23T23:52:25+00:00","description":"Il Testosterone Enantato aumenta massa muscolare, recupero e salute articolare. Riduce la fatica e supporta allenamenti intensi con effetti minimi.","breadcrumb":{"@id":"https:\/\/iberoid-shop.com\/it\/product\/testo-gen-testosteron-enanthate\/#breadcrumb"},"inLanguage":"it-IT","potentialAction":[{"@type":"ReadAction","target":[["https:\/\/iberoid-shop.com\/it\/product\/testo-gen-testosteron-enanthate\/"]]}]},{"@type":"ImageObject","inLanguage":"it-IT","@id":"https:\/\/iberoid-shop.com\/it\/product\/testo-gen-testosteron-enanthate\/#primaryimage","url":"https:\/\/iberoid-shop.com\/wp-content\/uploads\/2025\/10\/TESTOGEN.jpeg?v=1760268556","contentUrl":"https:\/\/iberoid-shop.com\/wp-content\/uploads\/2025\/10\/TESTOGEN.jpeg?v=1760268556","width":1791,"height":2048},{"@type":"BreadcrumbList","@id":"https:\/\/iberoid-shop.com\/it\/product\/testo-gen-testosteron-enanthate\/#breadcrumb","itemListElement":[{"@type":"ListItem","position":1,"name":"Portada","item":"https:\/\/iberoid-shop.com\/it\/"},{"@type":"ListItem","position":2,"name":"Negozio","item":"https:\/\/iberoid-shop.com\/it\/shop\/"},{"@type":"ListItem","position":3,"name":"TESTO-GEN &#8211; testosteron enanthate"}]},{"@type":"WebSite","@id":"https:\/\/iberoid-shop.com\/it\/#website","url":"https:\/\/iberoid-shop.com\/it\/","name":"Steroidi in linea","description":"Acquista steroidi online oggi in Spagna e Portogallo. Abbiamo il miglior servizio clienti del settore e prodotti di altissima qualit\u00e0","potentialAction":[{"@type":"SearchAction","target":{"@type":"EntryPoint","urlTemplate":"https:\/\/iberoid-shop.com\/it\/?s={search_term_string}"},"query-input":{"@type":"PropertyValueSpecification","valueRequired":true,"valueName":"search_term_string"}}],"inLanguage":"it-IT"}]},"product_brand":"Golden Dragon","product_price_amount":"25.00","product_price_currency":"EUR","og_availability":"instock","product_availability":"instock","product_condition":"new"},"_links":{"self":[{"href":"https:\/\/iberoid-shop.com\/it\/wp-json\/wp\/v2\/product\/10371","targetHints":{"allow":["GET"]}}],"collection":[{"href":"https:\/\/iberoid-shop.com\/it\/wp-json\/wp\/v2\/product"}],"about":[{"href":"https:\/\/iberoid-shop.com\/it\/wp-json\/wp\/v2\/types\/product"}],"replies":[{"embeddable":true,"href":"https:\/\/iberoid-shop.com\/it\/wp-json\/wp\/v2\/comments?post=10371"}],"wp:featuredmedia":[{"embeddable":true,"href":"https:\/\/iberoid-shop.com\/it\/wp-json\/wp\/v2\/media\/10372"}],"wp:attachment":[{"href":"https:\/\/iberoid-shop.com\/it\/wp-json\/wp\/v2\/media?parent=10371"}],"wp:term":[{"taxonomy":"product_brand","embeddable":true,"href":"https:\/\/iberoid-shop.com\/it\/wp-json\/wp\/v2\/product_brand?post=10371"},{"taxonomy":"product_cat","embeddable":true,"href":"https:\/\/iberoid-shop.com\/it\/wp-json\/wp\/v2\/product_cat?post=10371"},{"taxonomy":"product_tag","embeddable":true,"href":"https:\/\/iberoid-shop.com\/it\/wp-json\/wp\/v2\/product_tag?post=10371"}],"curies":[{"name":"wp","href":"https:\/\/api.w.org\/{rel}","templated":true}]}}