{"id":10368,"date":"2025-10-12T11:01:37","date_gmt":"2025-10-12T11:01:37","guid":{"rendered":"https:\/\/iberoid-shop.com\/?post_type=product&#038;p=10368"},"modified":"2026-04-05T02:33:56","modified_gmt":"2026-04-05T02:33:56","slug":"pack3-masteron-masto-gen-g-dragonltd","status":"publish","type":"product","link":"https:\/\/iberoid-shop.com\/it\/product\/pack3-masteron-masto-gen-g-dragonltd\/","title":{"rendered":"PACK3 MASTERON \/ MASTO-GEN"},"content":{"rendered":"<p><\/p>\n<h2>Che cos&#8217;\u00e8 il Masteron?<\/h2>\n<p data-path-to-node=\"2\">Compra Masteron. Viene utilizzato nel trattamento del cancro al seno, ma l&#8217;uso pi\u00f9 comune del Masteron \u00e8 come <b>steroide da taglio (definizione)<\/b> nel bodybuilding. \u00c8 popolare tra i bodybuilder perch\u00e9 li aiuta a <b>raggiungere la definizione muscolare<\/b> (&#8220;get ripped&#8221;) e non porta a effetti collaterali come la <b>ritenzione idrica<\/b>.<\/p>\n<h3>Propriet\u00e0 Anti-Estrogeniche<\/h3>\n<p data-path-to-node=\"4\">A livello funzionale, il Masteron \u00e8 noto per essere uno dei pochi <b>steroidi anabolizzanti con forti propriet\u00e0 anti-estrogeniche<\/b>. Non solo questo steroide non ha attivit\u00e0 estrogenica, ma pu\u00f2 effettivamente agire come un <b>anti-estrogeno<\/b> nel corpo. Questo \u00e8 il motivo per cui \u00e8 stato efficace nel trattamento del cancro al seno.<\/p>\n<p data-path-to-node=\"5\">Infatti, la combinazione di Masteron e Nolvadex (Tamoxifene Citrato) si \u00e8 dimostrata <b>molto pi\u00f9 efficace della chemioterapia<\/b> nel trattamento del cancro al seno inoperabile nelle donne in post-menopausa. Questo lo rende anche uno steroide popolare tra i bodybuilder, poich\u00e9 potrebbe di fatto <b>eliminare la necessit\u00e0 di un anti-estrogeno<\/b> quando utilizzato nel ciclo giusto. Ci\u00f2 si riveler\u00e0 vantaggioso anche durante la <b>fase di taglio<\/b> grazie agli <b>effetti di indurimento<\/b> che pu\u00f2 fornire.<\/p>\n<h3>Effetti Anabolici e Forza<\/h3>\n<p data-path-to-node=\"7\">Come anabolizzante, il Masteron non \u00e8 noto per promuovere grandi guadagni di massa muscolare magra. Non \u00e8 mai stato utilizzato per il deperimento muscolare in senso terapeutico e si trover\u00e0 quasi sempre nei <b>piani di definizione<\/b> degli atleti. Pu\u00f2, tuttavia, promuovere <b>significativi aumenti di forza<\/b>, che potrebbero rivelarsi utili per un atleta che non cerca necessariamente massa pura.<\/p>\n<p data-path-to-node=\"8\"><b>Si prega di notare che il nostro Masteron \u00e8 un Enantato (Enanthate)<\/b><\/p>\n<hr data-path-to-node=\"9\" \/>\n<h2>Perch\u00e9 Comprare Masteron? (Benefici Chiave)<\/h2>\n<p data-path-to-node=\"11\"><b>1. Preservazione Muscolare:<\/b> Il Masteron \u00e8 assunto dai bodybuilder per <b>preservare la massa muscolare magra<\/b> durante la fase di taglio. Assicura di non perdere forza durante la fase di definizione.<\/p>\n<p data-path-to-node=\"12\"><b>2. Prestazioni Atletiche:<\/b> \u00c8 utilizzato da atleti professionisti, inclusi velocisti e maratoneti, poich\u00e9 <b>migliora le prestazioni atletiche<\/b> e consente loro di preservare la massa muscolare <b>evitando qualsiasi aumento di peso<\/b>.<\/p>\n<p data-path-to-node=\"13\"><b>3. Effetto Asciutto (Nessuna Ritenzione Idrica):<\/b> Il Masteron \u00e8 uno degli steroidi pi\u00f9 blandi. Ha solo un <b>lieve effetto diuretico<\/b> sul corpo e <b>non provoca ritenzione idrica<\/b>. Aiuta a definirsi in fretta.<\/p>\n<p data-path-to-node=\"14\"><b>4. Densit\u00e0 e Vascolarizzazione:<\/b> Il Masteron <b>aumenta la densit\u00e0 muscolare e la vascolarizzazione<\/b>. Preserva la durezza dei muscoli, anche mentre brucia i grassi allo stesso tempo.<\/p>\n<p data-path-to-node=\"15\"><b>5. Riduzione del Grasso:<\/b> Un ciclo di steroidi di 6-8 settimane comprendente Masteron pu\u00f2 <b>ridurre il grasso corporeo dal 7% al 10%<\/b>.<\/p>\n<p data-path-to-node=\"16\"><b>6. Miglioramento dell&#8217;Allenamento:<\/b> \u00c8 assunto dai bodybuilder perch\u00e9 li aiuta a <b>sollevare pi\u00f9 peso, allenarsi pi\u00f9 duramente e pi\u00f9 a lungo<\/b>.<\/p>\n<p data-path-to-node=\"17\"><b>7. Anticatabolico:<\/b> Il Masteron <b>sopprime il catabolismo<\/b>; in modo da poter perdere peso senza perdere la propria massa muscolare.<\/p>\n<hr data-path-to-node=\"18\" \/>\n<h2>Come Funziona il Masteron?<\/h2>\n<p data-path-to-node=\"20\">Esistono due tipi di Masteron: <b>Drostanolone Propionato<\/b> e <b>Drostanolone Enantato<\/b>. Il Drostanolone Propionato \u00e8 una versione ad <b>azione rapida<\/b> del farmaco, il che significa che deve essere iniettato ogni giorno. Il Drostanolone Enantato agisce <b>pi\u00f9 lentamente<\/b> e deve essere iniettato solo due volte a settimana.<\/p>\n<p data-path-to-node=\"21\">Uno dei maggiori vantaggi del Masteron \u00e8 che offre un <b>fisico pi\u00f9 magro, duro e forte<\/b>. S\u00ec, l&#8217;assunzione di questo steroide porter\u00e0 alla perdita di grasso, ma non accadr\u00e0 magicamente. Il Masteron funziona meglio quando <b>si \u00e8 gi\u00e0 magri<\/b> e si ha un moderato livello di grasso corporeo.<\/p>\n<p data-path-to-node=\"22\">Aiuta nello sforzo finale per eliminare l&#8217;ultimo grasso corporeo rimasto il prima possibile. Fornisce gli <b>addominali ad alta definizione<\/b> e il fisico duro che hai sempre desiderato, eliminando dal 6% all&#8217;8% di grasso corporeo.<\/p>\n<p data-path-to-node=\"23\">Il Masteron <b>non aromatizza<\/b> (non si converte in estrogeni) come alcuni altri steroidi. Ha un forte <b>effetto anti-aromatasi<\/b> che assicura che non ci sia accumulo di estrogeni. Rende il fisico pi\u00f9 duro anche se assunto in &#8220;off-season&#8221; (fuori stagione).<\/p>\n<hr data-path-to-node=\"24\" \/>\n<h2>Come Assumere il Masteron? (Dosaggio)<\/h2>\n<p data-path-to-node=\"26\">Il Masteron pu\u00f2 essere assunto sotto forma di <b>iniezioni<\/b>.<\/p>\n<h3>Dosaggio per Uomini<\/h3>\n<p data-path-to-node=\"28\">Il dosaggio standard di Masteron per atleti e bodybuilder maschi \u00e8 compreso <b>tra 300 e 400 mg a settimana<\/b>, per un ciclo di steroidi da 6 a 8 settimane.<\/p>\n<h3>Dosaggio per Donne<\/h3>\n<p data-path-to-node=\"30\">Il dosaggio standard di Masteron per atlete femmine \u00e8 di <b>50 mg a settimana<\/b>, per un totale di 4-6 settimane.<\/p>\n<h2>Combinare il Masteron (Stacking)<\/h2>\n<p data-path-to-node=\"33\">Il Masteron pu\u00f2 essere combinato (&#8220;stack&#8221;) con altri steroidi come <b>Testosterone Propionato<\/b>, <b>Trenbolone Acetato<\/b>, <b>Winstrol<\/b> ed <b>Efedrina<\/b> per risultati migliori.<\/p>\n<p><\/p>","protected":false},"excerpt":{"rendered":"<p>Che cos&#8217;\u00e8 il Masteron? Compra Masteron. Viene utilizzato nel trattamento del cancro al seno, ma l&#8217;uso pi\u00f9 comune del Masteron<\/p>\n","protected":false},"featured_media":10369,"comment_status":"open","ping_status":"closed","template":"","meta":[],"product_brand":[3527],"product_cat":[3474,3533],"product_tag":[],"class_list":{"0":"post-10368","1":"product","2":"type-product","3":"status-publish","4":"has-post-thumbnail","6":"product_brand-gd-gold-dragon","7":"product_cat-packs","8":"product_cat-sales-rebajas","10":"first","11":"instock","12":"sale","13":"shipping-taxable","14":"purchasable","15":"product-type-simple"},"yoast_head":"<!-- This site is optimized with the Yoast SEO Premium plugin v24.4 (Yoast SEO v27.0) - https:\/\/yoast.com\/product\/yoast-seo-premium-wordpress\/ -->\n<title>PACK3 MASTERON \/ MASTO-GEN - Steroidi in linea<\/title>\n<meta name=\"description\" content=\"Masteron Enantato \u00e8 un potente steroide per la definizione che migliora durezza muscolare, forza e vascolarizzazione con effetti antiestrogenici.\" \/>\n<meta name=\"robots\" content=\"index, follow, max-snippet:-1, max-image-preview:large, max-video-preview:-1\" \/>\n<link rel=\"canonical\" href=\"https:\/\/iberoid-shop.com\/it\/product\/pack3-masteron-masto-gen-g-dragonltd\/\" \/>\n<meta property=\"og:locale\" content=\"it_IT\" \/>\n<meta property=\"og:type\" content=\"article\" \/>\n<meta property=\"og:title\" content=\"PACK3 MASTERON \/ MASTO-GEN\" \/>\n<meta property=\"og:description\" content=\"Masteron Enantato \u00e8 un potente steroide per la definizione che migliora durezza muscolare, forza e vascolarizzazione con effetti antiestrogenici.\" \/>\n<meta property=\"og:url\" content=\"https:\/\/iberoid-shop.com\/it\/product\/pack3-masteron-masto-gen-g-dragonltd\/\" \/>\n<meta property=\"og:site_name\" content=\"Steroidi in linea\" \/>\n<meta property=\"article:modified_time\" content=\"2026-04-05T02:33:56+00:00\" \/>\n<meta property=\"og:image\" content=\"https:\/\/iberoid-shop.com\/wp-content\/uploads\/2025\/10\/3MASTOGEN.jpg?v=1760266861\" \/>\n\t<meta property=\"og:image:width\" content=\"1600\" \/>\n\t<meta property=\"og:image:height\" content=\"1231\" \/>\n\t<meta property=\"og:image:type\" content=\"image\/jpeg\" \/>\n<meta name=\"twitter:card\" content=\"summary_large_image\" \/>\n<meta name=\"twitter:label1\" content=\"Prezzo\" \/>\n\t<meta name=\"twitter:data1\" content=\"&euro;80.00\" \/>\n\t<meta name=\"twitter:label2\" content=\"Disponibilit\u00e0\" \/>\n\t<meta name=\"twitter:data2\" content=\"In stock\" \/>\n<script type=\"application\/ld+json\" class=\"yoast-schema-graph\">{\"@context\":\"https:\/\/schema.org\",\"@graph\":[{\"@type\":\"WebPage\",\"@id\":\"https:\/\/iberoid-shop.com\/it\/product\/pack3-masteron-masto-gen-g-dragonltd\/\",\"url\":\"https:\/\/iberoid-shop.com\/it\/product\/pack3-masteron-masto-gen-g-dragonltd\/\",\"name\":\"PACK3 MASTERON \/ MASTO-GEN - Steroidi in linea\",\"isPartOf\":{\"@id\":\"https:\/\/iberoid-shop.com\/it\/#website\"},\"primaryImageOfPage\":{\"@id\":\"https:\/\/iberoid-shop.com\/it\/product\/pack3-masteron-masto-gen-g-dragonltd\/#primaryimage\"},\"image\":{\"@id\":\"https:\/\/iberoid-shop.com\/it\/product\/pack3-masteron-masto-gen-g-dragonltd\/#primaryimage\"},\"thumbnailUrl\":\"https:\/\/iberoid-shop.com\/wp-content\/uploads\/2025\/10\/3MASTOGEN.jpg?v=1760266861\",\"datePublished\":\"2025-10-12T11:01:37+00:00\",\"dateModified\":\"2026-04-05T02:33:56+00:00\",\"description\":\"Masteron Enantato \u00e8 un potente steroide per la definizione che migliora durezza muscolare, forza e vascolarizzazione con effetti antiestrogenici.\",\"breadcrumb\":{\"@id\":\"https:\/\/iberoid-shop.com\/it\/product\/pack3-masteron-masto-gen-g-dragonltd\/#breadcrumb\"},\"inLanguage\":\"it-IT\",\"potentialAction\":[{\"@type\":\"ReadAction\",\"target\":[[\"https:\/\/iberoid-shop.com\/it\/product\/pack3-masteron-masto-gen-g-dragonltd\/\"]]}]},{\"@type\":\"ImageObject\",\"inLanguage\":\"it-IT\",\"@id\":\"https:\/\/iberoid-shop.com\/it\/product\/pack3-masteron-masto-gen-g-dragonltd\/#primaryimage\",\"url\":\"https:\/\/iberoid-shop.com\/wp-content\/uploads\/2025\/10\/3MASTOGEN.jpg?v=1760266861\",\"contentUrl\":\"https:\/\/iberoid-shop.com\/wp-content\/uploads\/2025\/10\/3MASTOGEN.jpg?v=1760266861\",\"width\":1600,\"height\":1231},{\"@type\":\"BreadcrumbList\",\"@id\":\"https:\/\/iberoid-shop.com\/it\/product\/pack3-masteron-masto-gen-g-dragonltd\/#breadcrumb\",\"itemListElement\":[{\"@type\":\"ListItem\",\"position\":1,\"name\":\"Portada\",\"item\":\"https:\/\/iberoid-shop.com\/it\/\"},{\"@type\":\"ListItem\",\"position\":2,\"name\":\"Negozio\",\"item\":\"https:\/\/iberoid-shop.com\/it\/shop\/\"},{\"@type\":\"ListItem\",\"position\":3,\"name\":\"PACK3 MASTERON \/ MASTO-GEN\"}]},{\"@type\":\"WebSite\",\"@id\":\"https:\/\/iberoid-shop.com\/it\/#website\",\"url\":\"https:\/\/iberoid-shop.com\/it\/\",\"name\":\"Steroidi in linea\",\"description\":\"Acquista steroidi online oggi in Spagna e Portogallo. Abbiamo il miglior servizio clienti del settore e prodotti di altissima qualit\u00e0\",\"potentialAction\":[{\"@type\":\"SearchAction\",\"target\":{\"@type\":\"EntryPoint\",\"urlTemplate\":\"https:\/\/iberoid-shop.com\/it\/?s={search_term_string}\"},\"query-input\":{\"@type\":\"PropertyValueSpecification\",\"valueRequired\":true,\"valueName\":\"search_term_string\"}}],\"inLanguage\":\"it-IT\"}]}<\/script>\n<meta property=\"product:brand\" content=\"Golden Dragon\" \/>\n<meta property=\"product:price:amount\" content=\"80.00\" \/>\n<meta property=\"product:price:currency\" content=\"EUR\" \/>\n<meta property=\"og:availability\" content=\"instock\" \/>\n<meta property=\"product:availability\" content=\"instock\" \/>\n<meta property=\"product:condition\" content=\"new\" \/>\n<!-- \/ Yoast SEO Premium plugin. -->","yoast_head_json":{"title":"PACK3 MASTERON \/ MASTO-GEN - Steroidi in linea","description":"Masteron Enantato \u00e8 un potente steroide per la definizione che migliora durezza muscolare, forza e vascolarizzazione con effetti antiestrogenici.","robots":{"index":"index","follow":"follow","max-snippet":"max-snippet:-1","max-image-preview":"max-image-preview:large","max-video-preview":"max-video-preview:-1"},"canonical":"https:\/\/iberoid-shop.com\/it\/product\/pack3-masteron-masto-gen-g-dragonltd\/","og_locale":"it_IT","og_type":"article","og_title":"PACK3 MASTERON \/ MASTO-GEN","og_description":"Masteron Enantato \u00e8 un potente steroide per la definizione che migliora durezza muscolare, forza e vascolarizzazione con effetti antiestrogenici.","og_url":"https:\/\/iberoid-shop.com\/it\/product\/pack3-masteron-masto-gen-g-dragonltd\/","og_site_name":"Steroidi in linea","article_modified_time":"2026-04-05T02:33:56+00:00","og_image":[{"width":1600,"height":1231,"url":"https:\/\/iberoid-shop.com\/wp-content\/uploads\/2025\/10\/3MASTOGEN.jpg?v=1760266861","type":"image\/jpeg"}],"twitter_card":"summary_large_image","twitter_misc":{"Prezzo":"&euro;80.00","Disponibilit\u00e0":"In stock"},"schema":{"@context":"https:\/\/schema.org","@graph":[{"@type":"WebPage","@id":"https:\/\/iberoid-shop.com\/it\/product\/pack3-masteron-masto-gen-g-dragonltd\/","url":"https:\/\/iberoid-shop.com\/it\/product\/pack3-masteron-masto-gen-g-dragonltd\/","name":"PACK3 MASTERON \/ MASTO-GEN - Steroidi in linea","isPartOf":{"@id":"https:\/\/iberoid-shop.com\/it\/#website"},"primaryImageOfPage":{"@id":"https:\/\/iberoid-shop.com\/it\/product\/pack3-masteron-masto-gen-g-dragonltd\/#primaryimage"},"image":{"@id":"https:\/\/iberoid-shop.com\/it\/product\/pack3-masteron-masto-gen-g-dragonltd\/#primaryimage"},"thumbnailUrl":"https:\/\/iberoid-shop.com\/wp-content\/uploads\/2025\/10\/3MASTOGEN.jpg?v=1760266861","datePublished":"2025-10-12T11:01:37+00:00","dateModified":"2026-04-05T02:33:56+00:00","description":"Masteron Enantato \u00e8 un potente steroide per la definizione che migliora durezza muscolare, forza e vascolarizzazione con effetti antiestrogenici.","breadcrumb":{"@id":"https:\/\/iberoid-shop.com\/it\/product\/pack3-masteron-masto-gen-g-dragonltd\/#breadcrumb"},"inLanguage":"it-IT","potentialAction":[{"@type":"ReadAction","target":[["https:\/\/iberoid-shop.com\/it\/product\/pack3-masteron-masto-gen-g-dragonltd\/"]]}]},{"@type":"ImageObject","inLanguage":"it-IT","@id":"https:\/\/iberoid-shop.com\/it\/product\/pack3-masteron-masto-gen-g-dragonltd\/#primaryimage","url":"https:\/\/iberoid-shop.com\/wp-content\/uploads\/2025\/10\/3MASTOGEN.jpg?v=1760266861","contentUrl":"https:\/\/iberoid-shop.com\/wp-content\/uploads\/2025\/10\/3MASTOGEN.jpg?v=1760266861","width":1600,"height":1231},{"@type":"BreadcrumbList","@id":"https:\/\/iberoid-shop.com\/it\/product\/pack3-masteron-masto-gen-g-dragonltd\/#breadcrumb","itemListElement":[{"@type":"ListItem","position":1,"name":"Portada","item":"https:\/\/iberoid-shop.com\/it\/"},{"@type":"ListItem","position":2,"name":"Negozio","item":"https:\/\/iberoid-shop.com\/it\/shop\/"},{"@type":"ListItem","position":3,"name":"PACK3 MASTERON \/ MASTO-GEN"}]},{"@type":"WebSite","@id":"https:\/\/iberoid-shop.com\/it\/#website","url":"https:\/\/iberoid-shop.com\/it\/","name":"Steroidi in linea","description":"Acquista steroidi online oggi in Spagna e Portogallo. Abbiamo il miglior servizio clienti del settore e prodotti di altissima qualit\u00e0","potentialAction":[{"@type":"SearchAction","target":{"@type":"EntryPoint","urlTemplate":"https:\/\/iberoid-shop.com\/it\/?s={search_term_string}"},"query-input":{"@type":"PropertyValueSpecification","valueRequired":true,"valueName":"search_term_string"}}],"inLanguage":"it-IT"}]},"product_brand":"Golden Dragon","product_price_amount":"80.00","product_price_currency":"EUR","og_availability":"instock","product_availability":"instock","product_condition":"new"},"_links":{"self":[{"href":"https:\/\/iberoid-shop.com\/it\/wp-json\/wp\/v2\/product\/10368","targetHints":{"allow":["GET"]}}],"collection":[{"href":"https:\/\/iberoid-shop.com\/it\/wp-json\/wp\/v2\/product"}],"about":[{"href":"https:\/\/iberoid-shop.com\/it\/wp-json\/wp\/v2\/types\/product"}],"replies":[{"embeddable":true,"href":"https:\/\/iberoid-shop.com\/it\/wp-json\/wp\/v2\/comments?post=10368"}],"wp:featuredmedia":[{"embeddable":true,"href":"https:\/\/iberoid-shop.com\/it\/wp-json\/wp\/v2\/media\/10369"}],"wp:attachment":[{"href":"https:\/\/iberoid-shop.com\/it\/wp-json\/wp\/v2\/media?parent=10368"}],"wp:term":[{"taxonomy":"product_brand","embeddable":true,"href":"https:\/\/iberoid-shop.com\/it\/wp-json\/wp\/v2\/product_brand?post=10368"},{"taxonomy":"product_cat","embeddable":true,"href":"https:\/\/iberoid-shop.com\/it\/wp-json\/wp\/v2\/product_cat?post=10368"},{"taxonomy":"product_tag","embeddable":true,"href":"https:\/\/iberoid-shop.com\/it\/wp-json\/wp\/v2\/product_tag?post=10368"}],"curies":[{"name":"wp","href":"https:\/\/api.w.org\/{rel}","templated":true}]}}