{"id":10284,"date":"2025-08-14T07:51:09","date_gmt":"2025-08-14T07:51:09","guid":{"rendered":"https:\/\/iberoid-shop.com\/?post_type=product&#038;p=10284"},"modified":"2026-02-02T16:39:43","modified_gmt":"2026-02-02T16:39:43","slug":"pack2-pboll-primo-tabs-methenolone-acetate","status":"publish","type":"product","link":"https:\/\/iberoid-shop.com\/it\/product\/pack2-pboll-primo-tabs-methenolone-acetate\/","title":{"rendered":"PACK 2 &#8211; PBOLL \/ PRIMO TABS \/ methenolone acetate"},"content":{"rendered":"<p><\/p>\n<h3>Benefici dell&#8217;utilizzo di Primobolan<\/h3>\n<p><b>Preservazione della massa muscolare magra:<\/b> Uno dei principali vantaggi del Primobolan \u00e8 la sua capacit\u00e0 di preservare la massa muscolare magra. Per questo motivo, \u00e8 particolarmente efficace per le persone in deficit calorico o in fase di definizione, poich\u00e9 aiuta a mantenere i muscoli mentre si perde il grasso in eccesso. In questo modo, la massa muscolare che hai faticosamente guadagnato non andr\u00e0 persa durante i periodi di dimagrimento!<\/p>\n<p><b>Riduzione del grasso corporeo:<\/b> Il Primobolan \u00e8 un grande aiuto per chi desidera ottenere un fisico pi\u00f9 definito, in quanto migliora la combustione del grasso corporeo in eccesso. Aumenta il tasso metabolico, aiutando il corpo a utilizzare il grasso immagazzinato come fonte di energia in modo pi\u00f9 efficiente. Questo pu\u00f2 darti un aspetto pi\u00f9 scolpito e tonico.<\/p>\n<p><b>Impatto leggero sui livelli ormonali:<\/b> Un altro vantaggio importante del Primobolan \u00e8 il suo effetto pi\u00f9 debole sui livelli ormonali del corpo. Di conseguenza, \u00e8 meno probabile che causi gravi squilibri ormonali, rendendolo un&#8217;opzione pi\u00f9 sicura per molti utenti.<\/p>\n<p><b>Bassi effetti estrogenici:<\/b> Con il Primobolan, hai un rischio minimo di subire effetti collaterali legati agli estrogeni, come la ritenzione idrica o la ginecomastia (lo sviluppo del tessuto mammario negli uomini). Se sei sensibile agli effetti estrogenici, scegliere il Primobolan pu\u00f2 essere un ottimo modo per evitarli e, allo stesso tempo, ottenere tutti i benefici di uno steroide anabolizzante.<\/p>\n<p><b>Aumento della forza:<\/b> La ricerca ha dimostrato che l&#8217;uso di steroidi anabolizzanti come il Primobolan pu\u00f2 contribuire a costruire muscoli pi\u00f9 forti e a migliorare le prestazioni complessive. Grazie a questo aumento di forza, puoi intensificare i tuoi allenamenti e renderli pi\u00f9 efficaci, portando potenzialmente a guadagni muscolari pi\u00f9 soddisfacenti e a miglioramenti della forma fisica.<\/p>\n<p><b>Versatilit\u00e0:<\/b> Dato che il Primobolan \u00e8 molto versatile, puoi usarlo efficacemente sia nei cicli di &#8220;cutting&#8221; (definizione) che di &#8220;bulking&#8221; (massa). Durante i cicli di definizione, \u00e8 ottimo per preservare la massa muscolare e favorire la perdita di grasso. Nei cicli di massa, aiuta a costruire muscoli magri senza un&#8217;eccessiva ritenzione idrica o un aumento di grasso.<\/p>\n<p><b>Recupero migliorato:<\/b> Un altro beneficio significativo del Primobolan \u00e8 la sua capacit\u00e0 di accelerare il recupero muscolare dopo una sessione di allenamento. Di conseguenza, puoi allenarti pi\u00f9 spesso e con maggiore intensit\u00e0, perch\u00e9 i tuoi muscoli recuperano pi\u00f9 velocemente dallo stress e dai danni. Grazie a tempi di recupero pi\u00f9 brevi, puoi ottenere migliori prestazioni complessive e un progresso continuo nelle tue routine di allenamento.<\/p>\n<h3>Dosaggio raccomandato<\/h3>\n<p><b>Uomini<\/b><\/p>\n<ul>\n<li><b>Principianti:<\/b> 200-300 mg a settimana<\/li>\n<li><b>Culturisti avanzati:<\/b> 400-600 mg a settimana<\/li>\n<\/ul>\n<p><b>Donne<\/b><\/p>\n<ul>\n<li><b>Tutti i livelli:<\/b> 50-100 mg a settimana<\/li>\n<\/ul>\n<h3>Ciclo e PCT<\/h3>\n<ul>\n<li><b>Durata del ciclo:<\/b> Si consigliano 8-12 settimane.<\/li>\n<li><b>PCT (Terapia Post Ciclo):<\/b> Inizia la PCT 2-3 settimane dopo l&#8217;ultima dose di Primobolan. La durata tipica della PCT \u00e8 di 4 settimane, utilizzando <b>Clomid o Nolvadex<\/b>.<\/li>\n<li><b>Dosaggio raccomandato per la PCT:<\/b> <b>Clomid<\/b> 50 mg al giorno o <b>Nolvadex<\/b> 20 mg al giorno.<\/li>\n<\/ul>\n<h3>Steroidi correlati che si abbinano bene a Primobolan<\/h3>\n<ul>\n<li>Testosterone Enantato<\/li>\n<li>Anavar<\/li>\n<li>Trenbolone<\/li>\n<\/ul>\n<h3>Effetti collaterali<\/h3>\n<p>I potenziali effetti collaterali includono:<\/p>\n<ul>\n<li><b>Cambiamenti della libido:<\/b> Monitora eventuali fluttuazioni del desiderio sessuale.<\/li>\n<li><b>Caduta dei capelli:<\/b> Pu\u00f2 verificarsi in individui geneticamente predisposti.<\/li>\n<li><b>Affaticamento del fegato:<\/b> Sebbene sia meno epatotossico, controlla sempre la salute del fegato.<\/li>\n<li><b>Problemi di colesterolo:<\/b> Gestiscili con una dieta salutare per il cuore e controlli medici regolari.<\/li>\n<\/ul>\n<h3>Domande frequenti<\/h3>\n<p><b>Dopo quanto tempo sono visibili i risultati?<\/b> Di solito, 3-4 settimane per notare dei cambiamenti.<\/p>\n<p><b>Il Primobolan pu\u00f2 essere usato da solo?<\/b> S\u00ec, ma spesso viene combinato con altri prodotti per risultati ottimali.<\/p>\n<p><b>Qual \u00e8 l&#8217;et\u00e0 minima per l&#8217;uso?<\/b> Rigidamente 18 anni o pi\u00f9, e consulta sempre un professionista della salute prima di iniziare.<\/p>","protected":false},"excerpt":{"rendered":"<p>Benefici dell&#8217;utilizzo di Primobolan Preservazione della massa muscolare magra: Uno dei principali vantaggi del Primobolan \u00e8 la sua capacit\u00e0 di<\/p>\n","protected":false},"featured_media":10285,"comment_status":"open","ping_status":"closed","template":"","meta":[],"product_brand":[],"product_cat":[73,3474],"product_tag":[],"class_list":{"0":"post-10284","1":"product","2":"type-product","3":"status-publish","4":"has-post-thumbnail","6":"product_cat-ssteroides_orales","7":"product_cat-packs","9":"first","10":"instock","11":"sale","12":"shipping-taxable","13":"purchasable","14":"product-type-simple"},"yoast_head":"<!-- This site is optimized with the Yoast SEO Premium plugin v24.4 (Yoast SEO v27.3) - https:\/\/yoast.com\/product\/yoast-seo-premium-wordpress\/ -->\n<title>PACK 2 - PBOLL \/ PRIMO TABS \/ methenolone acetate - Steroidi in linea<\/title>\n<meta name=\"description\" content=\"Il Primobolan aiuta a preservare la massa muscolare magra favorendo la perdita di grasso, migliorando la forza e il recupero con bassi effetti estrogenici.\" \/>\n<meta name=\"robots\" content=\"index, follow, max-snippet:-1, max-image-preview:large, max-video-preview:-1\" \/>\n<link rel=\"canonical\" href=\"https:\/\/iberoid-shop.com\/it\/product\/pack2-pboll-primo-tabs-methenolone-acetate\/\" \/>\n<meta property=\"og:locale\" content=\"it_IT\" \/>\n<meta property=\"og:type\" content=\"article\" \/>\n<meta property=\"og:title\" content=\"PACK 2 - PBOLL \/ PRIMO TABS \/ methenolone acetate\" \/>\n<meta property=\"og:description\" content=\"Il Primobolan aiuta a preservare la massa muscolare magra favorendo la perdita di grasso, migliorando la forza e il recupero con bassi effetti estrogenici.\" \/>\n<meta property=\"og:url\" content=\"https:\/\/iberoid-shop.com\/it\/product\/pack2-pboll-primo-tabs-methenolone-acetate\/\" \/>\n<meta property=\"og:site_name\" content=\"Steroidi in linea\" \/>\n<meta property=\"article:modified_time\" content=\"2026-02-02T16:39:43+00:00\" \/>\n<meta property=\"og:image\" content=\"https:\/\/iberoid-shop.com\/wp-content\/uploads\/2025\/08\/2PBOL-scaled.jpeg?v=1755157997\" \/>\n\t<meta property=\"og:image:width\" content=\"2260\" \/>\n\t<meta property=\"og:image:height\" content=\"2560\" \/>\n\t<meta property=\"og:image:type\" content=\"image\/jpeg\" \/>\n<meta name=\"twitter:card\" content=\"summary_large_image\" \/>\n<meta name=\"twitter:label1\" content=\"Prezzo\" \/>\n\t<meta name=\"twitter:data1\" content=\"&euro;45.00\" \/>\n\t<meta name=\"twitter:label2\" content=\"Disponibilit\u00e0\" \/>\n\t<meta name=\"twitter:data2\" content=\"In stock\" \/>\n<script type=\"application\/ld+json\" class=\"yoast-schema-graph\">{\"@context\":\"https:\\\/\\\/schema.org\",\"@graph\":[{\"@type\":\"WebPage\",\"@id\":\"https:\\\/\\\/iberoid-shop.com\\\/it\\\/product\\\/pack2-pboll-primo-tabs-methenolone-acetate\\\/\",\"url\":\"https:\\\/\\\/iberoid-shop.com\\\/it\\\/product\\\/pack2-pboll-primo-tabs-methenolone-acetate\\\/\",\"name\":\"PACK 2 - PBOLL \\\/ PRIMO TABS \\\/ methenolone acetate - Steroidi in linea\",\"isPartOf\":{\"@id\":\"https:\\\/\\\/iberoid-shop.com\\\/it\\\/#website\"},\"primaryImageOfPage\":{\"@id\":\"https:\\\/\\\/iberoid-shop.com\\\/it\\\/product\\\/pack2-pboll-primo-tabs-methenolone-acetate\\\/#primaryimage\"},\"image\":{\"@id\":\"https:\\\/\\\/iberoid-shop.com\\\/it\\\/product\\\/pack2-pboll-primo-tabs-methenolone-acetate\\\/#primaryimage\"},\"thumbnailUrl\":\"https:\\\/\\\/iberoid-shop.com\\\/wp-content\\\/uploads\\\/2025\\\/08\\\/2PBOL-scaled.jpeg?v=1755157997\",\"datePublished\":\"2025-08-14T07:51:09+00:00\",\"dateModified\":\"2026-02-02T16:39:43+00:00\",\"description\":\"Il Primobolan aiuta a preservare la massa muscolare magra favorendo la perdita di grasso, migliorando la forza e il recupero con bassi effetti estrogenici.\",\"breadcrumb\":{\"@id\":\"https:\\\/\\\/iberoid-shop.com\\\/it\\\/product\\\/pack2-pboll-primo-tabs-methenolone-acetate\\\/#breadcrumb\"},\"inLanguage\":\"it-IT\",\"potentialAction\":[{\"@type\":\"ReadAction\",\"target\":[[\"https:\\\/\\\/iberoid-shop.com\\\/it\\\/product\\\/pack2-pboll-primo-tabs-methenolone-acetate\\\/\"]]}]},{\"@type\":\"ImageObject\",\"inLanguage\":\"it-IT\",\"@id\":\"https:\\\/\\\/iberoid-shop.com\\\/it\\\/product\\\/pack2-pboll-primo-tabs-methenolone-acetate\\\/#primaryimage\",\"url\":\"https:\\\/\\\/iberoid-shop.com\\\/wp-content\\\/uploads\\\/2025\\\/08\\\/2PBOL-scaled.jpeg?v=1755157997\",\"contentUrl\":\"https:\\\/\\\/iberoid-shop.com\\\/wp-content\\\/uploads\\\/2025\\\/08\\\/2PBOL-scaled.jpeg?v=1755157997\",\"width\":2260,\"height\":2560},{\"@type\":\"BreadcrumbList\",\"@id\":\"https:\\\/\\\/iberoid-shop.com\\\/it\\\/product\\\/pack2-pboll-primo-tabs-methenolone-acetate\\\/#breadcrumb\",\"itemListElement\":[{\"@type\":\"ListItem\",\"position\":1,\"name\":\"Portada\",\"item\":\"https:\\\/\\\/iberoid-shop.com\\\/it\\\/\"},{\"@type\":\"ListItem\",\"position\":2,\"name\":\"Negozio\",\"item\":\"https:\\\/\\\/iberoid-shop.com\\\/it\\\/shop\\\/\"},{\"@type\":\"ListItem\",\"position\":3,\"name\":\"PACK 2 &#8211; PBOLL \\\/ PRIMO TABS \\\/ methenolone acetate\"}]},{\"@type\":\"WebSite\",\"@id\":\"https:\\\/\\\/iberoid-shop.com\\\/it\\\/#website\",\"url\":\"https:\\\/\\\/iberoid-shop.com\\\/it\\\/\",\"name\":\"Steroidi in linea\",\"description\":\"Acquista steroidi online oggi in Spagna e Portogallo. Abbiamo il miglior servizio clienti del settore e prodotti di altissima qualit\u00e0\",\"potentialAction\":[{\"@type\":\"SearchAction\",\"target\":{\"@type\":\"EntryPoint\",\"urlTemplate\":\"https:\\\/\\\/iberoid-shop.com\\\/it\\\/?s={search_term_string}\"},\"query-input\":{\"@type\":\"PropertyValueSpecification\",\"valueRequired\":true,\"valueName\":\"search_term_string\"}}],\"inLanguage\":\"it-IT\"}]}<\/script>\n<meta property=\"product:brand\" content=\"Mp-Pharm\" \/>\n<meta property=\"product:price:amount\" content=\"45.00\" \/>\n<meta property=\"product:price:currency\" content=\"EUR\" \/>\n<meta property=\"og:availability\" content=\"instock\" \/>\n<meta property=\"product:availability\" content=\"instock\" \/>\n<meta property=\"product:condition\" content=\"new\" \/>\n<!-- \/ Yoast SEO Premium plugin. -->","yoast_head_json":{"title":"PACK 2 - PBOLL \/ PRIMO TABS \/ methenolone acetate - Steroidi in linea","description":"Il Primobolan aiuta a preservare la massa muscolare magra favorendo la perdita di grasso, migliorando la forza e il recupero con bassi effetti estrogenici.","robots":{"index":"index","follow":"follow","max-snippet":"max-snippet:-1","max-image-preview":"max-image-preview:large","max-video-preview":"max-video-preview:-1"},"canonical":"https:\/\/iberoid-shop.com\/it\/product\/pack2-pboll-primo-tabs-methenolone-acetate\/","og_locale":"it_IT","og_type":"article","og_title":"PACK 2 - PBOLL \/ PRIMO TABS \/ methenolone acetate","og_description":"Il Primobolan aiuta a preservare la massa muscolare magra favorendo la perdita di grasso, migliorando la forza e il recupero con bassi effetti estrogenici.","og_url":"https:\/\/iberoid-shop.com\/it\/product\/pack2-pboll-primo-tabs-methenolone-acetate\/","og_site_name":"Steroidi in linea","article_modified_time":"2026-02-02T16:39:43+00:00","og_image":[{"width":2260,"height":2560,"url":"https:\/\/iberoid-shop.com\/wp-content\/uploads\/2025\/08\/2PBOL-scaled.jpeg?v=1755157997","type":"image\/jpeg"}],"twitter_card":"summary_large_image","twitter_misc":{"Prezzo":"&euro;45.00","Disponibilit\u00e0":"In stock"},"schema":{"@context":"https:\/\/schema.org","@graph":[{"@type":"WebPage","@id":"https:\/\/iberoid-shop.com\/it\/product\/pack2-pboll-primo-tabs-methenolone-acetate\/","url":"https:\/\/iberoid-shop.com\/it\/product\/pack2-pboll-primo-tabs-methenolone-acetate\/","name":"PACK 2 - PBOLL \/ PRIMO TABS \/ methenolone acetate - Steroidi in linea","isPartOf":{"@id":"https:\/\/iberoid-shop.com\/it\/#website"},"primaryImageOfPage":{"@id":"https:\/\/iberoid-shop.com\/it\/product\/pack2-pboll-primo-tabs-methenolone-acetate\/#primaryimage"},"image":{"@id":"https:\/\/iberoid-shop.com\/it\/product\/pack2-pboll-primo-tabs-methenolone-acetate\/#primaryimage"},"thumbnailUrl":"https:\/\/iberoid-shop.com\/wp-content\/uploads\/2025\/08\/2PBOL-scaled.jpeg?v=1755157997","datePublished":"2025-08-14T07:51:09+00:00","dateModified":"2026-02-02T16:39:43+00:00","description":"Il Primobolan aiuta a preservare la massa muscolare magra favorendo la perdita di grasso, migliorando la forza e il recupero con bassi effetti estrogenici.","breadcrumb":{"@id":"https:\/\/iberoid-shop.com\/it\/product\/pack2-pboll-primo-tabs-methenolone-acetate\/#breadcrumb"},"inLanguage":"it-IT","potentialAction":[{"@type":"ReadAction","target":[["https:\/\/iberoid-shop.com\/it\/product\/pack2-pboll-primo-tabs-methenolone-acetate\/"]]}]},{"@type":"ImageObject","inLanguage":"it-IT","@id":"https:\/\/iberoid-shop.com\/it\/product\/pack2-pboll-primo-tabs-methenolone-acetate\/#primaryimage","url":"https:\/\/iberoid-shop.com\/wp-content\/uploads\/2025\/08\/2PBOL-scaled.jpeg?v=1755157997","contentUrl":"https:\/\/iberoid-shop.com\/wp-content\/uploads\/2025\/08\/2PBOL-scaled.jpeg?v=1755157997","width":2260,"height":2560},{"@type":"BreadcrumbList","@id":"https:\/\/iberoid-shop.com\/it\/product\/pack2-pboll-primo-tabs-methenolone-acetate\/#breadcrumb","itemListElement":[{"@type":"ListItem","position":1,"name":"Portada","item":"https:\/\/iberoid-shop.com\/it\/"},{"@type":"ListItem","position":2,"name":"Negozio","item":"https:\/\/iberoid-shop.com\/it\/shop\/"},{"@type":"ListItem","position":3,"name":"PACK 2 &#8211; PBOLL \/ PRIMO TABS \/ methenolone acetate"}]},{"@type":"WebSite","@id":"https:\/\/iberoid-shop.com\/it\/#website","url":"https:\/\/iberoid-shop.com\/it\/","name":"Steroidi in linea","description":"Acquista steroidi online oggi in Spagna e Portogallo. Abbiamo il miglior servizio clienti del settore e prodotti di altissima qualit\u00e0","potentialAction":[{"@type":"SearchAction","target":{"@type":"EntryPoint","urlTemplate":"https:\/\/iberoid-shop.com\/it\/?s={search_term_string}"},"query-input":{"@type":"PropertyValueSpecification","valueRequired":true,"valueName":"search_term_string"}}],"inLanguage":"it-IT"}]},"product_brand":"Mp-Pharm","product_price_amount":"45.00","product_price_currency":"EUR","og_availability":"instock","product_availability":"instock","product_condition":"new"},"_links":{"self":[{"href":"https:\/\/iberoid-shop.com\/it\/wp-json\/wp\/v2\/product\/10284","targetHints":{"allow":["GET"]}}],"collection":[{"href":"https:\/\/iberoid-shop.com\/it\/wp-json\/wp\/v2\/product"}],"about":[{"href":"https:\/\/iberoid-shop.com\/it\/wp-json\/wp\/v2\/types\/product"}],"replies":[{"embeddable":true,"href":"https:\/\/iberoid-shop.com\/it\/wp-json\/wp\/v2\/comments?post=10284"}],"wp:featuredmedia":[{"embeddable":true,"href":"https:\/\/iberoid-shop.com\/it\/wp-json\/wp\/v2\/media\/10285"}],"wp:attachment":[{"href":"https:\/\/iberoid-shop.com\/it\/wp-json\/wp\/v2\/media?parent=10284"}],"wp:term":[{"taxonomy":"product_brand","embeddable":true,"href":"https:\/\/iberoid-shop.com\/it\/wp-json\/wp\/v2\/product_brand?post=10284"},{"taxonomy":"product_cat","embeddable":true,"href":"https:\/\/iberoid-shop.com\/it\/wp-json\/wp\/v2\/product_cat?post=10284"},{"taxonomy":"product_tag","embeddable":true,"href":"https:\/\/iberoid-shop.com\/it\/wp-json\/wp\/v2\/product_tag?post=10284"}],"curies":[{"name":"wp","href":"https:\/\/api.w.org\/{rel}","templated":true}]}}